{"id":69207,"date":"2025-03-20T07:14:30","date_gmt":"2025-03-20T07:14:30","guid":{"rendered":"https:\/\/aztex.ee\/?post_type=product&#038;p=69207"},"modified":"2026-03-27T14:59:31","modified_gmt":"2026-03-27T14:59:31","slug":"spilvena-sega-2-viena","status":"publish","type":"product","link":"https:\/\/aztex.ee\/lv\/pood\/bernu-pasaule\/spilvena-sega-2-viena\/","title":{"rendered":"Spilvena sega 2 vien\u0101"},"content":{"rendered":"<p><strong>B\u0113rnu spilvens un sega 2 vien\u0101 \u2013 ide\u0101ls komforts un praktiskums ikvien\u0101 situ\u0101cij\u0101<\/strong><\/p>\n<p><strong>Kompakts un vietu taupo\u0161s risin\u0101jums jebkurai videi<\/strong><\/p>\n<p>B\u0113rnu spilvens un sega 2 vien\u0101 ir ide\u0101ls risin\u0101jums b\u0113rniem, kuriem nepiecie\u0161ams komforts un siltums jebkur\u0101 situ\u0101cij\u0101. Kompaktais un viegli p\u0101rn\u0113s\u0101jamais dizains padara to par lielisku izv\u0113li m\u0101j\u0101m, ce\u013cojumiem vai b\u0113rnu gu\u013camistab\u0101m. Izcilais, vietu taupo\u0161ais dizains nodro\u0161ina, ka produkts lieliski iederas ar\u012b automa\u0161\u012bn\u0101, nodro\u0161inot b\u0113rniem siltumu un komfortu jebkur\u0101 laik\u0101, kad vi\u0146iem tas visvair\u0101k nepiecie\u0161ams. Nav svar\u012bgi, vai atrodaties m\u0101j\u0101s vai ce\u013c\u0101 \u2013 \u0161is 2 vien\u0101 risin\u0101jums nodro\u0161ina komfortablas br\u012bvdienas jebkur\u0101 viet\u0101.<\/p>\n<p><strong>Daudzpus\u012bgs un praktisks jebkur\u0101 situ\u0101cij\u0101<\/strong><\/p>\n<p>\u0160is daudzpus\u012bgais produkts ir piem\u0113rots jebkuram gad\u012bjumam, tostarp b\u0113rnu ikdienai. Neatkar\u012bgi no t\u0101, vai t\u0101 ir atp\u016bta m\u0101j\u0101s p\u0113c skolas vai ce\u013cojuma laik\u0101 \u2013 \u0161is produkts pied\u0101v\u0101 tie\u0161i to, kas nepiecie\u0161ams j\u016bsu b\u0113rnam jebkur\u0101 laik\u0101. Kompakts un viegli lietojams, tas ir lieliski piem\u0113rots ar\u012b kempingiem, atva\u013cin\u0101jumiem un pat braucieniem ar automa\u0161\u012bnu. \u0160is produkts nodro\u0161ina siltumu un komfortu b\u0113rniem visur, kur vi\u0146iem tas ir nepiecie\u0161ams.<\/p>\n<p><strong>Viegli lietojams un kopjams<\/strong><\/p>\n<p>2 vien\u0101 b\u0113rnu spilvens un sega ir izgatavoti no lab\u0101kajiem materi\u0101liem, lai nodro\u0161in\u0101tu ilgsto\u0161u iztur\u012bbu. Tas ir izveidots t\u0101, lai to b\u016btu viegli ne tikai lietot, bet ar\u012b uztur\u0113t. \u0122imen\u0113m ar b\u0113rniem, kur svar\u012bgs \u0101trums un vienk\u0101r\u0161\u012bba, \u0161is produkts pied\u0101v\u0101 lielisku komfortu un praktiskumu. Pateicoties vienk\u0101r\u0161ai kop\u0161anai, to var viegli mazg\u0101t, lai nodro\u0161in\u0101tu higi\u0113nu un svaigumu ikdienas lieto\u0161an\u0101.<\/p>\n<p><strong>Ide\u0101ls ce\u013cojumu biedrs un m\u0101jas papildin\u0101jums b\u0113rniem<\/strong><\/p>\n<p>\u0160is 2 vien\u0101 spilvens un sega ir ide\u0101ls ce\u013cabiedrs, jo tas ir viegls, kompakts un praktisks. \u0145emiet to vienm\u0113r l\u012bdzi, lai nodro\u0161in\u0101tu b\u0113rniem relaks\u0101ciju un siltumu jebkur\u0101 laik\u0101. M\u0101j\u0101s tas lieliski papildin\u0101s b\u0113rnu istabu, nodro\u0161inot nevainojamu komfortu katram lietot\u0101jam. Neatkar\u012bgi no t\u0101, vai ce\u013cojat vai atp\u016b\u0161aties m\u0101j\u0101s \u2013 spilvens un sega 2\u00a0vien\u0101 padar\u012bs katru mirkli v\u0113l pat\u012bkam\u0101ku, jo ir ide\u0101ls sabiedrotais ikvien\u0101 maz\u0101 piedz\u012bvojum\u0101.<\/p>\n","protected":false},"excerpt":{"rendered":"<ul>\n<li>Materi\u0101ls: Kora\u013c\u013cu vilna<\/li>\n<li>Izm\u0113rs: 40&#215;40 cm \u2013 atv\u0113rts 105&#215;155 cm<\/li>\n<li>Svars: 1,1 kg<\/li>\n<\/ul>\n","protected":false},"featured_media":69308,"comment_status":"open","ping_status":"closed","template":"","meta":[],"product_brand":[],"product_cat":[2217,2239],"product_tag":[],"class_list":{"0":"post-69207","1":"product","2":"type-product","3":"status-publish","4":"has-post-thumbnail","6":"product_cat-bernu-pasaule","7":"product_cat-bernu-segas","9":"first","10":"instock","11":"shipping-taxable","12":"purchasable","13":"product-type-variable"},"yoast_head":"<!-- This site is optimized with the Yoast SEO plugin v27.3 - https:\/\/yoast.com\/product\/yoast-seo-wordpress\/ -->\n<title>Spilvena sega 2 vien\u0101 | AZTEX<\/title>\n<meta name=\"description\" content=\"2 in 1 b\u0113rnu spilvens un sega ir kompakts, kvalitat\u012bvs un vietu taupo\u0161s risin\u0101jums, kas ir ide\u0101li piem\u0113rots atp\u016btai m\u0101j\u0101s vai ce\u013cojuma laik\u0101.\" \/>\n<meta name=\"robots\" content=\"index, follow, max-snippet:-1, max-image-preview:large, max-video-preview:-1\" \/>\n<link rel=\"canonical\" href=\"https:\/\/aztex.ee\/lv\/pood\/bernu-pasaule\/spilvena-sega-2-viena\/\" \/>\n<meta property=\"og:locale\" content=\"lv_LV\" \/>\n<meta property=\"og:type\" content=\"article\" \/>\n<meta property=\"og:title\" content=\"Spilvena sega 2 vien\u0101 | AZTEX\" \/>\n<meta property=\"og:description\" content=\"2 in 1 b\u0113rnu spilvens un sega ir kompakts, kvalitat\u012bvs un vietu taupo\u0161s risin\u0101jums, kas ir ide\u0101li piem\u0113rots atp\u016btai m\u0101j\u0101s vai ce\u013cojuma laik\u0101.\" \/>\n<meta property=\"og:url\" content=\"https:\/\/aztex.ee\/lv\/pood\/bernu-pasaule\/spilvena-sega-2-viena\/\" \/>\n<meta property=\"og:site_name\" content=\"AZTEX\" \/>\n<meta property=\"article:publisher\" content=\"https:\/\/www.facebook.com\/AztexEE\" \/>\n<meta property=\"article:modified_time\" content=\"2026-03-27T14:59:31+00:00\" \/>\n<meta property=\"og:image\" content=\"https:\/\/aztex.ee\/wp-content\/uploads\/2025\/03\/Padi-ja-tekk-2-in-1.jpg\" \/>\n\t<meta property=\"og:image:width\" content=\"800\" \/>\n\t<meta property=\"og:image:height\" content=\"800\" \/>\n\t<meta property=\"og:image:type\" content=\"image\/jpeg\" \/>\n<meta name=\"twitter:card\" content=\"summary_large_image\" \/>\n<meta name=\"twitter:label1\" content=\"Est. reading time\" \/>\n\t<meta name=\"twitter:data1\" content=\"2 minutes\" \/>\n<script type=\"application\/ld+json\" class=\"yoast-schema-graph\">{\"@context\":\"https:\\\/\\\/schema.org\",\"@graph\":[{\"@type\":[\"WebPage\",\"ItemPage\"],\"@id\":\"https:\\\/\\\/aztex.ee\\\/lv\\\/pood\\\/bernu-pasaule\\\/spilvena-sega-2-viena\\\/\",\"url\":\"https:\\\/\\\/aztex.ee\\\/lv\\\/pood\\\/bernu-pasaule\\\/spilvena-sega-2-viena\\\/\",\"name\":\"Spilvena sega 2 vien\u0101 | AZTEX\",\"isPartOf\":{\"@id\":\"https:\\\/\\\/aztex.ee\\\/lv\\\/#website\"},\"primaryImageOfPage\":{\"@id\":\"https:\\\/\\\/aztex.ee\\\/lv\\\/pood\\\/bernu-pasaule\\\/spilvena-sega-2-viena\\\/#primaryimage\"},\"image\":{\"@id\":\"https:\\\/\\\/aztex.ee\\\/lv\\\/pood\\\/bernu-pasaule\\\/spilvena-sega-2-viena\\\/#primaryimage\"},\"thumbnailUrl\":\"https:\\\/\\\/aztex.ee\\\/wp-content\\\/uploads\\\/2025\\\/03\\\/Padi-ja-tekk-2-in-1.jpg\",\"datePublished\":\"2025-03-20T07:14:30+00:00\",\"dateModified\":\"2026-03-27T14:59:31+00:00\",\"description\":\"2 in 1 b\u0113rnu spilvens un sega ir kompakts, kvalitat\u012bvs un vietu taupo\u0161s risin\u0101jums, kas ir ide\u0101li piem\u0113rots atp\u016btai m\u0101j\u0101s vai ce\u013cojuma laik\u0101.\",\"breadcrumb\":{\"@id\":\"https:\\\/\\\/aztex.ee\\\/lv\\\/pood\\\/bernu-pasaule\\\/spilvena-sega-2-viena\\\/#breadcrumb\"},\"inLanguage\":\"lv-LV\",\"potentialAction\":[{\"@type\":\"ReadAction\",\"target\":[\"https:\\\/\\\/aztex.ee\\\/lv\\\/pood\\\/bernu-pasaule\\\/spilvena-sega-2-viena\\\/\"]}]},{\"@type\":\"ImageObject\",\"inLanguage\":\"lv-LV\",\"@id\":\"https:\\\/\\\/aztex.ee\\\/lv\\\/pood\\\/bernu-pasaule\\\/spilvena-sega-2-viena\\\/#primaryimage\",\"url\":\"https:\\\/\\\/aztex.ee\\\/wp-content\\\/uploads\\\/2025\\\/03\\\/Padi-ja-tekk-2-in-1.jpg\",\"contentUrl\":\"https:\\\/\\\/aztex.ee\\\/wp-content\\\/uploads\\\/2025\\\/03\\\/Padi-ja-tekk-2-in-1.jpg\",\"width\":800,\"height\":800,\"caption\":\"Padi ja tekk 2 in 1\"},{\"@type\":\"BreadcrumbList\",\"@id\":\"https:\\\/\\\/aztex.ee\\\/lv\\\/pood\\\/bernu-pasaule\\\/spilvena-sega-2-viena\\\/#breadcrumb\",\"itemListElement\":[{\"@type\":\"ListItem\",\"position\":1,\"name\":\"S\u0101kums\",\"item\":\"https:\\\/\\\/aztex.ee\\\/lv\\\/\"},{\"@type\":\"ListItem\",\"position\":2,\"name\":\"Veikals\",\"item\":\"https:\\\/\\\/aztex.ee\\\/lv\\\/veikals\\\/\"},{\"@type\":\"ListItem\",\"position\":3,\"name\":\"Spilvena sega 2 vien\u0101\"}]},{\"@type\":\"WebSite\",\"@id\":\"https:\\\/\\\/aztex.ee\\\/lv\\\/#website\",\"url\":\"https:\\\/\\\/aztex.ee\\\/lv\\\/\",\"name\":\"AZTEX\",\"description\":\"\",\"publisher\":{\"@id\":\"https:\\\/\\\/aztex.ee\\\/lv\\\/#organization\"},\"potentialAction\":[{\"@type\":\"SearchAction\",\"target\":{\"@type\":\"EntryPoint\",\"urlTemplate\":\"https:\\\/\\\/aztex.ee\\\/lv\\\/?s={search_term_string}\"},\"query-input\":{\"@type\":\"PropertyValueSpecification\",\"valueRequired\":true,\"valueName\":\"search_term_string\"}}],\"inLanguage\":\"lv-LV\"},{\"@type\":\"Organization\",\"@id\":\"https:\\\/\\\/aztex.ee\\\/lv\\\/#organization\",\"name\":\"AZTEX\",\"url\":\"https:\\\/\\\/aztex.ee\\\/lv\\\/\",\"logo\":{\"@type\":\"ImageObject\",\"inLanguage\":\"lv-LV\",\"@id\":\"https:\\\/\\\/aztex.ee\\\/lv\\\/#\\\/schema\\\/logo\\\/image\\\/\",\"url\":\"https:\\\/\\\/aztex.ee\\\/wp-content\\\/uploads\\\/2026\\\/01\\\/AZTEX.png\",\"contentUrl\":\"https:\\\/\\\/aztex.ee\\\/wp-content\\\/uploads\\\/2026\\\/01\\\/AZTEX.png\",\"width\":500,\"height\":500,\"caption\":\"AZTEX\"},\"image\":{\"@id\":\"https:\\\/\\\/aztex.ee\\\/lv\\\/#\\\/schema\\\/logo\\\/image\\\/\"},\"sameAs\":[\"https:\\\/\\\/www.facebook.com\\\/AztexEE\",\"https:\\\/\\\/www.instagram.com\\\/aztexeesti\\\/\",\"https:\\\/\\\/www.youtube.com\\\/@AZTEXEE\",\"https:\\\/\\\/www.pinterest.com\\\/aztex_eesti\\\/\",\"https:\\\/\\\/www.tiktok.com\\\/@aztexeesti\",\"https:\\\/\\\/www.trustpilot.com\\\/review\\\/aztex.ee\",\"https:\\\/\\\/www.linkedin.com\\\/company\\\/aztex-ee\\\/\",\"https:\\\/\\\/www.wikidata.org\\\/wiki\\\/Q137560182\"]}]}<\/script>\n<!-- \/ Yoast SEO plugin. -->","yoast_head_json":{"title":"Spilvena sega 2 vien\u0101 | AZTEX","description":"2 in 1 b\u0113rnu spilvens un sega ir kompakts, kvalitat\u012bvs un vietu taupo\u0161s risin\u0101jums, kas ir ide\u0101li piem\u0113rots atp\u016btai m\u0101j\u0101s vai ce\u013cojuma laik\u0101.","robots":{"index":"index","follow":"follow","max-snippet":"max-snippet:-1","max-image-preview":"max-image-preview:large","max-video-preview":"max-video-preview:-1"},"canonical":"https:\/\/aztex.ee\/lv\/pood\/bernu-pasaule\/spilvena-sega-2-viena\/","og_locale":"lv_LV","og_type":"article","og_title":"Spilvena sega 2 vien\u0101 | AZTEX","og_description":"2 in 1 b\u0113rnu spilvens un sega ir kompakts, kvalitat\u012bvs un vietu taupo\u0161s risin\u0101jums, kas ir ide\u0101li piem\u0113rots atp\u016btai m\u0101j\u0101s vai ce\u013cojuma laik\u0101.","og_url":"https:\/\/aztex.ee\/lv\/pood\/bernu-pasaule\/spilvena-sega-2-viena\/","og_site_name":"AZTEX","article_publisher":"https:\/\/www.facebook.com\/AztexEE","article_modified_time":"2026-03-27T14:59:31+00:00","og_image":[{"width":800,"height":800,"url":"https:\/\/aztex.ee\/wp-content\/uploads\/2025\/03\/Padi-ja-tekk-2-in-1.jpg","type":"image\/jpeg"}],"twitter_card":"summary_large_image","twitter_misc":{"Est. reading time":"2 minutes"},"schema":{"@context":"https:\/\/schema.org","@graph":[{"@type":["WebPage","ItemPage"],"@id":"https:\/\/aztex.ee\/lv\/pood\/bernu-pasaule\/spilvena-sega-2-viena\/","url":"https:\/\/aztex.ee\/lv\/pood\/bernu-pasaule\/spilvena-sega-2-viena\/","name":"Spilvena sega 2 vien\u0101 | AZTEX","isPartOf":{"@id":"https:\/\/aztex.ee\/lv\/#website"},"primaryImageOfPage":{"@id":"https:\/\/aztex.ee\/lv\/pood\/bernu-pasaule\/spilvena-sega-2-viena\/#primaryimage"},"image":{"@id":"https:\/\/aztex.ee\/lv\/pood\/bernu-pasaule\/spilvena-sega-2-viena\/#primaryimage"},"thumbnailUrl":"https:\/\/aztex.ee\/wp-content\/uploads\/2025\/03\/Padi-ja-tekk-2-in-1.jpg","datePublished":"2025-03-20T07:14:30+00:00","dateModified":"2026-03-27T14:59:31+00:00","description":"2 in 1 b\u0113rnu spilvens un sega ir kompakts, kvalitat\u012bvs un vietu taupo\u0161s risin\u0101jums, kas ir ide\u0101li piem\u0113rots atp\u016btai m\u0101j\u0101s vai ce\u013cojuma laik\u0101.","breadcrumb":{"@id":"https:\/\/aztex.ee\/lv\/pood\/bernu-pasaule\/spilvena-sega-2-viena\/#breadcrumb"},"inLanguage":"lv-LV","potentialAction":[{"@type":"ReadAction","target":["https:\/\/aztex.ee\/lv\/pood\/bernu-pasaule\/spilvena-sega-2-viena\/"]}]},{"@type":"ImageObject","inLanguage":"lv-LV","@id":"https:\/\/aztex.ee\/lv\/pood\/bernu-pasaule\/spilvena-sega-2-viena\/#primaryimage","url":"https:\/\/aztex.ee\/wp-content\/uploads\/2025\/03\/Padi-ja-tekk-2-in-1.jpg","contentUrl":"https:\/\/aztex.ee\/wp-content\/uploads\/2025\/03\/Padi-ja-tekk-2-in-1.jpg","width":800,"height":800,"caption":"Padi ja tekk 2 in 1"},{"@type":"BreadcrumbList","@id":"https:\/\/aztex.ee\/lv\/pood\/bernu-pasaule\/spilvena-sega-2-viena\/#breadcrumb","itemListElement":[{"@type":"ListItem","position":1,"name":"S\u0101kums","item":"https:\/\/aztex.ee\/lv\/"},{"@type":"ListItem","position":2,"name":"Veikals","item":"https:\/\/aztex.ee\/lv\/veikals\/"},{"@type":"ListItem","position":3,"name":"Spilvena sega 2 vien\u0101"}]},{"@type":"WebSite","@id":"https:\/\/aztex.ee\/lv\/#website","url":"https:\/\/aztex.ee\/lv\/","name":"AZTEX","description":"","publisher":{"@id":"https:\/\/aztex.ee\/lv\/#organization"},"potentialAction":[{"@type":"SearchAction","target":{"@type":"EntryPoint","urlTemplate":"https:\/\/aztex.ee\/lv\/?s={search_term_string}"},"query-input":{"@type":"PropertyValueSpecification","valueRequired":true,"valueName":"search_term_string"}}],"inLanguage":"lv-LV"},{"@type":"Organization","@id":"https:\/\/aztex.ee\/lv\/#organization","name":"AZTEX","url":"https:\/\/aztex.ee\/lv\/","logo":{"@type":"ImageObject","inLanguage":"lv-LV","@id":"https:\/\/aztex.ee\/lv\/#\/schema\/logo\/image\/","url":"https:\/\/aztex.ee\/wp-content\/uploads\/2026\/01\/AZTEX.png","contentUrl":"https:\/\/aztex.ee\/wp-content\/uploads\/2026\/01\/AZTEX.png","width":500,"height":500,"caption":"AZTEX"},"image":{"@id":"https:\/\/aztex.ee\/lv\/#\/schema\/logo\/image\/"},"sameAs":["https:\/\/www.facebook.com\/AztexEE","https:\/\/www.instagram.com\/aztexeesti\/","https:\/\/www.youtube.com\/@AZTEXEE","https:\/\/www.pinterest.com\/aztex_eesti\/","https:\/\/www.tiktok.com\/@aztexeesti","https:\/\/www.trustpilot.com\/review\/aztex.ee","https:\/\/www.linkedin.com\/company\/aztex-ee\/","https:\/\/www.wikidata.org\/wiki\/Q137560182"]}]}},"_links":{"self":[{"href":"https:\/\/aztex.ee\/lv\/wp-json\/wp\/v2\/product\/69207","targetHints":{"allow":["GET"]}}],"collection":[{"href":"https:\/\/aztex.ee\/lv\/wp-json\/wp\/v2\/product"}],"about":[{"href":"https:\/\/aztex.ee\/lv\/wp-json\/wp\/v2\/types\/product"}],"replies":[{"embeddable":true,"href":"https:\/\/aztex.ee\/lv\/wp-json\/wp\/v2\/comments?post=69207"}],"version-history":[{"count":0,"href":"https:\/\/aztex.ee\/lv\/wp-json\/wp\/v2\/product\/69207\/revisions"}],"wp:featuredmedia":[{"embeddable":true,"href":"https:\/\/aztex.ee\/lv\/wp-json\/wp\/v2\/media\/69308"}],"wp:attachment":[{"href":"https:\/\/aztex.ee\/lv\/wp-json\/wp\/v2\/media?parent=69207"}],"wp:term":[{"taxonomy":"product_brand","embeddable":true,"href":"https:\/\/aztex.ee\/lv\/wp-json\/wp\/v2\/product_brand?post=69207"},{"taxonomy":"product_cat","embeddable":true,"href":"https:\/\/aztex.ee\/lv\/wp-json\/wp\/v2\/product_cat?post=69207"},{"taxonomy":"product_tag","embeddable":true,"href":"https:\/\/aztex.ee\/lv\/wp-json\/wp\/v2\/product_tag?post=69207"}],"curies":[{"name":"wp","href":"https:\/\/api.w.org\/{rel}","templated":true}]}}