{"id":68860,"date":"2025-03-19T15:50:35","date_gmt":"2025-03-19T15:50:35","guid":{"rendered":"https:\/\/aztex.ee\/pood\/uncategorized\/laste-voodipesukomplekt\/"},"modified":"2026-03-08T15:03:16","modified_gmt":"2026-03-08T15:03:16","slug":"bernu-gultas-velas-komplekts","status":"publish","type":"product","link":"https:\/\/aztex.ee\/lv\/pood\/bernu-pasaule\/bernu-gultas-velas-komplekts\/","title":{"rendered":"B\u0113rnu gultas ve\u013cas komplekts"},"content":{"rendered":"<p><strong>B\u0113rnu gultas ve\u013cas komplekts &#8211; maigums un prieks katr\u0101 sapn\u012b<\/strong><\/p>\n<p><strong>100% kokvilna &#8211; dabiski m\u012bksta un elpojo\u0161a<\/strong><\/p>\n<p>B\u0113rna miegs ir \u013coti svar\u012bgs izaugsmei un atp\u016btai. Lai nodro\u0161in\u0101tu \u0113rtu un mier\u012bgu nakti, \u0161\u012b gultas ve\u013ca ir izgatavota no 100% elpojo\u0161as un m\u012bkstas kokvilnas. Kokvilnas audums labi uzs\u016bc mitrumu, pal\u012bdz organismam uztur\u0113t optim\u0101lu temperat\u016bru un ir \u0101dai draudz\u012bgs pat jut\u012bgai \u0101dai. Tas nodro\u0161ina pat\u012bkamu un dro\u0161u miegu visu gadu. Tas saglab\u0101 v\u0113sumu vasar\u0101 un siltu ziem\u0101. Turkl\u0101t gultasve\u013ca ir viegla un smalka, sniedzot b\u0113rnam m\u0101j\u012bgu un maigu saj\u016btu, kas pal\u012bdz atsl\u0101bin\u0101ties un \u0101tr\u0101k aizmigt.<\/p>\n<p><strong>Rota\u013c\u012bgi raksti dz\u012bvespriec\u012bgai telpai<\/strong><\/p>\n<p>B\u0113rni atkl\u0101j pasauli caur rota\u013c\u0101m, kr\u0101s\u0101m un form\u0101m. \u0160im gultas ve\u013cas komplektam ir jaukas un jautras apdrukas, kas padara gu\u013camistabu silt\u0101ku un pievilc\u012bg\u0101ku. Ir da\u017e\u0101di dizaini, no kuriem izv\u0113l\u0113ties, lai nodro\u0161in\u0101tu katram b\u0113rnam sev t\u012bkamu gul\u0113\u0161anas vietu. Jautrie raksti nav tikai dekorat\u012bvi \u2013 tie veicina ar\u012b b\u0113rna izt\u0113les att\u012bst\u012bbu, p\u0101rv\u0113r\u0161ot gulti\u0146u ne tikai par gu\u013camvietu, bet ar\u012b par rado\u0161u vidi, kur var s\u0101kties n\u0101kamais piedz\u012bvojums.<\/p>\n<p><strong>Komforts un praktiskums ikdienas lieto\u0161anai<\/strong><\/p>\n<p>Papildus skaistajam izskatam \u0161is gultas ve\u013cas komplekts ir ar\u012b praktisks un iztur\u012bgs. T\u0101 k\u0101 b\u0113rnu gultasve\u013ca ir bie\u017ei j\u0101mazg\u0101, komplekts ir izgatavots no viegli kopjama materi\u0101la \u2013 tas ir mazg\u0101jams ma\u0161\u012bn\u0101, \u0101tri \u017e\u016bst un saglab\u0101 kr\u0101su un maigumu ar\u012b p\u0113c atk\u0101rtotas mazg\u0101\u0161anas. Kokvilnas audums ir iztur\u012bgs un nodilumiztur\u012bgs, t\u0101p\u0113c tas ilgi saglab\u0101jas skaists un iztur akt\u012bvu lieto\u0161anu. Audums mazg\u0101\u0161anas laik\u0101 nezaud\u0113 formu un nek\u013c\u016bst raupj\u0161, vienm\u0113r saglab\u0101jot pat\u012bkamu maigumu.<\/p>\n<p><strong>Piem\u0113rots katrai b\u0113rnu istabai \u2013 pla\u0161a kr\u0101su un rakstu gamma<\/strong><\/p>\n<p>B\u0113rnu gultas ve\u013cas komplekts ir pieejams vair\u0101k\u0101s da\u017e\u0101d\u0101s kr\u0101s\u0101s un rakstos, lai ieder\u0113tos ikvien\u0101 b\u0113rna istab\u0101. Neatkar\u012bgi no t\u0101, vai telpa ir minim\u0101lisma vai ko\u0161u kr\u0101su pilna \u2013 \u0161is komplekts pie\u0161\u0137ir m\u0101j\u012bgumu un rada pat\u012bkamu atmosf\u0113ru, kur\u0101 b\u0113rns j\u016btas dro\u0161i un \u0113rti.<\/p>\n<p><strong>Kokvilnas b\u0113rnu gultas ve\u013cas komplekts &#8211; sap\u0146u piepild\u012b\u0161an\u0101s s\u0101kums<\/strong><\/p>\n<p>Labs miegs ir b\u016btisks b\u0113rna labsaj\u016btai un att\u012bst\u012bbai. M\u012bksts, elpojo\u0161s un jauki veidots gultas ve\u013cas komplekts padar\u012bs gul\u0113tie\u0161anas laiku par apsveicamu br\u012bdi katru nakti un veicin\u0101s mier\u012bgu un mier\u012bgu miegu.<\/p>\n","protected":false},"excerpt":{"rendered":"<ul>\n<li>Materi\u0101ls: 100% Kokvilna<\/li>\n<li>Segas p\u0101rvalka: 120&#215;150 cm<\/li>\n<li>Matra\u010da p\u0101rvalks: 60&#215;135 cm<\/li>\n<li>Spilvendr\u0101nu: 30&#215;50 cm<\/li>\n<\/ul>\n","protected":false},"featured_media":68015,"comment_status":"open","ping_status":"closed","template":"","meta":[],"product_brand":[],"product_cat":[2261,2217],"product_tag":[],"class_list":{"0":"post-68860","1":"product","2":"type-product","3":"status-publish","4":"has-post-thumbnail","6":"product_cat-bernu-gultas-vela","7":"product_cat-bernu-pasaule","9":"first","10":"instock","11":"shipping-taxable","12":"purchasable","13":"product-type-variable"},"yoast_head":"<!-- This site is optimized with the Yoast SEO plugin v27.3 - https:\/\/yoast.com\/product\/yoast-seo-wordpress\/ -->\n<title>B\u0113rnu gultas ve\u013cas komplekts | AZTEX<\/title>\n<meta name=\"description\" content=\"\u0160is kokvilnas b\u0113rnu gultas ve\u013cas komplekts ir m\u012bksts, elpojo\u0161s un \u0101dai draudz\u012bgs. Jauki raksti, viegla kop\u0161ana un iztur\u012bga kvalit\u0101te nodro\u0161ina mier\u012bgu miegu\" \/>\n<meta name=\"robots\" content=\"index, follow, max-snippet:-1, max-image-preview:large, max-video-preview:-1\" \/>\n<link rel=\"canonical\" href=\"https:\/\/aztex.ee\/lv\/pood\/bernu-pasaule\/bernu-gultas-velas-komplekts\/\" \/>\n<meta property=\"og:locale\" content=\"lv_LV\" \/>\n<meta property=\"og:type\" content=\"article\" \/>\n<meta property=\"og:title\" content=\"B\u0113rnu gultas ve\u013cas komplekts | AZTEX\" \/>\n<meta property=\"og:description\" content=\"\u0160is kokvilnas b\u0113rnu gultas ve\u013cas komplekts ir m\u012bksts, elpojo\u0161s un \u0101dai draudz\u012bgs. Jauki raksti, viegla kop\u0161ana un iztur\u012bga kvalit\u0101te nodro\u0161ina mier\u012bgu miegu\" \/>\n<meta property=\"og:url\" content=\"https:\/\/aztex.ee\/lv\/pood\/bernu-pasaule\/bernu-gultas-velas-komplekts\/\" \/>\n<meta property=\"og:site_name\" content=\"AZTEX\" \/>\n<meta property=\"article:publisher\" content=\"https:\/\/www.facebook.com\/AztexEE\" \/>\n<meta property=\"article:modified_time\" content=\"2026-03-08T15:03:16+00:00\" \/>\n<meta property=\"og:image\" content=\"https:\/\/aztex.ee\/wp-content\/uploads\/2025\/03\/Laste-voodipesukomplekt-Kosmos-1.jpg\" \/>\n\t<meta property=\"og:image:width\" content=\"800\" \/>\n\t<meta property=\"og:image:height\" content=\"800\" \/>\n\t<meta property=\"og:image:type\" content=\"image\/jpeg\" \/>\n<meta name=\"twitter:card\" content=\"summary_large_image\" \/>\n<meta name=\"twitter:label1\" content=\"Est. reading time\" \/>\n\t<meta name=\"twitter:data1\" content=\"2 minutes\" \/>\n<script type=\"application\/ld+json\" class=\"yoast-schema-graph\">{\"@context\":\"https:\\\/\\\/schema.org\",\"@graph\":[{\"@type\":[\"WebPage\",\"ItemPage\"],\"@id\":\"https:\\\/\\\/aztex.ee\\\/lv\\\/pood\\\/bernu-pasaule\\\/bernu-gultas-velas-komplekts\\\/\",\"url\":\"https:\\\/\\\/aztex.ee\\\/lv\\\/pood\\\/bernu-pasaule\\\/bernu-gultas-velas-komplekts\\\/\",\"name\":\"B\u0113rnu gultas ve\u013cas komplekts | AZTEX\",\"isPartOf\":{\"@id\":\"https:\\\/\\\/aztex.ee\\\/lv\\\/#website\"},\"primaryImageOfPage\":{\"@id\":\"https:\\\/\\\/aztex.ee\\\/lv\\\/pood\\\/bernu-pasaule\\\/bernu-gultas-velas-komplekts\\\/#primaryimage\"},\"image\":{\"@id\":\"https:\\\/\\\/aztex.ee\\\/lv\\\/pood\\\/bernu-pasaule\\\/bernu-gultas-velas-komplekts\\\/#primaryimage\"},\"thumbnailUrl\":\"https:\\\/\\\/aztex.ee\\\/wp-content\\\/uploads\\\/2025\\\/03\\\/Laste-voodipesukomplekt-Kosmos-1.jpg\",\"datePublished\":\"2025-03-19T15:50:35+00:00\",\"dateModified\":\"2026-03-08T15:03:16+00:00\",\"description\":\"\u0160is kokvilnas b\u0113rnu gultas ve\u013cas komplekts ir m\u012bksts, elpojo\u0161s un \u0101dai draudz\u012bgs. Jauki raksti, viegla kop\u0161ana un iztur\u012bga kvalit\u0101te nodro\u0161ina mier\u012bgu miegu\",\"breadcrumb\":{\"@id\":\"https:\\\/\\\/aztex.ee\\\/lv\\\/pood\\\/bernu-pasaule\\\/bernu-gultas-velas-komplekts\\\/#breadcrumb\"},\"inLanguage\":\"lv-LV\",\"potentialAction\":[{\"@type\":\"ReadAction\",\"target\":[\"https:\\\/\\\/aztex.ee\\\/lv\\\/pood\\\/bernu-pasaule\\\/bernu-gultas-velas-komplekts\\\/\"]}]},{\"@type\":\"ImageObject\",\"inLanguage\":\"lv-LV\",\"@id\":\"https:\\\/\\\/aztex.ee\\\/lv\\\/pood\\\/bernu-pasaule\\\/bernu-gultas-velas-komplekts\\\/#primaryimage\",\"url\":\"https:\\\/\\\/aztex.ee\\\/wp-content\\\/uploads\\\/2025\\\/03\\\/Laste-voodipesukomplekt-Kosmos-1.jpg\",\"contentUrl\":\"https:\\\/\\\/aztex.ee\\\/wp-content\\\/uploads\\\/2025\\\/03\\\/Laste-voodipesukomplekt-Kosmos-1.jpg\",\"width\":800,\"height\":800,\"caption\":\"Laste voodipesukomplekt\"},{\"@type\":\"BreadcrumbList\",\"@id\":\"https:\\\/\\\/aztex.ee\\\/lv\\\/pood\\\/bernu-pasaule\\\/bernu-gultas-velas-komplekts\\\/#breadcrumb\",\"itemListElement\":[{\"@type\":\"ListItem\",\"position\":1,\"name\":\"S\u0101kums\",\"item\":\"https:\\\/\\\/aztex.ee\\\/lv\\\/\"},{\"@type\":\"ListItem\",\"position\":2,\"name\":\"Veikals\",\"item\":\"https:\\\/\\\/aztex.ee\\\/lv\\\/veikals\\\/\"},{\"@type\":\"ListItem\",\"position\":3,\"name\":\"B\u0113rnu gultas ve\u013cas komplekts\"}]},{\"@type\":\"WebSite\",\"@id\":\"https:\\\/\\\/aztex.ee\\\/lv\\\/#website\",\"url\":\"https:\\\/\\\/aztex.ee\\\/lv\\\/\",\"name\":\"AZTEX\",\"description\":\"\",\"publisher\":{\"@id\":\"https:\\\/\\\/aztex.ee\\\/lv\\\/#organization\"},\"potentialAction\":[{\"@type\":\"SearchAction\",\"target\":{\"@type\":\"EntryPoint\",\"urlTemplate\":\"https:\\\/\\\/aztex.ee\\\/lv\\\/?s={search_term_string}\"},\"query-input\":{\"@type\":\"PropertyValueSpecification\",\"valueRequired\":true,\"valueName\":\"search_term_string\"}}],\"inLanguage\":\"lv-LV\"},{\"@type\":\"Organization\",\"@id\":\"https:\\\/\\\/aztex.ee\\\/lv\\\/#organization\",\"name\":\"AZTEX\",\"url\":\"https:\\\/\\\/aztex.ee\\\/lv\\\/\",\"logo\":{\"@type\":\"ImageObject\",\"inLanguage\":\"lv-LV\",\"@id\":\"https:\\\/\\\/aztex.ee\\\/lv\\\/#\\\/schema\\\/logo\\\/image\\\/\",\"url\":\"https:\\\/\\\/aztex.ee\\\/wp-content\\\/uploads\\\/2026\\\/01\\\/AZTEX.png\",\"contentUrl\":\"https:\\\/\\\/aztex.ee\\\/wp-content\\\/uploads\\\/2026\\\/01\\\/AZTEX.png\",\"width\":500,\"height\":500,\"caption\":\"AZTEX\"},\"image\":{\"@id\":\"https:\\\/\\\/aztex.ee\\\/lv\\\/#\\\/schema\\\/logo\\\/image\\\/\"},\"sameAs\":[\"https:\\\/\\\/www.facebook.com\\\/AztexEE\",\"https:\\\/\\\/www.instagram.com\\\/aztexeesti\\\/\",\"https:\\\/\\\/www.youtube.com\\\/@AZTEXEE\",\"https:\\\/\\\/www.pinterest.com\\\/aztex_eesti\\\/\",\"https:\\\/\\\/www.tiktok.com\\\/@aztexeesti\",\"https:\\\/\\\/www.trustpilot.com\\\/review\\\/aztex.ee\",\"https:\\\/\\\/www.linkedin.com\\\/company\\\/aztex-ee\\\/\",\"https:\\\/\\\/www.wikidata.org\\\/wiki\\\/Q137560182\"]}]}<\/script>\n<!-- \/ Yoast SEO plugin. -->","yoast_head_json":{"title":"B\u0113rnu gultas ve\u013cas komplekts | AZTEX","description":"\u0160is kokvilnas b\u0113rnu gultas ve\u013cas komplekts ir m\u012bksts, elpojo\u0161s un \u0101dai draudz\u012bgs. Jauki raksti, viegla kop\u0161ana un iztur\u012bga kvalit\u0101te nodro\u0161ina mier\u012bgu miegu","robots":{"index":"index","follow":"follow","max-snippet":"max-snippet:-1","max-image-preview":"max-image-preview:large","max-video-preview":"max-video-preview:-1"},"canonical":"https:\/\/aztex.ee\/lv\/pood\/bernu-pasaule\/bernu-gultas-velas-komplekts\/","og_locale":"lv_LV","og_type":"article","og_title":"B\u0113rnu gultas ve\u013cas komplekts | AZTEX","og_description":"\u0160is kokvilnas b\u0113rnu gultas ve\u013cas komplekts ir m\u012bksts, elpojo\u0161s un \u0101dai draudz\u012bgs. Jauki raksti, viegla kop\u0161ana un iztur\u012bga kvalit\u0101te nodro\u0161ina mier\u012bgu miegu","og_url":"https:\/\/aztex.ee\/lv\/pood\/bernu-pasaule\/bernu-gultas-velas-komplekts\/","og_site_name":"AZTEX","article_publisher":"https:\/\/www.facebook.com\/AztexEE","article_modified_time":"2026-03-08T15:03:16+00:00","og_image":[{"width":800,"height":800,"url":"https:\/\/aztex.ee\/wp-content\/uploads\/2025\/03\/Laste-voodipesukomplekt-Kosmos-1.jpg","type":"image\/jpeg"}],"twitter_card":"summary_large_image","twitter_misc":{"Est. reading time":"2 minutes"},"schema":{"@context":"https:\/\/schema.org","@graph":[{"@type":["WebPage","ItemPage"],"@id":"https:\/\/aztex.ee\/lv\/pood\/bernu-pasaule\/bernu-gultas-velas-komplekts\/","url":"https:\/\/aztex.ee\/lv\/pood\/bernu-pasaule\/bernu-gultas-velas-komplekts\/","name":"B\u0113rnu gultas ve\u013cas komplekts | AZTEX","isPartOf":{"@id":"https:\/\/aztex.ee\/lv\/#website"},"primaryImageOfPage":{"@id":"https:\/\/aztex.ee\/lv\/pood\/bernu-pasaule\/bernu-gultas-velas-komplekts\/#primaryimage"},"image":{"@id":"https:\/\/aztex.ee\/lv\/pood\/bernu-pasaule\/bernu-gultas-velas-komplekts\/#primaryimage"},"thumbnailUrl":"https:\/\/aztex.ee\/wp-content\/uploads\/2025\/03\/Laste-voodipesukomplekt-Kosmos-1.jpg","datePublished":"2025-03-19T15:50:35+00:00","dateModified":"2026-03-08T15:03:16+00:00","description":"\u0160is kokvilnas b\u0113rnu gultas ve\u013cas komplekts ir m\u012bksts, elpojo\u0161s un \u0101dai draudz\u012bgs. Jauki raksti, viegla kop\u0161ana un iztur\u012bga kvalit\u0101te nodro\u0161ina mier\u012bgu miegu","breadcrumb":{"@id":"https:\/\/aztex.ee\/lv\/pood\/bernu-pasaule\/bernu-gultas-velas-komplekts\/#breadcrumb"},"inLanguage":"lv-LV","potentialAction":[{"@type":"ReadAction","target":["https:\/\/aztex.ee\/lv\/pood\/bernu-pasaule\/bernu-gultas-velas-komplekts\/"]}]},{"@type":"ImageObject","inLanguage":"lv-LV","@id":"https:\/\/aztex.ee\/lv\/pood\/bernu-pasaule\/bernu-gultas-velas-komplekts\/#primaryimage","url":"https:\/\/aztex.ee\/wp-content\/uploads\/2025\/03\/Laste-voodipesukomplekt-Kosmos-1.jpg","contentUrl":"https:\/\/aztex.ee\/wp-content\/uploads\/2025\/03\/Laste-voodipesukomplekt-Kosmos-1.jpg","width":800,"height":800,"caption":"Laste voodipesukomplekt"},{"@type":"BreadcrumbList","@id":"https:\/\/aztex.ee\/lv\/pood\/bernu-pasaule\/bernu-gultas-velas-komplekts\/#breadcrumb","itemListElement":[{"@type":"ListItem","position":1,"name":"S\u0101kums","item":"https:\/\/aztex.ee\/lv\/"},{"@type":"ListItem","position":2,"name":"Veikals","item":"https:\/\/aztex.ee\/lv\/veikals\/"},{"@type":"ListItem","position":3,"name":"B\u0113rnu gultas ve\u013cas komplekts"}]},{"@type":"WebSite","@id":"https:\/\/aztex.ee\/lv\/#website","url":"https:\/\/aztex.ee\/lv\/","name":"AZTEX","description":"","publisher":{"@id":"https:\/\/aztex.ee\/lv\/#organization"},"potentialAction":[{"@type":"SearchAction","target":{"@type":"EntryPoint","urlTemplate":"https:\/\/aztex.ee\/lv\/?s={search_term_string}"},"query-input":{"@type":"PropertyValueSpecification","valueRequired":true,"valueName":"search_term_string"}}],"inLanguage":"lv-LV"},{"@type":"Organization","@id":"https:\/\/aztex.ee\/lv\/#organization","name":"AZTEX","url":"https:\/\/aztex.ee\/lv\/","logo":{"@type":"ImageObject","inLanguage":"lv-LV","@id":"https:\/\/aztex.ee\/lv\/#\/schema\/logo\/image\/","url":"https:\/\/aztex.ee\/wp-content\/uploads\/2026\/01\/AZTEX.png","contentUrl":"https:\/\/aztex.ee\/wp-content\/uploads\/2026\/01\/AZTEX.png","width":500,"height":500,"caption":"AZTEX"},"image":{"@id":"https:\/\/aztex.ee\/lv\/#\/schema\/logo\/image\/"},"sameAs":["https:\/\/www.facebook.com\/AztexEE","https:\/\/www.instagram.com\/aztexeesti\/","https:\/\/www.youtube.com\/@AZTEXEE","https:\/\/www.pinterest.com\/aztex_eesti\/","https:\/\/www.tiktok.com\/@aztexeesti","https:\/\/www.trustpilot.com\/review\/aztex.ee","https:\/\/www.linkedin.com\/company\/aztex-ee\/","https:\/\/www.wikidata.org\/wiki\/Q137560182"]}]}},"_links":{"self":[{"href":"https:\/\/aztex.ee\/lv\/wp-json\/wp\/v2\/product\/68860","targetHints":{"allow":["GET"]}}],"collection":[{"href":"https:\/\/aztex.ee\/lv\/wp-json\/wp\/v2\/product"}],"about":[{"href":"https:\/\/aztex.ee\/lv\/wp-json\/wp\/v2\/types\/product"}],"replies":[{"embeddable":true,"href":"https:\/\/aztex.ee\/lv\/wp-json\/wp\/v2\/comments?post=68860"}],"version-history":[{"count":0,"href":"https:\/\/aztex.ee\/lv\/wp-json\/wp\/v2\/product\/68860\/revisions"}],"wp:featuredmedia":[{"embeddable":true,"href":"https:\/\/aztex.ee\/lv\/wp-json\/wp\/v2\/media\/68015"}],"wp:attachment":[{"href":"https:\/\/aztex.ee\/lv\/wp-json\/wp\/v2\/media?parent=68860"}],"wp:term":[{"taxonomy":"product_brand","embeddable":true,"href":"https:\/\/aztex.ee\/lv\/wp-json\/wp\/v2\/product_brand?post=68860"},{"taxonomy":"product_cat","embeddable":true,"href":"https:\/\/aztex.ee\/lv\/wp-json\/wp\/v2\/product_cat?post=68860"},{"taxonomy":"product_tag","embeddable":true,"href":"https:\/\/aztex.ee\/lv\/wp-json\/wp\/v2\/product_tag?post=68860"}],"curies":[{"name":"wp","href":"https:\/\/api.w.org\/{rel}","templated":true}]}}