{"id":66584,"date":"2025-03-14T22:39:46","date_gmt":"2025-03-14T22:39:46","guid":{"rendered":"https:\/\/aztex.ee\/?post_type=product&#038;p=66584"},"modified":"2026-05-02T21:09:41","modified_gmt":"2026-05-02T21:09:41","slug":"raschel-sega-150x200-cm","status":"publish","type":"product","link":"https:\/\/aztex.ee\/lv\/pood\/segas-un-pledi\/raschel-sega-150x200-cm\/","title":{"rendered":"Raschel sega 150&#215;200 cm | 2 kg"},"content":{"rendered":"<p><strong>Eleganta un m\u012bksta Raschel sega &#8211; grezns komforts ik br\u012bdi<\/strong><\/p>\n<p>Atkl\u0101jiet perfektu l\u012bdzsvaru starp izsmalcin\u0101tu stilu un augst\u0101ko komfortu. \u0160\u012b 150&#215;200\u00a0cm Raschel sega ap\u0146em j\u016bs silt\u0101 maigum\u0101 un pie\u0161\u0137ir j\u016bsu m\u0101j\u0101m m\u016b\u017e\u012bgu eleganci. T\u0101 bag\u0101t\u012bg\u0101 tekst\u016bra un smalkais piesk\u0101riens rada pat\u012bkamu saj\u016btu, kas katru mirkli padara par pat\u012bkamu pieredzi.<\/p>\n<p><strong>Grezns m\u012bksts un m\u0101j\u012bgs<\/strong><\/p>\n<p>\u012apa\u0161i m\u012bkstais Raschel segas materi\u0101ls lutina \u0101du un aicina izbaud\u012bt siltumu un maigo piesk\u0101rienu. T\u0101 viegl\u0101, bet bag\u0101t\u012bgi p\u016bkain\u0101 strukt\u016bra rada iespaidu, ka b\u016btu iet\u012bts grezn\u0101 m\u0101kon\u012b. Izbaudot r\u012bta kafiju, vakar\u0101 atp\u016b\u0161oties uz d\u012bv\u0101na vai v\u0113s\u0101 nakt\u012b nepiecie\u0161ams papildus siltums \u2013 \u0161\u012b sega katru mirkli padar\u012bs v\u0113l \u0113rt\u0101ku.<\/p>\n<p><strong>Stil\u012bgs papildin\u0101jums jebkurai m\u0101jai<\/strong><\/p>\n<p>Papildus izcilajam komfortam \u0161\u012b sega ir ar\u012b skaists interjera dizaina elements. T\u0101 elegantais dizains un r\u016bp\u012bgi izstr\u0101d\u0101t\u0101s deta\u013cas pie\u0161\u0137ir telpai maigumu un m\u0101j\u012bgumu. Lieliski piem\u0113rots gan modernam, gan klasiskam interjeram, padarot j\u016bsu d\u012bv\u0101nu vai gultu v\u0113l pievilc\u012bg\u0101ku. Pievilc\u012bga un grezna &#8211; \u0161\u012b sega uzlabos jebkuras telpas atmosf\u0113ru un pie\u0161\u0137irs tai stilu.<\/p>\n<p><strong>Patiess prieks par katru mirkli<\/strong><\/p>\n<p>Raschel sega ir rad\u012bta, lai pied\u0101v\u0101tu komforta, siltuma un relaks\u0101cijas pilnus mirk\u013cus. Ietinieties t\u0101 maigum\u0101, aizmirstiet ikdienas k\u0146adu un izbaudiet piln\u012bgu mieru un labsaj\u016btu. Ide\u0101la d\u0101vana sev vai saviem m\u012b\u013cajiem \u2013 m\u016b\u017e\u012bga klasika, kas ienes ikdien\u0101 mazliet grezn\u012bbas un m\u0101j\u012bgu atmosf\u0113ru.<\/p>\n","protected":false},"excerpt":{"rendered":"<ul>\n<li>Materi\u0101ls: Poliesters<\/li>\n<li>Izm\u0113rs: 150&#215;200 cm \u00b13<\/li>\n<li>Svars: 2 kg<\/li>\n<\/ul>\n","protected":false},"featured_media":66931,"comment_status":"open","ping_status":"closed","template":"","meta":[],"product_brand":[],"product_cat":[3046,3064,1871],"product_tag":[],"class_list":{"0":"post-66584","1":"product","2":"type-product","3":"status-publish","4":"has-post-thumbnail","6":"product_cat-rasela-segas","7":"product_cat-rasela-segas-150x200-cm","8":"product_cat-segas-un-pledi","10":"first","11":"instock","12":"shipping-taxable","13":"purchasable","14":"product-type-variable"},"yoast_head":"<!-- This site is optimized with the Yoast SEO plugin v27.6 - https:\/\/yoast.com\/product\/yoast-seo-wordpress\/ -->\n<title>Divsl\u0101\u0146u m\u012bksta sega 150x200 cm | AZTEX<\/title>\n<meta name=\"description\" content=\"Grezna un m\u012bksta Raschel sega ienes eleganci, siltumu un komfortu jebkur\u0101 m\u0101j\u0101. M\u012bkst\u0101 tekst\u016bra un m\u016b\u017e\u012bgais stils papildina jebkuru telpu, ...\" \/>\n<meta name=\"robots\" content=\"index, follow, max-snippet:-1, max-image-preview:large, max-video-preview:-1\" \/>\n<link rel=\"canonical\" href=\"https:\/\/aztex.ee\/lv\/pood\/segas-un-pledi\/raschel-sega-150x200-cm\/\" \/>\n<meta property=\"og:locale\" content=\"lv_LV\" \/>\n<meta property=\"og:type\" content=\"article\" \/>\n<meta property=\"og:title\" content=\"Divsl\u0101\u0146u m\u012bksta sega 150x200 cm | AZTEX\" \/>\n<meta property=\"og:description\" content=\"Grezna un m\u012bksta Raschel sega ienes eleganci, siltumu un komfortu jebkur\u0101 m\u0101j\u0101. M\u012bkst\u0101 tekst\u016bra un m\u016b\u017e\u012bgais stils papildina jebkuru telpu, ...\" \/>\n<meta property=\"og:url\" content=\"https:\/\/aztex.ee\/lv\/pood\/segas-un-pledi\/raschel-sega-150x200-cm\/\" \/>\n<meta property=\"og:site_name\" content=\"AZTEX\" \/>\n<meta property=\"article:publisher\" content=\"https:\/\/www.facebook.com\/AztexEE\" \/>\n<meta property=\"article:modified_time\" content=\"2026-05-02T21:09:41+00:00\" \/>\n<meta property=\"og:image\" content=\"https:\/\/aztex.ee\/wp-content\/uploads\/2025\/03\/Raschel-tekk-150x200-cm.jpg\" \/>\n\t<meta property=\"og:image:width\" content=\"800\" \/>\n\t<meta property=\"og:image:height\" content=\"800\" \/>\n\t<meta property=\"og:image:type\" content=\"image\/jpeg\" \/>\n<meta name=\"twitter:card\" content=\"summary_large_image\" \/>\n<meta name=\"twitter:label1\" content=\"Est. reading time\" \/>\n\t<meta name=\"twitter:data1\" content=\"2 minutes\" \/>\n<script type=\"application\/ld+json\" class=\"yoast-schema-graph\">{\"@context\":\"https:\\\/\\\/schema.org\",\"@graph\":[{\"@type\":[\"WebPage\",\"ItemPage\"],\"@id\":\"https:\\\/\\\/aztex.ee\\\/lv\\\/pood\\\/segas-un-pledi\\\/raschel-sega-150x200-cm\\\/\",\"url\":\"https:\\\/\\\/aztex.ee\\\/lv\\\/pood\\\/segas-un-pledi\\\/raschel-sega-150x200-cm\\\/\",\"name\":\"Divsl\u0101\u0146u m\u012bksta sega 150x200 cm | AZTEX\",\"isPartOf\":{\"@id\":\"https:\\\/\\\/aztex.ee\\\/lv\\\/#website\"},\"primaryImageOfPage\":{\"@id\":\"https:\\\/\\\/aztex.ee\\\/lv\\\/pood\\\/segas-un-pledi\\\/raschel-sega-150x200-cm\\\/#primaryimage\"},\"image\":{\"@id\":\"https:\\\/\\\/aztex.ee\\\/lv\\\/pood\\\/segas-un-pledi\\\/raschel-sega-150x200-cm\\\/#primaryimage\"},\"thumbnailUrl\":\"https:\\\/\\\/aztex.ee\\\/wp-content\\\/uploads\\\/2025\\\/03\\\/Raschel-tekk-150x200-cm.jpg\",\"datePublished\":\"2025-03-14T22:39:46+00:00\",\"dateModified\":\"2026-05-02T21:09:41+00:00\",\"description\":\"Grezna un m\u012bksta Raschel sega ienes eleganci, siltumu un komfortu jebkur\u0101 m\u0101j\u0101. M\u012bkst\u0101 tekst\u016bra un m\u016b\u017e\u012bgais stils papildina jebkuru telpu, ...\",\"breadcrumb\":{\"@id\":\"https:\\\/\\\/aztex.ee\\\/lv\\\/pood\\\/segas-un-pledi\\\/raschel-sega-150x200-cm\\\/#breadcrumb\"},\"inLanguage\":\"lv-LV\",\"potentialAction\":[{\"@type\":\"ReadAction\",\"target\":[\"https:\\\/\\\/aztex.ee\\\/lv\\\/pood\\\/segas-un-pledi\\\/raschel-sega-150x200-cm\\\/\"]}]},{\"@type\":\"ImageObject\",\"inLanguage\":\"lv-LV\",\"@id\":\"https:\\\/\\\/aztex.ee\\\/lv\\\/pood\\\/segas-un-pledi\\\/raschel-sega-150x200-cm\\\/#primaryimage\",\"url\":\"https:\\\/\\\/aztex.ee\\\/wp-content\\\/uploads\\\/2025\\\/03\\\/Raschel-tekk-150x200-cm.jpg\",\"contentUrl\":\"https:\\\/\\\/aztex.ee\\\/wp-content\\\/uploads\\\/2025\\\/03\\\/Raschel-tekk-150x200-cm.jpg\",\"width\":800,\"height\":800,\"caption\":\"Raschel tekk 150x200 cm\"},{\"@type\":\"BreadcrumbList\",\"@id\":\"https:\\\/\\\/aztex.ee\\\/lv\\\/pood\\\/segas-un-pledi\\\/raschel-sega-150x200-cm\\\/#breadcrumb\",\"itemListElement\":[{\"@type\":\"ListItem\",\"position\":1,\"name\":\"S\u0101kums\",\"item\":\"https:\\\/\\\/aztex.ee\\\/lv\\\/\"},{\"@type\":\"ListItem\",\"position\":2,\"name\":\"Veikals\",\"item\":\"https:\\\/\\\/aztex.ee\\\/lv\\\/veikals\\\/\"},{\"@type\":\"ListItem\",\"position\":3,\"name\":\"Raschel sega 150&#215;200 cm | 2 kg\"}]},{\"@type\":\"WebSite\",\"@id\":\"https:\\\/\\\/aztex.ee\\\/lv\\\/#website\",\"url\":\"https:\\\/\\\/aztex.ee\\\/lv\\\/\",\"name\":\"AZTEX\",\"description\":\"\",\"publisher\":{\"@id\":\"https:\\\/\\\/aztex.ee\\\/lv\\\/#organization\"},\"potentialAction\":[{\"@type\":\"SearchAction\",\"target\":{\"@type\":\"EntryPoint\",\"urlTemplate\":\"https:\\\/\\\/aztex.ee\\\/lv\\\/?s={search_term_string}\"},\"query-input\":{\"@type\":\"PropertyValueSpecification\",\"valueRequired\":true,\"valueName\":\"search_term_string\"}}],\"inLanguage\":\"lv-LV\"},{\"@type\":\"Organization\",\"@id\":\"https:\\\/\\\/aztex.ee\\\/lv\\\/#organization\",\"name\":\"AZTEX\",\"url\":\"https:\\\/\\\/aztex.ee\\\/lv\\\/\",\"logo\":{\"@type\":\"ImageObject\",\"inLanguage\":\"lv-LV\",\"@id\":\"https:\\\/\\\/aztex.ee\\\/lv\\\/#\\\/schema\\\/logo\\\/image\\\/\",\"url\":\"https:\\\/\\\/aztex.ee\\\/wp-content\\\/uploads\\\/2026\\\/01\\\/AZTEX.png\",\"contentUrl\":\"https:\\\/\\\/aztex.ee\\\/wp-content\\\/uploads\\\/2026\\\/01\\\/AZTEX.png\",\"width\":500,\"height\":500,\"caption\":\"AZTEX\"},\"image\":{\"@id\":\"https:\\\/\\\/aztex.ee\\\/lv\\\/#\\\/schema\\\/logo\\\/image\\\/\"},\"sameAs\":[\"https:\\\/\\\/www.facebook.com\\\/AztexEE\",\"https:\\\/\\\/www.instagram.com\\\/aztexeesti\\\/\",\"https:\\\/\\\/www.youtube.com\\\/@AZTEXEE\",\"https:\\\/\\\/www.pinterest.com\\\/aztex_eesti\\\/\",\"https:\\\/\\\/www.tiktok.com\\\/@aztexeesti\",\"https:\\\/\\\/www.trustpilot.com\\\/review\\\/aztex.ee\",\"https:\\\/\\\/www.linkedin.com\\\/company\\\/aztex-ee\\\/\",\"https:\\\/\\\/www.wikidata.org\\\/wiki\\\/Q137560182\"]}]}<\/script>\n<!-- \/ Yoast SEO plugin. -->","yoast_head_json":{"title":"Divsl\u0101\u0146u m\u012bksta sega 150x200 cm | AZTEX","description":"Grezna un m\u012bksta Raschel sega ienes eleganci, siltumu un komfortu jebkur\u0101 m\u0101j\u0101. M\u012bkst\u0101 tekst\u016bra un m\u016b\u017e\u012bgais stils papildina jebkuru telpu, ...","robots":{"index":"index","follow":"follow","max-snippet":"max-snippet:-1","max-image-preview":"max-image-preview:large","max-video-preview":"max-video-preview:-1"},"canonical":"https:\/\/aztex.ee\/lv\/pood\/segas-un-pledi\/raschel-sega-150x200-cm\/","og_locale":"lv_LV","og_type":"article","og_title":"Divsl\u0101\u0146u m\u012bksta sega 150x200 cm | AZTEX","og_description":"Grezna un m\u012bksta Raschel sega ienes eleganci, siltumu un komfortu jebkur\u0101 m\u0101j\u0101. M\u012bkst\u0101 tekst\u016bra un m\u016b\u017e\u012bgais stils papildina jebkuru telpu, ...","og_url":"https:\/\/aztex.ee\/lv\/pood\/segas-un-pledi\/raschel-sega-150x200-cm\/","og_site_name":"AZTEX","article_publisher":"https:\/\/www.facebook.com\/AztexEE","article_modified_time":"2026-05-02T21:09:41+00:00","og_image":[{"width":800,"height":800,"url":"https:\/\/aztex.ee\/wp-content\/uploads\/2025\/03\/Raschel-tekk-150x200-cm.jpg","type":"image\/jpeg"}],"twitter_card":"summary_large_image","twitter_misc":{"Est. reading time":"2 minutes"},"schema":{"@context":"https:\/\/schema.org","@graph":[{"@type":["WebPage","ItemPage"],"@id":"https:\/\/aztex.ee\/lv\/pood\/segas-un-pledi\/raschel-sega-150x200-cm\/","url":"https:\/\/aztex.ee\/lv\/pood\/segas-un-pledi\/raschel-sega-150x200-cm\/","name":"Divsl\u0101\u0146u m\u012bksta sega 150x200 cm | AZTEX","isPartOf":{"@id":"https:\/\/aztex.ee\/lv\/#website"},"primaryImageOfPage":{"@id":"https:\/\/aztex.ee\/lv\/pood\/segas-un-pledi\/raschel-sega-150x200-cm\/#primaryimage"},"image":{"@id":"https:\/\/aztex.ee\/lv\/pood\/segas-un-pledi\/raschel-sega-150x200-cm\/#primaryimage"},"thumbnailUrl":"https:\/\/aztex.ee\/wp-content\/uploads\/2025\/03\/Raschel-tekk-150x200-cm.jpg","datePublished":"2025-03-14T22:39:46+00:00","dateModified":"2026-05-02T21:09:41+00:00","description":"Grezna un m\u012bksta Raschel sega ienes eleganci, siltumu un komfortu jebkur\u0101 m\u0101j\u0101. M\u012bkst\u0101 tekst\u016bra un m\u016b\u017e\u012bgais stils papildina jebkuru telpu, ...","breadcrumb":{"@id":"https:\/\/aztex.ee\/lv\/pood\/segas-un-pledi\/raschel-sega-150x200-cm\/#breadcrumb"},"inLanguage":"lv-LV","potentialAction":[{"@type":"ReadAction","target":["https:\/\/aztex.ee\/lv\/pood\/segas-un-pledi\/raschel-sega-150x200-cm\/"]}]},{"@type":"ImageObject","inLanguage":"lv-LV","@id":"https:\/\/aztex.ee\/lv\/pood\/segas-un-pledi\/raschel-sega-150x200-cm\/#primaryimage","url":"https:\/\/aztex.ee\/wp-content\/uploads\/2025\/03\/Raschel-tekk-150x200-cm.jpg","contentUrl":"https:\/\/aztex.ee\/wp-content\/uploads\/2025\/03\/Raschel-tekk-150x200-cm.jpg","width":800,"height":800,"caption":"Raschel tekk 150x200 cm"},{"@type":"BreadcrumbList","@id":"https:\/\/aztex.ee\/lv\/pood\/segas-un-pledi\/raschel-sega-150x200-cm\/#breadcrumb","itemListElement":[{"@type":"ListItem","position":1,"name":"S\u0101kums","item":"https:\/\/aztex.ee\/lv\/"},{"@type":"ListItem","position":2,"name":"Veikals","item":"https:\/\/aztex.ee\/lv\/veikals\/"},{"@type":"ListItem","position":3,"name":"Raschel sega 150&#215;200 cm | 2 kg"}]},{"@type":"WebSite","@id":"https:\/\/aztex.ee\/lv\/#website","url":"https:\/\/aztex.ee\/lv\/","name":"AZTEX","description":"","publisher":{"@id":"https:\/\/aztex.ee\/lv\/#organization"},"potentialAction":[{"@type":"SearchAction","target":{"@type":"EntryPoint","urlTemplate":"https:\/\/aztex.ee\/lv\/?s={search_term_string}"},"query-input":{"@type":"PropertyValueSpecification","valueRequired":true,"valueName":"search_term_string"}}],"inLanguage":"lv-LV"},{"@type":"Organization","@id":"https:\/\/aztex.ee\/lv\/#organization","name":"AZTEX","url":"https:\/\/aztex.ee\/lv\/","logo":{"@type":"ImageObject","inLanguage":"lv-LV","@id":"https:\/\/aztex.ee\/lv\/#\/schema\/logo\/image\/","url":"https:\/\/aztex.ee\/wp-content\/uploads\/2026\/01\/AZTEX.png","contentUrl":"https:\/\/aztex.ee\/wp-content\/uploads\/2026\/01\/AZTEX.png","width":500,"height":500,"caption":"AZTEX"},"image":{"@id":"https:\/\/aztex.ee\/lv\/#\/schema\/logo\/image\/"},"sameAs":["https:\/\/www.facebook.com\/AztexEE","https:\/\/www.instagram.com\/aztexeesti\/","https:\/\/www.youtube.com\/@AZTEXEE","https:\/\/www.pinterest.com\/aztex_eesti\/","https:\/\/www.tiktok.com\/@aztexeesti","https:\/\/www.trustpilot.com\/review\/aztex.ee","https:\/\/www.linkedin.com\/company\/aztex-ee\/","https:\/\/www.wikidata.org\/wiki\/Q137560182"]}]}},"_links":{"self":[{"href":"https:\/\/aztex.ee\/lv\/wp-json\/wp\/v2\/product\/66584","targetHints":{"allow":["GET"]}}],"collection":[{"href":"https:\/\/aztex.ee\/lv\/wp-json\/wp\/v2\/product"}],"about":[{"href":"https:\/\/aztex.ee\/lv\/wp-json\/wp\/v2\/types\/product"}],"replies":[{"embeddable":true,"href":"https:\/\/aztex.ee\/lv\/wp-json\/wp\/v2\/comments?post=66584"}],"version-history":[{"count":0,"href":"https:\/\/aztex.ee\/lv\/wp-json\/wp\/v2\/product\/66584\/revisions"}],"wp:featuredmedia":[{"embeddable":true,"href":"https:\/\/aztex.ee\/lv\/wp-json\/wp\/v2\/media\/66931"}],"wp:attachment":[{"href":"https:\/\/aztex.ee\/lv\/wp-json\/wp\/v2\/media?parent=66584"}],"wp:term":[{"taxonomy":"product_brand","embeddable":true,"href":"https:\/\/aztex.ee\/lv\/wp-json\/wp\/v2\/product_brand?post=66584"},{"taxonomy":"product_cat","embeddable":true,"href":"https:\/\/aztex.ee\/lv\/wp-json\/wp\/v2\/product_cat?post=66584"},{"taxonomy":"product_tag","embeddable":true,"href":"https:\/\/aztex.ee\/lv\/wp-json\/wp\/v2\/product_tag?post=66584"}],"curies":[{"name":"wp","href":"https:\/\/api.w.org\/{rel}","templated":true}]}}