{"id":65817,"date":"2025-03-14T00:14:30","date_gmt":"2025-03-14T00:14:30","guid":{"rendered":"https:\/\/aztex.ee\/?post_type=product&#038;p=65817"},"modified":"2026-04-11T12:19:43","modified_gmt":"2026-04-11T12:19:43","slug":"vannas-dvielis-70x140-cm","status":"publish","type":"product","link":"https:\/\/aztex.ee\/lv\/pood\/dvieli-un-vannas-dvieli\/vannas-dvielis-70x140-cm\/","title":{"rendered":"Vannas dvielis 70&#215;140 cm"},"content":{"rendered":"<p><strong>Kvalitat\u012bva kokvilnas vannas dvielis &#8211; pat\u012bkami maigs \u0101dai<\/strong><\/p>\n<p>M\u012bkstais un uzs\u016bco\u0161ais kokvilnas vannas dvielis ar izm\u0113riem 70&#215;140 cm ir veidots t\u0101, lai nodro\u0161in\u0101tu ikdienas komfortu un kvalit\u0101ti. Izgatavots no augstas kvalit\u0101tes kokvilnas, kas ir paz\u012bstama ar savu lielisko uzs\u016bk\u0161anas sp\u0113ju un maigumu, \u0161is dvielis \u0101tri iz\u017e\u016bst un saglab\u0101 \u0101du t\u012bru un svaigu p\u0113c vannas vai du\u0161as.<\/p>\n<p><strong>Iztur\u012bga un ilgsto\u0161a lieto\u0161ana<\/strong><br \/>\nPateicoties t\u0101 iztur\u012bbai un kvalit\u0101tei, \u0161is dvielis ir ilgm\u016b\u017e\u012bgs un piem\u0113rots ikdienas lieto\u0161anai. Pat p\u0113c vair\u0101k\u0101m mazg\u0101\u0161anas reiz\u0113m tas saglab\u0101 savu maigumu un uzs\u016bk\u0161anas sp\u0113ju, padarot to par lielisku izv\u0113li ilgsto\u0161am komfortam. Viegli kopjams un \u0101tri \u017e\u016bsto\u0161s vannas dvielis ir praktisks papildin\u0101jums jebkurai m\u0101jai.<\/p>\n<p><strong>Siltas un m\u0101j\u012bgas atmosf\u0113ras rad\u012b\u0161ana<\/strong><br \/>\nKokvilnas vannas dvielis pie\u0161\u0137ir siltu un m\u0101j\u012bgu atmosf\u0113ru jebkurai vannas istabai. T\u0101 ir ide\u0101la izv\u0113le ne tikai person\u012bgai lieto\u0161anai, bet ar\u012b k\u0101 d\u0101vana draugiem, \u0123imenes locek\u013ciem vai jaunajiem m\u0101jas \u012bpa\u0161niekiem. Ja mekl\u0113jat uzticamu un kvalitat\u012bvu vannas dvieli, \u0161is kokvilnas vannas dvielis ir lieliska izv\u0113le jebkurai m\u0101jai.<\/p>\n<p><strong>Viegla kop\u0161ana un ilgsto\u0161a kvalit\u0101te<\/strong><br \/>\nKokvilnas vannas dvielis ir viegli kopjams un saglab\u0101 savu kvalit\u0101ti pat p\u0113c vair\u0101kk\u0101rt\u0113jas mazg\u0101\u0161anas. Pateicoties t\u0101 iztur\u012bbai un \u0101trai \u017e\u016b\u0161anai, t\u0101 ir ide\u0101la izv\u0113le ikdienas lieto\u0161anai. Dvielis nezaud\u0113 savu maigumu vai uzs\u016bk\u0161anas sp\u0113ju pat past\u0101v\u012bgi lietojot, nodro\u0161inot uzticamu un \u0113rtu izv\u0113li jebkurai m\u0101jai.<\/p>\n","protected":false},"excerpt":{"rendered":"<ul>\n<li>Materi\u0101ls: 100% kokvilna<\/li>\n<li>Izm\u0113rs: 70&#215;140 cm \u00b13<\/li>\n<li>Svars: 400g\/m2<\/li>\n<\/ul>\n","protected":false},"featured_media":65898,"comment_status":"open","ping_status":"closed","template":"","meta":[],"product_brand":[],"product_cat":[484,1595,1712],"product_tag":[],"class_list":{"0":"post-65817","1":"product","2":"type-product","3":"status-publish","4":"has-post-thumbnail","6":"product_cat-dvieli-un-vannas-dvieli","7":"product_cat-vannas-dvieli","8":"product_cat-vannas-dvieli-70x140-cm","10":"first","11":"instock","12":"shipping-taxable","13":"purchasable","14":"product-type-variable"},"yoast_head":"<!-- This site is optimized with the Yoast SEO plugin v27.6 - https:\/\/yoast.com\/product\/yoast-seo-wordpress\/ -->\n<title>Vannas dvielis 70x140 cm - Dab\u012bgs un M\u012bksts | AZTEX<\/title>\n<meta name=\"description\" content=\"M\u012bksts un absorb\u0113jo\u0161s kokvilnas vannas dvielis nodro\u0161ina \u0101tru \u017e\u016b\u0161anu, lielisku komfortu, m\u012bkstu saj\u016btu, iztur\u012bbu un ikdienas lieto\u0161anas \u0113rtumu.\" \/>\n<meta name=\"robots\" content=\"index, follow, max-snippet:-1, max-image-preview:large, max-video-preview:-1\" \/>\n<link rel=\"canonical\" href=\"https:\/\/aztex.ee\/lv\/pood\/dvieli-un-vannas-dvieli\/vannas-dvielis-70x140-cm\/\" \/>\n<meta property=\"og:locale\" content=\"lv_LV\" \/>\n<meta property=\"og:type\" content=\"article\" \/>\n<meta property=\"og:title\" content=\"Vannas dvielis 70x140 cm - Dab\u012bgs un M\u012bksts | AZTEX\" \/>\n<meta property=\"og:description\" content=\"M\u012bksts un absorb\u0113jo\u0161s kokvilnas vannas dvielis nodro\u0161ina \u0101tru \u017e\u016b\u0161anu, lielisku komfortu, m\u012bkstu saj\u016btu, iztur\u012bbu un ikdienas lieto\u0161anas \u0113rtumu.\" \/>\n<meta property=\"og:url\" content=\"https:\/\/aztex.ee\/lv\/pood\/dvieli-un-vannas-dvieli\/vannas-dvielis-70x140-cm\/\" \/>\n<meta property=\"og:site_name\" content=\"AZTEX\" \/>\n<meta property=\"article:publisher\" content=\"https:\/\/www.facebook.com\/AztexEE\" \/>\n<meta property=\"article:modified_time\" content=\"2026-04-11T12:19:43+00:00\" \/>\n<meta property=\"og:image\" content=\"https:\/\/aztex.ee\/wp-content\/uploads\/2025\/03\/Vanniratik-70x140-1.jpg\" \/>\n\t<meta property=\"og:image:width\" content=\"800\" \/>\n\t<meta property=\"og:image:height\" content=\"800\" \/>\n\t<meta property=\"og:image:type\" content=\"image\/jpeg\" \/>\n<meta name=\"twitter:card\" content=\"summary_large_image\" \/>\n<meta name=\"twitter:label1\" content=\"Est. reading time\" \/>\n\t<meta name=\"twitter:data1\" content=\"2 minutes\" \/>\n<script type=\"application\/ld+json\" class=\"yoast-schema-graph\">{\"@context\":\"https:\\\/\\\/schema.org\",\"@graph\":[{\"@type\":[\"WebPage\",\"ItemPage\"],\"@id\":\"https:\\\/\\\/aztex.ee\\\/lv\\\/pood\\\/dvieli-un-vannas-dvieli\\\/vannas-dvielis-70x140-cm\\\/\",\"url\":\"https:\\\/\\\/aztex.ee\\\/lv\\\/pood\\\/dvieli-un-vannas-dvieli\\\/vannas-dvielis-70x140-cm\\\/\",\"name\":\"Vannas dvielis 70x140 cm - Dab\u012bgs un M\u012bksts | AZTEX\",\"isPartOf\":{\"@id\":\"https:\\\/\\\/aztex.ee\\\/lv\\\/#website\"},\"primaryImageOfPage\":{\"@id\":\"https:\\\/\\\/aztex.ee\\\/lv\\\/pood\\\/dvieli-un-vannas-dvieli\\\/vannas-dvielis-70x140-cm\\\/#primaryimage\"},\"image\":{\"@id\":\"https:\\\/\\\/aztex.ee\\\/lv\\\/pood\\\/dvieli-un-vannas-dvieli\\\/vannas-dvielis-70x140-cm\\\/#primaryimage\"},\"thumbnailUrl\":\"https:\\\/\\\/aztex.ee\\\/wp-content\\\/uploads\\\/2025\\\/03\\\/Vanniratik-70x140-1.jpg\",\"datePublished\":\"2025-03-14T00:14:30+00:00\",\"dateModified\":\"2026-04-11T12:19:43+00:00\",\"description\":\"M\u012bksts un absorb\u0113jo\u0161s kokvilnas vannas dvielis nodro\u0161ina \u0101tru \u017e\u016b\u0161anu, lielisku komfortu, m\u012bkstu saj\u016btu, iztur\u012bbu un ikdienas lieto\u0161anas \u0113rtumu.\",\"breadcrumb\":{\"@id\":\"https:\\\/\\\/aztex.ee\\\/lv\\\/pood\\\/dvieli-un-vannas-dvieli\\\/vannas-dvielis-70x140-cm\\\/#breadcrumb\"},\"inLanguage\":\"lv-LV\",\"potentialAction\":[{\"@type\":\"ReadAction\",\"target\":[\"https:\\\/\\\/aztex.ee\\\/lv\\\/pood\\\/dvieli-un-vannas-dvieli\\\/vannas-dvielis-70x140-cm\\\/\"]}]},{\"@type\":\"ImageObject\",\"inLanguage\":\"lv-LV\",\"@id\":\"https:\\\/\\\/aztex.ee\\\/lv\\\/pood\\\/dvieli-un-vannas-dvieli\\\/vannas-dvielis-70x140-cm\\\/#primaryimage\",\"url\":\"https:\\\/\\\/aztex.ee\\\/wp-content\\\/uploads\\\/2025\\\/03\\\/Vanniratik-70x140-1.jpg\",\"contentUrl\":\"https:\\\/\\\/aztex.ee\\\/wp-content\\\/uploads\\\/2025\\\/03\\\/Vanniratik-70x140-1.jpg\",\"width\":800,\"height\":800,\"caption\":\"Vannir\u00e4tik 70x140\"},{\"@type\":\"BreadcrumbList\",\"@id\":\"https:\\\/\\\/aztex.ee\\\/lv\\\/pood\\\/dvieli-un-vannas-dvieli\\\/vannas-dvielis-70x140-cm\\\/#breadcrumb\",\"itemListElement\":[{\"@type\":\"ListItem\",\"position\":1,\"name\":\"S\u0101kums\",\"item\":\"https:\\\/\\\/aztex.ee\\\/lv\\\/\"},{\"@type\":\"ListItem\",\"position\":2,\"name\":\"Veikals\",\"item\":\"https:\\\/\\\/aztex.ee\\\/lv\\\/veikals\\\/\"},{\"@type\":\"ListItem\",\"position\":3,\"name\":\"Vannas dvielis 70&#215;140 cm\"}]},{\"@type\":\"WebSite\",\"@id\":\"https:\\\/\\\/aztex.ee\\\/lv\\\/#website\",\"url\":\"https:\\\/\\\/aztex.ee\\\/lv\\\/\",\"name\":\"AZTEX\",\"description\":\"\",\"publisher\":{\"@id\":\"https:\\\/\\\/aztex.ee\\\/lv\\\/#organization\"},\"potentialAction\":[{\"@type\":\"SearchAction\",\"target\":{\"@type\":\"EntryPoint\",\"urlTemplate\":\"https:\\\/\\\/aztex.ee\\\/lv\\\/?s={search_term_string}\"},\"query-input\":{\"@type\":\"PropertyValueSpecification\",\"valueRequired\":true,\"valueName\":\"search_term_string\"}}],\"inLanguage\":\"lv-LV\"},{\"@type\":\"Organization\",\"@id\":\"https:\\\/\\\/aztex.ee\\\/lv\\\/#organization\",\"name\":\"AZTEX\",\"url\":\"https:\\\/\\\/aztex.ee\\\/lv\\\/\",\"logo\":{\"@type\":\"ImageObject\",\"inLanguage\":\"lv-LV\",\"@id\":\"https:\\\/\\\/aztex.ee\\\/lv\\\/#\\\/schema\\\/logo\\\/image\\\/\",\"url\":\"https:\\\/\\\/aztex.ee\\\/wp-content\\\/uploads\\\/2026\\\/01\\\/AZTEX.png\",\"contentUrl\":\"https:\\\/\\\/aztex.ee\\\/wp-content\\\/uploads\\\/2026\\\/01\\\/AZTEX.png\",\"width\":500,\"height\":500,\"caption\":\"AZTEX\"},\"image\":{\"@id\":\"https:\\\/\\\/aztex.ee\\\/lv\\\/#\\\/schema\\\/logo\\\/image\\\/\"},\"sameAs\":[\"https:\\\/\\\/www.facebook.com\\\/AztexEE\",\"https:\\\/\\\/www.instagram.com\\\/aztexeesti\\\/\",\"https:\\\/\\\/www.youtube.com\\\/@AZTEXEE\",\"https:\\\/\\\/www.pinterest.com\\\/aztex_eesti\\\/\",\"https:\\\/\\\/www.tiktok.com\\\/@aztexeesti\",\"https:\\\/\\\/www.trustpilot.com\\\/review\\\/aztex.ee\",\"https:\\\/\\\/www.linkedin.com\\\/company\\\/aztex-ee\\\/\",\"https:\\\/\\\/www.wikidata.org\\\/wiki\\\/Q137560182\"]}]}<\/script>\n<!-- \/ Yoast SEO plugin. -->","yoast_head_json":{"title":"Vannas dvielis 70x140 cm - Dab\u012bgs un M\u012bksts | AZTEX","description":"M\u012bksts un absorb\u0113jo\u0161s kokvilnas vannas dvielis nodro\u0161ina \u0101tru \u017e\u016b\u0161anu, lielisku komfortu, m\u012bkstu saj\u016btu, iztur\u012bbu un ikdienas lieto\u0161anas \u0113rtumu.","robots":{"index":"index","follow":"follow","max-snippet":"max-snippet:-1","max-image-preview":"max-image-preview:large","max-video-preview":"max-video-preview:-1"},"canonical":"https:\/\/aztex.ee\/lv\/pood\/dvieli-un-vannas-dvieli\/vannas-dvielis-70x140-cm\/","og_locale":"lv_LV","og_type":"article","og_title":"Vannas dvielis 70x140 cm - Dab\u012bgs un M\u012bksts | AZTEX","og_description":"M\u012bksts un absorb\u0113jo\u0161s kokvilnas vannas dvielis nodro\u0161ina \u0101tru \u017e\u016b\u0161anu, lielisku komfortu, m\u012bkstu saj\u016btu, iztur\u012bbu un ikdienas lieto\u0161anas \u0113rtumu.","og_url":"https:\/\/aztex.ee\/lv\/pood\/dvieli-un-vannas-dvieli\/vannas-dvielis-70x140-cm\/","og_site_name":"AZTEX","article_publisher":"https:\/\/www.facebook.com\/AztexEE","article_modified_time":"2026-04-11T12:19:43+00:00","og_image":[{"width":800,"height":800,"url":"https:\/\/aztex.ee\/wp-content\/uploads\/2025\/03\/Vanniratik-70x140-1.jpg","type":"image\/jpeg"}],"twitter_card":"summary_large_image","twitter_misc":{"Est. reading time":"2 minutes"},"schema":{"@context":"https:\/\/schema.org","@graph":[{"@type":["WebPage","ItemPage"],"@id":"https:\/\/aztex.ee\/lv\/pood\/dvieli-un-vannas-dvieli\/vannas-dvielis-70x140-cm\/","url":"https:\/\/aztex.ee\/lv\/pood\/dvieli-un-vannas-dvieli\/vannas-dvielis-70x140-cm\/","name":"Vannas dvielis 70x140 cm - Dab\u012bgs un M\u012bksts | AZTEX","isPartOf":{"@id":"https:\/\/aztex.ee\/lv\/#website"},"primaryImageOfPage":{"@id":"https:\/\/aztex.ee\/lv\/pood\/dvieli-un-vannas-dvieli\/vannas-dvielis-70x140-cm\/#primaryimage"},"image":{"@id":"https:\/\/aztex.ee\/lv\/pood\/dvieli-un-vannas-dvieli\/vannas-dvielis-70x140-cm\/#primaryimage"},"thumbnailUrl":"https:\/\/aztex.ee\/wp-content\/uploads\/2025\/03\/Vanniratik-70x140-1.jpg","datePublished":"2025-03-14T00:14:30+00:00","dateModified":"2026-04-11T12:19:43+00:00","description":"M\u012bksts un absorb\u0113jo\u0161s kokvilnas vannas dvielis nodro\u0161ina \u0101tru \u017e\u016b\u0161anu, lielisku komfortu, m\u012bkstu saj\u016btu, iztur\u012bbu un ikdienas lieto\u0161anas \u0113rtumu.","breadcrumb":{"@id":"https:\/\/aztex.ee\/lv\/pood\/dvieli-un-vannas-dvieli\/vannas-dvielis-70x140-cm\/#breadcrumb"},"inLanguage":"lv-LV","potentialAction":[{"@type":"ReadAction","target":["https:\/\/aztex.ee\/lv\/pood\/dvieli-un-vannas-dvieli\/vannas-dvielis-70x140-cm\/"]}]},{"@type":"ImageObject","inLanguage":"lv-LV","@id":"https:\/\/aztex.ee\/lv\/pood\/dvieli-un-vannas-dvieli\/vannas-dvielis-70x140-cm\/#primaryimage","url":"https:\/\/aztex.ee\/wp-content\/uploads\/2025\/03\/Vanniratik-70x140-1.jpg","contentUrl":"https:\/\/aztex.ee\/wp-content\/uploads\/2025\/03\/Vanniratik-70x140-1.jpg","width":800,"height":800,"caption":"Vannir\u00e4tik 70x140"},{"@type":"BreadcrumbList","@id":"https:\/\/aztex.ee\/lv\/pood\/dvieli-un-vannas-dvieli\/vannas-dvielis-70x140-cm\/#breadcrumb","itemListElement":[{"@type":"ListItem","position":1,"name":"S\u0101kums","item":"https:\/\/aztex.ee\/lv\/"},{"@type":"ListItem","position":2,"name":"Veikals","item":"https:\/\/aztex.ee\/lv\/veikals\/"},{"@type":"ListItem","position":3,"name":"Vannas dvielis 70&#215;140 cm"}]},{"@type":"WebSite","@id":"https:\/\/aztex.ee\/lv\/#website","url":"https:\/\/aztex.ee\/lv\/","name":"AZTEX","description":"","publisher":{"@id":"https:\/\/aztex.ee\/lv\/#organization"},"potentialAction":[{"@type":"SearchAction","target":{"@type":"EntryPoint","urlTemplate":"https:\/\/aztex.ee\/lv\/?s={search_term_string}"},"query-input":{"@type":"PropertyValueSpecification","valueRequired":true,"valueName":"search_term_string"}}],"inLanguage":"lv-LV"},{"@type":"Organization","@id":"https:\/\/aztex.ee\/lv\/#organization","name":"AZTEX","url":"https:\/\/aztex.ee\/lv\/","logo":{"@type":"ImageObject","inLanguage":"lv-LV","@id":"https:\/\/aztex.ee\/lv\/#\/schema\/logo\/image\/","url":"https:\/\/aztex.ee\/wp-content\/uploads\/2026\/01\/AZTEX.png","contentUrl":"https:\/\/aztex.ee\/wp-content\/uploads\/2026\/01\/AZTEX.png","width":500,"height":500,"caption":"AZTEX"},"image":{"@id":"https:\/\/aztex.ee\/lv\/#\/schema\/logo\/image\/"},"sameAs":["https:\/\/www.facebook.com\/AztexEE","https:\/\/www.instagram.com\/aztexeesti\/","https:\/\/www.youtube.com\/@AZTEXEE","https:\/\/www.pinterest.com\/aztex_eesti\/","https:\/\/www.tiktok.com\/@aztexeesti","https:\/\/www.trustpilot.com\/review\/aztex.ee","https:\/\/www.linkedin.com\/company\/aztex-ee\/","https:\/\/www.wikidata.org\/wiki\/Q137560182"]}]}},"_links":{"self":[{"href":"https:\/\/aztex.ee\/lv\/wp-json\/wp\/v2\/product\/65817","targetHints":{"allow":["GET"]}}],"collection":[{"href":"https:\/\/aztex.ee\/lv\/wp-json\/wp\/v2\/product"}],"about":[{"href":"https:\/\/aztex.ee\/lv\/wp-json\/wp\/v2\/types\/product"}],"replies":[{"embeddable":true,"href":"https:\/\/aztex.ee\/lv\/wp-json\/wp\/v2\/comments?post=65817"}],"version-history":[{"count":0,"href":"https:\/\/aztex.ee\/lv\/wp-json\/wp\/v2\/product\/65817\/revisions"}],"wp:featuredmedia":[{"embeddable":true,"href":"https:\/\/aztex.ee\/lv\/wp-json\/wp\/v2\/media\/65898"}],"wp:attachment":[{"href":"https:\/\/aztex.ee\/lv\/wp-json\/wp\/v2\/media?parent=65817"}],"wp:term":[{"taxonomy":"product_brand","embeddable":true,"href":"https:\/\/aztex.ee\/lv\/wp-json\/wp\/v2\/product_brand?post=65817"},{"taxonomy":"product_cat","embeddable":true,"href":"https:\/\/aztex.ee\/lv\/wp-json\/wp\/v2\/product_cat?post=65817"},{"taxonomy":"product_tag","embeddable":true,"href":"https:\/\/aztex.ee\/lv\/wp-json\/wp\/v2\/product_tag?post=65817"}],"curies":[{"name":"wp","href":"https:\/\/api.w.org\/{rel}","templated":true}]}}