{"id":64379,"date":"2025-03-08T22:43:38","date_gmt":"2025-03-08T22:43:38","guid":{"rendered":"https:\/\/aztex.ee\/?post_type=product&#038;p=64379"},"modified":"2025-03-09T19:33:49","modified_gmt":"2025-03-09T19:33:49","slug":"tencel-gultas-velas-komplekts-gaisi-zals","status":"publish","type":"product","link":"https:\/\/aztex.ee\/lv\/pood\/gultas-vela\/tencel-gultas-velas-komplekts-gaisi-zals\/","title":{"rendered":"Tencel gultas ve\u013cas komplekts | Gai\u0161i za\u013c\u0161"},"content":{"rendered":"<p><strong>Grezns Eikalipta Tencel gultas ve\u013cas komplekts \u2013 z\u012bdaini m\u012bksts, elpojo\u0161s un \u012bpa\u0161i \u0113rts<\/strong><\/p>\n<p><strong>Neparasts komforts un kvalit\u0101te<\/strong><br \/>\nTencel gultas ve\u013cas komplekts ir izstr\u0101d\u0101ts, lai nodro\u0161in\u0101tu vismier\u012bg\u0101ko un atjaunojo\u0161\u0101ko miegu, pied\u0101v\u0101jot izcilu komfortu un kvalit\u0101ti. Tas ir izgatavots, izmantojot Tencel audumu, kas ieg\u016bts no eikalipta koka, kas ir paz\u012bstams ar savu z\u012bdainu maigumu, elpojam\u012bbu un mitruma izvad\u012b\u0161anas \u012bpa\u0161\u012bb\u0101m. Tencel gultas ve\u013ca nodro\u0161ina v\u0113sumu vasar\u0101 un siltumu ziem\u0101, lai j\u016bsu miegs vienm\u0113r b\u016btu atsvaidzino\u0161s un atjaunojo\u0161s.<\/p>\n<p><strong>Grezna tekst\u016bra un elegants izskats<\/strong><br \/>\nAudums ir gluds, maigs un pat\u012bkams uz \u0101das, nodro\u0161inot patiesi greznu pieredzi miega laik\u0101. Tencel gultas ve\u013ca lieliski p\u0101rkl\u0101jas, pie\u0161\u0137irot gultai elegantu un aicino\u0161u izskatu, padarot gu\u013camistabu par stil\u012bgu vietu. Gais\u012bgums un vieglums pal\u012bdz nodro\u0161in\u0101t past\u0101v\u012bgu gaisa kust\u012bbu, lai nov\u0113rstu nakts sv\u012b\u0161anu un saglab\u0101tu gultas ve\u013cu vienm\u0113r svaigu.<\/p>\n<p><strong>Iztur\u012bba un iztur\u012bba<\/strong><br \/>\nTencel gultasve\u013ca ir iztur\u012bga un ilgm\u016b\u017e\u012bga \u2013 pat p\u0113c vair\u0101k\u0101m mazg\u0101\u0161anas reiz\u0113m t\u0101 saglab\u0101 savu maigumu, skaisto drap\u0113jumu un kvalit\u0101ti. Katru vakaru gul\u0113tie\u0161ana k\u013c\u016bst par patiesu baudu, jo gultasve\u013ca paliek svaiga un pat\u012bkama, nodro\u0161inot vislab\u0101ko gul\u0113\u0161anas pieredzi.<\/p>\n<p><strong>Ide\u0101la izv\u0113le dabas un komforta cien\u012bt\u0101jiem<\/strong><br \/>\nTencel gultas ve\u013cas komplekts ir ide\u0101la izv\u0113le tiem, kas nov\u0113rt\u0113 dabiskos materi\u0101lus un v\u0113las baud\u012bt augst\u0101ku kvalit\u0101ti, greznu komfortu un perfektu miegu.<\/p>\n","protected":false},"excerpt":{"rendered":"<p>100% ekolo\u0123iska eikalipta Tencel gultas ve\u013cas komplekts ir \u012bpa\u0161i m\u012bksts, elpojo\u0161s un grezns.<\/p>\n<ul>\n<li>Materi\u0101ls: 100% Tencel<\/li>\n<li>Diegu skaits audum\u0101: 60S \/ 300TC<\/li>\n<li>Segas p\u0101rvalka: 200\u00d7220 cm<\/li>\n<li>Spilvendr\u0101nu: 50\u00d770 cm (2 gab.)<\/li>\n<li>Palaga: 220\u00d7240 cm<\/li>\n<\/ul>\n<p><img loading=\"lazy\" decoding=\"async\" class=\"alignnone wp-image-63145\" src=\"https:\/\/aztex.ee\/wp-content\/uploads\/2025\/03\/tencel-certified-400x129.png\" alt=\"\" width=\"131\" height=\"42\" srcset=\"https:\/\/aztex.ee\/wp-content\/uploads\/2025\/03\/tencel-certified-400x129.png 400w, https:\/\/aztex.ee\/wp-content\/uploads\/2025\/03\/tencel-certified-430x139.png 430w, https:\/\/aztex.ee\/wp-content\/uploads\/2025\/03\/tencel-certified-150x49.png 150w, https:\/\/aztex.ee\/wp-content\/uploads\/2025\/03\/tencel-certified.png 516w\" sizes=\"auto, (max-width: 131px) 100vw, 131px\" \/><img loading=\"lazy\" decoding=\"async\" class=\"alignnone wp-image-63168\" src=\"https:\/\/aztex.ee\/wp-content\/uploads\/2025\/03\/oeko-tex-standard-100.png\" alt=\"\" width=\"130\" height=\"43\" srcset=\"https:\/\/aztex.ee\/wp-content\/uploads\/2025\/03\/oeko-tex-standard-100.png 200w, https:\/\/aztex.ee\/wp-content\/uploads\/2025\/03\/oeko-tex-standard-100-150x50.png 150w\" sizes=\"auto, (max-width: 130px) 100vw, 130px\" \/><\/p>\n<p>Tencel gultas ve\u013cas komplekts ir iepakots som\u0101, kas izgatavota no t\u0101da pa\u0161a Tencel auduma, kas pie\u0161\u0137ir produktam papildus eleganci un padara to v\u0113l \u012bpa\u0161\u0101ku.<\/p>\n","protected":false},"featured_media":64404,"comment_status":"open","ping_status":"closed","template":"","meta":[],"product_brand":[],"product_cat":[203,501,209,4550],"product_tag":[],"class_list":{"0":"post-64379","1":"product","2":"type-product","3":"status-publish","4":"has-post-thumbnail","6":"product_cat-gultas-vela","7":"product_cat-gultas-velas-komplekti","8":"product_cat-tencel-gultas-vela","9":"product_cat-tencel-gultas-velas-komplekti","11":"first","12":"outofstock","13":"shipping-taxable","14":"purchasable","15":"product-type-simple"},"yoast_head":"<!-- This site is optimized with the Yoast SEO plugin v27.4 - https:\/\/yoast.com\/product\/yoast-seo-wordpress\/ -->\n<title>Tencel gultas ve\u013cas komplekts - Gai\u0161i za\u013c\u0161 | AZTEX<\/title>\n<meta name=\"description\" content=\"Grezns Gai\u0161i za\u013c\u0161 Tencel gultas ve\u013cas komplekts ir z\u012bdaini m\u012bksts, elpojo\u0161s un maigs \u0101dai. T\u0101 viegl\u0101 un glud\u0101 tekst\u016bra nodro\u0161ina svaigumu un komfortu\" \/>\n<meta name=\"robots\" content=\"index, follow, max-snippet:-1, max-image-preview:large, max-video-preview:-1\" \/>\n<link rel=\"canonical\" href=\"https:\/\/aztex.ee\/lv\/pood\/gultas-vela\/tencel-gultas-velas-komplekts-gaisi-zals\/\" \/>\n<meta property=\"og:locale\" content=\"lv_LV\" \/>\n<meta property=\"og:type\" content=\"article\" \/>\n<meta property=\"og:title\" content=\"Tencel gultas ve\u013cas komplekts - Gai\u0161i za\u013c\u0161 | AZTEX\" \/>\n<meta property=\"og:description\" content=\"Grezns Gai\u0161i za\u013c\u0161 Tencel gultas ve\u013cas komplekts ir z\u012bdaini m\u012bksts, elpojo\u0161s un maigs \u0101dai. T\u0101 viegl\u0101 un glud\u0101 tekst\u016bra nodro\u0161ina svaigumu un komfortu\" \/>\n<meta property=\"og:url\" content=\"https:\/\/aztex.ee\/lv\/pood\/gultas-vela\/tencel-gultas-velas-komplekts-gaisi-zals\/\" \/>\n<meta property=\"og:site_name\" content=\"AZTEX\" \/>\n<meta property=\"article:publisher\" content=\"https:\/\/www.facebook.com\/AztexEE\" \/>\n<meta property=\"article:modified_time\" content=\"2025-03-09T19:33:49+00:00\" \/>\n<meta property=\"og:image\" content=\"https:\/\/aztex.ee\/wp-content\/uploads\/2025\/03\/Tencel-voodipesukomplekt-Heleroheline.jpg\" \/>\n\t<meta property=\"og:image:width\" content=\"800\" \/>\n\t<meta property=\"og:image:height\" content=\"800\" \/>\n\t<meta property=\"og:image:type\" content=\"image\/jpeg\" \/>\n<meta name=\"twitter:card\" content=\"summary_large_image\" \/>\n<meta name=\"twitter:label1\" content=\"Est. reading time\" \/>\n\t<meta name=\"twitter:data1\" content=\"2 minutes\" \/>\n<script type=\"application\/ld+json\" class=\"yoast-schema-graph\">{\"@context\":\"https:\\\/\\\/schema.org\",\"@graph\":[{\"@type\":[\"WebPage\",\"ItemPage\"],\"@id\":\"https:\\\/\\\/aztex.ee\\\/lv\\\/pood\\\/gultas-vela\\\/tencel-gultas-velas-komplekts-gaisi-zals\\\/\",\"url\":\"https:\\\/\\\/aztex.ee\\\/lv\\\/pood\\\/gultas-vela\\\/tencel-gultas-velas-komplekts-gaisi-zals\\\/\",\"name\":\"Tencel gultas ve\u013cas komplekts - Gai\u0161i za\u013c\u0161 | AZTEX\",\"isPartOf\":{\"@id\":\"https:\\\/\\\/aztex.ee\\\/lv\\\/#website\"},\"primaryImageOfPage\":{\"@id\":\"https:\\\/\\\/aztex.ee\\\/lv\\\/pood\\\/gultas-vela\\\/tencel-gultas-velas-komplekts-gaisi-zals\\\/#primaryimage\"},\"image\":{\"@id\":\"https:\\\/\\\/aztex.ee\\\/lv\\\/pood\\\/gultas-vela\\\/tencel-gultas-velas-komplekts-gaisi-zals\\\/#primaryimage\"},\"thumbnailUrl\":\"https:\\\/\\\/aztex.ee\\\/wp-content\\\/uploads\\\/2025\\\/03\\\/Tencel-voodipesukomplekt-Heleroheline.jpg\",\"datePublished\":\"2025-03-08T22:43:38+00:00\",\"dateModified\":\"2025-03-09T19:33:49+00:00\",\"description\":\"Grezns Gai\u0161i za\u013c\u0161 Tencel gultas ve\u013cas komplekts ir z\u012bdaini m\u012bksts, elpojo\u0161s un maigs \u0101dai. T\u0101 viegl\u0101 un glud\u0101 tekst\u016bra nodro\u0161ina svaigumu un komfortu\",\"breadcrumb\":{\"@id\":\"https:\\\/\\\/aztex.ee\\\/lv\\\/pood\\\/gultas-vela\\\/tencel-gultas-velas-komplekts-gaisi-zals\\\/#breadcrumb\"},\"inLanguage\":\"lv-LV\",\"potentialAction\":[{\"@type\":\"ReadAction\",\"target\":[\"https:\\\/\\\/aztex.ee\\\/lv\\\/pood\\\/gultas-vela\\\/tencel-gultas-velas-komplekts-gaisi-zals\\\/\"]}]},{\"@type\":\"ImageObject\",\"inLanguage\":\"lv-LV\",\"@id\":\"https:\\\/\\\/aztex.ee\\\/lv\\\/pood\\\/gultas-vela\\\/tencel-gultas-velas-komplekts-gaisi-zals\\\/#primaryimage\",\"url\":\"https:\\\/\\\/aztex.ee\\\/wp-content\\\/uploads\\\/2025\\\/03\\\/Tencel-voodipesukomplekt-Heleroheline.jpg\",\"contentUrl\":\"https:\\\/\\\/aztex.ee\\\/wp-content\\\/uploads\\\/2025\\\/03\\\/Tencel-voodipesukomplekt-Heleroheline.jpg\",\"width\":800,\"height\":800,\"caption\":\"Tencel voodipesukomplekt Heleroheline\"},{\"@type\":\"BreadcrumbList\",\"@id\":\"https:\\\/\\\/aztex.ee\\\/lv\\\/pood\\\/gultas-vela\\\/tencel-gultas-velas-komplekts-gaisi-zals\\\/#breadcrumb\",\"itemListElement\":[{\"@type\":\"ListItem\",\"position\":1,\"name\":\"S\u0101kums\",\"item\":\"https:\\\/\\\/aztex.ee\\\/lv\\\/\"},{\"@type\":\"ListItem\",\"position\":2,\"name\":\"Veikals\",\"item\":\"https:\\\/\\\/aztex.ee\\\/lv\\\/veikals\\\/\"},{\"@type\":\"ListItem\",\"position\":3,\"name\":\"Tencel gultas ve\u013cas komplekts | Gai\u0161i za\u013c\u0161\"}]},{\"@type\":\"WebSite\",\"@id\":\"https:\\\/\\\/aztex.ee\\\/lv\\\/#website\",\"url\":\"https:\\\/\\\/aztex.ee\\\/lv\\\/\",\"name\":\"AZTEX\",\"description\":\"\",\"publisher\":{\"@id\":\"https:\\\/\\\/aztex.ee\\\/lv\\\/#organization\"},\"potentialAction\":[{\"@type\":\"SearchAction\",\"target\":{\"@type\":\"EntryPoint\",\"urlTemplate\":\"https:\\\/\\\/aztex.ee\\\/lv\\\/?s={search_term_string}\"},\"query-input\":{\"@type\":\"PropertyValueSpecification\",\"valueRequired\":true,\"valueName\":\"search_term_string\"}}],\"inLanguage\":\"lv-LV\"},{\"@type\":\"Organization\",\"@id\":\"https:\\\/\\\/aztex.ee\\\/lv\\\/#organization\",\"name\":\"AZTEX\",\"url\":\"https:\\\/\\\/aztex.ee\\\/lv\\\/\",\"logo\":{\"@type\":\"ImageObject\",\"inLanguage\":\"lv-LV\",\"@id\":\"https:\\\/\\\/aztex.ee\\\/lv\\\/#\\\/schema\\\/logo\\\/image\\\/\",\"url\":\"https:\\\/\\\/aztex.ee\\\/wp-content\\\/uploads\\\/2026\\\/01\\\/AZTEX.png\",\"contentUrl\":\"https:\\\/\\\/aztex.ee\\\/wp-content\\\/uploads\\\/2026\\\/01\\\/AZTEX.png\",\"width\":500,\"height\":500,\"caption\":\"AZTEX\"},\"image\":{\"@id\":\"https:\\\/\\\/aztex.ee\\\/lv\\\/#\\\/schema\\\/logo\\\/image\\\/\"},\"sameAs\":[\"https:\\\/\\\/www.facebook.com\\\/AztexEE\",\"https:\\\/\\\/www.instagram.com\\\/aztexeesti\\\/\",\"https:\\\/\\\/www.youtube.com\\\/@AZTEXEE\",\"https:\\\/\\\/www.pinterest.com\\\/aztex_eesti\\\/\",\"https:\\\/\\\/www.tiktok.com\\\/@aztexeesti\",\"https:\\\/\\\/www.trustpilot.com\\\/review\\\/aztex.ee\",\"https:\\\/\\\/www.linkedin.com\\\/company\\\/aztex-ee\\\/\",\"https:\\\/\\\/www.wikidata.org\\\/wiki\\\/Q137560182\"]}]}<\/script>\n<!-- \/ Yoast SEO plugin. -->","yoast_head_json":{"title":"Tencel gultas ve\u013cas komplekts - Gai\u0161i za\u013c\u0161 | AZTEX","description":"Grezns Gai\u0161i za\u013c\u0161 Tencel gultas ve\u013cas komplekts ir z\u012bdaini m\u012bksts, elpojo\u0161s un maigs \u0101dai. T\u0101 viegl\u0101 un glud\u0101 tekst\u016bra nodro\u0161ina svaigumu un komfortu","robots":{"index":"index","follow":"follow","max-snippet":"max-snippet:-1","max-image-preview":"max-image-preview:large","max-video-preview":"max-video-preview:-1"},"canonical":"https:\/\/aztex.ee\/lv\/pood\/gultas-vela\/tencel-gultas-velas-komplekts-gaisi-zals\/","og_locale":"lv_LV","og_type":"article","og_title":"Tencel gultas ve\u013cas komplekts - Gai\u0161i za\u013c\u0161 | AZTEX","og_description":"Grezns Gai\u0161i za\u013c\u0161 Tencel gultas ve\u013cas komplekts ir z\u012bdaini m\u012bksts, elpojo\u0161s un maigs \u0101dai. T\u0101 viegl\u0101 un glud\u0101 tekst\u016bra nodro\u0161ina svaigumu un komfortu","og_url":"https:\/\/aztex.ee\/lv\/pood\/gultas-vela\/tencel-gultas-velas-komplekts-gaisi-zals\/","og_site_name":"AZTEX","article_publisher":"https:\/\/www.facebook.com\/AztexEE","article_modified_time":"2025-03-09T19:33:49+00:00","og_image":[{"width":800,"height":800,"url":"https:\/\/aztex.ee\/wp-content\/uploads\/2025\/03\/Tencel-voodipesukomplekt-Heleroheline.jpg","type":"image\/jpeg"}],"twitter_card":"summary_large_image","twitter_misc":{"Est. reading time":"2 minutes"},"schema":{"@context":"https:\/\/schema.org","@graph":[{"@type":["WebPage","ItemPage"],"@id":"https:\/\/aztex.ee\/lv\/pood\/gultas-vela\/tencel-gultas-velas-komplekts-gaisi-zals\/","url":"https:\/\/aztex.ee\/lv\/pood\/gultas-vela\/tencel-gultas-velas-komplekts-gaisi-zals\/","name":"Tencel gultas ve\u013cas komplekts - Gai\u0161i za\u013c\u0161 | AZTEX","isPartOf":{"@id":"https:\/\/aztex.ee\/lv\/#website"},"primaryImageOfPage":{"@id":"https:\/\/aztex.ee\/lv\/pood\/gultas-vela\/tencel-gultas-velas-komplekts-gaisi-zals\/#primaryimage"},"image":{"@id":"https:\/\/aztex.ee\/lv\/pood\/gultas-vela\/tencel-gultas-velas-komplekts-gaisi-zals\/#primaryimage"},"thumbnailUrl":"https:\/\/aztex.ee\/wp-content\/uploads\/2025\/03\/Tencel-voodipesukomplekt-Heleroheline.jpg","datePublished":"2025-03-08T22:43:38+00:00","dateModified":"2025-03-09T19:33:49+00:00","description":"Grezns Gai\u0161i za\u013c\u0161 Tencel gultas ve\u013cas komplekts ir z\u012bdaini m\u012bksts, elpojo\u0161s un maigs \u0101dai. T\u0101 viegl\u0101 un glud\u0101 tekst\u016bra nodro\u0161ina svaigumu un komfortu","breadcrumb":{"@id":"https:\/\/aztex.ee\/lv\/pood\/gultas-vela\/tencel-gultas-velas-komplekts-gaisi-zals\/#breadcrumb"},"inLanguage":"lv-LV","potentialAction":[{"@type":"ReadAction","target":["https:\/\/aztex.ee\/lv\/pood\/gultas-vela\/tencel-gultas-velas-komplekts-gaisi-zals\/"]}]},{"@type":"ImageObject","inLanguage":"lv-LV","@id":"https:\/\/aztex.ee\/lv\/pood\/gultas-vela\/tencel-gultas-velas-komplekts-gaisi-zals\/#primaryimage","url":"https:\/\/aztex.ee\/wp-content\/uploads\/2025\/03\/Tencel-voodipesukomplekt-Heleroheline.jpg","contentUrl":"https:\/\/aztex.ee\/wp-content\/uploads\/2025\/03\/Tencel-voodipesukomplekt-Heleroheline.jpg","width":800,"height":800,"caption":"Tencel voodipesukomplekt Heleroheline"},{"@type":"BreadcrumbList","@id":"https:\/\/aztex.ee\/lv\/pood\/gultas-vela\/tencel-gultas-velas-komplekts-gaisi-zals\/#breadcrumb","itemListElement":[{"@type":"ListItem","position":1,"name":"S\u0101kums","item":"https:\/\/aztex.ee\/lv\/"},{"@type":"ListItem","position":2,"name":"Veikals","item":"https:\/\/aztex.ee\/lv\/veikals\/"},{"@type":"ListItem","position":3,"name":"Tencel gultas ve\u013cas komplekts | Gai\u0161i za\u013c\u0161"}]},{"@type":"WebSite","@id":"https:\/\/aztex.ee\/lv\/#website","url":"https:\/\/aztex.ee\/lv\/","name":"AZTEX","description":"","publisher":{"@id":"https:\/\/aztex.ee\/lv\/#organization"},"potentialAction":[{"@type":"SearchAction","target":{"@type":"EntryPoint","urlTemplate":"https:\/\/aztex.ee\/lv\/?s={search_term_string}"},"query-input":{"@type":"PropertyValueSpecification","valueRequired":true,"valueName":"search_term_string"}}],"inLanguage":"lv-LV"},{"@type":"Organization","@id":"https:\/\/aztex.ee\/lv\/#organization","name":"AZTEX","url":"https:\/\/aztex.ee\/lv\/","logo":{"@type":"ImageObject","inLanguage":"lv-LV","@id":"https:\/\/aztex.ee\/lv\/#\/schema\/logo\/image\/","url":"https:\/\/aztex.ee\/wp-content\/uploads\/2026\/01\/AZTEX.png","contentUrl":"https:\/\/aztex.ee\/wp-content\/uploads\/2026\/01\/AZTEX.png","width":500,"height":500,"caption":"AZTEX"},"image":{"@id":"https:\/\/aztex.ee\/lv\/#\/schema\/logo\/image\/"},"sameAs":["https:\/\/www.facebook.com\/AztexEE","https:\/\/www.instagram.com\/aztexeesti\/","https:\/\/www.youtube.com\/@AZTEXEE","https:\/\/www.pinterest.com\/aztex_eesti\/","https:\/\/www.tiktok.com\/@aztexeesti","https:\/\/www.trustpilot.com\/review\/aztex.ee","https:\/\/www.linkedin.com\/company\/aztex-ee\/","https:\/\/www.wikidata.org\/wiki\/Q137560182"]}]}},"_links":{"self":[{"href":"https:\/\/aztex.ee\/lv\/wp-json\/wp\/v2\/product\/64379","targetHints":{"allow":["GET"]}}],"collection":[{"href":"https:\/\/aztex.ee\/lv\/wp-json\/wp\/v2\/product"}],"about":[{"href":"https:\/\/aztex.ee\/lv\/wp-json\/wp\/v2\/types\/product"}],"replies":[{"embeddable":true,"href":"https:\/\/aztex.ee\/lv\/wp-json\/wp\/v2\/comments?post=64379"}],"version-history":[{"count":0,"href":"https:\/\/aztex.ee\/lv\/wp-json\/wp\/v2\/product\/64379\/revisions"}],"wp:featuredmedia":[{"embeddable":true,"href":"https:\/\/aztex.ee\/lv\/wp-json\/wp\/v2\/media\/64404"}],"wp:attachment":[{"href":"https:\/\/aztex.ee\/lv\/wp-json\/wp\/v2\/media?parent=64379"}],"wp:term":[{"taxonomy":"product_brand","embeddable":true,"href":"https:\/\/aztex.ee\/lv\/wp-json\/wp\/v2\/product_brand?post=64379"},{"taxonomy":"product_cat","embeddable":true,"href":"https:\/\/aztex.ee\/lv\/wp-json\/wp\/v2\/product_cat?post=64379"},{"taxonomy":"product_tag","embeddable":true,"href":"https:\/\/aztex.ee\/lv\/wp-json\/wp\/v2\/product_tag?post=64379"}],"curies":[{"name":"wp","href":"https:\/\/api.w.org\/{rel}","templated":true}]}}