{"id":59844,"date":"2025-02-26T09:58:55","date_gmt":"2025-02-26T09:58:55","guid":{"rendered":"https:\/\/aztex.ee\/?post_type=product&#038;p=59844"},"modified":"2026-02-01T16:43:45","modified_gmt":"2026-02-01T16:43:45","slug":"serpa-flisa-sega-150x200-cm","status":"publish","type":"product","link":"https:\/\/aztex.ee\/lv\/pood\/segas-un-pledi\/serpa-flisa-sega-150x200-cm\/","title":{"rendered":"\u0160erpa fl\u012bsa sega 150&#215;200 cm"},"content":{"rendered":"<p><strong>Sherpa fl\u012bsa sega 150\u00d7200 cm \u2013 M\u012bksta un Silta<\/strong><\/p>\n<p>Ar \u0161o augstas kvalit\u0101tes Sherpa vilnas segu vienm\u0113r j\u016bties \u0113rti un silti m\u0101j\u0101s. \u0160\u012b sega ir rad\u012bta, lai sniegtu vislab\u0101ko siltumu un m\u0101j\u012bgumu, lai ikdienas mirk\u013cus padar\u012btu v\u0113l pat\u012bkam\u0101kus.<\/p>\n<p><strong>Komforts jebkur\u0101 situ\u0101cij\u0101<\/strong><br \/>\nSherpa fl\u012bsa segas izm\u0113ri 150\u00d7200 cm padara to perfektu ikvienai situ\u0101cijai. Neatkar\u012bgi no t\u0101, vai j\u016bs atp\u016b\u0161aties uz d\u012bv\u0101na, sniedzat papildu siltumu gult\u0101 vai gul\u0113jat &#8211; Sherpa vilnas sega nodro\u0161ina perfektu vieglumu un siltumu katr\u0101 lieto\u0161anas reiz\u0113. Izm\u0113rs ir labi piem\u0113rots ar\u012b viesiem vai k\u0101 papildu sega uz gultas, lai katra diena b\u016btu siltuma pilna.<\/p>\n<p><strong>Viegli kopjams un iztur\u012bgs<\/strong><br \/>\nSherpa fl\u012bsa segas kop\u0161ana ir vienk\u0101r\u0161a un \u0113rta, jo t\u0101 ir mazg\u0101jama ve\u013cas ma\u0161\u012bn\u0101. P\u0113c mazg\u0101\u0161anas tas paliek m\u012bksts, nodro\u0161inot notur\u012bgu siltumu un kvalit\u0101ti. M\u0113s iesak\u0101m mazg\u0101t zem\u0101 temperat\u016br\u0101, lai saglab\u0101tu produkta skaistumu un iztur\u012bbu. Fl\u012bsa sega \u0101tri iz\u017e\u016bst un tai nav nepiecie\u0161ama atsevi\u0161\u0137a \u017e\u0101v\u0113\u0161ana, kas padara to v\u0113l praktisk\u0101ku ikdien\u0101.<\/p>\n<p><strong>M\u0101j\u012bgums un siltums katr\u0101 mirkl\u012b<\/strong><br \/>\nSherpa vilnas sega ir ne tikai silta, bet ar\u012b lieliska ikdienas atp\u016bta. Neatkar\u012bgi no t\u0101, vai tas ir omul\u012bgs vakars m\u0101j\u0101s, gr\u0101matu las\u012b\u0161ana vai m\u0101jsaimniec\u012bbas darbu veik\u0161ana &#8211; Sherpa vilnas sega katru mirkli padara \u012bpa\u0161u.<\/p>\n","protected":false},"excerpt":{"rendered":"<ul>\n<li>Materi\u0101ls: Kora\u013c\u013cu vilna<\/li>\n<li>Izm\u0113rs: 150&#215;200 cm \u00b13<\/li>\n<li>Svars: 1,1 kg<\/li>\n<\/ul>\n","protected":false},"featured_media":59963,"comment_status":"open","ping_status":"closed","template":"","meta":[],"product_brand":[],"product_cat":[1871,4472,4489],"product_tag":[],"class_list":{"0":"post-59844","1":"product","2":"type-product","3":"status-publish","4":"has-post-thumbnail","6":"product_cat-segas-un-pledi","7":"product_cat-serpa-flisa-segas","8":"product_cat-serpa-flisa-segas-150x200-cm","10":"first","11":"instock","12":"shipping-taxable","13":"purchasable","14":"product-type-variable"},"yoast_head":"<!-- This site is optimized with the Yoast SEO plugin v27.3 - https:\/\/yoast.com\/product\/yoast-seo-wordpress\/ -->\n<title>\u0160erpa fl\u012bsa sega 150x200 cm | AZTEX<\/title>\n<meta name=\"description\" content=\"\u012apa\u0161i m\u012bksta un silta 150x200 cm Sherpa fl\u012bsa sega, kas pied\u0101v\u0101 maksim\u0101lu komfortu. Ide\u0101ls sabiedrotais v\u0113s\u0101kiem vakariem un atp\u016btai.\" \/>\n<meta name=\"robots\" content=\"index, follow, max-snippet:-1, max-image-preview:large, max-video-preview:-1\" \/>\n<link rel=\"canonical\" href=\"https:\/\/aztex.ee\/lv\/pood\/segas-un-pledi\/serpa-flisa-sega-150x200-cm\/\" \/>\n<meta property=\"og:locale\" content=\"lv_LV\" \/>\n<meta property=\"og:type\" content=\"article\" \/>\n<meta property=\"og:title\" content=\"\u0160erpa fl\u012bsa sega 150x200 cm | AZTEX\" \/>\n<meta property=\"og:description\" content=\"\u012apa\u0161i m\u012bksta un silta 150x200 cm Sherpa fl\u012bsa sega, kas pied\u0101v\u0101 maksim\u0101lu komfortu. Ide\u0101ls sabiedrotais v\u0113s\u0101kiem vakariem un atp\u016btai.\" \/>\n<meta property=\"og:url\" content=\"https:\/\/aztex.ee\/lv\/pood\/segas-un-pledi\/serpa-flisa-sega-150x200-cm\/\" \/>\n<meta property=\"og:site_name\" content=\"AZTEX\" \/>\n<meta property=\"article:publisher\" content=\"https:\/\/www.facebook.com\/AztexEE\" \/>\n<meta property=\"article:modified_time\" content=\"2026-02-01T16:43:45+00:00\" \/>\n<meta property=\"og:image\" content=\"https:\/\/aztex.ee\/wp-content\/uploads\/2025\/02\/Sherpa-fliis-tekk-150x200-cm.jpg\" \/>\n\t<meta property=\"og:image:width\" content=\"800\" \/>\n\t<meta property=\"og:image:height\" content=\"800\" \/>\n\t<meta property=\"og:image:type\" content=\"image\/jpeg\" \/>\n<meta name=\"twitter:card\" content=\"summary_large_image\" \/>\n<meta name=\"twitter:label1\" content=\"Est. reading time\" \/>\n\t<meta name=\"twitter:data1\" content=\"2 minutes\" \/>\n<script type=\"application\/ld+json\" class=\"yoast-schema-graph\">{\"@context\":\"https:\\\/\\\/schema.org\",\"@graph\":[{\"@type\":[\"WebPage\",\"ItemPage\"],\"@id\":\"https:\\\/\\\/aztex.ee\\\/lv\\\/pood\\\/segas-un-pledi\\\/serpa-flisa-sega-150x200-cm\\\/\",\"url\":\"https:\\\/\\\/aztex.ee\\\/lv\\\/pood\\\/segas-un-pledi\\\/serpa-flisa-sega-150x200-cm\\\/\",\"name\":\"\u0160erpa fl\u012bsa sega 150x200 cm | AZTEX\",\"isPartOf\":{\"@id\":\"https:\\\/\\\/aztex.ee\\\/lv\\\/#website\"},\"primaryImageOfPage\":{\"@id\":\"https:\\\/\\\/aztex.ee\\\/lv\\\/pood\\\/segas-un-pledi\\\/serpa-flisa-sega-150x200-cm\\\/#primaryimage\"},\"image\":{\"@id\":\"https:\\\/\\\/aztex.ee\\\/lv\\\/pood\\\/segas-un-pledi\\\/serpa-flisa-sega-150x200-cm\\\/#primaryimage\"},\"thumbnailUrl\":\"https:\\\/\\\/aztex.ee\\\/wp-content\\\/uploads\\\/2025\\\/02\\\/Sherpa-fliis-tekk-150x200-cm.jpg\",\"datePublished\":\"2025-02-26T09:58:55+00:00\",\"dateModified\":\"2026-02-01T16:43:45+00:00\",\"description\":\"\u012apa\u0161i m\u012bksta un silta 150x200 cm Sherpa fl\u012bsa sega, kas pied\u0101v\u0101 maksim\u0101lu komfortu. Ide\u0101ls sabiedrotais v\u0113s\u0101kiem vakariem un atp\u016btai.\",\"breadcrumb\":{\"@id\":\"https:\\\/\\\/aztex.ee\\\/lv\\\/pood\\\/segas-un-pledi\\\/serpa-flisa-sega-150x200-cm\\\/#breadcrumb\"},\"inLanguage\":\"lv-LV\",\"potentialAction\":[{\"@type\":\"ReadAction\",\"target\":[\"https:\\\/\\\/aztex.ee\\\/lv\\\/pood\\\/segas-un-pledi\\\/serpa-flisa-sega-150x200-cm\\\/\"]}]},{\"@type\":\"ImageObject\",\"inLanguage\":\"lv-LV\",\"@id\":\"https:\\\/\\\/aztex.ee\\\/lv\\\/pood\\\/segas-un-pledi\\\/serpa-flisa-sega-150x200-cm\\\/#primaryimage\",\"url\":\"https:\\\/\\\/aztex.ee\\\/wp-content\\\/uploads\\\/2025\\\/02\\\/Sherpa-fliis-tekk-150x200-cm.jpg\",\"contentUrl\":\"https:\\\/\\\/aztex.ee\\\/wp-content\\\/uploads\\\/2025\\\/02\\\/Sherpa-fliis-tekk-150x200-cm.jpg\",\"width\":800,\"height\":800,\"caption\":\"Sherpa fliis tekk 150x200 cm\"},{\"@type\":\"BreadcrumbList\",\"@id\":\"https:\\\/\\\/aztex.ee\\\/lv\\\/pood\\\/segas-un-pledi\\\/serpa-flisa-sega-150x200-cm\\\/#breadcrumb\",\"itemListElement\":[{\"@type\":\"ListItem\",\"position\":1,\"name\":\"S\u0101kums\",\"item\":\"https:\\\/\\\/aztex.ee\\\/lv\\\/\"},{\"@type\":\"ListItem\",\"position\":2,\"name\":\"Veikals\",\"item\":\"https:\\\/\\\/aztex.ee\\\/lv\\\/veikals\\\/\"},{\"@type\":\"ListItem\",\"position\":3,\"name\":\"\u0160erpa fl\u012bsa sega 150&#215;200 cm\"}]},{\"@type\":\"WebSite\",\"@id\":\"https:\\\/\\\/aztex.ee\\\/lv\\\/#website\",\"url\":\"https:\\\/\\\/aztex.ee\\\/lv\\\/\",\"name\":\"AZTEX\",\"description\":\"\",\"publisher\":{\"@id\":\"https:\\\/\\\/aztex.ee\\\/lv\\\/#organization\"},\"potentialAction\":[{\"@type\":\"SearchAction\",\"target\":{\"@type\":\"EntryPoint\",\"urlTemplate\":\"https:\\\/\\\/aztex.ee\\\/lv\\\/?s={search_term_string}\"},\"query-input\":{\"@type\":\"PropertyValueSpecification\",\"valueRequired\":true,\"valueName\":\"search_term_string\"}}],\"inLanguage\":\"lv-LV\"},{\"@type\":\"Organization\",\"@id\":\"https:\\\/\\\/aztex.ee\\\/lv\\\/#organization\",\"name\":\"AZTEX\",\"url\":\"https:\\\/\\\/aztex.ee\\\/lv\\\/\",\"logo\":{\"@type\":\"ImageObject\",\"inLanguage\":\"lv-LV\",\"@id\":\"https:\\\/\\\/aztex.ee\\\/lv\\\/#\\\/schema\\\/logo\\\/image\\\/\",\"url\":\"https:\\\/\\\/aztex.ee\\\/wp-content\\\/uploads\\\/2026\\\/01\\\/AZTEX.png\",\"contentUrl\":\"https:\\\/\\\/aztex.ee\\\/wp-content\\\/uploads\\\/2026\\\/01\\\/AZTEX.png\",\"width\":500,\"height\":500,\"caption\":\"AZTEX\"},\"image\":{\"@id\":\"https:\\\/\\\/aztex.ee\\\/lv\\\/#\\\/schema\\\/logo\\\/image\\\/\"},\"sameAs\":[\"https:\\\/\\\/www.facebook.com\\\/AztexEE\",\"https:\\\/\\\/www.instagram.com\\\/aztexeesti\\\/\",\"https:\\\/\\\/www.youtube.com\\\/@AZTEXEE\",\"https:\\\/\\\/www.pinterest.com\\\/aztex_eesti\\\/\",\"https:\\\/\\\/www.tiktok.com\\\/@aztexeesti\",\"https:\\\/\\\/www.trustpilot.com\\\/review\\\/aztex.ee\",\"https:\\\/\\\/www.linkedin.com\\\/company\\\/aztex-ee\\\/\",\"https:\\\/\\\/www.wikidata.org\\\/wiki\\\/Q137560182\"]}]}<\/script>\n<!-- \/ Yoast SEO plugin. -->","yoast_head_json":{"title":"\u0160erpa fl\u012bsa sega 150x200 cm | AZTEX","description":"\u012apa\u0161i m\u012bksta un silta 150x200 cm Sherpa fl\u012bsa sega, kas pied\u0101v\u0101 maksim\u0101lu komfortu. Ide\u0101ls sabiedrotais v\u0113s\u0101kiem vakariem un atp\u016btai.","robots":{"index":"index","follow":"follow","max-snippet":"max-snippet:-1","max-image-preview":"max-image-preview:large","max-video-preview":"max-video-preview:-1"},"canonical":"https:\/\/aztex.ee\/lv\/pood\/segas-un-pledi\/serpa-flisa-sega-150x200-cm\/","og_locale":"lv_LV","og_type":"article","og_title":"\u0160erpa fl\u012bsa sega 150x200 cm | AZTEX","og_description":"\u012apa\u0161i m\u012bksta un silta 150x200 cm Sherpa fl\u012bsa sega, kas pied\u0101v\u0101 maksim\u0101lu komfortu. Ide\u0101ls sabiedrotais v\u0113s\u0101kiem vakariem un atp\u016btai.","og_url":"https:\/\/aztex.ee\/lv\/pood\/segas-un-pledi\/serpa-flisa-sega-150x200-cm\/","og_site_name":"AZTEX","article_publisher":"https:\/\/www.facebook.com\/AztexEE","article_modified_time":"2026-02-01T16:43:45+00:00","og_image":[{"width":800,"height":800,"url":"https:\/\/aztex.ee\/wp-content\/uploads\/2025\/02\/Sherpa-fliis-tekk-150x200-cm.jpg","type":"image\/jpeg"}],"twitter_card":"summary_large_image","twitter_misc":{"Est. reading time":"2 minutes"},"schema":{"@context":"https:\/\/schema.org","@graph":[{"@type":["WebPage","ItemPage"],"@id":"https:\/\/aztex.ee\/lv\/pood\/segas-un-pledi\/serpa-flisa-sega-150x200-cm\/","url":"https:\/\/aztex.ee\/lv\/pood\/segas-un-pledi\/serpa-flisa-sega-150x200-cm\/","name":"\u0160erpa fl\u012bsa sega 150x200 cm | AZTEX","isPartOf":{"@id":"https:\/\/aztex.ee\/lv\/#website"},"primaryImageOfPage":{"@id":"https:\/\/aztex.ee\/lv\/pood\/segas-un-pledi\/serpa-flisa-sega-150x200-cm\/#primaryimage"},"image":{"@id":"https:\/\/aztex.ee\/lv\/pood\/segas-un-pledi\/serpa-flisa-sega-150x200-cm\/#primaryimage"},"thumbnailUrl":"https:\/\/aztex.ee\/wp-content\/uploads\/2025\/02\/Sherpa-fliis-tekk-150x200-cm.jpg","datePublished":"2025-02-26T09:58:55+00:00","dateModified":"2026-02-01T16:43:45+00:00","description":"\u012apa\u0161i m\u012bksta un silta 150x200 cm Sherpa fl\u012bsa sega, kas pied\u0101v\u0101 maksim\u0101lu komfortu. Ide\u0101ls sabiedrotais v\u0113s\u0101kiem vakariem un atp\u016btai.","breadcrumb":{"@id":"https:\/\/aztex.ee\/lv\/pood\/segas-un-pledi\/serpa-flisa-sega-150x200-cm\/#breadcrumb"},"inLanguage":"lv-LV","potentialAction":[{"@type":"ReadAction","target":["https:\/\/aztex.ee\/lv\/pood\/segas-un-pledi\/serpa-flisa-sega-150x200-cm\/"]}]},{"@type":"ImageObject","inLanguage":"lv-LV","@id":"https:\/\/aztex.ee\/lv\/pood\/segas-un-pledi\/serpa-flisa-sega-150x200-cm\/#primaryimage","url":"https:\/\/aztex.ee\/wp-content\/uploads\/2025\/02\/Sherpa-fliis-tekk-150x200-cm.jpg","contentUrl":"https:\/\/aztex.ee\/wp-content\/uploads\/2025\/02\/Sherpa-fliis-tekk-150x200-cm.jpg","width":800,"height":800,"caption":"Sherpa fliis tekk 150x200 cm"},{"@type":"BreadcrumbList","@id":"https:\/\/aztex.ee\/lv\/pood\/segas-un-pledi\/serpa-flisa-sega-150x200-cm\/#breadcrumb","itemListElement":[{"@type":"ListItem","position":1,"name":"S\u0101kums","item":"https:\/\/aztex.ee\/lv\/"},{"@type":"ListItem","position":2,"name":"Veikals","item":"https:\/\/aztex.ee\/lv\/veikals\/"},{"@type":"ListItem","position":3,"name":"\u0160erpa fl\u012bsa sega 150&#215;200 cm"}]},{"@type":"WebSite","@id":"https:\/\/aztex.ee\/lv\/#website","url":"https:\/\/aztex.ee\/lv\/","name":"AZTEX","description":"","publisher":{"@id":"https:\/\/aztex.ee\/lv\/#organization"},"potentialAction":[{"@type":"SearchAction","target":{"@type":"EntryPoint","urlTemplate":"https:\/\/aztex.ee\/lv\/?s={search_term_string}"},"query-input":{"@type":"PropertyValueSpecification","valueRequired":true,"valueName":"search_term_string"}}],"inLanguage":"lv-LV"},{"@type":"Organization","@id":"https:\/\/aztex.ee\/lv\/#organization","name":"AZTEX","url":"https:\/\/aztex.ee\/lv\/","logo":{"@type":"ImageObject","inLanguage":"lv-LV","@id":"https:\/\/aztex.ee\/lv\/#\/schema\/logo\/image\/","url":"https:\/\/aztex.ee\/wp-content\/uploads\/2026\/01\/AZTEX.png","contentUrl":"https:\/\/aztex.ee\/wp-content\/uploads\/2026\/01\/AZTEX.png","width":500,"height":500,"caption":"AZTEX"},"image":{"@id":"https:\/\/aztex.ee\/lv\/#\/schema\/logo\/image\/"},"sameAs":["https:\/\/www.facebook.com\/AztexEE","https:\/\/www.instagram.com\/aztexeesti\/","https:\/\/www.youtube.com\/@AZTEXEE","https:\/\/www.pinterest.com\/aztex_eesti\/","https:\/\/www.tiktok.com\/@aztexeesti","https:\/\/www.trustpilot.com\/review\/aztex.ee","https:\/\/www.linkedin.com\/company\/aztex-ee\/","https:\/\/www.wikidata.org\/wiki\/Q137560182"]}]}},"_links":{"self":[{"href":"https:\/\/aztex.ee\/lv\/wp-json\/wp\/v2\/product\/59844","targetHints":{"allow":["GET"]}}],"collection":[{"href":"https:\/\/aztex.ee\/lv\/wp-json\/wp\/v2\/product"}],"about":[{"href":"https:\/\/aztex.ee\/lv\/wp-json\/wp\/v2\/types\/product"}],"replies":[{"embeddable":true,"href":"https:\/\/aztex.ee\/lv\/wp-json\/wp\/v2\/comments?post=59844"}],"version-history":[{"count":0,"href":"https:\/\/aztex.ee\/lv\/wp-json\/wp\/v2\/product\/59844\/revisions"}],"wp:featuredmedia":[{"embeddable":true,"href":"https:\/\/aztex.ee\/lv\/wp-json\/wp\/v2\/media\/59963"}],"wp:attachment":[{"href":"https:\/\/aztex.ee\/lv\/wp-json\/wp\/v2\/media?parent=59844"}],"wp:term":[{"taxonomy":"product_brand","embeddable":true,"href":"https:\/\/aztex.ee\/lv\/wp-json\/wp\/v2\/product_brand?post=59844"},{"taxonomy":"product_cat","embeddable":true,"href":"https:\/\/aztex.ee\/lv\/wp-json\/wp\/v2\/product_cat?post=59844"},{"taxonomy":"product_tag","embeddable":true,"href":"https:\/\/aztex.ee\/lv\/wp-json\/wp\/v2\/product_tag?post=59844"}],"curies":[{"name":"wp","href":"https:\/\/api.w.org\/{rel}","templated":true}]}}