{"id":56047,"date":"2025-02-16T10:44:55","date_gmt":"2025-02-16T10:44:55","guid":{"rendered":"https:\/\/aztex.ee\/?post_type=product&#038;p=56047"},"modified":"2026-01-31T17:14:36","modified_gmt":"2026-01-31T17:14:36","slug":"bernu-sega-105x110-cm","status":"publish","type":"product","link":"https:\/\/aztex.ee\/lv\/pood\/bernu-pasaule\/bernu-sega-105x110-cm\/","title":{"rendered":"B\u0113rnu sega 105&#215;110 cm"},"content":{"rendered":"<p><strong>M\u012bksta un silta b\u0113rnu sega ar jautr\u0101m bild\u0113m<\/strong><\/p>\n<p><strong>Sap\u0146u sega katram b\u0113rnam<\/strong><br \/>\n\u0160\u012b jauk\u0101 b\u0113rnu sega pied\u0101v\u0101 mazajiem sap\u0146ot\u0101jiem siltumu un dro\u0161\u012bbas saj\u016btu jebkur\u0101 br\u012bd\u012b. Kr\u0101saini un jautri att\u0113li padara gul\u0113tie\u0161anas laiku v\u0113l \u012bpa\u0161\u0101ku, sniedzot prieku katrai dienai.<\/p>\n<p><strong>Komforts un kvalit\u0101te<\/strong><br \/>\nSega ir izgatavota no m\u012bksta materi\u0101la, kas pied\u0101v\u0101 pat\u012bkamu piesk\u0101rienu un ir iztur\u012bgs ikdienas lieto\u0161anai. Lieliski piem\u0113rota gul\u0113\u0161anai vai baud\u012b\u0161anai rota\u013cu st\u016br\u012bt\u012b \u2013 jautrie att\u0113li padara \u0161o segu par b\u0113rna m\u012b\u013c\u0101ko jebkur\u0101 situ\u0101cij\u0101.<\/p>\n<p><strong>Viegli kopjams<\/strong><br \/>\nMa\u0161\u012bn\u0101 mazg\u0101jama sega, kas saglab\u0101 savu maigumu un kr\u0101sain\u012bbu pat p\u0113c vair\u0101k\u0101m mazg\u0101\u0161anas reiz\u0113m. T\u0101p\u0113c tas vienm\u0113r ir svaigs, m\u012bksts un gatavs sniegt siltumu un komfortu jebkur\u0101 br\u012bd\u012b.<\/p>\n<p><strong>Ide\u0101la d\u0101vanas ideja<\/strong><br \/>\n\u0160\u012b jauk\u0101 sega ir lieliska d\u0101vana z\u012bdai\u0146iem un maziem b\u0113rniem\u00a0\u2014 vienalga, vai t\u0101 ir ka\u0137im, dzim\u0161anas dien\u0101 vai vienk\u0101r\u0161i prieka sag\u0101d\u0101\u0161anai. Sega rada m\u0101jokl\u012b siltu un m\u0101j\u012bgu atmosf\u0113ru, ienesot prieku par katru dienu.<\/p>\n<p>Uzd\u0101vini savam b\u0113rnam lab\u0101ko d\u0101vanu \u2013 siltu, m\u012bkstu un jautru sedzi\u0146u, kas pavad\u012bs vi\u0146u visda\u017e\u0101d\u0101kajos piedz\u012bvojumos!<\/p>\n","protected":false},"excerpt":{"rendered":"<ul>\n<li>Materi\u0101ls: Poliesters<\/li>\n<li>Izm\u0113rs: 105&#215;110 cm \u00b13<\/li>\n<li>Svars: 0,7 kg<\/li>\n<\/ul>\n","protected":false},"featured_media":56142,"comment_status":"open","ping_status":"closed","template":"","meta":[],"product_brand":[],"product_cat":[2217,2239],"product_tag":[],"class_list":{"0":"post-56047","1":"product","2":"type-product","3":"status-publish","4":"has-post-thumbnail","6":"product_cat-bernu-pasaule","7":"product_cat-bernu-segas","9":"first","10":"instock","11":"sale","12":"shipping-taxable","13":"purchasable","14":"product-type-variable"},"yoast_head":"<!-- This site is optimized with the Yoast SEO plugin v27.3 - https:\/\/yoast.com\/product\/yoast-seo-wordpress\/ -->\n<title>B\u0113rnu sega 105x110 cm | AZTEX<\/title>\n<meta name=\"description\" content=\"M\u012bksta un silta b\u0113rnu sega ar jautr\u0101m bild\u0113m! Ide\u0101ls pavadonis gul\u0113\u0161anai, gl\u0101st\u012b\u0161anai un sp\u0113l\u0113\u0161anai. Sag\u0101d\u0101 prieku ikvienam b\u0113rnam!\" \/>\n<meta name=\"robots\" content=\"index, follow, max-snippet:-1, max-image-preview:large, max-video-preview:-1\" \/>\n<link rel=\"canonical\" href=\"https:\/\/aztex.ee\/lv\/pood\/bernu-pasaule\/bernu-sega-105x110-cm\/\" \/>\n<meta property=\"og:locale\" content=\"lv_LV\" \/>\n<meta property=\"og:type\" content=\"article\" \/>\n<meta property=\"og:title\" content=\"B\u0113rnu sega 105x110 cm | AZTEX\" \/>\n<meta property=\"og:description\" content=\"M\u012bksta un silta b\u0113rnu sega ar jautr\u0101m bild\u0113m! Ide\u0101ls pavadonis gul\u0113\u0161anai, gl\u0101st\u012b\u0161anai un sp\u0113l\u0113\u0161anai. Sag\u0101d\u0101 prieku ikvienam b\u0113rnam!\" \/>\n<meta property=\"og:url\" content=\"https:\/\/aztex.ee\/lv\/pood\/bernu-pasaule\/bernu-sega-105x110-cm\/\" \/>\n<meta property=\"og:site_name\" content=\"AZTEX\" \/>\n<meta property=\"article:publisher\" content=\"https:\/\/www.facebook.com\/AztexEE\" \/>\n<meta property=\"article:modified_time\" content=\"2026-01-31T17:14:36+00:00\" \/>\n<meta property=\"og:image\" content=\"https:\/\/aztex.ee\/wp-content\/uploads\/2025\/02\/Laste-tekid.jpg\" \/>\n\t<meta property=\"og:image:width\" content=\"800\" \/>\n\t<meta property=\"og:image:height\" content=\"800\" \/>\n\t<meta property=\"og:image:type\" content=\"image\/jpeg\" \/>\n<meta name=\"twitter:card\" content=\"summary_large_image\" \/>\n<meta name=\"twitter:label1\" content=\"Est. reading time\" \/>\n\t<meta name=\"twitter:data1\" content=\"2 minutes\" \/>\n<script type=\"application\/ld+json\" class=\"yoast-schema-graph\">{\"@context\":\"https:\\\/\\\/schema.org\",\"@graph\":[{\"@type\":[\"WebPage\",\"ItemPage\"],\"@id\":\"https:\\\/\\\/aztex.ee\\\/lv\\\/pood\\\/bernu-pasaule\\\/bernu-sega-105x110-cm\\\/\",\"url\":\"https:\\\/\\\/aztex.ee\\\/lv\\\/pood\\\/bernu-pasaule\\\/bernu-sega-105x110-cm\\\/\",\"name\":\"B\u0113rnu sega 105x110 cm | AZTEX\",\"isPartOf\":{\"@id\":\"https:\\\/\\\/aztex.ee\\\/lv\\\/#website\"},\"primaryImageOfPage\":{\"@id\":\"https:\\\/\\\/aztex.ee\\\/lv\\\/pood\\\/bernu-pasaule\\\/bernu-sega-105x110-cm\\\/#primaryimage\"},\"image\":{\"@id\":\"https:\\\/\\\/aztex.ee\\\/lv\\\/pood\\\/bernu-pasaule\\\/bernu-sega-105x110-cm\\\/#primaryimage\"},\"thumbnailUrl\":\"https:\\\/\\\/aztex.ee\\\/wp-content\\\/uploads\\\/2025\\\/02\\\/Laste-tekid.jpg\",\"datePublished\":\"2025-02-16T10:44:55+00:00\",\"dateModified\":\"2026-01-31T17:14:36+00:00\",\"description\":\"M\u012bksta un silta b\u0113rnu sega ar jautr\u0101m bild\u0113m! Ide\u0101ls pavadonis gul\u0113\u0161anai, gl\u0101st\u012b\u0161anai un sp\u0113l\u0113\u0161anai. Sag\u0101d\u0101 prieku ikvienam b\u0113rnam!\",\"breadcrumb\":{\"@id\":\"https:\\\/\\\/aztex.ee\\\/lv\\\/pood\\\/bernu-pasaule\\\/bernu-sega-105x110-cm\\\/#breadcrumb\"},\"inLanguage\":\"lv-LV\",\"potentialAction\":[{\"@type\":\"ReadAction\",\"target\":[\"https:\\\/\\\/aztex.ee\\\/lv\\\/pood\\\/bernu-pasaule\\\/bernu-sega-105x110-cm\\\/\"]}]},{\"@type\":\"ImageObject\",\"inLanguage\":\"lv-LV\",\"@id\":\"https:\\\/\\\/aztex.ee\\\/lv\\\/pood\\\/bernu-pasaule\\\/bernu-sega-105x110-cm\\\/#primaryimage\",\"url\":\"https:\\\/\\\/aztex.ee\\\/wp-content\\\/uploads\\\/2025\\\/02\\\/Laste-tekid.jpg\",\"contentUrl\":\"https:\\\/\\\/aztex.ee\\\/wp-content\\\/uploads\\\/2025\\\/02\\\/Laste-tekid.jpg\",\"width\":800,\"height\":800,\"caption\":\"Laste tekid\"},{\"@type\":\"BreadcrumbList\",\"@id\":\"https:\\\/\\\/aztex.ee\\\/lv\\\/pood\\\/bernu-pasaule\\\/bernu-sega-105x110-cm\\\/#breadcrumb\",\"itemListElement\":[{\"@type\":\"ListItem\",\"position\":1,\"name\":\"S\u0101kums\",\"item\":\"https:\\\/\\\/aztex.ee\\\/lv\\\/\"},{\"@type\":\"ListItem\",\"position\":2,\"name\":\"Veikals\",\"item\":\"https:\\\/\\\/aztex.ee\\\/lv\\\/veikals\\\/\"},{\"@type\":\"ListItem\",\"position\":3,\"name\":\"B\u0113rnu sega 105&#215;110 cm\"}]},{\"@type\":\"WebSite\",\"@id\":\"https:\\\/\\\/aztex.ee\\\/lv\\\/#website\",\"url\":\"https:\\\/\\\/aztex.ee\\\/lv\\\/\",\"name\":\"AZTEX\",\"description\":\"\",\"publisher\":{\"@id\":\"https:\\\/\\\/aztex.ee\\\/lv\\\/#organization\"},\"potentialAction\":[{\"@type\":\"SearchAction\",\"target\":{\"@type\":\"EntryPoint\",\"urlTemplate\":\"https:\\\/\\\/aztex.ee\\\/lv\\\/?s={search_term_string}\"},\"query-input\":{\"@type\":\"PropertyValueSpecification\",\"valueRequired\":true,\"valueName\":\"search_term_string\"}}],\"inLanguage\":\"lv-LV\"},{\"@type\":\"Organization\",\"@id\":\"https:\\\/\\\/aztex.ee\\\/lv\\\/#organization\",\"name\":\"AZTEX\",\"url\":\"https:\\\/\\\/aztex.ee\\\/lv\\\/\",\"logo\":{\"@type\":\"ImageObject\",\"inLanguage\":\"lv-LV\",\"@id\":\"https:\\\/\\\/aztex.ee\\\/lv\\\/#\\\/schema\\\/logo\\\/image\\\/\",\"url\":\"https:\\\/\\\/aztex.ee\\\/wp-content\\\/uploads\\\/2026\\\/01\\\/AZTEX.png\",\"contentUrl\":\"https:\\\/\\\/aztex.ee\\\/wp-content\\\/uploads\\\/2026\\\/01\\\/AZTEX.png\",\"width\":500,\"height\":500,\"caption\":\"AZTEX\"},\"image\":{\"@id\":\"https:\\\/\\\/aztex.ee\\\/lv\\\/#\\\/schema\\\/logo\\\/image\\\/\"},\"sameAs\":[\"https:\\\/\\\/www.facebook.com\\\/AztexEE\",\"https:\\\/\\\/www.instagram.com\\\/aztexeesti\\\/\",\"https:\\\/\\\/www.youtube.com\\\/@AZTEXEE\",\"https:\\\/\\\/www.pinterest.com\\\/aztex_eesti\\\/\",\"https:\\\/\\\/www.tiktok.com\\\/@aztexeesti\",\"https:\\\/\\\/www.trustpilot.com\\\/review\\\/aztex.ee\",\"https:\\\/\\\/www.linkedin.com\\\/company\\\/aztex-ee\\\/\",\"https:\\\/\\\/www.wikidata.org\\\/wiki\\\/Q137560182\"]}]}<\/script>\n<!-- \/ Yoast SEO plugin. -->","yoast_head_json":{"title":"B\u0113rnu sega 105x110 cm | AZTEX","description":"M\u012bksta un silta b\u0113rnu sega ar jautr\u0101m bild\u0113m! Ide\u0101ls pavadonis gul\u0113\u0161anai, gl\u0101st\u012b\u0161anai un sp\u0113l\u0113\u0161anai. Sag\u0101d\u0101 prieku ikvienam b\u0113rnam!","robots":{"index":"index","follow":"follow","max-snippet":"max-snippet:-1","max-image-preview":"max-image-preview:large","max-video-preview":"max-video-preview:-1"},"canonical":"https:\/\/aztex.ee\/lv\/pood\/bernu-pasaule\/bernu-sega-105x110-cm\/","og_locale":"lv_LV","og_type":"article","og_title":"B\u0113rnu sega 105x110 cm | AZTEX","og_description":"M\u012bksta un silta b\u0113rnu sega ar jautr\u0101m bild\u0113m! Ide\u0101ls pavadonis gul\u0113\u0161anai, gl\u0101st\u012b\u0161anai un sp\u0113l\u0113\u0161anai. Sag\u0101d\u0101 prieku ikvienam b\u0113rnam!","og_url":"https:\/\/aztex.ee\/lv\/pood\/bernu-pasaule\/bernu-sega-105x110-cm\/","og_site_name":"AZTEX","article_publisher":"https:\/\/www.facebook.com\/AztexEE","article_modified_time":"2026-01-31T17:14:36+00:00","og_image":[{"width":800,"height":800,"url":"https:\/\/aztex.ee\/wp-content\/uploads\/2025\/02\/Laste-tekid.jpg","type":"image\/jpeg"}],"twitter_card":"summary_large_image","twitter_misc":{"Est. reading time":"2 minutes"},"schema":{"@context":"https:\/\/schema.org","@graph":[{"@type":["WebPage","ItemPage"],"@id":"https:\/\/aztex.ee\/lv\/pood\/bernu-pasaule\/bernu-sega-105x110-cm\/","url":"https:\/\/aztex.ee\/lv\/pood\/bernu-pasaule\/bernu-sega-105x110-cm\/","name":"B\u0113rnu sega 105x110 cm | AZTEX","isPartOf":{"@id":"https:\/\/aztex.ee\/lv\/#website"},"primaryImageOfPage":{"@id":"https:\/\/aztex.ee\/lv\/pood\/bernu-pasaule\/bernu-sega-105x110-cm\/#primaryimage"},"image":{"@id":"https:\/\/aztex.ee\/lv\/pood\/bernu-pasaule\/bernu-sega-105x110-cm\/#primaryimage"},"thumbnailUrl":"https:\/\/aztex.ee\/wp-content\/uploads\/2025\/02\/Laste-tekid.jpg","datePublished":"2025-02-16T10:44:55+00:00","dateModified":"2026-01-31T17:14:36+00:00","description":"M\u012bksta un silta b\u0113rnu sega ar jautr\u0101m bild\u0113m! Ide\u0101ls pavadonis gul\u0113\u0161anai, gl\u0101st\u012b\u0161anai un sp\u0113l\u0113\u0161anai. Sag\u0101d\u0101 prieku ikvienam b\u0113rnam!","breadcrumb":{"@id":"https:\/\/aztex.ee\/lv\/pood\/bernu-pasaule\/bernu-sega-105x110-cm\/#breadcrumb"},"inLanguage":"lv-LV","potentialAction":[{"@type":"ReadAction","target":["https:\/\/aztex.ee\/lv\/pood\/bernu-pasaule\/bernu-sega-105x110-cm\/"]}]},{"@type":"ImageObject","inLanguage":"lv-LV","@id":"https:\/\/aztex.ee\/lv\/pood\/bernu-pasaule\/bernu-sega-105x110-cm\/#primaryimage","url":"https:\/\/aztex.ee\/wp-content\/uploads\/2025\/02\/Laste-tekid.jpg","contentUrl":"https:\/\/aztex.ee\/wp-content\/uploads\/2025\/02\/Laste-tekid.jpg","width":800,"height":800,"caption":"Laste tekid"},{"@type":"BreadcrumbList","@id":"https:\/\/aztex.ee\/lv\/pood\/bernu-pasaule\/bernu-sega-105x110-cm\/#breadcrumb","itemListElement":[{"@type":"ListItem","position":1,"name":"S\u0101kums","item":"https:\/\/aztex.ee\/lv\/"},{"@type":"ListItem","position":2,"name":"Veikals","item":"https:\/\/aztex.ee\/lv\/veikals\/"},{"@type":"ListItem","position":3,"name":"B\u0113rnu sega 105&#215;110 cm"}]},{"@type":"WebSite","@id":"https:\/\/aztex.ee\/lv\/#website","url":"https:\/\/aztex.ee\/lv\/","name":"AZTEX","description":"","publisher":{"@id":"https:\/\/aztex.ee\/lv\/#organization"},"potentialAction":[{"@type":"SearchAction","target":{"@type":"EntryPoint","urlTemplate":"https:\/\/aztex.ee\/lv\/?s={search_term_string}"},"query-input":{"@type":"PropertyValueSpecification","valueRequired":true,"valueName":"search_term_string"}}],"inLanguage":"lv-LV"},{"@type":"Organization","@id":"https:\/\/aztex.ee\/lv\/#organization","name":"AZTEX","url":"https:\/\/aztex.ee\/lv\/","logo":{"@type":"ImageObject","inLanguage":"lv-LV","@id":"https:\/\/aztex.ee\/lv\/#\/schema\/logo\/image\/","url":"https:\/\/aztex.ee\/wp-content\/uploads\/2026\/01\/AZTEX.png","contentUrl":"https:\/\/aztex.ee\/wp-content\/uploads\/2026\/01\/AZTEX.png","width":500,"height":500,"caption":"AZTEX"},"image":{"@id":"https:\/\/aztex.ee\/lv\/#\/schema\/logo\/image\/"},"sameAs":["https:\/\/www.facebook.com\/AztexEE","https:\/\/www.instagram.com\/aztexeesti\/","https:\/\/www.youtube.com\/@AZTEXEE","https:\/\/www.pinterest.com\/aztex_eesti\/","https:\/\/www.tiktok.com\/@aztexeesti","https:\/\/www.trustpilot.com\/review\/aztex.ee","https:\/\/www.linkedin.com\/company\/aztex-ee\/","https:\/\/www.wikidata.org\/wiki\/Q137560182"]}]}},"_links":{"self":[{"href":"https:\/\/aztex.ee\/lv\/wp-json\/wp\/v2\/product\/56047","targetHints":{"allow":["GET"]}}],"collection":[{"href":"https:\/\/aztex.ee\/lv\/wp-json\/wp\/v2\/product"}],"about":[{"href":"https:\/\/aztex.ee\/lv\/wp-json\/wp\/v2\/types\/product"}],"replies":[{"embeddable":true,"href":"https:\/\/aztex.ee\/lv\/wp-json\/wp\/v2\/comments?post=56047"}],"version-history":[{"count":0,"href":"https:\/\/aztex.ee\/lv\/wp-json\/wp\/v2\/product\/56047\/revisions"}],"wp:featuredmedia":[{"embeddable":true,"href":"https:\/\/aztex.ee\/lv\/wp-json\/wp\/v2\/media\/56142"}],"wp:attachment":[{"href":"https:\/\/aztex.ee\/lv\/wp-json\/wp\/v2\/media?parent=56047"}],"wp:term":[{"taxonomy":"product_brand","embeddable":true,"href":"https:\/\/aztex.ee\/lv\/wp-json\/wp\/v2\/product_brand?post=56047"},{"taxonomy":"product_cat","embeddable":true,"href":"https:\/\/aztex.ee\/lv\/wp-json\/wp\/v2\/product_cat?post=56047"},{"taxonomy":"product_tag","embeddable":true,"href":"https:\/\/aztex.ee\/lv\/wp-json\/wp\/v2\/product_tag?post=56047"}],"curies":[{"name":"wp","href":"https:\/\/api.w.org\/{rel}","templated":true}]}}