{"id":50152,"date":"2025-02-05T22:02:46","date_gmt":"2025-02-05T22:02:46","guid":{"rendered":"https:\/\/aztex.ee\/?post_type=product&#038;p=50152"},"modified":"2026-04-29T11:46:28","modified_gmt":"2026-04-29T11:46:28","slug":"raschel-sega-200x230-cm","status":"publish","type":"product","link":"https:\/\/aztex.ee\/lv\/pood\/segas-un-pledi\/raschel-sega-200x230-cm\/","title":{"rendered":"Raschel sega 200&#215;230 cm | 3,5 kg"},"content":{"rendered":"<p><strong>Raschel sega \u2013 grezns maigums un stils<\/strong><\/p>\n<p>Raschel sega apvieno siltumu, komfortu un stilu vien\u0101 izstr\u0101d\u0101jum\u0101. Grezns maigums padara ikdienas lieto\u0161anu m\u0101j\u012bgu un pat\u012bkamu. Segas tekst\u016bra pied\u0101v\u0101 pat\u012bkamu pieredzi, b\u016bdama m\u012bksta un taj\u0101 pa\u0161\u0101 laik\u0101 pietiekami iztur\u012bga, lai nodro\u0161in\u0101tu ilgsto\u0161u lieto\u0161anu. Da\u017e\u0101di kr\u0101su to\u0146i un skaisti raksti iederas jebkur\u0101 interjera dizain\u0101, pie\u0161\u0137irot telp\u0101m siltumu, eleganci un stilu.<\/p>\n<p>Raschel sega ir paredz\u0113ta lieto\u0161anai ne tikai gult\u0101, bet ar\u012b uz d\u012bv\u0101na vai cit\u0101s telp\u0101s, kur ir v\u0113lme pievienot siltumu un greznu atmosf\u0113ru. Raschel segas biezums nodro\u0161ina siltumu saglab\u0101jo\u0161u efektu, savuk\u0101rt m\u012bkst\u0101 tekst\u016bra padara katru lieto\u0161anas veidu \u012bpa\u0161u un \u0113rtu.<\/p>\n<p><strong>Siltums un komforts<\/strong><\/p>\n<p>Raschel sega pied\u0101v\u0101 izcilu siltumu un komfortu, kas ir lieliska izv\u0113le aukst\u0101k\u0101m dien\u0101m. T\u0101 siltumu saglab\u0101jo\u0161\u0101s \u012bpa\u0161\u012bbas nodro\u0161ina pat\u012bkamu un m\u0101j\u012bgu vidi, nodro\u0161inot papildu komfortu, kad nepiecie\u0161ama silta un m\u0101j\u012bga apk\u0101rtne. Segas dizains veidots t\u0101, lai sniegtu papildus siltuma saj\u016btu, lai t\u0101 neb\u016btu p\u0101r\u0101k smaga vai ne\u0113rta.<\/p>\n<p><strong>Elegance un stils katr\u0101 istab\u0101<\/strong><\/p>\n<p>Segas dizains ir vienk\u0101r\u0161s un elegants, iek\u013caujoties jebkur\u0101 interjer\u0101. Kr\u0101su daudzveid\u012bba, s\u0101kot no klasiskiem neitr\u0101liem l\u012bdz drosm\u012bg\u0101kiem to\u0146iem, padara Raschel segu piem\u0113rotu jebkurai telpai, neatkar\u012bgi no t\u0101, vai t\u0101 ir klasiska, moderna vai minim\u0101listiska. Sega pie\u0161\u0137ir siltumu un stilu jebkurai telpai, kas ir ide\u0101ls papildin\u0101jums jebkuram interjera dizainam. Segas dizains papildina jebkuru telpu, pievienojot siltumu un greznu noska\u0146u. Raschel sega ir ide\u0101ls produkts, kas apvieno siltumu, komfortu un stilu vien\u0101 grezn\u0101 pieredz\u0113.<\/p>\n","protected":false},"excerpt":{"rendered":"<ul>\n<li>Materi\u0101ls: Poliesters<\/li>\n<li>Izm\u0113rs: 200&#215;230 cm \u00b13<\/li>\n<li>Svars: 3,5 kg<\/li>\n<\/ul>\n","protected":false},"featured_media":50247,"comment_status":"open","ping_status":"closed","template":"","meta":[],"product_brand":[],"product_cat":[3046,3090,1871],"product_tag":[],"class_list":{"0":"post-50152","1":"product","2":"type-product","3":"status-publish","4":"has-post-thumbnail","6":"product_cat-rasela-segas","7":"product_cat-rasela-segas-200x230-cm","8":"product_cat-segas-un-pledi","10":"first","11":"instock","12":"shipping-taxable","13":"purchasable","14":"product-type-variable"},"yoast_head":"<!-- This site is optimized with the Yoast SEO plugin v27.6 - https:\/\/yoast.com\/product\/yoast-seo-wordpress\/ -->\n<title>Divsl\u0101\u0146u m\u012bksta sega 200x230 cm | AZTEX<\/title>\n<meta name=\"description\" content=\"Raschel sega apvieno maigumu un eleganci, iek\u013caujoties jebkur\u0101 interjer\u0101. Pied\u0101v\u0101jot siltumu un greznu komfortu, t\u0101 ir lieliska izv\u0113le stil\u012bgam\" \/>\n<meta name=\"robots\" content=\"index, follow, max-snippet:-1, max-image-preview:large, max-video-preview:-1\" \/>\n<link rel=\"canonical\" href=\"https:\/\/aztex.ee\/lv\/pood\/segas-un-pledi\/raschel-sega-200x230-cm\/\" \/>\n<meta property=\"og:locale\" content=\"lv_LV\" \/>\n<meta property=\"og:type\" content=\"article\" \/>\n<meta property=\"og:title\" content=\"Divsl\u0101\u0146u m\u012bksta sega 200x230 cm | AZTEX\" \/>\n<meta property=\"og:description\" content=\"Raschel sega apvieno maigumu un eleganci, iek\u013caujoties jebkur\u0101 interjer\u0101. Pied\u0101v\u0101jot siltumu un greznu komfortu, t\u0101 ir lieliska izv\u0113le stil\u012bgam\" \/>\n<meta property=\"og:url\" content=\"https:\/\/aztex.ee\/lv\/pood\/segas-un-pledi\/raschel-sega-200x230-cm\/\" \/>\n<meta property=\"og:site_name\" content=\"AZTEX\" \/>\n<meta property=\"article:publisher\" content=\"https:\/\/www.facebook.com\/AztexEE\" \/>\n<meta property=\"article:modified_time\" content=\"2026-04-29T11:46:28+00:00\" \/>\n<meta property=\"og:image\" content=\"https:\/\/aztex.ee\/wp-content\/uploads\/2025\/02\/Raschel-tekk.jpg\" \/>\n\t<meta property=\"og:image:width\" content=\"800\" \/>\n\t<meta property=\"og:image:height\" content=\"800\" \/>\n\t<meta property=\"og:image:type\" content=\"image\/jpeg\" \/>\n<meta name=\"twitter:card\" content=\"summary_large_image\" \/>\n<meta name=\"twitter:label1\" content=\"Est. reading time\" \/>\n\t<meta name=\"twitter:data1\" content=\"2 minutes\" \/>\n<script type=\"application\/ld+json\" class=\"yoast-schema-graph\">{\"@context\":\"https:\\\/\\\/schema.org\",\"@graph\":[{\"@type\":[\"WebPage\",\"ItemPage\"],\"@id\":\"https:\\\/\\\/aztex.ee\\\/lv\\\/pood\\\/segas-un-pledi\\\/raschel-sega-200x230-cm\\\/\",\"url\":\"https:\\\/\\\/aztex.ee\\\/lv\\\/pood\\\/segas-un-pledi\\\/raschel-sega-200x230-cm\\\/\",\"name\":\"Divsl\u0101\u0146u m\u012bksta sega 200x230 cm | AZTEX\",\"isPartOf\":{\"@id\":\"https:\\\/\\\/aztex.ee\\\/lv\\\/#website\"},\"primaryImageOfPage\":{\"@id\":\"https:\\\/\\\/aztex.ee\\\/lv\\\/pood\\\/segas-un-pledi\\\/raschel-sega-200x230-cm\\\/#primaryimage\"},\"image\":{\"@id\":\"https:\\\/\\\/aztex.ee\\\/lv\\\/pood\\\/segas-un-pledi\\\/raschel-sega-200x230-cm\\\/#primaryimage\"},\"thumbnailUrl\":\"https:\\\/\\\/aztex.ee\\\/wp-content\\\/uploads\\\/2025\\\/02\\\/Raschel-tekk.jpg\",\"datePublished\":\"2025-02-05T22:02:46+00:00\",\"dateModified\":\"2026-04-29T11:46:28+00:00\",\"description\":\"Raschel sega apvieno maigumu un eleganci, iek\u013caujoties jebkur\u0101 interjer\u0101. Pied\u0101v\u0101jot siltumu un greznu komfortu, t\u0101 ir lieliska izv\u0113le stil\u012bgam\",\"breadcrumb\":{\"@id\":\"https:\\\/\\\/aztex.ee\\\/lv\\\/pood\\\/segas-un-pledi\\\/raschel-sega-200x230-cm\\\/#breadcrumb\"},\"inLanguage\":\"lv-LV\",\"potentialAction\":[{\"@type\":\"ReadAction\",\"target\":[\"https:\\\/\\\/aztex.ee\\\/lv\\\/pood\\\/segas-un-pledi\\\/raschel-sega-200x230-cm\\\/\"]}]},{\"@type\":\"ImageObject\",\"inLanguage\":\"lv-LV\",\"@id\":\"https:\\\/\\\/aztex.ee\\\/lv\\\/pood\\\/segas-un-pledi\\\/raschel-sega-200x230-cm\\\/#primaryimage\",\"url\":\"https:\\\/\\\/aztex.ee\\\/wp-content\\\/uploads\\\/2025\\\/02\\\/Raschel-tekk.jpg\",\"contentUrl\":\"https:\\\/\\\/aztex.ee\\\/wp-content\\\/uploads\\\/2025\\\/02\\\/Raschel-tekk.jpg\",\"width\":800,\"height\":800,\"caption\":\"Raschel tekk\"},{\"@type\":\"BreadcrumbList\",\"@id\":\"https:\\\/\\\/aztex.ee\\\/lv\\\/pood\\\/segas-un-pledi\\\/raschel-sega-200x230-cm\\\/#breadcrumb\",\"itemListElement\":[{\"@type\":\"ListItem\",\"position\":1,\"name\":\"S\u0101kums\",\"item\":\"https:\\\/\\\/aztex.ee\\\/lv\\\/\"},{\"@type\":\"ListItem\",\"position\":2,\"name\":\"Veikals\",\"item\":\"https:\\\/\\\/aztex.ee\\\/lv\\\/veikals\\\/\"},{\"@type\":\"ListItem\",\"position\":3,\"name\":\"Raschel sega 200&#215;230 cm | 3,5 kg\"}]},{\"@type\":\"WebSite\",\"@id\":\"https:\\\/\\\/aztex.ee\\\/lv\\\/#website\",\"url\":\"https:\\\/\\\/aztex.ee\\\/lv\\\/\",\"name\":\"AZTEX\",\"description\":\"\",\"publisher\":{\"@id\":\"https:\\\/\\\/aztex.ee\\\/lv\\\/#organization\"},\"potentialAction\":[{\"@type\":\"SearchAction\",\"target\":{\"@type\":\"EntryPoint\",\"urlTemplate\":\"https:\\\/\\\/aztex.ee\\\/lv\\\/?s={search_term_string}\"},\"query-input\":{\"@type\":\"PropertyValueSpecification\",\"valueRequired\":true,\"valueName\":\"search_term_string\"}}],\"inLanguage\":\"lv-LV\"},{\"@type\":\"Organization\",\"@id\":\"https:\\\/\\\/aztex.ee\\\/lv\\\/#organization\",\"name\":\"AZTEX\",\"url\":\"https:\\\/\\\/aztex.ee\\\/lv\\\/\",\"logo\":{\"@type\":\"ImageObject\",\"inLanguage\":\"lv-LV\",\"@id\":\"https:\\\/\\\/aztex.ee\\\/lv\\\/#\\\/schema\\\/logo\\\/image\\\/\",\"url\":\"https:\\\/\\\/aztex.ee\\\/wp-content\\\/uploads\\\/2026\\\/01\\\/AZTEX.png\",\"contentUrl\":\"https:\\\/\\\/aztex.ee\\\/wp-content\\\/uploads\\\/2026\\\/01\\\/AZTEX.png\",\"width\":500,\"height\":500,\"caption\":\"AZTEX\"},\"image\":{\"@id\":\"https:\\\/\\\/aztex.ee\\\/lv\\\/#\\\/schema\\\/logo\\\/image\\\/\"},\"sameAs\":[\"https:\\\/\\\/www.facebook.com\\\/AztexEE\",\"https:\\\/\\\/www.instagram.com\\\/aztexeesti\\\/\",\"https:\\\/\\\/www.youtube.com\\\/@AZTEXEE\",\"https:\\\/\\\/www.pinterest.com\\\/aztex_eesti\\\/\",\"https:\\\/\\\/www.tiktok.com\\\/@aztexeesti\",\"https:\\\/\\\/www.trustpilot.com\\\/review\\\/aztex.ee\",\"https:\\\/\\\/www.linkedin.com\\\/company\\\/aztex-ee\\\/\",\"https:\\\/\\\/www.wikidata.org\\\/wiki\\\/Q137560182\"]}]}<\/script>\n<!-- \/ Yoast SEO plugin. -->","yoast_head_json":{"title":"Divsl\u0101\u0146u m\u012bksta sega 200x230 cm | AZTEX","description":"Raschel sega apvieno maigumu un eleganci, iek\u013caujoties jebkur\u0101 interjer\u0101. Pied\u0101v\u0101jot siltumu un greznu komfortu, t\u0101 ir lieliska izv\u0113le stil\u012bgam","robots":{"index":"index","follow":"follow","max-snippet":"max-snippet:-1","max-image-preview":"max-image-preview:large","max-video-preview":"max-video-preview:-1"},"canonical":"https:\/\/aztex.ee\/lv\/pood\/segas-un-pledi\/raschel-sega-200x230-cm\/","og_locale":"lv_LV","og_type":"article","og_title":"Divsl\u0101\u0146u m\u012bksta sega 200x230 cm | AZTEX","og_description":"Raschel sega apvieno maigumu un eleganci, iek\u013caujoties jebkur\u0101 interjer\u0101. Pied\u0101v\u0101jot siltumu un greznu komfortu, t\u0101 ir lieliska izv\u0113le stil\u012bgam","og_url":"https:\/\/aztex.ee\/lv\/pood\/segas-un-pledi\/raschel-sega-200x230-cm\/","og_site_name":"AZTEX","article_publisher":"https:\/\/www.facebook.com\/AztexEE","article_modified_time":"2026-04-29T11:46:28+00:00","og_image":[{"width":800,"height":800,"url":"https:\/\/aztex.ee\/wp-content\/uploads\/2025\/02\/Raschel-tekk.jpg","type":"image\/jpeg"}],"twitter_card":"summary_large_image","twitter_misc":{"Est. reading time":"2 minutes"},"schema":{"@context":"https:\/\/schema.org","@graph":[{"@type":["WebPage","ItemPage"],"@id":"https:\/\/aztex.ee\/lv\/pood\/segas-un-pledi\/raschel-sega-200x230-cm\/","url":"https:\/\/aztex.ee\/lv\/pood\/segas-un-pledi\/raschel-sega-200x230-cm\/","name":"Divsl\u0101\u0146u m\u012bksta sega 200x230 cm | AZTEX","isPartOf":{"@id":"https:\/\/aztex.ee\/lv\/#website"},"primaryImageOfPage":{"@id":"https:\/\/aztex.ee\/lv\/pood\/segas-un-pledi\/raschel-sega-200x230-cm\/#primaryimage"},"image":{"@id":"https:\/\/aztex.ee\/lv\/pood\/segas-un-pledi\/raschel-sega-200x230-cm\/#primaryimage"},"thumbnailUrl":"https:\/\/aztex.ee\/wp-content\/uploads\/2025\/02\/Raschel-tekk.jpg","datePublished":"2025-02-05T22:02:46+00:00","dateModified":"2026-04-29T11:46:28+00:00","description":"Raschel sega apvieno maigumu un eleganci, iek\u013caujoties jebkur\u0101 interjer\u0101. Pied\u0101v\u0101jot siltumu un greznu komfortu, t\u0101 ir lieliska izv\u0113le stil\u012bgam","breadcrumb":{"@id":"https:\/\/aztex.ee\/lv\/pood\/segas-un-pledi\/raschel-sega-200x230-cm\/#breadcrumb"},"inLanguage":"lv-LV","potentialAction":[{"@type":"ReadAction","target":["https:\/\/aztex.ee\/lv\/pood\/segas-un-pledi\/raschel-sega-200x230-cm\/"]}]},{"@type":"ImageObject","inLanguage":"lv-LV","@id":"https:\/\/aztex.ee\/lv\/pood\/segas-un-pledi\/raschel-sega-200x230-cm\/#primaryimage","url":"https:\/\/aztex.ee\/wp-content\/uploads\/2025\/02\/Raschel-tekk.jpg","contentUrl":"https:\/\/aztex.ee\/wp-content\/uploads\/2025\/02\/Raschel-tekk.jpg","width":800,"height":800,"caption":"Raschel tekk"},{"@type":"BreadcrumbList","@id":"https:\/\/aztex.ee\/lv\/pood\/segas-un-pledi\/raschel-sega-200x230-cm\/#breadcrumb","itemListElement":[{"@type":"ListItem","position":1,"name":"S\u0101kums","item":"https:\/\/aztex.ee\/lv\/"},{"@type":"ListItem","position":2,"name":"Veikals","item":"https:\/\/aztex.ee\/lv\/veikals\/"},{"@type":"ListItem","position":3,"name":"Raschel sega 200&#215;230 cm | 3,5 kg"}]},{"@type":"WebSite","@id":"https:\/\/aztex.ee\/lv\/#website","url":"https:\/\/aztex.ee\/lv\/","name":"AZTEX","description":"","publisher":{"@id":"https:\/\/aztex.ee\/lv\/#organization"},"potentialAction":[{"@type":"SearchAction","target":{"@type":"EntryPoint","urlTemplate":"https:\/\/aztex.ee\/lv\/?s={search_term_string}"},"query-input":{"@type":"PropertyValueSpecification","valueRequired":true,"valueName":"search_term_string"}}],"inLanguage":"lv-LV"},{"@type":"Organization","@id":"https:\/\/aztex.ee\/lv\/#organization","name":"AZTEX","url":"https:\/\/aztex.ee\/lv\/","logo":{"@type":"ImageObject","inLanguage":"lv-LV","@id":"https:\/\/aztex.ee\/lv\/#\/schema\/logo\/image\/","url":"https:\/\/aztex.ee\/wp-content\/uploads\/2026\/01\/AZTEX.png","contentUrl":"https:\/\/aztex.ee\/wp-content\/uploads\/2026\/01\/AZTEX.png","width":500,"height":500,"caption":"AZTEX"},"image":{"@id":"https:\/\/aztex.ee\/lv\/#\/schema\/logo\/image\/"},"sameAs":["https:\/\/www.facebook.com\/AztexEE","https:\/\/www.instagram.com\/aztexeesti\/","https:\/\/www.youtube.com\/@AZTEXEE","https:\/\/www.pinterest.com\/aztex_eesti\/","https:\/\/www.tiktok.com\/@aztexeesti","https:\/\/www.trustpilot.com\/review\/aztex.ee","https:\/\/www.linkedin.com\/company\/aztex-ee\/","https:\/\/www.wikidata.org\/wiki\/Q137560182"]}]}},"_links":{"self":[{"href":"https:\/\/aztex.ee\/lv\/wp-json\/wp\/v2\/product\/50152","targetHints":{"allow":["GET"]}}],"collection":[{"href":"https:\/\/aztex.ee\/lv\/wp-json\/wp\/v2\/product"}],"about":[{"href":"https:\/\/aztex.ee\/lv\/wp-json\/wp\/v2\/types\/product"}],"replies":[{"embeddable":true,"href":"https:\/\/aztex.ee\/lv\/wp-json\/wp\/v2\/comments?post=50152"}],"version-history":[{"count":0,"href":"https:\/\/aztex.ee\/lv\/wp-json\/wp\/v2\/product\/50152\/revisions"}],"wp:featuredmedia":[{"embeddable":true,"href":"https:\/\/aztex.ee\/lv\/wp-json\/wp\/v2\/media\/50247"}],"wp:attachment":[{"href":"https:\/\/aztex.ee\/lv\/wp-json\/wp\/v2\/media?parent=50152"}],"wp:term":[{"taxonomy":"product_brand","embeddable":true,"href":"https:\/\/aztex.ee\/lv\/wp-json\/wp\/v2\/product_brand?post=50152"},{"taxonomy":"product_cat","embeddable":true,"href":"https:\/\/aztex.ee\/lv\/wp-json\/wp\/v2\/product_cat?post=50152"},{"taxonomy":"product_tag","embeddable":true,"href":"https:\/\/aztex.ee\/lv\/wp-json\/wp\/v2\/product_tag?post=50152"}],"curies":[{"name":"wp","href":"https:\/\/api.w.org\/{rel}","templated":true}]}}