{"id":49109,"date":"2025-01-31T21:52:03","date_gmt":"2025-01-31T21:52:03","guid":{"rendered":"https:\/\/aztex.ee\/pood\/uncategorized\/laste-tekk-110x140-cm\/"},"modified":"2026-01-04T14:20:08","modified_gmt":"2026-01-04T14:20:08","slug":"bernu-sega-110x140-cm","status":"publish","type":"product","link":"https:\/\/aztex.ee\/lv\/pood\/bernu-pasaule\/bernu-sega-110x140-cm\/","title":{"rendered":"B\u0113rnu sega 110&#215;140 cm"},"content":{"rendered":"<p><strong>B\u0113rnu segas &#8211; kr\u0101saini un rota\u013c\u012bgi pavado\u0146i katram mirklim!<\/strong><\/p>\n<p>B\u0113rnu sega ir kas vair\u0101k nek\u0101 tikai segas &#8211; t\u0101s ir \u012bpa\u0161i izstr\u0101d\u0101tas maziem piedz\u012bvojumu mekl\u0113t\u0101jiem, lai sniegtu vi\u0146iem siltumu, komfortu un daudz smaidu.<\/p>\n<p><strong>Komforts un siltums<\/strong><br \/>\n\u0160\u012b b\u0113rnu sega ir m\u012bksta un silta, t\u0101p\u0113c t\u0101s ir ide\u0101li piem\u0113rotas gan gul\u0113\u0161anai, gan atp\u016btai. To skaistie to\u0146i un dizains sag\u0101d\u0101 prieku par katru dienu neatkar\u012bgi no t\u0101, vai t\u0101 ir sp\u0113l\u0113\u0161an\u0101s m\u0101j\u0101s vai piedz\u012bvojumi br\u012bv\u0101 dab\u0101.<\/p>\n<p><strong>Daudzpus\u012bba<\/strong><br \/>\nB\u0113rnu segu var izmantot gul\u0113\u0161anai gult\u0101, filmas skat\u012b\u0161anai uz d\u012bv\u0101na vai sp\u0113l\u0113\u0161anai uz gr\u012bdas. Tie ir lieliski piem\u0113roti ar\u012b piknikiem, p\u0101rg\u0101jieniem vai izbraucieniem, nodro\u0161inot komfortu j\u016bsu b\u0113rnam visur.<\/p>\n<p><strong>Kvalit\u0101te un praktiskums<\/strong><br \/>\n\u0160\u012b b\u0113rnu sega ir izgatavota no augstas kvalit\u0101tes materi\u0101liem, kas ir iztur\u012bgi un viegli mazg\u0101jami. Tas padara tos par ide\u0101lu izv\u0113li jebkurai \u0123imenei, kas mekl\u0113 gan skaistu, gan praktisku risin\u0101jumu.<\/p>\n<p>B\u0113rnu segas ir kas vair\u0101k nek\u0101 tikai priek\u0161meti \u2013 t\u0101s ir da\u013ca no b\u0113rna ikdienas piedz\u012bvojumiem un atmi\u0146\u0101m. Izv\u0113lies savam b\u0113rnam ide\u0101lo segu un padari katru mirkli v\u0113l \u012bpa\u0161\u0101ku!<\/p>\n","protected":false},"excerpt":{"rendered":"<ul>\n<li>Materi\u0101ls: Poliesters<\/li>\n<li>Izm\u0113rs: 110&#215;140 cm \u00b13<\/li>\n<li>Svars: 1 kg<\/li>\n<\/ul>\n","protected":false},"featured_media":48887,"comment_status":"open","ping_status":"closed","template":"","meta":[],"product_brand":[],"product_cat":[2217,2239],"product_tag":[],"class_list":{"0":"post-49109","1":"product","2":"type-product","3":"status-publish","4":"has-post-thumbnail","6":"product_cat-bernu-pasaule","7":"product_cat-bernu-segas","9":"first","10":"instock","11":"shipping-taxable","12":"purchasable","13":"product-type-variable"},"yoast_head":"<!-- This site is optimized with the Yoast SEO plugin v27.4 - https:\/\/yoast.com\/product\/yoast-seo-wordpress\/ -->\n<title>B\u0113rnu sega 110x140 cm | AZTEX<\/title>\n<meta name=\"description\" content=\"B\u0113rnu sega, kas ir m\u012bksta, silta un ide\u0101li piem\u0113rota ikdienas lieto\u0161anai. \u0112rts un kvalitat\u012bvs materi\u0101ls vienm\u0113r nodro\u0161ina mier\u012bgu miegu.\" \/>\n<meta name=\"robots\" content=\"index, follow, max-snippet:-1, max-image-preview:large, max-video-preview:-1\" \/>\n<link rel=\"canonical\" href=\"https:\/\/aztex.ee\/lv\/pood\/bernu-pasaule\/bernu-sega-110x140-cm\/\" \/>\n<meta property=\"og:locale\" content=\"lv_LV\" \/>\n<meta property=\"og:type\" content=\"article\" \/>\n<meta property=\"og:title\" content=\"B\u0113rnu sega 110x140 cm | AZTEX\" \/>\n<meta property=\"og:description\" content=\"B\u0113rnu sega, kas ir m\u012bksta, silta un ide\u0101li piem\u0113rota ikdienas lieto\u0161anai. \u0112rts un kvalitat\u012bvs materi\u0101ls vienm\u0113r nodro\u0161ina mier\u012bgu miegu.\" \/>\n<meta property=\"og:url\" content=\"https:\/\/aztex.ee\/lv\/pood\/bernu-pasaule\/bernu-sega-110x140-cm\/\" \/>\n<meta property=\"og:site_name\" content=\"AZTEX\" \/>\n<meta property=\"article:publisher\" content=\"https:\/\/www.facebook.com\/AztexEE\" \/>\n<meta property=\"article:modified_time\" content=\"2026-01-04T14:20:08+00:00\" \/>\n<meta property=\"og:image\" content=\"https:\/\/aztex.ee\/wp-content\/uploads\/2025\/01\/Laste-tekk-110x140-cm.jpg\" \/>\n\t<meta property=\"og:image:width\" content=\"800\" \/>\n\t<meta property=\"og:image:height\" content=\"800\" \/>\n\t<meta property=\"og:image:type\" content=\"image\/jpeg\" \/>\n<meta name=\"twitter:card\" content=\"summary_large_image\" \/>\n<meta name=\"twitter:label1\" content=\"Est. reading time\" \/>\n\t<meta name=\"twitter:data1\" content=\"2 minutes\" \/>\n<script type=\"application\/ld+json\" class=\"yoast-schema-graph\">{\"@context\":\"https:\\\/\\\/schema.org\",\"@graph\":[{\"@type\":[\"WebPage\",\"ItemPage\"],\"@id\":\"https:\\\/\\\/aztex.ee\\\/lv\\\/pood\\\/bernu-pasaule\\\/bernu-sega-110x140-cm\\\/\",\"url\":\"https:\\\/\\\/aztex.ee\\\/lv\\\/pood\\\/bernu-pasaule\\\/bernu-sega-110x140-cm\\\/\",\"name\":\"B\u0113rnu sega 110x140 cm | AZTEX\",\"isPartOf\":{\"@id\":\"https:\\\/\\\/aztex.ee\\\/lv\\\/#website\"},\"primaryImageOfPage\":{\"@id\":\"https:\\\/\\\/aztex.ee\\\/lv\\\/pood\\\/bernu-pasaule\\\/bernu-sega-110x140-cm\\\/#primaryimage\"},\"image\":{\"@id\":\"https:\\\/\\\/aztex.ee\\\/lv\\\/pood\\\/bernu-pasaule\\\/bernu-sega-110x140-cm\\\/#primaryimage\"},\"thumbnailUrl\":\"https:\\\/\\\/aztex.ee\\\/wp-content\\\/uploads\\\/2025\\\/01\\\/Laste-tekk-110x140-cm.jpg\",\"datePublished\":\"2025-01-31T21:52:03+00:00\",\"dateModified\":\"2026-01-04T14:20:08+00:00\",\"description\":\"B\u0113rnu sega, kas ir m\u012bksta, silta un ide\u0101li piem\u0113rota ikdienas lieto\u0161anai. \u0112rts un kvalitat\u012bvs materi\u0101ls vienm\u0113r nodro\u0161ina mier\u012bgu miegu.\",\"breadcrumb\":{\"@id\":\"https:\\\/\\\/aztex.ee\\\/lv\\\/pood\\\/bernu-pasaule\\\/bernu-sega-110x140-cm\\\/#breadcrumb\"},\"inLanguage\":\"lv-LV\",\"potentialAction\":[{\"@type\":\"ReadAction\",\"target\":[\"https:\\\/\\\/aztex.ee\\\/lv\\\/pood\\\/bernu-pasaule\\\/bernu-sega-110x140-cm\\\/\"]}]},{\"@type\":\"ImageObject\",\"inLanguage\":\"lv-LV\",\"@id\":\"https:\\\/\\\/aztex.ee\\\/lv\\\/pood\\\/bernu-pasaule\\\/bernu-sega-110x140-cm\\\/#primaryimage\",\"url\":\"https:\\\/\\\/aztex.ee\\\/wp-content\\\/uploads\\\/2025\\\/01\\\/Laste-tekk-110x140-cm.jpg\",\"contentUrl\":\"https:\\\/\\\/aztex.ee\\\/wp-content\\\/uploads\\\/2025\\\/01\\\/Laste-tekk-110x140-cm.jpg\",\"width\":800,\"height\":800,\"caption\":\"Laste tekk 110x140 cm\"},{\"@type\":\"BreadcrumbList\",\"@id\":\"https:\\\/\\\/aztex.ee\\\/lv\\\/pood\\\/bernu-pasaule\\\/bernu-sega-110x140-cm\\\/#breadcrumb\",\"itemListElement\":[{\"@type\":\"ListItem\",\"position\":1,\"name\":\"S\u0101kums\",\"item\":\"https:\\\/\\\/aztex.ee\\\/lv\\\/\"},{\"@type\":\"ListItem\",\"position\":2,\"name\":\"Veikals\",\"item\":\"https:\\\/\\\/aztex.ee\\\/lv\\\/veikals\\\/\"},{\"@type\":\"ListItem\",\"position\":3,\"name\":\"B\u0113rnu sega 110&#215;140 cm\"}]},{\"@type\":\"WebSite\",\"@id\":\"https:\\\/\\\/aztex.ee\\\/lv\\\/#website\",\"url\":\"https:\\\/\\\/aztex.ee\\\/lv\\\/\",\"name\":\"AZTEX\",\"description\":\"\",\"publisher\":{\"@id\":\"https:\\\/\\\/aztex.ee\\\/lv\\\/#organization\"},\"potentialAction\":[{\"@type\":\"SearchAction\",\"target\":{\"@type\":\"EntryPoint\",\"urlTemplate\":\"https:\\\/\\\/aztex.ee\\\/lv\\\/?s={search_term_string}\"},\"query-input\":{\"@type\":\"PropertyValueSpecification\",\"valueRequired\":true,\"valueName\":\"search_term_string\"}}],\"inLanguage\":\"lv-LV\"},{\"@type\":\"Organization\",\"@id\":\"https:\\\/\\\/aztex.ee\\\/lv\\\/#organization\",\"name\":\"AZTEX\",\"url\":\"https:\\\/\\\/aztex.ee\\\/lv\\\/\",\"logo\":{\"@type\":\"ImageObject\",\"inLanguage\":\"lv-LV\",\"@id\":\"https:\\\/\\\/aztex.ee\\\/lv\\\/#\\\/schema\\\/logo\\\/image\\\/\",\"url\":\"https:\\\/\\\/aztex.ee\\\/wp-content\\\/uploads\\\/2026\\\/01\\\/AZTEX.png\",\"contentUrl\":\"https:\\\/\\\/aztex.ee\\\/wp-content\\\/uploads\\\/2026\\\/01\\\/AZTEX.png\",\"width\":500,\"height\":500,\"caption\":\"AZTEX\"},\"image\":{\"@id\":\"https:\\\/\\\/aztex.ee\\\/lv\\\/#\\\/schema\\\/logo\\\/image\\\/\"},\"sameAs\":[\"https:\\\/\\\/www.facebook.com\\\/AztexEE\",\"https:\\\/\\\/www.instagram.com\\\/aztexeesti\\\/\",\"https:\\\/\\\/www.youtube.com\\\/@AZTEXEE\",\"https:\\\/\\\/www.pinterest.com\\\/aztex_eesti\\\/\",\"https:\\\/\\\/www.tiktok.com\\\/@aztexeesti\",\"https:\\\/\\\/www.trustpilot.com\\\/review\\\/aztex.ee\",\"https:\\\/\\\/www.linkedin.com\\\/company\\\/aztex-ee\\\/\",\"https:\\\/\\\/www.wikidata.org\\\/wiki\\\/Q137560182\"]}]}<\/script>\n<!-- \/ Yoast SEO plugin. -->","yoast_head_json":{"title":"B\u0113rnu sega 110x140 cm | AZTEX","description":"B\u0113rnu sega, kas ir m\u012bksta, silta un ide\u0101li piem\u0113rota ikdienas lieto\u0161anai. \u0112rts un kvalitat\u012bvs materi\u0101ls vienm\u0113r nodro\u0161ina mier\u012bgu miegu.","robots":{"index":"index","follow":"follow","max-snippet":"max-snippet:-1","max-image-preview":"max-image-preview:large","max-video-preview":"max-video-preview:-1"},"canonical":"https:\/\/aztex.ee\/lv\/pood\/bernu-pasaule\/bernu-sega-110x140-cm\/","og_locale":"lv_LV","og_type":"article","og_title":"B\u0113rnu sega 110x140 cm | AZTEX","og_description":"B\u0113rnu sega, kas ir m\u012bksta, silta un ide\u0101li piem\u0113rota ikdienas lieto\u0161anai. \u0112rts un kvalitat\u012bvs materi\u0101ls vienm\u0113r nodro\u0161ina mier\u012bgu miegu.","og_url":"https:\/\/aztex.ee\/lv\/pood\/bernu-pasaule\/bernu-sega-110x140-cm\/","og_site_name":"AZTEX","article_publisher":"https:\/\/www.facebook.com\/AztexEE","article_modified_time":"2026-01-04T14:20:08+00:00","og_image":[{"width":800,"height":800,"url":"https:\/\/aztex.ee\/wp-content\/uploads\/2025\/01\/Laste-tekk-110x140-cm.jpg","type":"image\/jpeg"}],"twitter_card":"summary_large_image","twitter_misc":{"Est. reading time":"2 minutes"},"schema":{"@context":"https:\/\/schema.org","@graph":[{"@type":["WebPage","ItemPage"],"@id":"https:\/\/aztex.ee\/lv\/pood\/bernu-pasaule\/bernu-sega-110x140-cm\/","url":"https:\/\/aztex.ee\/lv\/pood\/bernu-pasaule\/bernu-sega-110x140-cm\/","name":"B\u0113rnu sega 110x140 cm | AZTEX","isPartOf":{"@id":"https:\/\/aztex.ee\/lv\/#website"},"primaryImageOfPage":{"@id":"https:\/\/aztex.ee\/lv\/pood\/bernu-pasaule\/bernu-sega-110x140-cm\/#primaryimage"},"image":{"@id":"https:\/\/aztex.ee\/lv\/pood\/bernu-pasaule\/bernu-sega-110x140-cm\/#primaryimage"},"thumbnailUrl":"https:\/\/aztex.ee\/wp-content\/uploads\/2025\/01\/Laste-tekk-110x140-cm.jpg","datePublished":"2025-01-31T21:52:03+00:00","dateModified":"2026-01-04T14:20:08+00:00","description":"B\u0113rnu sega, kas ir m\u012bksta, silta un ide\u0101li piem\u0113rota ikdienas lieto\u0161anai. \u0112rts un kvalitat\u012bvs materi\u0101ls vienm\u0113r nodro\u0161ina mier\u012bgu miegu.","breadcrumb":{"@id":"https:\/\/aztex.ee\/lv\/pood\/bernu-pasaule\/bernu-sega-110x140-cm\/#breadcrumb"},"inLanguage":"lv-LV","potentialAction":[{"@type":"ReadAction","target":["https:\/\/aztex.ee\/lv\/pood\/bernu-pasaule\/bernu-sega-110x140-cm\/"]}]},{"@type":"ImageObject","inLanguage":"lv-LV","@id":"https:\/\/aztex.ee\/lv\/pood\/bernu-pasaule\/bernu-sega-110x140-cm\/#primaryimage","url":"https:\/\/aztex.ee\/wp-content\/uploads\/2025\/01\/Laste-tekk-110x140-cm.jpg","contentUrl":"https:\/\/aztex.ee\/wp-content\/uploads\/2025\/01\/Laste-tekk-110x140-cm.jpg","width":800,"height":800,"caption":"Laste tekk 110x140 cm"},{"@type":"BreadcrumbList","@id":"https:\/\/aztex.ee\/lv\/pood\/bernu-pasaule\/bernu-sega-110x140-cm\/#breadcrumb","itemListElement":[{"@type":"ListItem","position":1,"name":"S\u0101kums","item":"https:\/\/aztex.ee\/lv\/"},{"@type":"ListItem","position":2,"name":"Veikals","item":"https:\/\/aztex.ee\/lv\/veikals\/"},{"@type":"ListItem","position":3,"name":"B\u0113rnu sega 110&#215;140 cm"}]},{"@type":"WebSite","@id":"https:\/\/aztex.ee\/lv\/#website","url":"https:\/\/aztex.ee\/lv\/","name":"AZTEX","description":"","publisher":{"@id":"https:\/\/aztex.ee\/lv\/#organization"},"potentialAction":[{"@type":"SearchAction","target":{"@type":"EntryPoint","urlTemplate":"https:\/\/aztex.ee\/lv\/?s={search_term_string}"},"query-input":{"@type":"PropertyValueSpecification","valueRequired":true,"valueName":"search_term_string"}}],"inLanguage":"lv-LV"},{"@type":"Organization","@id":"https:\/\/aztex.ee\/lv\/#organization","name":"AZTEX","url":"https:\/\/aztex.ee\/lv\/","logo":{"@type":"ImageObject","inLanguage":"lv-LV","@id":"https:\/\/aztex.ee\/lv\/#\/schema\/logo\/image\/","url":"https:\/\/aztex.ee\/wp-content\/uploads\/2026\/01\/AZTEX.png","contentUrl":"https:\/\/aztex.ee\/wp-content\/uploads\/2026\/01\/AZTEX.png","width":500,"height":500,"caption":"AZTEX"},"image":{"@id":"https:\/\/aztex.ee\/lv\/#\/schema\/logo\/image\/"},"sameAs":["https:\/\/www.facebook.com\/AztexEE","https:\/\/www.instagram.com\/aztexeesti\/","https:\/\/www.youtube.com\/@AZTEXEE","https:\/\/www.pinterest.com\/aztex_eesti\/","https:\/\/www.tiktok.com\/@aztexeesti","https:\/\/www.trustpilot.com\/review\/aztex.ee","https:\/\/www.linkedin.com\/company\/aztex-ee\/","https:\/\/www.wikidata.org\/wiki\/Q137560182"]}]}},"_links":{"self":[{"href":"https:\/\/aztex.ee\/lv\/wp-json\/wp\/v2\/product\/49109","targetHints":{"allow":["GET"]}}],"collection":[{"href":"https:\/\/aztex.ee\/lv\/wp-json\/wp\/v2\/product"}],"about":[{"href":"https:\/\/aztex.ee\/lv\/wp-json\/wp\/v2\/types\/product"}],"replies":[{"embeddable":true,"href":"https:\/\/aztex.ee\/lv\/wp-json\/wp\/v2\/comments?post=49109"}],"version-history":[{"count":0,"href":"https:\/\/aztex.ee\/lv\/wp-json\/wp\/v2\/product\/49109\/revisions"}],"wp:featuredmedia":[{"embeddable":true,"href":"https:\/\/aztex.ee\/lv\/wp-json\/wp\/v2\/media\/48887"}],"wp:attachment":[{"href":"https:\/\/aztex.ee\/lv\/wp-json\/wp\/v2\/media?parent=49109"}],"wp:term":[{"taxonomy":"product_brand","embeddable":true,"href":"https:\/\/aztex.ee\/lv\/wp-json\/wp\/v2\/product_brand?post=49109"},{"taxonomy":"product_cat","embeddable":true,"href":"https:\/\/aztex.ee\/lv\/wp-json\/wp\/v2\/product_cat?post=49109"},{"taxonomy":"product_tag","embeddable":true,"href":"https:\/\/aztex.ee\/lv\/wp-json\/wp\/v2\/product_tag?post=49109"}],"curies":[{"name":"wp","href":"https:\/\/api.w.org\/{rel}","templated":true}]}}