{"id":46006,"date":"2025-01-25T10:24:23","date_gmt":"2025-01-25T10:24:23","guid":{"rendered":"https:\/\/aztex.ee\/?post_type=product&#038;p=46006"},"modified":"2026-04-11T12:19:50","modified_gmt":"2026-04-11T12:19:50","slug":"bambusa-vannas-dvielis-70x140-cm","status":"publish","type":"product","link":"https:\/\/aztex.ee\/lv\/pood\/dvieli-un-vannas-dvieli\/bambusa-vannas-dvielis-70x140-cm\/","title":{"rendered":"Bambusa vannas dvielis 70&#215;140 cm"},"content":{"rendered":"<p><strong>Bambusa vannas dvielis \u2013 grezn\u012bba un praktiskums tav\u0101 ikdien\u0101<\/strong><\/p>\n<p>Bambusa vannas dvielis ir ide\u0101la praktiskuma un grezn\u012bbas kombin\u0101cija, kas pied\u0101v\u0101 vair\u0101k nek\u0101 tikai maigumu. 70&#215;140 cm izm\u0113rs padara \u0161o vannas dvieli par ide\u0101lu izv\u0113li ikdienas lieto\u0161anai, nodro\u0161inot pat\u012bkamu komfortu, vienlaikus nodro\u0161inot stil\u012bgu un funkcion\u0101lu papildin\u0101jumu j\u016bsu vannas istabai.<\/p>\n<p><strong>K\u0101p\u0113c izv\u0113l\u0113ties bambusa dvieli?<\/strong><\/p>\n<p><strong>Super absorb\u0113jo\u0161s un \u0101tri \u017e\u016bsto\u0161s:<\/strong><br \/>\nBambusa \u0161\u0137iedras ir paz\u012bstamas ar savu izcilo absorbcijas sp\u0113ju. Dvielis acumirkl\u012b uzs\u016bc mitrumu, atst\u0101jot \u0101du sausu un svaigu, savuk\u0101rt pats dvielis iz\u017e\u016bst \u0101tr\u0101k nek\u0101 parastie kokvilnas dvie\u013ci. \u0160\u012b funkcija padara to par lielisku izv\u0113li akt\u012bvam dz\u012bvesveidam un bie\u017eai lieto\u0161anai.<\/p>\n<p><strong>Dabiski antibakteri\u0101ls:<\/strong><br \/>\nBambusa \u0161\u0137iedru dabisk\u0101s antibakteri\u0101l\u0101s \u012bpa\u0161\u012bbas saglab\u0101 dvieli ilg\u0101k svaig\u0101ku, nov\u0113r\u0161ot nepat\u012bkamu smaku veido\u0161anos un nodro\u0161inot higi\u0113nu pat p\u0113c ilgsto\u0161as \u200b\u200blieto\u0161anas. Bambusa vannas dvielis ir ar\u012b lieliska izv\u0113le cilv\u0113kiem ar jut\u012bgu \u0101du.<\/p>\n<p><strong>Maigums un komforts:<\/strong><br \/>\nZ\u012bdaina bambusa \u0161\u0137iedru tekst\u016bra lutina \u0101du ar katru piesk\u0101rienu. Vannas dvielis ir ide\u0101li piem\u0113rots tiem, kas nov\u0113rt\u0113 greznu saj\u016btu katru dienu un r\u016bp\u0113jas par savas \u0101das labsaj\u016btu.<\/p>\n<p><strong>M\u016b\u017e\u012bgs un stil\u012bgs dizains:<\/strong><br \/>\nDab\u012bgais izskats un minim\u0101listiskais dizains padara \u0161o vannas dvieli piem\u0113rotu jebkurai vannas istabai &#8211; gan modernai, gan klasiskai, gan dabas iedvesmotai.<\/p>\n<p><strong>Iztur\u012bba un ilgtsp\u0113j\u012bba:<\/strong><br \/>\nBambusa vannas dvielis ir ne tikai skaista un praktiska, bet ar\u012b videi draudz\u012bga izv\u0113le. Bambuss ir \u0101tri atjaunojams resurss, kura audz\u0113\u0161anai pat\u0113r\u0113 maz\u0101k \u016bdens un \u0137\u012bmisko vielu, sal\u012bdzinot ar tradicion\u0101laj\u0101m \u0161\u0137iedr\u0101m. T\u0101tad j\u016bs varat izbaud\u012bt dvie\u013ca grezn\u012bbu, zinot, ka dar\u0101t ko labu dabai.<\/p>\n<p>\u0160is dvielis nav tikai pat\u0113ri\u0146a prece \u2013 tas ir ikdienas prieks, kas apvieno komfortu, kvalit\u0101ti un r\u016bpes par dabu. Kad esat to izm\u0113\u0123in\u0101jis, j\u016bs nekad nev\u0113l\u0113sities atgriezties pie parastajiem dvie\u013ciem. Pas\u016btiet \u0161odien un pie\u0161\u0137iriet savai vannas istabai maigumu, kas kalpos gadiem ilgi!<\/p>\n","protected":false},"excerpt":{"rendered":"<ul>\n<li>Materi\u0101ls: 100% bambuss<\/li>\n<li>Izm\u0113rs: 70\u00d7140 cm \u00b13<\/li>\n<li>Svars: 520g\/m2<\/li>\n<\/ul>\n","protected":false},"featured_media":46113,"comment_status":"open","ping_status":"closed","template":"","meta":[],"product_brand":[],"product_cat":[989,1646,484,1595,1712],"product_tag":[],"class_list":{"0":"post-46006","1":"product","2":"type-product","3":"status-publish","4":"has-post-thumbnail","6":"product_cat-bambusa-dvieli","7":"product_cat-bambusa-vannas-dvieli","8":"product_cat-dvieli-un-vannas-dvieli","9":"product_cat-vannas-dvieli","10":"product_cat-vannas-dvieli-70x140-cm","12":"first","13":"instock","14":"shipping-taxable","15":"purchasable","16":"product-type-variable"},"yoast_head":"<!-- This site is optimized with the Yoast SEO plugin v27.4 - https:\/\/yoast.com\/product\/yoast-seo-wordpress\/ -->\n<title>Bambusa vannas dvielis 70x140 cm | 100% bambuss - AZTEX<\/title>\n<meta name=\"description\" content=\"Grezns un m\u012bksts bambusa vannas dvielis 70x140 cm izm\u0113r\u0101 pied\u0101v\u0101 maksim\u0101lu komfortu, lielisku uzs\u016bk\u0161anas sp\u0113ju un ir saudz\u012bgs pret \u0101du.\" \/>\n<meta name=\"robots\" content=\"index, follow, max-snippet:-1, max-image-preview:large, max-video-preview:-1\" \/>\n<link rel=\"canonical\" href=\"https:\/\/aztex.ee\/lv\/pood\/dvieli-un-vannas-dvieli\/bambusa-vannas-dvielis-70x140-cm\/\" \/>\n<meta property=\"og:locale\" content=\"lv_LV\" \/>\n<meta property=\"og:type\" content=\"article\" \/>\n<meta property=\"og:title\" content=\"Bambusa vannas dvielis 70x140 cm | 100% bambuss - AZTEX\" \/>\n<meta property=\"og:description\" content=\"Grezns un m\u012bksts bambusa vannas dvielis 70x140 cm izm\u0113r\u0101 pied\u0101v\u0101 maksim\u0101lu komfortu, lielisku uzs\u016bk\u0161anas sp\u0113ju un ir saudz\u012bgs pret \u0101du.\" \/>\n<meta property=\"og:url\" content=\"https:\/\/aztex.ee\/lv\/pood\/dvieli-un-vannas-dvieli\/bambusa-vannas-dvielis-70x140-cm\/\" \/>\n<meta property=\"og:site_name\" content=\"AZTEX\" \/>\n<meta property=\"article:publisher\" content=\"https:\/\/www.facebook.com\/AztexEE\" \/>\n<meta property=\"article:modified_time\" content=\"2026-04-11T12:19:50+00:00\" \/>\n<meta property=\"og:image\" content=\"https:\/\/aztex.ee\/wp-content\/uploads\/2025\/01\/Bambusest-vanniratikud.jpg\" \/>\n\t<meta property=\"og:image:width\" content=\"800\" \/>\n\t<meta property=\"og:image:height\" content=\"800\" \/>\n\t<meta property=\"og:image:type\" content=\"image\/jpeg\" \/>\n<meta name=\"twitter:card\" content=\"summary_large_image\" \/>\n<meta name=\"twitter:label1\" content=\"Est. reading time\" \/>\n\t<meta name=\"twitter:data1\" content=\"2 minutes\" \/>\n<script type=\"application\/ld+json\" class=\"yoast-schema-graph\">{\"@context\":\"https:\\\/\\\/schema.org\",\"@graph\":[{\"@type\":[\"WebPage\",\"ItemPage\"],\"@id\":\"https:\\\/\\\/aztex.ee\\\/lv\\\/pood\\\/dvieli-un-vannas-dvieli\\\/bambusa-vannas-dvielis-70x140-cm\\\/\",\"url\":\"https:\\\/\\\/aztex.ee\\\/lv\\\/pood\\\/dvieli-un-vannas-dvieli\\\/bambusa-vannas-dvielis-70x140-cm\\\/\",\"name\":\"Bambusa vannas dvielis 70x140 cm | 100% bambuss - AZTEX\",\"isPartOf\":{\"@id\":\"https:\\\/\\\/aztex.ee\\\/lv\\\/#website\"},\"primaryImageOfPage\":{\"@id\":\"https:\\\/\\\/aztex.ee\\\/lv\\\/pood\\\/dvieli-un-vannas-dvieli\\\/bambusa-vannas-dvielis-70x140-cm\\\/#primaryimage\"},\"image\":{\"@id\":\"https:\\\/\\\/aztex.ee\\\/lv\\\/pood\\\/dvieli-un-vannas-dvieli\\\/bambusa-vannas-dvielis-70x140-cm\\\/#primaryimage\"},\"thumbnailUrl\":\"https:\\\/\\\/aztex.ee\\\/wp-content\\\/uploads\\\/2025\\\/01\\\/Bambusest-vanniratikud.jpg\",\"datePublished\":\"2025-01-25T10:24:23+00:00\",\"dateModified\":\"2026-04-11T12:19:50+00:00\",\"description\":\"Grezns un m\u012bksts bambusa vannas dvielis 70x140 cm izm\u0113r\u0101 pied\u0101v\u0101 maksim\u0101lu komfortu, lielisku uzs\u016bk\u0161anas sp\u0113ju un ir saudz\u012bgs pret \u0101du.\",\"breadcrumb\":{\"@id\":\"https:\\\/\\\/aztex.ee\\\/lv\\\/pood\\\/dvieli-un-vannas-dvieli\\\/bambusa-vannas-dvielis-70x140-cm\\\/#breadcrumb\"},\"inLanguage\":\"lv-LV\",\"potentialAction\":[{\"@type\":\"ReadAction\",\"target\":[\"https:\\\/\\\/aztex.ee\\\/lv\\\/pood\\\/dvieli-un-vannas-dvieli\\\/bambusa-vannas-dvielis-70x140-cm\\\/\"]}]},{\"@type\":\"ImageObject\",\"inLanguage\":\"lv-LV\",\"@id\":\"https:\\\/\\\/aztex.ee\\\/lv\\\/pood\\\/dvieli-un-vannas-dvieli\\\/bambusa-vannas-dvielis-70x140-cm\\\/#primaryimage\",\"url\":\"https:\\\/\\\/aztex.ee\\\/wp-content\\\/uploads\\\/2025\\\/01\\\/Bambusest-vanniratikud.jpg\",\"contentUrl\":\"https:\\\/\\\/aztex.ee\\\/wp-content\\\/uploads\\\/2025\\\/01\\\/Bambusest-vanniratikud.jpg\",\"width\":800,\"height\":800,\"caption\":\"Bambusest vannir\u00e4tikud\"},{\"@type\":\"BreadcrumbList\",\"@id\":\"https:\\\/\\\/aztex.ee\\\/lv\\\/pood\\\/dvieli-un-vannas-dvieli\\\/bambusa-vannas-dvielis-70x140-cm\\\/#breadcrumb\",\"itemListElement\":[{\"@type\":\"ListItem\",\"position\":1,\"name\":\"S\u0101kums\",\"item\":\"https:\\\/\\\/aztex.ee\\\/lv\\\/\"},{\"@type\":\"ListItem\",\"position\":2,\"name\":\"Veikals\",\"item\":\"https:\\\/\\\/aztex.ee\\\/lv\\\/veikals\\\/\"},{\"@type\":\"ListItem\",\"position\":3,\"name\":\"Bambusa vannas dvielis 70&#215;140 cm\"}]},{\"@type\":\"WebSite\",\"@id\":\"https:\\\/\\\/aztex.ee\\\/lv\\\/#website\",\"url\":\"https:\\\/\\\/aztex.ee\\\/lv\\\/\",\"name\":\"AZTEX\",\"description\":\"\",\"publisher\":{\"@id\":\"https:\\\/\\\/aztex.ee\\\/lv\\\/#organization\"},\"potentialAction\":[{\"@type\":\"SearchAction\",\"target\":{\"@type\":\"EntryPoint\",\"urlTemplate\":\"https:\\\/\\\/aztex.ee\\\/lv\\\/?s={search_term_string}\"},\"query-input\":{\"@type\":\"PropertyValueSpecification\",\"valueRequired\":true,\"valueName\":\"search_term_string\"}}],\"inLanguage\":\"lv-LV\"},{\"@type\":\"Organization\",\"@id\":\"https:\\\/\\\/aztex.ee\\\/lv\\\/#organization\",\"name\":\"AZTEX\",\"url\":\"https:\\\/\\\/aztex.ee\\\/lv\\\/\",\"logo\":{\"@type\":\"ImageObject\",\"inLanguage\":\"lv-LV\",\"@id\":\"https:\\\/\\\/aztex.ee\\\/lv\\\/#\\\/schema\\\/logo\\\/image\\\/\",\"url\":\"https:\\\/\\\/aztex.ee\\\/wp-content\\\/uploads\\\/2026\\\/01\\\/AZTEX.png\",\"contentUrl\":\"https:\\\/\\\/aztex.ee\\\/wp-content\\\/uploads\\\/2026\\\/01\\\/AZTEX.png\",\"width\":500,\"height\":500,\"caption\":\"AZTEX\"},\"image\":{\"@id\":\"https:\\\/\\\/aztex.ee\\\/lv\\\/#\\\/schema\\\/logo\\\/image\\\/\"},\"sameAs\":[\"https:\\\/\\\/www.facebook.com\\\/AztexEE\",\"https:\\\/\\\/www.instagram.com\\\/aztexeesti\\\/\",\"https:\\\/\\\/www.youtube.com\\\/@AZTEXEE\",\"https:\\\/\\\/www.pinterest.com\\\/aztex_eesti\\\/\",\"https:\\\/\\\/www.tiktok.com\\\/@aztexeesti\",\"https:\\\/\\\/www.trustpilot.com\\\/review\\\/aztex.ee\",\"https:\\\/\\\/www.linkedin.com\\\/company\\\/aztex-ee\\\/\",\"https:\\\/\\\/www.wikidata.org\\\/wiki\\\/Q137560182\"]}]}<\/script>\n<!-- \/ Yoast SEO plugin. -->","yoast_head_json":{"title":"Bambusa vannas dvielis 70x140 cm | 100% bambuss - AZTEX","description":"Grezns un m\u012bksts bambusa vannas dvielis 70x140 cm izm\u0113r\u0101 pied\u0101v\u0101 maksim\u0101lu komfortu, lielisku uzs\u016bk\u0161anas sp\u0113ju un ir saudz\u012bgs pret \u0101du.","robots":{"index":"index","follow":"follow","max-snippet":"max-snippet:-1","max-image-preview":"max-image-preview:large","max-video-preview":"max-video-preview:-1"},"canonical":"https:\/\/aztex.ee\/lv\/pood\/dvieli-un-vannas-dvieli\/bambusa-vannas-dvielis-70x140-cm\/","og_locale":"lv_LV","og_type":"article","og_title":"Bambusa vannas dvielis 70x140 cm | 100% bambuss - AZTEX","og_description":"Grezns un m\u012bksts bambusa vannas dvielis 70x140 cm izm\u0113r\u0101 pied\u0101v\u0101 maksim\u0101lu komfortu, lielisku uzs\u016bk\u0161anas sp\u0113ju un ir saudz\u012bgs pret \u0101du.","og_url":"https:\/\/aztex.ee\/lv\/pood\/dvieli-un-vannas-dvieli\/bambusa-vannas-dvielis-70x140-cm\/","og_site_name":"AZTEX","article_publisher":"https:\/\/www.facebook.com\/AztexEE","article_modified_time":"2026-04-11T12:19:50+00:00","og_image":[{"width":800,"height":800,"url":"https:\/\/aztex.ee\/wp-content\/uploads\/2025\/01\/Bambusest-vanniratikud.jpg","type":"image\/jpeg"}],"twitter_card":"summary_large_image","twitter_misc":{"Est. reading time":"2 minutes"},"schema":{"@context":"https:\/\/schema.org","@graph":[{"@type":["WebPage","ItemPage"],"@id":"https:\/\/aztex.ee\/lv\/pood\/dvieli-un-vannas-dvieli\/bambusa-vannas-dvielis-70x140-cm\/","url":"https:\/\/aztex.ee\/lv\/pood\/dvieli-un-vannas-dvieli\/bambusa-vannas-dvielis-70x140-cm\/","name":"Bambusa vannas dvielis 70x140 cm | 100% bambuss - AZTEX","isPartOf":{"@id":"https:\/\/aztex.ee\/lv\/#website"},"primaryImageOfPage":{"@id":"https:\/\/aztex.ee\/lv\/pood\/dvieli-un-vannas-dvieli\/bambusa-vannas-dvielis-70x140-cm\/#primaryimage"},"image":{"@id":"https:\/\/aztex.ee\/lv\/pood\/dvieli-un-vannas-dvieli\/bambusa-vannas-dvielis-70x140-cm\/#primaryimage"},"thumbnailUrl":"https:\/\/aztex.ee\/wp-content\/uploads\/2025\/01\/Bambusest-vanniratikud.jpg","datePublished":"2025-01-25T10:24:23+00:00","dateModified":"2026-04-11T12:19:50+00:00","description":"Grezns un m\u012bksts bambusa vannas dvielis 70x140 cm izm\u0113r\u0101 pied\u0101v\u0101 maksim\u0101lu komfortu, lielisku uzs\u016bk\u0161anas sp\u0113ju un ir saudz\u012bgs pret \u0101du.","breadcrumb":{"@id":"https:\/\/aztex.ee\/lv\/pood\/dvieli-un-vannas-dvieli\/bambusa-vannas-dvielis-70x140-cm\/#breadcrumb"},"inLanguage":"lv-LV","potentialAction":[{"@type":"ReadAction","target":["https:\/\/aztex.ee\/lv\/pood\/dvieli-un-vannas-dvieli\/bambusa-vannas-dvielis-70x140-cm\/"]}]},{"@type":"ImageObject","inLanguage":"lv-LV","@id":"https:\/\/aztex.ee\/lv\/pood\/dvieli-un-vannas-dvieli\/bambusa-vannas-dvielis-70x140-cm\/#primaryimage","url":"https:\/\/aztex.ee\/wp-content\/uploads\/2025\/01\/Bambusest-vanniratikud.jpg","contentUrl":"https:\/\/aztex.ee\/wp-content\/uploads\/2025\/01\/Bambusest-vanniratikud.jpg","width":800,"height":800,"caption":"Bambusest vannir\u00e4tikud"},{"@type":"BreadcrumbList","@id":"https:\/\/aztex.ee\/lv\/pood\/dvieli-un-vannas-dvieli\/bambusa-vannas-dvielis-70x140-cm\/#breadcrumb","itemListElement":[{"@type":"ListItem","position":1,"name":"S\u0101kums","item":"https:\/\/aztex.ee\/lv\/"},{"@type":"ListItem","position":2,"name":"Veikals","item":"https:\/\/aztex.ee\/lv\/veikals\/"},{"@type":"ListItem","position":3,"name":"Bambusa vannas dvielis 70&#215;140 cm"}]},{"@type":"WebSite","@id":"https:\/\/aztex.ee\/lv\/#website","url":"https:\/\/aztex.ee\/lv\/","name":"AZTEX","description":"","publisher":{"@id":"https:\/\/aztex.ee\/lv\/#organization"},"potentialAction":[{"@type":"SearchAction","target":{"@type":"EntryPoint","urlTemplate":"https:\/\/aztex.ee\/lv\/?s={search_term_string}"},"query-input":{"@type":"PropertyValueSpecification","valueRequired":true,"valueName":"search_term_string"}}],"inLanguage":"lv-LV"},{"@type":"Organization","@id":"https:\/\/aztex.ee\/lv\/#organization","name":"AZTEX","url":"https:\/\/aztex.ee\/lv\/","logo":{"@type":"ImageObject","inLanguage":"lv-LV","@id":"https:\/\/aztex.ee\/lv\/#\/schema\/logo\/image\/","url":"https:\/\/aztex.ee\/wp-content\/uploads\/2026\/01\/AZTEX.png","contentUrl":"https:\/\/aztex.ee\/wp-content\/uploads\/2026\/01\/AZTEX.png","width":500,"height":500,"caption":"AZTEX"},"image":{"@id":"https:\/\/aztex.ee\/lv\/#\/schema\/logo\/image\/"},"sameAs":["https:\/\/www.facebook.com\/AztexEE","https:\/\/www.instagram.com\/aztexeesti\/","https:\/\/www.youtube.com\/@AZTEXEE","https:\/\/www.pinterest.com\/aztex_eesti\/","https:\/\/www.tiktok.com\/@aztexeesti","https:\/\/www.trustpilot.com\/review\/aztex.ee","https:\/\/www.linkedin.com\/company\/aztex-ee\/","https:\/\/www.wikidata.org\/wiki\/Q137560182"]}]}},"_links":{"self":[{"href":"https:\/\/aztex.ee\/lv\/wp-json\/wp\/v2\/product\/46006","targetHints":{"allow":["GET"]}}],"collection":[{"href":"https:\/\/aztex.ee\/lv\/wp-json\/wp\/v2\/product"}],"about":[{"href":"https:\/\/aztex.ee\/lv\/wp-json\/wp\/v2\/types\/product"}],"replies":[{"embeddable":true,"href":"https:\/\/aztex.ee\/lv\/wp-json\/wp\/v2\/comments?post=46006"}],"version-history":[{"count":0,"href":"https:\/\/aztex.ee\/lv\/wp-json\/wp\/v2\/product\/46006\/revisions"}],"wp:featuredmedia":[{"embeddable":true,"href":"https:\/\/aztex.ee\/lv\/wp-json\/wp\/v2\/media\/46113"}],"wp:attachment":[{"href":"https:\/\/aztex.ee\/lv\/wp-json\/wp\/v2\/media?parent=46006"}],"wp:term":[{"taxonomy":"product_brand","embeddable":true,"href":"https:\/\/aztex.ee\/lv\/wp-json\/wp\/v2\/product_brand?post=46006"},{"taxonomy":"product_cat","embeddable":true,"href":"https:\/\/aztex.ee\/lv\/wp-json\/wp\/v2\/product_cat?post=46006"},{"taxonomy":"product_tag","embeddable":true,"href":"https:\/\/aztex.ee\/lv\/wp-json\/wp\/v2\/product_tag?post=46006"}],"curies":[{"name":"wp","href":"https:\/\/api.w.org\/{rel}","templated":true}]}}