{"id":42732,"date":"2025-01-13T10:15:39","date_gmt":"2025-01-13T10:15:39","guid":{"rendered":"https:\/\/aztex.ee\/?post_type=product&#038;p=42732"},"modified":"2026-03-22T17:46:20","modified_gmt":"2026-03-22T17:46:20","slug":"bambusa-dvielu-komplekts-6-gab","status":"publish","type":"product","link":"https:\/\/aztex.ee\/lv\/pood\/dvieli-un-vannas-dvieli\/bambusa-dvielu-komplekts-6-gab\/","title":{"rendered":"Bambusa dvie\u013cu komplekts 6 gab"},"content":{"rendered":"<p>Bambusa dvie\u013cu komplekts, kur\u0101 ietilpst 6 dvie\u013ci ar izm\u0113riem 35\u00d775 cm, ir lieliska izv\u0113le ikdienas lieto\u0161anai vai k\u0101 d\u0101vana. \u0160ie dvie\u013ci ir izgatavoti no bambusa \u0161\u0137iedras, kas ir paz\u012bstama ar savu izcilo maigumu un draudz\u012bgumu \u0101dai. Pateicoties dabiskaj\u0101m hipoaler\u0123iskaj\u0101m un antibakteri\u0101laj\u0101m \u012bpa\u0161\u012bb\u0101m, tie ir piem\u0113roti pat visjut\u012bg\u0101kajai \u0101dai, tostarp z\u012bdai\u0146iem un maziem b\u0113rniem, nodro\u0161inot maigu kop\u0161anu un komfortu.<\/p>\n<p>Bambusa dvie\u013cu mitruma uzs\u016bk\u0161anas sp\u0113ja ir iespaid\u012bga \u2013 tie sp\u0113j absorb\u0113t vair\u0101kas reizes vair\u0101k \u016bdens nek\u0101 tradicion\u0101lie kokvilnas dvie\u013ci. Turkl\u0101t tie \u0101tr\u0101k iz\u017e\u016bst, pal\u012bdzot tiem saglab\u0101t svaigumu un pat\u012bkam\u012bbu pat ikdienas lieto\u0161an\u0101. Dvie\u013cu vieglums un efektivit\u0101te padara tos par lielisku izv\u0113li gan m\u0101j\u0101s, gan ce\u013cojumos.<\/p>\n<p>Viegli kopjami \u2013 tos var mazg\u0101t ve\u013casma\u0161\u012bn\u0101 zem\u0101 temperat\u016br\u0101, turkl\u0101t dvie\u013ci saglab\u0101 savu maigumu un pat\u012bkamo izskatu pat p\u0113c atk\u0101rtotas mazg\u0101\u0161anas. To daudzpus\u012bgais dizains ir piem\u0113rots da\u017e\u0101diem vannas istabas stiliem, neatkar\u012bgi no t\u0101, vai tas ir klasisks monohromatisks risin\u0101jums vai modernas kr\u0101su sh\u0113mas, kas pie\u0161\u0137ir person\u012bbu un vizu\u0101lo pievilc\u012bbu.<\/p>\n<p>\u0160is komplekts pied\u0101v\u0101 perfektu kvalit\u0101tes un lietot\u0101jam draudz\u012bguma kombin\u0101ciju, vienlaikus ir ar\u012b iztur\u012bgs un est\u0113tisks. Bambusa dvie\u013ci ir ne tikai praktiski, bet ar\u012b pat\u012bkami lieto\u0161an\u0101, padarot ikdienas rut\u012bnu pat\u012bkam\u0101ku. Tie ir paredz\u0113ti cilv\u0113kiem, kuri nov\u0113rt\u0113 gan funkcionalit\u0101ti, gan stilu.<\/p>\n<p>&nbsp;<\/p>\n","protected":false},"excerpt":{"rendered":"<ul>\n<li>Materi\u0101ls: 100% bambuss<\/li>\n<li>Izm\u0113rs: 35\u00d775 cm \u00b13<\/li>\n<li>Svars: 420g\/m2<\/li>\n<li>Komplekt\u0101 ietilpst: 6 gab<\/li>\n<\/ul>\n","protected":false},"featured_media":42835,"comment_status":"open","ping_status":"closed","template":"","meta":[],"product_brand":[],"product_cat":[989,1668,1624,1734,779,484,1573],"product_tag":[],"class_list":{"0":"post-42732","1":"product","2":"type-product","3":"status-publish","4":"has-post-thumbnail","6":"product_cat-bambusa-dvieli","7":"product_cat-bambusa-dvielu-komplekti","8":"product_cat-bambusa-roku-dvieli","9":"product_cat-dvieli","10":"product_cat-dvieli-35x75-cm","11":"product_cat-dvieli-un-vannas-dvieli","12":"product_cat-dvielu-komplekti","14":"first","15":"instock","16":"shipping-taxable","17":"purchasable","18":"product-type-variable"},"yoast_head":"<!-- This site is optimized with the Yoast SEO plugin v27.3 - https:\/\/yoast.com\/product\/yoast-seo-wordpress\/ -->\n<title>Bambusa dvie\u013cu komplekts 6 gab | AZTEX<\/title>\n<meta name=\"description\" content=\"6-da\u013c\u012bgs bambusa dvie\u013cu komplekts ir m\u012bksts, iztur\u012bgs, praktisks un stil\u012bgs un ir ide\u0101li piem\u0113rots ikdienas roku, sejas un \u0137erme\u0146a \u017e\u0101v\u0113\u0161anai.\" \/>\n<meta name=\"robots\" content=\"index, follow, max-snippet:-1, max-image-preview:large, max-video-preview:-1\" \/>\n<link rel=\"canonical\" href=\"https:\/\/aztex.ee\/lv\/pood\/dvieli-un-vannas-dvieli\/bambusa-dvielu-komplekts-6-gab\/\" \/>\n<meta property=\"og:locale\" content=\"lv_LV\" \/>\n<meta property=\"og:type\" content=\"article\" \/>\n<meta property=\"og:title\" content=\"Bambusa dvie\u013cu komplekts 6 gab | AZTEX\" \/>\n<meta property=\"og:description\" content=\"6-da\u013c\u012bgs bambusa dvie\u013cu komplekts ir m\u012bksts, iztur\u012bgs, praktisks un stil\u012bgs un ir ide\u0101li piem\u0113rots ikdienas roku, sejas un \u0137erme\u0146a \u017e\u0101v\u0113\u0161anai.\" \/>\n<meta property=\"og:url\" content=\"https:\/\/aztex.ee\/lv\/pood\/dvieli-un-vannas-dvieli\/bambusa-dvielu-komplekts-6-gab\/\" \/>\n<meta property=\"og:site_name\" content=\"AZTEX\" \/>\n<meta property=\"article:publisher\" content=\"https:\/\/www.facebook.com\/AztexEE\" \/>\n<meta property=\"article:modified_time\" content=\"2026-03-22T17:46:20+00:00\" \/>\n<meta property=\"og:image\" content=\"https:\/\/aztex.ee\/wp-content\/uploads\/2025\/01\/Bambusest-kateratikute-komplekt.jpg\" \/>\n\t<meta property=\"og:image:width\" content=\"800\" \/>\n\t<meta property=\"og:image:height\" content=\"800\" \/>\n\t<meta property=\"og:image:type\" content=\"image\/jpeg\" \/>\n<meta name=\"twitter:card\" content=\"summary_large_image\" \/>\n<meta name=\"twitter:label1\" content=\"Est. reading time\" \/>\n\t<meta name=\"twitter:data1\" content=\"2 minutes\" \/>\n<script type=\"application\/ld+json\" class=\"yoast-schema-graph\">{\"@context\":\"https:\\\/\\\/schema.org\",\"@graph\":[{\"@type\":[\"WebPage\",\"ItemPage\"],\"@id\":\"https:\\\/\\\/aztex.ee\\\/lv\\\/pood\\\/dvieli-un-vannas-dvieli\\\/bambusa-dvielu-komplekts-6-gab\\\/\",\"url\":\"https:\\\/\\\/aztex.ee\\\/lv\\\/pood\\\/dvieli-un-vannas-dvieli\\\/bambusa-dvielu-komplekts-6-gab\\\/\",\"name\":\"Bambusa dvie\u013cu komplekts 6 gab | AZTEX\",\"isPartOf\":{\"@id\":\"https:\\\/\\\/aztex.ee\\\/lv\\\/#website\"},\"primaryImageOfPage\":{\"@id\":\"https:\\\/\\\/aztex.ee\\\/lv\\\/pood\\\/dvieli-un-vannas-dvieli\\\/bambusa-dvielu-komplekts-6-gab\\\/#primaryimage\"},\"image\":{\"@id\":\"https:\\\/\\\/aztex.ee\\\/lv\\\/pood\\\/dvieli-un-vannas-dvieli\\\/bambusa-dvielu-komplekts-6-gab\\\/#primaryimage\"},\"thumbnailUrl\":\"https:\\\/\\\/aztex.ee\\\/wp-content\\\/uploads\\\/2025\\\/01\\\/Bambusest-kateratikute-komplekt.jpg\",\"datePublished\":\"2025-01-13T10:15:39+00:00\",\"dateModified\":\"2026-03-22T17:46:20+00:00\",\"description\":\"6-da\u013c\u012bgs bambusa dvie\u013cu komplekts ir m\u012bksts, iztur\u012bgs, praktisks un stil\u012bgs un ir ide\u0101li piem\u0113rots ikdienas roku, sejas un \u0137erme\u0146a \u017e\u0101v\u0113\u0161anai.\",\"breadcrumb\":{\"@id\":\"https:\\\/\\\/aztex.ee\\\/lv\\\/pood\\\/dvieli-un-vannas-dvieli\\\/bambusa-dvielu-komplekts-6-gab\\\/#breadcrumb\"},\"inLanguage\":\"lv-LV\",\"potentialAction\":[{\"@type\":\"ReadAction\",\"target\":[\"https:\\\/\\\/aztex.ee\\\/lv\\\/pood\\\/dvieli-un-vannas-dvieli\\\/bambusa-dvielu-komplekts-6-gab\\\/\"]}]},{\"@type\":\"ImageObject\",\"inLanguage\":\"lv-LV\",\"@id\":\"https:\\\/\\\/aztex.ee\\\/lv\\\/pood\\\/dvieli-un-vannas-dvieli\\\/bambusa-dvielu-komplekts-6-gab\\\/#primaryimage\",\"url\":\"https:\\\/\\\/aztex.ee\\\/wp-content\\\/uploads\\\/2025\\\/01\\\/Bambusest-kateratikute-komplekt.jpg\",\"contentUrl\":\"https:\\\/\\\/aztex.ee\\\/wp-content\\\/uploads\\\/2025\\\/01\\\/Bambusest-kateratikute-komplekt.jpg\",\"width\":800,\"height\":800,\"caption\":\"Bambusest k\u00e4ter\u00e4tikute komplekt 6 tk\"},{\"@type\":\"BreadcrumbList\",\"@id\":\"https:\\\/\\\/aztex.ee\\\/lv\\\/pood\\\/dvieli-un-vannas-dvieli\\\/bambusa-dvielu-komplekts-6-gab\\\/#breadcrumb\",\"itemListElement\":[{\"@type\":\"ListItem\",\"position\":1,\"name\":\"S\u0101kums\",\"item\":\"https:\\\/\\\/aztex.ee\\\/lv\\\/\"},{\"@type\":\"ListItem\",\"position\":2,\"name\":\"Veikals\",\"item\":\"https:\\\/\\\/aztex.ee\\\/lv\\\/veikals\\\/\"},{\"@type\":\"ListItem\",\"position\":3,\"name\":\"Bambusa dvie\u013cu komplekts 6 gab\"}]},{\"@type\":\"WebSite\",\"@id\":\"https:\\\/\\\/aztex.ee\\\/lv\\\/#website\",\"url\":\"https:\\\/\\\/aztex.ee\\\/lv\\\/\",\"name\":\"AZTEX\",\"description\":\"\",\"publisher\":{\"@id\":\"https:\\\/\\\/aztex.ee\\\/lv\\\/#organization\"},\"potentialAction\":[{\"@type\":\"SearchAction\",\"target\":{\"@type\":\"EntryPoint\",\"urlTemplate\":\"https:\\\/\\\/aztex.ee\\\/lv\\\/?s={search_term_string}\"},\"query-input\":{\"@type\":\"PropertyValueSpecification\",\"valueRequired\":true,\"valueName\":\"search_term_string\"}}],\"inLanguage\":\"lv-LV\"},{\"@type\":\"Organization\",\"@id\":\"https:\\\/\\\/aztex.ee\\\/lv\\\/#organization\",\"name\":\"AZTEX\",\"url\":\"https:\\\/\\\/aztex.ee\\\/lv\\\/\",\"logo\":{\"@type\":\"ImageObject\",\"inLanguage\":\"lv-LV\",\"@id\":\"https:\\\/\\\/aztex.ee\\\/lv\\\/#\\\/schema\\\/logo\\\/image\\\/\",\"url\":\"https:\\\/\\\/aztex.ee\\\/wp-content\\\/uploads\\\/2026\\\/01\\\/AZTEX.png\",\"contentUrl\":\"https:\\\/\\\/aztex.ee\\\/wp-content\\\/uploads\\\/2026\\\/01\\\/AZTEX.png\",\"width\":500,\"height\":500,\"caption\":\"AZTEX\"},\"image\":{\"@id\":\"https:\\\/\\\/aztex.ee\\\/lv\\\/#\\\/schema\\\/logo\\\/image\\\/\"},\"sameAs\":[\"https:\\\/\\\/www.facebook.com\\\/AztexEE\",\"https:\\\/\\\/www.instagram.com\\\/aztexeesti\\\/\",\"https:\\\/\\\/www.youtube.com\\\/@AZTEXEE\",\"https:\\\/\\\/www.pinterest.com\\\/aztex_eesti\\\/\",\"https:\\\/\\\/www.tiktok.com\\\/@aztexeesti\",\"https:\\\/\\\/www.trustpilot.com\\\/review\\\/aztex.ee\",\"https:\\\/\\\/www.linkedin.com\\\/company\\\/aztex-ee\\\/\",\"https:\\\/\\\/www.wikidata.org\\\/wiki\\\/Q137560182\"]}]}<\/script>\n<!-- \/ Yoast SEO plugin. -->","yoast_head_json":{"title":"Bambusa dvie\u013cu komplekts 6 gab | AZTEX","description":"6-da\u013c\u012bgs bambusa dvie\u013cu komplekts ir m\u012bksts, iztur\u012bgs, praktisks un stil\u012bgs un ir ide\u0101li piem\u0113rots ikdienas roku, sejas un \u0137erme\u0146a \u017e\u0101v\u0113\u0161anai.","robots":{"index":"index","follow":"follow","max-snippet":"max-snippet:-1","max-image-preview":"max-image-preview:large","max-video-preview":"max-video-preview:-1"},"canonical":"https:\/\/aztex.ee\/lv\/pood\/dvieli-un-vannas-dvieli\/bambusa-dvielu-komplekts-6-gab\/","og_locale":"lv_LV","og_type":"article","og_title":"Bambusa dvie\u013cu komplekts 6 gab | AZTEX","og_description":"6-da\u013c\u012bgs bambusa dvie\u013cu komplekts ir m\u012bksts, iztur\u012bgs, praktisks un stil\u012bgs un ir ide\u0101li piem\u0113rots ikdienas roku, sejas un \u0137erme\u0146a \u017e\u0101v\u0113\u0161anai.","og_url":"https:\/\/aztex.ee\/lv\/pood\/dvieli-un-vannas-dvieli\/bambusa-dvielu-komplekts-6-gab\/","og_site_name":"AZTEX","article_publisher":"https:\/\/www.facebook.com\/AztexEE","article_modified_time":"2026-03-22T17:46:20+00:00","og_image":[{"width":800,"height":800,"url":"https:\/\/aztex.ee\/wp-content\/uploads\/2025\/01\/Bambusest-kateratikute-komplekt.jpg","type":"image\/jpeg"}],"twitter_card":"summary_large_image","twitter_misc":{"Est. reading time":"2 minutes"},"schema":{"@context":"https:\/\/schema.org","@graph":[{"@type":["WebPage","ItemPage"],"@id":"https:\/\/aztex.ee\/lv\/pood\/dvieli-un-vannas-dvieli\/bambusa-dvielu-komplekts-6-gab\/","url":"https:\/\/aztex.ee\/lv\/pood\/dvieli-un-vannas-dvieli\/bambusa-dvielu-komplekts-6-gab\/","name":"Bambusa dvie\u013cu komplekts 6 gab | AZTEX","isPartOf":{"@id":"https:\/\/aztex.ee\/lv\/#website"},"primaryImageOfPage":{"@id":"https:\/\/aztex.ee\/lv\/pood\/dvieli-un-vannas-dvieli\/bambusa-dvielu-komplekts-6-gab\/#primaryimage"},"image":{"@id":"https:\/\/aztex.ee\/lv\/pood\/dvieli-un-vannas-dvieli\/bambusa-dvielu-komplekts-6-gab\/#primaryimage"},"thumbnailUrl":"https:\/\/aztex.ee\/wp-content\/uploads\/2025\/01\/Bambusest-kateratikute-komplekt.jpg","datePublished":"2025-01-13T10:15:39+00:00","dateModified":"2026-03-22T17:46:20+00:00","description":"6-da\u013c\u012bgs bambusa dvie\u013cu komplekts ir m\u012bksts, iztur\u012bgs, praktisks un stil\u012bgs un ir ide\u0101li piem\u0113rots ikdienas roku, sejas un \u0137erme\u0146a \u017e\u0101v\u0113\u0161anai.","breadcrumb":{"@id":"https:\/\/aztex.ee\/lv\/pood\/dvieli-un-vannas-dvieli\/bambusa-dvielu-komplekts-6-gab\/#breadcrumb"},"inLanguage":"lv-LV","potentialAction":[{"@type":"ReadAction","target":["https:\/\/aztex.ee\/lv\/pood\/dvieli-un-vannas-dvieli\/bambusa-dvielu-komplekts-6-gab\/"]}]},{"@type":"ImageObject","inLanguage":"lv-LV","@id":"https:\/\/aztex.ee\/lv\/pood\/dvieli-un-vannas-dvieli\/bambusa-dvielu-komplekts-6-gab\/#primaryimage","url":"https:\/\/aztex.ee\/wp-content\/uploads\/2025\/01\/Bambusest-kateratikute-komplekt.jpg","contentUrl":"https:\/\/aztex.ee\/wp-content\/uploads\/2025\/01\/Bambusest-kateratikute-komplekt.jpg","width":800,"height":800,"caption":"Bambusest k\u00e4ter\u00e4tikute komplekt 6 tk"},{"@type":"BreadcrumbList","@id":"https:\/\/aztex.ee\/lv\/pood\/dvieli-un-vannas-dvieli\/bambusa-dvielu-komplekts-6-gab\/#breadcrumb","itemListElement":[{"@type":"ListItem","position":1,"name":"S\u0101kums","item":"https:\/\/aztex.ee\/lv\/"},{"@type":"ListItem","position":2,"name":"Veikals","item":"https:\/\/aztex.ee\/lv\/veikals\/"},{"@type":"ListItem","position":3,"name":"Bambusa dvie\u013cu komplekts 6 gab"}]},{"@type":"WebSite","@id":"https:\/\/aztex.ee\/lv\/#website","url":"https:\/\/aztex.ee\/lv\/","name":"AZTEX","description":"","publisher":{"@id":"https:\/\/aztex.ee\/lv\/#organization"},"potentialAction":[{"@type":"SearchAction","target":{"@type":"EntryPoint","urlTemplate":"https:\/\/aztex.ee\/lv\/?s={search_term_string}"},"query-input":{"@type":"PropertyValueSpecification","valueRequired":true,"valueName":"search_term_string"}}],"inLanguage":"lv-LV"},{"@type":"Organization","@id":"https:\/\/aztex.ee\/lv\/#organization","name":"AZTEX","url":"https:\/\/aztex.ee\/lv\/","logo":{"@type":"ImageObject","inLanguage":"lv-LV","@id":"https:\/\/aztex.ee\/lv\/#\/schema\/logo\/image\/","url":"https:\/\/aztex.ee\/wp-content\/uploads\/2026\/01\/AZTEX.png","contentUrl":"https:\/\/aztex.ee\/wp-content\/uploads\/2026\/01\/AZTEX.png","width":500,"height":500,"caption":"AZTEX"},"image":{"@id":"https:\/\/aztex.ee\/lv\/#\/schema\/logo\/image\/"},"sameAs":["https:\/\/www.facebook.com\/AztexEE","https:\/\/www.instagram.com\/aztexeesti\/","https:\/\/www.youtube.com\/@AZTEXEE","https:\/\/www.pinterest.com\/aztex_eesti\/","https:\/\/www.tiktok.com\/@aztexeesti","https:\/\/www.trustpilot.com\/review\/aztex.ee","https:\/\/www.linkedin.com\/company\/aztex-ee\/","https:\/\/www.wikidata.org\/wiki\/Q137560182"]}]}},"_links":{"self":[{"href":"https:\/\/aztex.ee\/lv\/wp-json\/wp\/v2\/product\/42732","targetHints":{"allow":["GET"]}}],"collection":[{"href":"https:\/\/aztex.ee\/lv\/wp-json\/wp\/v2\/product"}],"about":[{"href":"https:\/\/aztex.ee\/lv\/wp-json\/wp\/v2\/types\/product"}],"replies":[{"embeddable":true,"href":"https:\/\/aztex.ee\/lv\/wp-json\/wp\/v2\/comments?post=42732"}],"version-history":[{"count":0,"href":"https:\/\/aztex.ee\/lv\/wp-json\/wp\/v2\/product\/42732\/revisions"}],"wp:featuredmedia":[{"embeddable":true,"href":"https:\/\/aztex.ee\/lv\/wp-json\/wp\/v2\/media\/42835"}],"wp:attachment":[{"href":"https:\/\/aztex.ee\/lv\/wp-json\/wp\/v2\/media?parent=42732"}],"wp:term":[{"taxonomy":"product_brand","embeddable":true,"href":"https:\/\/aztex.ee\/lv\/wp-json\/wp\/v2\/product_brand?post=42732"},{"taxonomy":"product_cat","embeddable":true,"href":"https:\/\/aztex.ee\/lv\/wp-json\/wp\/v2\/product_cat?post=42732"},{"taxonomy":"product_tag","embeddable":true,"href":"https:\/\/aztex.ee\/lv\/wp-json\/wp\/v2\/product_tag?post=42732"}],"curies":[{"name":"wp","href":"https:\/\/api.w.org\/{rel}","templated":true}]}}