{"id":41425,"date":"2024-12-29T19:21:50","date_gmt":"2024-12-29T19:21:50","guid":{"rendered":"https:\/\/aztex.ee\/?post_type=product&#038;p=41425"},"modified":"2026-03-21T17:22:30","modified_gmt":"2026-03-21T17:22:30","slug":"organisks-bambusa-dvielis","status":"publish","type":"product","link":"https:\/\/aztex.ee\/lv\/pood\/dvieli-un-vannas-dvieli\/organisks-bambusa-dvielis\/","title":{"rendered":"Bambusa dvielis"},"content":{"rendered":"<p>Bambusa dvielis \u2013 grezna un videi draudz\u012bga izv\u0113le<\/p>\n<p>Bambusa dvielis ir lieliska izv\u0113le tiem, kas nov\u0113rt\u0113 kvalit\u0101ti, maigumu un ilgtsp\u0113j\u012bbu. Izgatavots no dab\u012bgas bambusa \u0161\u0137iedras, \u0161is dvielis ir videi draudz\u012bga alternat\u012bva tradicion\u0101lajiem materi\u0101liem. Bambusa \u0161\u0137iedras ir dabiski m\u012bkstas, nodro\u0161inot \u0101dai maigu un lutino\u0161u saj\u016btu. Tas padara bambusa dvieli lieliski piem\u0113rotu jut\u012bgai \u0101dai, jo tas nekairina \u0101du un neatst\u0101j raupju saj\u016btu.<\/p>\n<p>Bambusa dvie\u013ci ir paz\u012bstami ar savu izcilo uzs\u016bk\u0161anas sp\u0113ju, kas sp\u0113j absorb\u0113t l\u012bdz pat tr\u012bs reiz\u0113m vair\u0101k mitruma nek\u0101 kokvilnas dvie\u013ci. \u0160is \u012bpa\u0161ums padara tos ide\u0101li piem\u0113rotus ikdienas lieto\u0161anai vannas istab\u0101, spa vai pat pludmal\u0113. Turkl\u0101t \u0161ie dvie\u013ci \u0101tri iz\u017e\u016bst, kas pal\u012bdz nov\u0113rst nepat\u012bkamas smakas, ko rada mitrums. Bambusa \u0161\u0137iedru dabisk\u0101s antibakteri\u0101l\u0101s \u012bpa\u0161\u012bbas pal\u012bdz ar\u012b saglab\u0101t dvieli higi\u0113nisku un svaigu pat p\u0113c atk\u0101rtotas lieto\u0161anas.<\/p>\n<p>Videi draudz\u012bgums ir viena no liel\u0101kaj\u0101m bambusa dvie\u013cu priek\u0161roc\u012bb\u0101m. Bambuss ir \u0101tri atjaunojams augs, kas aug bez pestic\u012bdiem un m\u0113slo\u0161anas l\u012bdzek\u013ciem. Produkti, kas izgatavoti no bambusa \u0161\u0137iedras, ir biolo\u0123iski no\u0101rd\u0101mi un samazina ietekmi uz vidi, padarot tos ide\u0101li piem\u0113rotus cilv\u0113kiem, kuri ar savu pat\u0113ri\u0146a izv\u0113li v\u0113las aizsarg\u0101t dabu.<\/p>\n<p>Stil\u012bgi veidoti bambusa dvie\u013ci iederas jebkur\u0101 m\u0101j\u0101, pied\u0101v\u0101jot gan praktiskumu, gan est\u0113tisku baud\u012bjumu. Bambusa dvielis ir ar\u012b lieliska d\u0101vana, kas iepriecin\u0101s jebkuru d\u0101vanas sa\u0146\u0113m\u0113ju.<\/p>\n<p>Viegli kopjams \u2013 mazg\u0101jiet dvieli smalk\u0101 programm\u0101 l\u012bdz 40\u00b0C un izvairieties no \u017e\u0101v\u0113\u0161anas augst\u0101 temperat\u016br\u0101, lai saglab\u0101tu t\u0101 maigumu un iztur\u012bbu. Bambusa dvielis apvieno dabas skaistumu ar praktiskumu, sniedzot neaizmirstamu pieredzi.<\/p>\n<p>&nbsp;<\/p>\n","protected":false},"excerpt":{"rendered":"<ul>\n<li>Materi\u0101ls: 100% bambuss<\/li>\n<li>Izm\u0113rs: 35\u00d775 cm \u00b13<\/li>\n<li>Svars: 420g\/m2<\/li>\n<\/ul>\n","protected":false},"featured_media":41624,"comment_status":"open","ping_status":"closed","template":"","meta":[],"product_brand":[],"product_cat":[989,1624,1734,779,484],"product_tag":[],"class_list":{"0":"post-41425","1":"product","2":"type-product","3":"status-publish","4":"has-post-thumbnail","6":"product_cat-bambusa-dvieli","7":"product_cat-bambusa-roku-dvieli","8":"product_cat-dvieli","9":"product_cat-dvieli-35x75-cm","10":"product_cat-dvieli-un-vannas-dvieli","12":"first","13":"instock","14":"shipping-taxable","15":"purchasable","16":"product-type-variable"},"yoast_head":"<!-- This site is optimized with the Yoast SEO plugin v27.4 - https:\/\/yoast.com\/product\/yoast-seo-wordpress\/ -->\n<title>Organisks bambusa dvielis | AZTEX<\/title>\n<meta name=\"description\" content=\"Bambusa dvielis ir m\u012bksts un \u0101dai draudz\u012bgs, t\u0101p\u0113c tas ir ide\u0101li piem\u0113rots ikdienas lieto\u0161anai. Pateicoties \u0101trai \u017e\u016b\u0161anai, t\u0101 ir lieliska izv\u0113le jebkurai..\" \/>\n<meta name=\"robots\" content=\"index, follow, max-snippet:-1, max-image-preview:large, max-video-preview:-1\" \/>\n<link rel=\"canonical\" href=\"https:\/\/aztex.ee\/lv\/pood\/dvieli-un-vannas-dvieli\/organisks-bambusa-dvielis\/\" \/>\n<meta property=\"og:locale\" content=\"lv_LV\" \/>\n<meta property=\"og:type\" content=\"article\" \/>\n<meta property=\"og:title\" content=\"Organisks bambusa dvielis | AZTEX\" \/>\n<meta property=\"og:description\" content=\"Bambusa dvielis ir m\u012bksts un \u0101dai draudz\u012bgs, t\u0101p\u0113c tas ir ide\u0101li piem\u0113rots ikdienas lieto\u0161anai. Pateicoties \u0101trai \u017e\u016b\u0161anai, t\u0101 ir lieliska izv\u0113le jebkurai..\" \/>\n<meta property=\"og:url\" content=\"https:\/\/aztex.ee\/lv\/pood\/dvieli-un-vannas-dvieli\/organisks-bambusa-dvielis\/\" \/>\n<meta property=\"og:site_name\" content=\"AZTEX\" \/>\n<meta property=\"article:publisher\" content=\"https:\/\/www.facebook.com\/AztexEE\" \/>\n<meta property=\"article:modified_time\" content=\"2026-03-21T17:22:30+00:00\" \/>\n<meta property=\"og:image\" content=\"https:\/\/aztex.ee\/wp-content\/uploads\/2024\/12\/Ratik-Bambusest.jpg\" \/>\n\t<meta property=\"og:image:width\" content=\"800\" \/>\n\t<meta property=\"og:image:height\" content=\"800\" \/>\n\t<meta property=\"og:image:type\" content=\"image\/jpeg\" \/>\n<meta name=\"twitter:card\" content=\"summary_large_image\" \/>\n<meta name=\"twitter:label1\" content=\"Est. reading time\" \/>\n\t<meta name=\"twitter:data1\" content=\"2 minutes\" \/>\n<script type=\"application\/ld+json\" class=\"yoast-schema-graph\">{\"@context\":\"https:\\\/\\\/schema.org\",\"@graph\":[{\"@type\":[\"WebPage\",\"ItemPage\"],\"@id\":\"https:\\\/\\\/aztex.ee\\\/lv\\\/pood\\\/dvieli-un-vannas-dvieli\\\/organisks-bambusa-dvielis\\\/\",\"url\":\"https:\\\/\\\/aztex.ee\\\/lv\\\/pood\\\/dvieli-un-vannas-dvieli\\\/organisks-bambusa-dvielis\\\/\",\"name\":\"Organisks bambusa dvielis | AZTEX\",\"isPartOf\":{\"@id\":\"https:\\\/\\\/aztex.ee\\\/lv\\\/#website\"},\"primaryImageOfPage\":{\"@id\":\"https:\\\/\\\/aztex.ee\\\/lv\\\/pood\\\/dvieli-un-vannas-dvieli\\\/organisks-bambusa-dvielis\\\/#primaryimage\"},\"image\":{\"@id\":\"https:\\\/\\\/aztex.ee\\\/lv\\\/pood\\\/dvieli-un-vannas-dvieli\\\/organisks-bambusa-dvielis\\\/#primaryimage\"},\"thumbnailUrl\":\"https:\\\/\\\/aztex.ee\\\/wp-content\\\/uploads\\\/2024\\\/12\\\/Ratik-Bambusest.jpg\",\"datePublished\":\"2024-12-29T19:21:50+00:00\",\"dateModified\":\"2026-03-21T17:22:30+00:00\",\"description\":\"Bambusa dvielis ir m\u012bksts un \u0101dai draudz\u012bgs, t\u0101p\u0113c tas ir ide\u0101li piem\u0113rots ikdienas lieto\u0161anai. Pateicoties \u0101trai \u017e\u016b\u0161anai, t\u0101 ir lieliska izv\u0113le jebkurai..\",\"breadcrumb\":{\"@id\":\"https:\\\/\\\/aztex.ee\\\/lv\\\/pood\\\/dvieli-un-vannas-dvieli\\\/organisks-bambusa-dvielis\\\/#breadcrumb\"},\"inLanguage\":\"lv-LV\",\"potentialAction\":[{\"@type\":\"ReadAction\",\"target\":[\"https:\\\/\\\/aztex.ee\\\/lv\\\/pood\\\/dvieli-un-vannas-dvieli\\\/organisks-bambusa-dvielis\\\/\"]}]},{\"@type\":\"ImageObject\",\"inLanguage\":\"lv-LV\",\"@id\":\"https:\\\/\\\/aztex.ee\\\/lv\\\/pood\\\/dvieli-un-vannas-dvieli\\\/organisks-bambusa-dvielis\\\/#primaryimage\",\"url\":\"https:\\\/\\\/aztex.ee\\\/wp-content\\\/uploads\\\/2024\\\/12\\\/Ratik-Bambusest.jpg\",\"contentUrl\":\"https:\\\/\\\/aztex.ee\\\/wp-content\\\/uploads\\\/2024\\\/12\\\/Ratik-Bambusest.jpg\",\"width\":800,\"height\":800,\"caption\":\"R\u00e4tik Bambusest\"},{\"@type\":\"BreadcrumbList\",\"@id\":\"https:\\\/\\\/aztex.ee\\\/lv\\\/pood\\\/dvieli-un-vannas-dvieli\\\/organisks-bambusa-dvielis\\\/#breadcrumb\",\"itemListElement\":[{\"@type\":\"ListItem\",\"position\":1,\"name\":\"S\u0101kums\",\"item\":\"https:\\\/\\\/aztex.ee\\\/lv\\\/\"},{\"@type\":\"ListItem\",\"position\":2,\"name\":\"Veikals\",\"item\":\"https:\\\/\\\/aztex.ee\\\/lv\\\/veikals\\\/\"},{\"@type\":\"ListItem\",\"position\":3,\"name\":\"Bambusa dvielis\"}]},{\"@type\":\"WebSite\",\"@id\":\"https:\\\/\\\/aztex.ee\\\/lv\\\/#website\",\"url\":\"https:\\\/\\\/aztex.ee\\\/lv\\\/\",\"name\":\"AZTEX\",\"description\":\"\",\"publisher\":{\"@id\":\"https:\\\/\\\/aztex.ee\\\/lv\\\/#organization\"},\"potentialAction\":[{\"@type\":\"SearchAction\",\"target\":{\"@type\":\"EntryPoint\",\"urlTemplate\":\"https:\\\/\\\/aztex.ee\\\/lv\\\/?s={search_term_string}\"},\"query-input\":{\"@type\":\"PropertyValueSpecification\",\"valueRequired\":true,\"valueName\":\"search_term_string\"}}],\"inLanguage\":\"lv-LV\"},{\"@type\":\"Organization\",\"@id\":\"https:\\\/\\\/aztex.ee\\\/lv\\\/#organization\",\"name\":\"AZTEX\",\"url\":\"https:\\\/\\\/aztex.ee\\\/lv\\\/\",\"logo\":{\"@type\":\"ImageObject\",\"inLanguage\":\"lv-LV\",\"@id\":\"https:\\\/\\\/aztex.ee\\\/lv\\\/#\\\/schema\\\/logo\\\/image\\\/\",\"url\":\"https:\\\/\\\/aztex.ee\\\/wp-content\\\/uploads\\\/2026\\\/01\\\/AZTEX.png\",\"contentUrl\":\"https:\\\/\\\/aztex.ee\\\/wp-content\\\/uploads\\\/2026\\\/01\\\/AZTEX.png\",\"width\":500,\"height\":500,\"caption\":\"AZTEX\"},\"image\":{\"@id\":\"https:\\\/\\\/aztex.ee\\\/lv\\\/#\\\/schema\\\/logo\\\/image\\\/\"},\"sameAs\":[\"https:\\\/\\\/www.facebook.com\\\/AztexEE\",\"https:\\\/\\\/www.instagram.com\\\/aztexeesti\\\/\",\"https:\\\/\\\/www.youtube.com\\\/@AZTEXEE\",\"https:\\\/\\\/www.pinterest.com\\\/aztex_eesti\\\/\",\"https:\\\/\\\/www.tiktok.com\\\/@aztexeesti\",\"https:\\\/\\\/www.trustpilot.com\\\/review\\\/aztex.ee\",\"https:\\\/\\\/www.linkedin.com\\\/company\\\/aztex-ee\\\/\",\"https:\\\/\\\/www.wikidata.org\\\/wiki\\\/Q137560182\"]}]}<\/script>\n<!-- \/ Yoast SEO plugin. -->","yoast_head_json":{"title":"Organisks bambusa dvielis | AZTEX","description":"Bambusa dvielis ir m\u012bksts un \u0101dai draudz\u012bgs, t\u0101p\u0113c tas ir ide\u0101li piem\u0113rots ikdienas lieto\u0161anai. Pateicoties \u0101trai \u017e\u016b\u0161anai, t\u0101 ir lieliska izv\u0113le jebkurai..","robots":{"index":"index","follow":"follow","max-snippet":"max-snippet:-1","max-image-preview":"max-image-preview:large","max-video-preview":"max-video-preview:-1"},"canonical":"https:\/\/aztex.ee\/lv\/pood\/dvieli-un-vannas-dvieli\/organisks-bambusa-dvielis\/","og_locale":"lv_LV","og_type":"article","og_title":"Organisks bambusa dvielis | AZTEX","og_description":"Bambusa dvielis ir m\u012bksts un \u0101dai draudz\u012bgs, t\u0101p\u0113c tas ir ide\u0101li piem\u0113rots ikdienas lieto\u0161anai. Pateicoties \u0101trai \u017e\u016b\u0161anai, t\u0101 ir lieliska izv\u0113le jebkurai..","og_url":"https:\/\/aztex.ee\/lv\/pood\/dvieli-un-vannas-dvieli\/organisks-bambusa-dvielis\/","og_site_name":"AZTEX","article_publisher":"https:\/\/www.facebook.com\/AztexEE","article_modified_time":"2026-03-21T17:22:30+00:00","og_image":[{"width":800,"height":800,"url":"https:\/\/aztex.ee\/wp-content\/uploads\/2024\/12\/Ratik-Bambusest.jpg","type":"image\/jpeg"}],"twitter_card":"summary_large_image","twitter_misc":{"Est. reading time":"2 minutes"},"schema":{"@context":"https:\/\/schema.org","@graph":[{"@type":["WebPage","ItemPage"],"@id":"https:\/\/aztex.ee\/lv\/pood\/dvieli-un-vannas-dvieli\/organisks-bambusa-dvielis\/","url":"https:\/\/aztex.ee\/lv\/pood\/dvieli-un-vannas-dvieli\/organisks-bambusa-dvielis\/","name":"Organisks bambusa dvielis | AZTEX","isPartOf":{"@id":"https:\/\/aztex.ee\/lv\/#website"},"primaryImageOfPage":{"@id":"https:\/\/aztex.ee\/lv\/pood\/dvieli-un-vannas-dvieli\/organisks-bambusa-dvielis\/#primaryimage"},"image":{"@id":"https:\/\/aztex.ee\/lv\/pood\/dvieli-un-vannas-dvieli\/organisks-bambusa-dvielis\/#primaryimage"},"thumbnailUrl":"https:\/\/aztex.ee\/wp-content\/uploads\/2024\/12\/Ratik-Bambusest.jpg","datePublished":"2024-12-29T19:21:50+00:00","dateModified":"2026-03-21T17:22:30+00:00","description":"Bambusa dvielis ir m\u012bksts un \u0101dai draudz\u012bgs, t\u0101p\u0113c tas ir ide\u0101li piem\u0113rots ikdienas lieto\u0161anai. Pateicoties \u0101trai \u017e\u016b\u0161anai, t\u0101 ir lieliska izv\u0113le jebkurai..","breadcrumb":{"@id":"https:\/\/aztex.ee\/lv\/pood\/dvieli-un-vannas-dvieli\/organisks-bambusa-dvielis\/#breadcrumb"},"inLanguage":"lv-LV","potentialAction":[{"@type":"ReadAction","target":["https:\/\/aztex.ee\/lv\/pood\/dvieli-un-vannas-dvieli\/organisks-bambusa-dvielis\/"]}]},{"@type":"ImageObject","inLanguage":"lv-LV","@id":"https:\/\/aztex.ee\/lv\/pood\/dvieli-un-vannas-dvieli\/organisks-bambusa-dvielis\/#primaryimage","url":"https:\/\/aztex.ee\/wp-content\/uploads\/2024\/12\/Ratik-Bambusest.jpg","contentUrl":"https:\/\/aztex.ee\/wp-content\/uploads\/2024\/12\/Ratik-Bambusest.jpg","width":800,"height":800,"caption":"R\u00e4tik Bambusest"},{"@type":"BreadcrumbList","@id":"https:\/\/aztex.ee\/lv\/pood\/dvieli-un-vannas-dvieli\/organisks-bambusa-dvielis\/#breadcrumb","itemListElement":[{"@type":"ListItem","position":1,"name":"S\u0101kums","item":"https:\/\/aztex.ee\/lv\/"},{"@type":"ListItem","position":2,"name":"Veikals","item":"https:\/\/aztex.ee\/lv\/veikals\/"},{"@type":"ListItem","position":3,"name":"Bambusa dvielis"}]},{"@type":"WebSite","@id":"https:\/\/aztex.ee\/lv\/#website","url":"https:\/\/aztex.ee\/lv\/","name":"AZTEX","description":"","publisher":{"@id":"https:\/\/aztex.ee\/lv\/#organization"},"potentialAction":[{"@type":"SearchAction","target":{"@type":"EntryPoint","urlTemplate":"https:\/\/aztex.ee\/lv\/?s={search_term_string}"},"query-input":{"@type":"PropertyValueSpecification","valueRequired":true,"valueName":"search_term_string"}}],"inLanguage":"lv-LV"},{"@type":"Organization","@id":"https:\/\/aztex.ee\/lv\/#organization","name":"AZTEX","url":"https:\/\/aztex.ee\/lv\/","logo":{"@type":"ImageObject","inLanguage":"lv-LV","@id":"https:\/\/aztex.ee\/lv\/#\/schema\/logo\/image\/","url":"https:\/\/aztex.ee\/wp-content\/uploads\/2026\/01\/AZTEX.png","contentUrl":"https:\/\/aztex.ee\/wp-content\/uploads\/2026\/01\/AZTEX.png","width":500,"height":500,"caption":"AZTEX"},"image":{"@id":"https:\/\/aztex.ee\/lv\/#\/schema\/logo\/image\/"},"sameAs":["https:\/\/www.facebook.com\/AztexEE","https:\/\/www.instagram.com\/aztexeesti\/","https:\/\/www.youtube.com\/@AZTEXEE","https:\/\/www.pinterest.com\/aztex_eesti\/","https:\/\/www.tiktok.com\/@aztexeesti","https:\/\/www.trustpilot.com\/review\/aztex.ee","https:\/\/www.linkedin.com\/company\/aztex-ee\/","https:\/\/www.wikidata.org\/wiki\/Q137560182"]}]}},"_links":{"self":[{"href":"https:\/\/aztex.ee\/lv\/wp-json\/wp\/v2\/product\/41425","targetHints":{"allow":["GET"]}}],"collection":[{"href":"https:\/\/aztex.ee\/lv\/wp-json\/wp\/v2\/product"}],"about":[{"href":"https:\/\/aztex.ee\/lv\/wp-json\/wp\/v2\/types\/product"}],"replies":[{"embeddable":true,"href":"https:\/\/aztex.ee\/lv\/wp-json\/wp\/v2\/comments?post=41425"}],"version-history":[{"count":0,"href":"https:\/\/aztex.ee\/lv\/wp-json\/wp\/v2\/product\/41425\/revisions"}],"wp:featuredmedia":[{"embeddable":true,"href":"https:\/\/aztex.ee\/lv\/wp-json\/wp\/v2\/media\/41624"}],"wp:attachment":[{"href":"https:\/\/aztex.ee\/lv\/wp-json\/wp\/v2\/media?parent=41425"}],"wp:term":[{"taxonomy":"product_brand","embeddable":true,"href":"https:\/\/aztex.ee\/lv\/wp-json\/wp\/v2\/product_brand?post=41425"},{"taxonomy":"product_cat","embeddable":true,"href":"https:\/\/aztex.ee\/lv\/wp-json\/wp\/v2\/product_cat?post=41425"},{"taxonomy":"product_tag","embeddable":true,"href":"https:\/\/aztex.ee\/lv\/wp-json\/wp\/v2\/product_tag?post=41425"}],"curies":[{"name":"wp","href":"https:\/\/api.w.org\/{rel}","templated":true}]}}