{"id":40800,"date":"2024-12-29T01:34:10","date_gmt":"2024-12-29T01:34:10","guid":{"rendered":"https:\/\/aztex.ee\/?post_type=product&#038;p=40800"},"modified":"2026-03-28T22:10:22","modified_gmt":"2026-03-28T22:10:22","slug":"dabiga-bambusa-dvielis","status":"publish","type":"product","link":"https:\/\/aztex.ee\/lv\/pood\/dvieli-un-vannas-dvieli\/dabiga-bambusa-dvielis\/","title":{"rendered":"Bambusa dvielis"},"content":{"rendered":"<p>Bambusa dvielis ir lab\u0101k\u0101 izv\u0113le, kas apvieno dabisko skaistumu un praktiskumu, pied\u0101v\u0101jot jums greznu maigumu un m\u016b\u017e\u012bgu eleganci. Izgatavots no 100% bambusa \u0161\u0137iedras, \u0161is dvielis ir izstr\u0101d\u0101ts, lai nodro\u0161in\u0101tu izcilu lietot\u0101ja pieredzi, vienlaikus iztur\u012bgs un \u012bpa\u0161i maigs pret \u0101du. Bambusa \u0161\u0137iedru unik\u0101l\u0101s \u012bpa\u0161\u012bbas, piem\u0113ram, lieliska uzs\u016bk\u0161an\u0101s sp\u0113ja un \u0101tra \u017e\u016b\u0161ana, padara to par ide\u0101lu kompanjonu gan ikdienas lieto\u0161anai, gan \u012bpa\u0161os br\u012b\u017eos, kad nepiecie\u0161ams kaut kas vair\u0101k nek\u0101 tikai dvielis.<\/p>\n<p>Bambusa dabisk\u0101s antibakteri\u0101l\u0101s un hipoaler\u0123isk\u0101s \u012bpa\u0161\u012bbas padara to par lielisku izv\u0113li cilv\u0113kiem ar jut\u012bgu \u0101du. \u0160is dvielis ir ne tikai praktisks, bet ar\u012b vesel\u012bbai draudz\u012bgs risin\u0101jums, pal\u012bdzot saglab\u0101t \u0101du t\u012bru un svaigu. Neatkar\u012bgi no t\u0101, vai jums ir sausa vai jut\u012bga \u0101da, bambusa dvielis nodro\u0161ina jums nepiecie\u0161amo apr\u016bpi, vienlaikus nodro\u0161inot maigumu un komfortu.<\/p>\n<p>Papildus \u0113rtai lieto\u0161anai bambusa dvielis izce\u013cas ar\u012b ar savu iztur\u012bbu un vieglu kop\u0161anu. Bambusa \u0161\u0137iedras ir paz\u012bstamas ar savu iztur\u012bbu, kas noz\u012bm\u0113, ka dvielis ilgi saglab\u0101sies lab\u0101 form\u0101 pat bie\u017ei mazg\u0101jot. B\u016btisks ir ar\u012b videi draudz\u012bgums \u2013 bambuss ir ilgtsp\u0113j\u012bgs materi\u0101ls, kas tiek audz\u0113ts, neizmantojot kait\u012bgas \u0137\u012bmiskas vielas.<\/p>\n<p>Bambusa dvielis ir ne tikai praktisks priek\u0161mets, bet ar\u012b stil\u012bgs papildin\u0101jums j\u016bsu m\u0101jas interjeram. T\u0101 minim\u0101listiskais un elegantais dizains papildin\u0101s j\u016bsu vannas istabu, ienesot telp\u0101 m\u0101j\u012bgu un greznu atmosf\u0113ru. Maiga tekst\u016bra un dabisk\u0101s kr\u0101sas rada harmoniju un komfortu, kas padar\u012bs katru dienu \u012bpa\u0161u.<\/p>\n<p>Ja mekl\u0113jat dvieli, kur\u0101 apvienots maigums, iztur\u012bba un videi draudz\u012bgums, tad bambusa dvielis ir ide\u0101la izv\u0113le. R\u016bp\u0113jieties par savu \u0101du, m\u0101j\u0101m un dabu, k\u0101 ar\u012b pievienojiet savai ikdienai v\u0113rt\u012bbu un r\u016bpes.<\/p>\n<p>&nbsp;<\/p>\n","protected":false},"excerpt":{"rendered":"<ul>\n<li>Materi\u0101ls: 100% bambuss<\/li>\n<li>Izm\u0113rs: 35\u00d775 cm \u00b13<\/li>\n<li>Svars: 420g\/m2<\/li>\n<\/ul>\n","protected":false},"featured_media":40901,"comment_status":"open","ping_status":"closed","template":"","meta":[],"product_brand":[],"product_cat":[989,1624,1734,779,484],"product_tag":[],"class_list":{"0":"post-40800","1":"product","2":"type-product","3":"status-publish","4":"has-post-thumbnail","6":"product_cat-bambusa-dvieli","7":"product_cat-bambusa-roku-dvieli","8":"product_cat-dvieli","9":"product_cat-dvieli-35x75-cm","10":"product_cat-dvieli-un-vannas-dvieli","12":"first","13":"instock","14":"shipping-taxable","15":"purchasable","16":"product-type-variable"},"yoast_head":"<!-- This site is optimized with the Yoast SEO plugin v27.4 - https:\/\/yoast.com\/product\/yoast-seo-wordpress\/ -->\n<title>Bambusa dvielis | AZTEX<\/title>\n<meta name=\"description\" content=\"Bambusa dvie\u013ci ir m\u012bksti un ide\u0101li piem\u0113roti ikdienas lieto\u0161anai. To \u0101tri \u017e\u016bsto\u0161\u0101s \u012bpa\u0161\u012bbas padara tos par praktisku izv\u0113li.\" \/>\n<meta name=\"robots\" content=\"index, follow, max-snippet:-1, max-image-preview:large, max-video-preview:-1\" \/>\n<link rel=\"canonical\" href=\"https:\/\/aztex.ee\/lv\/pood\/dvieli-un-vannas-dvieli\/dabiga-bambusa-dvielis\/\" \/>\n<meta property=\"og:locale\" content=\"lv_LV\" \/>\n<meta property=\"og:type\" content=\"article\" \/>\n<meta property=\"og:title\" content=\"Bambusa dvielis | AZTEX\" \/>\n<meta property=\"og:description\" content=\"Bambusa dvie\u013ci ir m\u012bksti un ide\u0101li piem\u0113roti ikdienas lieto\u0161anai. To \u0101tri \u017e\u016bsto\u0161\u0101s \u012bpa\u0161\u012bbas padara tos par praktisku izv\u0113li.\" \/>\n<meta property=\"og:url\" content=\"https:\/\/aztex.ee\/lv\/pood\/dvieli-un-vannas-dvieli\/dabiga-bambusa-dvielis\/\" \/>\n<meta property=\"og:site_name\" content=\"AZTEX\" \/>\n<meta property=\"article:publisher\" content=\"https:\/\/www.facebook.com\/AztexEE\" \/>\n<meta property=\"article:modified_time\" content=\"2026-03-28T22:10:22+00:00\" \/>\n<meta property=\"og:image\" content=\"https:\/\/aztex.ee\/wp-content\/uploads\/2024\/12\/Bambusest-ratik.jpg\" \/>\n\t<meta property=\"og:image:width\" content=\"800\" \/>\n\t<meta property=\"og:image:height\" content=\"800\" \/>\n\t<meta property=\"og:image:type\" content=\"image\/jpeg\" \/>\n<meta name=\"twitter:card\" content=\"summary_large_image\" \/>\n<meta name=\"twitter:label1\" content=\"Est. reading time\" \/>\n\t<meta name=\"twitter:data1\" content=\"2 minutes\" \/>\n<script type=\"application\/ld+json\" class=\"yoast-schema-graph\">{\"@context\":\"https:\\\/\\\/schema.org\",\"@graph\":[{\"@type\":[\"WebPage\",\"ItemPage\"],\"@id\":\"https:\\\/\\\/aztex.ee\\\/lv\\\/pood\\\/dvieli-un-vannas-dvieli\\\/dabiga-bambusa-dvielis\\\/\",\"url\":\"https:\\\/\\\/aztex.ee\\\/lv\\\/pood\\\/dvieli-un-vannas-dvieli\\\/dabiga-bambusa-dvielis\\\/\",\"name\":\"Bambusa dvielis | AZTEX\",\"isPartOf\":{\"@id\":\"https:\\\/\\\/aztex.ee\\\/lv\\\/#website\"},\"primaryImageOfPage\":{\"@id\":\"https:\\\/\\\/aztex.ee\\\/lv\\\/pood\\\/dvieli-un-vannas-dvieli\\\/dabiga-bambusa-dvielis\\\/#primaryimage\"},\"image\":{\"@id\":\"https:\\\/\\\/aztex.ee\\\/lv\\\/pood\\\/dvieli-un-vannas-dvieli\\\/dabiga-bambusa-dvielis\\\/#primaryimage\"},\"thumbnailUrl\":\"https:\\\/\\\/aztex.ee\\\/wp-content\\\/uploads\\\/2024\\\/12\\\/Bambusest-ratik.jpg\",\"datePublished\":\"2024-12-29T01:34:10+00:00\",\"dateModified\":\"2026-03-28T22:10:22+00:00\",\"description\":\"Bambusa dvie\u013ci ir m\u012bksti un ide\u0101li piem\u0113roti ikdienas lieto\u0161anai. To \u0101tri \u017e\u016bsto\u0161\u0101s \u012bpa\u0161\u012bbas padara tos par praktisku izv\u0113li.\",\"breadcrumb\":{\"@id\":\"https:\\\/\\\/aztex.ee\\\/lv\\\/pood\\\/dvieli-un-vannas-dvieli\\\/dabiga-bambusa-dvielis\\\/#breadcrumb\"},\"inLanguage\":\"lv-LV\",\"potentialAction\":[{\"@type\":\"ReadAction\",\"target\":[\"https:\\\/\\\/aztex.ee\\\/lv\\\/pood\\\/dvieli-un-vannas-dvieli\\\/dabiga-bambusa-dvielis\\\/\"]}]},{\"@type\":\"ImageObject\",\"inLanguage\":\"lv-LV\",\"@id\":\"https:\\\/\\\/aztex.ee\\\/lv\\\/pood\\\/dvieli-un-vannas-dvieli\\\/dabiga-bambusa-dvielis\\\/#primaryimage\",\"url\":\"https:\\\/\\\/aztex.ee\\\/wp-content\\\/uploads\\\/2024\\\/12\\\/Bambusest-ratik.jpg\",\"contentUrl\":\"https:\\\/\\\/aztex.ee\\\/wp-content\\\/uploads\\\/2024\\\/12\\\/Bambusest-ratik.jpg\",\"width\":800,\"height\":800,\"caption\":\"Bambusest r\u00e4tik\"},{\"@type\":\"BreadcrumbList\",\"@id\":\"https:\\\/\\\/aztex.ee\\\/lv\\\/pood\\\/dvieli-un-vannas-dvieli\\\/dabiga-bambusa-dvielis\\\/#breadcrumb\",\"itemListElement\":[{\"@type\":\"ListItem\",\"position\":1,\"name\":\"S\u0101kums\",\"item\":\"https:\\\/\\\/aztex.ee\\\/lv\\\/\"},{\"@type\":\"ListItem\",\"position\":2,\"name\":\"Veikals\",\"item\":\"https:\\\/\\\/aztex.ee\\\/lv\\\/veikals\\\/\"},{\"@type\":\"ListItem\",\"position\":3,\"name\":\"Bambusa dvielis\"}]},{\"@type\":\"WebSite\",\"@id\":\"https:\\\/\\\/aztex.ee\\\/lv\\\/#website\",\"url\":\"https:\\\/\\\/aztex.ee\\\/lv\\\/\",\"name\":\"AZTEX\",\"description\":\"\",\"publisher\":{\"@id\":\"https:\\\/\\\/aztex.ee\\\/lv\\\/#organization\"},\"potentialAction\":[{\"@type\":\"SearchAction\",\"target\":{\"@type\":\"EntryPoint\",\"urlTemplate\":\"https:\\\/\\\/aztex.ee\\\/lv\\\/?s={search_term_string}\"},\"query-input\":{\"@type\":\"PropertyValueSpecification\",\"valueRequired\":true,\"valueName\":\"search_term_string\"}}],\"inLanguage\":\"lv-LV\"},{\"@type\":\"Organization\",\"@id\":\"https:\\\/\\\/aztex.ee\\\/lv\\\/#organization\",\"name\":\"AZTEX\",\"url\":\"https:\\\/\\\/aztex.ee\\\/lv\\\/\",\"logo\":{\"@type\":\"ImageObject\",\"inLanguage\":\"lv-LV\",\"@id\":\"https:\\\/\\\/aztex.ee\\\/lv\\\/#\\\/schema\\\/logo\\\/image\\\/\",\"url\":\"https:\\\/\\\/aztex.ee\\\/wp-content\\\/uploads\\\/2026\\\/01\\\/AZTEX.png\",\"contentUrl\":\"https:\\\/\\\/aztex.ee\\\/wp-content\\\/uploads\\\/2026\\\/01\\\/AZTEX.png\",\"width\":500,\"height\":500,\"caption\":\"AZTEX\"},\"image\":{\"@id\":\"https:\\\/\\\/aztex.ee\\\/lv\\\/#\\\/schema\\\/logo\\\/image\\\/\"},\"sameAs\":[\"https:\\\/\\\/www.facebook.com\\\/AztexEE\",\"https:\\\/\\\/www.instagram.com\\\/aztexeesti\\\/\",\"https:\\\/\\\/www.youtube.com\\\/@AZTEXEE\",\"https:\\\/\\\/www.pinterest.com\\\/aztex_eesti\\\/\",\"https:\\\/\\\/www.tiktok.com\\\/@aztexeesti\",\"https:\\\/\\\/www.trustpilot.com\\\/review\\\/aztex.ee\",\"https:\\\/\\\/www.linkedin.com\\\/company\\\/aztex-ee\\\/\",\"https:\\\/\\\/www.wikidata.org\\\/wiki\\\/Q137560182\"]}]}<\/script>\n<!-- \/ Yoast SEO plugin. -->","yoast_head_json":{"title":"Bambusa dvielis | AZTEX","description":"Bambusa dvie\u013ci ir m\u012bksti un ide\u0101li piem\u0113roti ikdienas lieto\u0161anai. To \u0101tri \u017e\u016bsto\u0161\u0101s \u012bpa\u0161\u012bbas padara tos par praktisku izv\u0113li.","robots":{"index":"index","follow":"follow","max-snippet":"max-snippet:-1","max-image-preview":"max-image-preview:large","max-video-preview":"max-video-preview:-1"},"canonical":"https:\/\/aztex.ee\/lv\/pood\/dvieli-un-vannas-dvieli\/dabiga-bambusa-dvielis\/","og_locale":"lv_LV","og_type":"article","og_title":"Bambusa dvielis | AZTEX","og_description":"Bambusa dvie\u013ci ir m\u012bksti un ide\u0101li piem\u0113roti ikdienas lieto\u0161anai. To \u0101tri \u017e\u016bsto\u0161\u0101s \u012bpa\u0161\u012bbas padara tos par praktisku izv\u0113li.","og_url":"https:\/\/aztex.ee\/lv\/pood\/dvieli-un-vannas-dvieli\/dabiga-bambusa-dvielis\/","og_site_name":"AZTEX","article_publisher":"https:\/\/www.facebook.com\/AztexEE","article_modified_time":"2026-03-28T22:10:22+00:00","og_image":[{"width":800,"height":800,"url":"https:\/\/aztex.ee\/wp-content\/uploads\/2024\/12\/Bambusest-ratik.jpg","type":"image\/jpeg"}],"twitter_card":"summary_large_image","twitter_misc":{"Est. reading time":"2 minutes"},"schema":{"@context":"https:\/\/schema.org","@graph":[{"@type":["WebPage","ItemPage"],"@id":"https:\/\/aztex.ee\/lv\/pood\/dvieli-un-vannas-dvieli\/dabiga-bambusa-dvielis\/","url":"https:\/\/aztex.ee\/lv\/pood\/dvieli-un-vannas-dvieli\/dabiga-bambusa-dvielis\/","name":"Bambusa dvielis | AZTEX","isPartOf":{"@id":"https:\/\/aztex.ee\/lv\/#website"},"primaryImageOfPage":{"@id":"https:\/\/aztex.ee\/lv\/pood\/dvieli-un-vannas-dvieli\/dabiga-bambusa-dvielis\/#primaryimage"},"image":{"@id":"https:\/\/aztex.ee\/lv\/pood\/dvieli-un-vannas-dvieli\/dabiga-bambusa-dvielis\/#primaryimage"},"thumbnailUrl":"https:\/\/aztex.ee\/wp-content\/uploads\/2024\/12\/Bambusest-ratik.jpg","datePublished":"2024-12-29T01:34:10+00:00","dateModified":"2026-03-28T22:10:22+00:00","description":"Bambusa dvie\u013ci ir m\u012bksti un ide\u0101li piem\u0113roti ikdienas lieto\u0161anai. To \u0101tri \u017e\u016bsto\u0161\u0101s \u012bpa\u0161\u012bbas padara tos par praktisku izv\u0113li.","breadcrumb":{"@id":"https:\/\/aztex.ee\/lv\/pood\/dvieli-un-vannas-dvieli\/dabiga-bambusa-dvielis\/#breadcrumb"},"inLanguage":"lv-LV","potentialAction":[{"@type":"ReadAction","target":["https:\/\/aztex.ee\/lv\/pood\/dvieli-un-vannas-dvieli\/dabiga-bambusa-dvielis\/"]}]},{"@type":"ImageObject","inLanguage":"lv-LV","@id":"https:\/\/aztex.ee\/lv\/pood\/dvieli-un-vannas-dvieli\/dabiga-bambusa-dvielis\/#primaryimage","url":"https:\/\/aztex.ee\/wp-content\/uploads\/2024\/12\/Bambusest-ratik.jpg","contentUrl":"https:\/\/aztex.ee\/wp-content\/uploads\/2024\/12\/Bambusest-ratik.jpg","width":800,"height":800,"caption":"Bambusest r\u00e4tik"},{"@type":"BreadcrumbList","@id":"https:\/\/aztex.ee\/lv\/pood\/dvieli-un-vannas-dvieli\/dabiga-bambusa-dvielis\/#breadcrumb","itemListElement":[{"@type":"ListItem","position":1,"name":"S\u0101kums","item":"https:\/\/aztex.ee\/lv\/"},{"@type":"ListItem","position":2,"name":"Veikals","item":"https:\/\/aztex.ee\/lv\/veikals\/"},{"@type":"ListItem","position":3,"name":"Bambusa dvielis"}]},{"@type":"WebSite","@id":"https:\/\/aztex.ee\/lv\/#website","url":"https:\/\/aztex.ee\/lv\/","name":"AZTEX","description":"","publisher":{"@id":"https:\/\/aztex.ee\/lv\/#organization"},"potentialAction":[{"@type":"SearchAction","target":{"@type":"EntryPoint","urlTemplate":"https:\/\/aztex.ee\/lv\/?s={search_term_string}"},"query-input":{"@type":"PropertyValueSpecification","valueRequired":true,"valueName":"search_term_string"}}],"inLanguage":"lv-LV"},{"@type":"Organization","@id":"https:\/\/aztex.ee\/lv\/#organization","name":"AZTEX","url":"https:\/\/aztex.ee\/lv\/","logo":{"@type":"ImageObject","inLanguage":"lv-LV","@id":"https:\/\/aztex.ee\/lv\/#\/schema\/logo\/image\/","url":"https:\/\/aztex.ee\/wp-content\/uploads\/2026\/01\/AZTEX.png","contentUrl":"https:\/\/aztex.ee\/wp-content\/uploads\/2026\/01\/AZTEX.png","width":500,"height":500,"caption":"AZTEX"},"image":{"@id":"https:\/\/aztex.ee\/lv\/#\/schema\/logo\/image\/"},"sameAs":["https:\/\/www.facebook.com\/AztexEE","https:\/\/www.instagram.com\/aztexeesti\/","https:\/\/www.youtube.com\/@AZTEXEE","https:\/\/www.pinterest.com\/aztex_eesti\/","https:\/\/www.tiktok.com\/@aztexeesti","https:\/\/www.trustpilot.com\/review\/aztex.ee","https:\/\/www.linkedin.com\/company\/aztex-ee\/","https:\/\/www.wikidata.org\/wiki\/Q137560182"]}]}},"_links":{"self":[{"href":"https:\/\/aztex.ee\/lv\/wp-json\/wp\/v2\/product\/40800","targetHints":{"allow":["GET"]}}],"collection":[{"href":"https:\/\/aztex.ee\/lv\/wp-json\/wp\/v2\/product"}],"about":[{"href":"https:\/\/aztex.ee\/lv\/wp-json\/wp\/v2\/types\/product"}],"replies":[{"embeddable":true,"href":"https:\/\/aztex.ee\/lv\/wp-json\/wp\/v2\/comments?post=40800"}],"version-history":[{"count":0,"href":"https:\/\/aztex.ee\/lv\/wp-json\/wp\/v2\/product\/40800\/revisions"}],"wp:featuredmedia":[{"embeddable":true,"href":"https:\/\/aztex.ee\/lv\/wp-json\/wp\/v2\/media\/40901"}],"wp:attachment":[{"href":"https:\/\/aztex.ee\/lv\/wp-json\/wp\/v2\/media?parent=40800"}],"wp:term":[{"taxonomy":"product_brand","embeddable":true,"href":"https:\/\/aztex.ee\/lv\/wp-json\/wp\/v2\/product_brand?post=40800"},{"taxonomy":"product_cat","embeddable":true,"href":"https:\/\/aztex.ee\/lv\/wp-json\/wp\/v2\/product_cat?post=40800"},{"taxonomy":"product_tag","embeddable":true,"href":"https:\/\/aztex.ee\/lv\/wp-json\/wp\/v2\/product_tag?post=40800"}],"curies":[{"name":"wp","href":"https:\/\/api.w.org\/{rel}","templated":true}]}}