{"id":37647,"date":"2024-12-18T20:07:10","date_gmt":"2024-12-18T20:07:10","guid":{"rendered":"https:\/\/aztex.ee\/?post_type=product&#038;p=37647"},"modified":"2026-04-06T15:01:55","modified_gmt":"2026-04-06T15:01:55","slug":"gultas-velas-komplekts-roza-taurins","status":"publish","type":"product","link":"https:\/\/aztex.ee\/lv\/pood\/gultas-vela\/gultas-velas-komplekts-roza-taurins\/","title":{"rendered":"Gultas ve\u013cas komplekts | Roz\u0101 tauri\u0146\u0161"},"content":{"rendered":"<p>100% kokvilnas gultas ve\u013cas komplekts pie\u0161\u0137ir j\u016bsu gu\u013camistabai dabisku maigumu un komfortu, kas jums patie\u0161\u0101m patiks. \u0160\u012b gultas ve\u013ca ir izgatavota no elpojo\u0161as, \u012bstas kokvilnas, kas pal\u012bdz \u0137ermenim uztur\u0113t ide\u0101lu temperat\u016bru nakts laik\u0101, nodro\u0161inot v\u0113sumu silt\u0101s nakt\u012bs un siltumu v\u0113s\u0101k\u0101s nakt\u012bs. T\u0101 ir lieliska izv\u0113le tiem, kas mekl\u0113 dabisku materi\u0101lu, kas ir maigs pat jut\u012bgai \u0101dai.<\/p>\n<p>M\u016b\u017e\u012bgais un elegantais gultas ve\u013cas dizains uzlabos jebkuru gu\u013camistabu, ienesot telp\u0101 maigumu un mier\u012bgumu. Augstas kvalit\u0101tes kokvilna paliek iztur\u012bga un ar katru mazg\u0101\u0161anas reizi k\u013c\u016bst v\u0113l m\u012bkst\u0101ka, nodro\u0161inot greznu saj\u016btu, kas ir ilgsto\u0161a. Izbaudiet patiesi m\u0101j\u012bgas un dabai tuvas br\u012bvdienas katru vakaru ar 100% kokvilnas gultas ve\u013cu.<\/p>\n","protected":false},"excerpt":{"rendered":"<p>Dabiski m\u012bksts un elpojo\u0161s 100% kokvilnas gultas ve\u013cas komplekts, kas nodro\u0161ina \u0113rtu un mier\u012bgu miegu.<\/p>\n<ul>\n<li>Materi\u0101ls: 100% kokvilna<\/li>\n<li>Audums: Sat\u012bns<\/li>\n<li>Diegu skaits audum\u0101: 255 TC<\/li>\n<li>Segas p\u0101rvalka: 200\u00d7230 cm<\/li>\n<li>Spilvendr\u0101nu: 50\u00d775 cm (2gab.)<\/li>\n<li>Palaga: Nav iek\u013cauta<\/li>\n<li>Komforts: Elpojo\u0161a un m\u012bksta tekst\u016bra<\/li>\n<\/ul>\n<p><img loading=\"lazy\" decoding=\"async\" class=\"alignnone size-full wp-image-30414\" src=\"https:\/\/aztex.ee\/wp-content\/uploads\/2024\/11\/100puuvilll.png\" alt=\"\" width=\"275\" height=\"76\" srcset=\"https:\/\/aztex.ee\/wp-content\/uploads\/2024\/11\/100puuvilll.png 275w, https:\/\/aztex.ee\/wp-content\/uploads\/2024\/11\/100puuvilll-150x41.png 150w\" sizes=\"auto, (max-width: 275px) 100vw, 275px\" \/><\/p>\n","protected":false},"featured_media":37672,"comment_status":"open","ping_status":"closed","template":"","meta":[],"product_brand":[],"product_cat":[203,501,207,285,385,602],"product_tag":[],"class_list":{"0":"post-37647","1":"product","2":"type-product","3":"status-publish","4":"has-post-thumbnail","6":"product_cat-gultas-vela","7":"product_cat-gultas-velas-komplekti","8":"product_cat-kokvilnas-gultas-vela","9":"product_cat-kokvilnas-gultas-velas-komplekts-200-230","10":"product_cat-satina-gultas-vela","11":"product_cat-satina-gultas-velas-komplekti","13":"first","14":"instock","15":"shipping-taxable","16":"purchasable","17":"product-type-simple"},"yoast_head":"<!-- This site is optimized with the Yoast SEO plugin v27.6 - https:\/\/yoast.com\/product\/yoast-seo-wordpress\/ -->\n<title>Gultas ve\u013cas komplekts | Roz\u0101 tauri\u0146\u0161 | AZTEX<\/title>\n<meta name=\"description\" content=\"Izv\u0113lieties 100% kokvilnu savai gu\u013camistabai. Maigs un iztur\u012bgs materi\u0101ls, kas garant\u0113 relaks\u0113jo\u0161u miegu katru nakti. | AZTEX m\u0101jas tekstils\" \/>\n<meta name=\"robots\" content=\"index, follow, max-snippet:-1, max-image-preview:large, max-video-preview:-1\" \/>\n<link rel=\"canonical\" href=\"https:\/\/aztex.ee\/lv\/pood\/gultas-vela\/gultas-velas-komplekts-roza-taurins\/\" \/>\n<meta property=\"og:locale\" content=\"lv_LV\" \/>\n<meta property=\"og:type\" content=\"article\" \/>\n<meta property=\"og:title\" content=\"Gultas ve\u013cas komplekts | Roz\u0101 tauri\u0146\u0161 | AZTEX\" \/>\n<meta property=\"og:description\" content=\"Izv\u0113lieties 100% kokvilnu savai gu\u013camistabai. Maigs un iztur\u012bgs materi\u0101ls, kas garant\u0113 relaks\u0113jo\u0161u miegu katru nakti. | AZTEX m\u0101jas tekstils\" \/>\n<meta property=\"og:url\" content=\"https:\/\/aztex.ee\/lv\/pood\/gultas-vela\/gultas-velas-komplekts-roza-taurins\/\" \/>\n<meta property=\"og:site_name\" content=\"AZTEX\" \/>\n<meta property=\"article:publisher\" content=\"https:\/\/www.facebook.com\/AztexEE\" \/>\n<meta property=\"article:modified_time\" content=\"2026-04-06T15:01:55+00:00\" \/>\n<meta property=\"og:image\" content=\"https:\/\/aztex.ee\/wp-content\/uploads\/2024\/12\/Voodipesukomplekt-16.jpg\" \/>\n\t<meta property=\"og:image:width\" content=\"800\" \/>\n\t<meta property=\"og:image:height\" content=\"800\" \/>\n\t<meta property=\"og:image:type\" content=\"image\/jpeg\" \/>\n<meta name=\"twitter:card\" content=\"summary_large_image\" \/>\n<meta name=\"twitter:label1\" content=\"Est. reading time\" \/>\n\t<meta name=\"twitter:data1\" content=\"1 minute\" \/>\n<script type=\"application\/ld+json\" class=\"yoast-schema-graph\">{\"@context\":\"https:\\\/\\\/schema.org\",\"@graph\":[{\"@type\":[\"WebPage\",\"ItemPage\"],\"@id\":\"https:\\\/\\\/aztex.ee\\\/lv\\\/pood\\\/gultas-vela\\\/gultas-velas-komplekts-roza-taurins\\\/\",\"url\":\"https:\\\/\\\/aztex.ee\\\/lv\\\/pood\\\/gultas-vela\\\/gultas-velas-komplekts-roza-taurins\\\/\",\"name\":\"Gultas ve\u013cas komplekts | Roz\u0101 tauri\u0146\u0161 | AZTEX\",\"isPartOf\":{\"@id\":\"https:\\\/\\\/aztex.ee\\\/lv\\\/#website\"},\"primaryImageOfPage\":{\"@id\":\"https:\\\/\\\/aztex.ee\\\/lv\\\/pood\\\/gultas-vela\\\/gultas-velas-komplekts-roza-taurins\\\/#primaryimage\"},\"image\":{\"@id\":\"https:\\\/\\\/aztex.ee\\\/lv\\\/pood\\\/gultas-vela\\\/gultas-velas-komplekts-roza-taurins\\\/#primaryimage\"},\"thumbnailUrl\":\"https:\\\/\\\/aztex.ee\\\/wp-content\\\/uploads\\\/2024\\\/12\\\/Voodipesukomplekt-16.jpg\",\"datePublished\":\"2024-12-18T20:07:10+00:00\",\"dateModified\":\"2026-04-06T15:01:55+00:00\",\"description\":\"Izv\u0113lieties 100% kokvilnu savai gu\u013camistabai. Maigs un iztur\u012bgs materi\u0101ls, kas garant\u0113 relaks\u0113jo\u0161u miegu katru nakti. | AZTEX m\u0101jas tekstils\",\"breadcrumb\":{\"@id\":\"https:\\\/\\\/aztex.ee\\\/lv\\\/pood\\\/gultas-vela\\\/gultas-velas-komplekts-roza-taurins\\\/#breadcrumb\"},\"inLanguage\":\"lv-LV\",\"potentialAction\":[{\"@type\":\"ReadAction\",\"target\":[\"https:\\\/\\\/aztex.ee\\\/lv\\\/pood\\\/gultas-vela\\\/gultas-velas-komplekts-roza-taurins\\\/\"]}]},{\"@type\":\"ImageObject\",\"inLanguage\":\"lv-LV\",\"@id\":\"https:\\\/\\\/aztex.ee\\\/lv\\\/pood\\\/gultas-vela\\\/gultas-velas-komplekts-roza-taurins\\\/#primaryimage\",\"url\":\"https:\\\/\\\/aztex.ee\\\/wp-content\\\/uploads\\\/2024\\\/12\\\/Voodipesukomplekt-16.jpg\",\"contentUrl\":\"https:\\\/\\\/aztex.ee\\\/wp-content\\\/uploads\\\/2024\\\/12\\\/Voodipesukomplekt-16.jpg\",\"width\":800,\"height\":800,\"caption\":\"Voodipesukomplekt | Pink butterfly\"},{\"@type\":\"BreadcrumbList\",\"@id\":\"https:\\\/\\\/aztex.ee\\\/lv\\\/pood\\\/gultas-vela\\\/gultas-velas-komplekts-roza-taurins\\\/#breadcrumb\",\"itemListElement\":[{\"@type\":\"ListItem\",\"position\":1,\"name\":\"S\u0101kums\",\"item\":\"https:\\\/\\\/aztex.ee\\\/lv\\\/\"},{\"@type\":\"ListItem\",\"position\":2,\"name\":\"Veikals\",\"item\":\"https:\\\/\\\/aztex.ee\\\/lv\\\/veikals\\\/\"},{\"@type\":\"ListItem\",\"position\":3,\"name\":\"Gultas ve\u013cas komplekts | Roz\u0101 tauri\u0146\u0161\"}]},{\"@type\":\"WebSite\",\"@id\":\"https:\\\/\\\/aztex.ee\\\/lv\\\/#website\",\"url\":\"https:\\\/\\\/aztex.ee\\\/lv\\\/\",\"name\":\"AZTEX\",\"description\":\"\",\"publisher\":{\"@id\":\"https:\\\/\\\/aztex.ee\\\/lv\\\/#organization\"},\"potentialAction\":[{\"@type\":\"SearchAction\",\"target\":{\"@type\":\"EntryPoint\",\"urlTemplate\":\"https:\\\/\\\/aztex.ee\\\/lv\\\/?s={search_term_string}\"},\"query-input\":{\"@type\":\"PropertyValueSpecification\",\"valueRequired\":true,\"valueName\":\"search_term_string\"}}],\"inLanguage\":\"lv-LV\"},{\"@type\":\"Organization\",\"@id\":\"https:\\\/\\\/aztex.ee\\\/lv\\\/#organization\",\"name\":\"AZTEX\",\"url\":\"https:\\\/\\\/aztex.ee\\\/lv\\\/\",\"logo\":{\"@type\":\"ImageObject\",\"inLanguage\":\"lv-LV\",\"@id\":\"https:\\\/\\\/aztex.ee\\\/lv\\\/#\\\/schema\\\/logo\\\/image\\\/\",\"url\":\"https:\\\/\\\/aztex.ee\\\/wp-content\\\/uploads\\\/2026\\\/01\\\/AZTEX.png\",\"contentUrl\":\"https:\\\/\\\/aztex.ee\\\/wp-content\\\/uploads\\\/2026\\\/01\\\/AZTEX.png\",\"width\":500,\"height\":500,\"caption\":\"AZTEX\"},\"image\":{\"@id\":\"https:\\\/\\\/aztex.ee\\\/lv\\\/#\\\/schema\\\/logo\\\/image\\\/\"},\"sameAs\":[\"https:\\\/\\\/www.facebook.com\\\/AztexEE\",\"https:\\\/\\\/www.instagram.com\\\/aztexeesti\\\/\",\"https:\\\/\\\/www.youtube.com\\\/@AZTEXEE\",\"https:\\\/\\\/www.pinterest.com\\\/aztex_eesti\\\/\",\"https:\\\/\\\/www.tiktok.com\\\/@aztexeesti\",\"https:\\\/\\\/www.trustpilot.com\\\/review\\\/aztex.ee\",\"https:\\\/\\\/www.linkedin.com\\\/company\\\/aztex-ee\\\/\",\"https:\\\/\\\/www.wikidata.org\\\/wiki\\\/Q137560182\"]}]}<\/script>\n<!-- \/ Yoast SEO plugin. -->","yoast_head_json":{"title":"Gultas ve\u013cas komplekts | Roz\u0101 tauri\u0146\u0161 | AZTEX","description":"Izv\u0113lieties 100% kokvilnu savai gu\u013camistabai. Maigs un iztur\u012bgs materi\u0101ls, kas garant\u0113 relaks\u0113jo\u0161u miegu katru nakti. | AZTEX m\u0101jas tekstils","robots":{"index":"index","follow":"follow","max-snippet":"max-snippet:-1","max-image-preview":"max-image-preview:large","max-video-preview":"max-video-preview:-1"},"canonical":"https:\/\/aztex.ee\/lv\/pood\/gultas-vela\/gultas-velas-komplekts-roza-taurins\/","og_locale":"lv_LV","og_type":"article","og_title":"Gultas ve\u013cas komplekts | Roz\u0101 tauri\u0146\u0161 | AZTEX","og_description":"Izv\u0113lieties 100% kokvilnu savai gu\u013camistabai. Maigs un iztur\u012bgs materi\u0101ls, kas garant\u0113 relaks\u0113jo\u0161u miegu katru nakti. | AZTEX m\u0101jas tekstils","og_url":"https:\/\/aztex.ee\/lv\/pood\/gultas-vela\/gultas-velas-komplekts-roza-taurins\/","og_site_name":"AZTEX","article_publisher":"https:\/\/www.facebook.com\/AztexEE","article_modified_time":"2026-04-06T15:01:55+00:00","og_image":[{"width":800,"height":800,"url":"https:\/\/aztex.ee\/wp-content\/uploads\/2024\/12\/Voodipesukomplekt-16.jpg","type":"image\/jpeg"}],"twitter_card":"summary_large_image","twitter_misc":{"Est. reading time":"1 minute"},"schema":{"@context":"https:\/\/schema.org","@graph":[{"@type":["WebPage","ItemPage"],"@id":"https:\/\/aztex.ee\/lv\/pood\/gultas-vela\/gultas-velas-komplekts-roza-taurins\/","url":"https:\/\/aztex.ee\/lv\/pood\/gultas-vela\/gultas-velas-komplekts-roza-taurins\/","name":"Gultas ve\u013cas komplekts | Roz\u0101 tauri\u0146\u0161 | AZTEX","isPartOf":{"@id":"https:\/\/aztex.ee\/lv\/#website"},"primaryImageOfPage":{"@id":"https:\/\/aztex.ee\/lv\/pood\/gultas-vela\/gultas-velas-komplekts-roza-taurins\/#primaryimage"},"image":{"@id":"https:\/\/aztex.ee\/lv\/pood\/gultas-vela\/gultas-velas-komplekts-roza-taurins\/#primaryimage"},"thumbnailUrl":"https:\/\/aztex.ee\/wp-content\/uploads\/2024\/12\/Voodipesukomplekt-16.jpg","datePublished":"2024-12-18T20:07:10+00:00","dateModified":"2026-04-06T15:01:55+00:00","description":"Izv\u0113lieties 100% kokvilnu savai gu\u013camistabai. Maigs un iztur\u012bgs materi\u0101ls, kas garant\u0113 relaks\u0113jo\u0161u miegu katru nakti. | AZTEX m\u0101jas tekstils","breadcrumb":{"@id":"https:\/\/aztex.ee\/lv\/pood\/gultas-vela\/gultas-velas-komplekts-roza-taurins\/#breadcrumb"},"inLanguage":"lv-LV","potentialAction":[{"@type":"ReadAction","target":["https:\/\/aztex.ee\/lv\/pood\/gultas-vela\/gultas-velas-komplekts-roza-taurins\/"]}]},{"@type":"ImageObject","inLanguage":"lv-LV","@id":"https:\/\/aztex.ee\/lv\/pood\/gultas-vela\/gultas-velas-komplekts-roza-taurins\/#primaryimage","url":"https:\/\/aztex.ee\/wp-content\/uploads\/2024\/12\/Voodipesukomplekt-16.jpg","contentUrl":"https:\/\/aztex.ee\/wp-content\/uploads\/2024\/12\/Voodipesukomplekt-16.jpg","width":800,"height":800,"caption":"Voodipesukomplekt | Pink butterfly"},{"@type":"BreadcrumbList","@id":"https:\/\/aztex.ee\/lv\/pood\/gultas-vela\/gultas-velas-komplekts-roza-taurins\/#breadcrumb","itemListElement":[{"@type":"ListItem","position":1,"name":"S\u0101kums","item":"https:\/\/aztex.ee\/lv\/"},{"@type":"ListItem","position":2,"name":"Veikals","item":"https:\/\/aztex.ee\/lv\/veikals\/"},{"@type":"ListItem","position":3,"name":"Gultas ve\u013cas komplekts | Roz\u0101 tauri\u0146\u0161"}]},{"@type":"WebSite","@id":"https:\/\/aztex.ee\/lv\/#website","url":"https:\/\/aztex.ee\/lv\/","name":"AZTEX","description":"","publisher":{"@id":"https:\/\/aztex.ee\/lv\/#organization"},"potentialAction":[{"@type":"SearchAction","target":{"@type":"EntryPoint","urlTemplate":"https:\/\/aztex.ee\/lv\/?s={search_term_string}"},"query-input":{"@type":"PropertyValueSpecification","valueRequired":true,"valueName":"search_term_string"}}],"inLanguage":"lv-LV"},{"@type":"Organization","@id":"https:\/\/aztex.ee\/lv\/#organization","name":"AZTEX","url":"https:\/\/aztex.ee\/lv\/","logo":{"@type":"ImageObject","inLanguage":"lv-LV","@id":"https:\/\/aztex.ee\/lv\/#\/schema\/logo\/image\/","url":"https:\/\/aztex.ee\/wp-content\/uploads\/2026\/01\/AZTEX.png","contentUrl":"https:\/\/aztex.ee\/wp-content\/uploads\/2026\/01\/AZTEX.png","width":500,"height":500,"caption":"AZTEX"},"image":{"@id":"https:\/\/aztex.ee\/lv\/#\/schema\/logo\/image\/"},"sameAs":["https:\/\/www.facebook.com\/AztexEE","https:\/\/www.instagram.com\/aztexeesti\/","https:\/\/www.youtube.com\/@AZTEXEE","https:\/\/www.pinterest.com\/aztex_eesti\/","https:\/\/www.tiktok.com\/@aztexeesti","https:\/\/www.trustpilot.com\/review\/aztex.ee","https:\/\/www.linkedin.com\/company\/aztex-ee\/","https:\/\/www.wikidata.org\/wiki\/Q137560182"]}]}},"_links":{"self":[{"href":"https:\/\/aztex.ee\/lv\/wp-json\/wp\/v2\/product\/37647","targetHints":{"allow":["GET"]}}],"collection":[{"href":"https:\/\/aztex.ee\/lv\/wp-json\/wp\/v2\/product"}],"about":[{"href":"https:\/\/aztex.ee\/lv\/wp-json\/wp\/v2\/types\/product"}],"replies":[{"embeddable":true,"href":"https:\/\/aztex.ee\/lv\/wp-json\/wp\/v2\/comments?post=37647"}],"version-history":[{"count":0,"href":"https:\/\/aztex.ee\/lv\/wp-json\/wp\/v2\/product\/37647\/revisions"}],"wp:featuredmedia":[{"embeddable":true,"href":"https:\/\/aztex.ee\/lv\/wp-json\/wp\/v2\/media\/37672"}],"wp:attachment":[{"href":"https:\/\/aztex.ee\/lv\/wp-json\/wp\/v2\/media?parent=37647"}],"wp:term":[{"taxonomy":"product_brand","embeddable":true,"href":"https:\/\/aztex.ee\/lv\/wp-json\/wp\/v2\/product_brand?post=37647"},{"taxonomy":"product_cat","embeddable":true,"href":"https:\/\/aztex.ee\/lv\/wp-json\/wp\/v2\/product_cat?post=37647"},{"taxonomy":"product_tag","embeddable":true,"href":"https:\/\/aztex.ee\/lv\/wp-json\/wp\/v2\/product_tag?post=37647"}],"curies":[{"name":"wp","href":"https:\/\/api.w.org\/{rel}","templated":true}]}}