{"id":25108,"date":"2024-09-29T10:00:13","date_gmt":"2024-09-29T10:00:13","guid":{"rendered":"https:\/\/aztex.ee\/?post_type=product&#038;p=25108"},"modified":"2026-01-11T15:53:23","modified_gmt":"2026-01-11T15:53:23","slug":"satina-gultas-velas-komplekts-love","status":"publish","type":"product","link":"https:\/\/aztex.ee\/lv\/pood\/gultas-vela\/satina-gultas-velas-komplekts-love\/","title":{"rendered":"Sat\u012bna gultas ve\u013cas komplekts | Love"},"content":{"rendered":"<p>Sat\u012bna gultas ve\u013cas komplekts ir lieliska izv\u0113le, ja mekl\u0113jat maigumu un eleganci sav\u0101 gu\u013camistab\u0101. Izgatavota no augstas kvalit\u0101tes kokvilnas, kas gl\u0101sta \u0101du un rada greznu gul\u0113\u0161anas pieredzi. Elpojo\u0161ais materi\u0101ls regul\u0113 \u0137erme\u0146a temperat\u016bru, nodro\u0161inot komfortablu miegu jebkur\u0101 gadalaik\u0101\u00a0\u2014 vai tas ir v\u0113s\u0101ks vasar\u0101 vai silt\u0101ks ziem\u0101. Turkl\u0101t gultas ve\u013ca ir viegli kopjama un mazg\u0101jama ve\u013cas ma\u0161\u012bn\u0101, kas padara to lieliski piem\u0113rotu ikdienas lieto\u0161anai. Atjauniniet savu gu\u013camistabu ar m\u016bsu skaisto sat\u012bna gultas ve\u013cas komplektu un izbaudiet grezno komfortu, ko vienm\u0113r esat v\u0113l\u0113jies!<\/p>\n","protected":false},"excerpt":{"rendered":"<p>Sat\u012bna gultas ve\u013cas komplekts ir maigs \u0101dai un elpojo\u0161s, nodro\u0161inot ide\u0101lu gul\u0113\u0161anas vidi.<\/p>\n<ul>\n<li>Materi\u0101ls: 100% kokvilna<\/li>\n<li>Audums: Sat\u012bns<\/li>\n<li>Diegu skaits audum\u0101: 300 TC<\/li>\n<li>Segas p\u0101rvalka: 200\u00d7220 cm<\/li>\n<li>Spilvendr\u0101nu: 50\u00d775 cm (2gab.)<\/li>\n<li>Palaga: Nav iek\u013cauta<\/li>\n<li>Komforts: Elpojo\u0161a un m\u012bksta tekst\u016bra<\/li>\n<\/ul>\n<p><img loading=\"lazy\" decoding=\"async\" class=\"alignnone size-full wp-image-24734\" src=\"https:\/\/aztex.ee\/wp-content\/uploads\/2024\/09\/cottonlogo33.png\" alt=\"\" width=\"165\" height=\"73\" srcset=\"https:\/\/aztex.ee\/wp-content\/uploads\/2024\/09\/cottonlogo33.png 165w, https:\/\/aztex.ee\/wp-content\/uploads\/2024\/09\/cottonlogo33-150x66.png 150w\" sizes=\"auto, (max-width: 165px) 100vw, 165px\" \/><\/p>\n","protected":false},"featured_media":25129,"comment_status":"open","ping_status":"closed","template":"","meta":[],"product_brand":[],"product_cat":[203,501,207,284,385,602],"product_tag":[],"class_list":{"0":"post-25108","1":"product","2":"type-product","3":"status-publish","4":"has-post-thumbnail","6":"product_cat-gultas-vela","7":"product_cat-gultas-velas-komplekti","8":"product_cat-kokvilnas-gultas-vela","9":"product_cat-kokvilnas-gultas-velas-komplekts-200-220","10":"product_cat-satina-gultas-vela","11":"product_cat-satina-gultas-velas-komplekti","13":"first","14":"instock","15":"shipping-taxable","16":"purchasable","17":"product-type-simple"},"yoast_head":"<!-- This site is optimized with the Yoast SEO plugin v27.4 - https:\/\/yoast.com\/product\/yoast-seo-wordpress\/ -->\n<title>Sat\u012bna gultas ve\u013cas komplekts | Love | AZTEX<\/title>\n<meta name=\"description\" content=\"100% kokvilnas sat\u012bna gultas ve\u013cas komplekts 200x220 ar elegantiem lavandas rakstiem pie\u0161\u0137ir j\u016bsu gu\u013camistabai dabas iedvesmotu eleganci. ....\" \/>\n<meta name=\"robots\" content=\"index, follow, max-snippet:-1, max-image-preview:large, max-video-preview:-1\" \/>\n<link rel=\"canonical\" href=\"https:\/\/aztex.ee\/lv\/pood\/gultas-vela\/satina-gultas-velas-komplekts-love\/\" \/>\n<meta property=\"og:locale\" content=\"lv_LV\" \/>\n<meta property=\"og:type\" content=\"article\" \/>\n<meta property=\"og:title\" content=\"Sat\u012bna gultas ve\u013cas komplekts | Love | AZTEX\" \/>\n<meta property=\"og:description\" content=\"100% kokvilnas sat\u012bna gultas ve\u013cas komplekts 200x220 ar elegantiem lavandas rakstiem pie\u0161\u0137ir j\u016bsu gu\u013camistabai dabas iedvesmotu eleganci. ....\" \/>\n<meta property=\"og:url\" content=\"https:\/\/aztex.ee\/lv\/pood\/gultas-vela\/satina-gultas-velas-komplekts-love\/\" \/>\n<meta property=\"og:site_name\" content=\"AZTEX\" \/>\n<meta property=\"article:publisher\" content=\"https:\/\/www.facebook.com\/AztexEE\" \/>\n<meta property=\"article:modified_time\" content=\"2026-01-11T15:53:23+00:00\" \/>\n<meta property=\"og:image\" content=\"https:\/\/aztex.ee\/wp-content\/uploads\/2024\/09\/Satiinist-voodipesukomplekt-1-2.jpg\" \/>\n\t<meta property=\"og:image:width\" content=\"800\" \/>\n\t<meta property=\"og:image:height\" content=\"800\" \/>\n\t<meta property=\"og:image:type\" content=\"image\/jpeg\" \/>\n<meta name=\"twitter:card\" content=\"summary_large_image\" \/>\n<meta name=\"twitter:label1\" content=\"Est. reading time\" \/>\n\t<meta name=\"twitter:data1\" content=\"1 minute\" \/>\n<script type=\"application\/ld+json\" class=\"yoast-schema-graph\">{\"@context\":\"https:\\\/\\\/schema.org\",\"@graph\":[{\"@type\":[\"WebPage\",\"ItemPage\"],\"@id\":\"https:\\\/\\\/aztex.ee\\\/lv\\\/pood\\\/gultas-vela\\\/satina-gultas-velas-komplekts-love\\\/\",\"url\":\"https:\\\/\\\/aztex.ee\\\/lv\\\/pood\\\/gultas-vela\\\/satina-gultas-velas-komplekts-love\\\/\",\"name\":\"Sat\u012bna gultas ve\u013cas komplekts | Love | AZTEX\",\"isPartOf\":{\"@id\":\"https:\\\/\\\/aztex.ee\\\/lv\\\/#website\"},\"primaryImageOfPage\":{\"@id\":\"https:\\\/\\\/aztex.ee\\\/lv\\\/pood\\\/gultas-vela\\\/satina-gultas-velas-komplekts-love\\\/#primaryimage\"},\"image\":{\"@id\":\"https:\\\/\\\/aztex.ee\\\/lv\\\/pood\\\/gultas-vela\\\/satina-gultas-velas-komplekts-love\\\/#primaryimage\"},\"thumbnailUrl\":\"https:\\\/\\\/aztex.ee\\\/wp-content\\\/uploads\\\/2024\\\/09\\\/Satiinist-voodipesukomplekt-1-2.jpg\",\"datePublished\":\"2024-09-29T10:00:13+00:00\",\"dateModified\":\"2026-01-11T15:53:23+00:00\",\"description\":\"100% kokvilnas sat\u012bna gultas ve\u013cas komplekts 200x220 ar elegantiem lavandas rakstiem pie\u0161\u0137ir j\u016bsu gu\u013camistabai dabas iedvesmotu eleganci. ....\",\"breadcrumb\":{\"@id\":\"https:\\\/\\\/aztex.ee\\\/lv\\\/pood\\\/gultas-vela\\\/satina-gultas-velas-komplekts-love\\\/#breadcrumb\"},\"inLanguage\":\"lv-LV\",\"potentialAction\":[{\"@type\":\"ReadAction\",\"target\":[\"https:\\\/\\\/aztex.ee\\\/lv\\\/pood\\\/gultas-vela\\\/satina-gultas-velas-komplekts-love\\\/\"]}]},{\"@type\":\"ImageObject\",\"inLanguage\":\"lv-LV\",\"@id\":\"https:\\\/\\\/aztex.ee\\\/lv\\\/pood\\\/gultas-vela\\\/satina-gultas-velas-komplekts-love\\\/#primaryimage\",\"url\":\"https:\\\/\\\/aztex.ee\\\/wp-content\\\/uploads\\\/2024\\\/09\\\/Satiinist-voodipesukomplekt-1-2.jpg\",\"contentUrl\":\"https:\\\/\\\/aztex.ee\\\/wp-content\\\/uploads\\\/2024\\\/09\\\/Satiinist-voodipesukomplekt-1-2.jpg\",\"width\":800,\"height\":800},{\"@type\":\"BreadcrumbList\",\"@id\":\"https:\\\/\\\/aztex.ee\\\/lv\\\/pood\\\/gultas-vela\\\/satina-gultas-velas-komplekts-love\\\/#breadcrumb\",\"itemListElement\":[{\"@type\":\"ListItem\",\"position\":1,\"name\":\"S\u0101kums\",\"item\":\"https:\\\/\\\/aztex.ee\\\/lv\\\/\"},{\"@type\":\"ListItem\",\"position\":2,\"name\":\"Veikals\",\"item\":\"https:\\\/\\\/aztex.ee\\\/lv\\\/veikals\\\/\"},{\"@type\":\"ListItem\",\"position\":3,\"name\":\"Sat\u012bna gultas ve\u013cas komplekts | Love\"}]},{\"@type\":\"WebSite\",\"@id\":\"https:\\\/\\\/aztex.ee\\\/lv\\\/#website\",\"url\":\"https:\\\/\\\/aztex.ee\\\/lv\\\/\",\"name\":\"AZTEX\",\"description\":\"\",\"publisher\":{\"@id\":\"https:\\\/\\\/aztex.ee\\\/lv\\\/#organization\"},\"potentialAction\":[{\"@type\":\"SearchAction\",\"target\":{\"@type\":\"EntryPoint\",\"urlTemplate\":\"https:\\\/\\\/aztex.ee\\\/lv\\\/?s={search_term_string}\"},\"query-input\":{\"@type\":\"PropertyValueSpecification\",\"valueRequired\":true,\"valueName\":\"search_term_string\"}}],\"inLanguage\":\"lv-LV\"},{\"@type\":\"Organization\",\"@id\":\"https:\\\/\\\/aztex.ee\\\/lv\\\/#organization\",\"name\":\"AZTEX\",\"url\":\"https:\\\/\\\/aztex.ee\\\/lv\\\/\",\"logo\":{\"@type\":\"ImageObject\",\"inLanguage\":\"lv-LV\",\"@id\":\"https:\\\/\\\/aztex.ee\\\/lv\\\/#\\\/schema\\\/logo\\\/image\\\/\",\"url\":\"https:\\\/\\\/aztex.ee\\\/wp-content\\\/uploads\\\/2026\\\/01\\\/AZTEX.png\",\"contentUrl\":\"https:\\\/\\\/aztex.ee\\\/wp-content\\\/uploads\\\/2026\\\/01\\\/AZTEX.png\",\"width\":500,\"height\":500,\"caption\":\"AZTEX\"},\"image\":{\"@id\":\"https:\\\/\\\/aztex.ee\\\/lv\\\/#\\\/schema\\\/logo\\\/image\\\/\"},\"sameAs\":[\"https:\\\/\\\/www.facebook.com\\\/AztexEE\",\"https:\\\/\\\/www.instagram.com\\\/aztexeesti\\\/\",\"https:\\\/\\\/www.youtube.com\\\/@AZTEXEE\",\"https:\\\/\\\/www.pinterest.com\\\/aztex_eesti\\\/\",\"https:\\\/\\\/www.tiktok.com\\\/@aztexeesti\",\"https:\\\/\\\/www.trustpilot.com\\\/review\\\/aztex.ee\",\"https:\\\/\\\/www.linkedin.com\\\/company\\\/aztex-ee\\\/\",\"https:\\\/\\\/www.wikidata.org\\\/wiki\\\/Q137560182\"]}]}<\/script>\n<!-- \/ Yoast SEO plugin. -->","yoast_head_json":{"title":"Sat\u012bna gultas ve\u013cas komplekts | Love | AZTEX","description":"100% kokvilnas sat\u012bna gultas ve\u013cas komplekts 200x220 ar elegantiem lavandas rakstiem pie\u0161\u0137ir j\u016bsu gu\u013camistabai dabas iedvesmotu eleganci. ....","robots":{"index":"index","follow":"follow","max-snippet":"max-snippet:-1","max-image-preview":"max-image-preview:large","max-video-preview":"max-video-preview:-1"},"canonical":"https:\/\/aztex.ee\/lv\/pood\/gultas-vela\/satina-gultas-velas-komplekts-love\/","og_locale":"lv_LV","og_type":"article","og_title":"Sat\u012bna gultas ve\u013cas komplekts | Love | AZTEX","og_description":"100% kokvilnas sat\u012bna gultas ve\u013cas komplekts 200x220 ar elegantiem lavandas rakstiem pie\u0161\u0137ir j\u016bsu gu\u013camistabai dabas iedvesmotu eleganci. ....","og_url":"https:\/\/aztex.ee\/lv\/pood\/gultas-vela\/satina-gultas-velas-komplekts-love\/","og_site_name":"AZTEX","article_publisher":"https:\/\/www.facebook.com\/AztexEE","article_modified_time":"2026-01-11T15:53:23+00:00","og_image":[{"width":800,"height":800,"url":"https:\/\/aztex.ee\/wp-content\/uploads\/2024\/09\/Satiinist-voodipesukomplekt-1-2.jpg","type":"image\/jpeg"}],"twitter_card":"summary_large_image","twitter_misc":{"Est. reading time":"1 minute"},"schema":{"@context":"https:\/\/schema.org","@graph":[{"@type":["WebPage","ItemPage"],"@id":"https:\/\/aztex.ee\/lv\/pood\/gultas-vela\/satina-gultas-velas-komplekts-love\/","url":"https:\/\/aztex.ee\/lv\/pood\/gultas-vela\/satina-gultas-velas-komplekts-love\/","name":"Sat\u012bna gultas ve\u013cas komplekts | Love | AZTEX","isPartOf":{"@id":"https:\/\/aztex.ee\/lv\/#website"},"primaryImageOfPage":{"@id":"https:\/\/aztex.ee\/lv\/pood\/gultas-vela\/satina-gultas-velas-komplekts-love\/#primaryimage"},"image":{"@id":"https:\/\/aztex.ee\/lv\/pood\/gultas-vela\/satina-gultas-velas-komplekts-love\/#primaryimage"},"thumbnailUrl":"https:\/\/aztex.ee\/wp-content\/uploads\/2024\/09\/Satiinist-voodipesukomplekt-1-2.jpg","datePublished":"2024-09-29T10:00:13+00:00","dateModified":"2026-01-11T15:53:23+00:00","description":"100% kokvilnas sat\u012bna gultas ve\u013cas komplekts 200x220 ar elegantiem lavandas rakstiem pie\u0161\u0137ir j\u016bsu gu\u013camistabai dabas iedvesmotu eleganci. ....","breadcrumb":{"@id":"https:\/\/aztex.ee\/lv\/pood\/gultas-vela\/satina-gultas-velas-komplekts-love\/#breadcrumb"},"inLanguage":"lv-LV","potentialAction":[{"@type":"ReadAction","target":["https:\/\/aztex.ee\/lv\/pood\/gultas-vela\/satina-gultas-velas-komplekts-love\/"]}]},{"@type":"ImageObject","inLanguage":"lv-LV","@id":"https:\/\/aztex.ee\/lv\/pood\/gultas-vela\/satina-gultas-velas-komplekts-love\/#primaryimage","url":"https:\/\/aztex.ee\/wp-content\/uploads\/2024\/09\/Satiinist-voodipesukomplekt-1-2.jpg","contentUrl":"https:\/\/aztex.ee\/wp-content\/uploads\/2024\/09\/Satiinist-voodipesukomplekt-1-2.jpg","width":800,"height":800},{"@type":"BreadcrumbList","@id":"https:\/\/aztex.ee\/lv\/pood\/gultas-vela\/satina-gultas-velas-komplekts-love\/#breadcrumb","itemListElement":[{"@type":"ListItem","position":1,"name":"S\u0101kums","item":"https:\/\/aztex.ee\/lv\/"},{"@type":"ListItem","position":2,"name":"Veikals","item":"https:\/\/aztex.ee\/lv\/veikals\/"},{"@type":"ListItem","position":3,"name":"Sat\u012bna gultas ve\u013cas komplekts | Love"}]},{"@type":"WebSite","@id":"https:\/\/aztex.ee\/lv\/#website","url":"https:\/\/aztex.ee\/lv\/","name":"AZTEX","description":"","publisher":{"@id":"https:\/\/aztex.ee\/lv\/#organization"},"potentialAction":[{"@type":"SearchAction","target":{"@type":"EntryPoint","urlTemplate":"https:\/\/aztex.ee\/lv\/?s={search_term_string}"},"query-input":{"@type":"PropertyValueSpecification","valueRequired":true,"valueName":"search_term_string"}}],"inLanguage":"lv-LV"},{"@type":"Organization","@id":"https:\/\/aztex.ee\/lv\/#organization","name":"AZTEX","url":"https:\/\/aztex.ee\/lv\/","logo":{"@type":"ImageObject","inLanguage":"lv-LV","@id":"https:\/\/aztex.ee\/lv\/#\/schema\/logo\/image\/","url":"https:\/\/aztex.ee\/wp-content\/uploads\/2026\/01\/AZTEX.png","contentUrl":"https:\/\/aztex.ee\/wp-content\/uploads\/2026\/01\/AZTEX.png","width":500,"height":500,"caption":"AZTEX"},"image":{"@id":"https:\/\/aztex.ee\/lv\/#\/schema\/logo\/image\/"},"sameAs":["https:\/\/www.facebook.com\/AztexEE","https:\/\/www.instagram.com\/aztexeesti\/","https:\/\/www.youtube.com\/@AZTEXEE","https:\/\/www.pinterest.com\/aztex_eesti\/","https:\/\/www.tiktok.com\/@aztexeesti","https:\/\/www.trustpilot.com\/review\/aztex.ee","https:\/\/www.linkedin.com\/company\/aztex-ee\/","https:\/\/www.wikidata.org\/wiki\/Q137560182"]}]}},"_links":{"self":[{"href":"https:\/\/aztex.ee\/lv\/wp-json\/wp\/v2\/product\/25108","targetHints":{"allow":["GET"]}}],"collection":[{"href":"https:\/\/aztex.ee\/lv\/wp-json\/wp\/v2\/product"}],"about":[{"href":"https:\/\/aztex.ee\/lv\/wp-json\/wp\/v2\/types\/product"}],"replies":[{"embeddable":true,"href":"https:\/\/aztex.ee\/lv\/wp-json\/wp\/v2\/comments?post=25108"}],"version-history":[{"count":0,"href":"https:\/\/aztex.ee\/lv\/wp-json\/wp\/v2\/product\/25108\/revisions"}],"wp:featuredmedia":[{"embeddable":true,"href":"https:\/\/aztex.ee\/lv\/wp-json\/wp\/v2\/media\/25129"}],"wp:attachment":[{"href":"https:\/\/aztex.ee\/lv\/wp-json\/wp\/v2\/media?parent=25108"}],"wp:term":[{"taxonomy":"product_brand","embeddable":true,"href":"https:\/\/aztex.ee\/lv\/wp-json\/wp\/v2\/product_brand?post=25108"},{"taxonomy":"product_cat","embeddable":true,"href":"https:\/\/aztex.ee\/lv\/wp-json\/wp\/v2\/product_cat?post=25108"},{"taxonomy":"product_tag","embeddable":true,"href":"https:\/\/aztex.ee\/lv\/wp-json\/wp\/v2\/product_tag?post=25108"}],"curies":[{"name":"wp","href":"https:\/\/api.w.org\/{rel}","templated":true}]}}