{"id":21610,"date":"2024-09-16T20:11:59","date_gmt":"2024-09-16T20:11:59","guid":{"rendered":"https:\/\/aztex.ee\/pood\/uncategorized\/voodipesukomplekt-sultan\/"},"modified":"2026-04-01T14:29:28","modified_gmt":"2026-04-01T14:29:28","slug":"gultas-velas-komplekts-sultan","status":"publish","type":"product","link":"https:\/\/aztex.ee\/lv\/pood\/gultas-vela\/gultas-velas-komplekts-sultan\/","title":{"rendered":"Gultas ve\u013cas komplekts | Sultan"},"content":{"rendered":"<p>\u0112\u0123iptes kokvilnas gultas ve\u013cas komplekts ienes j\u016bsu gu\u013camistab\u0101 grezn\u012bbu un komfortu. \u0160is komplekts ir izgatavots no 100% \u0112\u0123iptes kokvilnas, kas paz\u012bstama ar savu izcilo kvalit\u0101ti un iztur\u012bbu, un tas nodro\u0161in\u0101s jums vislab\u0101ko gul\u0113\u0161anas pieredzi.<br \/>\n\u0112\u0123iptes kokvilnas gultas ve\u013cas komplekts pied\u0101v\u0101 maksim\u0101lu grezn\u012bbu un komfortu, padarot katru vakaru \u012bpa\u0161u. T\u0101 m\u012bkstais un elpojo\u0161s audums nodro\u0161ina mier\u012bgu miegu, un t\u0101 elegantais izskats pie\u0161\u0137ir j\u016bsu gu\u013camistabai stilu. Izv\u0113lieties \u0112\u0123iptes kokvilnu un izbaudiet kvalit\u0101ti, kas kalpos gadiem ilgi.<\/p>\n","protected":false},"excerpt":{"rendered":"<p>\u0160is gultas ve\u013cas komplekts bag\u0101tin\u0101s j\u016bsu gu\u013camistabu gan ar eleganci, gan komfortu.<\/p>\n<ul>\n<li>Materi\u0101ls: 100% \u0112\u0123iptes kokvilna<\/li>\n<li>Audums: Mako sat\u012bns<\/li>\n<li>Diegu skaits audum\u0101: 300 TC<\/li>\n<li>Segas p\u0101rvalka: 200\u00d7220 cm<\/li>\n<li>Spilvendr\u0101nu: 50\u00d775 cm (2gab.)<\/li>\n<li>Palaga: Nav iek\u013cauta<\/li>\n<li>Komforts: Elpojo\u0161a un m\u012bksta tekst\u016bra<\/li>\n<\/ul>\n<p><img loading=\"lazy\" decoding=\"async\" class=\"alignnone wp-image-21477\" src=\"https:\/\/aztex.ee\/wp-content\/uploads\/2024\/09\/cotton-sertifika.png\" alt=\"\" width=\"196\" height=\"67\" srcset=\"https:\/\/aztex.ee\/wp-content\/uploads\/2024\/09\/cotton-sertifika.png 250w, https:\/\/aztex.ee\/wp-content\/uploads\/2024\/09\/cotton-sertifika-150x51.png 150w\" sizes=\"auto, (max-width: 196px) 100vw, 196px\" \/><\/p>\n","protected":false},"featured_media":21538,"comment_status":"open","ping_status":"closed","template":"","meta":[],"product_brand":[],"product_cat":[203,501,207,284,320,385,602],"product_tag":[],"class_list":{"0":"post-21610","1":"product","2":"type-product","3":"status-publish","4":"has-post-thumbnail","6":"product_cat-gultas-vela","7":"product_cat-gultas-velas-komplekti","8":"product_cat-kokvilnas-gultas-vela","9":"product_cat-kokvilnas-gultas-velas-komplekts-200-220","10":"product_cat-mako-satina-gultas-vela","11":"product_cat-satina-gultas-vela","12":"product_cat-satina-gultas-velas-komplekti","14":"first","15":"instock","16":"shipping-taxable","17":"purchasable","18":"product-type-simple"},"yoast_head":"<!-- This site is optimized with the Yoast SEO plugin v27.3 - https:\/\/yoast.com\/product\/yoast-seo-wordpress\/ -->\n<title>Gultas ve\u013cas komplekts | Sultan | AZTEX<\/title>\n<meta name=\"description\" content=\"\u0112\u0123iptes kokvilnas gultas ve\u013cas komplekts ienes j\u016bsu gu\u013camistab\u0101 grezn\u012bbu un komfortu. Izgatavots no 100% \u0112\u0123iptes kokvilnas, kas paz\u012bstama ar savu izcilo...\" \/>\n<meta name=\"robots\" content=\"index, follow, max-snippet:-1, max-image-preview:large, max-video-preview:-1\" \/>\n<link rel=\"canonical\" href=\"https:\/\/aztex.ee\/lv\/pood\/gultas-vela\/gultas-velas-komplekts-sultan\/\" \/>\n<meta property=\"og:locale\" content=\"lv_LV\" \/>\n<meta property=\"og:type\" content=\"article\" \/>\n<meta property=\"og:title\" content=\"Gultas ve\u013cas komplekts | Sultan | AZTEX\" \/>\n<meta property=\"og:description\" content=\"\u0112\u0123iptes kokvilnas gultas ve\u013cas komplekts ienes j\u016bsu gu\u013camistab\u0101 grezn\u012bbu un komfortu. Izgatavots no 100% \u0112\u0123iptes kokvilnas, kas paz\u012bstama ar savu izcilo...\" \/>\n<meta property=\"og:url\" content=\"https:\/\/aztex.ee\/lv\/pood\/gultas-vela\/gultas-velas-komplekts-sultan\/\" \/>\n<meta property=\"og:site_name\" content=\"AZTEX\" \/>\n<meta property=\"article:publisher\" content=\"https:\/\/www.facebook.com\/AztexEE\" \/>\n<meta property=\"article:modified_time\" content=\"2026-04-01T14:29:28+00:00\" \/>\n<meta property=\"og:image\" content=\"https:\/\/aztex.ee\/wp-content\/uploads\/2024\/09\/Voodipesukomplekt-12.jpg\" \/>\n\t<meta property=\"og:image:width\" content=\"800\" \/>\n\t<meta property=\"og:image:height\" content=\"800\" \/>\n\t<meta property=\"og:image:type\" content=\"image\/jpeg\" \/>\n<meta name=\"twitter:card\" content=\"summary_large_image\" \/>\n<meta name=\"twitter:label1\" content=\"Est. reading time\" \/>\n\t<meta name=\"twitter:data1\" content=\"1 minute\" \/>\n<script type=\"application\/ld+json\" class=\"yoast-schema-graph\">{\"@context\":\"https:\\\/\\\/schema.org\",\"@graph\":[{\"@type\":[\"WebPage\",\"ItemPage\"],\"@id\":\"https:\\\/\\\/aztex.ee\\\/lv\\\/pood\\\/gultas-vela\\\/gultas-velas-komplekts-sultan\\\/\",\"url\":\"https:\\\/\\\/aztex.ee\\\/lv\\\/pood\\\/gultas-vela\\\/gultas-velas-komplekts-sultan\\\/\",\"name\":\"Gultas ve\u013cas komplekts | Sultan | AZTEX\",\"isPartOf\":{\"@id\":\"https:\\\/\\\/aztex.ee\\\/lv\\\/#website\"},\"primaryImageOfPage\":{\"@id\":\"https:\\\/\\\/aztex.ee\\\/lv\\\/pood\\\/gultas-vela\\\/gultas-velas-komplekts-sultan\\\/#primaryimage\"},\"image\":{\"@id\":\"https:\\\/\\\/aztex.ee\\\/lv\\\/pood\\\/gultas-vela\\\/gultas-velas-komplekts-sultan\\\/#primaryimage\"},\"thumbnailUrl\":\"https:\\\/\\\/aztex.ee\\\/wp-content\\\/uploads\\\/2024\\\/09\\\/Voodipesukomplekt-12.jpg\",\"datePublished\":\"2024-09-16T20:11:59+00:00\",\"dateModified\":\"2026-04-01T14:29:28+00:00\",\"description\":\"\u0112\u0123iptes kokvilnas gultas ve\u013cas komplekts ienes j\u016bsu gu\u013camistab\u0101 grezn\u012bbu un komfortu. Izgatavots no 100% \u0112\u0123iptes kokvilnas, kas paz\u012bstama ar savu izcilo...\",\"breadcrumb\":{\"@id\":\"https:\\\/\\\/aztex.ee\\\/lv\\\/pood\\\/gultas-vela\\\/gultas-velas-komplekts-sultan\\\/#breadcrumb\"},\"inLanguage\":\"lv-LV\",\"potentialAction\":[{\"@type\":\"ReadAction\",\"target\":[\"https:\\\/\\\/aztex.ee\\\/lv\\\/pood\\\/gultas-vela\\\/gultas-velas-komplekts-sultan\\\/\"]}]},{\"@type\":\"ImageObject\",\"inLanguage\":\"lv-LV\",\"@id\":\"https:\\\/\\\/aztex.ee\\\/lv\\\/pood\\\/gultas-vela\\\/gultas-velas-komplekts-sultan\\\/#primaryimage\",\"url\":\"https:\\\/\\\/aztex.ee\\\/wp-content\\\/uploads\\\/2024\\\/09\\\/Voodipesukomplekt-12.jpg\",\"contentUrl\":\"https:\\\/\\\/aztex.ee\\\/wp-content\\\/uploads\\\/2024\\\/09\\\/Voodipesukomplekt-12.jpg\",\"width\":800,\"height\":800},{\"@type\":\"BreadcrumbList\",\"@id\":\"https:\\\/\\\/aztex.ee\\\/lv\\\/pood\\\/gultas-vela\\\/gultas-velas-komplekts-sultan\\\/#breadcrumb\",\"itemListElement\":[{\"@type\":\"ListItem\",\"position\":1,\"name\":\"S\u0101kums\",\"item\":\"https:\\\/\\\/aztex.ee\\\/lv\\\/\"},{\"@type\":\"ListItem\",\"position\":2,\"name\":\"Veikals\",\"item\":\"https:\\\/\\\/aztex.ee\\\/lv\\\/veikals\\\/\"},{\"@type\":\"ListItem\",\"position\":3,\"name\":\"Gultas ve\u013cas komplekts | Sultan\"}]},{\"@type\":\"WebSite\",\"@id\":\"https:\\\/\\\/aztex.ee\\\/lv\\\/#website\",\"url\":\"https:\\\/\\\/aztex.ee\\\/lv\\\/\",\"name\":\"AZTEX\",\"description\":\"\",\"publisher\":{\"@id\":\"https:\\\/\\\/aztex.ee\\\/lv\\\/#organization\"},\"potentialAction\":[{\"@type\":\"SearchAction\",\"target\":{\"@type\":\"EntryPoint\",\"urlTemplate\":\"https:\\\/\\\/aztex.ee\\\/lv\\\/?s={search_term_string}\"},\"query-input\":{\"@type\":\"PropertyValueSpecification\",\"valueRequired\":true,\"valueName\":\"search_term_string\"}}],\"inLanguage\":\"lv-LV\"},{\"@type\":\"Organization\",\"@id\":\"https:\\\/\\\/aztex.ee\\\/lv\\\/#organization\",\"name\":\"AZTEX\",\"url\":\"https:\\\/\\\/aztex.ee\\\/lv\\\/\",\"logo\":{\"@type\":\"ImageObject\",\"inLanguage\":\"lv-LV\",\"@id\":\"https:\\\/\\\/aztex.ee\\\/lv\\\/#\\\/schema\\\/logo\\\/image\\\/\",\"url\":\"https:\\\/\\\/aztex.ee\\\/wp-content\\\/uploads\\\/2026\\\/01\\\/AZTEX.png\",\"contentUrl\":\"https:\\\/\\\/aztex.ee\\\/wp-content\\\/uploads\\\/2026\\\/01\\\/AZTEX.png\",\"width\":500,\"height\":500,\"caption\":\"AZTEX\"},\"image\":{\"@id\":\"https:\\\/\\\/aztex.ee\\\/lv\\\/#\\\/schema\\\/logo\\\/image\\\/\"},\"sameAs\":[\"https:\\\/\\\/www.facebook.com\\\/AztexEE\",\"https:\\\/\\\/www.instagram.com\\\/aztexeesti\\\/\",\"https:\\\/\\\/www.youtube.com\\\/@AZTEXEE\",\"https:\\\/\\\/www.pinterest.com\\\/aztex_eesti\\\/\",\"https:\\\/\\\/www.tiktok.com\\\/@aztexeesti\",\"https:\\\/\\\/www.trustpilot.com\\\/review\\\/aztex.ee\",\"https:\\\/\\\/www.linkedin.com\\\/company\\\/aztex-ee\\\/\",\"https:\\\/\\\/www.wikidata.org\\\/wiki\\\/Q137560182\"]}]}<\/script>\n<!-- \/ Yoast SEO plugin. -->","yoast_head_json":{"title":"Gultas ve\u013cas komplekts | Sultan | AZTEX","description":"\u0112\u0123iptes kokvilnas gultas ve\u013cas komplekts ienes j\u016bsu gu\u013camistab\u0101 grezn\u012bbu un komfortu. Izgatavots no 100% \u0112\u0123iptes kokvilnas, kas paz\u012bstama ar savu izcilo...","robots":{"index":"index","follow":"follow","max-snippet":"max-snippet:-1","max-image-preview":"max-image-preview:large","max-video-preview":"max-video-preview:-1"},"canonical":"https:\/\/aztex.ee\/lv\/pood\/gultas-vela\/gultas-velas-komplekts-sultan\/","og_locale":"lv_LV","og_type":"article","og_title":"Gultas ve\u013cas komplekts | Sultan | AZTEX","og_description":"\u0112\u0123iptes kokvilnas gultas ve\u013cas komplekts ienes j\u016bsu gu\u013camistab\u0101 grezn\u012bbu un komfortu. Izgatavots no 100% \u0112\u0123iptes kokvilnas, kas paz\u012bstama ar savu izcilo...","og_url":"https:\/\/aztex.ee\/lv\/pood\/gultas-vela\/gultas-velas-komplekts-sultan\/","og_site_name":"AZTEX","article_publisher":"https:\/\/www.facebook.com\/AztexEE","article_modified_time":"2026-04-01T14:29:28+00:00","og_image":[{"width":800,"height":800,"url":"https:\/\/aztex.ee\/wp-content\/uploads\/2024\/09\/Voodipesukomplekt-12.jpg","type":"image\/jpeg"}],"twitter_card":"summary_large_image","twitter_misc":{"Est. reading time":"1 minute"},"schema":{"@context":"https:\/\/schema.org","@graph":[{"@type":["WebPage","ItemPage"],"@id":"https:\/\/aztex.ee\/lv\/pood\/gultas-vela\/gultas-velas-komplekts-sultan\/","url":"https:\/\/aztex.ee\/lv\/pood\/gultas-vela\/gultas-velas-komplekts-sultan\/","name":"Gultas ve\u013cas komplekts | Sultan | AZTEX","isPartOf":{"@id":"https:\/\/aztex.ee\/lv\/#website"},"primaryImageOfPage":{"@id":"https:\/\/aztex.ee\/lv\/pood\/gultas-vela\/gultas-velas-komplekts-sultan\/#primaryimage"},"image":{"@id":"https:\/\/aztex.ee\/lv\/pood\/gultas-vela\/gultas-velas-komplekts-sultan\/#primaryimage"},"thumbnailUrl":"https:\/\/aztex.ee\/wp-content\/uploads\/2024\/09\/Voodipesukomplekt-12.jpg","datePublished":"2024-09-16T20:11:59+00:00","dateModified":"2026-04-01T14:29:28+00:00","description":"\u0112\u0123iptes kokvilnas gultas ve\u013cas komplekts ienes j\u016bsu gu\u013camistab\u0101 grezn\u012bbu un komfortu. Izgatavots no 100% \u0112\u0123iptes kokvilnas, kas paz\u012bstama ar savu izcilo...","breadcrumb":{"@id":"https:\/\/aztex.ee\/lv\/pood\/gultas-vela\/gultas-velas-komplekts-sultan\/#breadcrumb"},"inLanguage":"lv-LV","potentialAction":[{"@type":"ReadAction","target":["https:\/\/aztex.ee\/lv\/pood\/gultas-vela\/gultas-velas-komplekts-sultan\/"]}]},{"@type":"ImageObject","inLanguage":"lv-LV","@id":"https:\/\/aztex.ee\/lv\/pood\/gultas-vela\/gultas-velas-komplekts-sultan\/#primaryimage","url":"https:\/\/aztex.ee\/wp-content\/uploads\/2024\/09\/Voodipesukomplekt-12.jpg","contentUrl":"https:\/\/aztex.ee\/wp-content\/uploads\/2024\/09\/Voodipesukomplekt-12.jpg","width":800,"height":800},{"@type":"BreadcrumbList","@id":"https:\/\/aztex.ee\/lv\/pood\/gultas-vela\/gultas-velas-komplekts-sultan\/#breadcrumb","itemListElement":[{"@type":"ListItem","position":1,"name":"S\u0101kums","item":"https:\/\/aztex.ee\/lv\/"},{"@type":"ListItem","position":2,"name":"Veikals","item":"https:\/\/aztex.ee\/lv\/veikals\/"},{"@type":"ListItem","position":3,"name":"Gultas ve\u013cas komplekts | Sultan"}]},{"@type":"WebSite","@id":"https:\/\/aztex.ee\/lv\/#website","url":"https:\/\/aztex.ee\/lv\/","name":"AZTEX","description":"","publisher":{"@id":"https:\/\/aztex.ee\/lv\/#organization"},"potentialAction":[{"@type":"SearchAction","target":{"@type":"EntryPoint","urlTemplate":"https:\/\/aztex.ee\/lv\/?s={search_term_string}"},"query-input":{"@type":"PropertyValueSpecification","valueRequired":true,"valueName":"search_term_string"}}],"inLanguage":"lv-LV"},{"@type":"Organization","@id":"https:\/\/aztex.ee\/lv\/#organization","name":"AZTEX","url":"https:\/\/aztex.ee\/lv\/","logo":{"@type":"ImageObject","inLanguage":"lv-LV","@id":"https:\/\/aztex.ee\/lv\/#\/schema\/logo\/image\/","url":"https:\/\/aztex.ee\/wp-content\/uploads\/2026\/01\/AZTEX.png","contentUrl":"https:\/\/aztex.ee\/wp-content\/uploads\/2026\/01\/AZTEX.png","width":500,"height":500,"caption":"AZTEX"},"image":{"@id":"https:\/\/aztex.ee\/lv\/#\/schema\/logo\/image\/"},"sameAs":["https:\/\/www.facebook.com\/AztexEE","https:\/\/www.instagram.com\/aztexeesti\/","https:\/\/www.youtube.com\/@AZTEXEE","https:\/\/www.pinterest.com\/aztex_eesti\/","https:\/\/www.tiktok.com\/@aztexeesti","https:\/\/www.trustpilot.com\/review\/aztex.ee","https:\/\/www.linkedin.com\/company\/aztex-ee\/","https:\/\/www.wikidata.org\/wiki\/Q137560182"]}]}},"_links":{"self":[{"href":"https:\/\/aztex.ee\/lv\/wp-json\/wp\/v2\/product\/21610","targetHints":{"allow":["GET"]}}],"collection":[{"href":"https:\/\/aztex.ee\/lv\/wp-json\/wp\/v2\/product"}],"about":[{"href":"https:\/\/aztex.ee\/lv\/wp-json\/wp\/v2\/types\/product"}],"replies":[{"embeddable":true,"href":"https:\/\/aztex.ee\/lv\/wp-json\/wp\/v2\/comments?post=21610"}],"version-history":[{"count":0,"href":"https:\/\/aztex.ee\/lv\/wp-json\/wp\/v2\/product\/21610\/revisions"}],"wp:featuredmedia":[{"embeddable":true,"href":"https:\/\/aztex.ee\/lv\/wp-json\/wp\/v2\/media\/21538"}],"wp:attachment":[{"href":"https:\/\/aztex.ee\/lv\/wp-json\/wp\/v2\/media?parent=21610"}],"wp:term":[{"taxonomy":"product_brand","embeddable":true,"href":"https:\/\/aztex.ee\/lv\/wp-json\/wp\/v2\/product_brand?post=21610"},{"taxonomy":"product_cat","embeddable":true,"href":"https:\/\/aztex.ee\/lv\/wp-json\/wp\/v2\/product_cat?post=21610"},{"taxonomy":"product_tag","embeddable":true,"href":"https:\/\/aztex.ee\/lv\/wp-json\/wp\/v2\/product_tag?post=21610"}],"curies":[{"name":"wp","href":"https:\/\/api.w.org\/{rel}","templated":true}]}}