{"id":108103,"date":"2026-03-23T07:34:05","date_gmt":"2026-03-23T07:34:05","guid":{"rendered":"https:\/\/aztex.ee\/?post_type=product&#038;p=108103"},"modified":"2026-03-23T08:30:17","modified_gmt":"2026-03-23T08:30:17","slug":"bambusa-palags-gaisi-zals","status":"publish","type":"product","link":"https:\/\/aztex.ee\/lv\/pood\/bambusa-palagi\/bambusa-palags-gaisi-zals\/","title":{"rendered":"Bambusa palags \u2013 Gai\u0161i za\u013c\u0161"},"content":{"rendered":"<p>Bambuss ir dabiski m\u012bksts, elpojo\u0161s un iztur\u012bgs, padarot to par ide\u0101lu izv\u0113li m\u0101jas tekstilizstr\u0101d\u0101jumiem. Bambusa \u0161\u0137iedras ir z\u012bdaini gludas un maigi gu\u013c uz \u0101das, nodro\u0161inot greznu komfortu ikdienas lieto\u0161an\u0101. Turkl\u0101t \u0161im materi\u0101lam ir lieliska mitruma uzs\u016bk\u0161an\u0101s, pal\u012bdzot saglab\u0101t \u0101du sausu un nodro\u0161inot svaiguma saj\u016btu visas nakts garum\u0101.<\/p>\n<p>Viena no bambusa \u012bpa\u0161aj\u0101m \u012bpa\u0161\u012bb\u0101m ir t\u0101 dabisk\u0101s antibakteri\u0101l\u0101s un hipoaler\u0123isk\u0101s \u012bpa\u0161\u012bbas. Tas pal\u012bdz samazin\u0101t nepat\u012bkamo smaku un bakt\u0113riju izplat\u012b\u0161anos, padarot bambusa izstr\u0101d\u0101jumus \u012bpa\u0161i piem\u0113rotus cilv\u0113kiem ar jut\u012bgu \u0101du. Turkl\u0101t bambusa \u0161\u0137iedras var regul\u0113t temperat\u016bru, nodro\u0161inot v\u0113sumu vasar\u0101 un siltumu ziem\u0101.<\/p>\n<p>Bambuss ir ar\u012b ilgtsp\u0113j\u012bgs materi\u0101ls, kas aug \u0101tri un prasa iev\u0113rojami maz\u0101k \u016bdens nek\u0101 daudzu citu \u0161\u0137iedru aug\u0161anai. Tas padara bambusa tekstilizstr\u0101d\u0101jumus par videi draudz\u012bgu izv\u0113li, kas apvieno dabai tuvu dz\u012bvesveidu ar izcilu komfortu.<\/p>\n","protected":false},"excerpt":{"rendered":"<p>Bambusa palagi nodro\u0161ina svaigu miegu, ir antibakteri\u0101li un z\u012bdaini gludi.<\/p>\n<ul>\n<li>Kr\u0101sa: Gai\u0161i za\u013c\u0161<\/li>\n<li>Materi\u0101ls: 100% bambuss<\/li>\n<li>Diegu skaits audum\u0101: 300 TC<\/li>\n<li>Izm\u0113rs: 220&#215;240 cm \u00b13<\/li>\n<\/ul>\n<p><img loading=\"lazy\" decoding=\"async\" class=\"alignnone wp-image-20226\" src=\"https:\/\/aztex.ee\/wp-content\/uploads\/2024\/09\/oekotex100.png\" alt=\"\" width=\"196\" height=\"69\" srcset=\"https:\/\/aztex.ee\/wp-content\/uploads\/2024\/09\/oekotex100.png 204w, https:\/\/aztex.ee\/wp-content\/uploads\/2024\/09\/oekotex100-150x53.png 150w\" sizes=\"auto, (max-width: 196px) 100vw, 196px\" \/><img loading=\"lazy\" decoding=\"async\" class=\"alignnone wp-image-20260\" src=\"https:\/\/aztex.ee\/wp-content\/uploads\/2024\/09\/bambuuss.png\" alt=\"\" width=\"75\" height=\"75\" srcset=\"https:\/\/aztex.ee\/wp-content\/uploads\/2024\/09\/bambuuss.png 204w, https:\/\/aztex.ee\/wp-content\/uploads\/2024\/09\/bambuuss-150x150.png 150w\" sizes=\"auto, (max-width: 75px) 100vw, 75px\" \/><\/p>\n","protected":false},"featured_media":108124,"comment_status":"open","ping_status":"closed","template":"","meta":[],"product_brand":[],"product_cat":[541,1801],"product_tag":[],"class_list":{"0":"post-108103","1":"product","2":"type-product","3":"status-publish","4":"has-post-thumbnail","6":"product_cat-bambusa-palagi","7":"product_cat-palagi","9":"first","10":"instock","11":"shipping-taxable","12":"purchasable","13":"product-type-simple"},"yoast_head":"<!-- This site is optimized with the Yoast SEO plugin v27.6 - https:\/\/yoast.com\/product\/yoast-seo-wordpress\/ -->\n<title>Augstas kvalit\u0101tes bambusa palags \u2013 Gai\u0161i za\u013c\u0161 | AZTEX<\/title>\n<meta name=\"description\" content=\"Augstas kvalit\u0101tes bambusa palagi ir maiga un iztur\u012bga izv\u0113le. Laba mitruma uzs\u016bk\u0161ana un viegls audums nodro\u0161ina pat\u012bkamus gul\u0113\u0161anas apst\u0101k\u013cus visa gada garum\u0101.\" \/>\n<meta name=\"robots\" content=\"index, follow, max-snippet:-1, max-image-preview:large, max-video-preview:-1\" \/>\n<link rel=\"canonical\" href=\"https:\/\/aztex.ee\/lv\/pood\/bambusa-palagi\/bambusa-palags-gaisi-zals\/\" \/>\n<meta property=\"og:locale\" content=\"lv_LV\" \/>\n<meta property=\"og:type\" content=\"article\" \/>\n<meta property=\"og:title\" content=\"Augstas kvalit\u0101tes bambusa palags \u2013 Gai\u0161i za\u013c\u0161 | AZTEX\" \/>\n<meta property=\"og:description\" content=\"Augstas kvalit\u0101tes bambusa palagi ir maiga un iztur\u012bga izv\u0113le. Laba mitruma uzs\u016bk\u0161ana un viegls audums nodro\u0161ina pat\u012bkamus gul\u0113\u0161anas apst\u0101k\u013cus visa gada garum\u0101.\" \/>\n<meta property=\"og:url\" content=\"https:\/\/aztex.ee\/lv\/pood\/bambusa-palagi\/bambusa-palags-gaisi-zals\/\" \/>\n<meta property=\"og:site_name\" content=\"AZTEX\" \/>\n<meta property=\"article:publisher\" content=\"https:\/\/www.facebook.com\/AztexEE\" \/>\n<meta property=\"article:modified_time\" content=\"2026-03-23T08:30:17+00:00\" \/>\n<meta property=\"og:image\" content=\"https:\/\/aztex.ee\/wp-content\/uploads\/2026\/03\/Kvaliteetne-bambusest-voodilina.jpg\" \/>\n\t<meta property=\"og:image:width\" content=\"800\" \/>\n\t<meta property=\"og:image:height\" content=\"800\" \/>\n\t<meta property=\"og:image:type\" content=\"image\/jpeg\" \/>\n<meta name=\"twitter:card\" content=\"summary_large_image\" \/>\n<meta name=\"twitter:label1\" content=\"Est. reading time\" \/>\n\t<meta name=\"twitter:data1\" content=\"1 minute\" \/>\n<script type=\"application\/ld+json\" class=\"yoast-schema-graph\">{\"@context\":\"https:\\\/\\\/schema.org\",\"@graph\":[{\"@type\":[\"WebPage\",\"ItemPage\"],\"@id\":\"https:\\\/\\\/aztex.ee\\\/lv\\\/pood\\\/bambusa-palagi\\\/bambusa-palags-gaisi-zals\\\/\",\"url\":\"https:\\\/\\\/aztex.ee\\\/lv\\\/pood\\\/bambusa-palagi\\\/bambusa-palags-gaisi-zals\\\/\",\"name\":\"Augstas kvalit\u0101tes bambusa palags \u2013 Gai\u0161i za\u013c\u0161 | AZTEX\",\"isPartOf\":{\"@id\":\"https:\\\/\\\/aztex.ee\\\/lv\\\/#website\"},\"primaryImageOfPage\":{\"@id\":\"https:\\\/\\\/aztex.ee\\\/lv\\\/pood\\\/bambusa-palagi\\\/bambusa-palags-gaisi-zals\\\/#primaryimage\"},\"image\":{\"@id\":\"https:\\\/\\\/aztex.ee\\\/lv\\\/pood\\\/bambusa-palagi\\\/bambusa-palags-gaisi-zals\\\/#primaryimage\"},\"thumbnailUrl\":\"https:\\\/\\\/aztex.ee\\\/wp-content\\\/uploads\\\/2026\\\/03\\\/Kvaliteetne-bambusest-voodilina.jpg\",\"datePublished\":\"2026-03-23T07:34:05+00:00\",\"dateModified\":\"2026-03-23T08:30:17+00:00\",\"description\":\"Augstas kvalit\u0101tes bambusa palagi ir maiga un iztur\u012bga izv\u0113le. Laba mitruma uzs\u016bk\u0161ana un viegls audums nodro\u0161ina pat\u012bkamus gul\u0113\u0161anas apst\u0101k\u013cus visa gada garum\u0101.\",\"breadcrumb\":{\"@id\":\"https:\\\/\\\/aztex.ee\\\/lv\\\/pood\\\/bambusa-palagi\\\/bambusa-palags-gaisi-zals\\\/#breadcrumb\"},\"inLanguage\":\"lv-LV\",\"potentialAction\":[{\"@type\":\"ReadAction\",\"target\":[\"https:\\\/\\\/aztex.ee\\\/lv\\\/pood\\\/bambusa-palagi\\\/bambusa-palags-gaisi-zals\\\/\"]}]},{\"@type\":\"ImageObject\",\"inLanguage\":\"lv-LV\",\"@id\":\"https:\\\/\\\/aztex.ee\\\/lv\\\/pood\\\/bambusa-palagi\\\/bambusa-palags-gaisi-zals\\\/#primaryimage\",\"url\":\"https:\\\/\\\/aztex.ee\\\/wp-content\\\/uploads\\\/2026\\\/03\\\/Kvaliteetne-bambusest-voodilina.jpg\",\"contentUrl\":\"https:\\\/\\\/aztex.ee\\\/wp-content\\\/uploads\\\/2026\\\/03\\\/Kvaliteetne-bambusest-voodilina.jpg\",\"width\":800,\"height\":800,\"caption\":\"Kvaliteetne bambusest voodilina\"},{\"@type\":\"BreadcrumbList\",\"@id\":\"https:\\\/\\\/aztex.ee\\\/lv\\\/pood\\\/bambusa-palagi\\\/bambusa-palags-gaisi-zals\\\/#breadcrumb\",\"itemListElement\":[{\"@type\":\"ListItem\",\"position\":1,\"name\":\"S\u0101kums\",\"item\":\"https:\\\/\\\/aztex.ee\\\/lv\\\/\"},{\"@type\":\"ListItem\",\"position\":2,\"name\":\"Veikals\",\"item\":\"https:\\\/\\\/aztex.ee\\\/lv\\\/veikals\\\/\"},{\"@type\":\"ListItem\",\"position\":3,\"name\":\"Bambusa palags \u2013 Gai\u0161i za\u013c\u0161\"}]},{\"@type\":\"WebSite\",\"@id\":\"https:\\\/\\\/aztex.ee\\\/lv\\\/#website\",\"url\":\"https:\\\/\\\/aztex.ee\\\/lv\\\/\",\"name\":\"AZTEX\",\"description\":\"\",\"publisher\":{\"@id\":\"https:\\\/\\\/aztex.ee\\\/lv\\\/#organization\"},\"potentialAction\":[{\"@type\":\"SearchAction\",\"target\":{\"@type\":\"EntryPoint\",\"urlTemplate\":\"https:\\\/\\\/aztex.ee\\\/lv\\\/?s={search_term_string}\"},\"query-input\":{\"@type\":\"PropertyValueSpecification\",\"valueRequired\":true,\"valueName\":\"search_term_string\"}}],\"inLanguage\":\"lv-LV\"},{\"@type\":\"Organization\",\"@id\":\"https:\\\/\\\/aztex.ee\\\/lv\\\/#organization\",\"name\":\"AZTEX\",\"url\":\"https:\\\/\\\/aztex.ee\\\/lv\\\/\",\"logo\":{\"@type\":\"ImageObject\",\"inLanguage\":\"lv-LV\",\"@id\":\"https:\\\/\\\/aztex.ee\\\/lv\\\/#\\\/schema\\\/logo\\\/image\\\/\",\"url\":\"https:\\\/\\\/aztex.ee\\\/wp-content\\\/uploads\\\/2026\\\/01\\\/AZTEX.png\",\"contentUrl\":\"https:\\\/\\\/aztex.ee\\\/wp-content\\\/uploads\\\/2026\\\/01\\\/AZTEX.png\",\"width\":500,\"height\":500,\"caption\":\"AZTEX\"},\"image\":{\"@id\":\"https:\\\/\\\/aztex.ee\\\/lv\\\/#\\\/schema\\\/logo\\\/image\\\/\"},\"sameAs\":[\"https:\\\/\\\/www.facebook.com\\\/AztexEE\",\"https:\\\/\\\/www.instagram.com\\\/aztexeesti\\\/\",\"https:\\\/\\\/www.youtube.com\\\/@AZTEXEE\",\"https:\\\/\\\/www.pinterest.com\\\/aztex_eesti\\\/\",\"https:\\\/\\\/www.tiktok.com\\\/@aztexeesti\",\"https:\\\/\\\/www.trustpilot.com\\\/review\\\/aztex.ee\",\"https:\\\/\\\/www.linkedin.com\\\/company\\\/aztex-ee\\\/\",\"https:\\\/\\\/www.wikidata.org\\\/wiki\\\/Q137560182\"]}]}<\/script>\n<!-- \/ Yoast SEO plugin. -->","yoast_head_json":{"title":"Augstas kvalit\u0101tes bambusa palags \u2013 Gai\u0161i za\u013c\u0161 | AZTEX","description":"Augstas kvalit\u0101tes bambusa palagi ir maiga un iztur\u012bga izv\u0113le. Laba mitruma uzs\u016bk\u0161ana un viegls audums nodro\u0161ina pat\u012bkamus gul\u0113\u0161anas apst\u0101k\u013cus visa gada garum\u0101.","robots":{"index":"index","follow":"follow","max-snippet":"max-snippet:-1","max-image-preview":"max-image-preview:large","max-video-preview":"max-video-preview:-1"},"canonical":"https:\/\/aztex.ee\/lv\/pood\/bambusa-palagi\/bambusa-palags-gaisi-zals\/","og_locale":"lv_LV","og_type":"article","og_title":"Augstas kvalit\u0101tes bambusa palags \u2013 Gai\u0161i za\u013c\u0161 | AZTEX","og_description":"Augstas kvalit\u0101tes bambusa palagi ir maiga un iztur\u012bga izv\u0113le. Laba mitruma uzs\u016bk\u0161ana un viegls audums nodro\u0161ina pat\u012bkamus gul\u0113\u0161anas apst\u0101k\u013cus visa gada garum\u0101.","og_url":"https:\/\/aztex.ee\/lv\/pood\/bambusa-palagi\/bambusa-palags-gaisi-zals\/","og_site_name":"AZTEX","article_publisher":"https:\/\/www.facebook.com\/AztexEE","article_modified_time":"2026-03-23T08:30:17+00:00","og_image":[{"width":800,"height":800,"url":"https:\/\/aztex.ee\/wp-content\/uploads\/2026\/03\/Kvaliteetne-bambusest-voodilina.jpg","type":"image\/jpeg"}],"twitter_card":"summary_large_image","twitter_misc":{"Est. reading time":"1 minute"},"schema":{"@context":"https:\/\/schema.org","@graph":[{"@type":["WebPage","ItemPage"],"@id":"https:\/\/aztex.ee\/lv\/pood\/bambusa-palagi\/bambusa-palags-gaisi-zals\/","url":"https:\/\/aztex.ee\/lv\/pood\/bambusa-palagi\/bambusa-palags-gaisi-zals\/","name":"Augstas kvalit\u0101tes bambusa palags \u2013 Gai\u0161i za\u013c\u0161 | AZTEX","isPartOf":{"@id":"https:\/\/aztex.ee\/lv\/#website"},"primaryImageOfPage":{"@id":"https:\/\/aztex.ee\/lv\/pood\/bambusa-palagi\/bambusa-palags-gaisi-zals\/#primaryimage"},"image":{"@id":"https:\/\/aztex.ee\/lv\/pood\/bambusa-palagi\/bambusa-palags-gaisi-zals\/#primaryimage"},"thumbnailUrl":"https:\/\/aztex.ee\/wp-content\/uploads\/2026\/03\/Kvaliteetne-bambusest-voodilina.jpg","datePublished":"2026-03-23T07:34:05+00:00","dateModified":"2026-03-23T08:30:17+00:00","description":"Augstas kvalit\u0101tes bambusa palagi ir maiga un iztur\u012bga izv\u0113le. Laba mitruma uzs\u016bk\u0161ana un viegls audums nodro\u0161ina pat\u012bkamus gul\u0113\u0161anas apst\u0101k\u013cus visa gada garum\u0101.","breadcrumb":{"@id":"https:\/\/aztex.ee\/lv\/pood\/bambusa-palagi\/bambusa-palags-gaisi-zals\/#breadcrumb"},"inLanguage":"lv-LV","potentialAction":[{"@type":"ReadAction","target":["https:\/\/aztex.ee\/lv\/pood\/bambusa-palagi\/bambusa-palags-gaisi-zals\/"]}]},{"@type":"ImageObject","inLanguage":"lv-LV","@id":"https:\/\/aztex.ee\/lv\/pood\/bambusa-palagi\/bambusa-palags-gaisi-zals\/#primaryimage","url":"https:\/\/aztex.ee\/wp-content\/uploads\/2026\/03\/Kvaliteetne-bambusest-voodilina.jpg","contentUrl":"https:\/\/aztex.ee\/wp-content\/uploads\/2026\/03\/Kvaliteetne-bambusest-voodilina.jpg","width":800,"height":800,"caption":"Kvaliteetne bambusest voodilina"},{"@type":"BreadcrumbList","@id":"https:\/\/aztex.ee\/lv\/pood\/bambusa-palagi\/bambusa-palags-gaisi-zals\/#breadcrumb","itemListElement":[{"@type":"ListItem","position":1,"name":"S\u0101kums","item":"https:\/\/aztex.ee\/lv\/"},{"@type":"ListItem","position":2,"name":"Veikals","item":"https:\/\/aztex.ee\/lv\/veikals\/"},{"@type":"ListItem","position":3,"name":"Bambusa palags \u2013 Gai\u0161i za\u013c\u0161"}]},{"@type":"WebSite","@id":"https:\/\/aztex.ee\/lv\/#website","url":"https:\/\/aztex.ee\/lv\/","name":"AZTEX","description":"","publisher":{"@id":"https:\/\/aztex.ee\/lv\/#organization"},"potentialAction":[{"@type":"SearchAction","target":{"@type":"EntryPoint","urlTemplate":"https:\/\/aztex.ee\/lv\/?s={search_term_string}"},"query-input":{"@type":"PropertyValueSpecification","valueRequired":true,"valueName":"search_term_string"}}],"inLanguage":"lv-LV"},{"@type":"Organization","@id":"https:\/\/aztex.ee\/lv\/#organization","name":"AZTEX","url":"https:\/\/aztex.ee\/lv\/","logo":{"@type":"ImageObject","inLanguage":"lv-LV","@id":"https:\/\/aztex.ee\/lv\/#\/schema\/logo\/image\/","url":"https:\/\/aztex.ee\/wp-content\/uploads\/2026\/01\/AZTEX.png","contentUrl":"https:\/\/aztex.ee\/wp-content\/uploads\/2026\/01\/AZTEX.png","width":500,"height":500,"caption":"AZTEX"},"image":{"@id":"https:\/\/aztex.ee\/lv\/#\/schema\/logo\/image\/"},"sameAs":["https:\/\/www.facebook.com\/AztexEE","https:\/\/www.instagram.com\/aztexeesti\/","https:\/\/www.youtube.com\/@AZTEXEE","https:\/\/www.pinterest.com\/aztex_eesti\/","https:\/\/www.tiktok.com\/@aztexeesti","https:\/\/www.trustpilot.com\/review\/aztex.ee","https:\/\/www.linkedin.com\/company\/aztex-ee\/","https:\/\/www.wikidata.org\/wiki\/Q137560182"]}]}},"_links":{"self":[{"href":"https:\/\/aztex.ee\/lv\/wp-json\/wp\/v2\/product\/108103","targetHints":{"allow":["GET"]}}],"collection":[{"href":"https:\/\/aztex.ee\/lv\/wp-json\/wp\/v2\/product"}],"about":[{"href":"https:\/\/aztex.ee\/lv\/wp-json\/wp\/v2\/types\/product"}],"replies":[{"embeddable":true,"href":"https:\/\/aztex.ee\/lv\/wp-json\/wp\/v2\/comments?post=108103"}],"version-history":[{"count":2,"href":"https:\/\/aztex.ee\/lv\/wp-json\/wp\/v2\/product\/108103\/revisions"}],"predecessor-version":[{"id":108196,"href":"https:\/\/aztex.ee\/lv\/wp-json\/wp\/v2\/product\/108103\/revisions\/108196"}],"wp:featuredmedia":[{"embeddable":true,"href":"https:\/\/aztex.ee\/lv\/wp-json\/wp\/v2\/media\/108124"}],"wp:attachment":[{"href":"https:\/\/aztex.ee\/lv\/wp-json\/wp\/v2\/media?parent=108103"}],"wp:term":[{"taxonomy":"product_brand","embeddable":true,"href":"https:\/\/aztex.ee\/lv\/wp-json\/wp\/v2\/product_brand?post=108103"},{"taxonomy":"product_cat","embeddable":true,"href":"https:\/\/aztex.ee\/lv\/wp-json\/wp\/v2\/product_cat?post=108103"},{"taxonomy":"product_tag","embeddable":true,"href":"https:\/\/aztex.ee\/lv\/wp-json\/wp\/v2\/product_tag?post=108103"}],"curies":[{"name":"wp","href":"https:\/\/api.w.org\/{rel}","templated":true}]}}