{"id":103509,"date":"2026-02-17T16:48:25","date_gmt":"2026-02-17T16:48:25","guid":{"rendered":"https:\/\/aztex.ee\/?post_type=product&#038;p=103509"},"modified":"2026-02-17T17:33:06","modified_gmt":"2026-02-17T17:33:06","slug":"lina-palags-ledus-zils","status":"publish","type":"product","link":"https:\/\/aztex.ee\/lv\/pood\/palagi\/lina-palags-ledus-zils\/","title":{"rendered":"Lina palags | Ledus zils"},"content":{"rendered":"<p><strong>Lina palags \u2013 dab\u012bgs komforts<\/strong><\/p>\n<p><strong>100% dab\u012bgs fran\u010du lins<\/strong><\/p>\n<p>Lina palags ir izgatavots no r\u016bp\u012bgi atlas\u012bta lina auduma, kam rakstur\u012bga iztur\u012bga un ilgm\u016b\u017e\u012bga strukt\u016bra, vienlaikus esot m\u012bkstam un pat\u012bkamam \u0101dai. Fran\u010du lins tiek nov\u0113rt\u0113ts par savu izcilo kvalit\u0101ti un ilgm\u016b\u017e\u012bbu \u2013 katra \u0161\u0137iedra saglab\u0101 savu iztur\u012bbu pat p\u0113c atk\u0101rtot\u0101m mazg\u0101\u0161anas reiz\u0113m, un palags saglab\u0101jas skaists daudzus gadus. Lina palags ir dab\u012bgs un \u0101dai draudz\u012bgs, \u013caujot katru nakti baud\u012bt komfortablu un mier\u012bgu miegu. Pateicoties elpojo\u0161ajam materi\u0101lam, lins regul\u0113 \u0137erme\u0146a temperat\u016bru un \u013cauj \u0101dai br\u012bvi elpot, padarot to par ide\u0101lu izv\u0113li aler\u0123ijas slimniekiem. \u0160is palags apvieno praktiskumu, ilgm\u016b\u017e\u012bbu un grezn\u012bbas saj\u016btu, kas padara katru nakti \u012bpa\u0161u.<\/p>\n<p><strong>Dabisks svaigums un sabalans\u0113ts miegs<\/strong><\/p>\n<p>Lina palaga liel\u0101k\u0101 priek\u0161roc\u012bba ir t\u0101 dabisk\u0101 sp\u0113ja regul\u0113t gan \u0137erme\u0146a temperat\u016bru, gan mitrumu. Silt\u0101k\u0101s nakt\u012bs lina palags uztur \u0137ermeni v\u0113s\u0101ku, bet v\u0113s\u0101k\u0101s dien\u0101s saglab\u0101 pat\u012bkamu siltumu, nodro\u0161inot sabalans\u0113tu un mier\u012bgu miega vidi. Pateicoties lieliskajai mitruma absorbcijai un \u0101trajam \u017e\u016b\u0161anas \u0101trumam, palags visu nakti saglab\u0101jas svaigs, sauss un \u0113rts. Lina materi\u0101ls samazina sv\u012b\u0161anu un p\u0101rm\u0113r\u012bgu mitruma uzkr\u0101\u0161anos, saglab\u0101jot gultu pat\u012bkami v\u0113su un svaigu. \u0160is ir ide\u0101ls risin\u0101jums tiem, kas nov\u0113rt\u0113 kvalitat\u012bvu miegu un v\u0113las no r\u012bta pamosties atp\u016btu\u0161ies.<\/p>\n<p><strong>Laika gait\u0101 m\u012bkst\u0101ks un skaist\u0101ks<\/strong><\/p>\n<p>S\u0101kotn\u0113ji iztur\u012bgais un tekstur\u0113tais lins ar katru mazg\u0101\u0161anas reizi k\u013c\u016bst m\u012bkst\u0101ks, nezaud\u0113jot savu iztur\u012bbu. \u0160\u0137iedras saglab\u0101 savu formu un strukt\u016bru, bet laika gait\u0101 t\u0101s ieg\u016bst dabisku, nedaudz dz\u012bv\u012bgu izskatu, kas pie\u0161\u0137ir gultai dzi\u013cumu un m\u0101j\u012bgumu. Lins nezaud\u0113 savu v\u0113rt\u012bbu &#8211; katra lieto\u0161anas reize un mazg\u0101\u0161anas reize padara \u0161o gultas ve\u013cu v\u0113l pat\u012bkam\u0101ku un \u0113rt\u0101ku. Pateicoties tam, gultas ve\u013ca gadu gait\u0101 saglab\u0101jas skaista, \u0113rta un uzticama, sniedzot gan praktiskumu, gan est\u0113tisku baud\u012bjumu.<\/p>\n<p><strong>Piem\u0113rots jebkuram interjeram<\/strong><\/p>\n<p>Lina auduma dabisk\u0101 tekst\u016bra un mier\u012bg\u0101 to\u0146u gamma padara gultas ve\u013cu piem\u0113rotu jebkurai gu\u013camistabai, neatkar\u012bgi no t\u0101, vai t\u0101 ir moderna, minim\u0101listiska vai klasiska. Mier\u012bg\u0101 kr\u0101su gamma pie\u0161\u0137ir telpai maigumu un l\u012bdzsvaru, neizce\u013cot to. Lina gultas ve\u013ca lieliski sader ar da\u017e\u0101diem gultas ve\u013cas komplektiem un interjera elementiem, radot piln\u012bgu un harmonisku iespaidu. Pateicoties m\u016b\u017e\u012bg\u0101 dizaina un dabisko to\u0146u apvienojumam, \u0161\u012b gultasve\u013ca ir ieguld\u012bjums, kas nekad neizies no modes un jebkur\u0101 laik\u0101 papildin\u0101s telpu.<\/p>\n<p><strong>Vienk\u0101r\u0161a kop\u0161ana un ilgs kalpo\u0161anas laiks<\/strong><\/p>\n<p>Lina palagi iztur bie\u017eu mazg\u0101\u0161anu. Audums ir mazg\u0101jams ve\u013cas ma\u0161\u012bn\u0101, \u0101tri \u017e\u016bst un nav nepiecie\u0161ams gludin\u0101t \u2013 dabisk\u0101 kroko\u0161an\u0101s ir da\u013ca no lina dabas un pie\u0161\u0137ir tam unik\u0101lu un autentisku izskatu. Pateicoties sp\u0113c\u012bgaj\u0101m \u0161\u0137iedr\u0101m, lins ilgsto\u0161i saglab\u0101 savu formu, kr\u0101su un kvalit\u0101ti, nodro\u0161inot stabilu un notur\u012bgu v\u0113rt\u012bbu. Tas padara lina palagus par praktisku, \u0113rtu un elegantu izv\u0113li jebkurai gu\u013camistabai, apvienojot iztur\u012bbu, grezn\u012bbas saj\u016btu un ikdienas komfortu.<\/p>\n","protected":false},"excerpt":{"rendered":"<p>Lina palags ir \u0101dai draudz\u012bgs, pateicoties 100% dab\u012bg\u0101m \u0161\u0137iedr\u0101m.<\/p>\n<ul>\n<li>Kr\u0101sa: Ledus zils<\/li>\n<li>Materi\u0101ls: 100% Lins, 160 g\/m2<\/li>\n<li>Izm\u0113rs: 220\u00d7240 cm<\/li>\n<\/ul>\n<p><img loading=\"lazy\" decoding=\"async\" class=\"alignnone wp-image-20226\" src=\"https:\/\/aztex.ee\/wp-content\/uploads\/2024\/09\/oekotex100.png\" alt=\"\" width=\"113\" height=\"40\" srcset=\"https:\/\/aztex.ee\/wp-content\/uploads\/2024\/09\/oekotex100.png 204w, https:\/\/aztex.ee\/wp-content\/uploads\/2024\/09\/oekotex100-150x53.png 150w\" sizes=\"auto, (max-width: 113px) 100vw, 113px\" \/><img loading=\"lazy\" decoding=\"async\" class=\"alignnone wp-image-100270\" src=\"https:\/\/aztex.ee\/wp-content\/uploads\/2026\/01\/europeanflaxaztex.png\" alt=\"\" width=\"182\" height=\"40\" srcset=\"https:\/\/aztex.ee\/wp-content\/uploads\/2026\/01\/europeanflaxaztex.png 352w, https:\/\/aztex.ee\/wp-content\/uploads\/2026\/01\/europeanflaxaztex-150x33.png 150w\" sizes=\"auto, (max-width: 182px) 100vw, 182px\" \/><\/p>\n","protected":false},"featured_media":103530,"comment_status":"open","ping_status":"closed","template":"","meta":[],"product_brand":[],"product_cat":[6769,1801],"product_tag":[],"class_list":{"0":"post-103509","1":"product","2":"type-product","3":"status-publish","4":"has-post-thumbnail","6":"product_cat-lina-palagi","7":"product_cat-palagi","9":"first","10":"instock","11":"sale","12":"shipping-taxable","13":"purchasable","14":"product-type-simple"},"yoast_head":"<!-- This site is optimized with the Yoast SEO plugin v27.3 - https:\/\/yoast.com\/product\/yoast-seo-wordpress\/ -->\n<title>Eleganta lina palags \u2013 Ledus zils | AZTEX<\/title>\n<meta name=\"description\" content=\"Elegants 100% lina palags, izgatavots no biolo\u0123iska Eiropas lina. Dabiski elpojo\u0161s un mitrumu absorb\u0113jo\u0161s, nodro\u0161ina l\u012bdzsvarotu komfortu visu gadu.\" \/>\n<meta name=\"robots\" content=\"index, follow, max-snippet:-1, max-image-preview:large, max-video-preview:-1\" \/>\n<link rel=\"canonical\" href=\"https:\/\/aztex.ee\/lv\/pood\/palagi\/lina-palags-ledus-zils\/\" \/>\n<meta property=\"og:locale\" content=\"lv_LV\" \/>\n<meta property=\"og:type\" content=\"article\" \/>\n<meta property=\"og:title\" content=\"Eleganta lina palags \u2013 Ledus zils | AZTEX\" \/>\n<meta property=\"og:description\" content=\"Elegants 100% lina palags, izgatavots no biolo\u0123iska Eiropas lina. Dabiski elpojo\u0161s un mitrumu absorb\u0113jo\u0161s, nodro\u0161ina l\u012bdzsvarotu komfortu visu gadu.\" \/>\n<meta property=\"og:url\" content=\"https:\/\/aztex.ee\/lv\/pood\/palagi\/lina-palags-ledus-zils\/\" \/>\n<meta property=\"og:site_name\" content=\"AZTEX\" \/>\n<meta property=\"article:publisher\" content=\"https:\/\/www.facebook.com\/AztexEE\" \/>\n<meta property=\"article:modified_time\" content=\"2026-02-17T17:33:06+00:00\" \/>\n<meta property=\"og:image\" content=\"https:\/\/aztex.ee\/wp-content\/uploads\/2026\/02\/Linane-voodilina-Jaasinine.jpg\" \/>\n\t<meta property=\"og:image:width\" content=\"800\" \/>\n\t<meta property=\"og:image:height\" content=\"800\" \/>\n\t<meta property=\"og:image:type\" content=\"image\/jpeg\" \/>\n<meta name=\"twitter:card\" content=\"summary_large_image\" \/>\n<meta name=\"twitter:label1\" content=\"Est. reading time\" \/>\n\t<meta name=\"twitter:data1\" content=\"3 minutes\" \/>\n<script type=\"application\/ld+json\" class=\"yoast-schema-graph\">{\"@context\":\"https:\\\/\\\/schema.org\",\"@graph\":[{\"@type\":[\"WebPage\",\"ItemPage\"],\"@id\":\"https:\\\/\\\/aztex.ee\\\/lv\\\/pood\\\/palagi\\\/lina-palags-ledus-zils\\\/\",\"url\":\"https:\\\/\\\/aztex.ee\\\/lv\\\/pood\\\/palagi\\\/lina-palags-ledus-zils\\\/\",\"name\":\"Eleganta lina palags \u2013 Ledus zils | AZTEX\",\"isPartOf\":{\"@id\":\"https:\\\/\\\/aztex.ee\\\/lv\\\/#website\"},\"primaryImageOfPage\":{\"@id\":\"https:\\\/\\\/aztex.ee\\\/lv\\\/pood\\\/palagi\\\/lina-palags-ledus-zils\\\/#primaryimage\"},\"image\":{\"@id\":\"https:\\\/\\\/aztex.ee\\\/lv\\\/pood\\\/palagi\\\/lina-palags-ledus-zils\\\/#primaryimage\"},\"thumbnailUrl\":\"https:\\\/\\\/aztex.ee\\\/wp-content\\\/uploads\\\/2026\\\/02\\\/Linane-voodilina-Jaasinine.jpg\",\"datePublished\":\"2026-02-17T16:48:25+00:00\",\"dateModified\":\"2026-02-17T17:33:06+00:00\",\"description\":\"Elegants 100% lina palags, izgatavots no biolo\u0123iska Eiropas lina. Dabiski elpojo\u0161s un mitrumu absorb\u0113jo\u0161s, nodro\u0161ina l\u012bdzsvarotu komfortu visu gadu.\",\"breadcrumb\":{\"@id\":\"https:\\\/\\\/aztex.ee\\\/lv\\\/pood\\\/palagi\\\/lina-palags-ledus-zils\\\/#breadcrumb\"},\"inLanguage\":\"lv-LV\",\"potentialAction\":[{\"@type\":\"ReadAction\",\"target\":[\"https:\\\/\\\/aztex.ee\\\/lv\\\/pood\\\/palagi\\\/lina-palags-ledus-zils\\\/\"]}]},{\"@type\":\"ImageObject\",\"inLanguage\":\"lv-LV\",\"@id\":\"https:\\\/\\\/aztex.ee\\\/lv\\\/pood\\\/palagi\\\/lina-palags-ledus-zils\\\/#primaryimage\",\"url\":\"https:\\\/\\\/aztex.ee\\\/wp-content\\\/uploads\\\/2026\\\/02\\\/Linane-voodilina-Jaasinine.jpg\",\"contentUrl\":\"https:\\\/\\\/aztex.ee\\\/wp-content\\\/uploads\\\/2026\\\/02\\\/Linane-voodilina-Jaasinine.jpg\",\"width\":800,\"height\":800,\"caption\":\"Linane voodilina J\u00e4\u00e4sinine\"},{\"@type\":\"BreadcrumbList\",\"@id\":\"https:\\\/\\\/aztex.ee\\\/lv\\\/pood\\\/palagi\\\/lina-palags-ledus-zils\\\/#breadcrumb\",\"itemListElement\":[{\"@type\":\"ListItem\",\"position\":1,\"name\":\"S\u0101kums\",\"item\":\"https:\\\/\\\/aztex.ee\\\/lv\\\/\"},{\"@type\":\"ListItem\",\"position\":2,\"name\":\"Veikals\",\"item\":\"https:\\\/\\\/aztex.ee\\\/lv\\\/veikals\\\/\"},{\"@type\":\"ListItem\",\"position\":3,\"name\":\"Lina palags | Ledus zils\"}]},{\"@type\":\"WebSite\",\"@id\":\"https:\\\/\\\/aztex.ee\\\/lv\\\/#website\",\"url\":\"https:\\\/\\\/aztex.ee\\\/lv\\\/\",\"name\":\"AZTEX\",\"description\":\"\",\"publisher\":{\"@id\":\"https:\\\/\\\/aztex.ee\\\/lv\\\/#organization\"},\"potentialAction\":[{\"@type\":\"SearchAction\",\"target\":{\"@type\":\"EntryPoint\",\"urlTemplate\":\"https:\\\/\\\/aztex.ee\\\/lv\\\/?s={search_term_string}\"},\"query-input\":{\"@type\":\"PropertyValueSpecification\",\"valueRequired\":true,\"valueName\":\"search_term_string\"}}],\"inLanguage\":\"lv-LV\"},{\"@type\":\"Organization\",\"@id\":\"https:\\\/\\\/aztex.ee\\\/lv\\\/#organization\",\"name\":\"AZTEX\",\"url\":\"https:\\\/\\\/aztex.ee\\\/lv\\\/\",\"logo\":{\"@type\":\"ImageObject\",\"inLanguage\":\"lv-LV\",\"@id\":\"https:\\\/\\\/aztex.ee\\\/lv\\\/#\\\/schema\\\/logo\\\/image\\\/\",\"url\":\"https:\\\/\\\/aztex.ee\\\/wp-content\\\/uploads\\\/2026\\\/01\\\/AZTEX.png\",\"contentUrl\":\"https:\\\/\\\/aztex.ee\\\/wp-content\\\/uploads\\\/2026\\\/01\\\/AZTEX.png\",\"width\":500,\"height\":500,\"caption\":\"AZTEX\"},\"image\":{\"@id\":\"https:\\\/\\\/aztex.ee\\\/lv\\\/#\\\/schema\\\/logo\\\/image\\\/\"},\"sameAs\":[\"https:\\\/\\\/www.facebook.com\\\/AztexEE\",\"https:\\\/\\\/www.instagram.com\\\/aztexeesti\\\/\",\"https:\\\/\\\/www.youtube.com\\\/@AZTEXEE\",\"https:\\\/\\\/www.pinterest.com\\\/aztex_eesti\\\/\",\"https:\\\/\\\/www.tiktok.com\\\/@aztexeesti\",\"https:\\\/\\\/www.trustpilot.com\\\/review\\\/aztex.ee\",\"https:\\\/\\\/www.linkedin.com\\\/company\\\/aztex-ee\\\/\",\"https:\\\/\\\/www.wikidata.org\\\/wiki\\\/Q137560182\"]}]}<\/script>\n<!-- \/ Yoast SEO plugin. -->","yoast_head_json":{"title":"Eleganta lina palags \u2013 Ledus zils | AZTEX","description":"Elegants 100% lina palags, izgatavots no biolo\u0123iska Eiropas lina. Dabiski elpojo\u0161s un mitrumu absorb\u0113jo\u0161s, nodro\u0161ina l\u012bdzsvarotu komfortu visu gadu.","robots":{"index":"index","follow":"follow","max-snippet":"max-snippet:-1","max-image-preview":"max-image-preview:large","max-video-preview":"max-video-preview:-1"},"canonical":"https:\/\/aztex.ee\/lv\/pood\/palagi\/lina-palags-ledus-zils\/","og_locale":"lv_LV","og_type":"article","og_title":"Eleganta lina palags \u2013 Ledus zils | AZTEX","og_description":"Elegants 100% lina palags, izgatavots no biolo\u0123iska Eiropas lina. Dabiski elpojo\u0161s un mitrumu absorb\u0113jo\u0161s, nodro\u0161ina l\u012bdzsvarotu komfortu visu gadu.","og_url":"https:\/\/aztex.ee\/lv\/pood\/palagi\/lina-palags-ledus-zils\/","og_site_name":"AZTEX","article_publisher":"https:\/\/www.facebook.com\/AztexEE","article_modified_time":"2026-02-17T17:33:06+00:00","og_image":[{"width":800,"height":800,"url":"https:\/\/aztex.ee\/wp-content\/uploads\/2026\/02\/Linane-voodilina-Jaasinine.jpg","type":"image\/jpeg"}],"twitter_card":"summary_large_image","twitter_misc":{"Est. reading time":"3 minutes"},"schema":{"@context":"https:\/\/schema.org","@graph":[{"@type":["WebPage","ItemPage"],"@id":"https:\/\/aztex.ee\/lv\/pood\/palagi\/lina-palags-ledus-zils\/","url":"https:\/\/aztex.ee\/lv\/pood\/palagi\/lina-palags-ledus-zils\/","name":"Eleganta lina palags \u2013 Ledus zils | AZTEX","isPartOf":{"@id":"https:\/\/aztex.ee\/lv\/#website"},"primaryImageOfPage":{"@id":"https:\/\/aztex.ee\/lv\/pood\/palagi\/lina-palags-ledus-zils\/#primaryimage"},"image":{"@id":"https:\/\/aztex.ee\/lv\/pood\/palagi\/lina-palags-ledus-zils\/#primaryimage"},"thumbnailUrl":"https:\/\/aztex.ee\/wp-content\/uploads\/2026\/02\/Linane-voodilina-Jaasinine.jpg","datePublished":"2026-02-17T16:48:25+00:00","dateModified":"2026-02-17T17:33:06+00:00","description":"Elegants 100% lina palags, izgatavots no biolo\u0123iska Eiropas lina. Dabiski elpojo\u0161s un mitrumu absorb\u0113jo\u0161s, nodro\u0161ina l\u012bdzsvarotu komfortu visu gadu.","breadcrumb":{"@id":"https:\/\/aztex.ee\/lv\/pood\/palagi\/lina-palags-ledus-zils\/#breadcrumb"},"inLanguage":"lv-LV","potentialAction":[{"@type":"ReadAction","target":["https:\/\/aztex.ee\/lv\/pood\/palagi\/lina-palags-ledus-zils\/"]}]},{"@type":"ImageObject","inLanguage":"lv-LV","@id":"https:\/\/aztex.ee\/lv\/pood\/palagi\/lina-palags-ledus-zils\/#primaryimage","url":"https:\/\/aztex.ee\/wp-content\/uploads\/2026\/02\/Linane-voodilina-Jaasinine.jpg","contentUrl":"https:\/\/aztex.ee\/wp-content\/uploads\/2026\/02\/Linane-voodilina-Jaasinine.jpg","width":800,"height":800,"caption":"Linane voodilina J\u00e4\u00e4sinine"},{"@type":"BreadcrumbList","@id":"https:\/\/aztex.ee\/lv\/pood\/palagi\/lina-palags-ledus-zils\/#breadcrumb","itemListElement":[{"@type":"ListItem","position":1,"name":"S\u0101kums","item":"https:\/\/aztex.ee\/lv\/"},{"@type":"ListItem","position":2,"name":"Veikals","item":"https:\/\/aztex.ee\/lv\/veikals\/"},{"@type":"ListItem","position":3,"name":"Lina palags | Ledus zils"}]},{"@type":"WebSite","@id":"https:\/\/aztex.ee\/lv\/#website","url":"https:\/\/aztex.ee\/lv\/","name":"AZTEX","description":"","publisher":{"@id":"https:\/\/aztex.ee\/lv\/#organization"},"potentialAction":[{"@type":"SearchAction","target":{"@type":"EntryPoint","urlTemplate":"https:\/\/aztex.ee\/lv\/?s={search_term_string}"},"query-input":{"@type":"PropertyValueSpecification","valueRequired":true,"valueName":"search_term_string"}}],"inLanguage":"lv-LV"},{"@type":"Organization","@id":"https:\/\/aztex.ee\/lv\/#organization","name":"AZTEX","url":"https:\/\/aztex.ee\/lv\/","logo":{"@type":"ImageObject","inLanguage":"lv-LV","@id":"https:\/\/aztex.ee\/lv\/#\/schema\/logo\/image\/","url":"https:\/\/aztex.ee\/wp-content\/uploads\/2026\/01\/AZTEX.png","contentUrl":"https:\/\/aztex.ee\/wp-content\/uploads\/2026\/01\/AZTEX.png","width":500,"height":500,"caption":"AZTEX"},"image":{"@id":"https:\/\/aztex.ee\/lv\/#\/schema\/logo\/image\/"},"sameAs":["https:\/\/www.facebook.com\/AztexEE","https:\/\/www.instagram.com\/aztexeesti\/","https:\/\/www.youtube.com\/@AZTEXEE","https:\/\/www.pinterest.com\/aztex_eesti\/","https:\/\/www.tiktok.com\/@aztexeesti","https:\/\/www.trustpilot.com\/review\/aztex.ee","https:\/\/www.linkedin.com\/company\/aztex-ee\/","https:\/\/www.wikidata.org\/wiki\/Q137560182"]}]}},"_links":{"self":[{"href":"https:\/\/aztex.ee\/lv\/wp-json\/wp\/v2\/product\/103509","targetHints":{"allow":["GET"]}}],"collection":[{"href":"https:\/\/aztex.ee\/lv\/wp-json\/wp\/v2\/product"}],"about":[{"href":"https:\/\/aztex.ee\/lv\/wp-json\/wp\/v2\/types\/product"}],"replies":[{"embeddable":true,"href":"https:\/\/aztex.ee\/lv\/wp-json\/wp\/v2\/comments?post=103509"}],"version-history":[{"count":2,"href":"https:\/\/aztex.ee\/lv\/wp-json\/wp\/v2\/product\/103509\/revisions"}],"predecessor-version":[{"id":103606,"href":"https:\/\/aztex.ee\/lv\/wp-json\/wp\/v2\/product\/103509\/revisions\/103606"}],"wp:featuredmedia":[{"embeddable":true,"href":"https:\/\/aztex.ee\/lv\/wp-json\/wp\/v2\/media\/103530"}],"wp:attachment":[{"href":"https:\/\/aztex.ee\/lv\/wp-json\/wp\/v2\/media?parent=103509"}],"wp:term":[{"taxonomy":"product_brand","embeddable":true,"href":"https:\/\/aztex.ee\/lv\/wp-json\/wp\/v2\/product_brand?post=103509"},{"taxonomy":"product_cat","embeddable":true,"href":"https:\/\/aztex.ee\/lv\/wp-json\/wp\/v2\/product_cat?post=103509"},{"taxonomy":"product_tag","embeddable":true,"href":"https:\/\/aztex.ee\/lv\/wp-json\/wp\/v2\/product_tag?post=103509"}],"curies":[{"name":"wp","href":"https:\/\/api.w.org\/{rel}","templated":true}]}}