{"id":100017,"date":"2026-01-21T01:34:59","date_gmt":"2026-01-21T01:34:59","guid":{"rendered":"https:\/\/aztex.ee\/?post_type=product&#038;p=100017"},"modified":"2026-01-21T02:43:56","modified_gmt":"2026-01-21T02:43:56","slug":"spilvendrana-no-kanepju-skiedras-gaisi-peleks","status":"publish","type":"product","link":"https:\/\/aztex.ee\/lv\/pood\/kanepju-spilvendranas\/spilvendrana-no-kanepju-skiedras-gaisi-peleks\/","title":{"rendered":"Spilvendr\u0101na no ka\u0146epju \u0161\u0137iedras | Gai\u0161i pel\u0113ks"},"content":{"rendered":"<p>Ka\u0146epju spilvendr\u0101na pie\u0161\u0137ir greznu un modernu izskatu jebkurai gu\u013camistabai, pateicoties ka\u0146epju dabiskumam. \u0160is materi\u0101ls nodro\u0161ina spilvendr\u0101nas iztur\u012bbu un ilgm\u016b\u017e\u012bbu, padarot to par lielisku izv\u0113li tiem, kas dod priek\u0161roku videi draudz\u012bgam dz\u012bvesveidam.<\/p>\n<p>Ka\u0146epju spilvendr\u0101nas izmanto\u0161ana veicina labu miegu un uzlabo visp\u0101r\u0113jo labsaj\u016btu. Ka\u0146epju antibakteri\u0101l\u0101s un aler\u0123iju neizraiso\u0161\u0101s \u012bpa\u0161\u012bbas padara to par ide\u0101lu izv\u0113li gan aler\u0123ij\u0101m, gan astmas slimniekiem, jo \u200b\u200bka\u0146epes atbaida bakt\u0113rijas un ilg\u0101k saglab\u0101 spilvendr\u0101nu t\u012bru.<\/p>\n","protected":false},"excerpt":{"rendered":"<p>Ka\u0146epju spilvendr\u0101na ir iztur\u012bga, elpojo\u0161a un \u0101dai draudz\u012bga izv\u0113le \u0113rtam miegam.<\/p>\n<ul>\n<li>Kr\u0101sa: Gai\u0161i pel\u0113ks<\/li>\n<li>Materi\u0101ls: 100% Ka\u0146epes, 180 g\/m2<\/li>\n<\/ul>\n<p><img loading=\"lazy\" decoding=\"async\" class=\"alignnone size-full wp-image-20226\" src=\"https:\/\/aztex.ee\/wp-content\/uploads\/2024\/09\/oekotex100.png\" alt=\"\" width=\"204\" height=\"72\" srcset=\"https:\/\/aztex.ee\/wp-content\/uploads\/2024\/09\/oekotex100.png 204w, https:\/\/aztex.ee\/wp-content\/uploads\/2024\/09\/oekotex100-150x53.png 150w\" sizes=\"auto, (max-width: 204px) 100vw, 204px\" \/><img loading=\"lazy\" decoding=\"async\" class=\"alignnone wp-image-20896\" src=\"https:\/\/aztex.ee\/wp-content\/uploads\/2024\/09\/NATURALHEMP.png\" alt=\"\" width=\"79\" height=\"79\" srcset=\"https:\/\/aztex.ee\/wp-content\/uploads\/2024\/09\/NATURALHEMP.png 300w, https:\/\/aztex.ee\/wp-content\/uploads\/2024\/09\/NATURALHEMP-150x150.png 150w\" sizes=\"auto, (max-width: 79px) 100vw, 79px\" \/><\/p>\n","protected":false},"featured_media":100142,"comment_status":"open","ping_status":"closed","template":"","meta":[],"product_brand":[],"product_cat":[464,1779],"product_tag":[],"class_list":{"0":"post-100017","1":"product","2":"type-product","3":"status-publish","4":"has-post-thumbnail","6":"product_cat-kanepju-spilvendranas","7":"product_cat-spilvendranas","9":"first","10":"instock","11":"shipping-taxable","12":"purchasable","13":"product-type-variable"},"yoast_head":"<!-- This site is optimized with the Yoast SEO plugin v27.4 - https:\/\/yoast.com\/product\/yoast-seo-wordpress\/ -->\n<title>Ekolo\u0123iska ka\u0146epju spilvendr\u0101na - Gai\u0161i pel\u0113ks | AZTEX<\/title>\n<meta name=\"description\" content=\"Ekolo\u0123iska ka\u0146epju spilvendr\u0101na ir iztur\u012bga, elpojo\u0161a un viegli kopjama. Ka\u0146epju \u0161\u0137iedra ar katru mazg\u0101\u0161anu k\u013c\u016bst m\u012bkst\u0101ka, saglab\u0101jot ilgm\u016b\u017e\u012bbu.\" \/>\n<meta name=\"robots\" content=\"index, follow, max-snippet:-1, max-image-preview:large, max-video-preview:-1\" \/>\n<link rel=\"canonical\" href=\"https:\/\/aztex.ee\/lv\/pood\/kanepju-spilvendranas\/spilvendrana-no-kanepju-skiedras-gaisi-peleks\/\" \/>\n<meta property=\"og:locale\" content=\"lv_LV\" \/>\n<meta property=\"og:type\" content=\"article\" \/>\n<meta property=\"og:title\" content=\"Ekolo\u0123iska ka\u0146epju spilvendr\u0101na - Gai\u0161i pel\u0113ks | AZTEX\" \/>\n<meta property=\"og:description\" content=\"Ekolo\u0123iska ka\u0146epju spilvendr\u0101na ir iztur\u012bga, elpojo\u0161a un viegli kopjama. Ka\u0146epju \u0161\u0137iedra ar katru mazg\u0101\u0161anu k\u013c\u016bst m\u012bkst\u0101ka, saglab\u0101jot ilgm\u016b\u017e\u012bbu.\" \/>\n<meta property=\"og:url\" content=\"https:\/\/aztex.ee\/lv\/pood\/kanepju-spilvendranas\/spilvendrana-no-kanepju-skiedras-gaisi-peleks\/\" \/>\n<meta property=\"og:site_name\" content=\"AZTEX\" \/>\n<meta property=\"article:publisher\" content=\"https:\/\/www.facebook.com\/AztexEE\" \/>\n<meta property=\"article:modified_time\" content=\"2026-01-21T02:43:56+00:00\" \/>\n<meta property=\"og:image\" content=\"https:\/\/aztex.ee\/wp-content\/uploads\/2026\/01\/Kanepist-padjapuur-Helehall.jpg\" \/>\n\t<meta property=\"og:image:width\" content=\"800\" \/>\n\t<meta property=\"og:image:height\" content=\"800\" \/>\n\t<meta property=\"og:image:type\" content=\"image\/jpeg\" \/>\n<meta name=\"twitter:card\" content=\"summary_large_image\" \/>\n<meta name=\"twitter:label1\" content=\"Est. reading time\" \/>\n\t<meta name=\"twitter:data1\" content=\"1 minute\" \/>\n<script type=\"application\/ld+json\" class=\"yoast-schema-graph\">{\"@context\":\"https:\\\/\\\/schema.org\",\"@graph\":[{\"@type\":[\"WebPage\",\"ItemPage\"],\"@id\":\"https:\\\/\\\/aztex.ee\\\/lv\\\/pood\\\/kanepju-spilvendranas\\\/spilvendrana-no-kanepju-skiedras-gaisi-peleks\\\/\",\"url\":\"https:\\\/\\\/aztex.ee\\\/lv\\\/pood\\\/kanepju-spilvendranas\\\/spilvendrana-no-kanepju-skiedras-gaisi-peleks\\\/\",\"name\":\"Ekolo\u0123iska ka\u0146epju spilvendr\u0101na - Gai\u0161i pel\u0113ks | AZTEX\",\"isPartOf\":{\"@id\":\"https:\\\/\\\/aztex.ee\\\/lv\\\/#website\"},\"primaryImageOfPage\":{\"@id\":\"https:\\\/\\\/aztex.ee\\\/lv\\\/pood\\\/kanepju-spilvendranas\\\/spilvendrana-no-kanepju-skiedras-gaisi-peleks\\\/#primaryimage\"},\"image\":{\"@id\":\"https:\\\/\\\/aztex.ee\\\/lv\\\/pood\\\/kanepju-spilvendranas\\\/spilvendrana-no-kanepju-skiedras-gaisi-peleks\\\/#primaryimage\"},\"thumbnailUrl\":\"https:\\\/\\\/aztex.ee\\\/wp-content\\\/uploads\\\/2026\\\/01\\\/Kanepist-padjapuur-Helehall.jpg\",\"datePublished\":\"2026-01-21T01:34:59+00:00\",\"dateModified\":\"2026-01-21T02:43:56+00:00\",\"description\":\"Ekolo\u0123iska ka\u0146epju spilvendr\u0101na ir iztur\u012bga, elpojo\u0161a un viegli kopjama. Ka\u0146epju \u0161\u0137iedra ar katru mazg\u0101\u0161anu k\u013c\u016bst m\u012bkst\u0101ka, saglab\u0101jot ilgm\u016b\u017e\u012bbu.\",\"breadcrumb\":{\"@id\":\"https:\\\/\\\/aztex.ee\\\/lv\\\/pood\\\/kanepju-spilvendranas\\\/spilvendrana-no-kanepju-skiedras-gaisi-peleks\\\/#breadcrumb\"},\"inLanguage\":\"lv-LV\",\"potentialAction\":[{\"@type\":\"ReadAction\",\"target\":[\"https:\\\/\\\/aztex.ee\\\/lv\\\/pood\\\/kanepju-spilvendranas\\\/spilvendrana-no-kanepju-skiedras-gaisi-peleks\\\/\"]}]},{\"@type\":\"ImageObject\",\"inLanguage\":\"lv-LV\",\"@id\":\"https:\\\/\\\/aztex.ee\\\/lv\\\/pood\\\/kanepju-spilvendranas\\\/spilvendrana-no-kanepju-skiedras-gaisi-peleks\\\/#primaryimage\",\"url\":\"https:\\\/\\\/aztex.ee\\\/wp-content\\\/uploads\\\/2026\\\/01\\\/Kanepist-padjapuur-Helehall.jpg\",\"contentUrl\":\"https:\\\/\\\/aztex.ee\\\/wp-content\\\/uploads\\\/2026\\\/01\\\/Kanepist-padjapuur-Helehall.jpg\",\"width\":800,\"height\":800,\"caption\":\"Kanepist padjap\u00fc\u00fcr Helehall\"},{\"@type\":\"BreadcrumbList\",\"@id\":\"https:\\\/\\\/aztex.ee\\\/lv\\\/pood\\\/kanepju-spilvendranas\\\/spilvendrana-no-kanepju-skiedras-gaisi-peleks\\\/#breadcrumb\",\"itemListElement\":[{\"@type\":\"ListItem\",\"position\":1,\"name\":\"S\u0101kums\",\"item\":\"https:\\\/\\\/aztex.ee\\\/lv\\\/\"},{\"@type\":\"ListItem\",\"position\":2,\"name\":\"Veikals\",\"item\":\"https:\\\/\\\/aztex.ee\\\/lv\\\/veikals\\\/\"},{\"@type\":\"ListItem\",\"position\":3,\"name\":\"Spilvendr\u0101na no ka\u0146epju \u0161\u0137iedras | Gai\u0161i pel\u0113ks\"}]},{\"@type\":\"WebSite\",\"@id\":\"https:\\\/\\\/aztex.ee\\\/lv\\\/#website\",\"url\":\"https:\\\/\\\/aztex.ee\\\/lv\\\/\",\"name\":\"AZTEX\",\"description\":\"\",\"publisher\":{\"@id\":\"https:\\\/\\\/aztex.ee\\\/lv\\\/#organization\"},\"potentialAction\":[{\"@type\":\"SearchAction\",\"target\":{\"@type\":\"EntryPoint\",\"urlTemplate\":\"https:\\\/\\\/aztex.ee\\\/lv\\\/?s={search_term_string}\"},\"query-input\":{\"@type\":\"PropertyValueSpecification\",\"valueRequired\":true,\"valueName\":\"search_term_string\"}}],\"inLanguage\":\"lv-LV\"},{\"@type\":\"Organization\",\"@id\":\"https:\\\/\\\/aztex.ee\\\/lv\\\/#organization\",\"name\":\"AZTEX\",\"url\":\"https:\\\/\\\/aztex.ee\\\/lv\\\/\",\"logo\":{\"@type\":\"ImageObject\",\"inLanguage\":\"lv-LV\",\"@id\":\"https:\\\/\\\/aztex.ee\\\/lv\\\/#\\\/schema\\\/logo\\\/image\\\/\",\"url\":\"https:\\\/\\\/aztex.ee\\\/wp-content\\\/uploads\\\/2026\\\/01\\\/AZTEX.png\",\"contentUrl\":\"https:\\\/\\\/aztex.ee\\\/wp-content\\\/uploads\\\/2026\\\/01\\\/AZTEX.png\",\"width\":500,\"height\":500,\"caption\":\"AZTEX\"},\"image\":{\"@id\":\"https:\\\/\\\/aztex.ee\\\/lv\\\/#\\\/schema\\\/logo\\\/image\\\/\"},\"sameAs\":[\"https:\\\/\\\/www.facebook.com\\\/AztexEE\",\"https:\\\/\\\/www.instagram.com\\\/aztexeesti\\\/\",\"https:\\\/\\\/www.youtube.com\\\/@AZTEXEE\",\"https:\\\/\\\/www.pinterest.com\\\/aztex_eesti\\\/\",\"https:\\\/\\\/www.tiktok.com\\\/@aztexeesti\",\"https:\\\/\\\/www.trustpilot.com\\\/review\\\/aztex.ee\",\"https:\\\/\\\/www.linkedin.com\\\/company\\\/aztex-ee\\\/\",\"https:\\\/\\\/www.wikidata.org\\\/wiki\\\/Q137560182\"]}]}<\/script>\n<!-- \/ Yoast SEO plugin. -->","yoast_head_json":{"title":"Ekolo\u0123iska ka\u0146epju spilvendr\u0101na - Gai\u0161i pel\u0113ks | AZTEX","description":"Ekolo\u0123iska ka\u0146epju spilvendr\u0101na ir iztur\u012bga, elpojo\u0161a un viegli kopjama. Ka\u0146epju \u0161\u0137iedra ar katru mazg\u0101\u0161anu k\u013c\u016bst m\u012bkst\u0101ka, saglab\u0101jot ilgm\u016b\u017e\u012bbu.","robots":{"index":"index","follow":"follow","max-snippet":"max-snippet:-1","max-image-preview":"max-image-preview:large","max-video-preview":"max-video-preview:-1"},"canonical":"https:\/\/aztex.ee\/lv\/pood\/kanepju-spilvendranas\/spilvendrana-no-kanepju-skiedras-gaisi-peleks\/","og_locale":"lv_LV","og_type":"article","og_title":"Ekolo\u0123iska ka\u0146epju spilvendr\u0101na - Gai\u0161i pel\u0113ks | AZTEX","og_description":"Ekolo\u0123iska ka\u0146epju spilvendr\u0101na ir iztur\u012bga, elpojo\u0161a un viegli kopjama. Ka\u0146epju \u0161\u0137iedra ar katru mazg\u0101\u0161anu k\u013c\u016bst m\u012bkst\u0101ka, saglab\u0101jot ilgm\u016b\u017e\u012bbu.","og_url":"https:\/\/aztex.ee\/lv\/pood\/kanepju-spilvendranas\/spilvendrana-no-kanepju-skiedras-gaisi-peleks\/","og_site_name":"AZTEX","article_publisher":"https:\/\/www.facebook.com\/AztexEE","article_modified_time":"2026-01-21T02:43:56+00:00","og_image":[{"width":800,"height":800,"url":"https:\/\/aztex.ee\/wp-content\/uploads\/2026\/01\/Kanepist-padjapuur-Helehall.jpg","type":"image\/jpeg"}],"twitter_card":"summary_large_image","twitter_misc":{"Est. reading time":"1 minute"},"schema":{"@context":"https:\/\/schema.org","@graph":[{"@type":["WebPage","ItemPage"],"@id":"https:\/\/aztex.ee\/lv\/pood\/kanepju-spilvendranas\/spilvendrana-no-kanepju-skiedras-gaisi-peleks\/","url":"https:\/\/aztex.ee\/lv\/pood\/kanepju-spilvendranas\/spilvendrana-no-kanepju-skiedras-gaisi-peleks\/","name":"Ekolo\u0123iska ka\u0146epju spilvendr\u0101na - Gai\u0161i pel\u0113ks | AZTEX","isPartOf":{"@id":"https:\/\/aztex.ee\/lv\/#website"},"primaryImageOfPage":{"@id":"https:\/\/aztex.ee\/lv\/pood\/kanepju-spilvendranas\/spilvendrana-no-kanepju-skiedras-gaisi-peleks\/#primaryimage"},"image":{"@id":"https:\/\/aztex.ee\/lv\/pood\/kanepju-spilvendranas\/spilvendrana-no-kanepju-skiedras-gaisi-peleks\/#primaryimage"},"thumbnailUrl":"https:\/\/aztex.ee\/wp-content\/uploads\/2026\/01\/Kanepist-padjapuur-Helehall.jpg","datePublished":"2026-01-21T01:34:59+00:00","dateModified":"2026-01-21T02:43:56+00:00","description":"Ekolo\u0123iska ka\u0146epju spilvendr\u0101na ir iztur\u012bga, elpojo\u0161a un viegli kopjama. Ka\u0146epju \u0161\u0137iedra ar katru mazg\u0101\u0161anu k\u013c\u016bst m\u012bkst\u0101ka, saglab\u0101jot ilgm\u016b\u017e\u012bbu.","breadcrumb":{"@id":"https:\/\/aztex.ee\/lv\/pood\/kanepju-spilvendranas\/spilvendrana-no-kanepju-skiedras-gaisi-peleks\/#breadcrumb"},"inLanguage":"lv-LV","potentialAction":[{"@type":"ReadAction","target":["https:\/\/aztex.ee\/lv\/pood\/kanepju-spilvendranas\/spilvendrana-no-kanepju-skiedras-gaisi-peleks\/"]}]},{"@type":"ImageObject","inLanguage":"lv-LV","@id":"https:\/\/aztex.ee\/lv\/pood\/kanepju-spilvendranas\/spilvendrana-no-kanepju-skiedras-gaisi-peleks\/#primaryimage","url":"https:\/\/aztex.ee\/wp-content\/uploads\/2026\/01\/Kanepist-padjapuur-Helehall.jpg","contentUrl":"https:\/\/aztex.ee\/wp-content\/uploads\/2026\/01\/Kanepist-padjapuur-Helehall.jpg","width":800,"height":800,"caption":"Kanepist padjap\u00fc\u00fcr Helehall"},{"@type":"BreadcrumbList","@id":"https:\/\/aztex.ee\/lv\/pood\/kanepju-spilvendranas\/spilvendrana-no-kanepju-skiedras-gaisi-peleks\/#breadcrumb","itemListElement":[{"@type":"ListItem","position":1,"name":"S\u0101kums","item":"https:\/\/aztex.ee\/lv\/"},{"@type":"ListItem","position":2,"name":"Veikals","item":"https:\/\/aztex.ee\/lv\/veikals\/"},{"@type":"ListItem","position":3,"name":"Spilvendr\u0101na no ka\u0146epju \u0161\u0137iedras | Gai\u0161i pel\u0113ks"}]},{"@type":"WebSite","@id":"https:\/\/aztex.ee\/lv\/#website","url":"https:\/\/aztex.ee\/lv\/","name":"AZTEX","description":"","publisher":{"@id":"https:\/\/aztex.ee\/lv\/#organization"},"potentialAction":[{"@type":"SearchAction","target":{"@type":"EntryPoint","urlTemplate":"https:\/\/aztex.ee\/lv\/?s={search_term_string}"},"query-input":{"@type":"PropertyValueSpecification","valueRequired":true,"valueName":"search_term_string"}}],"inLanguage":"lv-LV"},{"@type":"Organization","@id":"https:\/\/aztex.ee\/lv\/#organization","name":"AZTEX","url":"https:\/\/aztex.ee\/lv\/","logo":{"@type":"ImageObject","inLanguage":"lv-LV","@id":"https:\/\/aztex.ee\/lv\/#\/schema\/logo\/image\/","url":"https:\/\/aztex.ee\/wp-content\/uploads\/2026\/01\/AZTEX.png","contentUrl":"https:\/\/aztex.ee\/wp-content\/uploads\/2026\/01\/AZTEX.png","width":500,"height":500,"caption":"AZTEX"},"image":{"@id":"https:\/\/aztex.ee\/lv\/#\/schema\/logo\/image\/"},"sameAs":["https:\/\/www.facebook.com\/AztexEE","https:\/\/www.instagram.com\/aztexeesti\/","https:\/\/www.youtube.com\/@AZTEXEE","https:\/\/www.pinterest.com\/aztex_eesti\/","https:\/\/www.tiktok.com\/@aztexeesti","https:\/\/www.trustpilot.com\/review\/aztex.ee","https:\/\/www.linkedin.com\/company\/aztex-ee\/","https:\/\/www.wikidata.org\/wiki\/Q137560182"]}]}},"_links":{"self":[{"href":"https:\/\/aztex.ee\/lv\/wp-json\/wp\/v2\/product\/100017","targetHints":{"allow":["GET"]}}],"collection":[{"href":"https:\/\/aztex.ee\/lv\/wp-json\/wp\/v2\/product"}],"about":[{"href":"https:\/\/aztex.ee\/lv\/wp-json\/wp\/v2\/types\/product"}],"replies":[{"embeddable":true,"href":"https:\/\/aztex.ee\/lv\/wp-json\/wp\/v2\/comments?post=100017"}],"version-history":[{"count":2,"href":"https:\/\/aztex.ee\/lv\/wp-json\/wp\/v2\/product\/100017\/revisions"}],"predecessor-version":[{"id":100216,"href":"https:\/\/aztex.ee\/lv\/wp-json\/wp\/v2\/product\/100017\/revisions\/100216"}],"wp:featuredmedia":[{"embeddable":true,"href":"https:\/\/aztex.ee\/lv\/wp-json\/wp\/v2\/media\/100142"}],"wp:attachment":[{"href":"https:\/\/aztex.ee\/lv\/wp-json\/wp\/v2\/media?parent=100017"}],"wp:term":[{"taxonomy":"product_brand","embeddable":true,"href":"https:\/\/aztex.ee\/lv\/wp-json\/wp\/v2\/product_brand?post=100017"},{"taxonomy":"product_cat","embeddable":true,"href":"https:\/\/aztex.ee\/lv\/wp-json\/wp\/v2\/product_cat?post=100017"},{"taxonomy":"product_tag","embeddable":true,"href":"https:\/\/aztex.ee\/lv\/wp-json\/wp\/v2\/product_tag?post=100017"}],"curies":[{"name":"wp","href":"https:\/\/api.w.org\/{rel}","templated":true}]}}