{"id":107158,"date":"2026-03-16T07:17:40","date_gmt":"2026-03-16T07:17:40","guid":{"rendered":"https:\/\/aztex.ee\/meist\/"},"modified":"2026-03-16T10:28:31","modified_gmt":"2026-03-16T10:28:31","slug":"par-aztex","status":"publish","type":"page","link":"https:\/\/aztex.ee\/lv\/par-aztex\/","title":{"rendered":"Par AZTEX"},"content":{"rendered":"\n<p class=\"wp-block-wd-paragraph wd-5328b64e\"><strong>AZTEX<\/strong> ir starptautisks <strong>m\u0101jas tekstila z\u012bmols<\/strong>, kas pied\u0101v\u0101 augstas kvalit\u0101tes gultas ve\u013cu un tekstila izstr\u0101d\u0101jumus klientiem vis\u0101 pasaul\u0113. Z\u012bmols darbojas uz\u0146\u0113muma <strong>AZTEX Eesti O\u00dc<\/strong> ietvaros, kas ir <strong>Minu Baltic O\u00dc<\/strong> meitasuz\u0146\u0113mums. AZTEX dibin\u0101t\u0101js ir uz\u0146\u0113m\u0113js <strong>Farids Ismajilovs (Farid Ismayilov)<\/strong>.<\/p>\n\n\n\n<p class=\"wp-block-wd-paragraph wd-3a809d8a\">M\u016bsu m\u0113r\u0137is ir nodro\u0161in\u0101t kvalitat\u012bvus un uzticamus m\u0101jas tekstila izstr\u0101d\u0101jumus, kas pal\u012bdz rad\u012bt <strong>\u0113rtu un vesel\u012bgu m\u0101jas vidi<\/strong>. M\u0113s ticam, ka labs miegs un m\u0101j\u012bgums s\u0101kas ar izciliem materi\u0101liem un r\u016bp\u012bgi izv\u0113l\u0113tiem produktiem.<\/p>\n\n\n\n<p class=\"wp-block-wd-paragraph wd-1352c412\">\u0160obr\u012bd AZTEX p\u0101rdod savu produkciju <strong>vair\u0101k nek\u0101 35 valst\u012bs<\/strong> vis\u0101 pasaul\u0113, tostarp: <strong>Latvij\u0101, Igaunij\u0101, Zviedrij\u0101, D\u0101nij\u0101, Norv\u0113\u0123ij\u0101, Somij\u0101, Polij\u0101, \u010cehij\u0101, Ung\u0101rij\u0101, N\u012bderland\u0113, Slov\u0101kij\u0101, V\u0101cij\u0101, Austrij\u0101, \u0160veic\u0113, Island\u0113, F\u0113ru sal\u0101s, Lietuv\u0101, Kosov\u0101, Bulg\u0101rij\u0101, Rum\u0101nij\u0101, Francij\u0101, Apvienotaj\u0101 Karalist\u0113, Slov\u0113nij\u0101, Zieme\u013cma\u0137edonij\u0101, Horv\u0101tij\u0101, It\u0101lij\u0101, Sp\u0101nij\u0101, Bosnij\u0101 un Hercegovin\u0101, Serbij\u0101, Melnkaln\u0113, Grie\u0137ij\u0101, Alb\u0101nij\u0101, Malt\u0101, Portug\u0101l\u0113, \u012arij\u0101, Amerikas Savienotaj\u0101s Valst\u012bs, Kan\u0101d\u0101 un Meksik\u0101.<\/strong><\/p>\n\n\n\n<p class=\"wp-block-wd-paragraph wd-da44f432\">AZTEX uzman\u012bbas centr\u0101 ir kvalit\u0101te, komforts un dabiski materi\u0101li. M\u016bsu produktu kl\u0101st\u0101 ir r\u016bp\u012bgi atlas\u012bti audumi, piem\u0113ram, <strong>kokvilna, lins, bambuss, Tencel (Lyocell), ka\u0146epes un z\u012bds.<\/strong> \u0160ie materi\u0101li ir elpojo\u0161i, \u0101dai draudz\u012bgi un iztur\u012bgi, nodro\u0161inot \u0113rtu un augstas kvalit\u0101tes miega pieredzi.<\/p>\n\n\n\n<p class=\"wp-block-wd-paragraph wd-a73b0602\">Mums ir b\u016btiski, lai m\u0101jas tekstils b\u016btu ne tikai praktisks, bet ar\u012b est\u0113tisks un ilgm\u016b\u017e\u012bgs. T\u0101p\u0113c m\u0113s piev\u0113r\u0161am lielu uzman\u012bbu gan materi\u0101lu kvalit\u0101tei, gan m\u016bsu produktu dizainam.<\/p>\n\n\n\n<h3 class=\"wp-block-wd-title title wd-e6db225f\"><strong>K\u0101p\u0113c klienti mums uzticas?<\/strong><\/h3>\n\n\n\n<p class=\"wp-block-wd-paragraph wd-7c7e2b6a\"><strong>Augstas kvalit\u0101tes materi\u0101li<\/strong> M\u0113s izv\u0113lamies savus produktus ar lielu r\u016bp\u012bbu, lai garant\u0113tu to iztur\u012bbu un komfortu.<\/p>\n\n\n\n<p class=\"wp-block-wd-paragraph wd-b364f975\"><strong>Starptautiska pieredze<\/strong> M\u0113s apkalpojam klientus vis\u0101 pasaul\u0113 un pied\u0101v\u0101jam atbalstu <strong>19 da\u017e\u0101d\u0101s valod\u0101s<\/strong>.<\/p>\n\n\n\n<p class=\"wp-block-wd-paragraph wd-8c3f0e5e\"><strong>Klientu apmierin\u0101t\u012bba<\/strong> M\u016bsu <strong><a href=\"https:\/\/www.trustpilot.com\/review\/aztex.ee\" type=\"link\" id=\"https:\/\/www.trustpilot.com\/review\/aztex.ee\" target=\"_blank\" rel=\"noreferrer noopener\">4.8 \/ 5 v\u0113rt\u0113jums Trustpilot<\/a><\/strong> platform\u0101 apliecina, ka m\u016bsu klienti augstu v\u0113rt\u0113 m\u016bsu produktu kvalit\u0101ti un sniegto servisu.<\/p>\n\n\n\n<p class=\"wp-block-wd-paragraph wd-67d19175\">Paldies, ka izv\u0113l\u0113j\u0101ties <strong>AZTEX<\/strong> sav\u0101m m\u0101j\u0101m. M\u016bsu misija ir sniegt uzticamu un kvalitat\u012bvu izv\u0113li m\u0101jas tekstila pasaul\u0113.<\/p>\n","protected":false},"excerpt":{"rendered":"","protected":false},"author":1,"featured_media":0,"parent":0,"menu_order":0,"comment_status":"closed","ping_status":"closed","template":"","meta":{"footnotes":""},"class_list":["post-107158","page","type-page","status-publish","hentry"],"yoast_head":"<!-- This site is optimized with the Yoast SEO plugin v27.6 - https:\/\/yoast.com\/product\/yoast-seo-wordpress\/ -->\n<title>Par AZTEX | Kvalitat\u012bvs m\u0101jas tekstils un gultas ve\u013ca<\/title>\n<meta name=\"description\" content=\"AZTEX ir starptautisks m\u0101jas tekstila z\u012bmols, kas pied\u0101v\u0101 augstas kvalit\u0101tes gultas ve\u013cu un tekstila izstr\u0101d\u0101jumus klientiem vis\u0101 pasaul\u0113. Z\u012bmols darbojas uz\u0146\u0113muma AZTEX Eesti O\u00dc ietvaros, kas ir Minu Baltic O\u00dc meitasuz\u0146\u0113mums. AZTEX dibin\u0101t\u0101js ir uz\u0146\u0113m\u0113js Farids Ismajilovs (Farid Ismayilov).\" \/>\n<meta name=\"robots\" content=\"index, follow, max-snippet:-1, max-image-preview:large, max-video-preview:-1\" \/>\n<link rel=\"canonical\" href=\"https:\/\/aztex.ee\/lv\/par-aztex\/\" \/>\n<meta property=\"og:locale\" content=\"lv_LV\" \/>\n<meta property=\"og:type\" content=\"article\" \/>\n<meta property=\"og:title\" content=\"Par AZTEX | Kvalitat\u012bvs m\u0101jas tekstils un gultas ve\u013ca\" \/>\n<meta property=\"og:description\" content=\"AZTEX ir starptautisks m\u0101jas tekstila z\u012bmols, kas pied\u0101v\u0101 augstas kvalit\u0101tes gultas ve\u013cu un tekstila izstr\u0101d\u0101jumus klientiem vis\u0101 pasaul\u0113. Z\u012bmols darbojas uz\u0146\u0113muma AZTEX Eesti O\u00dc ietvaros, kas ir Minu Baltic O\u00dc meitasuz\u0146\u0113mums. AZTEX dibin\u0101t\u0101js ir uz\u0146\u0113m\u0113js Farids Ismajilovs (Farid Ismayilov).\" \/>\n<meta property=\"og:url\" content=\"https:\/\/aztex.ee\/lv\/par-aztex\/\" \/>\n<meta property=\"og:site_name\" content=\"AZTEX\" \/>\n<meta property=\"article:publisher\" content=\"https:\/\/www.facebook.com\/AztexEE\" \/>\n<meta property=\"article:modified_time\" content=\"2026-03-16T10:28:31+00:00\" \/>\n<meta name=\"twitter:card\" content=\"summary_large_image\" \/>\n<meta name=\"twitter:label1\" content=\"Est. reading time\" \/>\n\t<meta name=\"twitter:data1\" content=\"2 minutes\" \/>\n<script type=\"application\/ld+json\" class=\"yoast-schema-graph\">{\"@context\":\"https:\\\/\\\/schema.org\",\"@graph\":[{\"@type\":\"WebPage\",\"@id\":\"https:\\\/\\\/aztex.ee\\\/lv\\\/par-aztex\\\/\",\"url\":\"https:\\\/\\\/aztex.ee\\\/lv\\\/par-aztex\\\/\",\"name\":\"Par AZTEX | Kvalitat\u012bvs m\u0101jas tekstils un gultas ve\u013ca\",\"isPartOf\":{\"@id\":\"https:\\\/\\\/aztex.ee\\\/lv\\\/#website\"},\"datePublished\":\"2026-03-16T07:17:40+00:00\",\"dateModified\":\"2026-03-16T10:28:31+00:00\",\"description\":\"AZTEX ir starptautisks m\u0101jas tekstila z\u012bmols, kas pied\u0101v\u0101 augstas kvalit\u0101tes gultas ve\u013cu un tekstila izstr\u0101d\u0101jumus klientiem vis\u0101 pasaul\u0113. Z\u012bmols darbojas uz\u0146\u0113muma AZTEX Eesti O\u00dc ietvaros, kas ir Minu Baltic O\u00dc meitasuz\u0146\u0113mums. AZTEX dibin\u0101t\u0101js ir uz\u0146\u0113m\u0113js Farids Ismajilovs (Farid Ismayilov).\",\"breadcrumb\":{\"@id\":\"https:\\\/\\\/aztex.ee\\\/lv\\\/par-aztex\\\/#breadcrumb\"},\"inLanguage\":\"lv-LV\",\"potentialAction\":[{\"@type\":\"ReadAction\",\"target\":[\"https:\\\/\\\/aztex.ee\\\/lv\\\/par-aztex\\\/\"]}]},{\"@type\":\"BreadcrumbList\",\"@id\":\"https:\\\/\\\/aztex.ee\\\/lv\\\/par-aztex\\\/#breadcrumb\",\"itemListElement\":[{\"@type\":\"ListItem\",\"position\":1,\"name\":\"S\u0101kums\",\"item\":\"https:\\\/\\\/aztex.ee\\\/lv\\\/\"},{\"@type\":\"ListItem\",\"position\":2,\"name\":\"Par AZTEX\"}]},{\"@type\":\"WebSite\",\"@id\":\"https:\\\/\\\/aztex.ee\\\/lv\\\/#website\",\"url\":\"https:\\\/\\\/aztex.ee\\\/lv\\\/\",\"name\":\"AZTEX\",\"description\":\"\",\"publisher\":{\"@id\":\"https:\\\/\\\/aztex.ee\\\/lv\\\/#organization\"},\"potentialAction\":[{\"@type\":\"SearchAction\",\"target\":{\"@type\":\"EntryPoint\",\"urlTemplate\":\"https:\\\/\\\/aztex.ee\\\/lv\\\/?s={search_term_string}\"},\"query-input\":{\"@type\":\"PropertyValueSpecification\",\"valueRequired\":true,\"valueName\":\"search_term_string\"}}],\"inLanguage\":\"lv-LV\"},{\"@type\":\"Organization\",\"@id\":\"https:\\\/\\\/aztex.ee\\\/lv\\\/#organization\",\"name\":\"AZTEX\",\"url\":\"https:\\\/\\\/aztex.ee\\\/lv\\\/\",\"logo\":{\"@type\":\"ImageObject\",\"inLanguage\":\"lv-LV\",\"@id\":\"https:\\\/\\\/aztex.ee\\\/lv\\\/#\\\/schema\\\/logo\\\/image\\\/\",\"url\":\"https:\\\/\\\/aztex.ee\\\/wp-content\\\/uploads\\\/2026\\\/01\\\/AZTEX.png\",\"contentUrl\":\"https:\\\/\\\/aztex.ee\\\/wp-content\\\/uploads\\\/2026\\\/01\\\/AZTEX.png\",\"width\":500,\"height\":500,\"caption\":\"AZTEX\"},\"image\":{\"@id\":\"https:\\\/\\\/aztex.ee\\\/lv\\\/#\\\/schema\\\/logo\\\/image\\\/\"},\"sameAs\":[\"https:\\\/\\\/www.facebook.com\\\/AztexEE\",\"https:\\\/\\\/www.instagram.com\\\/aztexeesti\\\/\",\"https:\\\/\\\/www.youtube.com\\\/@AZTEXEE\",\"https:\\\/\\\/www.pinterest.com\\\/aztex_eesti\\\/\",\"https:\\\/\\\/www.tiktok.com\\\/@aztexeesti\",\"https:\\\/\\\/www.trustpilot.com\\\/review\\\/aztex.ee\",\"https:\\\/\\\/www.linkedin.com\\\/company\\\/aztex-ee\\\/\",\"https:\\\/\\\/www.wikidata.org\\\/wiki\\\/Q137560182\"]}]}<\/script>\n<!-- \/ Yoast SEO plugin. -->","yoast_head_json":{"title":"Par AZTEX | Kvalitat\u012bvs m\u0101jas tekstils un gultas ve\u013ca","description":"AZTEX ir starptautisks m\u0101jas tekstila z\u012bmols, kas pied\u0101v\u0101 augstas kvalit\u0101tes gultas ve\u013cu un tekstila izstr\u0101d\u0101jumus klientiem vis\u0101 pasaul\u0113. Z\u012bmols darbojas uz\u0146\u0113muma AZTEX Eesti O\u00dc ietvaros, kas ir Minu Baltic O\u00dc meitasuz\u0146\u0113mums. AZTEX dibin\u0101t\u0101js ir uz\u0146\u0113m\u0113js Farids Ismajilovs (Farid Ismayilov).","robots":{"index":"index","follow":"follow","max-snippet":"max-snippet:-1","max-image-preview":"max-image-preview:large","max-video-preview":"max-video-preview:-1"},"canonical":"https:\/\/aztex.ee\/lv\/par-aztex\/","og_locale":"lv_LV","og_type":"article","og_title":"Par AZTEX | Kvalitat\u012bvs m\u0101jas tekstils un gultas ve\u013ca","og_description":"AZTEX ir starptautisks m\u0101jas tekstila z\u012bmols, kas pied\u0101v\u0101 augstas kvalit\u0101tes gultas ve\u013cu un tekstila izstr\u0101d\u0101jumus klientiem vis\u0101 pasaul\u0113. Z\u012bmols darbojas uz\u0146\u0113muma AZTEX Eesti O\u00dc ietvaros, kas ir Minu Baltic O\u00dc meitasuz\u0146\u0113mums. AZTEX dibin\u0101t\u0101js ir uz\u0146\u0113m\u0113js Farids Ismajilovs (Farid Ismayilov).","og_url":"https:\/\/aztex.ee\/lv\/par-aztex\/","og_site_name":"AZTEX","article_publisher":"https:\/\/www.facebook.com\/AztexEE","article_modified_time":"2026-03-16T10:28:31+00:00","twitter_card":"summary_large_image","twitter_misc":{"Est. reading time":"2 minutes"},"schema":{"@context":"https:\/\/schema.org","@graph":[{"@type":"WebPage","@id":"https:\/\/aztex.ee\/lv\/par-aztex\/","url":"https:\/\/aztex.ee\/lv\/par-aztex\/","name":"Par AZTEX | Kvalitat\u012bvs m\u0101jas tekstils un gultas ve\u013ca","isPartOf":{"@id":"https:\/\/aztex.ee\/lv\/#website"},"datePublished":"2026-03-16T07:17:40+00:00","dateModified":"2026-03-16T10:28:31+00:00","description":"AZTEX ir starptautisks m\u0101jas tekstila z\u012bmols, kas pied\u0101v\u0101 augstas kvalit\u0101tes gultas ve\u013cu un tekstila izstr\u0101d\u0101jumus klientiem vis\u0101 pasaul\u0113. Z\u012bmols darbojas uz\u0146\u0113muma AZTEX Eesti O\u00dc ietvaros, kas ir Minu Baltic O\u00dc meitasuz\u0146\u0113mums. AZTEX dibin\u0101t\u0101js ir uz\u0146\u0113m\u0113js Farids Ismajilovs (Farid Ismayilov).","breadcrumb":{"@id":"https:\/\/aztex.ee\/lv\/par-aztex\/#breadcrumb"},"inLanguage":"lv-LV","potentialAction":[{"@type":"ReadAction","target":["https:\/\/aztex.ee\/lv\/par-aztex\/"]}]},{"@type":"BreadcrumbList","@id":"https:\/\/aztex.ee\/lv\/par-aztex\/#breadcrumb","itemListElement":[{"@type":"ListItem","position":1,"name":"S\u0101kums","item":"https:\/\/aztex.ee\/lv\/"},{"@type":"ListItem","position":2,"name":"Par AZTEX"}]},{"@type":"WebSite","@id":"https:\/\/aztex.ee\/lv\/#website","url":"https:\/\/aztex.ee\/lv\/","name":"AZTEX","description":"","publisher":{"@id":"https:\/\/aztex.ee\/lv\/#organization"},"potentialAction":[{"@type":"SearchAction","target":{"@type":"EntryPoint","urlTemplate":"https:\/\/aztex.ee\/lv\/?s={search_term_string}"},"query-input":{"@type":"PropertyValueSpecification","valueRequired":true,"valueName":"search_term_string"}}],"inLanguage":"lv-LV"},{"@type":"Organization","@id":"https:\/\/aztex.ee\/lv\/#organization","name":"AZTEX","url":"https:\/\/aztex.ee\/lv\/","logo":{"@type":"ImageObject","inLanguage":"lv-LV","@id":"https:\/\/aztex.ee\/lv\/#\/schema\/logo\/image\/","url":"https:\/\/aztex.ee\/wp-content\/uploads\/2026\/01\/AZTEX.png","contentUrl":"https:\/\/aztex.ee\/wp-content\/uploads\/2026\/01\/AZTEX.png","width":500,"height":500,"caption":"AZTEX"},"image":{"@id":"https:\/\/aztex.ee\/lv\/#\/schema\/logo\/image\/"},"sameAs":["https:\/\/www.facebook.com\/AztexEE","https:\/\/www.instagram.com\/aztexeesti\/","https:\/\/www.youtube.com\/@AZTEXEE","https:\/\/www.pinterest.com\/aztex_eesti\/","https:\/\/www.tiktok.com\/@aztexeesti","https:\/\/www.trustpilot.com\/review\/aztex.ee","https:\/\/www.linkedin.com\/company\/aztex-ee\/","https:\/\/www.wikidata.org\/wiki\/Q137560182"]}]}},"_links":{"self":[{"href":"https:\/\/aztex.ee\/lv\/wp-json\/wp\/v2\/pages\/107158","targetHints":{"allow":["GET"]}}],"collection":[{"href":"https:\/\/aztex.ee\/lv\/wp-json\/wp\/v2\/pages"}],"about":[{"href":"https:\/\/aztex.ee\/lv\/wp-json\/wp\/v2\/types\/page"}],"author":[{"embeddable":true,"href":"https:\/\/aztex.ee\/lv\/wp-json\/wp\/v2\/users\/1"}],"replies":[{"embeddable":true,"href":"https:\/\/aztex.ee\/lv\/wp-json\/wp\/v2\/comments?post=107158"}],"version-history":[{"count":4,"href":"https:\/\/aztex.ee\/lv\/wp-json\/wp\/v2\/pages\/107158\/revisions"}],"predecessor-version":[{"id":107219,"href":"https:\/\/aztex.ee\/lv\/wp-json\/wp\/v2\/pages\/107158\/revisions\/107219"}],"wp:attachment":[{"href":"https:\/\/aztex.ee\/lv\/wp-json\/wp\/v2\/media?parent=107158"}],"curies":[{"name":"wp","href":"https:\/\/api.w.org\/{rel}","templated":true}]}}