{"id":91838,"date":"2025-08-17T11:03:58","date_gmt":"2025-08-17T11:03:58","guid":{"rendered":"https:\/\/aztex.ee\/?post_type=product&#038;p=91838"},"modified":"2026-04-02T14:07:23","modified_gmt":"2026-04-02T14:07:23","slug":"kanapiu-pluosto-pagalves-uzvalkalas-pilka","status":"publish","type":"product","link":"https:\/\/aztex.ee\/lt\/pood\/kanapiu-pagalviu-uzvalkalai\/kanapiu-pluosto-pagalves-uzvalkalas-pilka\/","title":{"rendered":"Kanapi\u0173 pluo\u0161to pagalv\u0117s u\u017evalkalas | Pilka"},"content":{"rendered":"<p>D\u0117l kanapi\u0173 nat\u016bralumo kanapi\u0173 pagalv\u0117s u\u017evalkalas kiekvienam miegamajam suteikia prabangos ir \u0161iuolaiki\u0161kumo. \u0160i med\u017eiaga suteikia pagalv\u0117s u\u017evalkalui patvarumo ir ilgaam\u017ei\u0161kumo, tod\u0117l tai puikus pasirinkimas m\u0117gstantiems ekologi\u0161k\u0105 gyvenimo b\u016bd\u0105.<\/p>\n<p>Kanapi\u0173 pagalv\u0117s u\u017evalkalo naudojimas palaiko ger\u0105 mieg\u0105 ir pagerina bendr\u0105 savijaut\u0105. D\u0117l antibakterini\u0173 ir alergi\u0161k\u0173 kanapi\u0173 savybi\u0173 jos yra idealus pasirinkimas alergi\u0161kiems ir astma sergantiems \u017emon\u0117ms, nes kanap\u0117s atbaido bakterijas ir ilgiau i\u0161laiko pagalv\u0117s u\u017evalkal\u0105 \u0161var\u0173.<\/p>\n","protected":false},"excerpt":{"rendered":"<p>Kanapi\u0173 pagalv\u0117s u\u017evalkalas yra patvarus, kv\u0117puojantis ir odai nekenksmingas pasirinkimas patogiam miegui.<\/p>\n<ul>\n<li>Spalva: Pilka<\/li>\n<li>Med\u017eiaga: 100% Kanap\u0117s, 180 g\/m2<\/li>\n<\/ul>\n<p><img loading=\"lazy\" decoding=\"async\" class=\"alignnone size-full wp-image-20226\" src=\"https:\/\/aztex.ee\/wp-content\/uploads\/2024\/09\/oekotex100.png\" alt=\"\" width=\"204\" height=\"72\" srcset=\"https:\/\/aztex.ee\/wp-content\/uploads\/2024\/09\/oekotex100.png 204w, https:\/\/aztex.ee\/wp-content\/uploads\/2024\/09\/oekotex100-150x53.png 150w\" sizes=\"auto, (max-width: 204px) 100vw, 204px\" \/><img loading=\"lazy\" decoding=\"async\" class=\"alignnone wp-image-20896\" src=\"https:\/\/aztex.ee\/wp-content\/uploads\/2024\/09\/NATURALHEMP.png\" alt=\"\" width=\"79\" height=\"79\" srcset=\"https:\/\/aztex.ee\/wp-content\/uploads\/2024\/09\/NATURALHEMP.png 300w, https:\/\/aztex.ee\/wp-content\/uploads\/2024\/09\/NATURALHEMP-150x150.png 150w\" sizes=\"auto, (max-width: 79px) 100vw, 79px\" \/><\/p>\n","protected":false},"featured_media":91993,"comment_status":"open","ping_status":"closed","template":"","meta":[],"product_brand":[],"product_cat":[465,1780],"product_tag":[],"class_list":{"0":"post-91838","1":"product","2":"type-product","3":"status-publish","4":"has-post-thumbnail","6":"product_cat-kanapiu-pagalviu-uzvalkalai","7":"product_cat-pagalviu-uzvalkalai","9":"first","10":"instock","11":"shipping-taxable","12":"purchasable","13":"product-type-variable"},"yoast_head":"<!-- This site is optimized with the Yoast SEO plugin v27.3 - https:\/\/yoast.com\/product\/yoast-seo-wordpress\/ -->\n<title>Nat\u016bralaus kanapi\u0173 pagalv\u0117s u\u017evalkalas - Pilka | AZTEX<\/title>\n<meta name=\"description\" content=\"Kanapi\u0173 pagalv\u0117s u\u017evalkalas sukuria nat\u016bral\u0173, kv\u0117puojant\u012f ir antibakterin\u012f komfort\u0105. Ekologi\u0161kas ir patvarus pagalv\u0117s u\u017evalkalas leid\u017eia m\u0117gautis giliu, ramiu ir atpalaiduojan\u010diu miegu kiekvien\u0105 nakt\u012f.\" \/>\n<meta name=\"robots\" content=\"index, follow, max-snippet:-1, max-image-preview:large, max-video-preview:-1\" \/>\n<link rel=\"canonical\" href=\"https:\/\/aztex.ee\/lt\/pood\/kanapiu-pagalviu-uzvalkalai\/kanapiu-pluosto-pagalves-uzvalkalas-pilka\/\" \/>\n<meta property=\"og:locale\" content=\"lt_LT\" \/>\n<meta property=\"og:type\" content=\"article\" \/>\n<meta property=\"og:title\" content=\"Nat\u016bralaus kanapi\u0173 pagalv\u0117s u\u017evalkalas - Pilka | AZTEX\" \/>\n<meta property=\"og:description\" content=\"Kanapi\u0173 pagalv\u0117s u\u017evalkalas sukuria nat\u016bral\u0173, kv\u0117puojant\u012f ir antibakterin\u012f komfort\u0105. Ekologi\u0161kas ir patvarus pagalv\u0117s u\u017evalkalas leid\u017eia m\u0117gautis giliu, ramiu ir atpalaiduojan\u010diu miegu kiekvien\u0105 nakt\u012f.\" \/>\n<meta property=\"og:url\" content=\"https:\/\/aztex.ee\/lt\/pood\/kanapiu-pagalviu-uzvalkalai\/kanapiu-pluosto-pagalves-uzvalkalas-pilka\/\" \/>\n<meta property=\"og:site_name\" content=\"AZTEX\" \/>\n<meta property=\"article:publisher\" content=\"https:\/\/www.facebook.com\/AztexEE\" \/>\n<meta property=\"article:modified_time\" content=\"2026-04-02T14:07:23+00:00\" \/>\n<meta property=\"og:image\" content=\"https:\/\/aztex.ee\/wp-content\/uploads\/2025\/08\/Kanepist-padjapuur-Hall.jpg\" \/>\n\t<meta property=\"og:image:width\" content=\"800\" \/>\n\t<meta property=\"og:image:height\" content=\"800\" \/>\n\t<meta property=\"og:image:type\" content=\"image\/jpeg\" \/>\n<meta name=\"twitter:card\" content=\"summary_large_image\" \/>\n<meta name=\"twitter:label1\" content=\"Est. reading time\" \/>\n\t<meta name=\"twitter:data1\" content=\"1 minut\u0117\" \/>\n<script type=\"application\/ld+json\" class=\"yoast-schema-graph\">{\"@context\":\"https:\\\/\\\/schema.org\",\"@graph\":[{\"@type\":[\"WebPage\",\"ItemPage\"],\"@id\":\"https:\\\/\\\/aztex.ee\\\/lt\\\/pood\\\/kanapiu-pagalviu-uzvalkalai\\\/kanapiu-pluosto-pagalves-uzvalkalas-pilka\\\/\",\"url\":\"https:\\\/\\\/aztex.ee\\\/lt\\\/pood\\\/kanapiu-pagalviu-uzvalkalai\\\/kanapiu-pluosto-pagalves-uzvalkalas-pilka\\\/\",\"name\":\"Nat\u016bralaus kanapi\u0173 pagalv\u0117s u\u017evalkalas - Pilka | AZTEX\",\"isPartOf\":{\"@id\":\"https:\\\/\\\/aztex.ee\\\/lt\\\/#website\"},\"primaryImageOfPage\":{\"@id\":\"https:\\\/\\\/aztex.ee\\\/lt\\\/pood\\\/kanapiu-pagalviu-uzvalkalai\\\/kanapiu-pluosto-pagalves-uzvalkalas-pilka\\\/#primaryimage\"},\"image\":{\"@id\":\"https:\\\/\\\/aztex.ee\\\/lt\\\/pood\\\/kanapiu-pagalviu-uzvalkalai\\\/kanapiu-pluosto-pagalves-uzvalkalas-pilka\\\/#primaryimage\"},\"thumbnailUrl\":\"https:\\\/\\\/aztex.ee\\\/wp-content\\\/uploads\\\/2025\\\/08\\\/Kanepist-padjapuur-Hall.jpg\",\"datePublished\":\"2025-08-17T11:03:58+00:00\",\"dateModified\":\"2026-04-02T14:07:23+00:00\",\"description\":\"Kanapi\u0173 pagalv\u0117s u\u017evalkalas sukuria nat\u016bral\u0173, kv\u0117puojant\u012f ir antibakterin\u012f komfort\u0105. Ekologi\u0161kas ir patvarus pagalv\u0117s u\u017evalkalas leid\u017eia m\u0117gautis giliu, ramiu ir atpalaiduojan\u010diu miegu kiekvien\u0105 nakt\u012f.\",\"breadcrumb\":{\"@id\":\"https:\\\/\\\/aztex.ee\\\/lt\\\/pood\\\/kanapiu-pagalviu-uzvalkalai\\\/kanapiu-pluosto-pagalves-uzvalkalas-pilka\\\/#breadcrumb\"},\"inLanguage\":\"lt-LT\",\"potentialAction\":[{\"@type\":\"ReadAction\",\"target\":[\"https:\\\/\\\/aztex.ee\\\/lt\\\/pood\\\/kanapiu-pagalviu-uzvalkalai\\\/kanapiu-pluosto-pagalves-uzvalkalas-pilka\\\/\"]}]},{\"@type\":\"ImageObject\",\"inLanguage\":\"lt-LT\",\"@id\":\"https:\\\/\\\/aztex.ee\\\/lt\\\/pood\\\/kanapiu-pagalviu-uzvalkalai\\\/kanapiu-pluosto-pagalves-uzvalkalas-pilka\\\/#primaryimage\",\"url\":\"https:\\\/\\\/aztex.ee\\\/wp-content\\\/uploads\\\/2025\\\/08\\\/Kanepist-padjapuur-Hall.jpg\",\"contentUrl\":\"https:\\\/\\\/aztex.ee\\\/wp-content\\\/uploads\\\/2025\\\/08\\\/Kanepist-padjapuur-Hall.jpg\",\"width\":800,\"height\":800,\"caption\":\"Kanepist padjap\u00fc\u00fcr Hall\"},{\"@type\":\"BreadcrumbList\",\"@id\":\"https:\\\/\\\/aztex.ee\\\/lt\\\/pood\\\/kanapiu-pagalviu-uzvalkalai\\\/kanapiu-pluosto-pagalves-uzvalkalas-pilka\\\/#breadcrumb\",\"itemListElement\":[{\"@type\":\"ListItem\",\"position\":1,\"name\":\"Prad\u017eia\",\"item\":\"https:\\\/\\\/aztex.ee\\\/lt\\\/\"},{\"@type\":\"ListItem\",\"position\":2,\"name\":\"Parduotuv\u0117\",\"item\":\"https:\\\/\\\/aztex.ee\\\/lt\\\/parduotuve\\\/\"},{\"@type\":\"ListItem\",\"position\":3,\"name\":\"Kanapi\u0173 pluo\u0161to pagalv\u0117s u\u017evalkalas | Pilka\"}]},{\"@type\":\"WebSite\",\"@id\":\"https:\\\/\\\/aztex.ee\\\/lt\\\/#website\",\"url\":\"https:\\\/\\\/aztex.ee\\\/lt\\\/\",\"name\":\"AZTEX\",\"description\":\"\",\"publisher\":{\"@id\":\"https:\\\/\\\/aztex.ee\\\/lt\\\/#organization\"},\"potentialAction\":[{\"@type\":\"SearchAction\",\"target\":{\"@type\":\"EntryPoint\",\"urlTemplate\":\"https:\\\/\\\/aztex.ee\\\/lt\\\/?s={search_term_string}\"},\"query-input\":{\"@type\":\"PropertyValueSpecification\",\"valueRequired\":true,\"valueName\":\"search_term_string\"}}],\"inLanguage\":\"lt-LT\"},{\"@type\":\"Organization\",\"@id\":\"https:\\\/\\\/aztex.ee\\\/lt\\\/#organization\",\"name\":\"AZTEX\",\"url\":\"https:\\\/\\\/aztex.ee\\\/lt\\\/\",\"logo\":{\"@type\":\"ImageObject\",\"inLanguage\":\"lt-LT\",\"@id\":\"https:\\\/\\\/aztex.ee\\\/lt\\\/#\\\/schema\\\/logo\\\/image\\\/\",\"url\":\"https:\\\/\\\/aztex.ee\\\/wp-content\\\/uploads\\\/2026\\\/01\\\/AZTEX.png\",\"contentUrl\":\"https:\\\/\\\/aztex.ee\\\/wp-content\\\/uploads\\\/2026\\\/01\\\/AZTEX.png\",\"width\":500,\"height\":500,\"caption\":\"AZTEX\"},\"image\":{\"@id\":\"https:\\\/\\\/aztex.ee\\\/lt\\\/#\\\/schema\\\/logo\\\/image\\\/\"},\"sameAs\":[\"https:\\\/\\\/www.facebook.com\\\/AztexEE\",\"https:\\\/\\\/www.instagram.com\\\/aztexeesti\\\/\",\"https:\\\/\\\/www.youtube.com\\\/@AZTEXEE\",\"https:\\\/\\\/www.pinterest.com\\\/aztex_eesti\\\/\",\"https:\\\/\\\/www.tiktok.com\\\/@aztexeesti\",\"https:\\\/\\\/www.trustpilot.com\\\/review\\\/aztex.ee\",\"https:\\\/\\\/www.linkedin.com\\\/company\\\/aztex-ee\\\/\",\"https:\\\/\\\/www.wikidata.org\\\/wiki\\\/Q137560182\"]}]}<\/script>\n<!-- \/ Yoast SEO plugin. -->","yoast_head_json":{"title":"Nat\u016bralaus kanapi\u0173 pagalv\u0117s u\u017evalkalas - Pilka | AZTEX","description":"Kanapi\u0173 pagalv\u0117s u\u017evalkalas sukuria nat\u016bral\u0173, kv\u0117puojant\u012f ir antibakterin\u012f komfort\u0105. Ekologi\u0161kas ir patvarus pagalv\u0117s u\u017evalkalas leid\u017eia m\u0117gautis giliu, ramiu ir atpalaiduojan\u010diu miegu kiekvien\u0105 nakt\u012f.","robots":{"index":"index","follow":"follow","max-snippet":"max-snippet:-1","max-image-preview":"max-image-preview:large","max-video-preview":"max-video-preview:-1"},"canonical":"https:\/\/aztex.ee\/lt\/pood\/kanapiu-pagalviu-uzvalkalai\/kanapiu-pluosto-pagalves-uzvalkalas-pilka\/","og_locale":"lt_LT","og_type":"article","og_title":"Nat\u016bralaus kanapi\u0173 pagalv\u0117s u\u017evalkalas - Pilka | AZTEX","og_description":"Kanapi\u0173 pagalv\u0117s u\u017evalkalas sukuria nat\u016bral\u0173, kv\u0117puojant\u012f ir antibakterin\u012f komfort\u0105. Ekologi\u0161kas ir patvarus pagalv\u0117s u\u017evalkalas leid\u017eia m\u0117gautis giliu, ramiu ir atpalaiduojan\u010diu miegu kiekvien\u0105 nakt\u012f.","og_url":"https:\/\/aztex.ee\/lt\/pood\/kanapiu-pagalviu-uzvalkalai\/kanapiu-pluosto-pagalves-uzvalkalas-pilka\/","og_site_name":"AZTEX","article_publisher":"https:\/\/www.facebook.com\/AztexEE","article_modified_time":"2026-04-02T14:07:23+00:00","og_image":[{"width":800,"height":800,"url":"https:\/\/aztex.ee\/wp-content\/uploads\/2025\/08\/Kanepist-padjapuur-Hall.jpg","type":"image\/jpeg"}],"twitter_card":"summary_large_image","twitter_misc":{"Est. reading time":"1 minut\u0117"},"schema":{"@context":"https:\/\/schema.org","@graph":[{"@type":["WebPage","ItemPage"],"@id":"https:\/\/aztex.ee\/lt\/pood\/kanapiu-pagalviu-uzvalkalai\/kanapiu-pluosto-pagalves-uzvalkalas-pilka\/","url":"https:\/\/aztex.ee\/lt\/pood\/kanapiu-pagalviu-uzvalkalai\/kanapiu-pluosto-pagalves-uzvalkalas-pilka\/","name":"Nat\u016bralaus kanapi\u0173 pagalv\u0117s u\u017evalkalas - Pilka | AZTEX","isPartOf":{"@id":"https:\/\/aztex.ee\/lt\/#website"},"primaryImageOfPage":{"@id":"https:\/\/aztex.ee\/lt\/pood\/kanapiu-pagalviu-uzvalkalai\/kanapiu-pluosto-pagalves-uzvalkalas-pilka\/#primaryimage"},"image":{"@id":"https:\/\/aztex.ee\/lt\/pood\/kanapiu-pagalviu-uzvalkalai\/kanapiu-pluosto-pagalves-uzvalkalas-pilka\/#primaryimage"},"thumbnailUrl":"https:\/\/aztex.ee\/wp-content\/uploads\/2025\/08\/Kanepist-padjapuur-Hall.jpg","datePublished":"2025-08-17T11:03:58+00:00","dateModified":"2026-04-02T14:07:23+00:00","description":"Kanapi\u0173 pagalv\u0117s u\u017evalkalas sukuria nat\u016bral\u0173, kv\u0117puojant\u012f ir antibakterin\u012f komfort\u0105. Ekologi\u0161kas ir patvarus pagalv\u0117s u\u017evalkalas leid\u017eia m\u0117gautis giliu, ramiu ir atpalaiduojan\u010diu miegu kiekvien\u0105 nakt\u012f.","breadcrumb":{"@id":"https:\/\/aztex.ee\/lt\/pood\/kanapiu-pagalviu-uzvalkalai\/kanapiu-pluosto-pagalves-uzvalkalas-pilka\/#breadcrumb"},"inLanguage":"lt-LT","potentialAction":[{"@type":"ReadAction","target":["https:\/\/aztex.ee\/lt\/pood\/kanapiu-pagalviu-uzvalkalai\/kanapiu-pluosto-pagalves-uzvalkalas-pilka\/"]}]},{"@type":"ImageObject","inLanguage":"lt-LT","@id":"https:\/\/aztex.ee\/lt\/pood\/kanapiu-pagalviu-uzvalkalai\/kanapiu-pluosto-pagalves-uzvalkalas-pilka\/#primaryimage","url":"https:\/\/aztex.ee\/wp-content\/uploads\/2025\/08\/Kanepist-padjapuur-Hall.jpg","contentUrl":"https:\/\/aztex.ee\/wp-content\/uploads\/2025\/08\/Kanepist-padjapuur-Hall.jpg","width":800,"height":800,"caption":"Kanepist padjap\u00fc\u00fcr Hall"},{"@type":"BreadcrumbList","@id":"https:\/\/aztex.ee\/lt\/pood\/kanapiu-pagalviu-uzvalkalai\/kanapiu-pluosto-pagalves-uzvalkalas-pilka\/#breadcrumb","itemListElement":[{"@type":"ListItem","position":1,"name":"Prad\u017eia","item":"https:\/\/aztex.ee\/lt\/"},{"@type":"ListItem","position":2,"name":"Parduotuv\u0117","item":"https:\/\/aztex.ee\/lt\/parduotuve\/"},{"@type":"ListItem","position":3,"name":"Kanapi\u0173 pluo\u0161to pagalv\u0117s u\u017evalkalas | Pilka"}]},{"@type":"WebSite","@id":"https:\/\/aztex.ee\/lt\/#website","url":"https:\/\/aztex.ee\/lt\/","name":"AZTEX","description":"","publisher":{"@id":"https:\/\/aztex.ee\/lt\/#organization"},"potentialAction":[{"@type":"SearchAction","target":{"@type":"EntryPoint","urlTemplate":"https:\/\/aztex.ee\/lt\/?s={search_term_string}"},"query-input":{"@type":"PropertyValueSpecification","valueRequired":true,"valueName":"search_term_string"}}],"inLanguage":"lt-LT"},{"@type":"Organization","@id":"https:\/\/aztex.ee\/lt\/#organization","name":"AZTEX","url":"https:\/\/aztex.ee\/lt\/","logo":{"@type":"ImageObject","inLanguage":"lt-LT","@id":"https:\/\/aztex.ee\/lt\/#\/schema\/logo\/image\/","url":"https:\/\/aztex.ee\/wp-content\/uploads\/2026\/01\/AZTEX.png","contentUrl":"https:\/\/aztex.ee\/wp-content\/uploads\/2026\/01\/AZTEX.png","width":500,"height":500,"caption":"AZTEX"},"image":{"@id":"https:\/\/aztex.ee\/lt\/#\/schema\/logo\/image\/"},"sameAs":["https:\/\/www.facebook.com\/AztexEE","https:\/\/www.instagram.com\/aztexeesti\/","https:\/\/www.youtube.com\/@AZTEXEE","https:\/\/www.pinterest.com\/aztex_eesti\/","https:\/\/www.tiktok.com\/@aztexeesti","https:\/\/www.trustpilot.com\/review\/aztex.ee","https:\/\/www.linkedin.com\/company\/aztex-ee\/","https:\/\/www.wikidata.org\/wiki\/Q137560182"]}]}},"_links":{"self":[{"href":"https:\/\/aztex.ee\/lt\/wp-json\/wp\/v2\/product\/91838","targetHints":{"allow":["GET"]}}],"collection":[{"href":"https:\/\/aztex.ee\/lt\/wp-json\/wp\/v2\/product"}],"about":[{"href":"https:\/\/aztex.ee\/lt\/wp-json\/wp\/v2\/types\/product"}],"replies":[{"embeddable":true,"href":"https:\/\/aztex.ee\/lt\/wp-json\/wp\/v2\/comments?post=91838"}],"version-history":[{"count":0,"href":"https:\/\/aztex.ee\/lt\/wp-json\/wp\/v2\/product\/91838\/revisions"}],"wp:featuredmedia":[{"embeddable":true,"href":"https:\/\/aztex.ee\/lt\/wp-json\/wp\/v2\/media\/91993"}],"wp:attachment":[{"href":"https:\/\/aztex.ee\/lt\/wp-json\/wp\/v2\/media?parent=91838"}],"wp:term":[{"taxonomy":"product_brand","embeddable":true,"href":"https:\/\/aztex.ee\/lt\/wp-json\/wp\/v2\/product_brand?post=91838"},{"taxonomy":"product_cat","embeddable":true,"href":"https:\/\/aztex.ee\/lt\/wp-json\/wp\/v2\/product_cat?post=91838"},{"taxonomy":"product_tag","embeddable":true,"href":"https:\/\/aztex.ee\/lt\/wp-json\/wp\/v2\/product_tag?post=91838"}],"curies":[{"name":"wp","href":"https:\/\/api.w.org\/{rel}","templated":true}]}}