{"id":91647,"date":"2025-08-16T16:03:53","date_gmt":"2025-08-16T16:03:53","guid":{"rendered":"https:\/\/aztex.ee\/?post_type=product&#038;p=91647"},"modified":"2025-08-16T17:05:30","modified_gmt":"2025-08-16T17:05:30","slug":"paklode-kanapiu-pilka","status":"publish","type":"product","link":"https:\/\/aztex.ee\/lt\/pood\/kanapiu-paklodes\/paklode-kanapiu-pilka\/","title":{"rendered":"Paklod\u0117 kanapi\u0173 | Pilka"},"content":{"rendered":"<p>Kanapi\u0173 paklod\u0117s yra puikus pasirinkimas, derinantis prakti\u0161kum\u0105, ilgaam\u017ei\u0161kum\u0105 ir stili\u0173 bet kuriame miegamajame. Nat\u016brali kanapi\u0173 audinio tekst\u016bra ir neutrali spalva sukuria eleganti\u0161k\u0105 ir kaimi\u0161k\u0105 atmosfer\u0105, kuri papildo \u012fvairius interjero stilius. Be patogumo, kanapi\u0173 patalyn\u0117 taip pat yra nealergi\u0161ka ir antibakterin\u0117, tod\u0117l vis\u0105 nakt\u012f u\u017etikrinamas kv\u0117puojantis ir sveikas miegas.<\/p>\n<p>Kanapi\u0173 patalyn\u0119 lengva pri\u017ei\u016br\u0117ti \u2013 j\u0105 galima skalbti ma\u0161inoje ir i\u0161laiko savo kokyb\u0119 net po daugyb\u0117s skalbim\u0173. Kanapi\u0173 pluo\u0161tas greitai d\u017ei\u016bsta, o tai ideali savyb\u0117 vertinantiems prakti\u0161kum\u0105 ir patogum\u0105. Be to, kanap\u0117s yra aplinkai nekenksminga med\u017eiaga, nes j\u0173 auginimas yra draugi\u0161kas aplinkai ir tvarus, tod\u0117l kanapi\u0173 patalyn\u0117 yra ekologi\u0161kas ir nekenksmingas gamtai pasirinkimas.<\/p>\n","protected":false},"excerpt":{"rendered":"<p>100% kanapi\u0173 paklod\u0117 yra hipoalergi\u0161kas ir antibakterinis.<\/p>\n<ul>\n<li>Spalva: Pilka<\/li>\n<li>Med\u017eiaga: 100% Kanap\u0117s, 180 g\/m2<\/li>\n<li>Dydis: 220\u00d7240 cm<\/li>\n<\/ul>\n<p><img loading=\"lazy\" decoding=\"async\" class=\"alignnone size-full wp-image-20226\" src=\"https:\/\/aztex.ee\/wp-content\/uploads\/2024\/09\/oekotex100.png\" alt=\"\" width=\"204\" height=\"72\" srcset=\"https:\/\/aztex.ee\/wp-content\/uploads\/2024\/09\/oekotex100.png 204w, https:\/\/aztex.ee\/wp-content\/uploads\/2024\/09\/oekotex100-150x53.png 150w\" sizes=\"auto, (max-width: 204px) 100vw, 204px\" \/><img loading=\"lazy\" decoding=\"async\" class=\"alignnone wp-image-20896\" src=\"https:\/\/aztex.ee\/wp-content\/uploads\/2024\/09\/NATURALHEMP.png\" alt=\"\" width=\"79\" height=\"79\" srcset=\"https:\/\/aztex.ee\/wp-content\/uploads\/2024\/09\/NATURALHEMP.png 300w, https:\/\/aztex.ee\/wp-content\/uploads\/2024\/09\/NATURALHEMP-150x150.png 150w\" sizes=\"auto, (max-width: 79px) 100vw, 79px\" \/><\/p>\n","protected":false},"featured_media":91670,"comment_status":"open","ping_status":"closed","template":"","meta":[],"product_brand":[],"product_cat":[447,1802],"product_tag":[],"class_list":{"0":"post-91647","1":"product","2":"type-product","3":"status-publish","4":"has-post-thumbnail","6":"product_cat-kanapiu-paklodes","7":"product_cat-paklodes","9":"first","10":"instock","11":"shipping-taxable","12":"purchasable","13":"product-type-simple"},"yoast_head":"<!-- This site is optimized with the Yoast SEO plugin v27.3 - https:\/\/yoast.com\/product\/yoast-seo-wordpress\/ -->\n<title>Organin\u0117s kanap\u0117s paklod\u0117 - Pilka | AZTEX<\/title>\n<meta name=\"description\" content=\"Kanap\u0117s paklod\u0117s yra nat\u016bralios, pralaid\u017eios orui, antibakterin\u0117s ir patvarios. Ekologi\u0161ka ir auk\u0161tos kokyb\u0117s patalyn\u0117 u\u017etikrina komfort\u0105, gaivum\u0105, ram\u0173 mieg\u0105 ir sveik\u0105 miego patirt\u012f kiekvien\u0105 nakt\u012f.\" \/>\n<meta name=\"robots\" content=\"index, follow, max-snippet:-1, max-image-preview:large, max-video-preview:-1\" \/>\n<link rel=\"canonical\" href=\"https:\/\/aztex.ee\/lt\/pood\/kanapiu-paklodes\/paklode-kanapiu-pilka\/\" \/>\n<meta property=\"og:locale\" content=\"lt_LT\" \/>\n<meta property=\"og:type\" content=\"article\" \/>\n<meta property=\"og:title\" content=\"Organin\u0117s kanap\u0117s paklod\u0117 - Pilka | AZTEX\" \/>\n<meta property=\"og:description\" content=\"Kanap\u0117s paklod\u0117s yra nat\u016bralios, pralaid\u017eios orui, antibakterin\u0117s ir patvarios. Ekologi\u0161ka ir auk\u0161tos kokyb\u0117s patalyn\u0117 u\u017etikrina komfort\u0105, gaivum\u0105, ram\u0173 mieg\u0105 ir sveik\u0105 miego patirt\u012f kiekvien\u0105 nakt\u012f.\" \/>\n<meta property=\"og:url\" content=\"https:\/\/aztex.ee\/lt\/pood\/kanapiu-paklodes\/paklode-kanapiu-pilka\/\" \/>\n<meta property=\"og:site_name\" content=\"AZTEX\" \/>\n<meta property=\"article:publisher\" content=\"https:\/\/www.facebook.com\/AztexEE\" \/>\n<meta property=\"article:modified_time\" content=\"2025-08-16T17:05:30+00:00\" \/>\n<meta property=\"og:image\" content=\"https:\/\/aztex.ee\/wp-content\/uploads\/2025\/08\/Kanepist-voodilina-Hall.jpg\" \/>\n\t<meta property=\"og:image:width\" content=\"800\" \/>\n\t<meta property=\"og:image:height\" content=\"800\" \/>\n\t<meta property=\"og:image:type\" content=\"image\/jpeg\" \/>\n<meta name=\"twitter:card\" content=\"summary_large_image\" \/>\n<meta name=\"twitter:label1\" content=\"Est. reading time\" \/>\n\t<meta name=\"twitter:data1\" content=\"1 minut\u0117\" \/>\n<script type=\"application\/ld+json\" class=\"yoast-schema-graph\">{\"@context\":\"https:\\\/\\\/schema.org\",\"@graph\":[{\"@type\":[\"WebPage\",\"ItemPage\"],\"@id\":\"https:\\\/\\\/aztex.ee\\\/lt\\\/pood\\\/kanapiu-paklodes\\\/paklode-kanapiu-pilka\\\/\",\"url\":\"https:\\\/\\\/aztex.ee\\\/lt\\\/pood\\\/kanapiu-paklodes\\\/paklode-kanapiu-pilka\\\/\",\"name\":\"Organin\u0117s kanap\u0117s paklod\u0117 - Pilka | AZTEX\",\"isPartOf\":{\"@id\":\"https:\\\/\\\/aztex.ee\\\/lt\\\/#website\"},\"primaryImageOfPage\":{\"@id\":\"https:\\\/\\\/aztex.ee\\\/lt\\\/pood\\\/kanapiu-paklodes\\\/paklode-kanapiu-pilka\\\/#primaryimage\"},\"image\":{\"@id\":\"https:\\\/\\\/aztex.ee\\\/lt\\\/pood\\\/kanapiu-paklodes\\\/paklode-kanapiu-pilka\\\/#primaryimage\"},\"thumbnailUrl\":\"https:\\\/\\\/aztex.ee\\\/wp-content\\\/uploads\\\/2025\\\/08\\\/Kanepist-voodilina-Hall.jpg\",\"datePublished\":\"2025-08-16T16:03:53+00:00\",\"dateModified\":\"2025-08-16T17:05:30+00:00\",\"description\":\"Kanap\u0117s paklod\u0117s yra nat\u016bralios, pralaid\u017eios orui, antibakterin\u0117s ir patvarios. Ekologi\u0161ka ir auk\u0161tos kokyb\u0117s patalyn\u0117 u\u017etikrina komfort\u0105, gaivum\u0105, ram\u0173 mieg\u0105 ir sveik\u0105 miego patirt\u012f kiekvien\u0105 nakt\u012f.\",\"breadcrumb\":{\"@id\":\"https:\\\/\\\/aztex.ee\\\/lt\\\/pood\\\/kanapiu-paklodes\\\/paklode-kanapiu-pilka\\\/#breadcrumb\"},\"inLanguage\":\"lt-LT\",\"potentialAction\":[{\"@type\":\"ReadAction\",\"target\":[\"https:\\\/\\\/aztex.ee\\\/lt\\\/pood\\\/kanapiu-paklodes\\\/paklode-kanapiu-pilka\\\/\"]}]},{\"@type\":\"ImageObject\",\"inLanguage\":\"lt-LT\",\"@id\":\"https:\\\/\\\/aztex.ee\\\/lt\\\/pood\\\/kanapiu-paklodes\\\/paklode-kanapiu-pilka\\\/#primaryimage\",\"url\":\"https:\\\/\\\/aztex.ee\\\/wp-content\\\/uploads\\\/2025\\\/08\\\/Kanepist-voodilina-Hall.jpg\",\"contentUrl\":\"https:\\\/\\\/aztex.ee\\\/wp-content\\\/uploads\\\/2025\\\/08\\\/Kanepist-voodilina-Hall.jpg\",\"width\":800,\"height\":800,\"caption\":\"Kanepist voodilina Hall\"},{\"@type\":\"BreadcrumbList\",\"@id\":\"https:\\\/\\\/aztex.ee\\\/lt\\\/pood\\\/kanapiu-paklodes\\\/paklode-kanapiu-pilka\\\/#breadcrumb\",\"itemListElement\":[{\"@type\":\"ListItem\",\"position\":1,\"name\":\"Prad\u017eia\",\"item\":\"https:\\\/\\\/aztex.ee\\\/lt\\\/\"},{\"@type\":\"ListItem\",\"position\":2,\"name\":\"Parduotuv\u0117\",\"item\":\"https:\\\/\\\/aztex.ee\\\/lt\\\/parduotuve\\\/\"},{\"@type\":\"ListItem\",\"position\":3,\"name\":\"Paklod\u0117 kanapi\u0173 | Pilka\"}]},{\"@type\":\"WebSite\",\"@id\":\"https:\\\/\\\/aztex.ee\\\/lt\\\/#website\",\"url\":\"https:\\\/\\\/aztex.ee\\\/lt\\\/\",\"name\":\"AZTEX\",\"description\":\"\",\"publisher\":{\"@id\":\"https:\\\/\\\/aztex.ee\\\/lt\\\/#organization\"},\"potentialAction\":[{\"@type\":\"SearchAction\",\"target\":{\"@type\":\"EntryPoint\",\"urlTemplate\":\"https:\\\/\\\/aztex.ee\\\/lt\\\/?s={search_term_string}\"},\"query-input\":{\"@type\":\"PropertyValueSpecification\",\"valueRequired\":true,\"valueName\":\"search_term_string\"}}],\"inLanguage\":\"lt-LT\"},{\"@type\":\"Organization\",\"@id\":\"https:\\\/\\\/aztex.ee\\\/lt\\\/#organization\",\"name\":\"AZTEX\",\"url\":\"https:\\\/\\\/aztex.ee\\\/lt\\\/\",\"logo\":{\"@type\":\"ImageObject\",\"inLanguage\":\"lt-LT\",\"@id\":\"https:\\\/\\\/aztex.ee\\\/lt\\\/#\\\/schema\\\/logo\\\/image\\\/\",\"url\":\"https:\\\/\\\/aztex.ee\\\/wp-content\\\/uploads\\\/2026\\\/01\\\/AZTEX.png\",\"contentUrl\":\"https:\\\/\\\/aztex.ee\\\/wp-content\\\/uploads\\\/2026\\\/01\\\/AZTEX.png\",\"width\":500,\"height\":500,\"caption\":\"AZTEX\"},\"image\":{\"@id\":\"https:\\\/\\\/aztex.ee\\\/lt\\\/#\\\/schema\\\/logo\\\/image\\\/\"},\"sameAs\":[\"https:\\\/\\\/www.facebook.com\\\/AztexEE\",\"https:\\\/\\\/www.instagram.com\\\/aztexeesti\\\/\",\"https:\\\/\\\/www.youtube.com\\\/@AZTEXEE\",\"https:\\\/\\\/www.pinterest.com\\\/aztex_eesti\\\/\",\"https:\\\/\\\/www.tiktok.com\\\/@aztexeesti\",\"https:\\\/\\\/www.trustpilot.com\\\/review\\\/aztex.ee\",\"https:\\\/\\\/www.linkedin.com\\\/company\\\/aztex-ee\\\/\",\"https:\\\/\\\/www.wikidata.org\\\/wiki\\\/Q137560182\"]}]}<\/script>\n<!-- \/ Yoast SEO plugin. -->","yoast_head_json":{"title":"Organin\u0117s kanap\u0117s paklod\u0117 - Pilka | AZTEX","description":"Kanap\u0117s paklod\u0117s yra nat\u016bralios, pralaid\u017eios orui, antibakterin\u0117s ir patvarios. Ekologi\u0161ka ir auk\u0161tos kokyb\u0117s patalyn\u0117 u\u017etikrina komfort\u0105, gaivum\u0105, ram\u0173 mieg\u0105 ir sveik\u0105 miego patirt\u012f kiekvien\u0105 nakt\u012f.","robots":{"index":"index","follow":"follow","max-snippet":"max-snippet:-1","max-image-preview":"max-image-preview:large","max-video-preview":"max-video-preview:-1"},"canonical":"https:\/\/aztex.ee\/lt\/pood\/kanapiu-paklodes\/paklode-kanapiu-pilka\/","og_locale":"lt_LT","og_type":"article","og_title":"Organin\u0117s kanap\u0117s paklod\u0117 - Pilka | AZTEX","og_description":"Kanap\u0117s paklod\u0117s yra nat\u016bralios, pralaid\u017eios orui, antibakterin\u0117s ir patvarios. Ekologi\u0161ka ir auk\u0161tos kokyb\u0117s patalyn\u0117 u\u017etikrina komfort\u0105, gaivum\u0105, ram\u0173 mieg\u0105 ir sveik\u0105 miego patirt\u012f kiekvien\u0105 nakt\u012f.","og_url":"https:\/\/aztex.ee\/lt\/pood\/kanapiu-paklodes\/paklode-kanapiu-pilka\/","og_site_name":"AZTEX","article_publisher":"https:\/\/www.facebook.com\/AztexEE","article_modified_time":"2025-08-16T17:05:30+00:00","og_image":[{"width":800,"height":800,"url":"https:\/\/aztex.ee\/wp-content\/uploads\/2025\/08\/Kanepist-voodilina-Hall.jpg","type":"image\/jpeg"}],"twitter_card":"summary_large_image","twitter_misc":{"Est. reading time":"1 minut\u0117"},"schema":{"@context":"https:\/\/schema.org","@graph":[{"@type":["WebPage","ItemPage"],"@id":"https:\/\/aztex.ee\/lt\/pood\/kanapiu-paklodes\/paklode-kanapiu-pilka\/","url":"https:\/\/aztex.ee\/lt\/pood\/kanapiu-paklodes\/paklode-kanapiu-pilka\/","name":"Organin\u0117s kanap\u0117s paklod\u0117 - Pilka | AZTEX","isPartOf":{"@id":"https:\/\/aztex.ee\/lt\/#website"},"primaryImageOfPage":{"@id":"https:\/\/aztex.ee\/lt\/pood\/kanapiu-paklodes\/paklode-kanapiu-pilka\/#primaryimage"},"image":{"@id":"https:\/\/aztex.ee\/lt\/pood\/kanapiu-paklodes\/paklode-kanapiu-pilka\/#primaryimage"},"thumbnailUrl":"https:\/\/aztex.ee\/wp-content\/uploads\/2025\/08\/Kanepist-voodilina-Hall.jpg","datePublished":"2025-08-16T16:03:53+00:00","dateModified":"2025-08-16T17:05:30+00:00","description":"Kanap\u0117s paklod\u0117s yra nat\u016bralios, pralaid\u017eios orui, antibakterin\u0117s ir patvarios. Ekologi\u0161ka ir auk\u0161tos kokyb\u0117s patalyn\u0117 u\u017etikrina komfort\u0105, gaivum\u0105, ram\u0173 mieg\u0105 ir sveik\u0105 miego patirt\u012f kiekvien\u0105 nakt\u012f.","breadcrumb":{"@id":"https:\/\/aztex.ee\/lt\/pood\/kanapiu-paklodes\/paklode-kanapiu-pilka\/#breadcrumb"},"inLanguage":"lt-LT","potentialAction":[{"@type":"ReadAction","target":["https:\/\/aztex.ee\/lt\/pood\/kanapiu-paklodes\/paklode-kanapiu-pilka\/"]}]},{"@type":"ImageObject","inLanguage":"lt-LT","@id":"https:\/\/aztex.ee\/lt\/pood\/kanapiu-paklodes\/paklode-kanapiu-pilka\/#primaryimage","url":"https:\/\/aztex.ee\/wp-content\/uploads\/2025\/08\/Kanepist-voodilina-Hall.jpg","contentUrl":"https:\/\/aztex.ee\/wp-content\/uploads\/2025\/08\/Kanepist-voodilina-Hall.jpg","width":800,"height":800,"caption":"Kanepist voodilina Hall"},{"@type":"BreadcrumbList","@id":"https:\/\/aztex.ee\/lt\/pood\/kanapiu-paklodes\/paklode-kanapiu-pilka\/#breadcrumb","itemListElement":[{"@type":"ListItem","position":1,"name":"Prad\u017eia","item":"https:\/\/aztex.ee\/lt\/"},{"@type":"ListItem","position":2,"name":"Parduotuv\u0117","item":"https:\/\/aztex.ee\/lt\/parduotuve\/"},{"@type":"ListItem","position":3,"name":"Paklod\u0117 kanapi\u0173 | Pilka"}]},{"@type":"WebSite","@id":"https:\/\/aztex.ee\/lt\/#website","url":"https:\/\/aztex.ee\/lt\/","name":"AZTEX","description":"","publisher":{"@id":"https:\/\/aztex.ee\/lt\/#organization"},"potentialAction":[{"@type":"SearchAction","target":{"@type":"EntryPoint","urlTemplate":"https:\/\/aztex.ee\/lt\/?s={search_term_string}"},"query-input":{"@type":"PropertyValueSpecification","valueRequired":true,"valueName":"search_term_string"}}],"inLanguage":"lt-LT"},{"@type":"Organization","@id":"https:\/\/aztex.ee\/lt\/#organization","name":"AZTEX","url":"https:\/\/aztex.ee\/lt\/","logo":{"@type":"ImageObject","inLanguage":"lt-LT","@id":"https:\/\/aztex.ee\/lt\/#\/schema\/logo\/image\/","url":"https:\/\/aztex.ee\/wp-content\/uploads\/2026\/01\/AZTEX.png","contentUrl":"https:\/\/aztex.ee\/wp-content\/uploads\/2026\/01\/AZTEX.png","width":500,"height":500,"caption":"AZTEX"},"image":{"@id":"https:\/\/aztex.ee\/lt\/#\/schema\/logo\/image\/"},"sameAs":["https:\/\/www.facebook.com\/AztexEE","https:\/\/www.instagram.com\/aztexeesti\/","https:\/\/www.youtube.com\/@AZTEXEE","https:\/\/www.pinterest.com\/aztex_eesti\/","https:\/\/www.tiktok.com\/@aztexeesti","https:\/\/www.trustpilot.com\/review\/aztex.ee","https:\/\/www.linkedin.com\/company\/aztex-ee\/","https:\/\/www.wikidata.org\/wiki\/Q137560182"]}]}},"_links":{"self":[{"href":"https:\/\/aztex.ee\/lt\/wp-json\/wp\/v2\/product\/91647","targetHints":{"allow":["GET"]}}],"collection":[{"href":"https:\/\/aztex.ee\/lt\/wp-json\/wp\/v2\/product"}],"about":[{"href":"https:\/\/aztex.ee\/lt\/wp-json\/wp\/v2\/types\/product"}],"replies":[{"embeddable":true,"href":"https:\/\/aztex.ee\/lt\/wp-json\/wp\/v2\/comments?post=91647"}],"version-history":[{"count":0,"href":"https:\/\/aztex.ee\/lt\/wp-json\/wp\/v2\/product\/91647\/revisions"}],"wp:featuredmedia":[{"embeddable":true,"href":"https:\/\/aztex.ee\/lt\/wp-json\/wp\/v2\/media\/91670"}],"wp:attachment":[{"href":"https:\/\/aztex.ee\/lt\/wp-json\/wp\/v2\/media?parent=91647"}],"wp:term":[{"taxonomy":"product_brand","embeddable":true,"href":"https:\/\/aztex.ee\/lt\/wp-json\/wp\/v2\/product_brand?post=91647"},{"taxonomy":"product_cat","embeddable":true,"href":"https:\/\/aztex.ee\/lt\/wp-json\/wp\/v2\/product_cat?post=91647"},{"taxonomy":"product_tag","embeddable":true,"href":"https:\/\/aztex.ee\/lt\/wp-json\/wp\/v2\/product_tag?post=91647"}],"curies":[{"name":"wp","href":"https:\/\/api.w.org\/{rel}","templated":true}]}}