{"id":87634,"date":"2025-05-18T22:49:57","date_gmt":"2025-05-18T22:49:57","guid":{"rendered":"https:\/\/aztex.ee\/?post_type=product&#038;p=87634"},"modified":"2026-03-19T14:34:05","modified_gmt":"2026-03-19T14:34:05","slug":"premium-patalynes-komplektas-bambukas-pilkai-ruda","status":"publish","type":"product","link":"https:\/\/aztex.ee\/lt\/pood\/patalyne\/premium-patalynes-komplektas-bambukas-pilkai-ruda\/","title":{"rendered":"Premium patalyn\u0117s komplektas 100% bambukas | Pilkai ruda"},"content":{"rendered":"<p>Bambuko patalyn\u0117s komplektai \u2013 tai auk\u0161tos kokyb\u0117s, mink\u0161ti ir orui pralaid\u016bs tekstil\u0117s gaminiai, pagaminti i\u0161 nat\u016bralaus bambuko pluo\u0161to. \u0160ie komplektai specialiai sukurti taip, kad naudotojams b\u016bt\u0173 patogu miegoti. Bambuko pluo\u0161tas nat\u016braliai praleid\u017eia or\u0105 ir sugeba nuvesti dr\u0117gm\u0119, tod\u0117l neleid\u017eia prakaituoti ir ilgiau i\u0161lieka \u0161varus ir gaivus.<\/p>\n<p>Bambukiniai patalyn\u0117s komplektai paprastai gaminami naudojant aplinkai nekenksmingas ir tvarias med\u017eiagas. Bambuko augalas pasi\u017eymi greitu augimu ir nedideliu vandens suvartojimu, tod\u0117l gamybos procesas daro ma\u017eesn\u012f poveik\u012f aplinkai. Be to, mink\u0161ta bambuko pluo\u0161to tekst\u016bra suteikia prabangos poj\u016bt\u012f ir \u0161velniai lie\u010diasi, nepa\u017eeisdama odos.<\/p>\n<p>Bambuko patalyn\u0117s komplektai pasi\u017eymi nat\u016braliomis antibakterin\u0117mis ir hipoalergin\u0117mis savyb\u0117mis, kurios palaiko higien\u0105 ir u\u017etikrina komfort\u0105 miego metu. Jie \u017einomi d\u0117l savo gaivinan\u010dio ir v\u0117sinan\u010dio poveikio kar\u0161tu oru.<\/p>\n<p>Tod\u0117l bambuko patalyn\u0117s komplektai yra ekologi\u0161ki ir patog\u016bs gaminiai, suteikiantys naudotojams kokybi\u0161k\u0105 mieg\u0105.<\/p>\n","protected":false},"excerpt":{"rendered":"<p>100% ekologi\u0161kai u\u017eauginta bambuko patalyn\u0117 yra hipoalergin\u0117 ir antibakterin\u0117.<\/p>\n<ul>\n<li>Spalva: Pilkai ruda<\/li>\n<li>Med\u017eiaga: 100% bambukas<\/li>\n<li>Si\u016blas: 300 TC<\/li>\n<li>Antklod\u0117s u\u017evalkalas: 200\u00d7220 cm<\/li>\n<li>Pagalv\u0117s u\u017evalkalas: 50\u00d770 cm (2 vnt.)<\/li>\n<li>Paklod\u0117: 220\u00d7240 cm<\/li>\n<\/ul>\n<p><img loading=\"lazy\" decoding=\"async\" class=\"alignnone wp-image-20226\" src=\"https:\/\/aztex.ee\/wp-content\/uploads\/2024\/09\/oekotex100.png\" alt=\"\" width=\"196\" height=\"69\" srcset=\"https:\/\/aztex.ee\/wp-content\/uploads\/2024\/09\/oekotex100.png 204w, https:\/\/aztex.ee\/wp-content\/uploads\/2024\/09\/oekotex100-150x53.png 150w\" sizes=\"auto, (max-width: 196px) 100vw, 196px\" \/><img loading=\"lazy\" decoding=\"async\" class=\"alignnone wp-image-20260\" src=\"https:\/\/aztex.ee\/wp-content\/uploads\/2024\/09\/bambuuss.png\" alt=\"\" width=\"75\" height=\"75\" srcset=\"https:\/\/aztex.ee\/wp-content\/uploads\/2024\/09\/bambuuss.png 204w, https:\/\/aztex.ee\/wp-content\/uploads\/2024\/09\/bambuuss-150x150.png 150w\" sizes=\"auto, (max-width: 75px) 100vw, 75px\" \/><\/p>\n<p>Hipoalerginis ir dr\u0117gm\u0119 sugeriantis<br \/>\nIdealiai tinka jautri\u0105 od\u0105 ar egzem\u0105 turintiems \u017emon\u0117ms, ypa\u010d tiems, kurie link\u0119 prakaituoti nakt\u012f.<br \/>\nBambukin\u0117s patalyn\u0117s komplektai supakuoti \u012f i\u0161 to paties audinio pasi\u016bt\u0105 mai\u0161el\u012f.<\/p>\n","protected":false},"featured_media":87657,"comment_status":"open","ping_status":"closed","template":"","meta":[],"product_brand":[],"product_cat":[216,406,204,502],"product_tag":[],"class_list":{"0":"post-87634","1":"product","2":"type-product","3":"status-publish","4":"has-post-thumbnail","6":"product_cat-bambuko-patalyne","7":"product_cat-bambuko-patalynes-komplektai","8":"product_cat-patalyne","9":"product_cat-patalynes-komplektai","11":"first","12":"instock","13":"sale","14":"shipping-taxable","15":"purchasable","16":"product-type-simple"},"yoast_head":"<!-- This site is optimized with the Yoast SEO plugin v27.6 - https:\/\/yoast.com\/product\/yoast-seo-wordpress\/ -->\n<title>Nat\u016bralaus bambuko patalyn\u0117s komplektas - Pilkai ruda | AZTEX<\/title>\n<meta name=\"description\" content=\"Bambuko patalyn\u0117s komplektas \u2013 puikus pasirinkimas tiems, kurie vertina mink\u0161tum\u0105, ekologi\u0161kum\u0105 ir laidum\u0105 orui, kurie padeda u\u017etikrinti kokybi\u0161k\u0105 ir gil\u0173 mieg\u0105.\" \/>\n<meta name=\"robots\" content=\"index, follow, max-snippet:-1, max-image-preview:large, max-video-preview:-1\" \/>\n<link rel=\"canonical\" href=\"https:\/\/aztex.ee\/lt\/pood\/patalyne\/premium-patalynes-komplektas-bambukas-pilkai-ruda\/\" \/>\n<meta property=\"og:locale\" content=\"lt_LT\" \/>\n<meta property=\"og:type\" content=\"article\" \/>\n<meta property=\"og:title\" content=\"Nat\u016bralaus bambuko patalyn\u0117s komplektas - Pilkai ruda | AZTEX\" \/>\n<meta property=\"og:description\" content=\"Bambuko patalyn\u0117s komplektas \u2013 puikus pasirinkimas tiems, kurie vertina mink\u0161tum\u0105, ekologi\u0161kum\u0105 ir laidum\u0105 orui, kurie padeda u\u017etikrinti kokybi\u0161k\u0105 ir gil\u0173 mieg\u0105.\" \/>\n<meta property=\"og:url\" content=\"https:\/\/aztex.ee\/lt\/pood\/patalyne\/premium-patalynes-komplektas-bambukas-pilkai-ruda\/\" \/>\n<meta property=\"og:site_name\" content=\"AZTEX\" \/>\n<meta property=\"article:publisher\" content=\"https:\/\/www.facebook.com\/AztexEE\" \/>\n<meta property=\"article:modified_time\" content=\"2026-03-19T14:34:05+00:00\" \/>\n<meta property=\"og:image\" content=\"https:\/\/aztex.ee\/wp-content\/uploads\/2025\/05\/Voodipesukomplekt-bambus-Taupe.jpg\" \/>\n\t<meta property=\"og:image:width\" content=\"800\" \/>\n\t<meta property=\"og:image:height\" content=\"800\" \/>\n\t<meta property=\"og:image:type\" content=\"image\/jpeg\" \/>\n<meta name=\"twitter:card\" content=\"summary_large_image\" \/>\n<meta name=\"twitter:label1\" content=\"Est. reading time\" \/>\n\t<meta name=\"twitter:data1\" content=\"1 minut\u0117\" \/>\n<script type=\"application\/ld+json\" class=\"yoast-schema-graph\">{\"@context\":\"https:\\\/\\\/schema.org\",\"@graph\":[{\"@type\":[\"WebPage\",\"ItemPage\"],\"@id\":\"https:\\\/\\\/aztex.ee\\\/lt\\\/pood\\\/patalyne\\\/premium-patalynes-komplektas-bambukas-pilkai-ruda\\\/\",\"url\":\"https:\\\/\\\/aztex.ee\\\/lt\\\/pood\\\/patalyne\\\/premium-patalynes-komplektas-bambukas-pilkai-ruda\\\/\",\"name\":\"Nat\u016bralaus bambuko patalyn\u0117s komplektas - Pilkai ruda | AZTEX\",\"isPartOf\":{\"@id\":\"https:\\\/\\\/aztex.ee\\\/lt\\\/#website\"},\"primaryImageOfPage\":{\"@id\":\"https:\\\/\\\/aztex.ee\\\/lt\\\/pood\\\/patalyne\\\/premium-patalynes-komplektas-bambukas-pilkai-ruda\\\/#primaryimage\"},\"image\":{\"@id\":\"https:\\\/\\\/aztex.ee\\\/lt\\\/pood\\\/patalyne\\\/premium-patalynes-komplektas-bambukas-pilkai-ruda\\\/#primaryimage\"},\"thumbnailUrl\":\"https:\\\/\\\/aztex.ee\\\/wp-content\\\/uploads\\\/2025\\\/05\\\/Voodipesukomplekt-bambus-Taupe.jpg\",\"datePublished\":\"2025-05-18T22:49:57+00:00\",\"dateModified\":\"2026-03-19T14:34:05+00:00\",\"description\":\"Bambuko patalyn\u0117s komplektas \u2013 puikus pasirinkimas tiems, kurie vertina mink\u0161tum\u0105, ekologi\u0161kum\u0105 ir laidum\u0105 orui, kurie padeda u\u017etikrinti kokybi\u0161k\u0105 ir gil\u0173 mieg\u0105.\",\"breadcrumb\":{\"@id\":\"https:\\\/\\\/aztex.ee\\\/lt\\\/pood\\\/patalyne\\\/premium-patalynes-komplektas-bambukas-pilkai-ruda\\\/#breadcrumb\"},\"inLanguage\":\"lt-LT\",\"potentialAction\":[{\"@type\":\"ReadAction\",\"target\":[\"https:\\\/\\\/aztex.ee\\\/lt\\\/pood\\\/patalyne\\\/premium-patalynes-komplektas-bambukas-pilkai-ruda\\\/\"]}]},{\"@type\":\"ImageObject\",\"inLanguage\":\"lt-LT\",\"@id\":\"https:\\\/\\\/aztex.ee\\\/lt\\\/pood\\\/patalyne\\\/premium-patalynes-komplektas-bambukas-pilkai-ruda\\\/#primaryimage\",\"url\":\"https:\\\/\\\/aztex.ee\\\/wp-content\\\/uploads\\\/2025\\\/05\\\/Voodipesukomplekt-bambus-Taupe.jpg\",\"contentUrl\":\"https:\\\/\\\/aztex.ee\\\/wp-content\\\/uploads\\\/2025\\\/05\\\/Voodipesukomplekt-bambus-Taupe.jpg\",\"width\":800,\"height\":800,\"caption\":\"Voodipesukomplekt bambus Taupe\"},{\"@type\":\"BreadcrumbList\",\"@id\":\"https:\\\/\\\/aztex.ee\\\/lt\\\/pood\\\/patalyne\\\/premium-patalynes-komplektas-bambukas-pilkai-ruda\\\/#breadcrumb\",\"itemListElement\":[{\"@type\":\"ListItem\",\"position\":1,\"name\":\"Prad\u017eia\",\"item\":\"https:\\\/\\\/aztex.ee\\\/lt\\\/\"},{\"@type\":\"ListItem\",\"position\":2,\"name\":\"Parduotuv\u0117\",\"item\":\"https:\\\/\\\/aztex.ee\\\/lt\\\/parduotuve\\\/\"},{\"@type\":\"ListItem\",\"position\":3,\"name\":\"Premium patalyn\u0117s komplektas 100% bambukas | Pilkai ruda\"}]},{\"@type\":\"WebSite\",\"@id\":\"https:\\\/\\\/aztex.ee\\\/lt\\\/#website\",\"url\":\"https:\\\/\\\/aztex.ee\\\/lt\\\/\",\"name\":\"AZTEX\",\"description\":\"\",\"publisher\":{\"@id\":\"https:\\\/\\\/aztex.ee\\\/lt\\\/#organization\"},\"potentialAction\":[{\"@type\":\"SearchAction\",\"target\":{\"@type\":\"EntryPoint\",\"urlTemplate\":\"https:\\\/\\\/aztex.ee\\\/lt\\\/?s={search_term_string}\"},\"query-input\":{\"@type\":\"PropertyValueSpecification\",\"valueRequired\":true,\"valueName\":\"search_term_string\"}}],\"inLanguage\":\"lt-LT\"},{\"@type\":\"Organization\",\"@id\":\"https:\\\/\\\/aztex.ee\\\/lt\\\/#organization\",\"name\":\"AZTEX\",\"url\":\"https:\\\/\\\/aztex.ee\\\/lt\\\/\",\"logo\":{\"@type\":\"ImageObject\",\"inLanguage\":\"lt-LT\",\"@id\":\"https:\\\/\\\/aztex.ee\\\/lt\\\/#\\\/schema\\\/logo\\\/image\\\/\",\"url\":\"https:\\\/\\\/aztex.ee\\\/wp-content\\\/uploads\\\/2026\\\/01\\\/AZTEX.png\",\"contentUrl\":\"https:\\\/\\\/aztex.ee\\\/wp-content\\\/uploads\\\/2026\\\/01\\\/AZTEX.png\",\"width\":500,\"height\":500,\"caption\":\"AZTEX\"},\"image\":{\"@id\":\"https:\\\/\\\/aztex.ee\\\/lt\\\/#\\\/schema\\\/logo\\\/image\\\/\"},\"sameAs\":[\"https:\\\/\\\/www.facebook.com\\\/AztexEE\",\"https:\\\/\\\/www.instagram.com\\\/aztexeesti\\\/\",\"https:\\\/\\\/www.youtube.com\\\/@AZTEXEE\",\"https:\\\/\\\/www.pinterest.com\\\/aztex_eesti\\\/\",\"https:\\\/\\\/www.tiktok.com\\\/@aztexeesti\",\"https:\\\/\\\/www.trustpilot.com\\\/review\\\/aztex.ee\",\"https:\\\/\\\/www.linkedin.com\\\/company\\\/aztex-ee\\\/\",\"https:\\\/\\\/www.wikidata.org\\\/wiki\\\/Q137560182\"]}]}<\/script>\n<!-- \/ Yoast SEO plugin. -->","yoast_head_json":{"title":"Nat\u016bralaus bambuko patalyn\u0117s komplektas - Pilkai ruda | AZTEX","description":"Bambuko patalyn\u0117s komplektas \u2013 puikus pasirinkimas tiems, kurie vertina mink\u0161tum\u0105, ekologi\u0161kum\u0105 ir laidum\u0105 orui, kurie padeda u\u017etikrinti kokybi\u0161k\u0105 ir gil\u0173 mieg\u0105.","robots":{"index":"index","follow":"follow","max-snippet":"max-snippet:-1","max-image-preview":"max-image-preview:large","max-video-preview":"max-video-preview:-1"},"canonical":"https:\/\/aztex.ee\/lt\/pood\/patalyne\/premium-patalynes-komplektas-bambukas-pilkai-ruda\/","og_locale":"lt_LT","og_type":"article","og_title":"Nat\u016bralaus bambuko patalyn\u0117s komplektas - Pilkai ruda | AZTEX","og_description":"Bambuko patalyn\u0117s komplektas \u2013 puikus pasirinkimas tiems, kurie vertina mink\u0161tum\u0105, ekologi\u0161kum\u0105 ir laidum\u0105 orui, kurie padeda u\u017etikrinti kokybi\u0161k\u0105 ir gil\u0173 mieg\u0105.","og_url":"https:\/\/aztex.ee\/lt\/pood\/patalyne\/premium-patalynes-komplektas-bambukas-pilkai-ruda\/","og_site_name":"AZTEX","article_publisher":"https:\/\/www.facebook.com\/AztexEE","article_modified_time":"2026-03-19T14:34:05+00:00","og_image":[{"width":800,"height":800,"url":"https:\/\/aztex.ee\/wp-content\/uploads\/2025\/05\/Voodipesukomplekt-bambus-Taupe.jpg","type":"image\/jpeg"}],"twitter_card":"summary_large_image","twitter_misc":{"Est. reading time":"1 minut\u0117"},"schema":{"@context":"https:\/\/schema.org","@graph":[{"@type":["WebPage","ItemPage"],"@id":"https:\/\/aztex.ee\/lt\/pood\/patalyne\/premium-patalynes-komplektas-bambukas-pilkai-ruda\/","url":"https:\/\/aztex.ee\/lt\/pood\/patalyne\/premium-patalynes-komplektas-bambukas-pilkai-ruda\/","name":"Nat\u016bralaus bambuko patalyn\u0117s komplektas - Pilkai ruda | AZTEX","isPartOf":{"@id":"https:\/\/aztex.ee\/lt\/#website"},"primaryImageOfPage":{"@id":"https:\/\/aztex.ee\/lt\/pood\/patalyne\/premium-patalynes-komplektas-bambukas-pilkai-ruda\/#primaryimage"},"image":{"@id":"https:\/\/aztex.ee\/lt\/pood\/patalyne\/premium-patalynes-komplektas-bambukas-pilkai-ruda\/#primaryimage"},"thumbnailUrl":"https:\/\/aztex.ee\/wp-content\/uploads\/2025\/05\/Voodipesukomplekt-bambus-Taupe.jpg","datePublished":"2025-05-18T22:49:57+00:00","dateModified":"2026-03-19T14:34:05+00:00","description":"Bambuko patalyn\u0117s komplektas \u2013 puikus pasirinkimas tiems, kurie vertina mink\u0161tum\u0105, ekologi\u0161kum\u0105 ir laidum\u0105 orui, kurie padeda u\u017etikrinti kokybi\u0161k\u0105 ir gil\u0173 mieg\u0105.","breadcrumb":{"@id":"https:\/\/aztex.ee\/lt\/pood\/patalyne\/premium-patalynes-komplektas-bambukas-pilkai-ruda\/#breadcrumb"},"inLanguage":"lt-LT","potentialAction":[{"@type":"ReadAction","target":["https:\/\/aztex.ee\/lt\/pood\/patalyne\/premium-patalynes-komplektas-bambukas-pilkai-ruda\/"]}]},{"@type":"ImageObject","inLanguage":"lt-LT","@id":"https:\/\/aztex.ee\/lt\/pood\/patalyne\/premium-patalynes-komplektas-bambukas-pilkai-ruda\/#primaryimage","url":"https:\/\/aztex.ee\/wp-content\/uploads\/2025\/05\/Voodipesukomplekt-bambus-Taupe.jpg","contentUrl":"https:\/\/aztex.ee\/wp-content\/uploads\/2025\/05\/Voodipesukomplekt-bambus-Taupe.jpg","width":800,"height":800,"caption":"Voodipesukomplekt bambus Taupe"},{"@type":"BreadcrumbList","@id":"https:\/\/aztex.ee\/lt\/pood\/patalyne\/premium-patalynes-komplektas-bambukas-pilkai-ruda\/#breadcrumb","itemListElement":[{"@type":"ListItem","position":1,"name":"Prad\u017eia","item":"https:\/\/aztex.ee\/lt\/"},{"@type":"ListItem","position":2,"name":"Parduotuv\u0117","item":"https:\/\/aztex.ee\/lt\/parduotuve\/"},{"@type":"ListItem","position":3,"name":"Premium patalyn\u0117s komplektas 100% bambukas | Pilkai ruda"}]},{"@type":"WebSite","@id":"https:\/\/aztex.ee\/lt\/#website","url":"https:\/\/aztex.ee\/lt\/","name":"AZTEX","description":"","publisher":{"@id":"https:\/\/aztex.ee\/lt\/#organization"},"potentialAction":[{"@type":"SearchAction","target":{"@type":"EntryPoint","urlTemplate":"https:\/\/aztex.ee\/lt\/?s={search_term_string}"},"query-input":{"@type":"PropertyValueSpecification","valueRequired":true,"valueName":"search_term_string"}}],"inLanguage":"lt-LT"},{"@type":"Organization","@id":"https:\/\/aztex.ee\/lt\/#organization","name":"AZTEX","url":"https:\/\/aztex.ee\/lt\/","logo":{"@type":"ImageObject","inLanguage":"lt-LT","@id":"https:\/\/aztex.ee\/lt\/#\/schema\/logo\/image\/","url":"https:\/\/aztex.ee\/wp-content\/uploads\/2026\/01\/AZTEX.png","contentUrl":"https:\/\/aztex.ee\/wp-content\/uploads\/2026\/01\/AZTEX.png","width":500,"height":500,"caption":"AZTEX"},"image":{"@id":"https:\/\/aztex.ee\/lt\/#\/schema\/logo\/image\/"},"sameAs":["https:\/\/www.facebook.com\/AztexEE","https:\/\/www.instagram.com\/aztexeesti\/","https:\/\/www.youtube.com\/@AZTEXEE","https:\/\/www.pinterest.com\/aztex_eesti\/","https:\/\/www.tiktok.com\/@aztexeesti","https:\/\/www.trustpilot.com\/review\/aztex.ee","https:\/\/www.linkedin.com\/company\/aztex-ee\/","https:\/\/www.wikidata.org\/wiki\/Q137560182"]}]}},"_links":{"self":[{"href":"https:\/\/aztex.ee\/lt\/wp-json\/wp\/v2\/product\/87634","targetHints":{"allow":["GET"]}}],"collection":[{"href":"https:\/\/aztex.ee\/lt\/wp-json\/wp\/v2\/product"}],"about":[{"href":"https:\/\/aztex.ee\/lt\/wp-json\/wp\/v2\/types\/product"}],"replies":[{"embeddable":true,"href":"https:\/\/aztex.ee\/lt\/wp-json\/wp\/v2\/comments?post=87634"}],"version-history":[{"count":0,"href":"https:\/\/aztex.ee\/lt\/wp-json\/wp\/v2\/product\/87634\/revisions"}],"wp:featuredmedia":[{"embeddable":true,"href":"https:\/\/aztex.ee\/lt\/wp-json\/wp\/v2\/media\/87657"}],"wp:attachment":[{"href":"https:\/\/aztex.ee\/lt\/wp-json\/wp\/v2\/media?parent=87634"}],"wp:term":[{"taxonomy":"product_brand","embeddable":true,"href":"https:\/\/aztex.ee\/lt\/wp-json\/wp\/v2\/product_brand?post=87634"},{"taxonomy":"product_cat","embeddable":true,"href":"https:\/\/aztex.ee\/lt\/wp-json\/wp\/v2\/product_cat?post=87634"},{"taxonomy":"product_tag","embeddable":true,"href":"https:\/\/aztex.ee\/lt\/wp-json\/wp\/v2\/product_tag?post=87634"}],"curies":[{"name":"wp","href":"https:\/\/api.w.org\/{rel}","templated":true}]}}