{"id":81813,"date":"2025-04-27T12:40:39","date_gmt":"2025-04-27T12:40:39","guid":{"rendered":"https:\/\/aztex.ee\/?post_type=product&#038;p=81813"},"modified":"2026-04-13T18:57:05","modified_gmt":"2026-04-13T18:57:05","slug":"tencelio-pagalves-uzvalkalas-vysniu-rozine","status":"publish","type":"product","link":"https:\/\/aztex.ee\/lt\/pood\/pagalviu-uzvalkalai\/tencelio-pagalves-uzvalkalas-vysniu-rozine\/","title":{"rendered":"Tencelio pagalv\u0117s u\u017evalkalas \u2013 Vy\u0161ni\u0173 ro\u017ein\u0117"},"content":{"rendered":"<p><strong>Nat\u016braliai mink\u0161tas<\/strong><\/p>\n<p>Tencel audinys pagamintas i\u0161 eukalipto celiulioz\u0117s, kuri apdorojama naudojant aplinkai nekenksming\u0105 Lyocell proces\u0105. Celiulioz\u0117 i\u0161tirpinama netoksi\u0161kame tirpiklyje, tada suspaud\u017eiama \u012f pluo\u0161tus ir perdirbama \u012f verpalus, tod\u0117l audinys tampa mink\u0161tas, kv\u0117puojantis, tvirtas ir ekologi\u0161kai tvarus pasirinkimas.<\/p>\n<p><strong>Draugi\u0161kas odai<\/strong><\/p>\n<p>Tencel yra idealus pasirinkimas jautriai odai, nes yra hipoalergi\u0161kas. Lygus jo pavir\u0161ius suma\u017eina trinties sukelt\u0105 dirginim\u0105 ir padeda palaikyti nat\u016bral\u0173 odos dr\u0117gm\u0117s balans\u0105. Tencel pagalv\u0117s u\u017evalkalas u\u017etikrina kokybi\u0161k\u0105 mieg\u0105 ir kartu r\u016bpinasi oda.<\/p>\n<p><strong>Eleganti\u0161ka i\u0161vaizda<\/strong><\/p>\n<p>Tencel pagalv\u0117s u\u017evalkalas puikiai dera su visais patalyn\u0117s komplektais, suteikia miegamajam paprastumo ir eleganti\u0161kumo, kuris papildo bet kok\u012f interjero dizain\u0105. Jo klasikin\u0117 ir stilinga i\u0161vaizda tinka vis\u0173 tip\u0173 interjerui \u2013 nuo \u200b\u200bmodernaus iki tradicinio miegamojo. Tencel pagalv\u0117s u\u017evalkalas yra prabangus ir eleganti\u0161kas, tod\u0117l kiekviena miego akimirka yra malonesn\u0117.<\/p>\n<p><strong>Prie\u017ei\u016bra<\/strong><\/p>\n<p>Lengva prie\u017ei\u016bra \u2013 skalbimas ma\u0161inoje \u017eemoje temperat\u016broje, kad i\u0161laikyt\u0173 audinio savybes. Rekomenduojame d\u017eiovinti oru, kad b\u016bt\u0173 u\u017etikrintas ilgalaikis patvarumas ir mink\u0161tumas.<\/p>\n","protected":false},"excerpt":{"rendered":"<p>Tencel pagalvi\u0173 u\u017evalkalai pagaminti i\u0161 eukalipto pluo\u0161to.<\/p>\n<ul>\n<li>Spalva: Vy\u0161ni\u0173 ro\u017ein\u0117<\/li>\n<li>Med\u017eiaga: 100% Tencel<\/li>\n<li>Si\u016blas: 60S \/ 300TC<\/li>\n<\/ul>\n<p><img loading=\"lazy\" decoding=\"async\" class=\"alignnone wp-image-63145\" src=\"https:\/\/aztex.ee\/wp-content\/uploads\/2025\/03\/tencel-certified-400x129.png\" alt=\"\" width=\"131\" height=\"42\" srcset=\"https:\/\/aztex.ee\/wp-content\/uploads\/2025\/03\/tencel-certified-400x129.png 400w, https:\/\/aztex.ee\/wp-content\/uploads\/2025\/03\/tencel-certified-430x139.png 430w, https:\/\/aztex.ee\/wp-content\/uploads\/2025\/03\/tencel-certified-150x49.png 150w, https:\/\/aztex.ee\/wp-content\/uploads\/2025\/03\/tencel-certified.png 516w\" sizes=\"auto, (max-width: 131px) 100vw, 131px\" \/><img loading=\"lazy\" decoding=\"async\" class=\"alignnone wp-image-63168\" src=\"https:\/\/aztex.ee\/wp-content\/uploads\/2025\/03\/oeko-tex-standard-100.png\" alt=\"\" width=\"130\" height=\"43\" srcset=\"https:\/\/aztex.ee\/wp-content\/uploads\/2025\/03\/oeko-tex-standard-100.png 200w, https:\/\/aztex.ee\/wp-content\/uploads\/2025\/03\/oeko-tex-standard-100-150x50.png 150w\" sizes=\"auto, (max-width: 130px) 100vw, 130px\" \/><\/p>\n","protected":false},"featured_media":81902,"comment_status":"open","ping_status":"closed","template":"","meta":[],"product_brand":[],"product_cat":[1780,6035],"product_tag":[],"class_list":{"0":"post-81813","1":"product","2":"type-product","3":"status-publish","4":"has-post-thumbnail","6":"product_cat-pagalviu-uzvalkalai","7":"product_cat-tencel-pagalviu-uzvalkalai","9":"first","10":"instock","11":"shipping-taxable","12":"purchasable","13":"product-type-variable"},"yoast_head":"<!-- This site is optimized with the Yoast SEO plugin v27.6 - https:\/\/yoast.com\/product\/yoast-seo-wordpress\/ -->\n<title>Tencelio pagalv\u0117s u\u017evalkalas - Vy\u0161ni\u0173 ro\u017ein\u0117 | AZTEX<\/title>\n<meta name=\"description\" content=\"Vy\u0161ni\u0173 ro\u017ein\u0117 TENCEL\u2122 pagalv\u0117s u\u017evalkalas yra odai draugi\u0161kas ir patvarus pasirinkimas, suteikiantis malon\u0173 v\u0117sos poj\u016bt\u012f miegant ir suteikiantis miegamajam eleganti\u0161k\u0105 i\u0161vaizd\u0105.\" \/>\n<meta name=\"robots\" content=\"index, follow, max-snippet:-1, max-image-preview:large, max-video-preview:-1\" \/>\n<link rel=\"canonical\" href=\"https:\/\/aztex.ee\/lt\/pood\/pagalviu-uzvalkalai\/tencelio-pagalves-uzvalkalas-vysniu-rozine\/\" \/>\n<meta property=\"og:locale\" content=\"lt_LT\" \/>\n<meta property=\"og:type\" content=\"article\" \/>\n<meta property=\"og:title\" content=\"Tencelio pagalv\u0117s u\u017evalkalas - Vy\u0161ni\u0173 ro\u017ein\u0117 | AZTEX\" \/>\n<meta property=\"og:description\" content=\"Vy\u0161ni\u0173 ro\u017ein\u0117 TENCEL\u2122 pagalv\u0117s u\u017evalkalas yra odai draugi\u0161kas ir patvarus pasirinkimas, suteikiantis malon\u0173 v\u0117sos poj\u016bt\u012f miegant ir suteikiantis miegamajam eleganti\u0161k\u0105 i\u0161vaizd\u0105.\" \/>\n<meta property=\"og:url\" content=\"https:\/\/aztex.ee\/lt\/pood\/pagalviu-uzvalkalai\/tencelio-pagalves-uzvalkalas-vysniu-rozine\/\" \/>\n<meta property=\"og:site_name\" content=\"AZTEX\" \/>\n<meta property=\"article:publisher\" content=\"https:\/\/www.facebook.com\/AztexEE\" \/>\n<meta property=\"article:modified_time\" content=\"2026-04-13T18:57:05+00:00\" \/>\n<meta property=\"og:image\" content=\"https:\/\/aztex.ee\/wp-content\/uploads\/2025\/04\/Tencel-padjapuur-Kirsiroosa.jpg\" \/>\n\t<meta property=\"og:image:width\" content=\"800\" \/>\n\t<meta property=\"og:image:height\" content=\"800\" \/>\n\t<meta property=\"og:image:type\" content=\"image\/jpeg\" \/>\n<meta name=\"twitter:card\" content=\"summary_large_image\" \/>\n<meta name=\"twitter:label1\" content=\"Est. reading time\" \/>\n\t<meta name=\"twitter:data1\" content=\"1 minut\u0117\" \/>\n<script type=\"application\/ld+json\" class=\"yoast-schema-graph\">{\"@context\":\"https:\\\/\\\/schema.org\",\"@graph\":[{\"@type\":[\"WebPage\",\"ItemPage\"],\"@id\":\"https:\\\/\\\/aztex.ee\\\/lt\\\/pood\\\/pagalviu-uzvalkalai\\\/tencelio-pagalves-uzvalkalas-vysniu-rozine\\\/\",\"url\":\"https:\\\/\\\/aztex.ee\\\/lt\\\/pood\\\/pagalviu-uzvalkalai\\\/tencelio-pagalves-uzvalkalas-vysniu-rozine\\\/\",\"name\":\"Tencelio pagalv\u0117s u\u017evalkalas - Vy\u0161ni\u0173 ro\u017ein\u0117 | AZTEX\",\"isPartOf\":{\"@id\":\"https:\\\/\\\/aztex.ee\\\/lt\\\/#website\"},\"primaryImageOfPage\":{\"@id\":\"https:\\\/\\\/aztex.ee\\\/lt\\\/pood\\\/pagalviu-uzvalkalai\\\/tencelio-pagalves-uzvalkalas-vysniu-rozine\\\/#primaryimage\"},\"image\":{\"@id\":\"https:\\\/\\\/aztex.ee\\\/lt\\\/pood\\\/pagalviu-uzvalkalai\\\/tencelio-pagalves-uzvalkalas-vysniu-rozine\\\/#primaryimage\"},\"thumbnailUrl\":\"https:\\\/\\\/aztex.ee\\\/wp-content\\\/uploads\\\/2025\\\/04\\\/Tencel-padjapuur-Kirsiroosa.jpg\",\"datePublished\":\"2025-04-27T12:40:39+00:00\",\"dateModified\":\"2026-04-13T18:57:05+00:00\",\"description\":\"Vy\u0161ni\u0173 ro\u017ein\u0117 TENCEL\u2122 pagalv\u0117s u\u017evalkalas yra odai draugi\u0161kas ir patvarus pasirinkimas, suteikiantis malon\u0173 v\u0117sos poj\u016bt\u012f miegant ir suteikiantis miegamajam eleganti\u0161k\u0105 i\u0161vaizd\u0105.\",\"breadcrumb\":{\"@id\":\"https:\\\/\\\/aztex.ee\\\/lt\\\/pood\\\/pagalviu-uzvalkalai\\\/tencelio-pagalves-uzvalkalas-vysniu-rozine\\\/#breadcrumb\"},\"inLanguage\":\"lt-LT\",\"potentialAction\":[{\"@type\":\"ReadAction\",\"target\":[\"https:\\\/\\\/aztex.ee\\\/lt\\\/pood\\\/pagalviu-uzvalkalai\\\/tencelio-pagalves-uzvalkalas-vysniu-rozine\\\/\"]}]},{\"@type\":\"ImageObject\",\"inLanguage\":\"lt-LT\",\"@id\":\"https:\\\/\\\/aztex.ee\\\/lt\\\/pood\\\/pagalviu-uzvalkalai\\\/tencelio-pagalves-uzvalkalas-vysniu-rozine\\\/#primaryimage\",\"url\":\"https:\\\/\\\/aztex.ee\\\/wp-content\\\/uploads\\\/2025\\\/04\\\/Tencel-padjapuur-Kirsiroosa.jpg\",\"contentUrl\":\"https:\\\/\\\/aztex.ee\\\/wp-content\\\/uploads\\\/2025\\\/04\\\/Tencel-padjapuur-Kirsiroosa.jpg\",\"width\":800,\"height\":800,\"caption\":\"Tencel padjap\u00fc\u00fcr Kirsiroosa\"},{\"@type\":\"BreadcrumbList\",\"@id\":\"https:\\\/\\\/aztex.ee\\\/lt\\\/pood\\\/pagalviu-uzvalkalai\\\/tencelio-pagalves-uzvalkalas-vysniu-rozine\\\/#breadcrumb\",\"itemListElement\":[{\"@type\":\"ListItem\",\"position\":1,\"name\":\"Prad\u017eia\",\"item\":\"https:\\\/\\\/aztex.ee\\\/lt\\\/\"},{\"@type\":\"ListItem\",\"position\":2,\"name\":\"Parduotuv\u0117\",\"item\":\"https:\\\/\\\/aztex.ee\\\/lt\\\/parduotuve\\\/\"},{\"@type\":\"ListItem\",\"position\":3,\"name\":\"Tencelio pagalv\u0117s u\u017evalkalas \u2013 Vy\u0161ni\u0173 ro\u017ein\u0117\"}]},{\"@type\":\"WebSite\",\"@id\":\"https:\\\/\\\/aztex.ee\\\/lt\\\/#website\",\"url\":\"https:\\\/\\\/aztex.ee\\\/lt\\\/\",\"name\":\"AZTEX\",\"description\":\"\",\"publisher\":{\"@id\":\"https:\\\/\\\/aztex.ee\\\/lt\\\/#organization\"},\"potentialAction\":[{\"@type\":\"SearchAction\",\"target\":{\"@type\":\"EntryPoint\",\"urlTemplate\":\"https:\\\/\\\/aztex.ee\\\/lt\\\/?s={search_term_string}\"},\"query-input\":{\"@type\":\"PropertyValueSpecification\",\"valueRequired\":true,\"valueName\":\"search_term_string\"}}],\"inLanguage\":\"lt-LT\"},{\"@type\":\"Organization\",\"@id\":\"https:\\\/\\\/aztex.ee\\\/lt\\\/#organization\",\"name\":\"AZTEX\",\"url\":\"https:\\\/\\\/aztex.ee\\\/lt\\\/\",\"logo\":{\"@type\":\"ImageObject\",\"inLanguage\":\"lt-LT\",\"@id\":\"https:\\\/\\\/aztex.ee\\\/lt\\\/#\\\/schema\\\/logo\\\/image\\\/\",\"url\":\"https:\\\/\\\/aztex.ee\\\/wp-content\\\/uploads\\\/2026\\\/01\\\/AZTEX.png\",\"contentUrl\":\"https:\\\/\\\/aztex.ee\\\/wp-content\\\/uploads\\\/2026\\\/01\\\/AZTEX.png\",\"width\":500,\"height\":500,\"caption\":\"AZTEX\"},\"image\":{\"@id\":\"https:\\\/\\\/aztex.ee\\\/lt\\\/#\\\/schema\\\/logo\\\/image\\\/\"},\"sameAs\":[\"https:\\\/\\\/www.facebook.com\\\/AztexEE\",\"https:\\\/\\\/www.instagram.com\\\/aztexeesti\\\/\",\"https:\\\/\\\/www.youtube.com\\\/@AZTEXEE\",\"https:\\\/\\\/www.pinterest.com\\\/aztex_eesti\\\/\",\"https:\\\/\\\/www.tiktok.com\\\/@aztexeesti\",\"https:\\\/\\\/www.trustpilot.com\\\/review\\\/aztex.ee\",\"https:\\\/\\\/www.linkedin.com\\\/company\\\/aztex-ee\\\/\",\"https:\\\/\\\/www.wikidata.org\\\/wiki\\\/Q137560182\"]}]}<\/script>\n<!-- \/ Yoast SEO plugin. -->","yoast_head_json":{"title":"Tencelio pagalv\u0117s u\u017evalkalas - Vy\u0161ni\u0173 ro\u017ein\u0117 | AZTEX","description":"Vy\u0161ni\u0173 ro\u017ein\u0117 TENCEL\u2122 pagalv\u0117s u\u017evalkalas yra odai draugi\u0161kas ir patvarus pasirinkimas, suteikiantis malon\u0173 v\u0117sos poj\u016bt\u012f miegant ir suteikiantis miegamajam eleganti\u0161k\u0105 i\u0161vaizd\u0105.","robots":{"index":"index","follow":"follow","max-snippet":"max-snippet:-1","max-image-preview":"max-image-preview:large","max-video-preview":"max-video-preview:-1"},"canonical":"https:\/\/aztex.ee\/lt\/pood\/pagalviu-uzvalkalai\/tencelio-pagalves-uzvalkalas-vysniu-rozine\/","og_locale":"lt_LT","og_type":"article","og_title":"Tencelio pagalv\u0117s u\u017evalkalas - Vy\u0161ni\u0173 ro\u017ein\u0117 | AZTEX","og_description":"Vy\u0161ni\u0173 ro\u017ein\u0117 TENCEL\u2122 pagalv\u0117s u\u017evalkalas yra odai draugi\u0161kas ir patvarus pasirinkimas, suteikiantis malon\u0173 v\u0117sos poj\u016bt\u012f miegant ir suteikiantis miegamajam eleganti\u0161k\u0105 i\u0161vaizd\u0105.","og_url":"https:\/\/aztex.ee\/lt\/pood\/pagalviu-uzvalkalai\/tencelio-pagalves-uzvalkalas-vysniu-rozine\/","og_site_name":"AZTEX","article_publisher":"https:\/\/www.facebook.com\/AztexEE","article_modified_time":"2026-04-13T18:57:05+00:00","og_image":[{"width":800,"height":800,"url":"https:\/\/aztex.ee\/wp-content\/uploads\/2025\/04\/Tencel-padjapuur-Kirsiroosa.jpg","type":"image\/jpeg"}],"twitter_card":"summary_large_image","twitter_misc":{"Est. reading time":"1 minut\u0117"},"schema":{"@context":"https:\/\/schema.org","@graph":[{"@type":["WebPage","ItemPage"],"@id":"https:\/\/aztex.ee\/lt\/pood\/pagalviu-uzvalkalai\/tencelio-pagalves-uzvalkalas-vysniu-rozine\/","url":"https:\/\/aztex.ee\/lt\/pood\/pagalviu-uzvalkalai\/tencelio-pagalves-uzvalkalas-vysniu-rozine\/","name":"Tencelio pagalv\u0117s u\u017evalkalas - Vy\u0161ni\u0173 ro\u017ein\u0117 | AZTEX","isPartOf":{"@id":"https:\/\/aztex.ee\/lt\/#website"},"primaryImageOfPage":{"@id":"https:\/\/aztex.ee\/lt\/pood\/pagalviu-uzvalkalai\/tencelio-pagalves-uzvalkalas-vysniu-rozine\/#primaryimage"},"image":{"@id":"https:\/\/aztex.ee\/lt\/pood\/pagalviu-uzvalkalai\/tencelio-pagalves-uzvalkalas-vysniu-rozine\/#primaryimage"},"thumbnailUrl":"https:\/\/aztex.ee\/wp-content\/uploads\/2025\/04\/Tencel-padjapuur-Kirsiroosa.jpg","datePublished":"2025-04-27T12:40:39+00:00","dateModified":"2026-04-13T18:57:05+00:00","description":"Vy\u0161ni\u0173 ro\u017ein\u0117 TENCEL\u2122 pagalv\u0117s u\u017evalkalas yra odai draugi\u0161kas ir patvarus pasirinkimas, suteikiantis malon\u0173 v\u0117sos poj\u016bt\u012f miegant ir suteikiantis miegamajam eleganti\u0161k\u0105 i\u0161vaizd\u0105.","breadcrumb":{"@id":"https:\/\/aztex.ee\/lt\/pood\/pagalviu-uzvalkalai\/tencelio-pagalves-uzvalkalas-vysniu-rozine\/#breadcrumb"},"inLanguage":"lt-LT","potentialAction":[{"@type":"ReadAction","target":["https:\/\/aztex.ee\/lt\/pood\/pagalviu-uzvalkalai\/tencelio-pagalves-uzvalkalas-vysniu-rozine\/"]}]},{"@type":"ImageObject","inLanguage":"lt-LT","@id":"https:\/\/aztex.ee\/lt\/pood\/pagalviu-uzvalkalai\/tencelio-pagalves-uzvalkalas-vysniu-rozine\/#primaryimage","url":"https:\/\/aztex.ee\/wp-content\/uploads\/2025\/04\/Tencel-padjapuur-Kirsiroosa.jpg","contentUrl":"https:\/\/aztex.ee\/wp-content\/uploads\/2025\/04\/Tencel-padjapuur-Kirsiroosa.jpg","width":800,"height":800,"caption":"Tencel padjap\u00fc\u00fcr Kirsiroosa"},{"@type":"BreadcrumbList","@id":"https:\/\/aztex.ee\/lt\/pood\/pagalviu-uzvalkalai\/tencelio-pagalves-uzvalkalas-vysniu-rozine\/#breadcrumb","itemListElement":[{"@type":"ListItem","position":1,"name":"Prad\u017eia","item":"https:\/\/aztex.ee\/lt\/"},{"@type":"ListItem","position":2,"name":"Parduotuv\u0117","item":"https:\/\/aztex.ee\/lt\/parduotuve\/"},{"@type":"ListItem","position":3,"name":"Tencelio pagalv\u0117s u\u017evalkalas \u2013 Vy\u0161ni\u0173 ro\u017ein\u0117"}]},{"@type":"WebSite","@id":"https:\/\/aztex.ee\/lt\/#website","url":"https:\/\/aztex.ee\/lt\/","name":"AZTEX","description":"","publisher":{"@id":"https:\/\/aztex.ee\/lt\/#organization"},"potentialAction":[{"@type":"SearchAction","target":{"@type":"EntryPoint","urlTemplate":"https:\/\/aztex.ee\/lt\/?s={search_term_string}"},"query-input":{"@type":"PropertyValueSpecification","valueRequired":true,"valueName":"search_term_string"}}],"inLanguage":"lt-LT"},{"@type":"Organization","@id":"https:\/\/aztex.ee\/lt\/#organization","name":"AZTEX","url":"https:\/\/aztex.ee\/lt\/","logo":{"@type":"ImageObject","inLanguage":"lt-LT","@id":"https:\/\/aztex.ee\/lt\/#\/schema\/logo\/image\/","url":"https:\/\/aztex.ee\/wp-content\/uploads\/2026\/01\/AZTEX.png","contentUrl":"https:\/\/aztex.ee\/wp-content\/uploads\/2026\/01\/AZTEX.png","width":500,"height":500,"caption":"AZTEX"},"image":{"@id":"https:\/\/aztex.ee\/lt\/#\/schema\/logo\/image\/"},"sameAs":["https:\/\/www.facebook.com\/AztexEE","https:\/\/www.instagram.com\/aztexeesti\/","https:\/\/www.youtube.com\/@AZTEXEE","https:\/\/www.pinterest.com\/aztex_eesti\/","https:\/\/www.tiktok.com\/@aztexeesti","https:\/\/www.trustpilot.com\/review\/aztex.ee","https:\/\/www.linkedin.com\/company\/aztex-ee\/","https:\/\/www.wikidata.org\/wiki\/Q137560182"]}]}},"_links":{"self":[{"href":"https:\/\/aztex.ee\/lt\/wp-json\/wp\/v2\/product\/81813","targetHints":{"allow":["GET"]}}],"collection":[{"href":"https:\/\/aztex.ee\/lt\/wp-json\/wp\/v2\/product"}],"about":[{"href":"https:\/\/aztex.ee\/lt\/wp-json\/wp\/v2\/types\/product"}],"replies":[{"embeddable":true,"href":"https:\/\/aztex.ee\/lt\/wp-json\/wp\/v2\/comments?post=81813"}],"version-history":[{"count":0,"href":"https:\/\/aztex.ee\/lt\/wp-json\/wp\/v2\/product\/81813\/revisions"}],"wp:featuredmedia":[{"embeddable":true,"href":"https:\/\/aztex.ee\/lt\/wp-json\/wp\/v2\/media\/81902"}],"wp:attachment":[{"href":"https:\/\/aztex.ee\/lt\/wp-json\/wp\/v2\/media?parent=81813"}],"wp:term":[{"taxonomy":"product_brand","embeddable":true,"href":"https:\/\/aztex.ee\/lt\/wp-json\/wp\/v2\/product_brand?post=81813"},{"taxonomy":"product_cat","embeddable":true,"href":"https:\/\/aztex.ee\/lt\/wp-json\/wp\/v2\/product_cat?post=81813"},{"taxonomy":"product_tag","embeddable":true,"href":"https:\/\/aztex.ee\/lt\/wp-json\/wp\/v2\/product_tag?post=81813"}],"curies":[{"name":"wp","href":"https:\/\/api.w.org\/{rel}","templated":true}]}}