{"id":78039,"date":"2025-04-06T21:41:41","date_gmt":"2025-04-06T21:41:41","guid":{"rendered":"https:\/\/aztex.ee\/?post_type=product&#038;p=78039"},"modified":"2025-04-06T22:42:50","modified_gmt":"2025-04-06T22:42:50","slug":"bambuko-uzvalkalas-pagalvei-khaki","status":"publish","type":"product","link":"https:\/\/aztex.ee\/lt\/pood\/bambuko-pagalviu-uzvalkalai\/bambuko-uzvalkalas-pagalvei-khaki\/","title":{"rendered":"Bambuko u\u017evalkalas pagalvei \u2013 Khaki"},"content":{"rendered":"<p>Bambuko pagalv\u0117s u\u017evalkalas yra kv\u0117puojantis ir nekenksmingas odai, tod\u0117l u\u017etikrina patog\u0173 ir gaiv\u0173 mieg\u0105. Nat\u016bralios bambuko pluo\u0161to savyb\u0117s padeda reguliuoti temperat\u016br\u0105 ir sugeria dr\u0117gm\u0119, tod\u0117l pagalv\u0117s u\u017evalkalas i\u0161lieka sausas ir \u0161varus. Be to, jis yra antibakterinis ir hipoalergi\u0161kas, tod\u0117l puikiai tinka jautriai odai.<\/p>\n<p>Lygus ir subtilus audinys malonus liesti, j\u012f lengva pri\u017ei\u016br\u0117ti \u2013 galima skalbti ma\u0161inoje ir yra patvarus. Mink\u0161ta tekst\u016bra i\u0161laiko savo kokyb\u0119 net po pakartotinio plovimo, suteikdama malon\u0173 poils\u012f kiekvien\u0105 nakt\u012f.<\/p>\n<p>Bambuko pagalv\u0117s u\u017evalkalas puikiai tiks bet kuriame miegamajame, pasi\u017eymintis prakti\u0161kumu ir eleganti\u0161ku i\u0161vaizda. Jo neutral\u016bs ir nat\u016bral\u016bs tonai sukuria rami\u0105 ir jauki\u0105 atmosfer\u0105, lengvai derindami skirtingus patalyn\u0117s komplektus. Kiekvien\u0105 vakar\u0105 m\u0117gaukit\u0117s \u0161velniu ir gaiviu poj\u016b\u010diu, tod\u0117l miegas tikrai gaivus.<\/p>\n","protected":false},"excerpt":{"rendered":"<p>Bambuko pagalv\u0117s u\u017evalkalas yra nat\u016bralus, mink\u0161tas ir kv\u0117puojantis, u\u017etikrinantis kokybi\u0161k\u0105 mieg\u0105.<\/p>\n<ul>\n<li>Spalva: Khaki<\/li>\n<li>Med\u017eiaga: 100% bambukas<\/li>\n<li>Si\u016blas: 300 TC<\/li>\n<\/ul>\n<p><img loading=\"lazy\" decoding=\"async\" class=\"alignnone wp-image-20226\" src=\"https:\/\/aztex.ee\/wp-content\/uploads\/2024\/09\/oekotex100.png\" alt=\"\" width=\"196\" height=\"69\" srcset=\"https:\/\/aztex.ee\/wp-content\/uploads\/2024\/09\/oekotex100.png 204w, https:\/\/aztex.ee\/wp-content\/uploads\/2024\/09\/oekotex100-150x53.png 150w\" sizes=\"auto, (max-width: 196px) 100vw, 196px\" \/><img loading=\"lazy\" decoding=\"async\" class=\"alignnone wp-image-20260\" src=\"https:\/\/aztex.ee\/wp-content\/uploads\/2024\/09\/bambuuss.png\" alt=\"\" width=\"75\" height=\"75\" srcset=\"https:\/\/aztex.ee\/wp-content\/uploads\/2024\/09\/bambuuss.png 204w, https:\/\/aztex.ee\/wp-content\/uploads\/2024\/09\/bambuuss-150x150.png 150w\" sizes=\"auto, (max-width: 75px) 100vw, 75px\" \/><\/p>\n","protected":false},"featured_media":78152,"comment_status":"open","ping_status":"closed","template":"","meta":[],"product_brand":[],"product_cat":[523,1780],"product_tag":[],"class_list":{"0":"post-78039","1":"product","2":"type-product","3":"status-publish","4":"has-post-thumbnail","6":"product_cat-bambuko-pagalviu-uzvalkalai","7":"product_cat-pagalviu-uzvalkalai","9":"first","10":"instock","11":"shipping-taxable","12":"purchasable","13":"product-type-variable"},"yoast_head":"<!-- This site is optimized with the Yoast SEO plugin v27.6 - https:\/\/yoast.com\/product\/yoast-seo-wordpress\/ -->\n<title>Bambuko u\u017evalkalas pagalvei - Khaki | AZTEX<\/title>\n<meta name=\"description\" content=\"Bambuko pagalv\u0117s u\u017evalkalas yra mink\u0161tas, kv\u0117puojantis, draugi\u0161kas odai ir antibakterinis. Idealus pasirinkimas jautriai odai, u\u017etikrinantis gaivum\u0105 ir ...\" \/>\n<meta name=\"robots\" content=\"index, follow, max-snippet:-1, max-image-preview:large, max-video-preview:-1\" \/>\n<link rel=\"canonical\" href=\"https:\/\/aztex.ee\/lt\/pood\/bambuko-pagalviu-uzvalkalai\/bambuko-uzvalkalas-pagalvei-khaki\/\" \/>\n<meta property=\"og:locale\" content=\"lt_LT\" \/>\n<meta property=\"og:type\" content=\"article\" \/>\n<meta property=\"og:title\" content=\"Bambuko u\u017evalkalas pagalvei - Khaki | AZTEX\" \/>\n<meta property=\"og:description\" content=\"Bambuko pagalv\u0117s u\u017evalkalas yra mink\u0161tas, kv\u0117puojantis, draugi\u0161kas odai ir antibakterinis. Idealus pasirinkimas jautriai odai, u\u017etikrinantis gaivum\u0105 ir ...\" \/>\n<meta property=\"og:url\" content=\"https:\/\/aztex.ee\/lt\/pood\/bambuko-pagalviu-uzvalkalai\/bambuko-uzvalkalas-pagalvei-khaki\/\" \/>\n<meta property=\"og:site_name\" content=\"AZTEX\" \/>\n<meta property=\"article:publisher\" content=\"https:\/\/www.facebook.com\/AztexEE\" \/>\n<meta property=\"article:modified_time\" content=\"2025-04-06T22:42:50+00:00\" \/>\n<meta property=\"og:image\" content=\"https:\/\/aztex.ee\/wp-content\/uploads\/2025\/04\/Bambusest-padjapuur-\u2013-Khaki.jpg\" \/>\n\t<meta property=\"og:image:width\" content=\"800\" \/>\n\t<meta property=\"og:image:height\" content=\"800\" \/>\n\t<meta property=\"og:image:type\" content=\"image\/jpeg\" \/>\n<meta name=\"twitter:card\" content=\"summary_large_image\" \/>\n<meta name=\"twitter:label1\" content=\"Est. reading time\" \/>\n\t<meta name=\"twitter:data1\" content=\"1 minut\u0117\" \/>\n<script type=\"application\/ld+json\" class=\"yoast-schema-graph\">{\"@context\":\"https:\\\/\\\/schema.org\",\"@graph\":[{\"@type\":[\"WebPage\",\"ItemPage\"],\"@id\":\"https:\\\/\\\/aztex.ee\\\/lt\\\/pood\\\/bambuko-pagalviu-uzvalkalai\\\/bambuko-uzvalkalas-pagalvei-khaki\\\/\",\"url\":\"https:\\\/\\\/aztex.ee\\\/lt\\\/pood\\\/bambuko-pagalviu-uzvalkalai\\\/bambuko-uzvalkalas-pagalvei-khaki\\\/\",\"name\":\"Bambuko u\u017evalkalas pagalvei - Khaki | AZTEX\",\"isPartOf\":{\"@id\":\"https:\\\/\\\/aztex.ee\\\/lt\\\/#website\"},\"primaryImageOfPage\":{\"@id\":\"https:\\\/\\\/aztex.ee\\\/lt\\\/pood\\\/bambuko-pagalviu-uzvalkalai\\\/bambuko-uzvalkalas-pagalvei-khaki\\\/#primaryimage\"},\"image\":{\"@id\":\"https:\\\/\\\/aztex.ee\\\/lt\\\/pood\\\/bambuko-pagalviu-uzvalkalai\\\/bambuko-uzvalkalas-pagalvei-khaki\\\/#primaryimage\"},\"thumbnailUrl\":\"https:\\\/\\\/aztex.ee\\\/wp-content\\\/uploads\\\/2025\\\/04\\\/Bambusest-padjapuur-\u2013-Khaki.jpg\",\"datePublished\":\"2025-04-06T21:41:41+00:00\",\"dateModified\":\"2025-04-06T22:42:50+00:00\",\"description\":\"Bambuko pagalv\u0117s u\u017evalkalas yra mink\u0161tas, kv\u0117puojantis, draugi\u0161kas odai ir antibakterinis. Idealus pasirinkimas jautriai odai, u\u017etikrinantis gaivum\u0105 ir ...\",\"breadcrumb\":{\"@id\":\"https:\\\/\\\/aztex.ee\\\/lt\\\/pood\\\/bambuko-pagalviu-uzvalkalai\\\/bambuko-uzvalkalas-pagalvei-khaki\\\/#breadcrumb\"},\"inLanguage\":\"lt-LT\",\"potentialAction\":[{\"@type\":\"ReadAction\",\"target\":[\"https:\\\/\\\/aztex.ee\\\/lt\\\/pood\\\/bambuko-pagalviu-uzvalkalai\\\/bambuko-uzvalkalas-pagalvei-khaki\\\/\"]}]},{\"@type\":\"ImageObject\",\"inLanguage\":\"lt-LT\",\"@id\":\"https:\\\/\\\/aztex.ee\\\/lt\\\/pood\\\/bambuko-pagalviu-uzvalkalai\\\/bambuko-uzvalkalas-pagalvei-khaki\\\/#primaryimage\",\"url\":\"https:\\\/\\\/aztex.ee\\\/wp-content\\\/uploads\\\/2025\\\/04\\\/Bambusest-padjapuur-\u2013-Khaki.jpg\",\"contentUrl\":\"https:\\\/\\\/aztex.ee\\\/wp-content\\\/uploads\\\/2025\\\/04\\\/Bambusest-padjapuur-\u2013-Khaki.jpg\",\"width\":800,\"height\":800,\"caption\":\"Bambusest padjap\u00fc\u00fcr \u2013 Khaki\"},{\"@type\":\"BreadcrumbList\",\"@id\":\"https:\\\/\\\/aztex.ee\\\/lt\\\/pood\\\/bambuko-pagalviu-uzvalkalai\\\/bambuko-uzvalkalas-pagalvei-khaki\\\/#breadcrumb\",\"itemListElement\":[{\"@type\":\"ListItem\",\"position\":1,\"name\":\"Prad\u017eia\",\"item\":\"https:\\\/\\\/aztex.ee\\\/lt\\\/\"},{\"@type\":\"ListItem\",\"position\":2,\"name\":\"Parduotuv\u0117\",\"item\":\"https:\\\/\\\/aztex.ee\\\/lt\\\/parduotuve\\\/\"},{\"@type\":\"ListItem\",\"position\":3,\"name\":\"Bambuko u\u017evalkalas pagalvei \u2013 Khaki\"}]},{\"@type\":\"WebSite\",\"@id\":\"https:\\\/\\\/aztex.ee\\\/lt\\\/#website\",\"url\":\"https:\\\/\\\/aztex.ee\\\/lt\\\/\",\"name\":\"AZTEX\",\"description\":\"\",\"publisher\":{\"@id\":\"https:\\\/\\\/aztex.ee\\\/lt\\\/#organization\"},\"potentialAction\":[{\"@type\":\"SearchAction\",\"target\":{\"@type\":\"EntryPoint\",\"urlTemplate\":\"https:\\\/\\\/aztex.ee\\\/lt\\\/?s={search_term_string}\"},\"query-input\":{\"@type\":\"PropertyValueSpecification\",\"valueRequired\":true,\"valueName\":\"search_term_string\"}}],\"inLanguage\":\"lt-LT\"},{\"@type\":\"Organization\",\"@id\":\"https:\\\/\\\/aztex.ee\\\/lt\\\/#organization\",\"name\":\"AZTEX\",\"url\":\"https:\\\/\\\/aztex.ee\\\/lt\\\/\",\"logo\":{\"@type\":\"ImageObject\",\"inLanguage\":\"lt-LT\",\"@id\":\"https:\\\/\\\/aztex.ee\\\/lt\\\/#\\\/schema\\\/logo\\\/image\\\/\",\"url\":\"https:\\\/\\\/aztex.ee\\\/wp-content\\\/uploads\\\/2026\\\/01\\\/AZTEX.png\",\"contentUrl\":\"https:\\\/\\\/aztex.ee\\\/wp-content\\\/uploads\\\/2026\\\/01\\\/AZTEX.png\",\"width\":500,\"height\":500,\"caption\":\"AZTEX\"},\"image\":{\"@id\":\"https:\\\/\\\/aztex.ee\\\/lt\\\/#\\\/schema\\\/logo\\\/image\\\/\"},\"sameAs\":[\"https:\\\/\\\/www.facebook.com\\\/AztexEE\",\"https:\\\/\\\/www.instagram.com\\\/aztexeesti\\\/\",\"https:\\\/\\\/www.youtube.com\\\/@AZTEXEE\",\"https:\\\/\\\/www.pinterest.com\\\/aztex_eesti\\\/\",\"https:\\\/\\\/www.tiktok.com\\\/@aztexeesti\",\"https:\\\/\\\/www.trustpilot.com\\\/review\\\/aztex.ee\",\"https:\\\/\\\/www.linkedin.com\\\/company\\\/aztex-ee\\\/\",\"https:\\\/\\\/www.wikidata.org\\\/wiki\\\/Q137560182\"]}]}<\/script>\n<!-- \/ Yoast SEO plugin. -->","yoast_head_json":{"title":"Bambuko u\u017evalkalas pagalvei - Khaki | AZTEX","description":"Bambuko pagalv\u0117s u\u017evalkalas yra mink\u0161tas, kv\u0117puojantis, draugi\u0161kas odai ir antibakterinis. Idealus pasirinkimas jautriai odai, u\u017etikrinantis gaivum\u0105 ir ...","robots":{"index":"index","follow":"follow","max-snippet":"max-snippet:-1","max-image-preview":"max-image-preview:large","max-video-preview":"max-video-preview:-1"},"canonical":"https:\/\/aztex.ee\/lt\/pood\/bambuko-pagalviu-uzvalkalai\/bambuko-uzvalkalas-pagalvei-khaki\/","og_locale":"lt_LT","og_type":"article","og_title":"Bambuko u\u017evalkalas pagalvei - Khaki | AZTEX","og_description":"Bambuko pagalv\u0117s u\u017evalkalas yra mink\u0161tas, kv\u0117puojantis, draugi\u0161kas odai ir antibakterinis. Idealus pasirinkimas jautriai odai, u\u017etikrinantis gaivum\u0105 ir ...","og_url":"https:\/\/aztex.ee\/lt\/pood\/bambuko-pagalviu-uzvalkalai\/bambuko-uzvalkalas-pagalvei-khaki\/","og_site_name":"AZTEX","article_publisher":"https:\/\/www.facebook.com\/AztexEE","article_modified_time":"2025-04-06T22:42:50+00:00","og_image":[{"width":800,"height":800,"url":"https:\/\/aztex.ee\/wp-content\/uploads\/2025\/04\/Bambusest-padjapuur-\u2013-Khaki.jpg","type":"image\/jpeg"}],"twitter_card":"summary_large_image","twitter_misc":{"Est. reading time":"1 minut\u0117"},"schema":{"@context":"https:\/\/schema.org","@graph":[{"@type":["WebPage","ItemPage"],"@id":"https:\/\/aztex.ee\/lt\/pood\/bambuko-pagalviu-uzvalkalai\/bambuko-uzvalkalas-pagalvei-khaki\/","url":"https:\/\/aztex.ee\/lt\/pood\/bambuko-pagalviu-uzvalkalai\/bambuko-uzvalkalas-pagalvei-khaki\/","name":"Bambuko u\u017evalkalas pagalvei - Khaki | AZTEX","isPartOf":{"@id":"https:\/\/aztex.ee\/lt\/#website"},"primaryImageOfPage":{"@id":"https:\/\/aztex.ee\/lt\/pood\/bambuko-pagalviu-uzvalkalai\/bambuko-uzvalkalas-pagalvei-khaki\/#primaryimage"},"image":{"@id":"https:\/\/aztex.ee\/lt\/pood\/bambuko-pagalviu-uzvalkalai\/bambuko-uzvalkalas-pagalvei-khaki\/#primaryimage"},"thumbnailUrl":"https:\/\/aztex.ee\/wp-content\/uploads\/2025\/04\/Bambusest-padjapuur-\u2013-Khaki.jpg","datePublished":"2025-04-06T21:41:41+00:00","dateModified":"2025-04-06T22:42:50+00:00","description":"Bambuko pagalv\u0117s u\u017evalkalas yra mink\u0161tas, kv\u0117puojantis, draugi\u0161kas odai ir antibakterinis. Idealus pasirinkimas jautriai odai, u\u017etikrinantis gaivum\u0105 ir ...","breadcrumb":{"@id":"https:\/\/aztex.ee\/lt\/pood\/bambuko-pagalviu-uzvalkalai\/bambuko-uzvalkalas-pagalvei-khaki\/#breadcrumb"},"inLanguage":"lt-LT","potentialAction":[{"@type":"ReadAction","target":["https:\/\/aztex.ee\/lt\/pood\/bambuko-pagalviu-uzvalkalai\/bambuko-uzvalkalas-pagalvei-khaki\/"]}]},{"@type":"ImageObject","inLanguage":"lt-LT","@id":"https:\/\/aztex.ee\/lt\/pood\/bambuko-pagalviu-uzvalkalai\/bambuko-uzvalkalas-pagalvei-khaki\/#primaryimage","url":"https:\/\/aztex.ee\/wp-content\/uploads\/2025\/04\/Bambusest-padjapuur-\u2013-Khaki.jpg","contentUrl":"https:\/\/aztex.ee\/wp-content\/uploads\/2025\/04\/Bambusest-padjapuur-\u2013-Khaki.jpg","width":800,"height":800,"caption":"Bambusest padjap\u00fc\u00fcr \u2013 Khaki"},{"@type":"BreadcrumbList","@id":"https:\/\/aztex.ee\/lt\/pood\/bambuko-pagalviu-uzvalkalai\/bambuko-uzvalkalas-pagalvei-khaki\/#breadcrumb","itemListElement":[{"@type":"ListItem","position":1,"name":"Prad\u017eia","item":"https:\/\/aztex.ee\/lt\/"},{"@type":"ListItem","position":2,"name":"Parduotuv\u0117","item":"https:\/\/aztex.ee\/lt\/parduotuve\/"},{"@type":"ListItem","position":3,"name":"Bambuko u\u017evalkalas pagalvei \u2013 Khaki"}]},{"@type":"WebSite","@id":"https:\/\/aztex.ee\/lt\/#website","url":"https:\/\/aztex.ee\/lt\/","name":"AZTEX","description":"","publisher":{"@id":"https:\/\/aztex.ee\/lt\/#organization"},"potentialAction":[{"@type":"SearchAction","target":{"@type":"EntryPoint","urlTemplate":"https:\/\/aztex.ee\/lt\/?s={search_term_string}"},"query-input":{"@type":"PropertyValueSpecification","valueRequired":true,"valueName":"search_term_string"}}],"inLanguage":"lt-LT"},{"@type":"Organization","@id":"https:\/\/aztex.ee\/lt\/#organization","name":"AZTEX","url":"https:\/\/aztex.ee\/lt\/","logo":{"@type":"ImageObject","inLanguage":"lt-LT","@id":"https:\/\/aztex.ee\/lt\/#\/schema\/logo\/image\/","url":"https:\/\/aztex.ee\/wp-content\/uploads\/2026\/01\/AZTEX.png","contentUrl":"https:\/\/aztex.ee\/wp-content\/uploads\/2026\/01\/AZTEX.png","width":500,"height":500,"caption":"AZTEX"},"image":{"@id":"https:\/\/aztex.ee\/lt\/#\/schema\/logo\/image\/"},"sameAs":["https:\/\/www.facebook.com\/AztexEE","https:\/\/www.instagram.com\/aztexeesti\/","https:\/\/www.youtube.com\/@AZTEXEE","https:\/\/www.pinterest.com\/aztex_eesti\/","https:\/\/www.tiktok.com\/@aztexeesti","https:\/\/www.trustpilot.com\/review\/aztex.ee","https:\/\/www.linkedin.com\/company\/aztex-ee\/","https:\/\/www.wikidata.org\/wiki\/Q137560182"]}]}},"_links":{"self":[{"href":"https:\/\/aztex.ee\/lt\/wp-json\/wp\/v2\/product\/78039","targetHints":{"allow":["GET"]}}],"collection":[{"href":"https:\/\/aztex.ee\/lt\/wp-json\/wp\/v2\/product"}],"about":[{"href":"https:\/\/aztex.ee\/lt\/wp-json\/wp\/v2\/types\/product"}],"replies":[{"embeddable":true,"href":"https:\/\/aztex.ee\/lt\/wp-json\/wp\/v2\/comments?post=78039"}],"version-history":[{"count":0,"href":"https:\/\/aztex.ee\/lt\/wp-json\/wp\/v2\/product\/78039\/revisions"}],"wp:featuredmedia":[{"embeddable":true,"href":"https:\/\/aztex.ee\/lt\/wp-json\/wp\/v2\/media\/78152"}],"wp:attachment":[{"href":"https:\/\/aztex.ee\/lt\/wp-json\/wp\/v2\/media?parent=78039"}],"wp:term":[{"taxonomy":"product_brand","embeddable":true,"href":"https:\/\/aztex.ee\/lt\/wp-json\/wp\/v2\/product_brand?post=78039"},{"taxonomy":"product_cat","embeddable":true,"href":"https:\/\/aztex.ee\/lt\/wp-json\/wp\/v2\/product_cat?post=78039"},{"taxonomy":"product_tag","embeddable":true,"href":"https:\/\/aztex.ee\/lt\/wp-json\/wp\/v2\/product_tag?post=78039"}],"curies":[{"name":"wp","href":"https:\/\/api.w.org\/{rel}","templated":true}]}}