{"id":69198,"date":"2025-03-20T07:14:30","date_gmt":"2025-03-20T07:14:30","guid":{"rendered":"https:\/\/aztex.ee\/?post_type=product&#038;p=69198"},"modified":"2026-03-27T14:59:31","modified_gmt":"2026-03-27T14:59:31","slug":"antklode-ir-pagalve-2-viename","status":"publish","type":"product","link":"https:\/\/aztex.ee\/lt\/pood\/vaiku-pasaulis\/antklode-ir-pagalve-2-viename\/","title":{"rendered":"Antklod\u0117 ir pagalv\u0117 2 viename"},"content":{"rendered":"<p><strong>Vaiki\u0161ka pagalv\u0117 ir antklod\u0117 2 viename \u2013 tobulas patogumas ir prakti\u0161kumas kiekvienoje situacijoje<\/strong><\/p>\n<p><strong>Kompakti\u0161kas ir viet\u0105 taupantis sprendimas kiekvienai aplinkai<\/strong><\/p>\n<p>Vaiki\u0161ka pagalv\u0117 ir antklod\u0117 2 viename yra idealus sprendimas vaikams, kuriems reikia komforto ir \u0161ilumos bet kurioje situacijoje. D\u0117l kompakti\u0161ko ir lengvai ne\u0161iojamo dizaino jis yra puikus pasirinkimas nam\u0173, kelioni\u0173 ar vaik\u0173 miegamiesiems. I\u0161skirtinis erdv\u0119 taupantis dizainas u\u017etikrina, kad gaminys puikiai tilps ir automobilyje, suteikdamas vaikams \u0161ilum\u0105 ir komfort\u0105 bet kuriuo metu, kai jiems to labiausiai reikia. Nesvarbu, ar esate namuose, ar kelyje \u2013 \u0161is \u201edu viename\u201c sprendimas u\u017etikrina patogias atostogas bet kur.<\/p>\n<p><strong>Universalus ir prakti\u0161kas kiekvienoje situacijoje<\/strong><\/p>\n<p>\u0160is universalus gaminys tinka kiekvienai progai, \u012fskaitant vaik\u0173 kasdienyb\u0119. Nesvarbu, ar tai poilsis namuose po pamok\u0173, ar keliaujant \u2013 \u0161is gaminys si\u016blo b\u016btent tai, ko reikia j\u016bs\u0173 vaikui bet kuriuo metu. Kompakti\u0161kas ir paprastas naudoti, jis taip pat puikiai tinka stovyklavimui, atostogoms ir net kelion\u0117ms automobiliu. \u0160is gaminys suteikia vaikams \u0161ilumos ir komforto visur, kur jiems to reikia.<\/p>\n<p><strong>Lengva naudoti ir pri\u017ei\u016br\u0117ti<\/strong><\/p>\n<p>Vaiki\u0161ka pagalv\u0117 ir antklod\u0117 2 viename yra pagaminti i\u0161 geriausi\u0173 med\u017eiag\u0173, u\u017etikrinan\u010di\u0173 ilgalaik\u012f patvarum\u0105. Jis sukurtas taip, kad j\u012f b\u016bt\u0173 lengva ne tik naudoti, bet ir pri\u017ei\u016br\u0117ti. \u0160eimoms su vaikais, kur svarbu greitis ir paprastumas, \u0161is gaminys si\u016blo didel\u012f komfort\u0105 ir prakti\u0161kum\u0105. D\u0117l lengvos prie\u017ei\u016bros j\u012f galima lengvai nuplauti, kad b\u016bt\u0173 u\u017etikrinta higiena ir gaivumas kasdieniame naudojime.<\/p>\n<p><strong>Puikus kelioni\u0173 draugas ir nam\u0173 priedas vaikams<\/strong><\/p>\n<p>\u0160i 2 viename pagalv\u0117 ir antklod\u0117 yra idealus kelioni\u0173 draugas, nes yra lengvas, kompakti\u0161kas ir prakti\u0161kas. Visada tur\u0117kite j\u012f su savimi, kad bet kuriuo metu u\u017etikrintum\u0117te atsipalaidavim\u0105 ir \u0161ilum\u0105 vaikams. Namuose jis puikiai papildys vaik\u0173 kambar\u012f, suteikdamas tobul\u0105 komfort\u0105 kiekvienam vartotojui. Nesvarbu, ar keliaujate, ar ilsit\u0117s namuose \u2013 pagalv\u0117 \u201e2 viename\u201c ir antklod\u0117 kiekvien\u0105 akimirk\u0105 padarys dar malonesn\u0119 ir bus puikus kiekvieno ma\u017eo nuotykio palydovas.<\/p>\n","protected":false},"excerpt":{"rendered":"<ul>\n<li>Med\u017eiaga: Koralin\u0117 vilna<\/li>\n<li>Dydis: 40&#215;40 cm \u2013 atidaryta 105&#215;155 cm<\/li>\n<li>Svoris: 1,1 kg<\/li>\n<\/ul>\n","protected":false},"featured_media":69309,"comment_status":"open","ping_status":"closed","template":"","meta":[],"product_brand":[],"product_cat":[2240,2219],"product_tag":[],"class_list":{"0":"post-69198","1":"product","2":"type-product","3":"status-publish","4":"has-post-thumbnail","6":"product_cat-vaikiskos-antklodes","7":"product_cat-vaiku-pasaulis","9":"first","10":"instock","11":"shipping-taxable","12":"purchasable","13":"product-type-variable"},"yoast_head":"<!-- This site is optimized with the Yoast SEO plugin v27.3 - https:\/\/yoast.com\/product\/yoast-seo-wordpress\/ -->\n<title>Antklod\u0117 ir pagalv\u0117 2 viename | AZTEX<\/title>\n<meta name=\"description\" content=\"Vaiki\u0161ka pagalv\u0117 ir antklod\u0117 2 viename \u2013 kompakti\u0161kas, kokybi\u0161kas ir viet\u0105 taupantis sprendimas, idealiai tinkantis poilsiui namuose ar kelion\u0117se.\" \/>\n<meta name=\"robots\" content=\"index, follow, max-snippet:-1, max-image-preview:large, max-video-preview:-1\" \/>\n<link rel=\"canonical\" href=\"https:\/\/aztex.ee\/lt\/pood\/vaiku-pasaulis\/antklode-ir-pagalve-2-viename\/\" \/>\n<meta property=\"og:locale\" content=\"lt_LT\" \/>\n<meta property=\"og:type\" content=\"article\" \/>\n<meta property=\"og:title\" content=\"Antklod\u0117 ir pagalv\u0117 2 viename | AZTEX\" \/>\n<meta property=\"og:description\" content=\"Vaiki\u0161ka pagalv\u0117 ir antklod\u0117 2 viename \u2013 kompakti\u0161kas, kokybi\u0161kas ir viet\u0105 taupantis sprendimas, idealiai tinkantis poilsiui namuose ar kelion\u0117se.\" \/>\n<meta property=\"og:url\" content=\"https:\/\/aztex.ee\/lt\/pood\/vaiku-pasaulis\/antklode-ir-pagalve-2-viename\/\" \/>\n<meta property=\"og:site_name\" content=\"AZTEX\" \/>\n<meta property=\"article:publisher\" content=\"https:\/\/www.facebook.com\/AztexEE\" \/>\n<meta property=\"article:modified_time\" content=\"2026-03-27T14:59:31+00:00\" \/>\n<meta property=\"og:image\" content=\"https:\/\/aztex.ee\/wp-content\/uploads\/2025\/03\/Padi-ja-tekk-2-in-1.jpg\" \/>\n\t<meta property=\"og:image:width\" content=\"800\" \/>\n\t<meta property=\"og:image:height\" content=\"800\" \/>\n\t<meta property=\"og:image:type\" content=\"image\/jpeg\" \/>\n<meta name=\"twitter:card\" content=\"summary_large_image\" \/>\n<meta name=\"twitter:label1\" content=\"Est. reading time\" \/>\n\t<meta name=\"twitter:data1\" content=\"2 minut\u0117s\" \/>\n<script type=\"application\/ld+json\" class=\"yoast-schema-graph\">{\"@context\":\"https:\\\/\\\/schema.org\",\"@graph\":[{\"@type\":[\"WebPage\",\"ItemPage\"],\"@id\":\"https:\\\/\\\/aztex.ee\\\/lt\\\/pood\\\/vaiku-pasaulis\\\/antklode-ir-pagalve-2-viename\\\/\",\"url\":\"https:\\\/\\\/aztex.ee\\\/lt\\\/pood\\\/vaiku-pasaulis\\\/antklode-ir-pagalve-2-viename\\\/\",\"name\":\"Antklod\u0117 ir pagalv\u0117 2 viename | AZTEX\",\"isPartOf\":{\"@id\":\"https:\\\/\\\/aztex.ee\\\/lt\\\/#website\"},\"primaryImageOfPage\":{\"@id\":\"https:\\\/\\\/aztex.ee\\\/lt\\\/pood\\\/vaiku-pasaulis\\\/antklode-ir-pagalve-2-viename\\\/#primaryimage\"},\"image\":{\"@id\":\"https:\\\/\\\/aztex.ee\\\/lt\\\/pood\\\/vaiku-pasaulis\\\/antklode-ir-pagalve-2-viename\\\/#primaryimage\"},\"thumbnailUrl\":\"https:\\\/\\\/aztex.ee\\\/wp-content\\\/uploads\\\/2025\\\/03\\\/Padi-ja-tekk-2-in-1.jpg\",\"datePublished\":\"2025-03-20T07:14:30+00:00\",\"dateModified\":\"2026-03-27T14:59:31+00:00\",\"description\":\"Vaiki\u0161ka pagalv\u0117 ir antklod\u0117 2 viename \u2013 kompakti\u0161kas, kokybi\u0161kas ir viet\u0105 taupantis sprendimas, idealiai tinkantis poilsiui namuose ar kelion\u0117se.\",\"breadcrumb\":{\"@id\":\"https:\\\/\\\/aztex.ee\\\/lt\\\/pood\\\/vaiku-pasaulis\\\/antklode-ir-pagalve-2-viename\\\/#breadcrumb\"},\"inLanguage\":\"lt-LT\",\"potentialAction\":[{\"@type\":\"ReadAction\",\"target\":[\"https:\\\/\\\/aztex.ee\\\/lt\\\/pood\\\/vaiku-pasaulis\\\/antklode-ir-pagalve-2-viename\\\/\"]}]},{\"@type\":\"ImageObject\",\"inLanguage\":\"lt-LT\",\"@id\":\"https:\\\/\\\/aztex.ee\\\/lt\\\/pood\\\/vaiku-pasaulis\\\/antklode-ir-pagalve-2-viename\\\/#primaryimage\",\"url\":\"https:\\\/\\\/aztex.ee\\\/wp-content\\\/uploads\\\/2025\\\/03\\\/Padi-ja-tekk-2-in-1.jpg\",\"contentUrl\":\"https:\\\/\\\/aztex.ee\\\/wp-content\\\/uploads\\\/2025\\\/03\\\/Padi-ja-tekk-2-in-1.jpg\",\"width\":800,\"height\":800,\"caption\":\"Padi ja tekk 2 in 1\"},{\"@type\":\"BreadcrumbList\",\"@id\":\"https:\\\/\\\/aztex.ee\\\/lt\\\/pood\\\/vaiku-pasaulis\\\/antklode-ir-pagalve-2-viename\\\/#breadcrumb\",\"itemListElement\":[{\"@type\":\"ListItem\",\"position\":1,\"name\":\"Prad\u017eia\",\"item\":\"https:\\\/\\\/aztex.ee\\\/lt\\\/\"},{\"@type\":\"ListItem\",\"position\":2,\"name\":\"Parduotuv\u0117\",\"item\":\"https:\\\/\\\/aztex.ee\\\/lt\\\/parduotuve\\\/\"},{\"@type\":\"ListItem\",\"position\":3,\"name\":\"Antklod\u0117 ir pagalv\u0117 2 viename\"}]},{\"@type\":\"WebSite\",\"@id\":\"https:\\\/\\\/aztex.ee\\\/lt\\\/#website\",\"url\":\"https:\\\/\\\/aztex.ee\\\/lt\\\/\",\"name\":\"AZTEX\",\"description\":\"\",\"publisher\":{\"@id\":\"https:\\\/\\\/aztex.ee\\\/lt\\\/#organization\"},\"potentialAction\":[{\"@type\":\"SearchAction\",\"target\":{\"@type\":\"EntryPoint\",\"urlTemplate\":\"https:\\\/\\\/aztex.ee\\\/lt\\\/?s={search_term_string}\"},\"query-input\":{\"@type\":\"PropertyValueSpecification\",\"valueRequired\":true,\"valueName\":\"search_term_string\"}}],\"inLanguage\":\"lt-LT\"},{\"@type\":\"Organization\",\"@id\":\"https:\\\/\\\/aztex.ee\\\/lt\\\/#organization\",\"name\":\"AZTEX\",\"url\":\"https:\\\/\\\/aztex.ee\\\/lt\\\/\",\"logo\":{\"@type\":\"ImageObject\",\"inLanguage\":\"lt-LT\",\"@id\":\"https:\\\/\\\/aztex.ee\\\/lt\\\/#\\\/schema\\\/logo\\\/image\\\/\",\"url\":\"https:\\\/\\\/aztex.ee\\\/wp-content\\\/uploads\\\/2026\\\/01\\\/AZTEX.png\",\"contentUrl\":\"https:\\\/\\\/aztex.ee\\\/wp-content\\\/uploads\\\/2026\\\/01\\\/AZTEX.png\",\"width\":500,\"height\":500,\"caption\":\"AZTEX\"},\"image\":{\"@id\":\"https:\\\/\\\/aztex.ee\\\/lt\\\/#\\\/schema\\\/logo\\\/image\\\/\"},\"sameAs\":[\"https:\\\/\\\/www.facebook.com\\\/AztexEE\",\"https:\\\/\\\/www.instagram.com\\\/aztexeesti\\\/\",\"https:\\\/\\\/www.youtube.com\\\/@AZTEXEE\",\"https:\\\/\\\/www.pinterest.com\\\/aztex_eesti\\\/\",\"https:\\\/\\\/www.tiktok.com\\\/@aztexeesti\",\"https:\\\/\\\/www.trustpilot.com\\\/review\\\/aztex.ee\",\"https:\\\/\\\/www.linkedin.com\\\/company\\\/aztex-ee\\\/\",\"https:\\\/\\\/www.wikidata.org\\\/wiki\\\/Q137560182\"]}]}<\/script>\n<!-- \/ Yoast SEO plugin. -->","yoast_head_json":{"title":"Antklod\u0117 ir pagalv\u0117 2 viename | AZTEX","description":"Vaiki\u0161ka pagalv\u0117 ir antklod\u0117 2 viename \u2013 kompakti\u0161kas, kokybi\u0161kas ir viet\u0105 taupantis sprendimas, idealiai tinkantis poilsiui namuose ar kelion\u0117se.","robots":{"index":"index","follow":"follow","max-snippet":"max-snippet:-1","max-image-preview":"max-image-preview:large","max-video-preview":"max-video-preview:-1"},"canonical":"https:\/\/aztex.ee\/lt\/pood\/vaiku-pasaulis\/antklode-ir-pagalve-2-viename\/","og_locale":"lt_LT","og_type":"article","og_title":"Antklod\u0117 ir pagalv\u0117 2 viename | AZTEX","og_description":"Vaiki\u0161ka pagalv\u0117 ir antklod\u0117 2 viename \u2013 kompakti\u0161kas, kokybi\u0161kas ir viet\u0105 taupantis sprendimas, idealiai tinkantis poilsiui namuose ar kelion\u0117se.","og_url":"https:\/\/aztex.ee\/lt\/pood\/vaiku-pasaulis\/antklode-ir-pagalve-2-viename\/","og_site_name":"AZTEX","article_publisher":"https:\/\/www.facebook.com\/AztexEE","article_modified_time":"2026-03-27T14:59:31+00:00","og_image":[{"width":800,"height":800,"url":"https:\/\/aztex.ee\/wp-content\/uploads\/2025\/03\/Padi-ja-tekk-2-in-1.jpg","type":"image\/jpeg"}],"twitter_card":"summary_large_image","twitter_misc":{"Est. reading time":"2 minut\u0117s"},"schema":{"@context":"https:\/\/schema.org","@graph":[{"@type":["WebPage","ItemPage"],"@id":"https:\/\/aztex.ee\/lt\/pood\/vaiku-pasaulis\/antklode-ir-pagalve-2-viename\/","url":"https:\/\/aztex.ee\/lt\/pood\/vaiku-pasaulis\/antklode-ir-pagalve-2-viename\/","name":"Antklod\u0117 ir pagalv\u0117 2 viename | AZTEX","isPartOf":{"@id":"https:\/\/aztex.ee\/lt\/#website"},"primaryImageOfPage":{"@id":"https:\/\/aztex.ee\/lt\/pood\/vaiku-pasaulis\/antklode-ir-pagalve-2-viename\/#primaryimage"},"image":{"@id":"https:\/\/aztex.ee\/lt\/pood\/vaiku-pasaulis\/antklode-ir-pagalve-2-viename\/#primaryimage"},"thumbnailUrl":"https:\/\/aztex.ee\/wp-content\/uploads\/2025\/03\/Padi-ja-tekk-2-in-1.jpg","datePublished":"2025-03-20T07:14:30+00:00","dateModified":"2026-03-27T14:59:31+00:00","description":"Vaiki\u0161ka pagalv\u0117 ir antklod\u0117 2 viename \u2013 kompakti\u0161kas, kokybi\u0161kas ir viet\u0105 taupantis sprendimas, idealiai tinkantis poilsiui namuose ar kelion\u0117se.","breadcrumb":{"@id":"https:\/\/aztex.ee\/lt\/pood\/vaiku-pasaulis\/antklode-ir-pagalve-2-viename\/#breadcrumb"},"inLanguage":"lt-LT","potentialAction":[{"@type":"ReadAction","target":["https:\/\/aztex.ee\/lt\/pood\/vaiku-pasaulis\/antklode-ir-pagalve-2-viename\/"]}]},{"@type":"ImageObject","inLanguage":"lt-LT","@id":"https:\/\/aztex.ee\/lt\/pood\/vaiku-pasaulis\/antklode-ir-pagalve-2-viename\/#primaryimage","url":"https:\/\/aztex.ee\/wp-content\/uploads\/2025\/03\/Padi-ja-tekk-2-in-1.jpg","contentUrl":"https:\/\/aztex.ee\/wp-content\/uploads\/2025\/03\/Padi-ja-tekk-2-in-1.jpg","width":800,"height":800,"caption":"Padi ja tekk 2 in 1"},{"@type":"BreadcrumbList","@id":"https:\/\/aztex.ee\/lt\/pood\/vaiku-pasaulis\/antklode-ir-pagalve-2-viename\/#breadcrumb","itemListElement":[{"@type":"ListItem","position":1,"name":"Prad\u017eia","item":"https:\/\/aztex.ee\/lt\/"},{"@type":"ListItem","position":2,"name":"Parduotuv\u0117","item":"https:\/\/aztex.ee\/lt\/parduotuve\/"},{"@type":"ListItem","position":3,"name":"Antklod\u0117 ir pagalv\u0117 2 viename"}]},{"@type":"WebSite","@id":"https:\/\/aztex.ee\/lt\/#website","url":"https:\/\/aztex.ee\/lt\/","name":"AZTEX","description":"","publisher":{"@id":"https:\/\/aztex.ee\/lt\/#organization"},"potentialAction":[{"@type":"SearchAction","target":{"@type":"EntryPoint","urlTemplate":"https:\/\/aztex.ee\/lt\/?s={search_term_string}"},"query-input":{"@type":"PropertyValueSpecification","valueRequired":true,"valueName":"search_term_string"}}],"inLanguage":"lt-LT"},{"@type":"Organization","@id":"https:\/\/aztex.ee\/lt\/#organization","name":"AZTEX","url":"https:\/\/aztex.ee\/lt\/","logo":{"@type":"ImageObject","inLanguage":"lt-LT","@id":"https:\/\/aztex.ee\/lt\/#\/schema\/logo\/image\/","url":"https:\/\/aztex.ee\/wp-content\/uploads\/2026\/01\/AZTEX.png","contentUrl":"https:\/\/aztex.ee\/wp-content\/uploads\/2026\/01\/AZTEX.png","width":500,"height":500,"caption":"AZTEX"},"image":{"@id":"https:\/\/aztex.ee\/lt\/#\/schema\/logo\/image\/"},"sameAs":["https:\/\/www.facebook.com\/AztexEE","https:\/\/www.instagram.com\/aztexeesti\/","https:\/\/www.youtube.com\/@AZTEXEE","https:\/\/www.pinterest.com\/aztex_eesti\/","https:\/\/www.tiktok.com\/@aztexeesti","https:\/\/www.trustpilot.com\/review\/aztex.ee","https:\/\/www.linkedin.com\/company\/aztex-ee\/","https:\/\/www.wikidata.org\/wiki\/Q137560182"]}]}},"_links":{"self":[{"href":"https:\/\/aztex.ee\/lt\/wp-json\/wp\/v2\/product\/69198","targetHints":{"allow":["GET"]}}],"collection":[{"href":"https:\/\/aztex.ee\/lt\/wp-json\/wp\/v2\/product"}],"about":[{"href":"https:\/\/aztex.ee\/lt\/wp-json\/wp\/v2\/types\/product"}],"replies":[{"embeddable":true,"href":"https:\/\/aztex.ee\/lt\/wp-json\/wp\/v2\/comments?post=69198"}],"version-history":[{"count":0,"href":"https:\/\/aztex.ee\/lt\/wp-json\/wp\/v2\/product\/69198\/revisions"}],"wp:featuredmedia":[{"embeddable":true,"href":"https:\/\/aztex.ee\/lt\/wp-json\/wp\/v2\/media\/69309"}],"wp:attachment":[{"href":"https:\/\/aztex.ee\/lt\/wp-json\/wp\/v2\/media?parent=69198"}],"wp:term":[{"taxonomy":"product_brand","embeddable":true,"href":"https:\/\/aztex.ee\/lt\/wp-json\/wp\/v2\/product_brand?post=69198"},{"taxonomy":"product_cat","embeddable":true,"href":"https:\/\/aztex.ee\/lt\/wp-json\/wp\/v2\/product_cat?post=69198"},{"taxonomy":"product_tag","embeddable":true,"href":"https:\/\/aztex.ee\/lt\/wp-json\/wp\/v2\/product_tag?post=69198"}],"curies":[{"name":"wp","href":"https:\/\/api.w.org\/{rel}","templated":true}]}}