{"id":65824,"date":"2025-03-14T00:14:30","date_gmt":"2025-03-14T00:14:30","guid":{"rendered":"https:\/\/aztex.ee\/?post_type=product&#038;p=65824"},"modified":"2026-04-11T12:19:43","modified_gmt":"2026-04-11T12:19:43","slug":"vonios-ranksluostis-70x140-cm","status":"publish","type":"product","link":"https:\/\/aztex.ee\/lt\/pood\/ranksluosciai-ir-vonios-ranksluosciai\/vonios-ranksluostis-70x140-cm\/","title":{"rendered":"Vonios rank\u0161luostis 70&#215;140 cm"},"content":{"rendered":"<p><strong>Kokybi\u0161kas medvilninis vonios rank\u0161luostis \u2013 maloniai \u0161velnus odai<\/strong><\/p>\n<p>Mink\u0161tas ir sugeriantis medvilninis vonios rank\u0161luostis, kurio i\u0161matavimai 70&#215;140 cm, sukurtas taip, kad suteikt\u0173 kasdien\u012f komfort\u0105 ir kokyb\u0119. Pagaminta i\u0161 auk\u0161tos kokyb\u0117s medviln\u0117s, kuri gars\u0117ja puikiu sugeriamumu ir mink\u0161tumu, \u0161is rank\u0161luostis greitai d\u017ei\u016bsta ir i\u0161laiko od\u0105 \u0161vari\u0105 ir gaivi\u0105 po vonios ar du\u0161o.<\/p>\n<p><strong>Patvarus ir ilgalaikis naudojimas<\/strong><br \/>\nD\u0117l savo patvarumo ir kokyb\u0117s \u0161is rank\u0161luostis yra ilgaam\u017eis ir tinkamas naudoti kasdien. Net po keli\u0173 plovim\u0173 jis i\u0161laiko savo mink\u0161tum\u0105 ir sugeriamum\u0105, tod\u0117l yra puikus pasirinkimas ilgalaikiam komfortui. Lengvai pri\u017ei\u016brimas ir greitai d\u017ei\u016bstantis vonios rank\u0161luostis yra prakti\u0161kas bet koki\u0173 nam\u0173 priedas.<\/p>\n<p><strong>\u0160iltos ir jaukios atmosferos k\u016brimas<\/strong><br \/>\nMedvilninis rank\u0161luostis kiekvienam vonios kambariui suteikia \u0161iltos ir jaukios atmosferos. Tai idealus pasirinkimas ne tik asmeniniam naudojimui, bet ir dovana draugams, \u0161eimos nariams ar naujiems nam\u0173 \u0161eimininkams. Jei ie\u0161kote patikimo ir kokybi\u0161ko vonios rank\u0161luos\u010dio, \u0161is medvilninis vonios rank\u0161luostis yra puikus pasirinkimas bet kuriuose namuose.<\/p>\n<p><strong>Lengva prie\u017ei\u016bra ir ilgalaik\u0117 kokyb\u0117<\/strong><br \/>\nMedvilnin\u012f vonios rank\u0161luost\u012f lengva pri\u017ei\u016br\u0117ti ir jis i\u0161laiko savo kokyb\u0119 net po keli\u0173 plovim\u0173. D\u0117l savo patvarumo ir greito d\u017ei\u016bvimo tai idealus pasirinkimas kasdieniam naudojimui. Rank\u0161luostis nepraranda savo mink\u0161tumo ar sugeriamumo net ir nuolat naudojant, tod\u0117l yra patikimas ir patogus pasirinkimas bet kuriuose namuose.<\/p>\n","protected":false},"excerpt":{"rendered":"<ul>\n<li>Med\u017eiaga: 100% medviln\u0117<\/li>\n<li>Dydis: 70&#215;140 cm \u00b13<\/li>\n<li>Svoris: 400g\/m2<\/li>\n<\/ul>\n","protected":false},"featured_media":65899,"comment_status":"open","ping_status":"closed","template":"","meta":[],"product_brand":[],"product_cat":[485,1596,1713],"product_tag":[],"class_list":{"0":"post-65824","1":"product","2":"type-product","3":"status-publish","4":"has-post-thumbnail","6":"product_cat-ranksluosciai-ir-vonios-ranksluosciai","7":"product_cat-vonios-ranksluosciai","8":"product_cat-vonios-ranksluosciai-70x140-cm","10":"first","11":"instock","12":"shipping-taxable","13":"purchasable","14":"product-type-variable"},"yoast_head":"<!-- This site is optimized with the Yoast SEO plugin v27.6 - https:\/\/yoast.com\/product\/yoast-seo-wordpress\/ -->\n<title>Vonios rank\u0161luostis 70x140 cm - Nat\u016bralus ir Mink\u0161tas | AZTEX<\/title>\n<meta name=\"description\" content=\"Mink\u0161tas ir sugeriantis medvilninis rank\u0161luostis u\u017etikrina greit\u0105 d\u017ei\u016bvim\u0105, puik\u0173 komfort\u0105, mink\u0161tumo poj\u016bt\u012f, ilgaam\u017ei\u0161kum\u0105 ir patogum\u0105 naudoti kasdien.\" \/>\n<meta name=\"robots\" content=\"index, follow, max-snippet:-1, max-image-preview:large, max-video-preview:-1\" \/>\n<link rel=\"canonical\" href=\"https:\/\/aztex.ee\/lt\/pood\/ranksluosciai-ir-vonios-ranksluosciai\/vonios-ranksluostis-70x140-cm\/\" \/>\n<meta property=\"og:locale\" content=\"lt_LT\" \/>\n<meta property=\"og:type\" content=\"article\" \/>\n<meta property=\"og:title\" content=\"Vonios rank\u0161luostis 70x140 cm - Nat\u016bralus ir Mink\u0161tas | AZTEX\" \/>\n<meta property=\"og:description\" content=\"Mink\u0161tas ir sugeriantis medvilninis rank\u0161luostis u\u017etikrina greit\u0105 d\u017ei\u016bvim\u0105, puik\u0173 komfort\u0105, mink\u0161tumo poj\u016bt\u012f, ilgaam\u017ei\u0161kum\u0105 ir patogum\u0105 naudoti kasdien.\" \/>\n<meta property=\"og:url\" content=\"https:\/\/aztex.ee\/lt\/pood\/ranksluosciai-ir-vonios-ranksluosciai\/vonios-ranksluostis-70x140-cm\/\" \/>\n<meta property=\"og:site_name\" content=\"AZTEX\" \/>\n<meta property=\"article:publisher\" content=\"https:\/\/www.facebook.com\/AztexEE\" \/>\n<meta property=\"article:modified_time\" content=\"2026-04-11T12:19:43+00:00\" \/>\n<meta property=\"og:image\" content=\"https:\/\/aztex.ee\/wp-content\/uploads\/2025\/03\/Vanniratik-70x140-1.jpg\" \/>\n\t<meta property=\"og:image:width\" content=\"800\" \/>\n\t<meta property=\"og:image:height\" content=\"800\" \/>\n\t<meta property=\"og:image:type\" content=\"image\/jpeg\" \/>\n<meta name=\"twitter:card\" content=\"summary_large_image\" \/>\n<meta name=\"twitter:label1\" content=\"Est. reading time\" \/>\n\t<meta name=\"twitter:data1\" content=\"2 minut\u0117s\" \/>\n<script type=\"application\/ld+json\" class=\"yoast-schema-graph\">{\"@context\":\"https:\\\/\\\/schema.org\",\"@graph\":[{\"@type\":[\"WebPage\",\"ItemPage\"],\"@id\":\"https:\\\/\\\/aztex.ee\\\/lt\\\/pood\\\/ranksluosciai-ir-vonios-ranksluosciai\\\/vonios-ranksluostis-70x140-cm\\\/\",\"url\":\"https:\\\/\\\/aztex.ee\\\/lt\\\/pood\\\/ranksluosciai-ir-vonios-ranksluosciai\\\/vonios-ranksluostis-70x140-cm\\\/\",\"name\":\"Vonios rank\u0161luostis 70x140 cm - Nat\u016bralus ir Mink\u0161tas | AZTEX\",\"isPartOf\":{\"@id\":\"https:\\\/\\\/aztex.ee\\\/lt\\\/#website\"},\"primaryImageOfPage\":{\"@id\":\"https:\\\/\\\/aztex.ee\\\/lt\\\/pood\\\/ranksluosciai-ir-vonios-ranksluosciai\\\/vonios-ranksluostis-70x140-cm\\\/#primaryimage\"},\"image\":{\"@id\":\"https:\\\/\\\/aztex.ee\\\/lt\\\/pood\\\/ranksluosciai-ir-vonios-ranksluosciai\\\/vonios-ranksluostis-70x140-cm\\\/#primaryimage\"},\"thumbnailUrl\":\"https:\\\/\\\/aztex.ee\\\/wp-content\\\/uploads\\\/2025\\\/03\\\/Vanniratik-70x140-1.jpg\",\"datePublished\":\"2025-03-14T00:14:30+00:00\",\"dateModified\":\"2026-04-11T12:19:43+00:00\",\"description\":\"Mink\u0161tas ir sugeriantis medvilninis rank\u0161luostis u\u017etikrina greit\u0105 d\u017ei\u016bvim\u0105, puik\u0173 komfort\u0105, mink\u0161tumo poj\u016bt\u012f, ilgaam\u017ei\u0161kum\u0105 ir patogum\u0105 naudoti kasdien.\",\"breadcrumb\":{\"@id\":\"https:\\\/\\\/aztex.ee\\\/lt\\\/pood\\\/ranksluosciai-ir-vonios-ranksluosciai\\\/vonios-ranksluostis-70x140-cm\\\/#breadcrumb\"},\"inLanguage\":\"lt-LT\",\"potentialAction\":[{\"@type\":\"ReadAction\",\"target\":[\"https:\\\/\\\/aztex.ee\\\/lt\\\/pood\\\/ranksluosciai-ir-vonios-ranksluosciai\\\/vonios-ranksluostis-70x140-cm\\\/\"]}]},{\"@type\":\"ImageObject\",\"inLanguage\":\"lt-LT\",\"@id\":\"https:\\\/\\\/aztex.ee\\\/lt\\\/pood\\\/ranksluosciai-ir-vonios-ranksluosciai\\\/vonios-ranksluostis-70x140-cm\\\/#primaryimage\",\"url\":\"https:\\\/\\\/aztex.ee\\\/wp-content\\\/uploads\\\/2025\\\/03\\\/Vanniratik-70x140-1.jpg\",\"contentUrl\":\"https:\\\/\\\/aztex.ee\\\/wp-content\\\/uploads\\\/2025\\\/03\\\/Vanniratik-70x140-1.jpg\",\"width\":800,\"height\":800,\"caption\":\"Vannir\u00e4tik 70x140\"},{\"@type\":\"BreadcrumbList\",\"@id\":\"https:\\\/\\\/aztex.ee\\\/lt\\\/pood\\\/ranksluosciai-ir-vonios-ranksluosciai\\\/vonios-ranksluostis-70x140-cm\\\/#breadcrumb\",\"itemListElement\":[{\"@type\":\"ListItem\",\"position\":1,\"name\":\"Prad\u017eia\",\"item\":\"https:\\\/\\\/aztex.ee\\\/lt\\\/\"},{\"@type\":\"ListItem\",\"position\":2,\"name\":\"Parduotuv\u0117\",\"item\":\"https:\\\/\\\/aztex.ee\\\/lt\\\/parduotuve\\\/\"},{\"@type\":\"ListItem\",\"position\":3,\"name\":\"Vonios rank\u0161luostis 70&#215;140 cm\"}]},{\"@type\":\"WebSite\",\"@id\":\"https:\\\/\\\/aztex.ee\\\/lt\\\/#website\",\"url\":\"https:\\\/\\\/aztex.ee\\\/lt\\\/\",\"name\":\"AZTEX\",\"description\":\"\",\"publisher\":{\"@id\":\"https:\\\/\\\/aztex.ee\\\/lt\\\/#organization\"},\"potentialAction\":[{\"@type\":\"SearchAction\",\"target\":{\"@type\":\"EntryPoint\",\"urlTemplate\":\"https:\\\/\\\/aztex.ee\\\/lt\\\/?s={search_term_string}\"},\"query-input\":{\"@type\":\"PropertyValueSpecification\",\"valueRequired\":true,\"valueName\":\"search_term_string\"}}],\"inLanguage\":\"lt-LT\"},{\"@type\":\"Organization\",\"@id\":\"https:\\\/\\\/aztex.ee\\\/lt\\\/#organization\",\"name\":\"AZTEX\",\"url\":\"https:\\\/\\\/aztex.ee\\\/lt\\\/\",\"logo\":{\"@type\":\"ImageObject\",\"inLanguage\":\"lt-LT\",\"@id\":\"https:\\\/\\\/aztex.ee\\\/lt\\\/#\\\/schema\\\/logo\\\/image\\\/\",\"url\":\"https:\\\/\\\/aztex.ee\\\/wp-content\\\/uploads\\\/2026\\\/01\\\/AZTEX.png\",\"contentUrl\":\"https:\\\/\\\/aztex.ee\\\/wp-content\\\/uploads\\\/2026\\\/01\\\/AZTEX.png\",\"width\":500,\"height\":500,\"caption\":\"AZTEX\"},\"image\":{\"@id\":\"https:\\\/\\\/aztex.ee\\\/lt\\\/#\\\/schema\\\/logo\\\/image\\\/\"},\"sameAs\":[\"https:\\\/\\\/www.facebook.com\\\/AztexEE\",\"https:\\\/\\\/www.instagram.com\\\/aztexeesti\\\/\",\"https:\\\/\\\/www.youtube.com\\\/@AZTEXEE\",\"https:\\\/\\\/www.pinterest.com\\\/aztex_eesti\\\/\",\"https:\\\/\\\/www.tiktok.com\\\/@aztexeesti\",\"https:\\\/\\\/www.trustpilot.com\\\/review\\\/aztex.ee\",\"https:\\\/\\\/www.linkedin.com\\\/company\\\/aztex-ee\\\/\",\"https:\\\/\\\/www.wikidata.org\\\/wiki\\\/Q137560182\"]}]}<\/script>\n<!-- \/ Yoast SEO plugin. -->","yoast_head_json":{"title":"Vonios rank\u0161luostis 70x140 cm - Nat\u016bralus ir Mink\u0161tas | AZTEX","description":"Mink\u0161tas ir sugeriantis medvilninis rank\u0161luostis u\u017etikrina greit\u0105 d\u017ei\u016bvim\u0105, puik\u0173 komfort\u0105, mink\u0161tumo poj\u016bt\u012f, ilgaam\u017ei\u0161kum\u0105 ir patogum\u0105 naudoti kasdien.","robots":{"index":"index","follow":"follow","max-snippet":"max-snippet:-1","max-image-preview":"max-image-preview:large","max-video-preview":"max-video-preview:-1"},"canonical":"https:\/\/aztex.ee\/lt\/pood\/ranksluosciai-ir-vonios-ranksluosciai\/vonios-ranksluostis-70x140-cm\/","og_locale":"lt_LT","og_type":"article","og_title":"Vonios rank\u0161luostis 70x140 cm - Nat\u016bralus ir Mink\u0161tas | AZTEX","og_description":"Mink\u0161tas ir sugeriantis medvilninis rank\u0161luostis u\u017etikrina greit\u0105 d\u017ei\u016bvim\u0105, puik\u0173 komfort\u0105, mink\u0161tumo poj\u016bt\u012f, ilgaam\u017ei\u0161kum\u0105 ir patogum\u0105 naudoti kasdien.","og_url":"https:\/\/aztex.ee\/lt\/pood\/ranksluosciai-ir-vonios-ranksluosciai\/vonios-ranksluostis-70x140-cm\/","og_site_name":"AZTEX","article_publisher":"https:\/\/www.facebook.com\/AztexEE","article_modified_time":"2026-04-11T12:19:43+00:00","og_image":[{"width":800,"height":800,"url":"https:\/\/aztex.ee\/wp-content\/uploads\/2025\/03\/Vanniratik-70x140-1.jpg","type":"image\/jpeg"}],"twitter_card":"summary_large_image","twitter_misc":{"Est. reading time":"2 minut\u0117s"},"schema":{"@context":"https:\/\/schema.org","@graph":[{"@type":["WebPage","ItemPage"],"@id":"https:\/\/aztex.ee\/lt\/pood\/ranksluosciai-ir-vonios-ranksluosciai\/vonios-ranksluostis-70x140-cm\/","url":"https:\/\/aztex.ee\/lt\/pood\/ranksluosciai-ir-vonios-ranksluosciai\/vonios-ranksluostis-70x140-cm\/","name":"Vonios rank\u0161luostis 70x140 cm - Nat\u016bralus ir Mink\u0161tas | AZTEX","isPartOf":{"@id":"https:\/\/aztex.ee\/lt\/#website"},"primaryImageOfPage":{"@id":"https:\/\/aztex.ee\/lt\/pood\/ranksluosciai-ir-vonios-ranksluosciai\/vonios-ranksluostis-70x140-cm\/#primaryimage"},"image":{"@id":"https:\/\/aztex.ee\/lt\/pood\/ranksluosciai-ir-vonios-ranksluosciai\/vonios-ranksluostis-70x140-cm\/#primaryimage"},"thumbnailUrl":"https:\/\/aztex.ee\/wp-content\/uploads\/2025\/03\/Vanniratik-70x140-1.jpg","datePublished":"2025-03-14T00:14:30+00:00","dateModified":"2026-04-11T12:19:43+00:00","description":"Mink\u0161tas ir sugeriantis medvilninis rank\u0161luostis u\u017etikrina greit\u0105 d\u017ei\u016bvim\u0105, puik\u0173 komfort\u0105, mink\u0161tumo poj\u016bt\u012f, ilgaam\u017ei\u0161kum\u0105 ir patogum\u0105 naudoti kasdien.","breadcrumb":{"@id":"https:\/\/aztex.ee\/lt\/pood\/ranksluosciai-ir-vonios-ranksluosciai\/vonios-ranksluostis-70x140-cm\/#breadcrumb"},"inLanguage":"lt-LT","potentialAction":[{"@type":"ReadAction","target":["https:\/\/aztex.ee\/lt\/pood\/ranksluosciai-ir-vonios-ranksluosciai\/vonios-ranksluostis-70x140-cm\/"]}]},{"@type":"ImageObject","inLanguage":"lt-LT","@id":"https:\/\/aztex.ee\/lt\/pood\/ranksluosciai-ir-vonios-ranksluosciai\/vonios-ranksluostis-70x140-cm\/#primaryimage","url":"https:\/\/aztex.ee\/wp-content\/uploads\/2025\/03\/Vanniratik-70x140-1.jpg","contentUrl":"https:\/\/aztex.ee\/wp-content\/uploads\/2025\/03\/Vanniratik-70x140-1.jpg","width":800,"height":800,"caption":"Vannir\u00e4tik 70x140"},{"@type":"BreadcrumbList","@id":"https:\/\/aztex.ee\/lt\/pood\/ranksluosciai-ir-vonios-ranksluosciai\/vonios-ranksluostis-70x140-cm\/#breadcrumb","itemListElement":[{"@type":"ListItem","position":1,"name":"Prad\u017eia","item":"https:\/\/aztex.ee\/lt\/"},{"@type":"ListItem","position":2,"name":"Parduotuv\u0117","item":"https:\/\/aztex.ee\/lt\/parduotuve\/"},{"@type":"ListItem","position":3,"name":"Vonios rank\u0161luostis 70&#215;140 cm"}]},{"@type":"WebSite","@id":"https:\/\/aztex.ee\/lt\/#website","url":"https:\/\/aztex.ee\/lt\/","name":"AZTEX","description":"","publisher":{"@id":"https:\/\/aztex.ee\/lt\/#organization"},"potentialAction":[{"@type":"SearchAction","target":{"@type":"EntryPoint","urlTemplate":"https:\/\/aztex.ee\/lt\/?s={search_term_string}"},"query-input":{"@type":"PropertyValueSpecification","valueRequired":true,"valueName":"search_term_string"}}],"inLanguage":"lt-LT"},{"@type":"Organization","@id":"https:\/\/aztex.ee\/lt\/#organization","name":"AZTEX","url":"https:\/\/aztex.ee\/lt\/","logo":{"@type":"ImageObject","inLanguage":"lt-LT","@id":"https:\/\/aztex.ee\/lt\/#\/schema\/logo\/image\/","url":"https:\/\/aztex.ee\/wp-content\/uploads\/2026\/01\/AZTEX.png","contentUrl":"https:\/\/aztex.ee\/wp-content\/uploads\/2026\/01\/AZTEX.png","width":500,"height":500,"caption":"AZTEX"},"image":{"@id":"https:\/\/aztex.ee\/lt\/#\/schema\/logo\/image\/"},"sameAs":["https:\/\/www.facebook.com\/AztexEE","https:\/\/www.instagram.com\/aztexeesti\/","https:\/\/www.youtube.com\/@AZTEXEE","https:\/\/www.pinterest.com\/aztex_eesti\/","https:\/\/www.tiktok.com\/@aztexeesti","https:\/\/www.trustpilot.com\/review\/aztex.ee","https:\/\/www.linkedin.com\/company\/aztex-ee\/","https:\/\/www.wikidata.org\/wiki\/Q137560182"]}]}},"_links":{"self":[{"href":"https:\/\/aztex.ee\/lt\/wp-json\/wp\/v2\/product\/65824","targetHints":{"allow":["GET"]}}],"collection":[{"href":"https:\/\/aztex.ee\/lt\/wp-json\/wp\/v2\/product"}],"about":[{"href":"https:\/\/aztex.ee\/lt\/wp-json\/wp\/v2\/types\/product"}],"replies":[{"embeddable":true,"href":"https:\/\/aztex.ee\/lt\/wp-json\/wp\/v2\/comments?post=65824"}],"version-history":[{"count":0,"href":"https:\/\/aztex.ee\/lt\/wp-json\/wp\/v2\/product\/65824\/revisions"}],"wp:featuredmedia":[{"embeddable":true,"href":"https:\/\/aztex.ee\/lt\/wp-json\/wp\/v2\/media\/65899"}],"wp:attachment":[{"href":"https:\/\/aztex.ee\/lt\/wp-json\/wp\/v2\/media?parent=65824"}],"wp:term":[{"taxonomy":"product_brand","embeddable":true,"href":"https:\/\/aztex.ee\/lt\/wp-json\/wp\/v2\/product_brand?post=65824"},{"taxonomy":"product_cat","embeddable":true,"href":"https:\/\/aztex.ee\/lt\/wp-json\/wp\/v2\/product_cat?post=65824"},{"taxonomy":"product_tag","embeddable":true,"href":"https:\/\/aztex.ee\/lt\/wp-json\/wp\/v2\/product_tag?post=65824"}],"curies":[{"name":"wp","href":"https:\/\/api.w.org\/{rel}","templated":true}]}}