{"id":64380,"date":"2025-03-08T22:43:38","date_gmt":"2025-03-08T22:43:38","guid":{"rendered":"https:\/\/aztex.ee\/?post_type=product&#038;p=64380"},"modified":"2025-03-09T19:35:57","modified_gmt":"2025-03-09T19:35:57","slug":"tencel-patalynes-komplektas-sviesiai-zalia","status":"publish","type":"product","link":"https:\/\/aztex.ee\/lt\/pood\/patalyne\/tencel-patalynes-komplektas-sviesiai-zalia\/","title":{"rendered":"Tencel patalyn\u0117s komplektas | \u0160viesiai \u017ealia"},"content":{"rendered":"<p><strong>Prabangus Eucalyptus Tencel patalyn\u0117s komplektas \u2013 \u0161ilko \u0161velnus, kv\u0117puojantis ir i\u0161skirtinai patogus<\/strong><\/p>\n<p><strong>Nepaprastas komfortas ir kokyb\u0117<\/strong><br \/>\nTencel patalyn\u0117s komplektas sukurtas taip, kad u\u017etikrint\u0173 kuo ramesn\u012f ir atgaivinant\u012f mieg\u0105, i\u0161skirtin\u012f komfort\u0105 ir kokyb\u0119. Jis pagamintas naudojant Tencel audin\u012f, gaut\u0105 i\u0161 eukalipto med\u017eio, kuris yra \u017einomas d\u0117l savo \u0161ilko \u0161velnumo, pralaidumo orui ir dr\u0117gm\u0119 sugerian\u010di\u0173 savybi\u0173. Tencel patalyn\u0117 v\u0117sina vasar\u0105 ir \u0161ilta \u017eiem\u0105, tod\u0117l miegas visada yra gaivus ir atgaivinantis.<\/p>\n<p><strong>Prabangi tekst\u016bra ir eleganti\u0161ka i\u0161vaizda<\/strong><br \/>\nAudinys yra glotnus, \u0161velnus ir malonus odai, suteikiantis tikrai prabang\u0173 potyr\u012f miegant. Tencel patalyn\u0117 gra\u017eiai apsivelia, suteikia lovai eleganti\u0161k\u0105 ir kvie\u010dian\u010di\u0105 i\u0161vaizd\u0105, tod\u0117l miegamasis tampa stilinga vieta. Orumas ir lengvumas padeda u\u017etikrinti nuolatin\u012f oro jud\u0117jim\u0105, kad neprakaituot\u0173 nakt\u012f, o patalyn\u0117 visada b\u016bt\u0173 \u0161vie\u017eia.<\/p>\n<p><strong>Patvarumas ir ilgaam\u017ei\u0161kumas<\/strong><br \/>\nTencel patalyn\u0117 yra patvari ir ilgaam\u017e\u0117 \u2013 net ir po keli\u0173 plovim\u0173 i\u0161laiko mink\u0161tum\u0105, gra\u017ei\u0105 drapan\u0105 ir kokyb\u0119. Kiekvien\u0105 vakar\u0105 eiti miegoti tampa tikru malonumu, nes patalyn\u0117 i\u0161lieka \u0161vie\u017eia ir maloni, suteikianti geriausi\u0105 miego patirt\u012f.<\/p>\n<p><strong>Idealus pasirinkimas gamtos ir komforto m\u0117g\u0117jams<\/strong><br \/>\nTencel patalyn\u0117s komplektas yra idealus pasirinkimas vertinantiems nat\u016bralias med\u017eiagas ir norintiems m\u0117gautis auk\u0161tesne kokybe, prabangiu komfortu ir tobulu miegu.<\/p>\n","protected":false},"excerpt":{"rendered":"<p>100% ekologi\u0161ko eukalipto Tencel patalyn\u0117s komplektas yra i\u0161skirtinai mink\u0161tas, pralaidus orui ir prabangus.<\/p>\n<ul>\n<li>Med\u017eiaga: 100% Tencel<\/li>\n<li>Si\u016blas: 60S \/ 300TC<\/li>\n<li>Antklod\u0117s u\u017evalkalas: 200\u00d7220 cm<\/li>\n<li>Pagalv\u0117s u\u017evalkalas: 50\u00d770 cm (2 vnt.)<\/li>\n<li>Paklod\u0117: 220\u00d7240 cm<\/li>\n<\/ul>\n<p><img loading=\"lazy\" decoding=\"async\" class=\"alignnone wp-image-63145\" src=\"https:\/\/aztex.ee\/wp-content\/uploads\/2025\/03\/tencel-certified-400x129.png\" alt=\"\" width=\"131\" height=\"42\" srcset=\"https:\/\/aztex.ee\/wp-content\/uploads\/2025\/03\/tencel-certified-400x129.png 400w, https:\/\/aztex.ee\/wp-content\/uploads\/2025\/03\/tencel-certified-430x139.png 430w, https:\/\/aztex.ee\/wp-content\/uploads\/2025\/03\/tencel-certified-150x49.png 150w, https:\/\/aztex.ee\/wp-content\/uploads\/2025\/03\/tencel-certified.png 516w\" sizes=\"auto, (max-width: 131px) 100vw, 131px\" \/><img loading=\"lazy\" decoding=\"async\" class=\"alignnone wp-image-63168\" src=\"https:\/\/aztex.ee\/wp-content\/uploads\/2025\/03\/oeko-tex-standard-100.png\" alt=\"\" width=\"130\" height=\"43\" srcset=\"https:\/\/aztex.ee\/wp-content\/uploads\/2025\/03\/oeko-tex-standard-100.png 200w, https:\/\/aztex.ee\/wp-content\/uploads\/2025\/03\/oeko-tex-standard-100-150x50.png 150w\" sizes=\"auto, (max-width: 130px) 100vw, 130px\" \/><\/p>\n<p>Tencel patalyn\u0117s komplektas supakuotas \u012f mai\u0161el\u012f i\u0161 to paties Tencel audinio, kuris gaminiui suteikia papildomos elegancijos ir daro j\u012f dar ypatingesn\u012f.<\/p>\n","protected":false},"featured_media":64405,"comment_status":"open","ping_status":"closed","template":"","meta":[],"product_brand":[],"product_cat":[204,502,4551,210],"product_tag":[],"class_list":{"0":"post-64380","1":"product","2":"type-product","3":"status-publish","4":"has-post-thumbnail","6":"product_cat-patalyne","7":"product_cat-patalynes-komplektai","8":"product_cat-tencel-patalynes-komplektai","9":"product_cat-tencelio-patalyne","11":"first","12":"outofstock","13":"shipping-taxable","14":"purchasable","15":"product-type-simple"},"yoast_head":"<!-- This site is optimized with the Yoast SEO plugin v27.4 - https:\/\/yoast.com\/product\/yoast-seo-wordpress\/ -->\n<title>Tencel patalyn\u0117s komplektas - \u0160viesiai \u017ealia | AZTEX<\/title>\n<meta name=\"description\" content=\"Prabangus \u0160viesiai \u017ealia Tencel patalyn\u0117s komplektas yra \u0161ilko \u0161velnus, pralaidus orui ir \u0161velnus odai. Lengva ir lygi tekst\u016bra u\u017etikrina gaivum\u0105 ...\" \/>\n<meta name=\"robots\" content=\"index, follow, max-snippet:-1, max-image-preview:large, max-video-preview:-1\" \/>\n<link rel=\"canonical\" href=\"https:\/\/aztex.ee\/lt\/pood\/patalyne\/tencel-patalynes-komplektas-sviesiai-zalia\/\" \/>\n<meta property=\"og:locale\" content=\"lt_LT\" \/>\n<meta property=\"og:type\" content=\"article\" \/>\n<meta property=\"og:title\" content=\"Tencel patalyn\u0117s komplektas - \u0160viesiai \u017ealia | AZTEX\" \/>\n<meta property=\"og:description\" content=\"Prabangus \u0160viesiai \u017ealia Tencel patalyn\u0117s komplektas yra \u0161ilko \u0161velnus, pralaidus orui ir \u0161velnus odai. Lengva ir lygi tekst\u016bra u\u017etikrina gaivum\u0105 ...\" \/>\n<meta property=\"og:url\" content=\"https:\/\/aztex.ee\/lt\/pood\/patalyne\/tencel-patalynes-komplektas-sviesiai-zalia\/\" \/>\n<meta property=\"og:site_name\" content=\"AZTEX\" \/>\n<meta property=\"article:publisher\" content=\"https:\/\/www.facebook.com\/AztexEE\" \/>\n<meta property=\"article:modified_time\" content=\"2025-03-09T19:35:57+00:00\" \/>\n<meta property=\"og:image\" content=\"https:\/\/aztex.ee\/wp-content\/uploads\/2025\/03\/Tencel-voodipesukomplekt-Heleroheline.jpg\" \/>\n\t<meta property=\"og:image:width\" content=\"800\" \/>\n\t<meta property=\"og:image:height\" content=\"800\" \/>\n\t<meta property=\"og:image:type\" content=\"image\/jpeg\" \/>\n<meta name=\"twitter:card\" content=\"summary_large_image\" \/>\n<meta name=\"twitter:label1\" content=\"Est. reading time\" \/>\n\t<meta name=\"twitter:data1\" content=\"2 minut\u0117s\" \/>\n<script type=\"application\/ld+json\" class=\"yoast-schema-graph\">{\"@context\":\"https:\\\/\\\/schema.org\",\"@graph\":[{\"@type\":[\"WebPage\",\"ItemPage\"],\"@id\":\"https:\\\/\\\/aztex.ee\\\/lt\\\/pood\\\/patalyne\\\/tencel-patalynes-komplektas-sviesiai-zalia\\\/\",\"url\":\"https:\\\/\\\/aztex.ee\\\/lt\\\/pood\\\/patalyne\\\/tencel-patalynes-komplektas-sviesiai-zalia\\\/\",\"name\":\"Tencel patalyn\u0117s komplektas - \u0160viesiai \u017ealia | AZTEX\",\"isPartOf\":{\"@id\":\"https:\\\/\\\/aztex.ee\\\/lt\\\/#website\"},\"primaryImageOfPage\":{\"@id\":\"https:\\\/\\\/aztex.ee\\\/lt\\\/pood\\\/patalyne\\\/tencel-patalynes-komplektas-sviesiai-zalia\\\/#primaryimage\"},\"image\":{\"@id\":\"https:\\\/\\\/aztex.ee\\\/lt\\\/pood\\\/patalyne\\\/tencel-patalynes-komplektas-sviesiai-zalia\\\/#primaryimage\"},\"thumbnailUrl\":\"https:\\\/\\\/aztex.ee\\\/wp-content\\\/uploads\\\/2025\\\/03\\\/Tencel-voodipesukomplekt-Heleroheline.jpg\",\"datePublished\":\"2025-03-08T22:43:38+00:00\",\"dateModified\":\"2025-03-09T19:35:57+00:00\",\"description\":\"Prabangus \u0160viesiai \u017ealia Tencel patalyn\u0117s komplektas yra \u0161ilko \u0161velnus, pralaidus orui ir \u0161velnus odai. Lengva ir lygi tekst\u016bra u\u017etikrina gaivum\u0105 ...\",\"breadcrumb\":{\"@id\":\"https:\\\/\\\/aztex.ee\\\/lt\\\/pood\\\/patalyne\\\/tencel-patalynes-komplektas-sviesiai-zalia\\\/#breadcrumb\"},\"inLanguage\":\"lt-LT\",\"potentialAction\":[{\"@type\":\"ReadAction\",\"target\":[\"https:\\\/\\\/aztex.ee\\\/lt\\\/pood\\\/patalyne\\\/tencel-patalynes-komplektas-sviesiai-zalia\\\/\"]}]},{\"@type\":\"ImageObject\",\"inLanguage\":\"lt-LT\",\"@id\":\"https:\\\/\\\/aztex.ee\\\/lt\\\/pood\\\/patalyne\\\/tencel-patalynes-komplektas-sviesiai-zalia\\\/#primaryimage\",\"url\":\"https:\\\/\\\/aztex.ee\\\/wp-content\\\/uploads\\\/2025\\\/03\\\/Tencel-voodipesukomplekt-Heleroheline.jpg\",\"contentUrl\":\"https:\\\/\\\/aztex.ee\\\/wp-content\\\/uploads\\\/2025\\\/03\\\/Tencel-voodipesukomplekt-Heleroheline.jpg\",\"width\":800,\"height\":800,\"caption\":\"Tencel voodipesukomplekt Heleroheline\"},{\"@type\":\"BreadcrumbList\",\"@id\":\"https:\\\/\\\/aztex.ee\\\/lt\\\/pood\\\/patalyne\\\/tencel-patalynes-komplektas-sviesiai-zalia\\\/#breadcrumb\",\"itemListElement\":[{\"@type\":\"ListItem\",\"position\":1,\"name\":\"Prad\u017eia\",\"item\":\"https:\\\/\\\/aztex.ee\\\/lt\\\/\"},{\"@type\":\"ListItem\",\"position\":2,\"name\":\"Parduotuv\u0117\",\"item\":\"https:\\\/\\\/aztex.ee\\\/lt\\\/parduotuve\\\/\"},{\"@type\":\"ListItem\",\"position\":3,\"name\":\"Tencel patalyn\u0117s komplektas | \u0160viesiai \u017ealia\"}]},{\"@type\":\"WebSite\",\"@id\":\"https:\\\/\\\/aztex.ee\\\/lt\\\/#website\",\"url\":\"https:\\\/\\\/aztex.ee\\\/lt\\\/\",\"name\":\"AZTEX\",\"description\":\"\",\"publisher\":{\"@id\":\"https:\\\/\\\/aztex.ee\\\/lt\\\/#organization\"},\"potentialAction\":[{\"@type\":\"SearchAction\",\"target\":{\"@type\":\"EntryPoint\",\"urlTemplate\":\"https:\\\/\\\/aztex.ee\\\/lt\\\/?s={search_term_string}\"},\"query-input\":{\"@type\":\"PropertyValueSpecification\",\"valueRequired\":true,\"valueName\":\"search_term_string\"}}],\"inLanguage\":\"lt-LT\"},{\"@type\":\"Organization\",\"@id\":\"https:\\\/\\\/aztex.ee\\\/lt\\\/#organization\",\"name\":\"AZTEX\",\"url\":\"https:\\\/\\\/aztex.ee\\\/lt\\\/\",\"logo\":{\"@type\":\"ImageObject\",\"inLanguage\":\"lt-LT\",\"@id\":\"https:\\\/\\\/aztex.ee\\\/lt\\\/#\\\/schema\\\/logo\\\/image\\\/\",\"url\":\"https:\\\/\\\/aztex.ee\\\/wp-content\\\/uploads\\\/2026\\\/01\\\/AZTEX.png\",\"contentUrl\":\"https:\\\/\\\/aztex.ee\\\/wp-content\\\/uploads\\\/2026\\\/01\\\/AZTEX.png\",\"width\":500,\"height\":500,\"caption\":\"AZTEX\"},\"image\":{\"@id\":\"https:\\\/\\\/aztex.ee\\\/lt\\\/#\\\/schema\\\/logo\\\/image\\\/\"},\"sameAs\":[\"https:\\\/\\\/www.facebook.com\\\/AztexEE\",\"https:\\\/\\\/www.instagram.com\\\/aztexeesti\\\/\",\"https:\\\/\\\/www.youtube.com\\\/@AZTEXEE\",\"https:\\\/\\\/www.pinterest.com\\\/aztex_eesti\\\/\",\"https:\\\/\\\/www.tiktok.com\\\/@aztexeesti\",\"https:\\\/\\\/www.trustpilot.com\\\/review\\\/aztex.ee\",\"https:\\\/\\\/www.linkedin.com\\\/company\\\/aztex-ee\\\/\",\"https:\\\/\\\/www.wikidata.org\\\/wiki\\\/Q137560182\"]}]}<\/script>\n<!-- \/ Yoast SEO plugin. -->","yoast_head_json":{"title":"Tencel patalyn\u0117s komplektas - \u0160viesiai \u017ealia | AZTEX","description":"Prabangus \u0160viesiai \u017ealia Tencel patalyn\u0117s komplektas yra \u0161ilko \u0161velnus, pralaidus orui ir \u0161velnus odai. Lengva ir lygi tekst\u016bra u\u017etikrina gaivum\u0105 ...","robots":{"index":"index","follow":"follow","max-snippet":"max-snippet:-1","max-image-preview":"max-image-preview:large","max-video-preview":"max-video-preview:-1"},"canonical":"https:\/\/aztex.ee\/lt\/pood\/patalyne\/tencel-patalynes-komplektas-sviesiai-zalia\/","og_locale":"lt_LT","og_type":"article","og_title":"Tencel patalyn\u0117s komplektas - \u0160viesiai \u017ealia | AZTEX","og_description":"Prabangus \u0160viesiai \u017ealia Tencel patalyn\u0117s komplektas yra \u0161ilko \u0161velnus, pralaidus orui ir \u0161velnus odai. Lengva ir lygi tekst\u016bra u\u017etikrina gaivum\u0105 ...","og_url":"https:\/\/aztex.ee\/lt\/pood\/patalyne\/tencel-patalynes-komplektas-sviesiai-zalia\/","og_site_name":"AZTEX","article_publisher":"https:\/\/www.facebook.com\/AztexEE","article_modified_time":"2025-03-09T19:35:57+00:00","og_image":[{"width":800,"height":800,"url":"https:\/\/aztex.ee\/wp-content\/uploads\/2025\/03\/Tencel-voodipesukomplekt-Heleroheline.jpg","type":"image\/jpeg"}],"twitter_card":"summary_large_image","twitter_misc":{"Est. reading time":"2 minut\u0117s"},"schema":{"@context":"https:\/\/schema.org","@graph":[{"@type":["WebPage","ItemPage"],"@id":"https:\/\/aztex.ee\/lt\/pood\/patalyne\/tencel-patalynes-komplektas-sviesiai-zalia\/","url":"https:\/\/aztex.ee\/lt\/pood\/patalyne\/tencel-patalynes-komplektas-sviesiai-zalia\/","name":"Tencel patalyn\u0117s komplektas - \u0160viesiai \u017ealia | AZTEX","isPartOf":{"@id":"https:\/\/aztex.ee\/lt\/#website"},"primaryImageOfPage":{"@id":"https:\/\/aztex.ee\/lt\/pood\/patalyne\/tencel-patalynes-komplektas-sviesiai-zalia\/#primaryimage"},"image":{"@id":"https:\/\/aztex.ee\/lt\/pood\/patalyne\/tencel-patalynes-komplektas-sviesiai-zalia\/#primaryimage"},"thumbnailUrl":"https:\/\/aztex.ee\/wp-content\/uploads\/2025\/03\/Tencel-voodipesukomplekt-Heleroheline.jpg","datePublished":"2025-03-08T22:43:38+00:00","dateModified":"2025-03-09T19:35:57+00:00","description":"Prabangus \u0160viesiai \u017ealia Tencel patalyn\u0117s komplektas yra \u0161ilko \u0161velnus, pralaidus orui ir \u0161velnus odai. Lengva ir lygi tekst\u016bra u\u017etikrina gaivum\u0105 ...","breadcrumb":{"@id":"https:\/\/aztex.ee\/lt\/pood\/patalyne\/tencel-patalynes-komplektas-sviesiai-zalia\/#breadcrumb"},"inLanguage":"lt-LT","potentialAction":[{"@type":"ReadAction","target":["https:\/\/aztex.ee\/lt\/pood\/patalyne\/tencel-patalynes-komplektas-sviesiai-zalia\/"]}]},{"@type":"ImageObject","inLanguage":"lt-LT","@id":"https:\/\/aztex.ee\/lt\/pood\/patalyne\/tencel-patalynes-komplektas-sviesiai-zalia\/#primaryimage","url":"https:\/\/aztex.ee\/wp-content\/uploads\/2025\/03\/Tencel-voodipesukomplekt-Heleroheline.jpg","contentUrl":"https:\/\/aztex.ee\/wp-content\/uploads\/2025\/03\/Tencel-voodipesukomplekt-Heleroheline.jpg","width":800,"height":800,"caption":"Tencel voodipesukomplekt Heleroheline"},{"@type":"BreadcrumbList","@id":"https:\/\/aztex.ee\/lt\/pood\/patalyne\/tencel-patalynes-komplektas-sviesiai-zalia\/#breadcrumb","itemListElement":[{"@type":"ListItem","position":1,"name":"Prad\u017eia","item":"https:\/\/aztex.ee\/lt\/"},{"@type":"ListItem","position":2,"name":"Parduotuv\u0117","item":"https:\/\/aztex.ee\/lt\/parduotuve\/"},{"@type":"ListItem","position":3,"name":"Tencel patalyn\u0117s komplektas | \u0160viesiai \u017ealia"}]},{"@type":"WebSite","@id":"https:\/\/aztex.ee\/lt\/#website","url":"https:\/\/aztex.ee\/lt\/","name":"AZTEX","description":"","publisher":{"@id":"https:\/\/aztex.ee\/lt\/#organization"},"potentialAction":[{"@type":"SearchAction","target":{"@type":"EntryPoint","urlTemplate":"https:\/\/aztex.ee\/lt\/?s={search_term_string}"},"query-input":{"@type":"PropertyValueSpecification","valueRequired":true,"valueName":"search_term_string"}}],"inLanguage":"lt-LT"},{"@type":"Organization","@id":"https:\/\/aztex.ee\/lt\/#organization","name":"AZTEX","url":"https:\/\/aztex.ee\/lt\/","logo":{"@type":"ImageObject","inLanguage":"lt-LT","@id":"https:\/\/aztex.ee\/lt\/#\/schema\/logo\/image\/","url":"https:\/\/aztex.ee\/wp-content\/uploads\/2026\/01\/AZTEX.png","contentUrl":"https:\/\/aztex.ee\/wp-content\/uploads\/2026\/01\/AZTEX.png","width":500,"height":500,"caption":"AZTEX"},"image":{"@id":"https:\/\/aztex.ee\/lt\/#\/schema\/logo\/image\/"},"sameAs":["https:\/\/www.facebook.com\/AztexEE","https:\/\/www.instagram.com\/aztexeesti\/","https:\/\/www.youtube.com\/@AZTEXEE","https:\/\/www.pinterest.com\/aztex_eesti\/","https:\/\/www.tiktok.com\/@aztexeesti","https:\/\/www.trustpilot.com\/review\/aztex.ee","https:\/\/www.linkedin.com\/company\/aztex-ee\/","https:\/\/www.wikidata.org\/wiki\/Q137560182"]}]}},"_links":{"self":[{"href":"https:\/\/aztex.ee\/lt\/wp-json\/wp\/v2\/product\/64380","targetHints":{"allow":["GET"]}}],"collection":[{"href":"https:\/\/aztex.ee\/lt\/wp-json\/wp\/v2\/product"}],"about":[{"href":"https:\/\/aztex.ee\/lt\/wp-json\/wp\/v2\/types\/product"}],"replies":[{"embeddable":true,"href":"https:\/\/aztex.ee\/lt\/wp-json\/wp\/v2\/comments?post=64380"}],"version-history":[{"count":0,"href":"https:\/\/aztex.ee\/lt\/wp-json\/wp\/v2\/product\/64380\/revisions"}],"wp:featuredmedia":[{"embeddable":true,"href":"https:\/\/aztex.ee\/lt\/wp-json\/wp\/v2\/media\/64405"}],"wp:attachment":[{"href":"https:\/\/aztex.ee\/lt\/wp-json\/wp\/v2\/media?parent=64380"}],"wp:term":[{"taxonomy":"product_brand","embeddable":true,"href":"https:\/\/aztex.ee\/lt\/wp-json\/wp\/v2\/product_brand?post=64380"},{"taxonomy":"product_cat","embeddable":true,"href":"https:\/\/aztex.ee\/lt\/wp-json\/wp\/v2\/product_cat?post=64380"},{"taxonomy":"product_tag","embeddable":true,"href":"https:\/\/aztex.ee\/lt\/wp-json\/wp\/v2\/product_tag?post=64380"}],"curies":[{"name":"wp","href":"https:\/\/api.w.org\/{rel}","templated":true}]}}