{"id":61879,"date":"2025-02-26T12:36:52","date_gmt":"2025-02-26T12:36:52","guid":{"rendered":"https:\/\/aztex.ee\/?post_type=product&#038;p=61879"},"modified":"2026-05-07T16:20:48","modified_gmt":"2026-05-07T16:20:48","slug":"antklode-ir-pledas-sherpa-200x230-cm","status":"publish","type":"product","link":"https:\/\/aztex.ee\/lt\/pood\/lovatieses-ir-pledai\/antklode-ir-pledas-sherpa-200x230-cm\/","title":{"rendered":"Antklod\u0117 ir pledas Sherpa 200&#215;230 cm"},"content":{"rendered":"<p><strong>Sherpa vilnos antklod\u0117 200\u00d7230 cm \u2013 prabangus \u0161velnumas kiekvienai dienai<\/strong><\/p>\n<p>Sherpa vilnos antklod\u0117 yra i\u0161skirtinai mink\u0161ta ir \u0161ilta, suteikianti tikr\u0105 komfort\u0105 bet kuriuo met\u0173 laiku. P\u016bkuota tekst\u016bra ir prabangiai mink\u0161tas pavir\u0161ius sukuria puik\u0173 atsipalaidavimo jausm\u0105, nesvarbu, ar gulite ant sofos v\u0117s\u0173 vakar\u0105, ar atsibundate lovoje ryte.<\/p>\n<p><strong>Auk\u0161tos kokyb\u0117s ir patvari med\u017eiaga<\/strong><br \/>\nPagaminta i\u0161 kruop\u0161\u010diai atrinkt\u0173 med\u017eiag\u0173, kurios u\u017etikrina ilgalaik\u012f mink\u0161tum\u0105 ir kokyb\u0119. \u0160erpos vilnos antklod\u0117 su\u0161ildo ir maloniai prisilies prie odos.<\/p>\n<p><strong>Lengva prie\u017ei\u016bra \u2013 i\u0161lieka mink\u0161ta ir gra\u017ei<\/strong><br \/>\nSherpa vilnos antklod\u0117 sukurta taip, kad tarnaut\u0173 \u2013 net po keli\u0173 plovim\u0173 i\u0161laiko savo pirmin\u012f mink\u0161tum\u0105 ir gra\u017ei\u0105 i\u0161vaizd\u0105. D\u0117l lengvai pri\u017ei\u016brimos med\u017eiagos jis yra prakti\u0161kas pasirinkimas kasdieniam naudojimui.<\/p>\n<p><strong>Stilingas ir jaukus interjero elementas<\/strong><br \/>\nBe \u0161ilumos, \u0161i vilnon\u0117 antklod\u0117 yra ir gra\u017ei interjero detal\u0117. Nesvarbu, ar j\u016bs\u0173 namai modern\u016bs, klasikiniai ar skandinavi\u0161ko minimalistinio stiliaus, \u0161i antklod\u0117 suteiks jaukumo ir stiliaus bet kokiam interjerui.<\/p>\n<p><strong>Tobula dovana bet kokiai progai<\/strong><br \/>\nJei ie\u0161kote dovanos, kuri pasi\u016blyt\u0173 ir prakti\u0161kum\u0105, ir sentimentali\u0105 vert\u0119, \u201eSherpa\u201c vilnos antklod\u0117 yra puikus pasirinkimas. Jo prabangus prisilietimas ir \u0161iluma prad\u017eiugins kiekvien\u0105.<\/p>\n","protected":false},"excerpt":{"rendered":"<ul>\n<li>Med\u017eiaga: Koralin\u0117 vilna<\/li>\n<li>Dydis: 200&#215;230 cm \u00b13<\/li>\n<li>Svoris: 1,8 kg<\/li>\n<\/ul>\n","protected":false},"featured_media":61990,"comment_status":"open","ping_status":"closed","template":"","meta":[],"product_brand":[],"product_cat":[1872,4473,4535],"product_tag":[],"class_list":{"0":"post-61879","1":"product","2":"type-product","3":"status-publish","4":"has-post-thumbnail","6":"product_cat-lovatieses-ir-pledai","7":"product_cat-serpos-vilnos-antklodes","8":"product_cat-serpos-vilnos-antklodes-200x230-cm","10":"first","11":"instock","12":"shipping-taxable","13":"purchasable","14":"product-type-variable"},"yoast_head":"<!-- This site is optimized with the Yoast SEO plugin v27.6 - https:\/\/yoast.com\/product\/yoast-seo-wordpress\/ -->\n<title>Antklod\u0117 ir pledas Sherpa 200x230 cm | AZTEX<\/title>\n<meta name=\"description\" content=\"Sherpa vilnos antklod\u0117 200x230 cm yra didel\u0117 ir maloniai mink\u0161ta antklod\u0117, suteikianti maksimal\u0173 komfort\u0105. Puikiai tiks prie lovos ar sofos ...\" \/>\n<meta name=\"robots\" content=\"index, follow, max-snippet:-1, max-image-preview:large, max-video-preview:-1\" \/>\n<link rel=\"canonical\" href=\"https:\/\/aztex.ee\/lt\/pood\/lovatieses-ir-pledai\/antklode-ir-pledas-sherpa-200x230-cm\/\" \/>\n<meta property=\"og:locale\" content=\"lt_LT\" \/>\n<meta property=\"og:type\" content=\"article\" \/>\n<meta property=\"og:title\" content=\"Antklod\u0117 ir pledas Sherpa 200x230 cm | AZTEX\" \/>\n<meta property=\"og:description\" content=\"Sherpa vilnos antklod\u0117 200x230 cm yra didel\u0117 ir maloniai mink\u0161ta antklod\u0117, suteikianti maksimal\u0173 komfort\u0105. Puikiai tiks prie lovos ar sofos ...\" \/>\n<meta property=\"og:url\" content=\"https:\/\/aztex.ee\/lt\/pood\/lovatieses-ir-pledai\/antklode-ir-pledas-sherpa-200x230-cm\/\" \/>\n<meta property=\"og:site_name\" content=\"AZTEX\" \/>\n<meta property=\"article:publisher\" content=\"https:\/\/www.facebook.com\/AztexEE\" \/>\n<meta property=\"article:modified_time\" content=\"2026-05-07T16:20:48+00:00\" \/>\n<meta property=\"og:image\" content=\"https:\/\/aztex.ee\/wp-content\/uploads\/2025\/02\/Sherpa-fliis-tekk-200x230-cm.jpg\" \/>\n\t<meta property=\"og:image:width\" content=\"800\" \/>\n\t<meta property=\"og:image:height\" content=\"800\" \/>\n\t<meta property=\"og:image:type\" content=\"image\/jpeg\" \/>\n<meta name=\"twitter:card\" content=\"summary_large_image\" \/>\n<meta name=\"twitter:label1\" content=\"Est. reading time\" \/>\n\t<meta name=\"twitter:data1\" content=\"2 minut\u0117s\" \/>\n<script type=\"application\/ld+json\" class=\"yoast-schema-graph\">{\"@context\":\"https:\\\/\\\/schema.org\",\"@graph\":[{\"@type\":[\"WebPage\",\"ItemPage\"],\"@id\":\"https:\\\/\\\/aztex.ee\\\/lt\\\/pood\\\/lovatieses-ir-pledai\\\/antklode-ir-pledas-sherpa-200x230-cm\\\/\",\"url\":\"https:\\\/\\\/aztex.ee\\\/lt\\\/pood\\\/lovatieses-ir-pledai\\\/antklode-ir-pledas-sherpa-200x230-cm\\\/\",\"name\":\"Antklod\u0117 ir pledas Sherpa 200x230 cm | AZTEX\",\"isPartOf\":{\"@id\":\"https:\\\/\\\/aztex.ee\\\/lt\\\/#website\"},\"primaryImageOfPage\":{\"@id\":\"https:\\\/\\\/aztex.ee\\\/lt\\\/pood\\\/lovatieses-ir-pledai\\\/antklode-ir-pledas-sherpa-200x230-cm\\\/#primaryimage\"},\"image\":{\"@id\":\"https:\\\/\\\/aztex.ee\\\/lt\\\/pood\\\/lovatieses-ir-pledai\\\/antklode-ir-pledas-sherpa-200x230-cm\\\/#primaryimage\"},\"thumbnailUrl\":\"https:\\\/\\\/aztex.ee\\\/wp-content\\\/uploads\\\/2025\\\/02\\\/Sherpa-fliis-tekk-200x230-cm.jpg\",\"datePublished\":\"2025-02-26T12:36:52+00:00\",\"dateModified\":\"2026-05-07T16:20:48+00:00\",\"description\":\"Sherpa vilnos antklod\u0117 200x230 cm yra didel\u0117 ir maloniai mink\u0161ta antklod\u0117, suteikianti maksimal\u0173 komfort\u0105. Puikiai tiks prie lovos ar sofos ...\",\"breadcrumb\":{\"@id\":\"https:\\\/\\\/aztex.ee\\\/lt\\\/pood\\\/lovatieses-ir-pledai\\\/antklode-ir-pledas-sherpa-200x230-cm\\\/#breadcrumb\"},\"inLanguage\":\"lt-LT\",\"potentialAction\":[{\"@type\":\"ReadAction\",\"target\":[\"https:\\\/\\\/aztex.ee\\\/lt\\\/pood\\\/lovatieses-ir-pledai\\\/antklode-ir-pledas-sherpa-200x230-cm\\\/\"]}]},{\"@type\":\"ImageObject\",\"inLanguage\":\"lt-LT\",\"@id\":\"https:\\\/\\\/aztex.ee\\\/lt\\\/pood\\\/lovatieses-ir-pledai\\\/antklode-ir-pledas-sherpa-200x230-cm\\\/#primaryimage\",\"url\":\"https:\\\/\\\/aztex.ee\\\/wp-content\\\/uploads\\\/2025\\\/02\\\/Sherpa-fliis-tekk-200x230-cm.jpg\",\"contentUrl\":\"https:\\\/\\\/aztex.ee\\\/wp-content\\\/uploads\\\/2025\\\/02\\\/Sherpa-fliis-tekk-200x230-cm.jpg\",\"width\":800,\"height\":800,\"caption\":\"Sherpa fliis tekk 200x230 cm\"},{\"@type\":\"BreadcrumbList\",\"@id\":\"https:\\\/\\\/aztex.ee\\\/lt\\\/pood\\\/lovatieses-ir-pledai\\\/antklode-ir-pledas-sherpa-200x230-cm\\\/#breadcrumb\",\"itemListElement\":[{\"@type\":\"ListItem\",\"position\":1,\"name\":\"Prad\u017eia\",\"item\":\"https:\\\/\\\/aztex.ee\\\/lt\\\/\"},{\"@type\":\"ListItem\",\"position\":2,\"name\":\"Parduotuv\u0117\",\"item\":\"https:\\\/\\\/aztex.ee\\\/lt\\\/parduotuve\\\/\"},{\"@type\":\"ListItem\",\"position\":3,\"name\":\"Antklod\u0117 ir pledas Sherpa 200&#215;230 cm\"}]},{\"@type\":\"WebSite\",\"@id\":\"https:\\\/\\\/aztex.ee\\\/lt\\\/#website\",\"url\":\"https:\\\/\\\/aztex.ee\\\/lt\\\/\",\"name\":\"AZTEX\",\"description\":\"\",\"publisher\":{\"@id\":\"https:\\\/\\\/aztex.ee\\\/lt\\\/#organization\"},\"potentialAction\":[{\"@type\":\"SearchAction\",\"target\":{\"@type\":\"EntryPoint\",\"urlTemplate\":\"https:\\\/\\\/aztex.ee\\\/lt\\\/?s={search_term_string}\"},\"query-input\":{\"@type\":\"PropertyValueSpecification\",\"valueRequired\":true,\"valueName\":\"search_term_string\"}}],\"inLanguage\":\"lt-LT\"},{\"@type\":\"Organization\",\"@id\":\"https:\\\/\\\/aztex.ee\\\/lt\\\/#organization\",\"name\":\"AZTEX\",\"url\":\"https:\\\/\\\/aztex.ee\\\/lt\\\/\",\"logo\":{\"@type\":\"ImageObject\",\"inLanguage\":\"lt-LT\",\"@id\":\"https:\\\/\\\/aztex.ee\\\/lt\\\/#\\\/schema\\\/logo\\\/image\\\/\",\"url\":\"https:\\\/\\\/aztex.ee\\\/wp-content\\\/uploads\\\/2026\\\/01\\\/AZTEX.png\",\"contentUrl\":\"https:\\\/\\\/aztex.ee\\\/wp-content\\\/uploads\\\/2026\\\/01\\\/AZTEX.png\",\"width\":500,\"height\":500,\"caption\":\"AZTEX\"},\"image\":{\"@id\":\"https:\\\/\\\/aztex.ee\\\/lt\\\/#\\\/schema\\\/logo\\\/image\\\/\"},\"sameAs\":[\"https:\\\/\\\/www.facebook.com\\\/AztexEE\",\"https:\\\/\\\/www.instagram.com\\\/aztexeesti\\\/\",\"https:\\\/\\\/www.youtube.com\\\/@AZTEXEE\",\"https:\\\/\\\/www.pinterest.com\\\/aztex_eesti\\\/\",\"https:\\\/\\\/www.tiktok.com\\\/@aztexeesti\",\"https:\\\/\\\/www.trustpilot.com\\\/review\\\/aztex.ee\",\"https:\\\/\\\/www.linkedin.com\\\/company\\\/aztex-ee\\\/\",\"https:\\\/\\\/www.wikidata.org\\\/wiki\\\/Q137560182\"]}]}<\/script>\n<!-- \/ Yoast SEO plugin. -->","yoast_head_json":{"title":"Antklod\u0117 ir pledas Sherpa 200x230 cm | AZTEX","description":"Sherpa vilnos antklod\u0117 200x230 cm yra didel\u0117 ir maloniai mink\u0161ta antklod\u0117, suteikianti maksimal\u0173 komfort\u0105. Puikiai tiks prie lovos ar sofos ...","robots":{"index":"index","follow":"follow","max-snippet":"max-snippet:-1","max-image-preview":"max-image-preview:large","max-video-preview":"max-video-preview:-1"},"canonical":"https:\/\/aztex.ee\/lt\/pood\/lovatieses-ir-pledai\/antklode-ir-pledas-sherpa-200x230-cm\/","og_locale":"lt_LT","og_type":"article","og_title":"Antklod\u0117 ir pledas Sherpa 200x230 cm | AZTEX","og_description":"Sherpa vilnos antklod\u0117 200x230 cm yra didel\u0117 ir maloniai mink\u0161ta antklod\u0117, suteikianti maksimal\u0173 komfort\u0105. Puikiai tiks prie lovos ar sofos ...","og_url":"https:\/\/aztex.ee\/lt\/pood\/lovatieses-ir-pledai\/antklode-ir-pledas-sherpa-200x230-cm\/","og_site_name":"AZTEX","article_publisher":"https:\/\/www.facebook.com\/AztexEE","article_modified_time":"2026-05-07T16:20:48+00:00","og_image":[{"width":800,"height":800,"url":"https:\/\/aztex.ee\/wp-content\/uploads\/2025\/02\/Sherpa-fliis-tekk-200x230-cm.jpg","type":"image\/jpeg"}],"twitter_card":"summary_large_image","twitter_misc":{"Est. reading time":"2 minut\u0117s"},"schema":{"@context":"https:\/\/schema.org","@graph":[{"@type":["WebPage","ItemPage"],"@id":"https:\/\/aztex.ee\/lt\/pood\/lovatieses-ir-pledai\/antklode-ir-pledas-sherpa-200x230-cm\/","url":"https:\/\/aztex.ee\/lt\/pood\/lovatieses-ir-pledai\/antklode-ir-pledas-sherpa-200x230-cm\/","name":"Antklod\u0117 ir pledas Sherpa 200x230 cm | AZTEX","isPartOf":{"@id":"https:\/\/aztex.ee\/lt\/#website"},"primaryImageOfPage":{"@id":"https:\/\/aztex.ee\/lt\/pood\/lovatieses-ir-pledai\/antklode-ir-pledas-sherpa-200x230-cm\/#primaryimage"},"image":{"@id":"https:\/\/aztex.ee\/lt\/pood\/lovatieses-ir-pledai\/antklode-ir-pledas-sherpa-200x230-cm\/#primaryimage"},"thumbnailUrl":"https:\/\/aztex.ee\/wp-content\/uploads\/2025\/02\/Sherpa-fliis-tekk-200x230-cm.jpg","datePublished":"2025-02-26T12:36:52+00:00","dateModified":"2026-05-07T16:20:48+00:00","description":"Sherpa vilnos antklod\u0117 200x230 cm yra didel\u0117 ir maloniai mink\u0161ta antklod\u0117, suteikianti maksimal\u0173 komfort\u0105. Puikiai tiks prie lovos ar sofos ...","breadcrumb":{"@id":"https:\/\/aztex.ee\/lt\/pood\/lovatieses-ir-pledai\/antklode-ir-pledas-sherpa-200x230-cm\/#breadcrumb"},"inLanguage":"lt-LT","potentialAction":[{"@type":"ReadAction","target":["https:\/\/aztex.ee\/lt\/pood\/lovatieses-ir-pledai\/antklode-ir-pledas-sherpa-200x230-cm\/"]}]},{"@type":"ImageObject","inLanguage":"lt-LT","@id":"https:\/\/aztex.ee\/lt\/pood\/lovatieses-ir-pledai\/antklode-ir-pledas-sherpa-200x230-cm\/#primaryimage","url":"https:\/\/aztex.ee\/wp-content\/uploads\/2025\/02\/Sherpa-fliis-tekk-200x230-cm.jpg","contentUrl":"https:\/\/aztex.ee\/wp-content\/uploads\/2025\/02\/Sherpa-fliis-tekk-200x230-cm.jpg","width":800,"height":800,"caption":"Sherpa fliis tekk 200x230 cm"},{"@type":"BreadcrumbList","@id":"https:\/\/aztex.ee\/lt\/pood\/lovatieses-ir-pledai\/antklode-ir-pledas-sherpa-200x230-cm\/#breadcrumb","itemListElement":[{"@type":"ListItem","position":1,"name":"Prad\u017eia","item":"https:\/\/aztex.ee\/lt\/"},{"@type":"ListItem","position":2,"name":"Parduotuv\u0117","item":"https:\/\/aztex.ee\/lt\/parduotuve\/"},{"@type":"ListItem","position":3,"name":"Antklod\u0117 ir pledas Sherpa 200&#215;230 cm"}]},{"@type":"WebSite","@id":"https:\/\/aztex.ee\/lt\/#website","url":"https:\/\/aztex.ee\/lt\/","name":"AZTEX","description":"","publisher":{"@id":"https:\/\/aztex.ee\/lt\/#organization"},"potentialAction":[{"@type":"SearchAction","target":{"@type":"EntryPoint","urlTemplate":"https:\/\/aztex.ee\/lt\/?s={search_term_string}"},"query-input":{"@type":"PropertyValueSpecification","valueRequired":true,"valueName":"search_term_string"}}],"inLanguage":"lt-LT"},{"@type":"Organization","@id":"https:\/\/aztex.ee\/lt\/#organization","name":"AZTEX","url":"https:\/\/aztex.ee\/lt\/","logo":{"@type":"ImageObject","inLanguage":"lt-LT","@id":"https:\/\/aztex.ee\/lt\/#\/schema\/logo\/image\/","url":"https:\/\/aztex.ee\/wp-content\/uploads\/2026\/01\/AZTEX.png","contentUrl":"https:\/\/aztex.ee\/wp-content\/uploads\/2026\/01\/AZTEX.png","width":500,"height":500,"caption":"AZTEX"},"image":{"@id":"https:\/\/aztex.ee\/lt\/#\/schema\/logo\/image\/"},"sameAs":["https:\/\/www.facebook.com\/AztexEE","https:\/\/www.instagram.com\/aztexeesti\/","https:\/\/www.youtube.com\/@AZTEXEE","https:\/\/www.pinterest.com\/aztex_eesti\/","https:\/\/www.tiktok.com\/@aztexeesti","https:\/\/www.trustpilot.com\/review\/aztex.ee","https:\/\/www.linkedin.com\/company\/aztex-ee\/","https:\/\/www.wikidata.org\/wiki\/Q137560182"]}]}},"_links":{"self":[{"href":"https:\/\/aztex.ee\/lt\/wp-json\/wp\/v2\/product\/61879","targetHints":{"allow":["GET"]}}],"collection":[{"href":"https:\/\/aztex.ee\/lt\/wp-json\/wp\/v2\/product"}],"about":[{"href":"https:\/\/aztex.ee\/lt\/wp-json\/wp\/v2\/types\/product"}],"replies":[{"embeddable":true,"href":"https:\/\/aztex.ee\/lt\/wp-json\/wp\/v2\/comments?post=61879"}],"version-history":[{"count":0,"href":"https:\/\/aztex.ee\/lt\/wp-json\/wp\/v2\/product\/61879\/revisions"}],"wp:featuredmedia":[{"embeddable":true,"href":"https:\/\/aztex.ee\/lt\/wp-json\/wp\/v2\/media\/61990"}],"wp:attachment":[{"href":"https:\/\/aztex.ee\/lt\/wp-json\/wp\/v2\/media?parent=61879"}],"wp:term":[{"taxonomy":"product_brand","embeddable":true,"href":"https:\/\/aztex.ee\/lt\/wp-json\/wp\/v2\/product_brand?post=61879"},{"taxonomy":"product_cat","embeddable":true,"href":"https:\/\/aztex.ee\/lt\/wp-json\/wp\/v2\/product_cat?post=61879"},{"taxonomy":"product_tag","embeddable":true,"href":"https:\/\/aztex.ee\/lt\/wp-json\/wp\/v2\/product_tag?post=61879"}],"curies":[{"name":"wp","href":"https:\/\/api.w.org\/{rel}","templated":true}]}}