{"id":60982,"date":"2025-02-26T10:54:14","date_gmt":"2025-02-26T10:54:14","guid":{"rendered":"https:\/\/aztex.ee\/?post_type=product&#038;p=60982"},"modified":"2026-04-30T16:47:05","modified_gmt":"2026-04-30T16:47:05","slug":"antklode-ir-pledas-sherpa","status":"publish","type":"product","link":"https:\/\/aztex.ee\/lt\/pood\/lovatieses-ir-pledai\/antklode-ir-pledas-sherpa\/","title":{"rendered":"Antklod\u0117 ir pledas Sherpa 180&#215;200 cm"},"content":{"rendered":"<p><strong>\u0160erpos vilnos antklod\u0117 180\u00d7200 cm \u2013 \u0161velnumas ir patogumas kiekvienai akimirkai<\/strong><\/p>\n<p>\u0160erpos vilnos antklod\u0117 180\u00d7200 cm suteikia i\u0161skirtin\u012f mink\u0161tum\u0105 ir \u0161ilum\u0105, tod\u0117l kasdienyb\u0117 tampa daug patogesn\u0117. Puri tekst\u016bra ir mink\u0161ta med\u017eiaga sukuria tobul\u0105 jaukum\u0105, leid\u017eiant\u012f m\u0117gautis atsipalaidavimo akimirkomis. Antklod\u0117 puikiai tiks tiek miegamajame, tiek svetain\u0117je, suteikdama \u0161ilt\u0105 ir patogi\u0105 patirt\u012f bet kokiomis s\u0105lygomis.<\/p>\n<p><strong>Stilius ir funkcionalumas<\/strong><br \/>\n\u0160erpos vilnos antklod\u0117 gali b\u016bti naudojama kaip eleganti\u0161kas interjero papildymas arba kaip prakti\u0161ka antklod\u0117, u\u017etikrinanti puik\u0173 stiliaus ir komforto balans\u0105. Klasikin\u0117 ir stilinga antklod\u0117 tinka bet kokiam interjerui.<\/p>\n<p><strong>Universalus ir prakti\u0161kas<\/strong><br \/>\n\u0160erpos vilnos antklod\u0117 yra puikus pasirinkimas kasdieniam naudojimui, nes yra pakankamai didelis, kad b\u016bt\u0173 galima u\u017edengti lov\u0105 arba naudoti j\u0105 ant sofos. \u0160erpos vilnos antklod\u0117s yra lengvai pri\u017ei\u016brimos ir i\u0161laiko savo mink\u0161tum\u0105 net po keli\u0173 skalbim\u0173, tod\u0117l yra prakti\u0161kas pasirinkimas kasdieniam naudojimui.<\/p>\n<p><strong>Tobulas dovanos pasirinkimas<\/strong><br \/>\nJei ie\u0161kote tobulos dovanos savo artimiesiems, \u0160erpos vilnos antklod\u0117 yra puikus pasirinkimas. D\u0117l prabangaus \u0161velnumo ir prakti\u0161kumo tai puiki dovana bet kokiai progai \u2013 ar tai b\u016bt\u0173 gimtadienis, ar tiesiog miela staigmena.<\/p>\n","protected":false},"excerpt":{"rendered":"<ul>\n<li>Med\u017eiaga: Koralin\u0117 vilna<\/li>\n<li>Dydis: 180&#215;200 cm \u00b13<\/li>\n<li>Svoris: 1,4 kg<\/li>\n<\/ul>\n","protected":false},"featured_media":61093,"comment_status":"open","ping_status":"closed","template":"","meta":[],"product_brand":[],"product_cat":[1872,4473,4521],"product_tag":[],"class_list":{"0":"post-60982","1":"product","2":"type-product","3":"status-publish","4":"has-post-thumbnail","6":"product_cat-lovatieses-ir-pledai","7":"product_cat-serpos-vilnos-antklodes","8":"product_cat-serpos-vilnos-antklodes-180x200-cm","10":"first","11":"instock","12":"shipping-taxable","13":"purchasable","14":"product-type-variable"},"yoast_head":"<!-- This site is optimized with the Yoast SEO plugin v27.6 - https:\/\/yoast.com\/product\/yoast-seo-wordpress\/ -->\n<title>Antklod\u0117 ir pledas Sherpa 180x200 cm | AZTEX<\/title>\n<meta name=\"description\" content=\"\u0160erpos vilnos antklod\u0117 180x200 cm yra i\u0161skirtinai mink\u0161ta, maloniai \u0161ilta ir puri. Stilingas ir prakti\u0161kas interjero elementas, \u012fne\u0161antis \u012f kambar\u012f \u0161ilumos\" \/>\n<meta name=\"robots\" content=\"index, follow, max-snippet:-1, max-image-preview:large, max-video-preview:-1\" \/>\n<link rel=\"canonical\" href=\"https:\/\/aztex.ee\/lt\/pood\/lovatieses-ir-pledai\/antklode-ir-pledas-sherpa\/\" \/>\n<meta property=\"og:locale\" content=\"lt_LT\" \/>\n<meta property=\"og:type\" content=\"article\" \/>\n<meta property=\"og:title\" content=\"Antklod\u0117 ir pledas Sherpa 180x200 cm | AZTEX\" \/>\n<meta property=\"og:description\" content=\"\u0160erpos vilnos antklod\u0117 180x200 cm yra i\u0161skirtinai mink\u0161ta, maloniai \u0161ilta ir puri. Stilingas ir prakti\u0161kas interjero elementas, \u012fne\u0161antis \u012f kambar\u012f \u0161ilumos\" \/>\n<meta property=\"og:url\" content=\"https:\/\/aztex.ee\/lt\/pood\/lovatieses-ir-pledai\/antklode-ir-pledas-sherpa\/\" \/>\n<meta property=\"og:site_name\" content=\"AZTEX\" \/>\n<meta property=\"article:publisher\" content=\"https:\/\/www.facebook.com\/AztexEE\" \/>\n<meta property=\"article:modified_time\" content=\"2026-04-30T16:47:05+00:00\" \/>\n<meta property=\"og:image\" content=\"https:\/\/aztex.ee\/wp-content\/uploads\/2025\/02\/Sherpa-fliis-tekk-180x200-1.jpg\" \/>\n\t<meta property=\"og:image:width\" content=\"800\" \/>\n\t<meta property=\"og:image:height\" content=\"800\" \/>\n\t<meta property=\"og:image:type\" content=\"image\/jpeg\" \/>\n<meta name=\"twitter:card\" content=\"summary_large_image\" \/>\n<meta name=\"twitter:label1\" content=\"Est. reading time\" \/>\n\t<meta name=\"twitter:data1\" content=\"2 minut\u0117s\" \/>\n<script type=\"application\/ld+json\" class=\"yoast-schema-graph\">{\"@context\":\"https:\\\/\\\/schema.org\",\"@graph\":[{\"@type\":[\"WebPage\",\"ItemPage\"],\"@id\":\"https:\\\/\\\/aztex.ee\\\/lt\\\/pood\\\/lovatieses-ir-pledai\\\/antklode-ir-pledas-sherpa\\\/\",\"url\":\"https:\\\/\\\/aztex.ee\\\/lt\\\/pood\\\/lovatieses-ir-pledai\\\/antklode-ir-pledas-sherpa\\\/\",\"name\":\"Antklod\u0117 ir pledas Sherpa 180x200 cm | AZTEX\",\"isPartOf\":{\"@id\":\"https:\\\/\\\/aztex.ee\\\/lt\\\/#website\"},\"primaryImageOfPage\":{\"@id\":\"https:\\\/\\\/aztex.ee\\\/lt\\\/pood\\\/lovatieses-ir-pledai\\\/antklode-ir-pledas-sherpa\\\/#primaryimage\"},\"image\":{\"@id\":\"https:\\\/\\\/aztex.ee\\\/lt\\\/pood\\\/lovatieses-ir-pledai\\\/antklode-ir-pledas-sherpa\\\/#primaryimage\"},\"thumbnailUrl\":\"https:\\\/\\\/aztex.ee\\\/wp-content\\\/uploads\\\/2025\\\/02\\\/Sherpa-fliis-tekk-180x200-1.jpg\",\"datePublished\":\"2025-02-26T10:54:14+00:00\",\"dateModified\":\"2026-04-30T16:47:05+00:00\",\"description\":\"\u0160erpos vilnos antklod\u0117 180x200 cm yra i\u0161skirtinai mink\u0161ta, maloniai \u0161ilta ir puri. Stilingas ir prakti\u0161kas interjero elementas, \u012fne\u0161antis \u012f kambar\u012f \u0161ilumos\",\"breadcrumb\":{\"@id\":\"https:\\\/\\\/aztex.ee\\\/lt\\\/pood\\\/lovatieses-ir-pledai\\\/antklode-ir-pledas-sherpa\\\/#breadcrumb\"},\"inLanguage\":\"lt-LT\",\"potentialAction\":[{\"@type\":\"ReadAction\",\"target\":[\"https:\\\/\\\/aztex.ee\\\/lt\\\/pood\\\/lovatieses-ir-pledai\\\/antklode-ir-pledas-sherpa\\\/\"]}]},{\"@type\":\"ImageObject\",\"inLanguage\":\"lt-LT\",\"@id\":\"https:\\\/\\\/aztex.ee\\\/lt\\\/pood\\\/lovatieses-ir-pledai\\\/antklode-ir-pledas-sherpa\\\/#primaryimage\",\"url\":\"https:\\\/\\\/aztex.ee\\\/wp-content\\\/uploads\\\/2025\\\/02\\\/Sherpa-fliis-tekk-180x200-1.jpg\",\"contentUrl\":\"https:\\\/\\\/aztex.ee\\\/wp-content\\\/uploads\\\/2025\\\/02\\\/Sherpa-fliis-tekk-180x200-1.jpg\",\"width\":800,\"height\":800,\"caption\":\"Sherpa fliis tekk 180x200\"},{\"@type\":\"BreadcrumbList\",\"@id\":\"https:\\\/\\\/aztex.ee\\\/lt\\\/pood\\\/lovatieses-ir-pledai\\\/antklode-ir-pledas-sherpa\\\/#breadcrumb\",\"itemListElement\":[{\"@type\":\"ListItem\",\"position\":1,\"name\":\"Prad\u017eia\",\"item\":\"https:\\\/\\\/aztex.ee\\\/lt\\\/\"},{\"@type\":\"ListItem\",\"position\":2,\"name\":\"Parduotuv\u0117\",\"item\":\"https:\\\/\\\/aztex.ee\\\/lt\\\/parduotuve\\\/\"},{\"@type\":\"ListItem\",\"position\":3,\"name\":\"Antklod\u0117 ir pledas Sherpa 180&#215;200 cm\"}]},{\"@type\":\"WebSite\",\"@id\":\"https:\\\/\\\/aztex.ee\\\/lt\\\/#website\",\"url\":\"https:\\\/\\\/aztex.ee\\\/lt\\\/\",\"name\":\"AZTEX\",\"description\":\"\",\"publisher\":{\"@id\":\"https:\\\/\\\/aztex.ee\\\/lt\\\/#organization\"},\"potentialAction\":[{\"@type\":\"SearchAction\",\"target\":{\"@type\":\"EntryPoint\",\"urlTemplate\":\"https:\\\/\\\/aztex.ee\\\/lt\\\/?s={search_term_string}\"},\"query-input\":{\"@type\":\"PropertyValueSpecification\",\"valueRequired\":true,\"valueName\":\"search_term_string\"}}],\"inLanguage\":\"lt-LT\"},{\"@type\":\"Organization\",\"@id\":\"https:\\\/\\\/aztex.ee\\\/lt\\\/#organization\",\"name\":\"AZTEX\",\"url\":\"https:\\\/\\\/aztex.ee\\\/lt\\\/\",\"logo\":{\"@type\":\"ImageObject\",\"inLanguage\":\"lt-LT\",\"@id\":\"https:\\\/\\\/aztex.ee\\\/lt\\\/#\\\/schema\\\/logo\\\/image\\\/\",\"url\":\"https:\\\/\\\/aztex.ee\\\/wp-content\\\/uploads\\\/2026\\\/01\\\/AZTEX.png\",\"contentUrl\":\"https:\\\/\\\/aztex.ee\\\/wp-content\\\/uploads\\\/2026\\\/01\\\/AZTEX.png\",\"width\":500,\"height\":500,\"caption\":\"AZTEX\"},\"image\":{\"@id\":\"https:\\\/\\\/aztex.ee\\\/lt\\\/#\\\/schema\\\/logo\\\/image\\\/\"},\"sameAs\":[\"https:\\\/\\\/www.facebook.com\\\/AztexEE\",\"https:\\\/\\\/www.instagram.com\\\/aztexeesti\\\/\",\"https:\\\/\\\/www.youtube.com\\\/@AZTEXEE\",\"https:\\\/\\\/www.pinterest.com\\\/aztex_eesti\\\/\",\"https:\\\/\\\/www.tiktok.com\\\/@aztexeesti\",\"https:\\\/\\\/www.trustpilot.com\\\/review\\\/aztex.ee\",\"https:\\\/\\\/www.linkedin.com\\\/company\\\/aztex-ee\\\/\",\"https:\\\/\\\/www.wikidata.org\\\/wiki\\\/Q137560182\"]}]}<\/script>\n<!-- \/ Yoast SEO plugin. -->","yoast_head_json":{"title":"Antklod\u0117 ir pledas Sherpa 180x200 cm | AZTEX","description":"\u0160erpos vilnos antklod\u0117 180x200 cm yra i\u0161skirtinai mink\u0161ta, maloniai \u0161ilta ir puri. Stilingas ir prakti\u0161kas interjero elementas, \u012fne\u0161antis \u012f kambar\u012f \u0161ilumos","robots":{"index":"index","follow":"follow","max-snippet":"max-snippet:-1","max-image-preview":"max-image-preview:large","max-video-preview":"max-video-preview:-1"},"canonical":"https:\/\/aztex.ee\/lt\/pood\/lovatieses-ir-pledai\/antklode-ir-pledas-sherpa\/","og_locale":"lt_LT","og_type":"article","og_title":"Antklod\u0117 ir pledas Sherpa 180x200 cm | AZTEX","og_description":"\u0160erpos vilnos antklod\u0117 180x200 cm yra i\u0161skirtinai mink\u0161ta, maloniai \u0161ilta ir puri. Stilingas ir prakti\u0161kas interjero elementas, \u012fne\u0161antis \u012f kambar\u012f \u0161ilumos","og_url":"https:\/\/aztex.ee\/lt\/pood\/lovatieses-ir-pledai\/antklode-ir-pledas-sherpa\/","og_site_name":"AZTEX","article_publisher":"https:\/\/www.facebook.com\/AztexEE","article_modified_time":"2026-04-30T16:47:05+00:00","og_image":[{"width":800,"height":800,"url":"https:\/\/aztex.ee\/wp-content\/uploads\/2025\/02\/Sherpa-fliis-tekk-180x200-1.jpg","type":"image\/jpeg"}],"twitter_card":"summary_large_image","twitter_misc":{"Est. reading time":"2 minut\u0117s"},"schema":{"@context":"https:\/\/schema.org","@graph":[{"@type":["WebPage","ItemPage"],"@id":"https:\/\/aztex.ee\/lt\/pood\/lovatieses-ir-pledai\/antklode-ir-pledas-sherpa\/","url":"https:\/\/aztex.ee\/lt\/pood\/lovatieses-ir-pledai\/antklode-ir-pledas-sherpa\/","name":"Antklod\u0117 ir pledas Sherpa 180x200 cm | AZTEX","isPartOf":{"@id":"https:\/\/aztex.ee\/lt\/#website"},"primaryImageOfPage":{"@id":"https:\/\/aztex.ee\/lt\/pood\/lovatieses-ir-pledai\/antklode-ir-pledas-sherpa\/#primaryimage"},"image":{"@id":"https:\/\/aztex.ee\/lt\/pood\/lovatieses-ir-pledai\/antklode-ir-pledas-sherpa\/#primaryimage"},"thumbnailUrl":"https:\/\/aztex.ee\/wp-content\/uploads\/2025\/02\/Sherpa-fliis-tekk-180x200-1.jpg","datePublished":"2025-02-26T10:54:14+00:00","dateModified":"2026-04-30T16:47:05+00:00","description":"\u0160erpos vilnos antklod\u0117 180x200 cm yra i\u0161skirtinai mink\u0161ta, maloniai \u0161ilta ir puri. Stilingas ir prakti\u0161kas interjero elementas, \u012fne\u0161antis \u012f kambar\u012f \u0161ilumos","breadcrumb":{"@id":"https:\/\/aztex.ee\/lt\/pood\/lovatieses-ir-pledai\/antklode-ir-pledas-sherpa\/#breadcrumb"},"inLanguage":"lt-LT","potentialAction":[{"@type":"ReadAction","target":["https:\/\/aztex.ee\/lt\/pood\/lovatieses-ir-pledai\/antklode-ir-pledas-sherpa\/"]}]},{"@type":"ImageObject","inLanguage":"lt-LT","@id":"https:\/\/aztex.ee\/lt\/pood\/lovatieses-ir-pledai\/antklode-ir-pledas-sherpa\/#primaryimage","url":"https:\/\/aztex.ee\/wp-content\/uploads\/2025\/02\/Sherpa-fliis-tekk-180x200-1.jpg","contentUrl":"https:\/\/aztex.ee\/wp-content\/uploads\/2025\/02\/Sherpa-fliis-tekk-180x200-1.jpg","width":800,"height":800,"caption":"Sherpa fliis tekk 180x200"},{"@type":"BreadcrumbList","@id":"https:\/\/aztex.ee\/lt\/pood\/lovatieses-ir-pledai\/antklode-ir-pledas-sherpa\/#breadcrumb","itemListElement":[{"@type":"ListItem","position":1,"name":"Prad\u017eia","item":"https:\/\/aztex.ee\/lt\/"},{"@type":"ListItem","position":2,"name":"Parduotuv\u0117","item":"https:\/\/aztex.ee\/lt\/parduotuve\/"},{"@type":"ListItem","position":3,"name":"Antklod\u0117 ir pledas Sherpa 180&#215;200 cm"}]},{"@type":"WebSite","@id":"https:\/\/aztex.ee\/lt\/#website","url":"https:\/\/aztex.ee\/lt\/","name":"AZTEX","description":"","publisher":{"@id":"https:\/\/aztex.ee\/lt\/#organization"},"potentialAction":[{"@type":"SearchAction","target":{"@type":"EntryPoint","urlTemplate":"https:\/\/aztex.ee\/lt\/?s={search_term_string}"},"query-input":{"@type":"PropertyValueSpecification","valueRequired":true,"valueName":"search_term_string"}}],"inLanguage":"lt-LT"},{"@type":"Organization","@id":"https:\/\/aztex.ee\/lt\/#organization","name":"AZTEX","url":"https:\/\/aztex.ee\/lt\/","logo":{"@type":"ImageObject","inLanguage":"lt-LT","@id":"https:\/\/aztex.ee\/lt\/#\/schema\/logo\/image\/","url":"https:\/\/aztex.ee\/wp-content\/uploads\/2026\/01\/AZTEX.png","contentUrl":"https:\/\/aztex.ee\/wp-content\/uploads\/2026\/01\/AZTEX.png","width":500,"height":500,"caption":"AZTEX"},"image":{"@id":"https:\/\/aztex.ee\/lt\/#\/schema\/logo\/image\/"},"sameAs":["https:\/\/www.facebook.com\/AztexEE","https:\/\/www.instagram.com\/aztexeesti\/","https:\/\/www.youtube.com\/@AZTEXEE","https:\/\/www.pinterest.com\/aztex_eesti\/","https:\/\/www.tiktok.com\/@aztexeesti","https:\/\/www.trustpilot.com\/review\/aztex.ee","https:\/\/www.linkedin.com\/company\/aztex-ee\/","https:\/\/www.wikidata.org\/wiki\/Q137560182"]}]}},"_links":{"self":[{"href":"https:\/\/aztex.ee\/lt\/wp-json\/wp\/v2\/product\/60982","targetHints":{"allow":["GET"]}}],"collection":[{"href":"https:\/\/aztex.ee\/lt\/wp-json\/wp\/v2\/product"}],"about":[{"href":"https:\/\/aztex.ee\/lt\/wp-json\/wp\/v2\/types\/product"}],"replies":[{"embeddable":true,"href":"https:\/\/aztex.ee\/lt\/wp-json\/wp\/v2\/comments?post=60982"}],"version-history":[{"count":0,"href":"https:\/\/aztex.ee\/lt\/wp-json\/wp\/v2\/product\/60982\/revisions"}],"wp:featuredmedia":[{"embeddable":true,"href":"https:\/\/aztex.ee\/lt\/wp-json\/wp\/v2\/media\/61093"}],"wp:attachment":[{"href":"https:\/\/aztex.ee\/lt\/wp-json\/wp\/v2\/media?parent=60982"}],"wp:term":[{"taxonomy":"product_brand","embeddable":true,"href":"https:\/\/aztex.ee\/lt\/wp-json\/wp\/v2\/product_brand?post=60982"},{"taxonomy":"product_cat","embeddable":true,"href":"https:\/\/aztex.ee\/lt\/wp-json\/wp\/v2\/product_cat?post=60982"},{"taxonomy":"product_tag","embeddable":true,"href":"https:\/\/aztex.ee\/lt\/wp-json\/wp\/v2\/product_tag?post=60982"}],"curies":[{"name":"wp","href":"https:\/\/api.w.org\/{rel}","templated":true}]}}