{"id":59853,"date":"2025-02-26T09:58:55","date_gmt":"2025-02-26T09:58:55","guid":{"rendered":"https:\/\/aztex.ee\/?post_type=product&#038;p=59853"},"modified":"2026-02-01T16:43:45","modified_gmt":"2026-02-01T16:43:45","slug":"antklode-ir-pledas-sherpa-150x200-cm","status":"publish","type":"product","link":"https:\/\/aztex.ee\/lt\/pood\/lovatieses-ir-pledai\/antklode-ir-pledas-sherpa-150x200-cm\/","title":{"rendered":"Antklod\u0117 ir pledas Sherpa 150&#215;200 cm"},"content":{"rendered":"<p><strong>\u0160erpos vilnos antklod\u0117 150\u00d7200 cm \u2013 mink\u0161ta ir \u0161ilta<\/strong><\/p>\n<p>Visada jauskit\u0117s patogiai ir \u0161iltai namuose su \u0161ia auk\u0161tos kokyb\u0117s \u201eSherpa\u201c vilnone antklode. \u0160i antklod\u0117 sukurta taip, kad suteikt\u0173 geriausi\u0105 \u0161ilum\u0105 ir jaukum\u0105, kad kasdien\u0117s akimirkos b\u016bt\u0173 dar malonesn\u0117s.<\/p>\n<p><strong>Patogumas kiekvienoje situacijoje<\/strong><br \/>\nSherpa vilnos antklod\u0117s matmenys 150\u00d7200 cm puikiai tinka bet kokiai situacijai. Nesvarbu, ar atsipalaiduojate ant sofos, suteikiate papildomos \u0161ilumos ant lovos ar miegate \u2013 \u201eSherpa\u201c vilnos antklod\u0117 suteikia nepriekai\u0161ting\u0105 lengvum\u0105 ir \u0161ilum\u0105 kiekvien\u0105 kart\u0105 naudojant. Dydis taip pat puikiai tiks sve\u010diams arba kaip papildoma antklod\u0117 ant lovos, kad kiekviena diena b\u016bt\u0173 kupina \u0161ilumos.<\/p>\n<p><strong>Lengva pri\u017ei\u016br\u0117ti ir patvari<\/strong><br \/>\nSherpa vilnon\u0117s antklod\u0117s prie\u017ei\u016bra yra paprasta ir patogi, nes j\u0105 galima skalbti ma\u0161inoje. Po plovimo i\u0161lieka mink\u0161tas, suteikdamas ilgalaik\u0119 \u0161ilum\u0105 ir kokyb\u0119. Rekomenduojame skalbti \u017eemoje temperat\u016broje, kad i\u0161laikytum\u0117te gaminio gro\u017e\u012f ir ilgaam\u017ei\u0161kum\u0105. Vilnon\u0117 antklod\u0117 greitai d\u017ei\u016bsta ir nereikalauja atskiro d\u017eiovinimo, tod\u0117l kasdieniame gyvenime ji tampa dar prakti\u0161kesn\u0117.<\/p>\n<p><strong>Jaukumas ir \u0161iluma kiekvien\u0105 akimirk\u0105<\/strong><br \/>\n\u201eSherpa\u201c vilnos antklod\u0117 yra ne tik \u0161ilta, bet ir puikiai tinka kasdieniam poilsiui. Nesvarbu, ar tai jaukus vakaras namuose, ar skaitant knyg\u0105, ar atliekant nam\u0173 ruo\u0161os darbus \u2013 \u201eSherpa\u201c vilnos antklod\u0117 kiekvien\u0105 akimirk\u0105 paver\u010dia ypatinga.<\/p>\n","protected":false},"excerpt":{"rendered":"<ul>\n<li>Med\u017eiaga: Koralin\u0117 vilna<\/li>\n<li>Dydis: 150&#215;200 cm \u00b13<\/li>\n<li>Svoris: 1,1 kg<\/li>\n<\/ul>\n","protected":false},"featured_media":59964,"comment_status":"open","ping_status":"closed","template":"","meta":[],"product_brand":[],"product_cat":[1872,4473,4492],"product_tag":[],"class_list":{"0":"post-59853","1":"product","2":"type-product","3":"status-publish","4":"has-post-thumbnail","6":"product_cat-lovatieses-ir-pledai","7":"product_cat-serpos-vilnos-antklodes","8":"product_cat-serpos-vilnos-antklodes-150x200-cm","10":"first","11":"instock","12":"shipping-taxable","13":"purchasable","14":"product-type-variable"},"yoast_head":"<!-- This site is optimized with the Yoast SEO plugin v27.6 - https:\/\/yoast.com\/product\/yoast-seo-wordpress\/ -->\n<title>Antklod\u0117 ir pledas Sherpa 150x200 cm | AZTEX<\/title>\n<meta name=\"description\" content=\"Itin mink\u0161ta ir \u0161ilta 150x200 cm Sherpa vilnos antklod\u0117, kuri suteikia maksimal\u0173 komfort\u0105. Puikus kompanionas \u0161altesniems vakarams ir poilsiui.\" \/>\n<meta name=\"robots\" content=\"index, follow, max-snippet:-1, max-image-preview:large, max-video-preview:-1\" \/>\n<link rel=\"canonical\" href=\"https:\/\/aztex.ee\/lt\/pood\/lovatieses-ir-pledai\/antklode-ir-pledas-sherpa-150x200-cm\/\" \/>\n<meta property=\"og:locale\" content=\"lt_LT\" \/>\n<meta property=\"og:type\" content=\"article\" \/>\n<meta property=\"og:title\" content=\"Antklod\u0117 ir pledas Sherpa 150x200 cm | AZTEX\" \/>\n<meta property=\"og:description\" content=\"Itin mink\u0161ta ir \u0161ilta 150x200 cm Sherpa vilnos antklod\u0117, kuri suteikia maksimal\u0173 komfort\u0105. Puikus kompanionas \u0161altesniems vakarams ir poilsiui.\" \/>\n<meta property=\"og:url\" content=\"https:\/\/aztex.ee\/lt\/pood\/lovatieses-ir-pledai\/antklode-ir-pledas-sherpa-150x200-cm\/\" \/>\n<meta property=\"og:site_name\" content=\"AZTEX\" \/>\n<meta property=\"article:publisher\" content=\"https:\/\/www.facebook.com\/AztexEE\" \/>\n<meta property=\"article:modified_time\" content=\"2026-02-01T16:43:45+00:00\" \/>\n<meta property=\"og:image\" content=\"https:\/\/aztex.ee\/wp-content\/uploads\/2025\/02\/Sherpa-fliis-tekk-150x200-cm.jpg\" \/>\n\t<meta property=\"og:image:width\" content=\"800\" \/>\n\t<meta property=\"og:image:height\" content=\"800\" \/>\n\t<meta property=\"og:image:type\" content=\"image\/jpeg\" \/>\n<meta name=\"twitter:card\" content=\"summary_large_image\" \/>\n<meta name=\"twitter:label1\" content=\"Est. reading time\" \/>\n\t<meta name=\"twitter:data1\" content=\"2 minut\u0117s\" \/>\n<script type=\"application\/ld+json\" class=\"yoast-schema-graph\">{\"@context\":\"https:\\\/\\\/schema.org\",\"@graph\":[{\"@type\":[\"WebPage\",\"ItemPage\"],\"@id\":\"https:\\\/\\\/aztex.ee\\\/lt\\\/pood\\\/lovatieses-ir-pledai\\\/antklode-ir-pledas-sherpa-150x200-cm\\\/\",\"url\":\"https:\\\/\\\/aztex.ee\\\/lt\\\/pood\\\/lovatieses-ir-pledai\\\/antklode-ir-pledas-sherpa-150x200-cm\\\/\",\"name\":\"Antklod\u0117 ir pledas Sherpa 150x200 cm | AZTEX\",\"isPartOf\":{\"@id\":\"https:\\\/\\\/aztex.ee\\\/lt\\\/#website\"},\"primaryImageOfPage\":{\"@id\":\"https:\\\/\\\/aztex.ee\\\/lt\\\/pood\\\/lovatieses-ir-pledai\\\/antklode-ir-pledas-sherpa-150x200-cm\\\/#primaryimage\"},\"image\":{\"@id\":\"https:\\\/\\\/aztex.ee\\\/lt\\\/pood\\\/lovatieses-ir-pledai\\\/antklode-ir-pledas-sherpa-150x200-cm\\\/#primaryimage\"},\"thumbnailUrl\":\"https:\\\/\\\/aztex.ee\\\/wp-content\\\/uploads\\\/2025\\\/02\\\/Sherpa-fliis-tekk-150x200-cm.jpg\",\"datePublished\":\"2025-02-26T09:58:55+00:00\",\"dateModified\":\"2026-02-01T16:43:45+00:00\",\"description\":\"Itin mink\u0161ta ir \u0161ilta 150x200 cm Sherpa vilnos antklod\u0117, kuri suteikia maksimal\u0173 komfort\u0105. Puikus kompanionas \u0161altesniems vakarams ir poilsiui.\",\"breadcrumb\":{\"@id\":\"https:\\\/\\\/aztex.ee\\\/lt\\\/pood\\\/lovatieses-ir-pledai\\\/antklode-ir-pledas-sherpa-150x200-cm\\\/#breadcrumb\"},\"inLanguage\":\"lt-LT\",\"potentialAction\":[{\"@type\":\"ReadAction\",\"target\":[\"https:\\\/\\\/aztex.ee\\\/lt\\\/pood\\\/lovatieses-ir-pledai\\\/antklode-ir-pledas-sherpa-150x200-cm\\\/\"]}]},{\"@type\":\"ImageObject\",\"inLanguage\":\"lt-LT\",\"@id\":\"https:\\\/\\\/aztex.ee\\\/lt\\\/pood\\\/lovatieses-ir-pledai\\\/antklode-ir-pledas-sherpa-150x200-cm\\\/#primaryimage\",\"url\":\"https:\\\/\\\/aztex.ee\\\/wp-content\\\/uploads\\\/2025\\\/02\\\/Sherpa-fliis-tekk-150x200-cm.jpg\",\"contentUrl\":\"https:\\\/\\\/aztex.ee\\\/wp-content\\\/uploads\\\/2025\\\/02\\\/Sherpa-fliis-tekk-150x200-cm.jpg\",\"width\":800,\"height\":800,\"caption\":\"Sherpa fliis tekk 150x200 cm\"},{\"@type\":\"BreadcrumbList\",\"@id\":\"https:\\\/\\\/aztex.ee\\\/lt\\\/pood\\\/lovatieses-ir-pledai\\\/antklode-ir-pledas-sherpa-150x200-cm\\\/#breadcrumb\",\"itemListElement\":[{\"@type\":\"ListItem\",\"position\":1,\"name\":\"Prad\u017eia\",\"item\":\"https:\\\/\\\/aztex.ee\\\/lt\\\/\"},{\"@type\":\"ListItem\",\"position\":2,\"name\":\"Parduotuv\u0117\",\"item\":\"https:\\\/\\\/aztex.ee\\\/lt\\\/parduotuve\\\/\"},{\"@type\":\"ListItem\",\"position\":3,\"name\":\"Antklod\u0117 ir pledas Sherpa 150&#215;200 cm\"}]},{\"@type\":\"WebSite\",\"@id\":\"https:\\\/\\\/aztex.ee\\\/lt\\\/#website\",\"url\":\"https:\\\/\\\/aztex.ee\\\/lt\\\/\",\"name\":\"AZTEX\",\"description\":\"\",\"publisher\":{\"@id\":\"https:\\\/\\\/aztex.ee\\\/lt\\\/#organization\"},\"potentialAction\":[{\"@type\":\"SearchAction\",\"target\":{\"@type\":\"EntryPoint\",\"urlTemplate\":\"https:\\\/\\\/aztex.ee\\\/lt\\\/?s={search_term_string}\"},\"query-input\":{\"@type\":\"PropertyValueSpecification\",\"valueRequired\":true,\"valueName\":\"search_term_string\"}}],\"inLanguage\":\"lt-LT\"},{\"@type\":\"Organization\",\"@id\":\"https:\\\/\\\/aztex.ee\\\/lt\\\/#organization\",\"name\":\"AZTEX\",\"url\":\"https:\\\/\\\/aztex.ee\\\/lt\\\/\",\"logo\":{\"@type\":\"ImageObject\",\"inLanguage\":\"lt-LT\",\"@id\":\"https:\\\/\\\/aztex.ee\\\/lt\\\/#\\\/schema\\\/logo\\\/image\\\/\",\"url\":\"https:\\\/\\\/aztex.ee\\\/wp-content\\\/uploads\\\/2026\\\/01\\\/AZTEX.png\",\"contentUrl\":\"https:\\\/\\\/aztex.ee\\\/wp-content\\\/uploads\\\/2026\\\/01\\\/AZTEX.png\",\"width\":500,\"height\":500,\"caption\":\"AZTEX\"},\"image\":{\"@id\":\"https:\\\/\\\/aztex.ee\\\/lt\\\/#\\\/schema\\\/logo\\\/image\\\/\"},\"sameAs\":[\"https:\\\/\\\/www.facebook.com\\\/AztexEE\",\"https:\\\/\\\/www.instagram.com\\\/aztexeesti\\\/\",\"https:\\\/\\\/www.youtube.com\\\/@AZTEXEE\",\"https:\\\/\\\/www.pinterest.com\\\/aztex_eesti\\\/\",\"https:\\\/\\\/www.tiktok.com\\\/@aztexeesti\",\"https:\\\/\\\/www.trustpilot.com\\\/review\\\/aztex.ee\",\"https:\\\/\\\/www.linkedin.com\\\/company\\\/aztex-ee\\\/\",\"https:\\\/\\\/www.wikidata.org\\\/wiki\\\/Q137560182\"]}]}<\/script>\n<!-- \/ Yoast SEO plugin. -->","yoast_head_json":{"title":"Antklod\u0117 ir pledas Sherpa 150x200 cm | AZTEX","description":"Itin mink\u0161ta ir \u0161ilta 150x200 cm Sherpa vilnos antklod\u0117, kuri suteikia maksimal\u0173 komfort\u0105. Puikus kompanionas \u0161altesniems vakarams ir poilsiui.","robots":{"index":"index","follow":"follow","max-snippet":"max-snippet:-1","max-image-preview":"max-image-preview:large","max-video-preview":"max-video-preview:-1"},"canonical":"https:\/\/aztex.ee\/lt\/pood\/lovatieses-ir-pledai\/antklode-ir-pledas-sherpa-150x200-cm\/","og_locale":"lt_LT","og_type":"article","og_title":"Antklod\u0117 ir pledas Sherpa 150x200 cm | AZTEX","og_description":"Itin mink\u0161ta ir \u0161ilta 150x200 cm Sherpa vilnos antklod\u0117, kuri suteikia maksimal\u0173 komfort\u0105. Puikus kompanionas \u0161altesniems vakarams ir poilsiui.","og_url":"https:\/\/aztex.ee\/lt\/pood\/lovatieses-ir-pledai\/antklode-ir-pledas-sherpa-150x200-cm\/","og_site_name":"AZTEX","article_publisher":"https:\/\/www.facebook.com\/AztexEE","article_modified_time":"2026-02-01T16:43:45+00:00","og_image":[{"width":800,"height":800,"url":"https:\/\/aztex.ee\/wp-content\/uploads\/2025\/02\/Sherpa-fliis-tekk-150x200-cm.jpg","type":"image\/jpeg"}],"twitter_card":"summary_large_image","twitter_misc":{"Est. reading time":"2 minut\u0117s"},"schema":{"@context":"https:\/\/schema.org","@graph":[{"@type":["WebPage","ItemPage"],"@id":"https:\/\/aztex.ee\/lt\/pood\/lovatieses-ir-pledai\/antklode-ir-pledas-sherpa-150x200-cm\/","url":"https:\/\/aztex.ee\/lt\/pood\/lovatieses-ir-pledai\/antklode-ir-pledas-sherpa-150x200-cm\/","name":"Antklod\u0117 ir pledas Sherpa 150x200 cm | AZTEX","isPartOf":{"@id":"https:\/\/aztex.ee\/lt\/#website"},"primaryImageOfPage":{"@id":"https:\/\/aztex.ee\/lt\/pood\/lovatieses-ir-pledai\/antklode-ir-pledas-sherpa-150x200-cm\/#primaryimage"},"image":{"@id":"https:\/\/aztex.ee\/lt\/pood\/lovatieses-ir-pledai\/antklode-ir-pledas-sherpa-150x200-cm\/#primaryimage"},"thumbnailUrl":"https:\/\/aztex.ee\/wp-content\/uploads\/2025\/02\/Sherpa-fliis-tekk-150x200-cm.jpg","datePublished":"2025-02-26T09:58:55+00:00","dateModified":"2026-02-01T16:43:45+00:00","description":"Itin mink\u0161ta ir \u0161ilta 150x200 cm Sherpa vilnos antklod\u0117, kuri suteikia maksimal\u0173 komfort\u0105. Puikus kompanionas \u0161altesniems vakarams ir poilsiui.","breadcrumb":{"@id":"https:\/\/aztex.ee\/lt\/pood\/lovatieses-ir-pledai\/antklode-ir-pledas-sherpa-150x200-cm\/#breadcrumb"},"inLanguage":"lt-LT","potentialAction":[{"@type":"ReadAction","target":["https:\/\/aztex.ee\/lt\/pood\/lovatieses-ir-pledai\/antklode-ir-pledas-sherpa-150x200-cm\/"]}]},{"@type":"ImageObject","inLanguage":"lt-LT","@id":"https:\/\/aztex.ee\/lt\/pood\/lovatieses-ir-pledai\/antklode-ir-pledas-sherpa-150x200-cm\/#primaryimage","url":"https:\/\/aztex.ee\/wp-content\/uploads\/2025\/02\/Sherpa-fliis-tekk-150x200-cm.jpg","contentUrl":"https:\/\/aztex.ee\/wp-content\/uploads\/2025\/02\/Sherpa-fliis-tekk-150x200-cm.jpg","width":800,"height":800,"caption":"Sherpa fliis tekk 150x200 cm"},{"@type":"BreadcrumbList","@id":"https:\/\/aztex.ee\/lt\/pood\/lovatieses-ir-pledai\/antklode-ir-pledas-sherpa-150x200-cm\/#breadcrumb","itemListElement":[{"@type":"ListItem","position":1,"name":"Prad\u017eia","item":"https:\/\/aztex.ee\/lt\/"},{"@type":"ListItem","position":2,"name":"Parduotuv\u0117","item":"https:\/\/aztex.ee\/lt\/parduotuve\/"},{"@type":"ListItem","position":3,"name":"Antklod\u0117 ir pledas Sherpa 150&#215;200 cm"}]},{"@type":"WebSite","@id":"https:\/\/aztex.ee\/lt\/#website","url":"https:\/\/aztex.ee\/lt\/","name":"AZTEX","description":"","publisher":{"@id":"https:\/\/aztex.ee\/lt\/#organization"},"potentialAction":[{"@type":"SearchAction","target":{"@type":"EntryPoint","urlTemplate":"https:\/\/aztex.ee\/lt\/?s={search_term_string}"},"query-input":{"@type":"PropertyValueSpecification","valueRequired":true,"valueName":"search_term_string"}}],"inLanguage":"lt-LT"},{"@type":"Organization","@id":"https:\/\/aztex.ee\/lt\/#organization","name":"AZTEX","url":"https:\/\/aztex.ee\/lt\/","logo":{"@type":"ImageObject","inLanguage":"lt-LT","@id":"https:\/\/aztex.ee\/lt\/#\/schema\/logo\/image\/","url":"https:\/\/aztex.ee\/wp-content\/uploads\/2026\/01\/AZTEX.png","contentUrl":"https:\/\/aztex.ee\/wp-content\/uploads\/2026\/01\/AZTEX.png","width":500,"height":500,"caption":"AZTEX"},"image":{"@id":"https:\/\/aztex.ee\/lt\/#\/schema\/logo\/image\/"},"sameAs":["https:\/\/www.facebook.com\/AztexEE","https:\/\/www.instagram.com\/aztexeesti\/","https:\/\/www.youtube.com\/@AZTEXEE","https:\/\/www.pinterest.com\/aztex_eesti\/","https:\/\/www.tiktok.com\/@aztexeesti","https:\/\/www.trustpilot.com\/review\/aztex.ee","https:\/\/www.linkedin.com\/company\/aztex-ee\/","https:\/\/www.wikidata.org\/wiki\/Q137560182"]}]}},"_links":{"self":[{"href":"https:\/\/aztex.ee\/lt\/wp-json\/wp\/v2\/product\/59853","targetHints":{"allow":["GET"]}}],"collection":[{"href":"https:\/\/aztex.ee\/lt\/wp-json\/wp\/v2\/product"}],"about":[{"href":"https:\/\/aztex.ee\/lt\/wp-json\/wp\/v2\/types\/product"}],"replies":[{"embeddable":true,"href":"https:\/\/aztex.ee\/lt\/wp-json\/wp\/v2\/comments?post=59853"}],"version-history":[{"count":0,"href":"https:\/\/aztex.ee\/lt\/wp-json\/wp\/v2\/product\/59853\/revisions"}],"wp:featuredmedia":[{"embeddable":true,"href":"https:\/\/aztex.ee\/lt\/wp-json\/wp\/v2\/media\/59964"}],"wp:attachment":[{"href":"https:\/\/aztex.ee\/lt\/wp-json\/wp\/v2\/media?parent=59853"}],"wp:term":[{"taxonomy":"product_brand","embeddable":true,"href":"https:\/\/aztex.ee\/lt\/wp-json\/wp\/v2\/product_brand?post=59853"},{"taxonomy":"product_cat","embeddable":true,"href":"https:\/\/aztex.ee\/lt\/wp-json\/wp\/v2\/product_cat?post=59853"},{"taxonomy":"product_tag","embeddable":true,"href":"https:\/\/aztex.ee\/lt\/wp-json\/wp\/v2\/product_tag?post=59853"}],"curies":[{"name":"wp","href":"https:\/\/api.w.org\/{rel}","templated":true}]}}