{"id":56054,"date":"2025-02-16T10:44:55","date_gmt":"2025-02-16T10:44:55","guid":{"rendered":"https:\/\/aztex.ee\/?post_type=product&#038;p=56054"},"modified":"2026-01-31T17:14:36","modified_gmt":"2026-01-31T17:14:36","slug":"vaikiska-antklode-105x110-cm","status":"publish","type":"product","link":"https:\/\/aztex.ee\/lt\/pood\/vaiku-pasaulis\/vaikiska-antklode-105x110-cm\/","title":{"rendered":"Vaiki\u0161ka antklod\u0117 105&#215;110 cm"},"content":{"rendered":"<p><strong>Mink\u0161ta ir \u0161ilta k\u016bdikio antklod\u0117 su smagiomis nuotraukomis<\/strong><\/p>\n<p><strong>Svajoni\u0173 antklod\u0117 kiekvienam vaikui<\/strong><br \/>\n\u0160i miela k\u016bdikio antklod\u0117 suteikia ma\u017eiesiems svajotojams \u0161ilum\u0105 ir saugumo jausm\u0105 bet kuri\u0105 akimirk\u0105. Spalvingi ir linksmi paveiksl\u0117liai paver\u010dia mieg\u0105 dar ypatingesniu ir suteikia d\u017eiaugsmo kiekvienai dienai.<\/p>\n<p><strong>Komfortas ir kokyb\u0117<\/strong><br \/>\nAntklod\u0117 pagaminta i\u0161 mink\u0161tos med\u017eiagos, kuri maloniai prisilieti ir yra patvari kasdieniam naudojimui. Puikiai tinka miegoti ar leisti laik\u0105 \u017eaidim\u0173 kampelyje \u2013 d\u0117l linksm\u0173 paveiksl\u0117li\u0173 \u0161i antklod\u0117 taps m\u0117gstamiausia vaiko bet kurioje situacijoje.<\/p>\n<p><strong>Lengva pri\u017ei\u016br\u0117ti<\/strong><br \/>\nSkalbimo ma\u0161inoje antklod\u0117, kuri i\u0161laiko savo mink\u0161tum\u0105 ir spalvingum\u0105 net po keli\u0173 plovim\u0173. Taigi jis visada \u0161vie\u017eias, mink\u0161tas ir pasiruo\u0161\u0119s suteikti \u0161ilum\u0105 ir komfort\u0105 bet kuri\u0105 akimirk\u0105.<\/p>\n<p><strong>Tobula dovanos id\u0117ja<\/strong><br \/>\n\u0160i miela antklod\u0117 puiki dovana k\u016bdikiams ir ma\u017eyliams \u2013 ar tai b\u016bt\u0173 katinui, gimtadieniui ar tiesiog prad\u017eiuginti. Antklod\u0117 sukuria \u0161ilt\u0105 ir jauki\u0105 atmosfer\u0105 namuose, suteikia d\u017eiaugsmo kiekvienai dienai.<\/p>\n<p>Padovanokite savo vaikui geriausi\u0105 dovan\u0105 \u2013 \u0161ilt\u0105, mink\u0161t\u0105 ir smagi\u0105 antklod\u0119, kuri lyd\u0117s j\u012f \u012fvairiausiuose nuotykiuose!<\/p>\n","protected":false},"excerpt":{"rendered":"<ul>\n<li>Med\u017eiaga: Poliesteris<\/li>\n<li>Dydis: 105&#215;110 cm \u00b13<\/li>\n<li>Svoris: 0,7 kg<\/li>\n<\/ul>\n","protected":false},"featured_media":56143,"comment_status":"open","ping_status":"closed","template":"","meta":[],"product_brand":[],"product_cat":[2240,2219],"product_tag":[],"class_list":{"0":"post-56054","1":"product","2":"type-product","3":"status-publish","4":"has-post-thumbnail","6":"product_cat-vaikiskos-antklodes","7":"product_cat-vaiku-pasaulis","9":"first","10":"instock","11":"sale","12":"shipping-taxable","13":"purchasable","14":"product-type-variable"},"yoast_head":"<!-- This site is optimized with the Yoast SEO plugin v27.3 - https:\/\/yoast.com\/product\/yoast-seo-wordpress\/ -->\n<title>Vaiki\u0161ka antklod\u0117 105x110 cm | AZTEX<\/title>\n<meta name=\"description\" content=\"Mink\u0161ta ir \u0161ilta k\u016bdikio antklod\u0117 su smagiomis nuotraukomis! Puikus draugas miegant, glamon\u0117jant ir \u017eaid\u017eiant. Suteikia d\u017eiaugsmo kiekvienam vaikui!\" \/>\n<meta name=\"robots\" content=\"index, follow, max-snippet:-1, max-image-preview:large, max-video-preview:-1\" \/>\n<link rel=\"canonical\" href=\"https:\/\/aztex.ee\/lt\/pood\/vaiku-pasaulis\/vaikiska-antklode-105x110-cm\/\" \/>\n<meta property=\"og:locale\" content=\"lt_LT\" \/>\n<meta property=\"og:type\" content=\"article\" \/>\n<meta property=\"og:title\" content=\"Vaiki\u0161ka antklod\u0117 105x110 cm | AZTEX\" \/>\n<meta property=\"og:description\" content=\"Mink\u0161ta ir \u0161ilta k\u016bdikio antklod\u0117 su smagiomis nuotraukomis! Puikus draugas miegant, glamon\u0117jant ir \u017eaid\u017eiant. Suteikia d\u017eiaugsmo kiekvienam vaikui!\" \/>\n<meta property=\"og:url\" content=\"https:\/\/aztex.ee\/lt\/pood\/vaiku-pasaulis\/vaikiska-antklode-105x110-cm\/\" \/>\n<meta property=\"og:site_name\" content=\"AZTEX\" \/>\n<meta property=\"article:publisher\" content=\"https:\/\/www.facebook.com\/AztexEE\" \/>\n<meta property=\"article:modified_time\" content=\"2026-01-31T17:14:36+00:00\" \/>\n<meta property=\"og:image\" content=\"https:\/\/aztex.ee\/wp-content\/uploads\/2025\/02\/Laste-tekid.jpg\" \/>\n\t<meta property=\"og:image:width\" content=\"800\" \/>\n\t<meta property=\"og:image:height\" content=\"800\" \/>\n\t<meta property=\"og:image:type\" content=\"image\/jpeg\" \/>\n<meta name=\"twitter:card\" content=\"summary_large_image\" \/>\n<meta name=\"twitter:label1\" content=\"Est. reading time\" \/>\n\t<meta name=\"twitter:data1\" content=\"2 minut\u0117s\" \/>\n<script type=\"application\/ld+json\" class=\"yoast-schema-graph\">{\"@context\":\"https:\\\/\\\/schema.org\",\"@graph\":[{\"@type\":[\"WebPage\",\"ItemPage\"],\"@id\":\"https:\\\/\\\/aztex.ee\\\/lt\\\/pood\\\/vaiku-pasaulis\\\/vaikiska-antklode-105x110-cm\\\/\",\"url\":\"https:\\\/\\\/aztex.ee\\\/lt\\\/pood\\\/vaiku-pasaulis\\\/vaikiska-antklode-105x110-cm\\\/\",\"name\":\"Vaiki\u0161ka antklod\u0117 105x110 cm | AZTEX\",\"isPartOf\":{\"@id\":\"https:\\\/\\\/aztex.ee\\\/lt\\\/#website\"},\"primaryImageOfPage\":{\"@id\":\"https:\\\/\\\/aztex.ee\\\/lt\\\/pood\\\/vaiku-pasaulis\\\/vaikiska-antklode-105x110-cm\\\/#primaryimage\"},\"image\":{\"@id\":\"https:\\\/\\\/aztex.ee\\\/lt\\\/pood\\\/vaiku-pasaulis\\\/vaikiska-antklode-105x110-cm\\\/#primaryimage\"},\"thumbnailUrl\":\"https:\\\/\\\/aztex.ee\\\/wp-content\\\/uploads\\\/2025\\\/02\\\/Laste-tekid.jpg\",\"datePublished\":\"2025-02-16T10:44:55+00:00\",\"dateModified\":\"2026-01-31T17:14:36+00:00\",\"description\":\"Mink\u0161ta ir \u0161ilta k\u016bdikio antklod\u0117 su smagiomis nuotraukomis! Puikus draugas miegant, glamon\u0117jant ir \u017eaid\u017eiant. Suteikia d\u017eiaugsmo kiekvienam vaikui!\",\"breadcrumb\":{\"@id\":\"https:\\\/\\\/aztex.ee\\\/lt\\\/pood\\\/vaiku-pasaulis\\\/vaikiska-antklode-105x110-cm\\\/#breadcrumb\"},\"inLanguage\":\"lt-LT\",\"potentialAction\":[{\"@type\":\"ReadAction\",\"target\":[\"https:\\\/\\\/aztex.ee\\\/lt\\\/pood\\\/vaiku-pasaulis\\\/vaikiska-antklode-105x110-cm\\\/\"]}]},{\"@type\":\"ImageObject\",\"inLanguage\":\"lt-LT\",\"@id\":\"https:\\\/\\\/aztex.ee\\\/lt\\\/pood\\\/vaiku-pasaulis\\\/vaikiska-antklode-105x110-cm\\\/#primaryimage\",\"url\":\"https:\\\/\\\/aztex.ee\\\/wp-content\\\/uploads\\\/2025\\\/02\\\/Laste-tekid.jpg\",\"contentUrl\":\"https:\\\/\\\/aztex.ee\\\/wp-content\\\/uploads\\\/2025\\\/02\\\/Laste-tekid.jpg\",\"width\":800,\"height\":800,\"caption\":\"Laste tekid\"},{\"@type\":\"BreadcrumbList\",\"@id\":\"https:\\\/\\\/aztex.ee\\\/lt\\\/pood\\\/vaiku-pasaulis\\\/vaikiska-antklode-105x110-cm\\\/#breadcrumb\",\"itemListElement\":[{\"@type\":\"ListItem\",\"position\":1,\"name\":\"Prad\u017eia\",\"item\":\"https:\\\/\\\/aztex.ee\\\/lt\\\/\"},{\"@type\":\"ListItem\",\"position\":2,\"name\":\"Parduotuv\u0117\",\"item\":\"https:\\\/\\\/aztex.ee\\\/lt\\\/parduotuve\\\/\"},{\"@type\":\"ListItem\",\"position\":3,\"name\":\"Vaiki\u0161ka antklod\u0117 105&#215;110 cm\"}]},{\"@type\":\"WebSite\",\"@id\":\"https:\\\/\\\/aztex.ee\\\/lt\\\/#website\",\"url\":\"https:\\\/\\\/aztex.ee\\\/lt\\\/\",\"name\":\"AZTEX\",\"description\":\"\",\"publisher\":{\"@id\":\"https:\\\/\\\/aztex.ee\\\/lt\\\/#organization\"},\"potentialAction\":[{\"@type\":\"SearchAction\",\"target\":{\"@type\":\"EntryPoint\",\"urlTemplate\":\"https:\\\/\\\/aztex.ee\\\/lt\\\/?s={search_term_string}\"},\"query-input\":{\"@type\":\"PropertyValueSpecification\",\"valueRequired\":true,\"valueName\":\"search_term_string\"}}],\"inLanguage\":\"lt-LT\"},{\"@type\":\"Organization\",\"@id\":\"https:\\\/\\\/aztex.ee\\\/lt\\\/#organization\",\"name\":\"AZTEX\",\"url\":\"https:\\\/\\\/aztex.ee\\\/lt\\\/\",\"logo\":{\"@type\":\"ImageObject\",\"inLanguage\":\"lt-LT\",\"@id\":\"https:\\\/\\\/aztex.ee\\\/lt\\\/#\\\/schema\\\/logo\\\/image\\\/\",\"url\":\"https:\\\/\\\/aztex.ee\\\/wp-content\\\/uploads\\\/2026\\\/01\\\/AZTEX.png\",\"contentUrl\":\"https:\\\/\\\/aztex.ee\\\/wp-content\\\/uploads\\\/2026\\\/01\\\/AZTEX.png\",\"width\":500,\"height\":500,\"caption\":\"AZTEX\"},\"image\":{\"@id\":\"https:\\\/\\\/aztex.ee\\\/lt\\\/#\\\/schema\\\/logo\\\/image\\\/\"},\"sameAs\":[\"https:\\\/\\\/www.facebook.com\\\/AztexEE\",\"https:\\\/\\\/www.instagram.com\\\/aztexeesti\\\/\",\"https:\\\/\\\/www.youtube.com\\\/@AZTEXEE\",\"https:\\\/\\\/www.pinterest.com\\\/aztex_eesti\\\/\",\"https:\\\/\\\/www.tiktok.com\\\/@aztexeesti\",\"https:\\\/\\\/www.trustpilot.com\\\/review\\\/aztex.ee\",\"https:\\\/\\\/www.linkedin.com\\\/company\\\/aztex-ee\\\/\",\"https:\\\/\\\/www.wikidata.org\\\/wiki\\\/Q137560182\"]}]}<\/script>\n<!-- \/ Yoast SEO plugin. -->","yoast_head_json":{"title":"Vaiki\u0161ka antklod\u0117 105x110 cm | AZTEX","description":"Mink\u0161ta ir \u0161ilta k\u016bdikio antklod\u0117 su smagiomis nuotraukomis! Puikus draugas miegant, glamon\u0117jant ir \u017eaid\u017eiant. Suteikia d\u017eiaugsmo kiekvienam vaikui!","robots":{"index":"index","follow":"follow","max-snippet":"max-snippet:-1","max-image-preview":"max-image-preview:large","max-video-preview":"max-video-preview:-1"},"canonical":"https:\/\/aztex.ee\/lt\/pood\/vaiku-pasaulis\/vaikiska-antklode-105x110-cm\/","og_locale":"lt_LT","og_type":"article","og_title":"Vaiki\u0161ka antklod\u0117 105x110 cm | AZTEX","og_description":"Mink\u0161ta ir \u0161ilta k\u016bdikio antklod\u0117 su smagiomis nuotraukomis! Puikus draugas miegant, glamon\u0117jant ir \u017eaid\u017eiant. Suteikia d\u017eiaugsmo kiekvienam vaikui!","og_url":"https:\/\/aztex.ee\/lt\/pood\/vaiku-pasaulis\/vaikiska-antklode-105x110-cm\/","og_site_name":"AZTEX","article_publisher":"https:\/\/www.facebook.com\/AztexEE","article_modified_time":"2026-01-31T17:14:36+00:00","og_image":[{"width":800,"height":800,"url":"https:\/\/aztex.ee\/wp-content\/uploads\/2025\/02\/Laste-tekid.jpg","type":"image\/jpeg"}],"twitter_card":"summary_large_image","twitter_misc":{"Est. reading time":"2 minut\u0117s"},"schema":{"@context":"https:\/\/schema.org","@graph":[{"@type":["WebPage","ItemPage"],"@id":"https:\/\/aztex.ee\/lt\/pood\/vaiku-pasaulis\/vaikiska-antklode-105x110-cm\/","url":"https:\/\/aztex.ee\/lt\/pood\/vaiku-pasaulis\/vaikiska-antklode-105x110-cm\/","name":"Vaiki\u0161ka antklod\u0117 105x110 cm | AZTEX","isPartOf":{"@id":"https:\/\/aztex.ee\/lt\/#website"},"primaryImageOfPage":{"@id":"https:\/\/aztex.ee\/lt\/pood\/vaiku-pasaulis\/vaikiska-antklode-105x110-cm\/#primaryimage"},"image":{"@id":"https:\/\/aztex.ee\/lt\/pood\/vaiku-pasaulis\/vaikiska-antklode-105x110-cm\/#primaryimage"},"thumbnailUrl":"https:\/\/aztex.ee\/wp-content\/uploads\/2025\/02\/Laste-tekid.jpg","datePublished":"2025-02-16T10:44:55+00:00","dateModified":"2026-01-31T17:14:36+00:00","description":"Mink\u0161ta ir \u0161ilta k\u016bdikio antklod\u0117 su smagiomis nuotraukomis! Puikus draugas miegant, glamon\u0117jant ir \u017eaid\u017eiant. Suteikia d\u017eiaugsmo kiekvienam vaikui!","breadcrumb":{"@id":"https:\/\/aztex.ee\/lt\/pood\/vaiku-pasaulis\/vaikiska-antklode-105x110-cm\/#breadcrumb"},"inLanguage":"lt-LT","potentialAction":[{"@type":"ReadAction","target":["https:\/\/aztex.ee\/lt\/pood\/vaiku-pasaulis\/vaikiska-antklode-105x110-cm\/"]}]},{"@type":"ImageObject","inLanguage":"lt-LT","@id":"https:\/\/aztex.ee\/lt\/pood\/vaiku-pasaulis\/vaikiska-antklode-105x110-cm\/#primaryimage","url":"https:\/\/aztex.ee\/wp-content\/uploads\/2025\/02\/Laste-tekid.jpg","contentUrl":"https:\/\/aztex.ee\/wp-content\/uploads\/2025\/02\/Laste-tekid.jpg","width":800,"height":800,"caption":"Laste tekid"},{"@type":"BreadcrumbList","@id":"https:\/\/aztex.ee\/lt\/pood\/vaiku-pasaulis\/vaikiska-antklode-105x110-cm\/#breadcrumb","itemListElement":[{"@type":"ListItem","position":1,"name":"Prad\u017eia","item":"https:\/\/aztex.ee\/lt\/"},{"@type":"ListItem","position":2,"name":"Parduotuv\u0117","item":"https:\/\/aztex.ee\/lt\/parduotuve\/"},{"@type":"ListItem","position":3,"name":"Vaiki\u0161ka antklod\u0117 105&#215;110 cm"}]},{"@type":"WebSite","@id":"https:\/\/aztex.ee\/lt\/#website","url":"https:\/\/aztex.ee\/lt\/","name":"AZTEX","description":"","publisher":{"@id":"https:\/\/aztex.ee\/lt\/#organization"},"potentialAction":[{"@type":"SearchAction","target":{"@type":"EntryPoint","urlTemplate":"https:\/\/aztex.ee\/lt\/?s={search_term_string}"},"query-input":{"@type":"PropertyValueSpecification","valueRequired":true,"valueName":"search_term_string"}}],"inLanguage":"lt-LT"},{"@type":"Organization","@id":"https:\/\/aztex.ee\/lt\/#organization","name":"AZTEX","url":"https:\/\/aztex.ee\/lt\/","logo":{"@type":"ImageObject","inLanguage":"lt-LT","@id":"https:\/\/aztex.ee\/lt\/#\/schema\/logo\/image\/","url":"https:\/\/aztex.ee\/wp-content\/uploads\/2026\/01\/AZTEX.png","contentUrl":"https:\/\/aztex.ee\/wp-content\/uploads\/2026\/01\/AZTEX.png","width":500,"height":500,"caption":"AZTEX"},"image":{"@id":"https:\/\/aztex.ee\/lt\/#\/schema\/logo\/image\/"},"sameAs":["https:\/\/www.facebook.com\/AztexEE","https:\/\/www.instagram.com\/aztexeesti\/","https:\/\/www.youtube.com\/@AZTEXEE","https:\/\/www.pinterest.com\/aztex_eesti\/","https:\/\/www.tiktok.com\/@aztexeesti","https:\/\/www.trustpilot.com\/review\/aztex.ee","https:\/\/www.linkedin.com\/company\/aztex-ee\/","https:\/\/www.wikidata.org\/wiki\/Q137560182"]}]}},"_links":{"self":[{"href":"https:\/\/aztex.ee\/lt\/wp-json\/wp\/v2\/product\/56054","targetHints":{"allow":["GET"]}}],"collection":[{"href":"https:\/\/aztex.ee\/lt\/wp-json\/wp\/v2\/product"}],"about":[{"href":"https:\/\/aztex.ee\/lt\/wp-json\/wp\/v2\/types\/product"}],"replies":[{"embeddable":true,"href":"https:\/\/aztex.ee\/lt\/wp-json\/wp\/v2\/comments?post=56054"}],"version-history":[{"count":0,"href":"https:\/\/aztex.ee\/lt\/wp-json\/wp\/v2\/product\/56054\/revisions"}],"wp:featuredmedia":[{"embeddable":true,"href":"https:\/\/aztex.ee\/lt\/wp-json\/wp\/v2\/media\/56143"}],"wp:attachment":[{"href":"https:\/\/aztex.ee\/lt\/wp-json\/wp\/v2\/media?parent=56054"}],"wp:term":[{"taxonomy":"product_brand","embeddable":true,"href":"https:\/\/aztex.ee\/lt\/wp-json\/wp\/v2\/product_brand?post=56054"},{"taxonomy":"product_cat","embeddable":true,"href":"https:\/\/aztex.ee\/lt\/wp-json\/wp\/v2\/product_cat?post=56054"},{"taxonomy":"product_tag","embeddable":true,"href":"https:\/\/aztex.ee\/lt\/wp-json\/wp\/v2\/product_tag?post=56054"}],"curies":[{"name":"wp","href":"https:\/\/api.w.org\/{rel}","templated":true}]}}