{"id":47630,"date":"2025-01-28T08:48:05","date_gmt":"2025-01-28T08:48:05","guid":{"rendered":"https:\/\/aztex.ee\/?post_type=product&#038;p=47630"},"modified":"2026-04-12T12:51:06","modified_gmt":"2026-04-12T12:51:06","slug":"medvilninis-ranksluostis","status":"publish","type":"product","link":"https:\/\/aztex.ee\/lt\/pood\/ranksluosciai-ir-vonios-ranksluosciai\/medvilninis-ranksluostis\/","title":{"rendered":"Medvilninis rank\u0161luostis"},"content":{"rendered":"<p><strong>Medvilninis rank\u0161luostis \u2013 prakti\u0161kas ir stilingas pasirinkimas kasdieniam naudojimui<\/strong><\/p>\n<p>Auk\u0161tos kokyb\u0117s medvilninis rank\u0161luostis sujungia komfort\u0105, ilgaam\u017ei\u0161kum\u0105 ir estetin\u0119 i\u0161vaizd\u0105. Jis pagamintas i\u0161 100% nat\u016bralios medviln\u0117s, tod\u0117l rank\u0161luostis yra mink\u0161tas ir sugeriantis, idealiai tinka kasdieniam naudojimui. Universalus dizainas papildo j\u016bs\u0173 nam\u0173 interjer\u0105 ir yra prakti\u0161kas pasirinkimas bet kokiai progai.<\/p>\n<p><strong>Pagrindin\u0117s savyb\u0117s:<\/strong><\/p>\n<p><strong>Med\u017eiaga<\/strong><br \/>\nRank\u0161luostis pagamintas i\u0161 100% grynos medviln\u0117s, kuri u\u017etikrina jo ypating\u0105 mink\u0161tum\u0105 ir pralaidum\u0105 orui. D\u0117l nat\u016bralios med\u017eiagos maloniai jau\u010diasi ant odos, taip pat tinka jautri\u0105 od\u0105 turintiems \u017emon\u0117ms.<\/p>\n<p><strong>Sugeriamumas<\/strong><br \/>\nMedvilninis audinys efektyviai sugeria dr\u0117gm\u0119, tod\u0117l greitai ir patogiai i\u0161d\u017ei\u016bsta. D\u0117l to rank\u0161luostis tinkamas kasdieniam naudojimui.<\/p>\n<p><strong>Patvarumas<\/strong><br \/>\nMedvilninis rank\u0161luostis yra patvarus ir i\u0161laiko savo savybes net po pakartotinio plovimo. Jo tvirti pluo\u0161tai apsaugo nuo nusid\u0117v\u0117jimo ir u\u017etikrina ilg\u0105 tarnavimo laik\u0105.<\/p>\n<p><strong>Dizainas<\/strong><br \/>\nRank\u0161luostis yra \u012fvairi\u0173 spalv\u0173, derantis prie skirting\u0173 stili\u0173 ir interjero. Nesvarbu, ar tai minimalistinio ar klasikinio stiliaus, \u0161is rank\u0161luostis papuo\u0161 bet kur\u012f kambar\u012f.<\/p>\n<p><strong>Prie\u017ei\u016bra<\/strong><br \/>\nRank\u0161luost\u012f lengva pri\u017ei\u016br\u0117ti \u2013 j\u012f galima skalbti ma\u0161inoje ir greitai d\u017ei\u016bsta. Med\u017eiaga i\u0161laiko savo \u0161velnum\u0105 ir spalvos ry\u0161kum\u0105 net po da\u017eno plovimo, visada suteikdama maloni\u0105 patirt\u012f.<\/p>\n<p>Medvilninis rank\u0161luostis puikiai tinka tiek kasdieniam naudojimui, tiek kaip prakti\u0161ka dovana. Auk\u0161tos kokyb\u0117s med\u017eiaga ir stilingas dizainas u\u017etikrina puik\u0173 naudojimo komfort\u0105.<\/p>\n","protected":false},"excerpt":{"rendered":"<ul>\n<li>Med\u017eiaga: 100% medviln\u0117<\/li>\n<li>Dydis: 35\u00d775 cm \u00b13<\/li>\n<li>Svoris: 450g\/m2<\/li>\n<\/ul>\n","protected":false},"featured_media":47977,"comment_status":"open","ping_status":"closed","template":"","meta":[],"product_brand":[],"product_cat":[1735,780,485],"product_tag":[],"class_list":{"0":"post-47630","1":"product","2":"type-product","3":"status-publish","4":"has-post-thumbnail","6":"product_cat-ranksluosciai","7":"product_cat-ranksluosciai-35x75-cm","8":"product_cat-ranksluosciai-ir-vonios-ranksluosciai","10":"first","11":"instock","12":"sale","13":"shipping-taxable","14":"purchasable","15":"product-type-variable"},"yoast_head":"<!-- This site is optimized with the Yoast SEO plugin v27.3 - https:\/\/yoast.com\/product\/yoast-seo-wordpress\/ -->\n<title>Medvilninis rank\u0161luostis | Nat\u016bralus ir Mink\u0161tas - AZTEX<\/title>\n<meta name=\"description\" content=\"Patvarus, stilingas ir lengvai pri\u017ei\u016brimas, mink\u0161tas ir kokybi\u0161kas medvilninis rank\u0161luostis. Medvilninis rank\u0161luostis pagamintas i\u0161 100% medviln\u0117s, ...\" \/>\n<meta name=\"robots\" content=\"index, follow, max-snippet:-1, max-image-preview:large, max-video-preview:-1\" \/>\n<link rel=\"canonical\" href=\"https:\/\/aztex.ee\/lt\/pood\/ranksluosciai-ir-vonios-ranksluosciai\/medvilninis-ranksluostis\/\" \/>\n<meta property=\"og:locale\" content=\"lt_LT\" \/>\n<meta property=\"og:type\" content=\"article\" \/>\n<meta property=\"og:title\" content=\"Medvilninis rank\u0161luostis | Nat\u016bralus ir Mink\u0161tas - AZTEX\" \/>\n<meta property=\"og:description\" content=\"Patvarus, stilingas ir lengvai pri\u017ei\u016brimas, mink\u0161tas ir kokybi\u0161kas medvilninis rank\u0161luostis. Medvilninis rank\u0161luostis pagamintas i\u0161 100% medviln\u0117s, ...\" \/>\n<meta property=\"og:url\" content=\"https:\/\/aztex.ee\/lt\/pood\/ranksluosciai-ir-vonios-ranksluosciai\/medvilninis-ranksluostis\/\" \/>\n<meta property=\"og:site_name\" content=\"AZTEX\" \/>\n<meta property=\"article:publisher\" content=\"https:\/\/www.facebook.com\/AztexEE\" \/>\n<meta property=\"article:modified_time\" content=\"2026-04-12T12:51:06+00:00\" \/>\n<meta property=\"og:image\" content=\"https:\/\/aztex.ee\/wp-content\/uploads\/2025\/01\/Puuvillane-ratik.jpg\" \/>\n\t<meta property=\"og:image:width\" content=\"800\" \/>\n\t<meta property=\"og:image:height\" content=\"800\" \/>\n\t<meta property=\"og:image:type\" content=\"image\/jpeg\" \/>\n<meta name=\"twitter:card\" content=\"summary_large_image\" \/>\n<meta name=\"twitter:label1\" content=\"Est. reading time\" \/>\n\t<meta name=\"twitter:data1\" content=\"2 minut\u0117s\" \/>\n<script type=\"application\/ld+json\" class=\"yoast-schema-graph\">{\"@context\":\"https:\\\/\\\/schema.org\",\"@graph\":[{\"@type\":[\"WebPage\",\"ItemPage\"],\"@id\":\"https:\\\/\\\/aztex.ee\\\/lt\\\/pood\\\/ranksluosciai-ir-vonios-ranksluosciai\\\/medvilninis-ranksluostis\\\/\",\"url\":\"https:\\\/\\\/aztex.ee\\\/lt\\\/pood\\\/ranksluosciai-ir-vonios-ranksluosciai\\\/medvilninis-ranksluostis\\\/\",\"name\":\"Medvilninis rank\u0161luostis | Nat\u016bralus ir Mink\u0161tas - AZTEX\",\"isPartOf\":{\"@id\":\"https:\\\/\\\/aztex.ee\\\/lt\\\/#website\"},\"primaryImageOfPage\":{\"@id\":\"https:\\\/\\\/aztex.ee\\\/lt\\\/pood\\\/ranksluosciai-ir-vonios-ranksluosciai\\\/medvilninis-ranksluostis\\\/#primaryimage\"},\"image\":{\"@id\":\"https:\\\/\\\/aztex.ee\\\/lt\\\/pood\\\/ranksluosciai-ir-vonios-ranksluosciai\\\/medvilninis-ranksluostis\\\/#primaryimage\"},\"thumbnailUrl\":\"https:\\\/\\\/aztex.ee\\\/wp-content\\\/uploads\\\/2025\\\/01\\\/Puuvillane-ratik.jpg\",\"datePublished\":\"2025-01-28T08:48:05+00:00\",\"dateModified\":\"2026-04-12T12:51:06+00:00\",\"description\":\"Patvarus, stilingas ir lengvai pri\u017ei\u016brimas, mink\u0161tas ir kokybi\u0161kas medvilninis rank\u0161luostis. Medvilninis rank\u0161luostis pagamintas i\u0161 100% medviln\u0117s, ...\",\"breadcrumb\":{\"@id\":\"https:\\\/\\\/aztex.ee\\\/lt\\\/pood\\\/ranksluosciai-ir-vonios-ranksluosciai\\\/medvilninis-ranksluostis\\\/#breadcrumb\"},\"inLanguage\":\"lt-LT\",\"potentialAction\":[{\"@type\":\"ReadAction\",\"target\":[\"https:\\\/\\\/aztex.ee\\\/lt\\\/pood\\\/ranksluosciai-ir-vonios-ranksluosciai\\\/medvilninis-ranksluostis\\\/\"]}]},{\"@type\":\"ImageObject\",\"inLanguage\":\"lt-LT\",\"@id\":\"https:\\\/\\\/aztex.ee\\\/lt\\\/pood\\\/ranksluosciai-ir-vonios-ranksluosciai\\\/medvilninis-ranksluostis\\\/#primaryimage\",\"url\":\"https:\\\/\\\/aztex.ee\\\/wp-content\\\/uploads\\\/2025\\\/01\\\/Puuvillane-ratik.jpg\",\"contentUrl\":\"https:\\\/\\\/aztex.ee\\\/wp-content\\\/uploads\\\/2025\\\/01\\\/Puuvillane-ratik.jpg\",\"width\":800,\"height\":800,\"caption\":\"Puuvillane r\u00e4tik\"},{\"@type\":\"BreadcrumbList\",\"@id\":\"https:\\\/\\\/aztex.ee\\\/lt\\\/pood\\\/ranksluosciai-ir-vonios-ranksluosciai\\\/medvilninis-ranksluostis\\\/#breadcrumb\",\"itemListElement\":[{\"@type\":\"ListItem\",\"position\":1,\"name\":\"Prad\u017eia\",\"item\":\"https:\\\/\\\/aztex.ee\\\/lt\\\/\"},{\"@type\":\"ListItem\",\"position\":2,\"name\":\"Parduotuv\u0117\",\"item\":\"https:\\\/\\\/aztex.ee\\\/lt\\\/parduotuve\\\/\"},{\"@type\":\"ListItem\",\"position\":3,\"name\":\"Medvilninis rank\u0161luostis\"}]},{\"@type\":\"WebSite\",\"@id\":\"https:\\\/\\\/aztex.ee\\\/lt\\\/#website\",\"url\":\"https:\\\/\\\/aztex.ee\\\/lt\\\/\",\"name\":\"AZTEX\",\"description\":\"\",\"publisher\":{\"@id\":\"https:\\\/\\\/aztex.ee\\\/lt\\\/#organization\"},\"potentialAction\":[{\"@type\":\"SearchAction\",\"target\":{\"@type\":\"EntryPoint\",\"urlTemplate\":\"https:\\\/\\\/aztex.ee\\\/lt\\\/?s={search_term_string}\"},\"query-input\":{\"@type\":\"PropertyValueSpecification\",\"valueRequired\":true,\"valueName\":\"search_term_string\"}}],\"inLanguage\":\"lt-LT\"},{\"@type\":\"Organization\",\"@id\":\"https:\\\/\\\/aztex.ee\\\/lt\\\/#organization\",\"name\":\"AZTEX\",\"url\":\"https:\\\/\\\/aztex.ee\\\/lt\\\/\",\"logo\":{\"@type\":\"ImageObject\",\"inLanguage\":\"lt-LT\",\"@id\":\"https:\\\/\\\/aztex.ee\\\/lt\\\/#\\\/schema\\\/logo\\\/image\\\/\",\"url\":\"https:\\\/\\\/aztex.ee\\\/wp-content\\\/uploads\\\/2026\\\/01\\\/AZTEX.png\",\"contentUrl\":\"https:\\\/\\\/aztex.ee\\\/wp-content\\\/uploads\\\/2026\\\/01\\\/AZTEX.png\",\"width\":500,\"height\":500,\"caption\":\"AZTEX\"},\"image\":{\"@id\":\"https:\\\/\\\/aztex.ee\\\/lt\\\/#\\\/schema\\\/logo\\\/image\\\/\"},\"sameAs\":[\"https:\\\/\\\/www.facebook.com\\\/AztexEE\",\"https:\\\/\\\/www.instagram.com\\\/aztexeesti\\\/\",\"https:\\\/\\\/www.youtube.com\\\/@AZTEXEE\",\"https:\\\/\\\/www.pinterest.com\\\/aztex_eesti\\\/\",\"https:\\\/\\\/www.tiktok.com\\\/@aztexeesti\",\"https:\\\/\\\/www.trustpilot.com\\\/review\\\/aztex.ee\",\"https:\\\/\\\/www.linkedin.com\\\/company\\\/aztex-ee\\\/\",\"https:\\\/\\\/www.wikidata.org\\\/wiki\\\/Q137560182\"]}]}<\/script>\n<!-- \/ Yoast SEO plugin. -->","yoast_head_json":{"title":"Medvilninis rank\u0161luostis | Nat\u016bralus ir Mink\u0161tas - AZTEX","description":"Patvarus, stilingas ir lengvai pri\u017ei\u016brimas, mink\u0161tas ir kokybi\u0161kas medvilninis rank\u0161luostis. Medvilninis rank\u0161luostis pagamintas i\u0161 100% medviln\u0117s, ...","robots":{"index":"index","follow":"follow","max-snippet":"max-snippet:-1","max-image-preview":"max-image-preview:large","max-video-preview":"max-video-preview:-1"},"canonical":"https:\/\/aztex.ee\/lt\/pood\/ranksluosciai-ir-vonios-ranksluosciai\/medvilninis-ranksluostis\/","og_locale":"lt_LT","og_type":"article","og_title":"Medvilninis rank\u0161luostis | Nat\u016bralus ir Mink\u0161tas - AZTEX","og_description":"Patvarus, stilingas ir lengvai pri\u017ei\u016brimas, mink\u0161tas ir kokybi\u0161kas medvilninis rank\u0161luostis. Medvilninis rank\u0161luostis pagamintas i\u0161 100% medviln\u0117s, ...","og_url":"https:\/\/aztex.ee\/lt\/pood\/ranksluosciai-ir-vonios-ranksluosciai\/medvilninis-ranksluostis\/","og_site_name":"AZTEX","article_publisher":"https:\/\/www.facebook.com\/AztexEE","article_modified_time":"2026-04-12T12:51:06+00:00","og_image":[{"width":800,"height":800,"url":"https:\/\/aztex.ee\/wp-content\/uploads\/2025\/01\/Puuvillane-ratik.jpg","type":"image\/jpeg"}],"twitter_card":"summary_large_image","twitter_misc":{"Est. reading time":"2 minut\u0117s"},"schema":{"@context":"https:\/\/schema.org","@graph":[{"@type":["WebPage","ItemPage"],"@id":"https:\/\/aztex.ee\/lt\/pood\/ranksluosciai-ir-vonios-ranksluosciai\/medvilninis-ranksluostis\/","url":"https:\/\/aztex.ee\/lt\/pood\/ranksluosciai-ir-vonios-ranksluosciai\/medvilninis-ranksluostis\/","name":"Medvilninis rank\u0161luostis | Nat\u016bralus ir Mink\u0161tas - AZTEX","isPartOf":{"@id":"https:\/\/aztex.ee\/lt\/#website"},"primaryImageOfPage":{"@id":"https:\/\/aztex.ee\/lt\/pood\/ranksluosciai-ir-vonios-ranksluosciai\/medvilninis-ranksluostis\/#primaryimage"},"image":{"@id":"https:\/\/aztex.ee\/lt\/pood\/ranksluosciai-ir-vonios-ranksluosciai\/medvilninis-ranksluostis\/#primaryimage"},"thumbnailUrl":"https:\/\/aztex.ee\/wp-content\/uploads\/2025\/01\/Puuvillane-ratik.jpg","datePublished":"2025-01-28T08:48:05+00:00","dateModified":"2026-04-12T12:51:06+00:00","description":"Patvarus, stilingas ir lengvai pri\u017ei\u016brimas, mink\u0161tas ir kokybi\u0161kas medvilninis rank\u0161luostis. Medvilninis rank\u0161luostis pagamintas i\u0161 100% medviln\u0117s, ...","breadcrumb":{"@id":"https:\/\/aztex.ee\/lt\/pood\/ranksluosciai-ir-vonios-ranksluosciai\/medvilninis-ranksluostis\/#breadcrumb"},"inLanguage":"lt-LT","potentialAction":[{"@type":"ReadAction","target":["https:\/\/aztex.ee\/lt\/pood\/ranksluosciai-ir-vonios-ranksluosciai\/medvilninis-ranksluostis\/"]}]},{"@type":"ImageObject","inLanguage":"lt-LT","@id":"https:\/\/aztex.ee\/lt\/pood\/ranksluosciai-ir-vonios-ranksluosciai\/medvilninis-ranksluostis\/#primaryimage","url":"https:\/\/aztex.ee\/wp-content\/uploads\/2025\/01\/Puuvillane-ratik.jpg","contentUrl":"https:\/\/aztex.ee\/wp-content\/uploads\/2025\/01\/Puuvillane-ratik.jpg","width":800,"height":800,"caption":"Puuvillane r\u00e4tik"},{"@type":"BreadcrumbList","@id":"https:\/\/aztex.ee\/lt\/pood\/ranksluosciai-ir-vonios-ranksluosciai\/medvilninis-ranksluostis\/#breadcrumb","itemListElement":[{"@type":"ListItem","position":1,"name":"Prad\u017eia","item":"https:\/\/aztex.ee\/lt\/"},{"@type":"ListItem","position":2,"name":"Parduotuv\u0117","item":"https:\/\/aztex.ee\/lt\/parduotuve\/"},{"@type":"ListItem","position":3,"name":"Medvilninis rank\u0161luostis"}]},{"@type":"WebSite","@id":"https:\/\/aztex.ee\/lt\/#website","url":"https:\/\/aztex.ee\/lt\/","name":"AZTEX","description":"","publisher":{"@id":"https:\/\/aztex.ee\/lt\/#organization"},"potentialAction":[{"@type":"SearchAction","target":{"@type":"EntryPoint","urlTemplate":"https:\/\/aztex.ee\/lt\/?s={search_term_string}"},"query-input":{"@type":"PropertyValueSpecification","valueRequired":true,"valueName":"search_term_string"}}],"inLanguage":"lt-LT"},{"@type":"Organization","@id":"https:\/\/aztex.ee\/lt\/#organization","name":"AZTEX","url":"https:\/\/aztex.ee\/lt\/","logo":{"@type":"ImageObject","inLanguage":"lt-LT","@id":"https:\/\/aztex.ee\/lt\/#\/schema\/logo\/image\/","url":"https:\/\/aztex.ee\/wp-content\/uploads\/2026\/01\/AZTEX.png","contentUrl":"https:\/\/aztex.ee\/wp-content\/uploads\/2026\/01\/AZTEX.png","width":500,"height":500,"caption":"AZTEX"},"image":{"@id":"https:\/\/aztex.ee\/lt\/#\/schema\/logo\/image\/"},"sameAs":["https:\/\/www.facebook.com\/AztexEE","https:\/\/www.instagram.com\/aztexeesti\/","https:\/\/www.youtube.com\/@AZTEXEE","https:\/\/www.pinterest.com\/aztex_eesti\/","https:\/\/www.tiktok.com\/@aztexeesti","https:\/\/www.trustpilot.com\/review\/aztex.ee","https:\/\/www.linkedin.com\/company\/aztex-ee\/","https:\/\/www.wikidata.org\/wiki\/Q137560182"]}]}},"_links":{"self":[{"href":"https:\/\/aztex.ee\/lt\/wp-json\/wp\/v2\/product\/47630","targetHints":{"allow":["GET"]}}],"collection":[{"href":"https:\/\/aztex.ee\/lt\/wp-json\/wp\/v2\/product"}],"about":[{"href":"https:\/\/aztex.ee\/lt\/wp-json\/wp\/v2\/types\/product"}],"replies":[{"embeddable":true,"href":"https:\/\/aztex.ee\/lt\/wp-json\/wp\/v2\/comments?post=47630"}],"version-history":[{"count":0,"href":"https:\/\/aztex.ee\/lt\/wp-json\/wp\/v2\/product\/47630\/revisions"}],"wp:featuredmedia":[{"embeddable":true,"href":"https:\/\/aztex.ee\/lt\/wp-json\/wp\/v2\/media\/47977"}],"wp:attachment":[{"href":"https:\/\/aztex.ee\/lt\/wp-json\/wp\/v2\/media?parent=47630"}],"wp:term":[{"taxonomy":"product_brand","embeddable":true,"href":"https:\/\/aztex.ee\/lt\/wp-json\/wp\/v2\/product_brand?post=47630"},{"taxonomy":"product_cat","embeddable":true,"href":"https:\/\/aztex.ee\/lt\/wp-json\/wp\/v2\/product_cat?post=47630"},{"taxonomy":"product_tag","embeddable":true,"href":"https:\/\/aztex.ee\/lt\/wp-json\/wp\/v2\/product_tag?post=47630"}],"curies":[{"name":"wp","href":"https:\/\/api.w.org\/{rel}","templated":true}]}}