{"id":46014,"date":"2025-01-25T10:24:23","date_gmt":"2025-01-25T10:24:23","guid":{"rendered":"https:\/\/aztex.ee\/?post_type=product&#038;p=46014"},"modified":"2026-04-11T12:19:50","modified_gmt":"2026-04-11T12:19:50","slug":"bambukinis-vonios-ranksluostis-70x140-cm","status":"publish","type":"product","link":"https:\/\/aztex.ee\/lt\/pood\/ranksluosciai-ir-vonios-ranksluosciai\/bambukinis-vonios-ranksluostis-70x140-cm\/","title":{"rendered":"Bambukinis vonios rank\u0161luostis 70&#215;140 cm"},"content":{"rendered":"<p><strong>Bambukinis vonios rank\u0161luostis \u2013 prabanga ir prakti\u0161kumas J\u016bs\u0173 kasdienyb\u0117je<\/strong><\/p>\n<p>Bambukinis vonios rank\u0161luostis yra puikus prakti\u0161kumo ir prabangos derinys, si\u016blantis ne tik \u0161velnum\u0105. D\u0117l 70&#215;140 cm dyd\u017eio \u0161is vonios rank\u0161luostis yra idealus pasirinkimas kasdieniam naudojimui, suteikiantis malon\u0173 komfort\u0105 ir stilingas bei funkcionalus vonios kambario papildymas.<\/p>\n<p><strong>Kod\u0117l verta rinktis bambukin\u012f rank\u0161luost\u012f?<\/strong><\/p>\n<p><strong>Super sugeriantis ir greitai d\u017ei\u016bstantis:<\/strong><br \/>\nBambuko pluo\u0161tai yra \u017einomi d\u0117l savo i\u0161skirtinio sugeriamumo. Rank\u0161luostis akimirksniu sugeria dr\u0117gm\u0119, tod\u0117l oda lieka sausa ir gaivi, o pats rank\u0161luostis i\u0161d\u017ei\u016bsta grei\u010diau nei \u012fprasti medvilniniai rank\u0161luos\u010diai. D\u0117l \u0161ios savyb\u0117s jis taip pat yra puikus pasirinkimas aktyviam gyvenimo b\u016bdui ir da\u017enam naudojimui.<\/p>\n<p><strong>Nat\u016braliai antibakterinis:<\/strong><br \/>\nNat\u016bralios antibakterin\u0117s bambuko pluo\u0161to savyb\u0117s ilgiau i\u0161laiko rank\u0161luost\u012f \u0161vie\u017eesn\u012f, neleid\u017eia susidaryti nemaloniems kvapams ir u\u017etikrina higien\u0105 net ir po ilgo naudojimo. Bambukinis vonios rank\u0161luostis taip pat puikus pasirinkimas \u017emon\u0117ms, turintiems jautri\u0105 od\u0105.<\/p>\n<p><strong>Mink\u0161tumas ir patogumas:<\/strong><br \/>\n\u0160ilkin\u0117 bambuko pluo\u0161t\u0173 tekst\u016bra lepina od\u0105 kiekvienu prisilietimu. Vonios rank\u0161luostis idealiai tinka tiems, kurie vertina prabang\u0173 jausm\u0105 kiekvien\u0105 dien\u0105 ir r\u016bpinasi savo odos gerove.<\/p>\n<p><strong>Nesenstantis ir stilingas dizainas:<\/strong><br \/>\nD\u0117l nat\u016bralios i\u0161vaizdos ir minimalistinio dizaino \u0161is vonios rank\u0161luostis tinka bet kokiam vonios kambariui \u2013 moderniame, klasikiniame ar gamtos \u012fkv\u0117ptame.<\/p>\n<p><strong>Patvarumas ir tvarumas:<\/strong><br \/>\nBambukinis vonios rank\u0161luostis yra ne tik gra\u017eus ir prakti\u0161kas, bet ir draugi\u0161kas aplinkai pasirinkimas. Bambukas yra greitai atsinaujinantis i\u0161teklius, kurio augimui sunaudojama ma\u017eiau vandens ir chemini\u0173 med\u017eiag\u0173, palyginti su tradiciniu pluo\u0161tu. Taigi galite m\u0117gautis rank\u0161luos\u010dio prabanga, \u017einodami, kad darote ka\u017ek\u0105 gero gamtai.<\/p>\n<p>\u0160is rank\u0161luostis n\u0117ra tik plataus vartojimo prek\u0117 \u2013 tai kasdienis malonumas, kuriame dera patogumas, kokyb\u0117 ir r\u016bpestis gamta. I\u0161band\u0119, niekada nenor\u0117site gr\u012f\u017eti prie \u012fprast\u0173 rank\u0161luos\u010di\u0173. U\u017esisakykite \u0161iandien ir suteikite vonios kambariui \u0161velnumo, kuris tarnaus ilgus metus!<\/p>\n","protected":false},"excerpt":{"rendered":"<ul>\n<li>Med\u017eiaga: 100% bambukas<\/li>\n<li>Dydis: 70\u00d7140 cm \u00b13<\/li>\n<li>Svoris: 520g\/m2<\/li>\n<\/ul>\n","protected":false},"featured_media":46114,"comment_status":"open","ping_status":"closed","template":"","meta":[],"product_brand":[],"product_cat":[990,1647,485,1596,1713],"product_tag":[],"class_list":{"0":"post-46014","1":"product","2":"type-product","3":"status-publish","4":"has-post-thumbnail","6":"product_cat-bambukiniai-ranksluosciai","7":"product_cat-bambukiniai-vonios-ranksluosciai","8":"product_cat-ranksluosciai-ir-vonios-ranksluosciai","9":"product_cat-vonios-ranksluosciai","10":"product_cat-vonios-ranksluosciai-70x140-cm","12":"first","13":"instock","14":"shipping-taxable","15":"purchasable","16":"product-type-variable"},"yoast_head":"<!-- This site is optimized with the Yoast SEO plugin v27.6 - https:\/\/yoast.com\/product\/yoast-seo-wordpress\/ -->\n<title>Bambukinis vonios rank\u0161luostis 70x140 cm | 100% bambukas<\/title>\n<meta name=\"description\" content=\"Prabangus ir mink\u0161tas 70x140 cm dyd\u017eio bambukinis vonios rank\u0161luostis suteikia maksimal\u0173 komfort\u0105, puik\u0173 sugeriamum\u0105 ir yra \u0161velnus odai.\" \/>\n<meta name=\"robots\" content=\"index, follow, max-snippet:-1, max-image-preview:large, max-video-preview:-1\" \/>\n<link rel=\"canonical\" href=\"https:\/\/aztex.ee\/lt\/pood\/ranksluosciai-ir-vonios-ranksluosciai\/bambukinis-vonios-ranksluostis-70x140-cm\/\" \/>\n<meta property=\"og:locale\" content=\"lt_LT\" \/>\n<meta property=\"og:type\" content=\"article\" \/>\n<meta property=\"og:title\" content=\"Bambukinis vonios rank\u0161luostis 70x140 cm | 100% bambukas\" \/>\n<meta property=\"og:description\" content=\"Prabangus ir mink\u0161tas 70x140 cm dyd\u017eio bambukinis vonios rank\u0161luostis suteikia maksimal\u0173 komfort\u0105, puik\u0173 sugeriamum\u0105 ir yra \u0161velnus odai.\" \/>\n<meta property=\"og:url\" content=\"https:\/\/aztex.ee\/lt\/pood\/ranksluosciai-ir-vonios-ranksluosciai\/bambukinis-vonios-ranksluostis-70x140-cm\/\" \/>\n<meta property=\"og:site_name\" content=\"AZTEX\" \/>\n<meta property=\"article:publisher\" content=\"https:\/\/www.facebook.com\/AztexEE\" \/>\n<meta property=\"article:modified_time\" content=\"2026-04-11T12:19:50+00:00\" \/>\n<meta property=\"og:image\" content=\"https:\/\/aztex.ee\/wp-content\/uploads\/2025\/01\/Bambusest-vanniratikud.jpg\" \/>\n\t<meta property=\"og:image:width\" content=\"800\" \/>\n\t<meta property=\"og:image:height\" content=\"800\" \/>\n\t<meta property=\"og:image:type\" content=\"image\/jpeg\" \/>\n<meta name=\"twitter:card\" content=\"summary_large_image\" \/>\n<meta name=\"twitter:label1\" content=\"Est. reading time\" \/>\n\t<meta name=\"twitter:data1\" content=\"2 minut\u0117s\" \/>\n<script type=\"application\/ld+json\" class=\"yoast-schema-graph\">{\"@context\":\"https:\\\/\\\/schema.org\",\"@graph\":[{\"@type\":[\"WebPage\",\"ItemPage\"],\"@id\":\"https:\\\/\\\/aztex.ee\\\/lt\\\/pood\\\/ranksluosciai-ir-vonios-ranksluosciai\\\/bambukinis-vonios-ranksluostis-70x140-cm\\\/\",\"url\":\"https:\\\/\\\/aztex.ee\\\/lt\\\/pood\\\/ranksluosciai-ir-vonios-ranksluosciai\\\/bambukinis-vonios-ranksluostis-70x140-cm\\\/\",\"name\":\"Bambukinis vonios rank\u0161luostis 70x140 cm | 100% bambukas\",\"isPartOf\":{\"@id\":\"https:\\\/\\\/aztex.ee\\\/lt\\\/#website\"},\"primaryImageOfPage\":{\"@id\":\"https:\\\/\\\/aztex.ee\\\/lt\\\/pood\\\/ranksluosciai-ir-vonios-ranksluosciai\\\/bambukinis-vonios-ranksluostis-70x140-cm\\\/#primaryimage\"},\"image\":{\"@id\":\"https:\\\/\\\/aztex.ee\\\/lt\\\/pood\\\/ranksluosciai-ir-vonios-ranksluosciai\\\/bambukinis-vonios-ranksluostis-70x140-cm\\\/#primaryimage\"},\"thumbnailUrl\":\"https:\\\/\\\/aztex.ee\\\/wp-content\\\/uploads\\\/2025\\\/01\\\/Bambusest-vanniratikud.jpg\",\"datePublished\":\"2025-01-25T10:24:23+00:00\",\"dateModified\":\"2026-04-11T12:19:50+00:00\",\"description\":\"Prabangus ir mink\u0161tas 70x140 cm dyd\u017eio bambukinis vonios rank\u0161luostis suteikia maksimal\u0173 komfort\u0105, puik\u0173 sugeriamum\u0105 ir yra \u0161velnus odai.\",\"breadcrumb\":{\"@id\":\"https:\\\/\\\/aztex.ee\\\/lt\\\/pood\\\/ranksluosciai-ir-vonios-ranksluosciai\\\/bambukinis-vonios-ranksluostis-70x140-cm\\\/#breadcrumb\"},\"inLanguage\":\"lt-LT\",\"potentialAction\":[{\"@type\":\"ReadAction\",\"target\":[\"https:\\\/\\\/aztex.ee\\\/lt\\\/pood\\\/ranksluosciai-ir-vonios-ranksluosciai\\\/bambukinis-vonios-ranksluostis-70x140-cm\\\/\"]}]},{\"@type\":\"ImageObject\",\"inLanguage\":\"lt-LT\",\"@id\":\"https:\\\/\\\/aztex.ee\\\/lt\\\/pood\\\/ranksluosciai-ir-vonios-ranksluosciai\\\/bambukinis-vonios-ranksluostis-70x140-cm\\\/#primaryimage\",\"url\":\"https:\\\/\\\/aztex.ee\\\/wp-content\\\/uploads\\\/2025\\\/01\\\/Bambusest-vanniratikud.jpg\",\"contentUrl\":\"https:\\\/\\\/aztex.ee\\\/wp-content\\\/uploads\\\/2025\\\/01\\\/Bambusest-vanniratikud.jpg\",\"width\":800,\"height\":800,\"caption\":\"Bambusest vannir\u00e4tikud\"},{\"@type\":\"BreadcrumbList\",\"@id\":\"https:\\\/\\\/aztex.ee\\\/lt\\\/pood\\\/ranksluosciai-ir-vonios-ranksluosciai\\\/bambukinis-vonios-ranksluostis-70x140-cm\\\/#breadcrumb\",\"itemListElement\":[{\"@type\":\"ListItem\",\"position\":1,\"name\":\"Prad\u017eia\",\"item\":\"https:\\\/\\\/aztex.ee\\\/lt\\\/\"},{\"@type\":\"ListItem\",\"position\":2,\"name\":\"Parduotuv\u0117\",\"item\":\"https:\\\/\\\/aztex.ee\\\/lt\\\/parduotuve\\\/\"},{\"@type\":\"ListItem\",\"position\":3,\"name\":\"Bambukinis vonios rank\u0161luostis 70&#215;140 cm\"}]},{\"@type\":\"WebSite\",\"@id\":\"https:\\\/\\\/aztex.ee\\\/lt\\\/#website\",\"url\":\"https:\\\/\\\/aztex.ee\\\/lt\\\/\",\"name\":\"AZTEX\",\"description\":\"\",\"publisher\":{\"@id\":\"https:\\\/\\\/aztex.ee\\\/lt\\\/#organization\"},\"potentialAction\":[{\"@type\":\"SearchAction\",\"target\":{\"@type\":\"EntryPoint\",\"urlTemplate\":\"https:\\\/\\\/aztex.ee\\\/lt\\\/?s={search_term_string}\"},\"query-input\":{\"@type\":\"PropertyValueSpecification\",\"valueRequired\":true,\"valueName\":\"search_term_string\"}}],\"inLanguage\":\"lt-LT\"},{\"@type\":\"Organization\",\"@id\":\"https:\\\/\\\/aztex.ee\\\/lt\\\/#organization\",\"name\":\"AZTEX\",\"url\":\"https:\\\/\\\/aztex.ee\\\/lt\\\/\",\"logo\":{\"@type\":\"ImageObject\",\"inLanguage\":\"lt-LT\",\"@id\":\"https:\\\/\\\/aztex.ee\\\/lt\\\/#\\\/schema\\\/logo\\\/image\\\/\",\"url\":\"https:\\\/\\\/aztex.ee\\\/wp-content\\\/uploads\\\/2026\\\/01\\\/AZTEX.png\",\"contentUrl\":\"https:\\\/\\\/aztex.ee\\\/wp-content\\\/uploads\\\/2026\\\/01\\\/AZTEX.png\",\"width\":500,\"height\":500,\"caption\":\"AZTEX\"},\"image\":{\"@id\":\"https:\\\/\\\/aztex.ee\\\/lt\\\/#\\\/schema\\\/logo\\\/image\\\/\"},\"sameAs\":[\"https:\\\/\\\/www.facebook.com\\\/AztexEE\",\"https:\\\/\\\/www.instagram.com\\\/aztexeesti\\\/\",\"https:\\\/\\\/www.youtube.com\\\/@AZTEXEE\",\"https:\\\/\\\/www.pinterest.com\\\/aztex_eesti\\\/\",\"https:\\\/\\\/www.tiktok.com\\\/@aztexeesti\",\"https:\\\/\\\/www.trustpilot.com\\\/review\\\/aztex.ee\",\"https:\\\/\\\/www.linkedin.com\\\/company\\\/aztex-ee\\\/\",\"https:\\\/\\\/www.wikidata.org\\\/wiki\\\/Q137560182\"]}]}<\/script>\n<!-- \/ Yoast SEO plugin. -->","yoast_head_json":{"title":"Bambukinis vonios rank\u0161luostis 70x140 cm | 100% bambukas","description":"Prabangus ir mink\u0161tas 70x140 cm dyd\u017eio bambukinis vonios rank\u0161luostis suteikia maksimal\u0173 komfort\u0105, puik\u0173 sugeriamum\u0105 ir yra \u0161velnus odai.","robots":{"index":"index","follow":"follow","max-snippet":"max-snippet:-1","max-image-preview":"max-image-preview:large","max-video-preview":"max-video-preview:-1"},"canonical":"https:\/\/aztex.ee\/lt\/pood\/ranksluosciai-ir-vonios-ranksluosciai\/bambukinis-vonios-ranksluostis-70x140-cm\/","og_locale":"lt_LT","og_type":"article","og_title":"Bambukinis vonios rank\u0161luostis 70x140 cm | 100% bambukas","og_description":"Prabangus ir mink\u0161tas 70x140 cm dyd\u017eio bambukinis vonios rank\u0161luostis suteikia maksimal\u0173 komfort\u0105, puik\u0173 sugeriamum\u0105 ir yra \u0161velnus odai.","og_url":"https:\/\/aztex.ee\/lt\/pood\/ranksluosciai-ir-vonios-ranksluosciai\/bambukinis-vonios-ranksluostis-70x140-cm\/","og_site_name":"AZTEX","article_publisher":"https:\/\/www.facebook.com\/AztexEE","article_modified_time":"2026-04-11T12:19:50+00:00","og_image":[{"width":800,"height":800,"url":"https:\/\/aztex.ee\/wp-content\/uploads\/2025\/01\/Bambusest-vanniratikud.jpg","type":"image\/jpeg"}],"twitter_card":"summary_large_image","twitter_misc":{"Est. reading time":"2 minut\u0117s"},"schema":{"@context":"https:\/\/schema.org","@graph":[{"@type":["WebPage","ItemPage"],"@id":"https:\/\/aztex.ee\/lt\/pood\/ranksluosciai-ir-vonios-ranksluosciai\/bambukinis-vonios-ranksluostis-70x140-cm\/","url":"https:\/\/aztex.ee\/lt\/pood\/ranksluosciai-ir-vonios-ranksluosciai\/bambukinis-vonios-ranksluostis-70x140-cm\/","name":"Bambukinis vonios rank\u0161luostis 70x140 cm | 100% bambukas","isPartOf":{"@id":"https:\/\/aztex.ee\/lt\/#website"},"primaryImageOfPage":{"@id":"https:\/\/aztex.ee\/lt\/pood\/ranksluosciai-ir-vonios-ranksluosciai\/bambukinis-vonios-ranksluostis-70x140-cm\/#primaryimage"},"image":{"@id":"https:\/\/aztex.ee\/lt\/pood\/ranksluosciai-ir-vonios-ranksluosciai\/bambukinis-vonios-ranksluostis-70x140-cm\/#primaryimage"},"thumbnailUrl":"https:\/\/aztex.ee\/wp-content\/uploads\/2025\/01\/Bambusest-vanniratikud.jpg","datePublished":"2025-01-25T10:24:23+00:00","dateModified":"2026-04-11T12:19:50+00:00","description":"Prabangus ir mink\u0161tas 70x140 cm dyd\u017eio bambukinis vonios rank\u0161luostis suteikia maksimal\u0173 komfort\u0105, puik\u0173 sugeriamum\u0105 ir yra \u0161velnus odai.","breadcrumb":{"@id":"https:\/\/aztex.ee\/lt\/pood\/ranksluosciai-ir-vonios-ranksluosciai\/bambukinis-vonios-ranksluostis-70x140-cm\/#breadcrumb"},"inLanguage":"lt-LT","potentialAction":[{"@type":"ReadAction","target":["https:\/\/aztex.ee\/lt\/pood\/ranksluosciai-ir-vonios-ranksluosciai\/bambukinis-vonios-ranksluostis-70x140-cm\/"]}]},{"@type":"ImageObject","inLanguage":"lt-LT","@id":"https:\/\/aztex.ee\/lt\/pood\/ranksluosciai-ir-vonios-ranksluosciai\/bambukinis-vonios-ranksluostis-70x140-cm\/#primaryimage","url":"https:\/\/aztex.ee\/wp-content\/uploads\/2025\/01\/Bambusest-vanniratikud.jpg","contentUrl":"https:\/\/aztex.ee\/wp-content\/uploads\/2025\/01\/Bambusest-vanniratikud.jpg","width":800,"height":800,"caption":"Bambusest vannir\u00e4tikud"},{"@type":"BreadcrumbList","@id":"https:\/\/aztex.ee\/lt\/pood\/ranksluosciai-ir-vonios-ranksluosciai\/bambukinis-vonios-ranksluostis-70x140-cm\/#breadcrumb","itemListElement":[{"@type":"ListItem","position":1,"name":"Prad\u017eia","item":"https:\/\/aztex.ee\/lt\/"},{"@type":"ListItem","position":2,"name":"Parduotuv\u0117","item":"https:\/\/aztex.ee\/lt\/parduotuve\/"},{"@type":"ListItem","position":3,"name":"Bambukinis vonios rank\u0161luostis 70&#215;140 cm"}]},{"@type":"WebSite","@id":"https:\/\/aztex.ee\/lt\/#website","url":"https:\/\/aztex.ee\/lt\/","name":"AZTEX","description":"","publisher":{"@id":"https:\/\/aztex.ee\/lt\/#organization"},"potentialAction":[{"@type":"SearchAction","target":{"@type":"EntryPoint","urlTemplate":"https:\/\/aztex.ee\/lt\/?s={search_term_string}"},"query-input":{"@type":"PropertyValueSpecification","valueRequired":true,"valueName":"search_term_string"}}],"inLanguage":"lt-LT"},{"@type":"Organization","@id":"https:\/\/aztex.ee\/lt\/#organization","name":"AZTEX","url":"https:\/\/aztex.ee\/lt\/","logo":{"@type":"ImageObject","inLanguage":"lt-LT","@id":"https:\/\/aztex.ee\/lt\/#\/schema\/logo\/image\/","url":"https:\/\/aztex.ee\/wp-content\/uploads\/2026\/01\/AZTEX.png","contentUrl":"https:\/\/aztex.ee\/wp-content\/uploads\/2026\/01\/AZTEX.png","width":500,"height":500,"caption":"AZTEX"},"image":{"@id":"https:\/\/aztex.ee\/lt\/#\/schema\/logo\/image\/"},"sameAs":["https:\/\/www.facebook.com\/AztexEE","https:\/\/www.instagram.com\/aztexeesti\/","https:\/\/www.youtube.com\/@AZTEXEE","https:\/\/www.pinterest.com\/aztex_eesti\/","https:\/\/www.tiktok.com\/@aztexeesti","https:\/\/www.trustpilot.com\/review\/aztex.ee","https:\/\/www.linkedin.com\/company\/aztex-ee\/","https:\/\/www.wikidata.org\/wiki\/Q137560182"]}]}},"_links":{"self":[{"href":"https:\/\/aztex.ee\/lt\/wp-json\/wp\/v2\/product\/46014","targetHints":{"allow":["GET"]}}],"collection":[{"href":"https:\/\/aztex.ee\/lt\/wp-json\/wp\/v2\/product"}],"about":[{"href":"https:\/\/aztex.ee\/lt\/wp-json\/wp\/v2\/types\/product"}],"replies":[{"embeddable":true,"href":"https:\/\/aztex.ee\/lt\/wp-json\/wp\/v2\/comments?post=46014"}],"version-history":[{"count":0,"href":"https:\/\/aztex.ee\/lt\/wp-json\/wp\/v2\/product\/46014\/revisions"}],"wp:featuredmedia":[{"embeddable":true,"href":"https:\/\/aztex.ee\/lt\/wp-json\/wp\/v2\/media\/46114"}],"wp:attachment":[{"href":"https:\/\/aztex.ee\/lt\/wp-json\/wp\/v2\/media?parent=46014"}],"wp:term":[{"taxonomy":"product_brand","embeddable":true,"href":"https:\/\/aztex.ee\/lt\/wp-json\/wp\/v2\/product_brand?post=46014"},{"taxonomy":"product_cat","embeddable":true,"href":"https:\/\/aztex.ee\/lt\/wp-json\/wp\/v2\/product_cat?post=46014"},{"taxonomy":"product_tag","embeddable":true,"href":"https:\/\/aztex.ee\/lt\/wp-json\/wp\/v2\/product_tag?post=46014"}],"curies":[{"name":"wp","href":"https:\/\/api.w.org\/{rel}","templated":true}]}}