{"id":43424,"date":"2025-01-19T09:18:27","date_gmt":"2025-01-19T09:18:27","guid":{"rendered":"https:\/\/aztex.ee\/?post_type=product&#038;p=43424"},"modified":"2026-04-23T17:08:33","modified_gmt":"2026-04-23T17:08:33","slug":"bambukiniu-ranksluosciu-komplektas","status":"publish","type":"product","link":"https:\/\/aztex.ee\/lt\/pood\/ranksluosciai-ir-vonios-ranksluosciai\/bambukiniu-ranksluosciu-komplektas\/","title":{"rendered":"Bambukini\u0173 rank\u0161luos\u010di\u0173 komplektas"},"content":{"rendered":"<p>Bambukini\u0173 rank\u0161luos\u010di\u0173 rinkinys, kur\u012f sudaro 3 rank\u0161luos\u010diai, yra puikus pasirinkimas vertinantiems mink\u0161tum\u0105 ir funkcionalum\u0105.<\/p>\n<p>\u012e komplekt\u0105 \u012feina:<br \/>\n1 didelis vonios rank\u0161luostis (70\u00d7140 cm), kuris puikiai dengia ir patogus.<br \/>\n2 ma\u017eesni rank\u0161luos\u010diai (35\u00d775 cm), idealiai tinkantys veidui ar rankoms nusausinti.<\/p>\n<p>Rank\u0161luos\u010diai i\u0161 bambuko pluo\u0161to yra i\u0161skirtinai mink\u0161ti ir nekenksmingi odai, tod\u0117l suteikia prabangos potyr\u012f. Nat\u016brali bambuko strukt\u016bra u\u017etikrina puik\u0173 sugeriamum\u0105 ir greit\u0105 d\u017ei\u016bvim\u0105.<\/p>\n<p>Be to, bambukiniai rank\u0161luos\u010diai yra antibakteriniai ir patvar\u016bs, i\u0161laiko savo kokyb\u0119 net po pakartotinio plovimo. Klasikinis ir nesenstantis dizainas tinka bet kokiam vonios kambariui ir suteikia jam elegancijos.<\/p>\n<p>\u0160is bambuko rinkinys puikiai tinka tiek kasdieniam naudojimui, tiek dovanai.<\/p>\n","protected":false},"excerpt":{"rendered":"<ul>\n<li>Med\u017eiaga: 100% bambukas<\/li>\n<li>Dydis: (70\u00d7140 cm 1 vnt) + (35\u00d775 cm 2 vnt)<\/li>\n<li>Svoris: 420g\/m2<\/li>\n<li>Rinkin\u012f sudaro: 3 vnt<\/li>\n<\/ul>\n","protected":false},"featured_media":43504,"comment_status":"open","ping_status":"closed","template":"","meta":[],"product_brand":[],"product_cat":[990,1669,485,1574],"product_tag":[],"class_list":{"0":"post-43424","1":"product","2":"type-product","3":"status-publish","4":"has-post-thumbnail","6":"product_cat-bambukiniai-ranksluosciai","7":"product_cat-bambukiniu-ranksluosciu-komplektai","8":"product_cat-ranksluosciai-ir-vonios-ranksluosciai","9":"product_cat-ranksluosciu-komplektai","11":"first","12":"instock","13":"shipping-taxable","14":"purchasable","15":"product-type-variable"},"yoast_head":"<!-- This site is optimized with the Yoast SEO plugin v27.6 - https:\/\/yoast.com\/product\/yoast-seo-wordpress\/ -->\n<title>Bambukini\u0173 rank\u0161luos\u010di\u0173 komplektas | AZTEX<\/title>\n<meta name=\"description\" content=\"3 dali\u0173 bambukini\u0173 rank\u0161luos\u010di\u0173 rinkinys - mink\u0161ti, puikiai sugeriantys ir antibakteriniai rank\u0161luos\u010diai. Idealus pasirinkimas komfortui ir kokybei....\" \/>\n<meta name=\"robots\" content=\"index, follow, max-snippet:-1, max-image-preview:large, max-video-preview:-1\" \/>\n<link rel=\"canonical\" href=\"https:\/\/aztex.ee\/lt\/pood\/ranksluosciai-ir-vonios-ranksluosciai\/bambukiniu-ranksluosciu-komplektas\/\" \/>\n<meta property=\"og:locale\" content=\"lt_LT\" \/>\n<meta property=\"og:type\" content=\"article\" \/>\n<meta property=\"og:title\" content=\"Bambukini\u0173 rank\u0161luos\u010di\u0173 komplektas | AZTEX\" \/>\n<meta property=\"og:description\" content=\"3 dali\u0173 bambukini\u0173 rank\u0161luos\u010di\u0173 rinkinys - mink\u0161ti, puikiai sugeriantys ir antibakteriniai rank\u0161luos\u010diai. Idealus pasirinkimas komfortui ir kokybei....\" \/>\n<meta property=\"og:url\" content=\"https:\/\/aztex.ee\/lt\/pood\/ranksluosciai-ir-vonios-ranksluosciai\/bambukiniu-ranksluosciu-komplektas\/\" \/>\n<meta property=\"og:site_name\" content=\"AZTEX\" \/>\n<meta property=\"article:publisher\" content=\"https:\/\/www.facebook.com\/AztexEE\" \/>\n<meta property=\"article:modified_time\" content=\"2026-04-23T17:08:33+00:00\" \/>\n<meta property=\"og:image\" content=\"https:\/\/aztex.ee\/wp-content\/uploads\/2025\/01\/Bambusest-ratikute-komplekt-3-tk.jpg\" \/>\n\t<meta property=\"og:image:width\" content=\"800\" \/>\n\t<meta property=\"og:image:height\" content=\"800\" \/>\n\t<meta property=\"og:image:type\" content=\"image\/jpeg\" \/>\n<meta name=\"twitter:card\" content=\"summary_large_image\" \/>\n<meta name=\"twitter:label1\" content=\"Est. reading time\" \/>\n\t<meta name=\"twitter:data1\" content=\"1 minut\u0117\" \/>\n<script type=\"application\/ld+json\" class=\"yoast-schema-graph\">{\"@context\":\"https:\\\/\\\/schema.org\",\"@graph\":[{\"@type\":[\"WebPage\",\"ItemPage\"],\"@id\":\"https:\\\/\\\/aztex.ee\\\/lt\\\/pood\\\/ranksluosciai-ir-vonios-ranksluosciai\\\/bambukiniu-ranksluosciu-komplektas\\\/\",\"url\":\"https:\\\/\\\/aztex.ee\\\/lt\\\/pood\\\/ranksluosciai-ir-vonios-ranksluosciai\\\/bambukiniu-ranksluosciu-komplektas\\\/\",\"name\":\"Bambukini\u0173 rank\u0161luos\u010di\u0173 komplektas | AZTEX\",\"isPartOf\":{\"@id\":\"https:\\\/\\\/aztex.ee\\\/lt\\\/#website\"},\"primaryImageOfPage\":{\"@id\":\"https:\\\/\\\/aztex.ee\\\/lt\\\/pood\\\/ranksluosciai-ir-vonios-ranksluosciai\\\/bambukiniu-ranksluosciu-komplektas\\\/#primaryimage\"},\"image\":{\"@id\":\"https:\\\/\\\/aztex.ee\\\/lt\\\/pood\\\/ranksluosciai-ir-vonios-ranksluosciai\\\/bambukiniu-ranksluosciu-komplektas\\\/#primaryimage\"},\"thumbnailUrl\":\"https:\\\/\\\/aztex.ee\\\/wp-content\\\/uploads\\\/2025\\\/01\\\/Bambusest-ratikute-komplekt-3-tk.jpg\",\"datePublished\":\"2025-01-19T09:18:27+00:00\",\"dateModified\":\"2026-04-23T17:08:33+00:00\",\"description\":\"3 dali\u0173 bambukini\u0173 rank\u0161luos\u010di\u0173 rinkinys - mink\u0161ti, puikiai sugeriantys ir antibakteriniai rank\u0161luos\u010diai. Idealus pasirinkimas komfortui ir kokybei....\",\"breadcrumb\":{\"@id\":\"https:\\\/\\\/aztex.ee\\\/lt\\\/pood\\\/ranksluosciai-ir-vonios-ranksluosciai\\\/bambukiniu-ranksluosciu-komplektas\\\/#breadcrumb\"},\"inLanguage\":\"lt-LT\",\"potentialAction\":[{\"@type\":\"ReadAction\",\"target\":[\"https:\\\/\\\/aztex.ee\\\/lt\\\/pood\\\/ranksluosciai-ir-vonios-ranksluosciai\\\/bambukiniu-ranksluosciu-komplektas\\\/\"]}]},{\"@type\":\"ImageObject\",\"inLanguage\":\"lt-LT\",\"@id\":\"https:\\\/\\\/aztex.ee\\\/lt\\\/pood\\\/ranksluosciai-ir-vonios-ranksluosciai\\\/bambukiniu-ranksluosciu-komplektas\\\/#primaryimage\",\"url\":\"https:\\\/\\\/aztex.ee\\\/wp-content\\\/uploads\\\/2025\\\/01\\\/Bambusest-ratikute-komplekt-3-tk.jpg\",\"contentUrl\":\"https:\\\/\\\/aztex.ee\\\/wp-content\\\/uploads\\\/2025\\\/01\\\/Bambusest-ratikute-komplekt-3-tk.jpg\",\"width\":800,\"height\":800,\"caption\":\"Bambusest r\u00e4tikute komplekt 3 tk\"},{\"@type\":\"BreadcrumbList\",\"@id\":\"https:\\\/\\\/aztex.ee\\\/lt\\\/pood\\\/ranksluosciai-ir-vonios-ranksluosciai\\\/bambukiniu-ranksluosciu-komplektas\\\/#breadcrumb\",\"itemListElement\":[{\"@type\":\"ListItem\",\"position\":1,\"name\":\"Prad\u017eia\",\"item\":\"https:\\\/\\\/aztex.ee\\\/lt\\\/\"},{\"@type\":\"ListItem\",\"position\":2,\"name\":\"Parduotuv\u0117\",\"item\":\"https:\\\/\\\/aztex.ee\\\/lt\\\/parduotuve\\\/\"},{\"@type\":\"ListItem\",\"position\":3,\"name\":\"Bambukini\u0173 rank\u0161luos\u010di\u0173 komplektas\"}]},{\"@type\":\"WebSite\",\"@id\":\"https:\\\/\\\/aztex.ee\\\/lt\\\/#website\",\"url\":\"https:\\\/\\\/aztex.ee\\\/lt\\\/\",\"name\":\"AZTEX\",\"description\":\"\",\"publisher\":{\"@id\":\"https:\\\/\\\/aztex.ee\\\/lt\\\/#organization\"},\"potentialAction\":[{\"@type\":\"SearchAction\",\"target\":{\"@type\":\"EntryPoint\",\"urlTemplate\":\"https:\\\/\\\/aztex.ee\\\/lt\\\/?s={search_term_string}\"},\"query-input\":{\"@type\":\"PropertyValueSpecification\",\"valueRequired\":true,\"valueName\":\"search_term_string\"}}],\"inLanguage\":\"lt-LT\"},{\"@type\":\"Organization\",\"@id\":\"https:\\\/\\\/aztex.ee\\\/lt\\\/#organization\",\"name\":\"AZTEX\",\"url\":\"https:\\\/\\\/aztex.ee\\\/lt\\\/\",\"logo\":{\"@type\":\"ImageObject\",\"inLanguage\":\"lt-LT\",\"@id\":\"https:\\\/\\\/aztex.ee\\\/lt\\\/#\\\/schema\\\/logo\\\/image\\\/\",\"url\":\"https:\\\/\\\/aztex.ee\\\/wp-content\\\/uploads\\\/2026\\\/01\\\/AZTEX.png\",\"contentUrl\":\"https:\\\/\\\/aztex.ee\\\/wp-content\\\/uploads\\\/2026\\\/01\\\/AZTEX.png\",\"width\":500,\"height\":500,\"caption\":\"AZTEX\"},\"image\":{\"@id\":\"https:\\\/\\\/aztex.ee\\\/lt\\\/#\\\/schema\\\/logo\\\/image\\\/\"},\"sameAs\":[\"https:\\\/\\\/www.facebook.com\\\/AztexEE\",\"https:\\\/\\\/www.instagram.com\\\/aztexeesti\\\/\",\"https:\\\/\\\/www.youtube.com\\\/@AZTEXEE\",\"https:\\\/\\\/www.pinterest.com\\\/aztex_eesti\\\/\",\"https:\\\/\\\/www.tiktok.com\\\/@aztexeesti\",\"https:\\\/\\\/www.trustpilot.com\\\/review\\\/aztex.ee\",\"https:\\\/\\\/www.linkedin.com\\\/company\\\/aztex-ee\\\/\",\"https:\\\/\\\/www.wikidata.org\\\/wiki\\\/Q137560182\"]}]}<\/script>\n<!-- \/ Yoast SEO plugin. -->","yoast_head_json":{"title":"Bambukini\u0173 rank\u0161luos\u010di\u0173 komplektas | AZTEX","description":"3 dali\u0173 bambukini\u0173 rank\u0161luos\u010di\u0173 rinkinys - mink\u0161ti, puikiai sugeriantys ir antibakteriniai rank\u0161luos\u010diai. Idealus pasirinkimas komfortui ir kokybei....","robots":{"index":"index","follow":"follow","max-snippet":"max-snippet:-1","max-image-preview":"max-image-preview:large","max-video-preview":"max-video-preview:-1"},"canonical":"https:\/\/aztex.ee\/lt\/pood\/ranksluosciai-ir-vonios-ranksluosciai\/bambukiniu-ranksluosciu-komplektas\/","og_locale":"lt_LT","og_type":"article","og_title":"Bambukini\u0173 rank\u0161luos\u010di\u0173 komplektas | AZTEX","og_description":"3 dali\u0173 bambukini\u0173 rank\u0161luos\u010di\u0173 rinkinys - mink\u0161ti, puikiai sugeriantys ir antibakteriniai rank\u0161luos\u010diai. Idealus pasirinkimas komfortui ir kokybei....","og_url":"https:\/\/aztex.ee\/lt\/pood\/ranksluosciai-ir-vonios-ranksluosciai\/bambukiniu-ranksluosciu-komplektas\/","og_site_name":"AZTEX","article_publisher":"https:\/\/www.facebook.com\/AztexEE","article_modified_time":"2026-04-23T17:08:33+00:00","og_image":[{"width":800,"height":800,"url":"https:\/\/aztex.ee\/wp-content\/uploads\/2025\/01\/Bambusest-ratikute-komplekt-3-tk.jpg","type":"image\/jpeg"}],"twitter_card":"summary_large_image","twitter_misc":{"Est. reading time":"1 minut\u0117"},"schema":{"@context":"https:\/\/schema.org","@graph":[{"@type":["WebPage","ItemPage"],"@id":"https:\/\/aztex.ee\/lt\/pood\/ranksluosciai-ir-vonios-ranksluosciai\/bambukiniu-ranksluosciu-komplektas\/","url":"https:\/\/aztex.ee\/lt\/pood\/ranksluosciai-ir-vonios-ranksluosciai\/bambukiniu-ranksluosciu-komplektas\/","name":"Bambukini\u0173 rank\u0161luos\u010di\u0173 komplektas | AZTEX","isPartOf":{"@id":"https:\/\/aztex.ee\/lt\/#website"},"primaryImageOfPage":{"@id":"https:\/\/aztex.ee\/lt\/pood\/ranksluosciai-ir-vonios-ranksluosciai\/bambukiniu-ranksluosciu-komplektas\/#primaryimage"},"image":{"@id":"https:\/\/aztex.ee\/lt\/pood\/ranksluosciai-ir-vonios-ranksluosciai\/bambukiniu-ranksluosciu-komplektas\/#primaryimage"},"thumbnailUrl":"https:\/\/aztex.ee\/wp-content\/uploads\/2025\/01\/Bambusest-ratikute-komplekt-3-tk.jpg","datePublished":"2025-01-19T09:18:27+00:00","dateModified":"2026-04-23T17:08:33+00:00","description":"3 dali\u0173 bambukini\u0173 rank\u0161luos\u010di\u0173 rinkinys - mink\u0161ti, puikiai sugeriantys ir antibakteriniai rank\u0161luos\u010diai. Idealus pasirinkimas komfortui ir kokybei....","breadcrumb":{"@id":"https:\/\/aztex.ee\/lt\/pood\/ranksluosciai-ir-vonios-ranksluosciai\/bambukiniu-ranksluosciu-komplektas\/#breadcrumb"},"inLanguage":"lt-LT","potentialAction":[{"@type":"ReadAction","target":["https:\/\/aztex.ee\/lt\/pood\/ranksluosciai-ir-vonios-ranksluosciai\/bambukiniu-ranksluosciu-komplektas\/"]}]},{"@type":"ImageObject","inLanguage":"lt-LT","@id":"https:\/\/aztex.ee\/lt\/pood\/ranksluosciai-ir-vonios-ranksluosciai\/bambukiniu-ranksluosciu-komplektas\/#primaryimage","url":"https:\/\/aztex.ee\/wp-content\/uploads\/2025\/01\/Bambusest-ratikute-komplekt-3-tk.jpg","contentUrl":"https:\/\/aztex.ee\/wp-content\/uploads\/2025\/01\/Bambusest-ratikute-komplekt-3-tk.jpg","width":800,"height":800,"caption":"Bambusest r\u00e4tikute komplekt 3 tk"},{"@type":"BreadcrumbList","@id":"https:\/\/aztex.ee\/lt\/pood\/ranksluosciai-ir-vonios-ranksluosciai\/bambukiniu-ranksluosciu-komplektas\/#breadcrumb","itemListElement":[{"@type":"ListItem","position":1,"name":"Prad\u017eia","item":"https:\/\/aztex.ee\/lt\/"},{"@type":"ListItem","position":2,"name":"Parduotuv\u0117","item":"https:\/\/aztex.ee\/lt\/parduotuve\/"},{"@type":"ListItem","position":3,"name":"Bambukini\u0173 rank\u0161luos\u010di\u0173 komplektas"}]},{"@type":"WebSite","@id":"https:\/\/aztex.ee\/lt\/#website","url":"https:\/\/aztex.ee\/lt\/","name":"AZTEX","description":"","publisher":{"@id":"https:\/\/aztex.ee\/lt\/#organization"},"potentialAction":[{"@type":"SearchAction","target":{"@type":"EntryPoint","urlTemplate":"https:\/\/aztex.ee\/lt\/?s={search_term_string}"},"query-input":{"@type":"PropertyValueSpecification","valueRequired":true,"valueName":"search_term_string"}}],"inLanguage":"lt-LT"},{"@type":"Organization","@id":"https:\/\/aztex.ee\/lt\/#organization","name":"AZTEX","url":"https:\/\/aztex.ee\/lt\/","logo":{"@type":"ImageObject","inLanguage":"lt-LT","@id":"https:\/\/aztex.ee\/lt\/#\/schema\/logo\/image\/","url":"https:\/\/aztex.ee\/wp-content\/uploads\/2026\/01\/AZTEX.png","contentUrl":"https:\/\/aztex.ee\/wp-content\/uploads\/2026\/01\/AZTEX.png","width":500,"height":500,"caption":"AZTEX"},"image":{"@id":"https:\/\/aztex.ee\/lt\/#\/schema\/logo\/image\/"},"sameAs":["https:\/\/www.facebook.com\/AztexEE","https:\/\/www.instagram.com\/aztexeesti\/","https:\/\/www.youtube.com\/@AZTEXEE","https:\/\/www.pinterest.com\/aztex_eesti\/","https:\/\/www.tiktok.com\/@aztexeesti","https:\/\/www.trustpilot.com\/review\/aztex.ee","https:\/\/www.linkedin.com\/company\/aztex-ee\/","https:\/\/www.wikidata.org\/wiki\/Q137560182"]}]}},"_links":{"self":[{"href":"https:\/\/aztex.ee\/lt\/wp-json\/wp\/v2\/product\/43424","targetHints":{"allow":["GET"]}}],"collection":[{"href":"https:\/\/aztex.ee\/lt\/wp-json\/wp\/v2\/product"}],"about":[{"href":"https:\/\/aztex.ee\/lt\/wp-json\/wp\/v2\/types\/product"}],"replies":[{"embeddable":true,"href":"https:\/\/aztex.ee\/lt\/wp-json\/wp\/v2\/comments?post=43424"}],"version-history":[{"count":0,"href":"https:\/\/aztex.ee\/lt\/wp-json\/wp\/v2\/product\/43424\/revisions"}],"wp:featuredmedia":[{"embeddable":true,"href":"https:\/\/aztex.ee\/lt\/wp-json\/wp\/v2\/media\/43504"}],"wp:attachment":[{"href":"https:\/\/aztex.ee\/lt\/wp-json\/wp\/v2\/media?parent=43424"}],"wp:term":[{"taxonomy":"product_brand","embeddable":true,"href":"https:\/\/aztex.ee\/lt\/wp-json\/wp\/v2\/product_brand?post=43424"},{"taxonomy":"product_cat","embeddable":true,"href":"https:\/\/aztex.ee\/lt\/wp-json\/wp\/v2\/product_cat?post=43424"},{"taxonomy":"product_tag","embeddable":true,"href":"https:\/\/aztex.ee\/lt\/wp-json\/wp\/v2\/product_tag?post=43424"}],"curies":[{"name":"wp","href":"https:\/\/api.w.org\/{rel}","templated":true}]}}