{"id":42740,"date":"2025-01-13T10:15:39","date_gmt":"2025-01-13T10:15:39","guid":{"rendered":"https:\/\/aztex.ee\/?post_type=product&#038;p=42740"},"modified":"2026-03-22T17:46:20","modified_gmt":"2026-03-22T17:46:20","slug":"bambuko-ranksluosciu-rinkinys-6-vnt","status":"publish","type":"product","link":"https:\/\/aztex.ee\/lt\/pood\/ranksluosciai-ir-vonios-ranksluosciai\/bambuko-ranksluosciu-rinkinys-6-vnt\/","title":{"rendered":"Bambuko rank\u0161luos\u010di\u0173 rinkinys 6 vnt"},"content":{"rendered":"<p>Bambuko rank\u0161luos\u010di\u0173 rinkinys, kur\u012f sudaro 6 rank\u0161luos\u010diai, kuri\u0173 i\u0161matavimai 35\u00d775 cm, yra puikus pasirinkimas kasdieniam naudojimui ar dovanai. \u0160ie rank\u0161luos\u010diai yra pagaminti i\u0161 bambuko pluo\u0161to, kuris yra \u017einomas d\u0117l savo i\u0161skirtinio mink\u0161tumo ir draugi\u0161kumo odai. D\u0117l savo nat\u016brali\u0173 hipoalergini\u0173 ir antibakterini\u0173 savybi\u0173 jie tinka net jautriausiai odai, \u012fskaitant k\u016bdikius ir ma\u017eylius, suteikdami \u0161velni\u0105 prie\u017ei\u016br\u0105 ir komfort\u0105.<\/p>\n<p>Bambukini\u0173 rank\u0161luos\u010di\u0173 dr\u0117gm\u0117s sugeriamumas \u012fsp\u016bdingas \u2013 jie gali sugerti kelis kartus daugiau vandens nei tradiciniai medvilniniai rank\u0161luos\u010diai. Be to, jie grei\u010diau i\u0161d\u017ei\u016bsta, tod\u0117l net ir kasdien naudojant i\u0161lieka \u0161vie\u017ei ir malon\u016bs. Rank\u0161luos\u010di\u0173 lengvumas ir efektyvumas daro juos puikiu pasirinkimu tiek namuose, tiek keliaujant.<\/p>\n<p>Lengva pri\u017ei\u016br\u0117ti \u2013 juos galima skalbti skalbimo ma\u0161inoje \u017eemoje temperat\u016broje, o rank\u0161luos\u010diai i\u0161laiko mink\u0161tum\u0105 ir maloni\u0105 i\u0161vaizd\u0105 net ir po pakartotinio skalbimo. J\u0173 universalus dizainas tinka \u012fvairiems vonios kambario stiliams, nesvarbu, ar tai b\u016bt\u0173 klasikinis vienspalvis sprendimas, ar modernios spalv\u0173 schemos, suteikian\u010dios asmeni\u0161kumo ir vizualinio patrauklumo.<\/p>\n<p>\u0160is rinkinys puikiai derina kokyb\u0119 ir patogum\u0105 naudoti, kartu yra patvarus ir esteti\u0161kas. Bambukiniai rank\u0161luos\u010diai ne tik prakti\u0161ki, bet ir malon\u016bs naudoti, tod\u0117l kasdien\u0117 rutina tampa malonesn\u0117. Jie skirti \u017emon\u0117ms, vertinantiems ir funkcionalum\u0105, ir stili\u0173.<\/p>\n","protected":false},"excerpt":{"rendered":"<ul>\n<li>Med\u017eiaga: 100% bambukas<\/li>\n<li>Dydis: 35\u00d775 cm \u00b13<\/li>\n<li>Svoris: 420g\/m2<\/li>\n<li>Rinkin\u012f sudaro: 6 vnt<\/li>\n<\/ul>\n","protected":false},"featured_media":42836,"comment_status":"open","ping_status":"closed","template":"","meta":[],"product_brand":[],"product_cat":[990,1669,1625,1735,780,485,1574],"product_tag":[],"class_list":{"0":"post-42740","1":"product","2":"type-product","3":"status-publish","4":"has-post-thumbnail","6":"product_cat-bambukiniai-ranksluosciai","7":"product_cat-bambukiniu-ranksluosciu-komplektai","8":"product_cat-bambuko-ranksluosciai","9":"product_cat-ranksluosciai","10":"product_cat-ranksluosciai-35x75-cm","11":"product_cat-ranksluosciai-ir-vonios-ranksluosciai","12":"product_cat-ranksluosciu-komplektai","14":"first","15":"instock","16":"shipping-taxable","17":"purchasable","18":"product-type-variable"},"yoast_head":"<!-- This site is optimized with the Yoast SEO plugin v27.6 - https:\/\/yoast.com\/product\/yoast-seo-wordpress\/ -->\n<title>Bambuko rank\u0161luos\u010di\u0173 rinkinys 6 vnt | AZTEX<\/title>\n<meta name=\"description\" content=\"6 dali\u0173 bambukini\u0173 rank\u0161luos\u010di\u0173 rinkinys yra mink\u0161tas, patvarus, prakti\u0161kas ir stilingas, idealiai tinka kasdieniam rank\u0173, veido ir k\u016bno d\u017eiovinimui.\" \/>\n<meta name=\"robots\" content=\"index, follow, max-snippet:-1, max-image-preview:large, max-video-preview:-1\" \/>\n<link rel=\"canonical\" href=\"https:\/\/aztex.ee\/lt\/pood\/ranksluosciai-ir-vonios-ranksluosciai\/bambuko-ranksluosciu-rinkinys-6-vnt\/\" \/>\n<meta property=\"og:locale\" content=\"lt_LT\" \/>\n<meta property=\"og:type\" content=\"article\" \/>\n<meta property=\"og:title\" content=\"Bambuko rank\u0161luos\u010di\u0173 rinkinys 6 vnt | AZTEX\" \/>\n<meta property=\"og:description\" content=\"6 dali\u0173 bambukini\u0173 rank\u0161luos\u010di\u0173 rinkinys yra mink\u0161tas, patvarus, prakti\u0161kas ir stilingas, idealiai tinka kasdieniam rank\u0173, veido ir k\u016bno d\u017eiovinimui.\" \/>\n<meta property=\"og:url\" content=\"https:\/\/aztex.ee\/lt\/pood\/ranksluosciai-ir-vonios-ranksluosciai\/bambuko-ranksluosciu-rinkinys-6-vnt\/\" \/>\n<meta property=\"og:site_name\" content=\"AZTEX\" \/>\n<meta property=\"article:publisher\" content=\"https:\/\/www.facebook.com\/AztexEE\" \/>\n<meta property=\"article:modified_time\" content=\"2026-03-22T17:46:20+00:00\" \/>\n<meta property=\"og:image\" content=\"https:\/\/aztex.ee\/wp-content\/uploads\/2025\/01\/Bambusest-kateratikute-komplekt.jpg\" \/>\n\t<meta property=\"og:image:width\" content=\"800\" \/>\n\t<meta property=\"og:image:height\" content=\"800\" \/>\n\t<meta property=\"og:image:type\" content=\"image\/jpeg\" \/>\n<meta name=\"twitter:card\" content=\"summary_large_image\" \/>\n<meta name=\"twitter:label1\" content=\"Est. reading time\" \/>\n\t<meta name=\"twitter:data1\" content=\"2 minut\u0117s\" \/>\n<script type=\"application\/ld+json\" class=\"yoast-schema-graph\">{\"@context\":\"https:\\\/\\\/schema.org\",\"@graph\":[{\"@type\":[\"WebPage\",\"ItemPage\"],\"@id\":\"https:\\\/\\\/aztex.ee\\\/lt\\\/pood\\\/ranksluosciai-ir-vonios-ranksluosciai\\\/bambuko-ranksluosciu-rinkinys-6-vnt\\\/\",\"url\":\"https:\\\/\\\/aztex.ee\\\/lt\\\/pood\\\/ranksluosciai-ir-vonios-ranksluosciai\\\/bambuko-ranksluosciu-rinkinys-6-vnt\\\/\",\"name\":\"Bambuko rank\u0161luos\u010di\u0173 rinkinys 6 vnt | AZTEX\",\"isPartOf\":{\"@id\":\"https:\\\/\\\/aztex.ee\\\/lt\\\/#website\"},\"primaryImageOfPage\":{\"@id\":\"https:\\\/\\\/aztex.ee\\\/lt\\\/pood\\\/ranksluosciai-ir-vonios-ranksluosciai\\\/bambuko-ranksluosciu-rinkinys-6-vnt\\\/#primaryimage\"},\"image\":{\"@id\":\"https:\\\/\\\/aztex.ee\\\/lt\\\/pood\\\/ranksluosciai-ir-vonios-ranksluosciai\\\/bambuko-ranksluosciu-rinkinys-6-vnt\\\/#primaryimage\"},\"thumbnailUrl\":\"https:\\\/\\\/aztex.ee\\\/wp-content\\\/uploads\\\/2025\\\/01\\\/Bambusest-kateratikute-komplekt.jpg\",\"datePublished\":\"2025-01-13T10:15:39+00:00\",\"dateModified\":\"2026-03-22T17:46:20+00:00\",\"description\":\"6 dali\u0173 bambukini\u0173 rank\u0161luos\u010di\u0173 rinkinys yra mink\u0161tas, patvarus, prakti\u0161kas ir stilingas, idealiai tinka kasdieniam rank\u0173, veido ir k\u016bno d\u017eiovinimui.\",\"breadcrumb\":{\"@id\":\"https:\\\/\\\/aztex.ee\\\/lt\\\/pood\\\/ranksluosciai-ir-vonios-ranksluosciai\\\/bambuko-ranksluosciu-rinkinys-6-vnt\\\/#breadcrumb\"},\"inLanguage\":\"lt-LT\",\"potentialAction\":[{\"@type\":\"ReadAction\",\"target\":[\"https:\\\/\\\/aztex.ee\\\/lt\\\/pood\\\/ranksluosciai-ir-vonios-ranksluosciai\\\/bambuko-ranksluosciu-rinkinys-6-vnt\\\/\"]}]},{\"@type\":\"ImageObject\",\"inLanguage\":\"lt-LT\",\"@id\":\"https:\\\/\\\/aztex.ee\\\/lt\\\/pood\\\/ranksluosciai-ir-vonios-ranksluosciai\\\/bambuko-ranksluosciu-rinkinys-6-vnt\\\/#primaryimage\",\"url\":\"https:\\\/\\\/aztex.ee\\\/wp-content\\\/uploads\\\/2025\\\/01\\\/Bambusest-kateratikute-komplekt.jpg\",\"contentUrl\":\"https:\\\/\\\/aztex.ee\\\/wp-content\\\/uploads\\\/2025\\\/01\\\/Bambusest-kateratikute-komplekt.jpg\",\"width\":800,\"height\":800,\"caption\":\"Bambusest k\u00e4ter\u00e4tikute komplekt 6 tk\"},{\"@type\":\"BreadcrumbList\",\"@id\":\"https:\\\/\\\/aztex.ee\\\/lt\\\/pood\\\/ranksluosciai-ir-vonios-ranksluosciai\\\/bambuko-ranksluosciu-rinkinys-6-vnt\\\/#breadcrumb\",\"itemListElement\":[{\"@type\":\"ListItem\",\"position\":1,\"name\":\"Prad\u017eia\",\"item\":\"https:\\\/\\\/aztex.ee\\\/lt\\\/\"},{\"@type\":\"ListItem\",\"position\":2,\"name\":\"Parduotuv\u0117\",\"item\":\"https:\\\/\\\/aztex.ee\\\/lt\\\/parduotuve\\\/\"},{\"@type\":\"ListItem\",\"position\":3,\"name\":\"Bambuko rank\u0161luos\u010di\u0173 rinkinys 6 vnt\"}]},{\"@type\":\"WebSite\",\"@id\":\"https:\\\/\\\/aztex.ee\\\/lt\\\/#website\",\"url\":\"https:\\\/\\\/aztex.ee\\\/lt\\\/\",\"name\":\"AZTEX\",\"description\":\"\",\"publisher\":{\"@id\":\"https:\\\/\\\/aztex.ee\\\/lt\\\/#organization\"},\"potentialAction\":[{\"@type\":\"SearchAction\",\"target\":{\"@type\":\"EntryPoint\",\"urlTemplate\":\"https:\\\/\\\/aztex.ee\\\/lt\\\/?s={search_term_string}\"},\"query-input\":{\"@type\":\"PropertyValueSpecification\",\"valueRequired\":true,\"valueName\":\"search_term_string\"}}],\"inLanguage\":\"lt-LT\"},{\"@type\":\"Organization\",\"@id\":\"https:\\\/\\\/aztex.ee\\\/lt\\\/#organization\",\"name\":\"AZTEX\",\"url\":\"https:\\\/\\\/aztex.ee\\\/lt\\\/\",\"logo\":{\"@type\":\"ImageObject\",\"inLanguage\":\"lt-LT\",\"@id\":\"https:\\\/\\\/aztex.ee\\\/lt\\\/#\\\/schema\\\/logo\\\/image\\\/\",\"url\":\"https:\\\/\\\/aztex.ee\\\/wp-content\\\/uploads\\\/2026\\\/01\\\/AZTEX.png\",\"contentUrl\":\"https:\\\/\\\/aztex.ee\\\/wp-content\\\/uploads\\\/2026\\\/01\\\/AZTEX.png\",\"width\":500,\"height\":500,\"caption\":\"AZTEX\"},\"image\":{\"@id\":\"https:\\\/\\\/aztex.ee\\\/lt\\\/#\\\/schema\\\/logo\\\/image\\\/\"},\"sameAs\":[\"https:\\\/\\\/www.facebook.com\\\/AztexEE\",\"https:\\\/\\\/www.instagram.com\\\/aztexeesti\\\/\",\"https:\\\/\\\/www.youtube.com\\\/@AZTEXEE\",\"https:\\\/\\\/www.pinterest.com\\\/aztex_eesti\\\/\",\"https:\\\/\\\/www.tiktok.com\\\/@aztexeesti\",\"https:\\\/\\\/www.trustpilot.com\\\/review\\\/aztex.ee\",\"https:\\\/\\\/www.linkedin.com\\\/company\\\/aztex-ee\\\/\",\"https:\\\/\\\/www.wikidata.org\\\/wiki\\\/Q137560182\"]}]}<\/script>\n<!-- \/ Yoast SEO plugin. -->","yoast_head_json":{"title":"Bambuko rank\u0161luos\u010di\u0173 rinkinys 6 vnt | AZTEX","description":"6 dali\u0173 bambukini\u0173 rank\u0161luos\u010di\u0173 rinkinys yra mink\u0161tas, patvarus, prakti\u0161kas ir stilingas, idealiai tinka kasdieniam rank\u0173, veido ir k\u016bno d\u017eiovinimui.","robots":{"index":"index","follow":"follow","max-snippet":"max-snippet:-1","max-image-preview":"max-image-preview:large","max-video-preview":"max-video-preview:-1"},"canonical":"https:\/\/aztex.ee\/lt\/pood\/ranksluosciai-ir-vonios-ranksluosciai\/bambuko-ranksluosciu-rinkinys-6-vnt\/","og_locale":"lt_LT","og_type":"article","og_title":"Bambuko rank\u0161luos\u010di\u0173 rinkinys 6 vnt | AZTEX","og_description":"6 dali\u0173 bambukini\u0173 rank\u0161luos\u010di\u0173 rinkinys yra mink\u0161tas, patvarus, prakti\u0161kas ir stilingas, idealiai tinka kasdieniam rank\u0173, veido ir k\u016bno d\u017eiovinimui.","og_url":"https:\/\/aztex.ee\/lt\/pood\/ranksluosciai-ir-vonios-ranksluosciai\/bambuko-ranksluosciu-rinkinys-6-vnt\/","og_site_name":"AZTEX","article_publisher":"https:\/\/www.facebook.com\/AztexEE","article_modified_time":"2026-03-22T17:46:20+00:00","og_image":[{"width":800,"height":800,"url":"https:\/\/aztex.ee\/wp-content\/uploads\/2025\/01\/Bambusest-kateratikute-komplekt.jpg","type":"image\/jpeg"}],"twitter_card":"summary_large_image","twitter_misc":{"Est. reading time":"2 minut\u0117s"},"schema":{"@context":"https:\/\/schema.org","@graph":[{"@type":["WebPage","ItemPage"],"@id":"https:\/\/aztex.ee\/lt\/pood\/ranksluosciai-ir-vonios-ranksluosciai\/bambuko-ranksluosciu-rinkinys-6-vnt\/","url":"https:\/\/aztex.ee\/lt\/pood\/ranksluosciai-ir-vonios-ranksluosciai\/bambuko-ranksluosciu-rinkinys-6-vnt\/","name":"Bambuko rank\u0161luos\u010di\u0173 rinkinys 6 vnt | AZTEX","isPartOf":{"@id":"https:\/\/aztex.ee\/lt\/#website"},"primaryImageOfPage":{"@id":"https:\/\/aztex.ee\/lt\/pood\/ranksluosciai-ir-vonios-ranksluosciai\/bambuko-ranksluosciu-rinkinys-6-vnt\/#primaryimage"},"image":{"@id":"https:\/\/aztex.ee\/lt\/pood\/ranksluosciai-ir-vonios-ranksluosciai\/bambuko-ranksluosciu-rinkinys-6-vnt\/#primaryimage"},"thumbnailUrl":"https:\/\/aztex.ee\/wp-content\/uploads\/2025\/01\/Bambusest-kateratikute-komplekt.jpg","datePublished":"2025-01-13T10:15:39+00:00","dateModified":"2026-03-22T17:46:20+00:00","description":"6 dali\u0173 bambukini\u0173 rank\u0161luos\u010di\u0173 rinkinys yra mink\u0161tas, patvarus, prakti\u0161kas ir stilingas, idealiai tinka kasdieniam rank\u0173, veido ir k\u016bno d\u017eiovinimui.","breadcrumb":{"@id":"https:\/\/aztex.ee\/lt\/pood\/ranksluosciai-ir-vonios-ranksluosciai\/bambuko-ranksluosciu-rinkinys-6-vnt\/#breadcrumb"},"inLanguage":"lt-LT","potentialAction":[{"@type":"ReadAction","target":["https:\/\/aztex.ee\/lt\/pood\/ranksluosciai-ir-vonios-ranksluosciai\/bambuko-ranksluosciu-rinkinys-6-vnt\/"]}]},{"@type":"ImageObject","inLanguage":"lt-LT","@id":"https:\/\/aztex.ee\/lt\/pood\/ranksluosciai-ir-vonios-ranksluosciai\/bambuko-ranksluosciu-rinkinys-6-vnt\/#primaryimage","url":"https:\/\/aztex.ee\/wp-content\/uploads\/2025\/01\/Bambusest-kateratikute-komplekt.jpg","contentUrl":"https:\/\/aztex.ee\/wp-content\/uploads\/2025\/01\/Bambusest-kateratikute-komplekt.jpg","width":800,"height":800,"caption":"Bambusest k\u00e4ter\u00e4tikute komplekt 6 tk"},{"@type":"BreadcrumbList","@id":"https:\/\/aztex.ee\/lt\/pood\/ranksluosciai-ir-vonios-ranksluosciai\/bambuko-ranksluosciu-rinkinys-6-vnt\/#breadcrumb","itemListElement":[{"@type":"ListItem","position":1,"name":"Prad\u017eia","item":"https:\/\/aztex.ee\/lt\/"},{"@type":"ListItem","position":2,"name":"Parduotuv\u0117","item":"https:\/\/aztex.ee\/lt\/parduotuve\/"},{"@type":"ListItem","position":3,"name":"Bambuko rank\u0161luos\u010di\u0173 rinkinys 6 vnt"}]},{"@type":"WebSite","@id":"https:\/\/aztex.ee\/lt\/#website","url":"https:\/\/aztex.ee\/lt\/","name":"AZTEX","description":"","publisher":{"@id":"https:\/\/aztex.ee\/lt\/#organization"},"potentialAction":[{"@type":"SearchAction","target":{"@type":"EntryPoint","urlTemplate":"https:\/\/aztex.ee\/lt\/?s={search_term_string}"},"query-input":{"@type":"PropertyValueSpecification","valueRequired":true,"valueName":"search_term_string"}}],"inLanguage":"lt-LT"},{"@type":"Organization","@id":"https:\/\/aztex.ee\/lt\/#organization","name":"AZTEX","url":"https:\/\/aztex.ee\/lt\/","logo":{"@type":"ImageObject","inLanguage":"lt-LT","@id":"https:\/\/aztex.ee\/lt\/#\/schema\/logo\/image\/","url":"https:\/\/aztex.ee\/wp-content\/uploads\/2026\/01\/AZTEX.png","contentUrl":"https:\/\/aztex.ee\/wp-content\/uploads\/2026\/01\/AZTEX.png","width":500,"height":500,"caption":"AZTEX"},"image":{"@id":"https:\/\/aztex.ee\/lt\/#\/schema\/logo\/image\/"},"sameAs":["https:\/\/www.facebook.com\/AztexEE","https:\/\/www.instagram.com\/aztexeesti\/","https:\/\/www.youtube.com\/@AZTEXEE","https:\/\/www.pinterest.com\/aztex_eesti\/","https:\/\/www.tiktok.com\/@aztexeesti","https:\/\/www.trustpilot.com\/review\/aztex.ee","https:\/\/www.linkedin.com\/company\/aztex-ee\/","https:\/\/www.wikidata.org\/wiki\/Q137560182"]}]}},"_links":{"self":[{"href":"https:\/\/aztex.ee\/lt\/wp-json\/wp\/v2\/product\/42740","targetHints":{"allow":["GET"]}}],"collection":[{"href":"https:\/\/aztex.ee\/lt\/wp-json\/wp\/v2\/product"}],"about":[{"href":"https:\/\/aztex.ee\/lt\/wp-json\/wp\/v2\/types\/product"}],"replies":[{"embeddable":true,"href":"https:\/\/aztex.ee\/lt\/wp-json\/wp\/v2\/comments?post=42740"}],"version-history":[{"count":0,"href":"https:\/\/aztex.ee\/lt\/wp-json\/wp\/v2\/product\/42740\/revisions"}],"wp:featuredmedia":[{"embeddable":true,"href":"https:\/\/aztex.ee\/lt\/wp-json\/wp\/v2\/media\/42836"}],"wp:attachment":[{"href":"https:\/\/aztex.ee\/lt\/wp-json\/wp\/v2\/media?parent=42740"}],"wp:term":[{"taxonomy":"product_brand","embeddable":true,"href":"https:\/\/aztex.ee\/lt\/wp-json\/wp\/v2\/product_brand?post=42740"},{"taxonomy":"product_cat","embeddable":true,"href":"https:\/\/aztex.ee\/lt\/wp-json\/wp\/v2\/product_cat?post=42740"},{"taxonomy":"product_tag","embeddable":true,"href":"https:\/\/aztex.ee\/lt\/wp-json\/wp\/v2\/product_tag?post=42740"}],"curies":[{"name":"wp","href":"https:\/\/api.w.org\/{rel}","templated":true}]}}