{"id":41430,"date":"2024-12-29T19:21:50","date_gmt":"2024-12-29T19:21:50","guid":{"rendered":"https:\/\/aztex.ee\/?post_type=product&#038;p=41430"},"modified":"2026-03-21T17:22:30","modified_gmt":"2026-03-21T17:22:30","slug":"ekologiskas-bambuko-ranksluostis","status":"publish","type":"product","link":"https:\/\/aztex.ee\/lt\/pood\/ranksluosciai-ir-vonios-ranksluosciai\/ekologiskas-bambuko-ranksluostis\/","title":{"rendered":"Bambukinis rank\u0161luostis"},"content":{"rendered":"<p>Bambuko rank\u0161luostis \u2013 prabangus ir ekologi\u0161kas pasirinkimas<\/p>\n<p>Bambukinis rank\u0161luostis \u2013 puikus pasirinkimas vertinantiems kokyb\u0119, mink\u0161tum\u0105 ir tvarum\u0105. Pagamintas i\u0161 nat\u016bralaus bambuko pluo\u0161to, \u0161is rank\u0161luostis yra ekologi\u0161ka alternatyva tradicin\u0117ms med\u017eiagoms. Bambuko pluo\u0161tai yra nat\u016braliai mink\u0161ti, suteikia odai \u0161veln\u0173 ir lepinant\u012f poj\u016bt\u012f. D\u0117l to bambukinis rank\u0161luostis puikiai tinka jautriai odai, nes nedirgina odos ir nepalieka \u0161iurk\u0161tumo poj\u016b\u010dio.<\/p>\n<p>Bambukiniai rank\u0161luos\u010diai yra \u017einomi d\u0117l savo i\u0161skirtinio sugeriamumo, nes gali sugerti iki trij\u0173 kart\u0173 daugiau dr\u0117gm\u0117s nei medvilniniai rank\u0161luos\u010diai. D\u0117l \u0161ios savyb\u0117s jie puikiai tinka kasdieniniam naudojimui vonios kambaryje, SPA ar net papl\u016bdimyje. Be to, \u0161ie rank\u0161luos\u010diai greitai i\u0161d\u017ei\u016bsta, o tai padeda i\u0161vengti nemaloni\u0173 kvap\u0173, kuriuos sukelia dr\u0117gm\u0117. Nat\u016bralios antibakterin\u0117s bambuko pluo\u0161to savyb\u0117s taip pat padeda i\u0161laikyti rank\u0161luost\u012f higieni\u0161kus ir gaivius net po pakartotinio naudojimo.<\/p>\n<p>Ekologi\u0161kumas yra vienas did\u017eiausi\u0173 bambukini\u0173 rank\u0161luos\u010di\u0173 privalum\u0173. Bambukas yra greitai atsinaujinantis augalas, augantis be pesticid\u0173 ir tr\u0105\u0161\u0173. Gaminiai, pagaminti i\u0161 bambuko pluo\u0161to, yra biologi\u0161kai skaid\u016bs ir ma\u017eina poveik\u012f aplinkai, tod\u0117l puikiai tinka \u017emon\u0117ms, kurie nori apsaugoti gamt\u0105 savo vartojimo pasirinkimais.<\/p>\n<p>Stilingai suprojektuoti bambukiniai rank\u0161luos\u010diai tinka bet kuriuose namuose, si\u016blydami ir prakti\u0161kum\u0105, ir estetin\u012f malonum\u0105. Bambukinis rank\u0161luostis \u2013 taip pat puiki dovana, kuri prad\u017eiugins bet kur\u012f jos gav\u0117j\u0105.<\/p>\n<p>Lengva pri\u017ei\u016br\u0117ti \u2013 skalbkite rank\u0161luost\u012f subtilia programa iki 40\u00b0C ir ned\u017eiovinkite auk\u0161toje temperat\u016broje, kad i\u0161laikytum\u0117te jo mink\u0161tum\u0105 ir ilgaam\u017ei\u0161kum\u0105. Bambukinis rank\u0161luostis sujungia gamtos gro\u017e\u012f ir prakti\u0161kum\u0105, suteikiant nepamir\u0161tam\u0105 patirt\u012f.<\/p>\n","protected":false},"excerpt":{"rendered":"<ul>\n<li>Med\u017eiaga: 100% bambukas<\/li>\n<li>Dydis: 35\u00d775 cm \u00b13<\/li>\n<li>Svoris: 420g\/m2<\/li>\n<\/ul>\n","protected":false},"featured_media":41625,"comment_status":"open","ping_status":"closed","template":"","meta":[],"product_brand":[],"product_cat":[990,1625,1735,780,485],"product_tag":[],"class_list":{"0":"post-41430","1":"product","2":"type-product","3":"status-publish","4":"has-post-thumbnail","6":"product_cat-bambukiniai-ranksluosciai","7":"product_cat-bambuko-ranksluosciai","8":"product_cat-ranksluosciai","9":"product_cat-ranksluosciai-35x75-cm","10":"product_cat-ranksluosciai-ir-vonios-ranksluosciai","12":"first","13":"instock","14":"shipping-taxable","15":"purchasable","16":"product-type-variable"},"yoast_head":"<!-- This site is optimized with the Yoast SEO plugin v27.3 - https:\/\/yoast.com\/product\/yoast-seo-wordpress\/ -->\n<title>Bambukiniai rank\u0161luos\u010diai | AZTEX<\/title>\n<meta name=\"description\" content=\"Bambuko rank\u0161luostis yra mink\u0161tas ir nekenksmingas odai, tod\u0117l puikiai tinka kasdieniam naudojimui. D\u0117l greito d\u017ei\u016bvimo tai puikus pasirinkimas bet ....\" \/>\n<meta name=\"robots\" content=\"index, follow, max-snippet:-1, max-image-preview:large, max-video-preview:-1\" \/>\n<link rel=\"canonical\" href=\"https:\/\/aztex.ee\/lt\/pood\/ranksluosciai-ir-vonios-ranksluosciai\/ekologiskas-bambuko-ranksluostis\/\" \/>\n<meta property=\"og:locale\" content=\"lt_LT\" \/>\n<meta property=\"og:type\" content=\"article\" \/>\n<meta property=\"og:title\" content=\"Bambukiniai rank\u0161luos\u010diai | AZTEX\" \/>\n<meta property=\"og:description\" content=\"Bambuko rank\u0161luostis yra mink\u0161tas ir nekenksmingas odai, tod\u0117l puikiai tinka kasdieniam naudojimui. D\u0117l greito d\u017ei\u016bvimo tai puikus pasirinkimas bet ....\" \/>\n<meta property=\"og:url\" content=\"https:\/\/aztex.ee\/lt\/pood\/ranksluosciai-ir-vonios-ranksluosciai\/ekologiskas-bambuko-ranksluostis\/\" \/>\n<meta property=\"og:site_name\" content=\"AZTEX\" \/>\n<meta property=\"article:publisher\" content=\"https:\/\/www.facebook.com\/AztexEE\" \/>\n<meta property=\"article:modified_time\" content=\"2026-03-21T17:22:30+00:00\" \/>\n<meta property=\"og:image\" content=\"https:\/\/aztex.ee\/wp-content\/uploads\/2024\/12\/Ratik-Bambusest.jpg\" \/>\n\t<meta property=\"og:image:width\" content=\"800\" \/>\n\t<meta property=\"og:image:height\" content=\"800\" \/>\n\t<meta property=\"og:image:type\" content=\"image\/jpeg\" \/>\n<meta name=\"twitter:card\" content=\"summary_large_image\" \/>\n<meta name=\"twitter:label1\" content=\"Est. reading time\" \/>\n\t<meta name=\"twitter:data1\" content=\"2 minut\u0117s\" \/>\n<script type=\"application\/ld+json\" class=\"yoast-schema-graph\">{\"@context\":\"https:\\\/\\\/schema.org\",\"@graph\":[{\"@type\":[\"WebPage\",\"ItemPage\"],\"@id\":\"https:\\\/\\\/aztex.ee\\\/lt\\\/pood\\\/ranksluosciai-ir-vonios-ranksluosciai\\\/ekologiskas-bambuko-ranksluostis\\\/\",\"url\":\"https:\\\/\\\/aztex.ee\\\/lt\\\/pood\\\/ranksluosciai-ir-vonios-ranksluosciai\\\/ekologiskas-bambuko-ranksluostis\\\/\",\"name\":\"Bambukiniai rank\u0161luos\u010diai | AZTEX\",\"isPartOf\":{\"@id\":\"https:\\\/\\\/aztex.ee\\\/lt\\\/#website\"},\"primaryImageOfPage\":{\"@id\":\"https:\\\/\\\/aztex.ee\\\/lt\\\/pood\\\/ranksluosciai-ir-vonios-ranksluosciai\\\/ekologiskas-bambuko-ranksluostis\\\/#primaryimage\"},\"image\":{\"@id\":\"https:\\\/\\\/aztex.ee\\\/lt\\\/pood\\\/ranksluosciai-ir-vonios-ranksluosciai\\\/ekologiskas-bambuko-ranksluostis\\\/#primaryimage\"},\"thumbnailUrl\":\"https:\\\/\\\/aztex.ee\\\/wp-content\\\/uploads\\\/2024\\\/12\\\/Ratik-Bambusest.jpg\",\"datePublished\":\"2024-12-29T19:21:50+00:00\",\"dateModified\":\"2026-03-21T17:22:30+00:00\",\"description\":\"Bambuko rank\u0161luostis yra mink\u0161tas ir nekenksmingas odai, tod\u0117l puikiai tinka kasdieniam naudojimui. D\u0117l greito d\u017ei\u016bvimo tai puikus pasirinkimas bet ....\",\"breadcrumb\":{\"@id\":\"https:\\\/\\\/aztex.ee\\\/lt\\\/pood\\\/ranksluosciai-ir-vonios-ranksluosciai\\\/ekologiskas-bambuko-ranksluostis\\\/#breadcrumb\"},\"inLanguage\":\"lt-LT\",\"potentialAction\":[{\"@type\":\"ReadAction\",\"target\":[\"https:\\\/\\\/aztex.ee\\\/lt\\\/pood\\\/ranksluosciai-ir-vonios-ranksluosciai\\\/ekologiskas-bambuko-ranksluostis\\\/\"]}]},{\"@type\":\"ImageObject\",\"inLanguage\":\"lt-LT\",\"@id\":\"https:\\\/\\\/aztex.ee\\\/lt\\\/pood\\\/ranksluosciai-ir-vonios-ranksluosciai\\\/ekologiskas-bambuko-ranksluostis\\\/#primaryimage\",\"url\":\"https:\\\/\\\/aztex.ee\\\/wp-content\\\/uploads\\\/2024\\\/12\\\/Ratik-Bambusest.jpg\",\"contentUrl\":\"https:\\\/\\\/aztex.ee\\\/wp-content\\\/uploads\\\/2024\\\/12\\\/Ratik-Bambusest.jpg\",\"width\":800,\"height\":800,\"caption\":\"R\u00e4tik Bambusest\"},{\"@type\":\"BreadcrumbList\",\"@id\":\"https:\\\/\\\/aztex.ee\\\/lt\\\/pood\\\/ranksluosciai-ir-vonios-ranksluosciai\\\/ekologiskas-bambuko-ranksluostis\\\/#breadcrumb\",\"itemListElement\":[{\"@type\":\"ListItem\",\"position\":1,\"name\":\"Prad\u017eia\",\"item\":\"https:\\\/\\\/aztex.ee\\\/lt\\\/\"},{\"@type\":\"ListItem\",\"position\":2,\"name\":\"Parduotuv\u0117\",\"item\":\"https:\\\/\\\/aztex.ee\\\/lt\\\/parduotuve\\\/\"},{\"@type\":\"ListItem\",\"position\":3,\"name\":\"Bambukinis rank\u0161luostis\"}]},{\"@type\":\"WebSite\",\"@id\":\"https:\\\/\\\/aztex.ee\\\/lt\\\/#website\",\"url\":\"https:\\\/\\\/aztex.ee\\\/lt\\\/\",\"name\":\"AZTEX\",\"description\":\"\",\"publisher\":{\"@id\":\"https:\\\/\\\/aztex.ee\\\/lt\\\/#organization\"},\"potentialAction\":[{\"@type\":\"SearchAction\",\"target\":{\"@type\":\"EntryPoint\",\"urlTemplate\":\"https:\\\/\\\/aztex.ee\\\/lt\\\/?s={search_term_string}\"},\"query-input\":{\"@type\":\"PropertyValueSpecification\",\"valueRequired\":true,\"valueName\":\"search_term_string\"}}],\"inLanguage\":\"lt-LT\"},{\"@type\":\"Organization\",\"@id\":\"https:\\\/\\\/aztex.ee\\\/lt\\\/#organization\",\"name\":\"AZTEX\",\"url\":\"https:\\\/\\\/aztex.ee\\\/lt\\\/\",\"logo\":{\"@type\":\"ImageObject\",\"inLanguage\":\"lt-LT\",\"@id\":\"https:\\\/\\\/aztex.ee\\\/lt\\\/#\\\/schema\\\/logo\\\/image\\\/\",\"url\":\"https:\\\/\\\/aztex.ee\\\/wp-content\\\/uploads\\\/2026\\\/01\\\/AZTEX.png\",\"contentUrl\":\"https:\\\/\\\/aztex.ee\\\/wp-content\\\/uploads\\\/2026\\\/01\\\/AZTEX.png\",\"width\":500,\"height\":500,\"caption\":\"AZTEX\"},\"image\":{\"@id\":\"https:\\\/\\\/aztex.ee\\\/lt\\\/#\\\/schema\\\/logo\\\/image\\\/\"},\"sameAs\":[\"https:\\\/\\\/www.facebook.com\\\/AztexEE\",\"https:\\\/\\\/www.instagram.com\\\/aztexeesti\\\/\",\"https:\\\/\\\/www.youtube.com\\\/@AZTEXEE\",\"https:\\\/\\\/www.pinterest.com\\\/aztex_eesti\\\/\",\"https:\\\/\\\/www.tiktok.com\\\/@aztexeesti\",\"https:\\\/\\\/www.trustpilot.com\\\/review\\\/aztex.ee\",\"https:\\\/\\\/www.linkedin.com\\\/company\\\/aztex-ee\\\/\",\"https:\\\/\\\/www.wikidata.org\\\/wiki\\\/Q137560182\"]}]}<\/script>\n<!-- \/ Yoast SEO plugin. -->","yoast_head_json":{"title":"Bambukiniai rank\u0161luos\u010diai | AZTEX","description":"Bambuko rank\u0161luostis yra mink\u0161tas ir nekenksmingas odai, tod\u0117l puikiai tinka kasdieniam naudojimui. D\u0117l greito d\u017ei\u016bvimo tai puikus pasirinkimas bet ....","robots":{"index":"index","follow":"follow","max-snippet":"max-snippet:-1","max-image-preview":"max-image-preview:large","max-video-preview":"max-video-preview:-1"},"canonical":"https:\/\/aztex.ee\/lt\/pood\/ranksluosciai-ir-vonios-ranksluosciai\/ekologiskas-bambuko-ranksluostis\/","og_locale":"lt_LT","og_type":"article","og_title":"Bambukiniai rank\u0161luos\u010diai | AZTEX","og_description":"Bambuko rank\u0161luostis yra mink\u0161tas ir nekenksmingas odai, tod\u0117l puikiai tinka kasdieniam naudojimui. D\u0117l greito d\u017ei\u016bvimo tai puikus pasirinkimas bet ....","og_url":"https:\/\/aztex.ee\/lt\/pood\/ranksluosciai-ir-vonios-ranksluosciai\/ekologiskas-bambuko-ranksluostis\/","og_site_name":"AZTEX","article_publisher":"https:\/\/www.facebook.com\/AztexEE","article_modified_time":"2026-03-21T17:22:30+00:00","og_image":[{"width":800,"height":800,"url":"https:\/\/aztex.ee\/wp-content\/uploads\/2024\/12\/Ratik-Bambusest.jpg","type":"image\/jpeg"}],"twitter_card":"summary_large_image","twitter_misc":{"Est. reading time":"2 minut\u0117s"},"schema":{"@context":"https:\/\/schema.org","@graph":[{"@type":["WebPage","ItemPage"],"@id":"https:\/\/aztex.ee\/lt\/pood\/ranksluosciai-ir-vonios-ranksluosciai\/ekologiskas-bambuko-ranksluostis\/","url":"https:\/\/aztex.ee\/lt\/pood\/ranksluosciai-ir-vonios-ranksluosciai\/ekologiskas-bambuko-ranksluostis\/","name":"Bambukiniai rank\u0161luos\u010diai | AZTEX","isPartOf":{"@id":"https:\/\/aztex.ee\/lt\/#website"},"primaryImageOfPage":{"@id":"https:\/\/aztex.ee\/lt\/pood\/ranksluosciai-ir-vonios-ranksluosciai\/ekologiskas-bambuko-ranksluostis\/#primaryimage"},"image":{"@id":"https:\/\/aztex.ee\/lt\/pood\/ranksluosciai-ir-vonios-ranksluosciai\/ekologiskas-bambuko-ranksluostis\/#primaryimage"},"thumbnailUrl":"https:\/\/aztex.ee\/wp-content\/uploads\/2024\/12\/Ratik-Bambusest.jpg","datePublished":"2024-12-29T19:21:50+00:00","dateModified":"2026-03-21T17:22:30+00:00","description":"Bambuko rank\u0161luostis yra mink\u0161tas ir nekenksmingas odai, tod\u0117l puikiai tinka kasdieniam naudojimui. D\u0117l greito d\u017ei\u016bvimo tai puikus pasirinkimas bet ....","breadcrumb":{"@id":"https:\/\/aztex.ee\/lt\/pood\/ranksluosciai-ir-vonios-ranksluosciai\/ekologiskas-bambuko-ranksluostis\/#breadcrumb"},"inLanguage":"lt-LT","potentialAction":[{"@type":"ReadAction","target":["https:\/\/aztex.ee\/lt\/pood\/ranksluosciai-ir-vonios-ranksluosciai\/ekologiskas-bambuko-ranksluostis\/"]}]},{"@type":"ImageObject","inLanguage":"lt-LT","@id":"https:\/\/aztex.ee\/lt\/pood\/ranksluosciai-ir-vonios-ranksluosciai\/ekologiskas-bambuko-ranksluostis\/#primaryimage","url":"https:\/\/aztex.ee\/wp-content\/uploads\/2024\/12\/Ratik-Bambusest.jpg","contentUrl":"https:\/\/aztex.ee\/wp-content\/uploads\/2024\/12\/Ratik-Bambusest.jpg","width":800,"height":800,"caption":"R\u00e4tik Bambusest"},{"@type":"BreadcrumbList","@id":"https:\/\/aztex.ee\/lt\/pood\/ranksluosciai-ir-vonios-ranksluosciai\/ekologiskas-bambuko-ranksluostis\/#breadcrumb","itemListElement":[{"@type":"ListItem","position":1,"name":"Prad\u017eia","item":"https:\/\/aztex.ee\/lt\/"},{"@type":"ListItem","position":2,"name":"Parduotuv\u0117","item":"https:\/\/aztex.ee\/lt\/parduotuve\/"},{"@type":"ListItem","position":3,"name":"Bambukinis rank\u0161luostis"}]},{"@type":"WebSite","@id":"https:\/\/aztex.ee\/lt\/#website","url":"https:\/\/aztex.ee\/lt\/","name":"AZTEX","description":"","publisher":{"@id":"https:\/\/aztex.ee\/lt\/#organization"},"potentialAction":[{"@type":"SearchAction","target":{"@type":"EntryPoint","urlTemplate":"https:\/\/aztex.ee\/lt\/?s={search_term_string}"},"query-input":{"@type":"PropertyValueSpecification","valueRequired":true,"valueName":"search_term_string"}}],"inLanguage":"lt-LT"},{"@type":"Organization","@id":"https:\/\/aztex.ee\/lt\/#organization","name":"AZTEX","url":"https:\/\/aztex.ee\/lt\/","logo":{"@type":"ImageObject","inLanguage":"lt-LT","@id":"https:\/\/aztex.ee\/lt\/#\/schema\/logo\/image\/","url":"https:\/\/aztex.ee\/wp-content\/uploads\/2026\/01\/AZTEX.png","contentUrl":"https:\/\/aztex.ee\/wp-content\/uploads\/2026\/01\/AZTEX.png","width":500,"height":500,"caption":"AZTEX"},"image":{"@id":"https:\/\/aztex.ee\/lt\/#\/schema\/logo\/image\/"},"sameAs":["https:\/\/www.facebook.com\/AztexEE","https:\/\/www.instagram.com\/aztexeesti\/","https:\/\/www.youtube.com\/@AZTEXEE","https:\/\/www.pinterest.com\/aztex_eesti\/","https:\/\/www.tiktok.com\/@aztexeesti","https:\/\/www.trustpilot.com\/review\/aztex.ee","https:\/\/www.linkedin.com\/company\/aztex-ee\/","https:\/\/www.wikidata.org\/wiki\/Q137560182"]}]}},"_links":{"self":[{"href":"https:\/\/aztex.ee\/lt\/wp-json\/wp\/v2\/product\/41430","targetHints":{"allow":["GET"]}}],"collection":[{"href":"https:\/\/aztex.ee\/lt\/wp-json\/wp\/v2\/product"}],"about":[{"href":"https:\/\/aztex.ee\/lt\/wp-json\/wp\/v2\/types\/product"}],"replies":[{"embeddable":true,"href":"https:\/\/aztex.ee\/lt\/wp-json\/wp\/v2\/comments?post=41430"}],"version-history":[{"count":0,"href":"https:\/\/aztex.ee\/lt\/wp-json\/wp\/v2\/product\/41430\/revisions"}],"wp:featuredmedia":[{"embeddable":true,"href":"https:\/\/aztex.ee\/lt\/wp-json\/wp\/v2\/media\/41625"}],"wp:attachment":[{"href":"https:\/\/aztex.ee\/lt\/wp-json\/wp\/v2\/media?parent=41430"}],"wp:term":[{"taxonomy":"product_brand","embeddable":true,"href":"https:\/\/aztex.ee\/lt\/wp-json\/wp\/v2\/product_brand?post=41430"},{"taxonomy":"product_cat","embeddable":true,"href":"https:\/\/aztex.ee\/lt\/wp-json\/wp\/v2\/product_cat?post=41430"},{"taxonomy":"product_tag","embeddable":true,"href":"https:\/\/aztex.ee\/lt\/wp-json\/wp\/v2\/product_tag?post=41430"}],"curies":[{"name":"wp","href":"https:\/\/api.w.org\/{rel}","templated":true}]}}