{"id":40809,"date":"2024-12-29T01:34:10","date_gmt":"2024-12-29T01:34:10","guid":{"rendered":"https:\/\/aztex.ee\/?post_type=product&#038;p=40809"},"modified":"2026-03-28T22:10:22","modified_gmt":"2026-03-28T22:10:22","slug":"naturalaus-bambukinis-ranksluostis","status":"publish","type":"product","link":"https:\/\/aztex.ee\/lt\/pood\/ranksluosciai-ir-vonios-ranksluosciai\/naturalaus-bambukinis-ranksluostis\/","title":{"rendered":"Bambukinis rank\u0161luostis"},"content":{"rendered":"<p>Bambuko rank\u0161luostis yra geriausias pasirinkimas, derinantis nat\u016bral\u0173 gro\u017e\u012f ir prakti\u0161kum\u0105, si\u016blantis prabang\u0173 \u0161velnum\u0105 ir nesenstan\u010di\u0105 elegancij\u0105. Pagaminta i\u0161 100% bambuko pluo\u0161to, \u0161is rank\u0161luostis sukurtas taip, kad suteikt\u0173 i\u0161skirtin\u0119 vartotojo patirt\u012f, yra patvarus ir itin \u0161velnus odai. D\u0117l unikali\u0173 bambuko pluo\u0161t\u0173 savybi\u0173, toki\u0173 kaip puikus sugeriamumas ir greitas d\u017ei\u016bvimas, jis yra idealus palydovas tiek kasdieniam naudojimui, tiek ypatingomis akimirkomis, kai reikia ka\u017eko daugiau nei tik rank\u0161luos\u010dio.<\/p>\n<p>D\u0117l nat\u016brali\u0173 antibakterini\u0173 ir hipoalergini\u0173 bambuko savybi\u0173 jis yra puikus pasirinkimas \u017emon\u0117ms su jautria oda. \u0160is rank\u0161luostis yra ne tik prakti\u0161kas, bet ir sveikatai nekenksmingas sprendimas, padedantis i\u0161laikyti j\u016bs\u0173 od\u0105 \u0161vari\u0105 ir gaivi\u0105. Nesvarbu, ar turite saus\u0105, ar jautri\u0105 od\u0105, bambukinis rank\u0161luostis suteikia jums reikaling\u0105 prie\u017ei\u016br\u0105, mink\u0161tum\u0105 ir komfort\u0105.<\/p>\n<p>Be paprasto naudojimo, bambukinis rank\u0161luostis taip pat i\u0161siskiria savo patvarumu ir lengva prie\u017ei\u016bra. Bambuko pluo\u0161tai yra \u017einomi d\u0117l savo patvarumo, o tai rei\u0161kia, kad rank\u0161luostis ilg\u0105 laik\u0105 i\u0161liks geros formos, net ir da\u017enai plaunant. Taip pat svarbus ekologi\u0161kumas \u2013 bambukas yra tvari med\u017eiaga, kuri auginama nenaudojant kenksming\u0173 chemini\u0173 med\u017eiag\u0173.<\/p>\n<p>Bambukinis rank\u0161luostis yra ne tik prakti\u0161kas daiktas, bet ir stilingas j\u016bs\u0173 nam\u0173 interjero papildymas. Jo minimalistinis ir eleganti\u0161kas dizainas papildys j\u016bs\u0173 vonios kambar\u012f, \u012fne\u0161damas \u012f kambar\u012f jaukios ir prabangios atmosferos. \u0160velni tekst\u016bra ir nat\u016bralios spalvos sukuria harmonij\u0105 ir komfort\u0105, tod\u0117l kiekviena diena bus ypatinga.<\/p>\n<p>Jei ie\u0161kote rank\u0161luos\u010dio, kuriame derinamas mink\u0161tumas, ilgaam\u017ei\u0161kumas ir ekologi\u0161kumas, tuomet bambukinis rank\u0161luostis yra puikus pasirinkimas. R\u016bpinkit\u0117s savo oda, namais ir gamta bei prid\u0117kite vert\u0119 ir prie\u017ei\u016br\u0105 savo kasdieniame gyvenime.<\/p>\n","protected":false},"excerpt":{"rendered":"<ul>\n<li>Med\u017eiaga: 100% bambukas<\/li>\n<li>Dydis: 35\u00d775 cm \u00b13<\/li>\n<li>Svoris: 420g\/m2<\/li>\n<\/ul>\n","protected":false},"featured_media":40902,"comment_status":"open","ping_status":"closed","template":"","meta":[],"product_brand":[],"product_cat":[990,1625,1735,780,485],"product_tag":[],"class_list":{"0":"post-40809","1":"product","2":"type-product","3":"status-publish","4":"has-post-thumbnail","6":"product_cat-bambukiniai-ranksluosciai","7":"product_cat-bambuko-ranksluosciai","8":"product_cat-ranksluosciai","9":"product_cat-ranksluosciai-35x75-cm","10":"product_cat-ranksluosciai-ir-vonios-ranksluosciai","12":"first","13":"instock","14":"shipping-taxable","15":"purchasable","16":"product-type-variable"},"yoast_head":"<!-- This site is optimized with the Yoast SEO plugin v27.3 - https:\/\/yoast.com\/product\/yoast-seo-wordpress\/ -->\n<title>Bambukinis rank\u0161luostis | AZTEX<\/title>\n<meta name=\"description\" content=\"Bambukiniai rank\u0161luos\u010diai yra mink\u0161ti ir puikiai tinka kasdieniam naudojimui. D\u0117l greitai d\u017ei\u016bstan\u010di\u0173 savybi\u0173 jie yra prakti\u0161kas pasirinkimas.\" \/>\n<meta name=\"robots\" content=\"index, follow, max-snippet:-1, max-image-preview:large, max-video-preview:-1\" \/>\n<link rel=\"canonical\" href=\"https:\/\/aztex.ee\/lt\/pood\/ranksluosciai-ir-vonios-ranksluosciai\/naturalaus-bambukinis-ranksluostis\/\" \/>\n<meta property=\"og:locale\" content=\"lt_LT\" \/>\n<meta property=\"og:type\" content=\"article\" \/>\n<meta property=\"og:title\" content=\"Bambukinis rank\u0161luostis | AZTEX\" \/>\n<meta property=\"og:description\" content=\"Bambukiniai rank\u0161luos\u010diai yra mink\u0161ti ir puikiai tinka kasdieniam naudojimui. D\u0117l greitai d\u017ei\u016bstan\u010di\u0173 savybi\u0173 jie yra prakti\u0161kas pasirinkimas.\" \/>\n<meta property=\"og:url\" content=\"https:\/\/aztex.ee\/lt\/pood\/ranksluosciai-ir-vonios-ranksluosciai\/naturalaus-bambukinis-ranksluostis\/\" \/>\n<meta property=\"og:site_name\" content=\"AZTEX\" \/>\n<meta property=\"article:publisher\" content=\"https:\/\/www.facebook.com\/AztexEE\" \/>\n<meta property=\"article:modified_time\" content=\"2026-03-28T22:10:22+00:00\" \/>\n<meta property=\"og:image\" content=\"https:\/\/aztex.ee\/wp-content\/uploads\/2024\/12\/Bambusest-ratik.jpg\" \/>\n\t<meta property=\"og:image:width\" content=\"800\" \/>\n\t<meta property=\"og:image:height\" content=\"800\" \/>\n\t<meta property=\"og:image:type\" content=\"image\/jpeg\" \/>\n<meta name=\"twitter:card\" content=\"summary_large_image\" \/>\n<meta name=\"twitter:label1\" content=\"Est. reading time\" \/>\n\t<meta name=\"twitter:data1\" content=\"2 minut\u0117s\" \/>\n<script type=\"application\/ld+json\" class=\"yoast-schema-graph\">{\"@context\":\"https:\\\/\\\/schema.org\",\"@graph\":[{\"@type\":[\"WebPage\",\"ItemPage\"],\"@id\":\"https:\\\/\\\/aztex.ee\\\/lt\\\/pood\\\/ranksluosciai-ir-vonios-ranksluosciai\\\/naturalaus-bambukinis-ranksluostis\\\/\",\"url\":\"https:\\\/\\\/aztex.ee\\\/lt\\\/pood\\\/ranksluosciai-ir-vonios-ranksluosciai\\\/naturalaus-bambukinis-ranksluostis\\\/\",\"name\":\"Bambukinis rank\u0161luostis | AZTEX\",\"isPartOf\":{\"@id\":\"https:\\\/\\\/aztex.ee\\\/lt\\\/#website\"},\"primaryImageOfPage\":{\"@id\":\"https:\\\/\\\/aztex.ee\\\/lt\\\/pood\\\/ranksluosciai-ir-vonios-ranksluosciai\\\/naturalaus-bambukinis-ranksluostis\\\/#primaryimage\"},\"image\":{\"@id\":\"https:\\\/\\\/aztex.ee\\\/lt\\\/pood\\\/ranksluosciai-ir-vonios-ranksluosciai\\\/naturalaus-bambukinis-ranksluostis\\\/#primaryimage\"},\"thumbnailUrl\":\"https:\\\/\\\/aztex.ee\\\/wp-content\\\/uploads\\\/2024\\\/12\\\/Bambusest-ratik.jpg\",\"datePublished\":\"2024-12-29T01:34:10+00:00\",\"dateModified\":\"2026-03-28T22:10:22+00:00\",\"description\":\"Bambukiniai rank\u0161luos\u010diai yra mink\u0161ti ir puikiai tinka kasdieniam naudojimui. D\u0117l greitai d\u017ei\u016bstan\u010di\u0173 savybi\u0173 jie yra prakti\u0161kas pasirinkimas.\",\"breadcrumb\":{\"@id\":\"https:\\\/\\\/aztex.ee\\\/lt\\\/pood\\\/ranksluosciai-ir-vonios-ranksluosciai\\\/naturalaus-bambukinis-ranksluostis\\\/#breadcrumb\"},\"inLanguage\":\"lt-LT\",\"potentialAction\":[{\"@type\":\"ReadAction\",\"target\":[\"https:\\\/\\\/aztex.ee\\\/lt\\\/pood\\\/ranksluosciai-ir-vonios-ranksluosciai\\\/naturalaus-bambukinis-ranksluostis\\\/\"]}]},{\"@type\":\"ImageObject\",\"inLanguage\":\"lt-LT\",\"@id\":\"https:\\\/\\\/aztex.ee\\\/lt\\\/pood\\\/ranksluosciai-ir-vonios-ranksluosciai\\\/naturalaus-bambukinis-ranksluostis\\\/#primaryimage\",\"url\":\"https:\\\/\\\/aztex.ee\\\/wp-content\\\/uploads\\\/2024\\\/12\\\/Bambusest-ratik.jpg\",\"contentUrl\":\"https:\\\/\\\/aztex.ee\\\/wp-content\\\/uploads\\\/2024\\\/12\\\/Bambusest-ratik.jpg\",\"width\":800,\"height\":800,\"caption\":\"Bambusest r\u00e4tik\"},{\"@type\":\"BreadcrumbList\",\"@id\":\"https:\\\/\\\/aztex.ee\\\/lt\\\/pood\\\/ranksluosciai-ir-vonios-ranksluosciai\\\/naturalaus-bambukinis-ranksluostis\\\/#breadcrumb\",\"itemListElement\":[{\"@type\":\"ListItem\",\"position\":1,\"name\":\"Prad\u017eia\",\"item\":\"https:\\\/\\\/aztex.ee\\\/lt\\\/\"},{\"@type\":\"ListItem\",\"position\":2,\"name\":\"Parduotuv\u0117\",\"item\":\"https:\\\/\\\/aztex.ee\\\/lt\\\/parduotuve\\\/\"},{\"@type\":\"ListItem\",\"position\":3,\"name\":\"Bambukinis rank\u0161luostis\"}]},{\"@type\":\"WebSite\",\"@id\":\"https:\\\/\\\/aztex.ee\\\/lt\\\/#website\",\"url\":\"https:\\\/\\\/aztex.ee\\\/lt\\\/\",\"name\":\"AZTEX\",\"description\":\"\",\"publisher\":{\"@id\":\"https:\\\/\\\/aztex.ee\\\/lt\\\/#organization\"},\"potentialAction\":[{\"@type\":\"SearchAction\",\"target\":{\"@type\":\"EntryPoint\",\"urlTemplate\":\"https:\\\/\\\/aztex.ee\\\/lt\\\/?s={search_term_string}\"},\"query-input\":{\"@type\":\"PropertyValueSpecification\",\"valueRequired\":true,\"valueName\":\"search_term_string\"}}],\"inLanguage\":\"lt-LT\"},{\"@type\":\"Organization\",\"@id\":\"https:\\\/\\\/aztex.ee\\\/lt\\\/#organization\",\"name\":\"AZTEX\",\"url\":\"https:\\\/\\\/aztex.ee\\\/lt\\\/\",\"logo\":{\"@type\":\"ImageObject\",\"inLanguage\":\"lt-LT\",\"@id\":\"https:\\\/\\\/aztex.ee\\\/lt\\\/#\\\/schema\\\/logo\\\/image\\\/\",\"url\":\"https:\\\/\\\/aztex.ee\\\/wp-content\\\/uploads\\\/2026\\\/01\\\/AZTEX.png\",\"contentUrl\":\"https:\\\/\\\/aztex.ee\\\/wp-content\\\/uploads\\\/2026\\\/01\\\/AZTEX.png\",\"width\":500,\"height\":500,\"caption\":\"AZTEX\"},\"image\":{\"@id\":\"https:\\\/\\\/aztex.ee\\\/lt\\\/#\\\/schema\\\/logo\\\/image\\\/\"},\"sameAs\":[\"https:\\\/\\\/www.facebook.com\\\/AztexEE\",\"https:\\\/\\\/www.instagram.com\\\/aztexeesti\\\/\",\"https:\\\/\\\/www.youtube.com\\\/@AZTEXEE\",\"https:\\\/\\\/www.pinterest.com\\\/aztex_eesti\\\/\",\"https:\\\/\\\/www.tiktok.com\\\/@aztexeesti\",\"https:\\\/\\\/www.trustpilot.com\\\/review\\\/aztex.ee\",\"https:\\\/\\\/www.linkedin.com\\\/company\\\/aztex-ee\\\/\",\"https:\\\/\\\/www.wikidata.org\\\/wiki\\\/Q137560182\"]}]}<\/script>\n<!-- \/ Yoast SEO plugin. -->","yoast_head_json":{"title":"Bambukinis rank\u0161luostis | AZTEX","description":"Bambukiniai rank\u0161luos\u010diai yra mink\u0161ti ir puikiai tinka kasdieniam naudojimui. D\u0117l greitai d\u017ei\u016bstan\u010di\u0173 savybi\u0173 jie yra prakti\u0161kas pasirinkimas.","robots":{"index":"index","follow":"follow","max-snippet":"max-snippet:-1","max-image-preview":"max-image-preview:large","max-video-preview":"max-video-preview:-1"},"canonical":"https:\/\/aztex.ee\/lt\/pood\/ranksluosciai-ir-vonios-ranksluosciai\/naturalaus-bambukinis-ranksluostis\/","og_locale":"lt_LT","og_type":"article","og_title":"Bambukinis rank\u0161luostis | AZTEX","og_description":"Bambukiniai rank\u0161luos\u010diai yra mink\u0161ti ir puikiai tinka kasdieniam naudojimui. D\u0117l greitai d\u017ei\u016bstan\u010di\u0173 savybi\u0173 jie yra prakti\u0161kas pasirinkimas.","og_url":"https:\/\/aztex.ee\/lt\/pood\/ranksluosciai-ir-vonios-ranksluosciai\/naturalaus-bambukinis-ranksluostis\/","og_site_name":"AZTEX","article_publisher":"https:\/\/www.facebook.com\/AztexEE","article_modified_time":"2026-03-28T22:10:22+00:00","og_image":[{"width":800,"height":800,"url":"https:\/\/aztex.ee\/wp-content\/uploads\/2024\/12\/Bambusest-ratik.jpg","type":"image\/jpeg"}],"twitter_card":"summary_large_image","twitter_misc":{"Est. reading time":"2 minut\u0117s"},"schema":{"@context":"https:\/\/schema.org","@graph":[{"@type":["WebPage","ItemPage"],"@id":"https:\/\/aztex.ee\/lt\/pood\/ranksluosciai-ir-vonios-ranksluosciai\/naturalaus-bambukinis-ranksluostis\/","url":"https:\/\/aztex.ee\/lt\/pood\/ranksluosciai-ir-vonios-ranksluosciai\/naturalaus-bambukinis-ranksluostis\/","name":"Bambukinis rank\u0161luostis | AZTEX","isPartOf":{"@id":"https:\/\/aztex.ee\/lt\/#website"},"primaryImageOfPage":{"@id":"https:\/\/aztex.ee\/lt\/pood\/ranksluosciai-ir-vonios-ranksluosciai\/naturalaus-bambukinis-ranksluostis\/#primaryimage"},"image":{"@id":"https:\/\/aztex.ee\/lt\/pood\/ranksluosciai-ir-vonios-ranksluosciai\/naturalaus-bambukinis-ranksluostis\/#primaryimage"},"thumbnailUrl":"https:\/\/aztex.ee\/wp-content\/uploads\/2024\/12\/Bambusest-ratik.jpg","datePublished":"2024-12-29T01:34:10+00:00","dateModified":"2026-03-28T22:10:22+00:00","description":"Bambukiniai rank\u0161luos\u010diai yra mink\u0161ti ir puikiai tinka kasdieniam naudojimui. D\u0117l greitai d\u017ei\u016bstan\u010di\u0173 savybi\u0173 jie yra prakti\u0161kas pasirinkimas.","breadcrumb":{"@id":"https:\/\/aztex.ee\/lt\/pood\/ranksluosciai-ir-vonios-ranksluosciai\/naturalaus-bambukinis-ranksluostis\/#breadcrumb"},"inLanguage":"lt-LT","potentialAction":[{"@type":"ReadAction","target":["https:\/\/aztex.ee\/lt\/pood\/ranksluosciai-ir-vonios-ranksluosciai\/naturalaus-bambukinis-ranksluostis\/"]}]},{"@type":"ImageObject","inLanguage":"lt-LT","@id":"https:\/\/aztex.ee\/lt\/pood\/ranksluosciai-ir-vonios-ranksluosciai\/naturalaus-bambukinis-ranksluostis\/#primaryimage","url":"https:\/\/aztex.ee\/wp-content\/uploads\/2024\/12\/Bambusest-ratik.jpg","contentUrl":"https:\/\/aztex.ee\/wp-content\/uploads\/2024\/12\/Bambusest-ratik.jpg","width":800,"height":800,"caption":"Bambusest r\u00e4tik"},{"@type":"BreadcrumbList","@id":"https:\/\/aztex.ee\/lt\/pood\/ranksluosciai-ir-vonios-ranksluosciai\/naturalaus-bambukinis-ranksluostis\/#breadcrumb","itemListElement":[{"@type":"ListItem","position":1,"name":"Prad\u017eia","item":"https:\/\/aztex.ee\/lt\/"},{"@type":"ListItem","position":2,"name":"Parduotuv\u0117","item":"https:\/\/aztex.ee\/lt\/parduotuve\/"},{"@type":"ListItem","position":3,"name":"Bambukinis rank\u0161luostis"}]},{"@type":"WebSite","@id":"https:\/\/aztex.ee\/lt\/#website","url":"https:\/\/aztex.ee\/lt\/","name":"AZTEX","description":"","publisher":{"@id":"https:\/\/aztex.ee\/lt\/#organization"},"potentialAction":[{"@type":"SearchAction","target":{"@type":"EntryPoint","urlTemplate":"https:\/\/aztex.ee\/lt\/?s={search_term_string}"},"query-input":{"@type":"PropertyValueSpecification","valueRequired":true,"valueName":"search_term_string"}}],"inLanguage":"lt-LT"},{"@type":"Organization","@id":"https:\/\/aztex.ee\/lt\/#organization","name":"AZTEX","url":"https:\/\/aztex.ee\/lt\/","logo":{"@type":"ImageObject","inLanguage":"lt-LT","@id":"https:\/\/aztex.ee\/lt\/#\/schema\/logo\/image\/","url":"https:\/\/aztex.ee\/wp-content\/uploads\/2026\/01\/AZTEX.png","contentUrl":"https:\/\/aztex.ee\/wp-content\/uploads\/2026\/01\/AZTEX.png","width":500,"height":500,"caption":"AZTEX"},"image":{"@id":"https:\/\/aztex.ee\/lt\/#\/schema\/logo\/image\/"},"sameAs":["https:\/\/www.facebook.com\/AztexEE","https:\/\/www.instagram.com\/aztexeesti\/","https:\/\/www.youtube.com\/@AZTEXEE","https:\/\/www.pinterest.com\/aztex_eesti\/","https:\/\/www.tiktok.com\/@aztexeesti","https:\/\/www.trustpilot.com\/review\/aztex.ee","https:\/\/www.linkedin.com\/company\/aztex-ee\/","https:\/\/www.wikidata.org\/wiki\/Q137560182"]}]}},"_links":{"self":[{"href":"https:\/\/aztex.ee\/lt\/wp-json\/wp\/v2\/product\/40809","targetHints":{"allow":["GET"]}}],"collection":[{"href":"https:\/\/aztex.ee\/lt\/wp-json\/wp\/v2\/product"}],"about":[{"href":"https:\/\/aztex.ee\/lt\/wp-json\/wp\/v2\/types\/product"}],"replies":[{"embeddable":true,"href":"https:\/\/aztex.ee\/lt\/wp-json\/wp\/v2\/comments?post=40809"}],"version-history":[{"count":0,"href":"https:\/\/aztex.ee\/lt\/wp-json\/wp\/v2\/product\/40809\/revisions"}],"wp:featuredmedia":[{"embeddable":true,"href":"https:\/\/aztex.ee\/lt\/wp-json\/wp\/v2\/media\/40902"}],"wp:attachment":[{"href":"https:\/\/aztex.ee\/lt\/wp-json\/wp\/v2\/media?parent=40809"}],"wp:term":[{"taxonomy":"product_brand","embeddable":true,"href":"https:\/\/aztex.ee\/lt\/wp-json\/wp\/v2\/product_brand?post=40809"},{"taxonomy":"product_cat","embeddable":true,"href":"https:\/\/aztex.ee\/lt\/wp-json\/wp\/v2\/product_cat?post=40809"},{"taxonomy":"product_tag","embeddable":true,"href":"https:\/\/aztex.ee\/lt\/wp-json\/wp\/v2\/product_tag?post=40809"}],"curies":[{"name":"wp","href":"https:\/\/api.w.org\/{rel}","templated":true}]}}