{"id":30476,"date":"2024-11-09T19:50:38","date_gmt":"2024-11-09T19:50:38","guid":{"rendered":"https:\/\/aztex.ee\/?post_type=product&#038;p=30476"},"modified":"2026-04-06T14:54:34","modified_gmt":"2026-04-06T14:54:34","slug":"patalynes-komplektas-pink-line","status":"publish","type":"product","link":"https:\/\/aztex.ee\/lt\/pood\/patalyne\/patalynes-komplektas-pink-line\/","title":{"rendered":"Patalyn\u0117s komplektas | Pink line"},"content":{"rendered":"<p>100% medviln\u0117s patalyn\u0117s komplektas suteikia j\u016bs\u0173 miegamajam nat\u016bralaus \u0161velnumo ir komforto, kuriuo tikrai patiksite. \u0160i patalyn\u0117 pagaminta i\u0161 kv\u0117puojan\u010dios, nat\u016bralios medviln\u0117s, kuri padeda k\u016bnui palaikyti ideali\u0105 temperat\u016br\u0105 nakt\u012f, suteikia v\u0117sos \u0161iltomis naktimis, o \u0161ilum\u0105 v\u0117sesn\u0117mis. Tai puikus pasirinkimas ie\u0161kantiems nat\u016bralios med\u017eiagos, kuri b\u016bt\u0173 \u0161velni net ir jautriai odai.<\/p>\n<p>Nesenstantis ir eleganti\u0161kas patalyn\u0117s dizainas pagerins bet kur\u012f miegam\u0105j\u012f, suteiks kambariui \u0161velnumo ir ramyb\u0117s. Auk\u0161tos kokyb\u0117s medviln\u0117 i\u0161lieka patvari ir su kiekvienu skalbimu tampa dar mink\u0161tesn\u0117, tod\u0117l i\u0161lieka prabangus poj\u016btis. M\u0117gaukit\u0117s tikrai jaukiomis ir artimomis gamtai atostogomis kiekvien\u0105 vakar\u0105 su 100% medviln\u0117s patalyne.<\/p>\n","protected":false},"excerpt":{"rendered":"<p>Nat\u016braliai mink\u0161tas ir kv\u0117puojantis 100% medviln\u0117s patalyn\u0117s komplektas, u\u017etikrinantis patog\u0173 ir ram\u0173 mieg\u0105.<\/p>\n<ul>\n<li>Med\u017eiaga: 100% medviln\u0117<\/li>\n<li>Audinys: Satinas<\/li>\n<li>Gij\u0173 skai\u010dius: 255 TC<\/li>\n<li>Antklod\u0117s u\u017evalkalas: 200\u00d7230 cm<\/li>\n<li>Pagalv\u0117s u\u017evalkalas: 50\u00d775 cm (2 vnt.)<\/li>\n<li>Paklod\u0117: Ne\u012ftrauktas<\/li>\n<li>Patogumas: Kv\u0117puojanti ir mink\u0161ta tekst\u016bra<\/li>\n<\/ul>\n<p><img loading=\"lazy\" decoding=\"async\" class=\"alignnone size-full wp-image-30415\" src=\"https:\/\/aztex.ee\/wp-content\/uploads\/2024\/11\/100puuvilll.png\" alt=\"\" width=\"275\" height=\"76\" srcset=\"https:\/\/aztex.ee\/wp-content\/uploads\/2024\/11\/100puuvilll.png 275w, https:\/\/aztex.ee\/wp-content\/uploads\/2024\/11\/100puuvilll-150x41.png 150w\" sizes=\"auto, (max-width: 275px) 100vw, 275px\" \/><\/p>\n","protected":false},"featured_media":30497,"comment_status":"open","ping_status":"closed","template":"","meta":[],"product_brand":[],"product_cat":[289,206,204,502,386,603],"product_tag":[],"class_list":{"0":"post-30476","1":"product","2":"type-product","3":"status-publish","4":"has-post-thumbnail","6":"product_cat-medvilnes-patalynes-komplektas-200-230","7":"product_cat-medvilnine-patalyne","8":"product_cat-patalyne","9":"product_cat-patalynes-komplektai","10":"product_cat-satino-patalyne","11":"product_cat-satino-patalynes-komplektai","13":"first","14":"instock","15":"shipping-taxable","16":"purchasable","17":"product-type-simple"},"yoast_head":"<!-- This site is optimized with the Yoast SEO plugin v27.3 - https:\/\/yoast.com\/product\/yoast-seo-wordpress\/ -->\n<title>Patalyn\u0117s komplektas | Pink line | AZTEX<\/title>\n<meta name=\"description\" content=\"100% medviln\u0117s patalyn\u0117s komplektas suteikia j\u016bs\u0173 miegamajam nat\u016bralaus \u0161velnumo ir komforto, kuriuo tikrai patiksite. \u0160i patalyn\u0117 pagaminta i\u0161 ....\" \/>\n<meta name=\"robots\" content=\"index, follow, max-snippet:-1, max-image-preview:large, max-video-preview:-1\" \/>\n<link rel=\"canonical\" href=\"https:\/\/aztex.ee\/lt\/pood\/patalyne\/patalynes-komplektas-pink-line\/\" \/>\n<meta property=\"og:locale\" content=\"lt_LT\" \/>\n<meta property=\"og:type\" content=\"article\" \/>\n<meta property=\"og:title\" content=\"Patalyn\u0117s komplektas | Pink line | AZTEX\" \/>\n<meta property=\"og:description\" content=\"100% medviln\u0117s patalyn\u0117s komplektas suteikia j\u016bs\u0173 miegamajam nat\u016bralaus \u0161velnumo ir komforto, kuriuo tikrai patiksite. \u0160i patalyn\u0117 pagaminta i\u0161 ....\" \/>\n<meta property=\"og:url\" content=\"https:\/\/aztex.ee\/lt\/pood\/patalyne\/patalynes-komplektas-pink-line\/\" \/>\n<meta property=\"og:site_name\" content=\"AZTEX\" \/>\n<meta property=\"article:publisher\" content=\"https:\/\/www.facebook.com\/AztexEE\" \/>\n<meta property=\"article:modified_time\" content=\"2026-04-06T14:54:34+00:00\" \/>\n<meta property=\"og:image\" content=\"https:\/\/aztex.ee\/wp-content\/uploads\/2024\/11\/Voodipesukomplekt-3.jpg\" \/>\n\t<meta property=\"og:image:width\" content=\"800\" \/>\n\t<meta property=\"og:image:height\" content=\"800\" \/>\n\t<meta property=\"og:image:type\" content=\"image\/jpeg\" \/>\n<meta name=\"twitter:card\" content=\"summary_large_image\" \/>\n<meta name=\"twitter:label1\" content=\"Est. reading time\" \/>\n\t<meta name=\"twitter:data1\" content=\"1 minut\u0117\" \/>\n<script type=\"application\/ld+json\" class=\"yoast-schema-graph\">{\"@context\":\"https:\\\/\\\/schema.org\",\"@graph\":[{\"@type\":[\"WebPage\",\"ItemPage\"],\"@id\":\"https:\\\/\\\/aztex.ee\\\/lt\\\/pood\\\/patalyne\\\/patalynes-komplektas-pink-line\\\/\",\"url\":\"https:\\\/\\\/aztex.ee\\\/lt\\\/pood\\\/patalyne\\\/patalynes-komplektas-pink-line\\\/\",\"name\":\"Patalyn\u0117s komplektas | Pink line | AZTEX\",\"isPartOf\":{\"@id\":\"https:\\\/\\\/aztex.ee\\\/lt\\\/#website\"},\"primaryImageOfPage\":{\"@id\":\"https:\\\/\\\/aztex.ee\\\/lt\\\/pood\\\/patalyne\\\/patalynes-komplektas-pink-line\\\/#primaryimage\"},\"image\":{\"@id\":\"https:\\\/\\\/aztex.ee\\\/lt\\\/pood\\\/patalyne\\\/patalynes-komplektas-pink-line\\\/#primaryimage\"},\"thumbnailUrl\":\"https:\\\/\\\/aztex.ee\\\/wp-content\\\/uploads\\\/2024\\\/11\\\/Voodipesukomplekt-3.jpg\",\"datePublished\":\"2024-11-09T19:50:38+00:00\",\"dateModified\":\"2026-04-06T14:54:34+00:00\",\"description\":\"100% medviln\u0117s patalyn\u0117s komplektas suteikia j\u016bs\u0173 miegamajam nat\u016bralaus \u0161velnumo ir komforto, kuriuo tikrai patiksite. \u0160i patalyn\u0117 pagaminta i\u0161 ....\",\"breadcrumb\":{\"@id\":\"https:\\\/\\\/aztex.ee\\\/lt\\\/pood\\\/patalyne\\\/patalynes-komplektas-pink-line\\\/#breadcrumb\"},\"inLanguage\":\"lt-LT\",\"potentialAction\":[{\"@type\":\"ReadAction\",\"target\":[\"https:\\\/\\\/aztex.ee\\\/lt\\\/pood\\\/patalyne\\\/patalynes-komplektas-pink-line\\\/\"]}]},{\"@type\":\"ImageObject\",\"inLanguage\":\"lt-LT\",\"@id\":\"https:\\\/\\\/aztex.ee\\\/lt\\\/pood\\\/patalyne\\\/patalynes-komplektas-pink-line\\\/#primaryimage\",\"url\":\"https:\\\/\\\/aztex.ee\\\/wp-content\\\/uploads\\\/2024\\\/11\\\/Voodipesukomplekt-3.jpg\",\"contentUrl\":\"https:\\\/\\\/aztex.ee\\\/wp-content\\\/uploads\\\/2024\\\/11\\\/Voodipesukomplekt-3.jpg\",\"width\":800,\"height\":800,\"caption\":\"Voodipesukomplekt\"},{\"@type\":\"BreadcrumbList\",\"@id\":\"https:\\\/\\\/aztex.ee\\\/lt\\\/pood\\\/patalyne\\\/patalynes-komplektas-pink-line\\\/#breadcrumb\",\"itemListElement\":[{\"@type\":\"ListItem\",\"position\":1,\"name\":\"Prad\u017eia\",\"item\":\"https:\\\/\\\/aztex.ee\\\/lt\\\/\"},{\"@type\":\"ListItem\",\"position\":2,\"name\":\"Parduotuv\u0117\",\"item\":\"https:\\\/\\\/aztex.ee\\\/lt\\\/parduotuve\\\/\"},{\"@type\":\"ListItem\",\"position\":3,\"name\":\"Patalyn\u0117s komplektas | Pink line\"}]},{\"@type\":\"WebSite\",\"@id\":\"https:\\\/\\\/aztex.ee\\\/lt\\\/#website\",\"url\":\"https:\\\/\\\/aztex.ee\\\/lt\\\/\",\"name\":\"AZTEX\",\"description\":\"\",\"publisher\":{\"@id\":\"https:\\\/\\\/aztex.ee\\\/lt\\\/#organization\"},\"potentialAction\":[{\"@type\":\"SearchAction\",\"target\":{\"@type\":\"EntryPoint\",\"urlTemplate\":\"https:\\\/\\\/aztex.ee\\\/lt\\\/?s={search_term_string}\"},\"query-input\":{\"@type\":\"PropertyValueSpecification\",\"valueRequired\":true,\"valueName\":\"search_term_string\"}}],\"inLanguage\":\"lt-LT\"},{\"@type\":\"Organization\",\"@id\":\"https:\\\/\\\/aztex.ee\\\/lt\\\/#organization\",\"name\":\"AZTEX\",\"url\":\"https:\\\/\\\/aztex.ee\\\/lt\\\/\",\"logo\":{\"@type\":\"ImageObject\",\"inLanguage\":\"lt-LT\",\"@id\":\"https:\\\/\\\/aztex.ee\\\/lt\\\/#\\\/schema\\\/logo\\\/image\\\/\",\"url\":\"https:\\\/\\\/aztex.ee\\\/wp-content\\\/uploads\\\/2026\\\/01\\\/AZTEX.png\",\"contentUrl\":\"https:\\\/\\\/aztex.ee\\\/wp-content\\\/uploads\\\/2026\\\/01\\\/AZTEX.png\",\"width\":500,\"height\":500,\"caption\":\"AZTEX\"},\"image\":{\"@id\":\"https:\\\/\\\/aztex.ee\\\/lt\\\/#\\\/schema\\\/logo\\\/image\\\/\"},\"sameAs\":[\"https:\\\/\\\/www.facebook.com\\\/AztexEE\",\"https:\\\/\\\/www.instagram.com\\\/aztexeesti\\\/\",\"https:\\\/\\\/www.youtube.com\\\/@AZTEXEE\",\"https:\\\/\\\/www.pinterest.com\\\/aztex_eesti\\\/\",\"https:\\\/\\\/www.tiktok.com\\\/@aztexeesti\",\"https:\\\/\\\/www.trustpilot.com\\\/review\\\/aztex.ee\",\"https:\\\/\\\/www.linkedin.com\\\/company\\\/aztex-ee\\\/\",\"https:\\\/\\\/www.wikidata.org\\\/wiki\\\/Q137560182\"]}]}<\/script>\n<!-- \/ Yoast SEO plugin. -->","yoast_head_json":{"title":"Patalyn\u0117s komplektas | Pink line | AZTEX","description":"100% medviln\u0117s patalyn\u0117s komplektas suteikia j\u016bs\u0173 miegamajam nat\u016bralaus \u0161velnumo ir komforto, kuriuo tikrai patiksite. \u0160i patalyn\u0117 pagaminta i\u0161 ....","robots":{"index":"index","follow":"follow","max-snippet":"max-snippet:-1","max-image-preview":"max-image-preview:large","max-video-preview":"max-video-preview:-1"},"canonical":"https:\/\/aztex.ee\/lt\/pood\/patalyne\/patalynes-komplektas-pink-line\/","og_locale":"lt_LT","og_type":"article","og_title":"Patalyn\u0117s komplektas | Pink line | AZTEX","og_description":"100% medviln\u0117s patalyn\u0117s komplektas suteikia j\u016bs\u0173 miegamajam nat\u016bralaus \u0161velnumo ir komforto, kuriuo tikrai patiksite. \u0160i patalyn\u0117 pagaminta i\u0161 ....","og_url":"https:\/\/aztex.ee\/lt\/pood\/patalyne\/patalynes-komplektas-pink-line\/","og_site_name":"AZTEX","article_publisher":"https:\/\/www.facebook.com\/AztexEE","article_modified_time":"2026-04-06T14:54:34+00:00","og_image":[{"width":800,"height":800,"url":"https:\/\/aztex.ee\/wp-content\/uploads\/2024\/11\/Voodipesukomplekt-3.jpg","type":"image\/jpeg"}],"twitter_card":"summary_large_image","twitter_misc":{"Est. reading time":"1 minut\u0117"},"schema":{"@context":"https:\/\/schema.org","@graph":[{"@type":["WebPage","ItemPage"],"@id":"https:\/\/aztex.ee\/lt\/pood\/patalyne\/patalynes-komplektas-pink-line\/","url":"https:\/\/aztex.ee\/lt\/pood\/patalyne\/patalynes-komplektas-pink-line\/","name":"Patalyn\u0117s komplektas | Pink line | AZTEX","isPartOf":{"@id":"https:\/\/aztex.ee\/lt\/#website"},"primaryImageOfPage":{"@id":"https:\/\/aztex.ee\/lt\/pood\/patalyne\/patalynes-komplektas-pink-line\/#primaryimage"},"image":{"@id":"https:\/\/aztex.ee\/lt\/pood\/patalyne\/patalynes-komplektas-pink-line\/#primaryimage"},"thumbnailUrl":"https:\/\/aztex.ee\/wp-content\/uploads\/2024\/11\/Voodipesukomplekt-3.jpg","datePublished":"2024-11-09T19:50:38+00:00","dateModified":"2026-04-06T14:54:34+00:00","description":"100% medviln\u0117s patalyn\u0117s komplektas suteikia j\u016bs\u0173 miegamajam nat\u016bralaus \u0161velnumo ir komforto, kuriuo tikrai patiksite. \u0160i patalyn\u0117 pagaminta i\u0161 ....","breadcrumb":{"@id":"https:\/\/aztex.ee\/lt\/pood\/patalyne\/patalynes-komplektas-pink-line\/#breadcrumb"},"inLanguage":"lt-LT","potentialAction":[{"@type":"ReadAction","target":["https:\/\/aztex.ee\/lt\/pood\/patalyne\/patalynes-komplektas-pink-line\/"]}]},{"@type":"ImageObject","inLanguage":"lt-LT","@id":"https:\/\/aztex.ee\/lt\/pood\/patalyne\/patalynes-komplektas-pink-line\/#primaryimage","url":"https:\/\/aztex.ee\/wp-content\/uploads\/2024\/11\/Voodipesukomplekt-3.jpg","contentUrl":"https:\/\/aztex.ee\/wp-content\/uploads\/2024\/11\/Voodipesukomplekt-3.jpg","width":800,"height":800,"caption":"Voodipesukomplekt"},{"@type":"BreadcrumbList","@id":"https:\/\/aztex.ee\/lt\/pood\/patalyne\/patalynes-komplektas-pink-line\/#breadcrumb","itemListElement":[{"@type":"ListItem","position":1,"name":"Prad\u017eia","item":"https:\/\/aztex.ee\/lt\/"},{"@type":"ListItem","position":2,"name":"Parduotuv\u0117","item":"https:\/\/aztex.ee\/lt\/parduotuve\/"},{"@type":"ListItem","position":3,"name":"Patalyn\u0117s komplektas | Pink line"}]},{"@type":"WebSite","@id":"https:\/\/aztex.ee\/lt\/#website","url":"https:\/\/aztex.ee\/lt\/","name":"AZTEX","description":"","publisher":{"@id":"https:\/\/aztex.ee\/lt\/#organization"},"potentialAction":[{"@type":"SearchAction","target":{"@type":"EntryPoint","urlTemplate":"https:\/\/aztex.ee\/lt\/?s={search_term_string}"},"query-input":{"@type":"PropertyValueSpecification","valueRequired":true,"valueName":"search_term_string"}}],"inLanguage":"lt-LT"},{"@type":"Organization","@id":"https:\/\/aztex.ee\/lt\/#organization","name":"AZTEX","url":"https:\/\/aztex.ee\/lt\/","logo":{"@type":"ImageObject","inLanguage":"lt-LT","@id":"https:\/\/aztex.ee\/lt\/#\/schema\/logo\/image\/","url":"https:\/\/aztex.ee\/wp-content\/uploads\/2026\/01\/AZTEX.png","contentUrl":"https:\/\/aztex.ee\/wp-content\/uploads\/2026\/01\/AZTEX.png","width":500,"height":500,"caption":"AZTEX"},"image":{"@id":"https:\/\/aztex.ee\/lt\/#\/schema\/logo\/image\/"},"sameAs":["https:\/\/www.facebook.com\/AztexEE","https:\/\/www.instagram.com\/aztexeesti\/","https:\/\/www.youtube.com\/@AZTEXEE","https:\/\/www.pinterest.com\/aztex_eesti\/","https:\/\/www.tiktok.com\/@aztexeesti","https:\/\/www.trustpilot.com\/review\/aztex.ee","https:\/\/www.linkedin.com\/company\/aztex-ee\/","https:\/\/www.wikidata.org\/wiki\/Q137560182"]}]}},"_links":{"self":[{"href":"https:\/\/aztex.ee\/lt\/wp-json\/wp\/v2\/product\/30476","targetHints":{"allow":["GET"]}}],"collection":[{"href":"https:\/\/aztex.ee\/lt\/wp-json\/wp\/v2\/product"}],"about":[{"href":"https:\/\/aztex.ee\/lt\/wp-json\/wp\/v2\/types\/product"}],"replies":[{"embeddable":true,"href":"https:\/\/aztex.ee\/lt\/wp-json\/wp\/v2\/comments?post=30476"}],"version-history":[{"count":0,"href":"https:\/\/aztex.ee\/lt\/wp-json\/wp\/v2\/product\/30476\/revisions"}],"wp:featuredmedia":[{"embeddable":true,"href":"https:\/\/aztex.ee\/lt\/wp-json\/wp\/v2\/media\/30497"}],"wp:attachment":[{"href":"https:\/\/aztex.ee\/lt\/wp-json\/wp\/v2\/media?parent=30476"}],"wp:term":[{"taxonomy":"product_brand","embeddable":true,"href":"https:\/\/aztex.ee\/lt\/wp-json\/wp\/v2\/product_brand?post=30476"},{"taxonomy":"product_cat","embeddable":true,"href":"https:\/\/aztex.ee\/lt\/wp-json\/wp\/v2\/product_cat?post=30476"},{"taxonomy":"product_tag","embeddable":true,"href":"https:\/\/aztex.ee\/lt\/wp-json\/wp\/v2\/product_tag?post=30476"}],"curies":[{"name":"wp","href":"https:\/\/api.w.org\/{rel}","templated":true}]}}