{"id":26419,"date":"2024-10-02T13:50:20","date_gmt":"2024-10-02T13:50:20","guid":{"rendered":"https:\/\/aztex.ee\/?post_type=product&#038;p=26419"},"modified":"2025-10-18T11:04:05","modified_gmt":"2025-10-18T11:04:05","slug":"satino-medvilnes-patalynes-komplektas-green-garden","status":"publish","type":"product","link":"https:\/\/aztex.ee\/lt\/pood\/patalyne\/satino-medvilnes-patalynes-komplektas-green-garden\/","title":{"rendered":"Satino medviln\u0117s patalyn\u0117s komplektas | Green garden"},"content":{"rendered":"<p>Medvilninis satino patalyn\u0117s komplektas suteikia j\u016bs\u0173 miegamajam mink\u0161tumo ir komforto. Sujungia medviln\u0117s nat\u016bralum\u0105 su satino glotnumu, tod\u0117l yra kv\u0117puojanti ir odai nekenksminga med\u017eiaga, kuri idealiai tinka kasdieniam naudojimui. Audinys yra patvarus ir lengvai pri\u017ei\u016brimas, i\u0161laiko savo mink\u0161tum\u0105 net po keli\u0173 skalbim\u0173. Medvilnin\u0117 satino patalyn\u0117 yra puikus pasirinkimas, jei vertinate kokybi\u0161k\u0105 mieg\u0105 ir malon\u0173 prisilietim\u0105 nakt\u012f.<\/p>\n","protected":false},"excerpt":{"rendered":"<p>Medvilnin\u0117s satino patalyn\u0117s komplektas u\u017etikrina komfort\u0105 ir kokybi\u0161k\u0105 mieg\u0105.<\/p>\n<ul>\n<li>Med\u017eiaga: 100% medviln\u0117<\/li>\n<li>Audinys: Satinas<\/li>\n<li>Gij\u0173 skai\u010dius: 300 TC<\/li>\n<li>Antklod\u0117s u\u017evalkalas: 200\u00d7220 cm<\/li>\n<li>Pagalv\u0117s u\u017evalkalas: 50\u00d775 cm (2 vnt.)<\/li>\n<li>Paklod\u0117: Ne\u012ftrauktas<\/li>\n<li>Patogumas: Kv\u0117puojanti ir mink\u0161ta tekst\u016bra<\/li>\n<\/ul>\n<p><img loading=\"lazy\" decoding=\"async\" class=\"alignnone size-full wp-image-25959\" src=\"https:\/\/aztex.ee\/wp-content\/uploads\/2024\/09\/cotton87.png\" alt=\"\" width=\"188\" height=\"71\" srcset=\"https:\/\/aztex.ee\/wp-content\/uploads\/2024\/09\/cotton87.png 188w, https:\/\/aztex.ee\/wp-content\/uploads\/2024\/09\/cotton87-150x57.png 150w\" sizes=\"auto, (max-width: 188px) 100vw, 188px\" \/><\/p>\n","protected":false},"featured_media":26520,"comment_status":"open","ping_status":"closed","template":"","meta":[],"product_brand":[],"product_cat":[288,206,204,502,386,603],"product_tag":[],"class_list":{"0":"post-26419","1":"product","2":"type-product","3":"status-publish","4":"has-post-thumbnail","6":"product_cat-medvilnes-patalynes-komplektas-200-220","7":"product_cat-medvilnine-patalyne","8":"product_cat-patalyne","9":"product_cat-patalynes-komplektai","10":"product_cat-satino-patalyne","11":"product_cat-satino-patalynes-komplektai","13":"first","14":"outofstock","15":"shipping-taxable","16":"purchasable","17":"product-type-simple"},"yoast_head":"<!-- This site is optimized with the Yoast SEO plugin v27.4 - https:\/\/yoast.com\/product\/yoast-seo-wordpress\/ -->\n<title>Satino medviln\u0117s patalyn\u0117s komplektas | Green garden | AZTEX<\/title>\n<meta name=\"description\" content=\"Satino medviln\u0117s patalyn\u0117s komplektas 200x220 cm suteikia elegancijos ir komforto j\u016bs\u0173 miegamajam. Pagamintas i\u0161 \u0161velnios ir kv\u0117puojan\u010dios satino medviln\u0117s\" \/>\n<meta name=\"robots\" content=\"index, follow, max-snippet:-1, max-image-preview:large, max-video-preview:-1\" \/>\n<link rel=\"canonical\" href=\"https:\/\/aztex.ee\/lt\/pood\/patalyne\/satino-medvilnes-patalynes-komplektas-green-garden\/\" \/>\n<meta property=\"og:locale\" content=\"lt_LT\" \/>\n<meta property=\"og:type\" content=\"article\" \/>\n<meta property=\"og:title\" content=\"Satino medviln\u0117s patalyn\u0117s komplektas | Green garden | AZTEX\" \/>\n<meta property=\"og:description\" content=\"Satino medviln\u0117s patalyn\u0117s komplektas 200x220 cm suteikia elegancijos ir komforto j\u016bs\u0173 miegamajam. Pagamintas i\u0161 \u0161velnios ir kv\u0117puojan\u010dios satino medviln\u0117s\" \/>\n<meta property=\"og:url\" content=\"https:\/\/aztex.ee\/lt\/pood\/patalyne\/satino-medvilnes-patalynes-komplektas-green-garden\/\" \/>\n<meta property=\"og:site_name\" content=\"AZTEX\" \/>\n<meta property=\"article:publisher\" content=\"https:\/\/www.facebook.com\/AztexEE\" \/>\n<meta property=\"article:modified_time\" content=\"2025-10-18T11:04:05+00:00\" \/>\n<meta property=\"og:image\" content=\"https:\/\/aztex.ee\/wp-content\/uploads\/2024\/10\/Voodipesukomplekt-puuvillasatiin-35.jpg\" \/>\n\t<meta property=\"og:image:width\" content=\"800\" \/>\n\t<meta property=\"og:image:height\" content=\"800\" \/>\n\t<meta property=\"og:image:type\" content=\"image\/jpeg\" \/>\n<meta name=\"twitter:card\" content=\"summary_large_image\" \/>\n<meta name=\"twitter:label1\" content=\"Est. reading time\" \/>\n\t<meta name=\"twitter:data1\" content=\"1 minut\u0117\" \/>\n<script type=\"application\/ld+json\" class=\"yoast-schema-graph\">{\"@context\":\"https:\\\/\\\/schema.org\",\"@graph\":[{\"@type\":[\"WebPage\",\"ItemPage\"],\"@id\":\"https:\\\/\\\/aztex.ee\\\/lt\\\/pood\\\/patalyne\\\/satino-medvilnes-patalynes-komplektas-green-garden\\\/\",\"url\":\"https:\\\/\\\/aztex.ee\\\/lt\\\/pood\\\/patalyne\\\/satino-medvilnes-patalynes-komplektas-green-garden\\\/\",\"name\":\"Satino medviln\u0117s patalyn\u0117s komplektas | Green garden | AZTEX\",\"isPartOf\":{\"@id\":\"https:\\\/\\\/aztex.ee\\\/lt\\\/#website\"},\"primaryImageOfPage\":{\"@id\":\"https:\\\/\\\/aztex.ee\\\/lt\\\/pood\\\/patalyne\\\/satino-medvilnes-patalynes-komplektas-green-garden\\\/#primaryimage\"},\"image\":{\"@id\":\"https:\\\/\\\/aztex.ee\\\/lt\\\/pood\\\/patalyne\\\/satino-medvilnes-patalynes-komplektas-green-garden\\\/#primaryimage\"},\"thumbnailUrl\":\"https:\\\/\\\/aztex.ee\\\/wp-content\\\/uploads\\\/2024\\\/10\\\/Voodipesukomplekt-puuvillasatiin-35.jpg\",\"datePublished\":\"2024-10-02T13:50:20+00:00\",\"dateModified\":\"2025-10-18T11:04:05+00:00\",\"description\":\"Satino medviln\u0117s patalyn\u0117s komplektas 200x220 cm suteikia elegancijos ir komforto j\u016bs\u0173 miegamajam. Pagamintas i\u0161 \u0161velnios ir kv\u0117puojan\u010dios satino medviln\u0117s\",\"breadcrumb\":{\"@id\":\"https:\\\/\\\/aztex.ee\\\/lt\\\/pood\\\/patalyne\\\/satino-medvilnes-patalynes-komplektas-green-garden\\\/#breadcrumb\"},\"inLanguage\":\"lt-LT\",\"potentialAction\":[{\"@type\":\"ReadAction\",\"target\":[\"https:\\\/\\\/aztex.ee\\\/lt\\\/pood\\\/patalyne\\\/satino-medvilnes-patalynes-komplektas-green-garden\\\/\"]}]},{\"@type\":\"ImageObject\",\"inLanguage\":\"lt-LT\",\"@id\":\"https:\\\/\\\/aztex.ee\\\/lt\\\/pood\\\/patalyne\\\/satino-medvilnes-patalynes-komplektas-green-garden\\\/#primaryimage\",\"url\":\"https:\\\/\\\/aztex.ee\\\/wp-content\\\/uploads\\\/2024\\\/10\\\/Voodipesukomplekt-puuvillasatiin-35.jpg\",\"contentUrl\":\"https:\\\/\\\/aztex.ee\\\/wp-content\\\/uploads\\\/2024\\\/10\\\/Voodipesukomplekt-puuvillasatiin-35.jpg\",\"width\":800,\"height\":800},{\"@type\":\"BreadcrumbList\",\"@id\":\"https:\\\/\\\/aztex.ee\\\/lt\\\/pood\\\/patalyne\\\/satino-medvilnes-patalynes-komplektas-green-garden\\\/#breadcrumb\",\"itemListElement\":[{\"@type\":\"ListItem\",\"position\":1,\"name\":\"Prad\u017eia\",\"item\":\"https:\\\/\\\/aztex.ee\\\/lt\\\/\"},{\"@type\":\"ListItem\",\"position\":2,\"name\":\"Parduotuv\u0117\",\"item\":\"https:\\\/\\\/aztex.ee\\\/lt\\\/parduotuve\\\/\"},{\"@type\":\"ListItem\",\"position\":3,\"name\":\"Satino medviln\u0117s patalyn\u0117s komplektas | Green garden\"}]},{\"@type\":\"WebSite\",\"@id\":\"https:\\\/\\\/aztex.ee\\\/lt\\\/#website\",\"url\":\"https:\\\/\\\/aztex.ee\\\/lt\\\/\",\"name\":\"AZTEX\",\"description\":\"\",\"publisher\":{\"@id\":\"https:\\\/\\\/aztex.ee\\\/lt\\\/#organization\"},\"potentialAction\":[{\"@type\":\"SearchAction\",\"target\":{\"@type\":\"EntryPoint\",\"urlTemplate\":\"https:\\\/\\\/aztex.ee\\\/lt\\\/?s={search_term_string}\"},\"query-input\":{\"@type\":\"PropertyValueSpecification\",\"valueRequired\":true,\"valueName\":\"search_term_string\"}}],\"inLanguage\":\"lt-LT\"},{\"@type\":\"Organization\",\"@id\":\"https:\\\/\\\/aztex.ee\\\/lt\\\/#organization\",\"name\":\"AZTEX\",\"url\":\"https:\\\/\\\/aztex.ee\\\/lt\\\/\",\"logo\":{\"@type\":\"ImageObject\",\"inLanguage\":\"lt-LT\",\"@id\":\"https:\\\/\\\/aztex.ee\\\/lt\\\/#\\\/schema\\\/logo\\\/image\\\/\",\"url\":\"https:\\\/\\\/aztex.ee\\\/wp-content\\\/uploads\\\/2026\\\/01\\\/AZTEX.png\",\"contentUrl\":\"https:\\\/\\\/aztex.ee\\\/wp-content\\\/uploads\\\/2026\\\/01\\\/AZTEX.png\",\"width\":500,\"height\":500,\"caption\":\"AZTEX\"},\"image\":{\"@id\":\"https:\\\/\\\/aztex.ee\\\/lt\\\/#\\\/schema\\\/logo\\\/image\\\/\"},\"sameAs\":[\"https:\\\/\\\/www.facebook.com\\\/AztexEE\",\"https:\\\/\\\/www.instagram.com\\\/aztexeesti\\\/\",\"https:\\\/\\\/www.youtube.com\\\/@AZTEXEE\",\"https:\\\/\\\/www.pinterest.com\\\/aztex_eesti\\\/\",\"https:\\\/\\\/www.tiktok.com\\\/@aztexeesti\",\"https:\\\/\\\/www.trustpilot.com\\\/review\\\/aztex.ee\",\"https:\\\/\\\/www.linkedin.com\\\/company\\\/aztex-ee\\\/\",\"https:\\\/\\\/www.wikidata.org\\\/wiki\\\/Q137560182\"]}]}<\/script>\n<!-- \/ Yoast SEO plugin. -->","yoast_head_json":{"title":"Satino medviln\u0117s patalyn\u0117s komplektas | Green garden | AZTEX","description":"Satino medviln\u0117s patalyn\u0117s komplektas 200x220 cm suteikia elegancijos ir komforto j\u016bs\u0173 miegamajam. Pagamintas i\u0161 \u0161velnios ir kv\u0117puojan\u010dios satino medviln\u0117s","robots":{"index":"index","follow":"follow","max-snippet":"max-snippet:-1","max-image-preview":"max-image-preview:large","max-video-preview":"max-video-preview:-1"},"canonical":"https:\/\/aztex.ee\/lt\/pood\/patalyne\/satino-medvilnes-patalynes-komplektas-green-garden\/","og_locale":"lt_LT","og_type":"article","og_title":"Satino medviln\u0117s patalyn\u0117s komplektas | Green garden | AZTEX","og_description":"Satino medviln\u0117s patalyn\u0117s komplektas 200x220 cm suteikia elegancijos ir komforto j\u016bs\u0173 miegamajam. Pagamintas i\u0161 \u0161velnios ir kv\u0117puojan\u010dios satino medviln\u0117s","og_url":"https:\/\/aztex.ee\/lt\/pood\/patalyne\/satino-medvilnes-patalynes-komplektas-green-garden\/","og_site_name":"AZTEX","article_publisher":"https:\/\/www.facebook.com\/AztexEE","article_modified_time":"2025-10-18T11:04:05+00:00","og_image":[{"width":800,"height":800,"url":"https:\/\/aztex.ee\/wp-content\/uploads\/2024\/10\/Voodipesukomplekt-puuvillasatiin-35.jpg","type":"image\/jpeg"}],"twitter_card":"summary_large_image","twitter_misc":{"Est. reading time":"1 minut\u0117"},"schema":{"@context":"https:\/\/schema.org","@graph":[{"@type":["WebPage","ItemPage"],"@id":"https:\/\/aztex.ee\/lt\/pood\/patalyne\/satino-medvilnes-patalynes-komplektas-green-garden\/","url":"https:\/\/aztex.ee\/lt\/pood\/patalyne\/satino-medvilnes-patalynes-komplektas-green-garden\/","name":"Satino medviln\u0117s patalyn\u0117s komplektas | Green garden | AZTEX","isPartOf":{"@id":"https:\/\/aztex.ee\/lt\/#website"},"primaryImageOfPage":{"@id":"https:\/\/aztex.ee\/lt\/pood\/patalyne\/satino-medvilnes-patalynes-komplektas-green-garden\/#primaryimage"},"image":{"@id":"https:\/\/aztex.ee\/lt\/pood\/patalyne\/satino-medvilnes-patalynes-komplektas-green-garden\/#primaryimage"},"thumbnailUrl":"https:\/\/aztex.ee\/wp-content\/uploads\/2024\/10\/Voodipesukomplekt-puuvillasatiin-35.jpg","datePublished":"2024-10-02T13:50:20+00:00","dateModified":"2025-10-18T11:04:05+00:00","description":"Satino medviln\u0117s patalyn\u0117s komplektas 200x220 cm suteikia elegancijos ir komforto j\u016bs\u0173 miegamajam. Pagamintas i\u0161 \u0161velnios ir kv\u0117puojan\u010dios satino medviln\u0117s","breadcrumb":{"@id":"https:\/\/aztex.ee\/lt\/pood\/patalyne\/satino-medvilnes-patalynes-komplektas-green-garden\/#breadcrumb"},"inLanguage":"lt-LT","potentialAction":[{"@type":"ReadAction","target":["https:\/\/aztex.ee\/lt\/pood\/patalyne\/satino-medvilnes-patalynes-komplektas-green-garden\/"]}]},{"@type":"ImageObject","inLanguage":"lt-LT","@id":"https:\/\/aztex.ee\/lt\/pood\/patalyne\/satino-medvilnes-patalynes-komplektas-green-garden\/#primaryimage","url":"https:\/\/aztex.ee\/wp-content\/uploads\/2024\/10\/Voodipesukomplekt-puuvillasatiin-35.jpg","contentUrl":"https:\/\/aztex.ee\/wp-content\/uploads\/2024\/10\/Voodipesukomplekt-puuvillasatiin-35.jpg","width":800,"height":800},{"@type":"BreadcrumbList","@id":"https:\/\/aztex.ee\/lt\/pood\/patalyne\/satino-medvilnes-patalynes-komplektas-green-garden\/#breadcrumb","itemListElement":[{"@type":"ListItem","position":1,"name":"Prad\u017eia","item":"https:\/\/aztex.ee\/lt\/"},{"@type":"ListItem","position":2,"name":"Parduotuv\u0117","item":"https:\/\/aztex.ee\/lt\/parduotuve\/"},{"@type":"ListItem","position":3,"name":"Satino medviln\u0117s patalyn\u0117s komplektas | Green garden"}]},{"@type":"WebSite","@id":"https:\/\/aztex.ee\/lt\/#website","url":"https:\/\/aztex.ee\/lt\/","name":"AZTEX","description":"","publisher":{"@id":"https:\/\/aztex.ee\/lt\/#organization"},"potentialAction":[{"@type":"SearchAction","target":{"@type":"EntryPoint","urlTemplate":"https:\/\/aztex.ee\/lt\/?s={search_term_string}"},"query-input":{"@type":"PropertyValueSpecification","valueRequired":true,"valueName":"search_term_string"}}],"inLanguage":"lt-LT"},{"@type":"Organization","@id":"https:\/\/aztex.ee\/lt\/#organization","name":"AZTEX","url":"https:\/\/aztex.ee\/lt\/","logo":{"@type":"ImageObject","inLanguage":"lt-LT","@id":"https:\/\/aztex.ee\/lt\/#\/schema\/logo\/image\/","url":"https:\/\/aztex.ee\/wp-content\/uploads\/2026\/01\/AZTEX.png","contentUrl":"https:\/\/aztex.ee\/wp-content\/uploads\/2026\/01\/AZTEX.png","width":500,"height":500,"caption":"AZTEX"},"image":{"@id":"https:\/\/aztex.ee\/lt\/#\/schema\/logo\/image\/"},"sameAs":["https:\/\/www.facebook.com\/AztexEE","https:\/\/www.instagram.com\/aztexeesti\/","https:\/\/www.youtube.com\/@AZTEXEE","https:\/\/www.pinterest.com\/aztex_eesti\/","https:\/\/www.tiktok.com\/@aztexeesti","https:\/\/www.trustpilot.com\/review\/aztex.ee","https:\/\/www.linkedin.com\/company\/aztex-ee\/","https:\/\/www.wikidata.org\/wiki\/Q137560182"]}]}},"_links":{"self":[{"href":"https:\/\/aztex.ee\/lt\/wp-json\/wp\/v2\/product\/26419","targetHints":{"allow":["GET"]}}],"collection":[{"href":"https:\/\/aztex.ee\/lt\/wp-json\/wp\/v2\/product"}],"about":[{"href":"https:\/\/aztex.ee\/lt\/wp-json\/wp\/v2\/types\/product"}],"replies":[{"embeddable":true,"href":"https:\/\/aztex.ee\/lt\/wp-json\/wp\/v2\/comments?post=26419"}],"version-history":[{"count":0,"href":"https:\/\/aztex.ee\/lt\/wp-json\/wp\/v2\/product\/26419\/revisions"}],"wp:featuredmedia":[{"embeddable":true,"href":"https:\/\/aztex.ee\/lt\/wp-json\/wp\/v2\/media\/26520"}],"wp:attachment":[{"href":"https:\/\/aztex.ee\/lt\/wp-json\/wp\/v2\/media?parent=26419"}],"wp:term":[{"taxonomy":"product_brand","embeddable":true,"href":"https:\/\/aztex.ee\/lt\/wp-json\/wp\/v2\/product_brand?post=26419"},{"taxonomy":"product_cat","embeddable":true,"href":"https:\/\/aztex.ee\/lt\/wp-json\/wp\/v2\/product_cat?post=26419"},{"taxonomy":"product_tag","embeddable":true,"href":"https:\/\/aztex.ee\/lt\/wp-json\/wp\/v2\/product_tag?post=26419"}],"curies":[{"name":"wp","href":"https:\/\/api.w.org\/{rel}","templated":true}]}}