{"id":25009,"date":"2024-09-29T09:55:02","date_gmt":"2024-09-29T09:55:02","guid":{"rendered":"https:\/\/aztex.ee\/?post_type=product&#038;p=25009"},"modified":"2026-01-25T14:28:29","modified_gmt":"2026-01-25T14:28:29","slug":"satino-patalynes-komplektas-delhi","status":"publish","type":"product","link":"https:\/\/aztex.ee\/lt\/pood\/patalyne\/satino-patalynes-komplektas-delhi\/","title":{"rendered":"Satino patalyn\u0117s komplektas | Delhi"},"content":{"rendered":"<p>Satino patalyn\u0117s komplektas yra puikus pasirinkimas, jei miegamajame ie\u0161kote \u0161velnumo ir elegancijos. Pagaminta i\u0161 auk\u0161tos kokyb\u0117s medviln\u0117s, kuri glosto od\u0105 ir sukuria prabang\u0173 miego potyr\u012f. Kv\u0117puojanti med\u017eiaga reguliuoja k\u016bno temperat\u016br\u0105 ir u\u017etikrina patogi\u0105 mieg\u0105 bet kuriuo met\u0173 laiku \u2013 ar v\u0117siau vasar\u0105, ar \u0161il\u010diau \u017eiem\u0105. Be to, patalyn\u0117 yra lengvai pri\u017ei\u016brima ir skalbiama ma\u0161inoje, tod\u0117l puikiai tinka kasdieniam naudojimui. Atnaujinkite savo miegam\u0105j\u012f su m\u016bs\u0173 nuostabiu satino patalyn\u0117s komplektu ir m\u0117gaukit\u0117s prabangiu komfortu, kurio visada nor\u0117jote!<\/p>\n","protected":false},"excerpt":{"rendered":"<p>Satino patalyn\u0117s komplektas yra \u0161velnus odai ir pralaidus orui, tod\u0117l u\u017etikrina ideali\u0105 miego aplink\u0105.<\/p>\n<ul>\n<li>Med\u017eiaga: 100% medviln\u0117<\/li>\n<li>Audinys: Satinas<\/li>\n<li>Gij\u0173 skai\u010dius: 300 TC<\/li>\n<li>Antklod\u0117s u\u017evalkalas: 200\u00d7220 cm<\/li>\n<li>Pagalv\u0117s u\u017evalkalas: 50\u00d775 cm (2 vnt.)<\/li>\n<li>Paklod\u0117: Ne\u012ftrauktas<\/li>\n<li>Patogumas: Kv\u0117puojanti ir mink\u0161ta tekst\u016bra<\/li>\n<\/ul>\n<p><img loading=\"lazy\" decoding=\"async\" class=\"alignnone size-full wp-image-24735\" src=\"https:\/\/aztex.ee\/wp-content\/uploads\/2024\/09\/cottonlogo33.png\" alt=\"\" width=\"165\" height=\"73\" srcset=\"https:\/\/aztex.ee\/wp-content\/uploads\/2024\/09\/cottonlogo33.png 165w, https:\/\/aztex.ee\/wp-content\/uploads\/2024\/09\/cottonlogo33-150x66.png 150w\" sizes=\"auto, (max-width: 165px) 100vw, 165px\" \/><\/p>\n","protected":false},"featured_media":25070,"comment_status":"open","ping_status":"closed","template":"","meta":[],"product_brand":[],"product_cat":[288,206,204,502,386,603],"product_tag":[],"class_list":{"0":"post-25009","1":"product","2":"type-product","3":"status-publish","4":"has-post-thumbnail","6":"product_cat-medvilnes-patalynes-komplektas-200-220","7":"product_cat-medvilnine-patalyne","8":"product_cat-patalyne","9":"product_cat-patalynes-komplektai","10":"product_cat-satino-patalyne","11":"product_cat-satino-patalynes-komplektai","13":"first","14":"instock","15":"shipping-taxable","16":"purchasable","17":"product-type-simple"},"yoast_head":"<!-- This site is optimized with the Yoast SEO plugin v27.3 - https:\/\/yoast.com\/product\/yoast-seo-wordpress\/ -->\n<title>Satino patalyn\u0117s komplektas | Delhi | AZTEX<\/title>\n<meta name=\"description\" content=\"100% medviln\u0117s satino patalyn\u0117s komplektas su eleganti\u0161kais levand\u0173 ra\u0161tais suteikia j\u016bs\u0173 miegamajam gamtos \u012fkv\u0117ptos elegancijos. Jis u\u017etikrina patog\u0173 ....\" \/>\n<meta name=\"robots\" content=\"index, follow, max-snippet:-1, max-image-preview:large, max-video-preview:-1\" \/>\n<link rel=\"canonical\" href=\"https:\/\/aztex.ee\/lt\/pood\/patalyne\/satino-patalynes-komplektas-delhi\/\" \/>\n<meta property=\"og:locale\" content=\"lt_LT\" \/>\n<meta property=\"og:type\" content=\"article\" \/>\n<meta property=\"og:title\" content=\"Satino patalyn\u0117s komplektas | Delhi | AZTEX\" \/>\n<meta property=\"og:description\" content=\"100% medviln\u0117s satino patalyn\u0117s komplektas su eleganti\u0161kais levand\u0173 ra\u0161tais suteikia j\u016bs\u0173 miegamajam gamtos \u012fkv\u0117ptos elegancijos. Jis u\u017etikrina patog\u0173 ....\" \/>\n<meta property=\"og:url\" content=\"https:\/\/aztex.ee\/lt\/pood\/patalyne\/satino-patalynes-komplektas-delhi\/\" \/>\n<meta property=\"og:site_name\" content=\"AZTEX\" \/>\n<meta property=\"article:publisher\" content=\"https:\/\/www.facebook.com\/AztexEE\" \/>\n<meta property=\"article:modified_time\" content=\"2026-01-25T14:28:29+00:00\" \/>\n<meta property=\"og:image\" content=\"https:\/\/aztex.ee\/wp-content\/uploads\/2024\/09\/Satiinist-voodipesukomplekt-3-1.jpg\" \/>\n\t<meta property=\"og:image:width\" content=\"800\" \/>\n\t<meta property=\"og:image:height\" content=\"800\" \/>\n\t<meta property=\"og:image:type\" content=\"image\/jpeg\" \/>\n<meta name=\"twitter:card\" content=\"summary_large_image\" \/>\n<meta name=\"twitter:label1\" content=\"Est. reading time\" \/>\n\t<meta name=\"twitter:data1\" content=\"1 minut\u0117\" \/>\n<script type=\"application\/ld+json\" class=\"yoast-schema-graph\">{\"@context\":\"https:\\\/\\\/schema.org\",\"@graph\":[{\"@type\":[\"WebPage\",\"ItemPage\"],\"@id\":\"https:\\\/\\\/aztex.ee\\\/lt\\\/pood\\\/patalyne\\\/satino-patalynes-komplektas-delhi\\\/\",\"url\":\"https:\\\/\\\/aztex.ee\\\/lt\\\/pood\\\/patalyne\\\/satino-patalynes-komplektas-delhi\\\/\",\"name\":\"Satino patalyn\u0117s komplektas | Delhi | AZTEX\",\"isPartOf\":{\"@id\":\"https:\\\/\\\/aztex.ee\\\/lt\\\/#website\"},\"primaryImageOfPage\":{\"@id\":\"https:\\\/\\\/aztex.ee\\\/lt\\\/pood\\\/patalyne\\\/satino-patalynes-komplektas-delhi\\\/#primaryimage\"},\"image\":{\"@id\":\"https:\\\/\\\/aztex.ee\\\/lt\\\/pood\\\/patalyne\\\/satino-patalynes-komplektas-delhi\\\/#primaryimage\"},\"thumbnailUrl\":\"https:\\\/\\\/aztex.ee\\\/wp-content\\\/uploads\\\/2024\\\/09\\\/Satiinist-voodipesukomplekt-3-1.jpg\",\"datePublished\":\"2024-09-29T09:55:02+00:00\",\"dateModified\":\"2026-01-25T14:28:29+00:00\",\"description\":\"100% medviln\u0117s satino patalyn\u0117s komplektas su eleganti\u0161kais levand\u0173 ra\u0161tais suteikia j\u016bs\u0173 miegamajam gamtos \u012fkv\u0117ptos elegancijos. Jis u\u017etikrina patog\u0173 ....\",\"breadcrumb\":{\"@id\":\"https:\\\/\\\/aztex.ee\\\/lt\\\/pood\\\/patalyne\\\/satino-patalynes-komplektas-delhi\\\/#breadcrumb\"},\"inLanguage\":\"lt-LT\",\"potentialAction\":[{\"@type\":\"ReadAction\",\"target\":[\"https:\\\/\\\/aztex.ee\\\/lt\\\/pood\\\/patalyne\\\/satino-patalynes-komplektas-delhi\\\/\"]}]},{\"@type\":\"ImageObject\",\"inLanguage\":\"lt-LT\",\"@id\":\"https:\\\/\\\/aztex.ee\\\/lt\\\/pood\\\/patalyne\\\/satino-patalynes-komplektas-delhi\\\/#primaryimage\",\"url\":\"https:\\\/\\\/aztex.ee\\\/wp-content\\\/uploads\\\/2024\\\/09\\\/Satiinist-voodipesukomplekt-3-1.jpg\",\"contentUrl\":\"https:\\\/\\\/aztex.ee\\\/wp-content\\\/uploads\\\/2024\\\/09\\\/Satiinist-voodipesukomplekt-3-1.jpg\",\"width\":800,\"height\":800},{\"@type\":\"BreadcrumbList\",\"@id\":\"https:\\\/\\\/aztex.ee\\\/lt\\\/pood\\\/patalyne\\\/satino-patalynes-komplektas-delhi\\\/#breadcrumb\",\"itemListElement\":[{\"@type\":\"ListItem\",\"position\":1,\"name\":\"Prad\u017eia\",\"item\":\"https:\\\/\\\/aztex.ee\\\/lt\\\/\"},{\"@type\":\"ListItem\",\"position\":2,\"name\":\"Parduotuv\u0117\",\"item\":\"https:\\\/\\\/aztex.ee\\\/lt\\\/parduotuve\\\/\"},{\"@type\":\"ListItem\",\"position\":3,\"name\":\"Satino patalyn\u0117s komplektas | Delhi\"}]},{\"@type\":\"WebSite\",\"@id\":\"https:\\\/\\\/aztex.ee\\\/lt\\\/#website\",\"url\":\"https:\\\/\\\/aztex.ee\\\/lt\\\/\",\"name\":\"AZTEX\",\"description\":\"\",\"publisher\":{\"@id\":\"https:\\\/\\\/aztex.ee\\\/lt\\\/#organization\"},\"potentialAction\":[{\"@type\":\"SearchAction\",\"target\":{\"@type\":\"EntryPoint\",\"urlTemplate\":\"https:\\\/\\\/aztex.ee\\\/lt\\\/?s={search_term_string}\"},\"query-input\":{\"@type\":\"PropertyValueSpecification\",\"valueRequired\":true,\"valueName\":\"search_term_string\"}}],\"inLanguage\":\"lt-LT\"},{\"@type\":\"Organization\",\"@id\":\"https:\\\/\\\/aztex.ee\\\/lt\\\/#organization\",\"name\":\"AZTEX\",\"url\":\"https:\\\/\\\/aztex.ee\\\/lt\\\/\",\"logo\":{\"@type\":\"ImageObject\",\"inLanguage\":\"lt-LT\",\"@id\":\"https:\\\/\\\/aztex.ee\\\/lt\\\/#\\\/schema\\\/logo\\\/image\\\/\",\"url\":\"https:\\\/\\\/aztex.ee\\\/wp-content\\\/uploads\\\/2026\\\/01\\\/AZTEX.png\",\"contentUrl\":\"https:\\\/\\\/aztex.ee\\\/wp-content\\\/uploads\\\/2026\\\/01\\\/AZTEX.png\",\"width\":500,\"height\":500,\"caption\":\"AZTEX\"},\"image\":{\"@id\":\"https:\\\/\\\/aztex.ee\\\/lt\\\/#\\\/schema\\\/logo\\\/image\\\/\"},\"sameAs\":[\"https:\\\/\\\/www.facebook.com\\\/AztexEE\",\"https:\\\/\\\/www.instagram.com\\\/aztexeesti\\\/\",\"https:\\\/\\\/www.youtube.com\\\/@AZTEXEE\",\"https:\\\/\\\/www.pinterest.com\\\/aztex_eesti\\\/\",\"https:\\\/\\\/www.tiktok.com\\\/@aztexeesti\",\"https:\\\/\\\/www.trustpilot.com\\\/review\\\/aztex.ee\",\"https:\\\/\\\/www.linkedin.com\\\/company\\\/aztex-ee\\\/\",\"https:\\\/\\\/www.wikidata.org\\\/wiki\\\/Q137560182\"]}]}<\/script>\n<!-- \/ Yoast SEO plugin. -->","yoast_head_json":{"title":"Satino patalyn\u0117s komplektas | Delhi | AZTEX","description":"100% medviln\u0117s satino patalyn\u0117s komplektas su eleganti\u0161kais levand\u0173 ra\u0161tais suteikia j\u016bs\u0173 miegamajam gamtos \u012fkv\u0117ptos elegancijos. Jis u\u017etikrina patog\u0173 ....","robots":{"index":"index","follow":"follow","max-snippet":"max-snippet:-1","max-image-preview":"max-image-preview:large","max-video-preview":"max-video-preview:-1"},"canonical":"https:\/\/aztex.ee\/lt\/pood\/patalyne\/satino-patalynes-komplektas-delhi\/","og_locale":"lt_LT","og_type":"article","og_title":"Satino patalyn\u0117s komplektas | Delhi | AZTEX","og_description":"100% medviln\u0117s satino patalyn\u0117s komplektas su eleganti\u0161kais levand\u0173 ra\u0161tais suteikia j\u016bs\u0173 miegamajam gamtos \u012fkv\u0117ptos elegancijos. Jis u\u017etikrina patog\u0173 ....","og_url":"https:\/\/aztex.ee\/lt\/pood\/patalyne\/satino-patalynes-komplektas-delhi\/","og_site_name":"AZTEX","article_publisher":"https:\/\/www.facebook.com\/AztexEE","article_modified_time":"2026-01-25T14:28:29+00:00","og_image":[{"width":800,"height":800,"url":"https:\/\/aztex.ee\/wp-content\/uploads\/2024\/09\/Satiinist-voodipesukomplekt-3-1.jpg","type":"image\/jpeg"}],"twitter_card":"summary_large_image","twitter_misc":{"Est. reading time":"1 minut\u0117"},"schema":{"@context":"https:\/\/schema.org","@graph":[{"@type":["WebPage","ItemPage"],"@id":"https:\/\/aztex.ee\/lt\/pood\/patalyne\/satino-patalynes-komplektas-delhi\/","url":"https:\/\/aztex.ee\/lt\/pood\/patalyne\/satino-patalynes-komplektas-delhi\/","name":"Satino patalyn\u0117s komplektas | Delhi | AZTEX","isPartOf":{"@id":"https:\/\/aztex.ee\/lt\/#website"},"primaryImageOfPage":{"@id":"https:\/\/aztex.ee\/lt\/pood\/patalyne\/satino-patalynes-komplektas-delhi\/#primaryimage"},"image":{"@id":"https:\/\/aztex.ee\/lt\/pood\/patalyne\/satino-patalynes-komplektas-delhi\/#primaryimage"},"thumbnailUrl":"https:\/\/aztex.ee\/wp-content\/uploads\/2024\/09\/Satiinist-voodipesukomplekt-3-1.jpg","datePublished":"2024-09-29T09:55:02+00:00","dateModified":"2026-01-25T14:28:29+00:00","description":"100% medviln\u0117s satino patalyn\u0117s komplektas su eleganti\u0161kais levand\u0173 ra\u0161tais suteikia j\u016bs\u0173 miegamajam gamtos \u012fkv\u0117ptos elegancijos. Jis u\u017etikrina patog\u0173 ....","breadcrumb":{"@id":"https:\/\/aztex.ee\/lt\/pood\/patalyne\/satino-patalynes-komplektas-delhi\/#breadcrumb"},"inLanguage":"lt-LT","potentialAction":[{"@type":"ReadAction","target":["https:\/\/aztex.ee\/lt\/pood\/patalyne\/satino-patalynes-komplektas-delhi\/"]}]},{"@type":"ImageObject","inLanguage":"lt-LT","@id":"https:\/\/aztex.ee\/lt\/pood\/patalyne\/satino-patalynes-komplektas-delhi\/#primaryimage","url":"https:\/\/aztex.ee\/wp-content\/uploads\/2024\/09\/Satiinist-voodipesukomplekt-3-1.jpg","contentUrl":"https:\/\/aztex.ee\/wp-content\/uploads\/2024\/09\/Satiinist-voodipesukomplekt-3-1.jpg","width":800,"height":800},{"@type":"BreadcrumbList","@id":"https:\/\/aztex.ee\/lt\/pood\/patalyne\/satino-patalynes-komplektas-delhi\/#breadcrumb","itemListElement":[{"@type":"ListItem","position":1,"name":"Prad\u017eia","item":"https:\/\/aztex.ee\/lt\/"},{"@type":"ListItem","position":2,"name":"Parduotuv\u0117","item":"https:\/\/aztex.ee\/lt\/parduotuve\/"},{"@type":"ListItem","position":3,"name":"Satino patalyn\u0117s komplektas | Delhi"}]},{"@type":"WebSite","@id":"https:\/\/aztex.ee\/lt\/#website","url":"https:\/\/aztex.ee\/lt\/","name":"AZTEX","description":"","publisher":{"@id":"https:\/\/aztex.ee\/lt\/#organization"},"potentialAction":[{"@type":"SearchAction","target":{"@type":"EntryPoint","urlTemplate":"https:\/\/aztex.ee\/lt\/?s={search_term_string}"},"query-input":{"@type":"PropertyValueSpecification","valueRequired":true,"valueName":"search_term_string"}}],"inLanguage":"lt-LT"},{"@type":"Organization","@id":"https:\/\/aztex.ee\/lt\/#organization","name":"AZTEX","url":"https:\/\/aztex.ee\/lt\/","logo":{"@type":"ImageObject","inLanguage":"lt-LT","@id":"https:\/\/aztex.ee\/lt\/#\/schema\/logo\/image\/","url":"https:\/\/aztex.ee\/wp-content\/uploads\/2026\/01\/AZTEX.png","contentUrl":"https:\/\/aztex.ee\/wp-content\/uploads\/2026\/01\/AZTEX.png","width":500,"height":500,"caption":"AZTEX"},"image":{"@id":"https:\/\/aztex.ee\/lt\/#\/schema\/logo\/image\/"},"sameAs":["https:\/\/www.facebook.com\/AztexEE","https:\/\/www.instagram.com\/aztexeesti\/","https:\/\/www.youtube.com\/@AZTEXEE","https:\/\/www.pinterest.com\/aztex_eesti\/","https:\/\/www.tiktok.com\/@aztexeesti","https:\/\/www.trustpilot.com\/review\/aztex.ee","https:\/\/www.linkedin.com\/company\/aztex-ee\/","https:\/\/www.wikidata.org\/wiki\/Q137560182"]}]}},"_links":{"self":[{"href":"https:\/\/aztex.ee\/lt\/wp-json\/wp\/v2\/product\/25009","targetHints":{"allow":["GET"]}}],"collection":[{"href":"https:\/\/aztex.ee\/lt\/wp-json\/wp\/v2\/product"}],"about":[{"href":"https:\/\/aztex.ee\/lt\/wp-json\/wp\/v2\/types\/product"}],"replies":[{"embeddable":true,"href":"https:\/\/aztex.ee\/lt\/wp-json\/wp\/v2\/comments?post=25009"}],"version-history":[{"count":0,"href":"https:\/\/aztex.ee\/lt\/wp-json\/wp\/v2\/product\/25009\/revisions"}],"wp:featuredmedia":[{"embeddable":true,"href":"https:\/\/aztex.ee\/lt\/wp-json\/wp\/v2\/media\/25070"}],"wp:attachment":[{"href":"https:\/\/aztex.ee\/lt\/wp-json\/wp\/v2\/media?parent=25009"}],"wp:term":[{"taxonomy":"product_brand","embeddable":true,"href":"https:\/\/aztex.ee\/lt\/wp-json\/wp\/v2\/product_brand?post=25009"},{"taxonomy":"product_cat","embeddable":true,"href":"https:\/\/aztex.ee\/lt\/wp-json\/wp\/v2\/product_cat?post=25009"},{"taxonomy":"product_tag","embeddable":true,"href":"https:\/\/aztex.ee\/lt\/wp-json\/wp\/v2\/product_tag?post=25009"}],"curies":[{"name":"wp","href":"https:\/\/api.w.org\/{rel}","templated":true}]}}