{"id":21266,"date":"2024-09-15T09:16:08","date_gmt":"2024-09-15T09:16:08","guid":{"rendered":"https:\/\/aztex.ee\/?post_type=product&#038;p=21266"},"modified":"2026-01-10T18:46:04","modified_gmt":"2026-01-10T18:46:04","slug":"kanapiu-patalynes-komplektas-tamsiai-melyna","status":"publish","type":"product","link":"https:\/\/aztex.ee\/lt\/pood\/patalyne\/kanapiu-patalynes-komplektas-tamsiai-melyna\/","title":{"rendered":"Kanapi\u0173 patalyn\u0117s komplektas | Tamsiai m\u0117lyna"},"content":{"rendered":"<p>Kanapi\u0173 patalyn\u0117 yra ekologi\u0161kas ir patvarus pasirinkimas. Jis pagamintas i\u0161 nat\u016brali\u0173 kanapi\u0173 augal\u0173 pluo\u0161t\u0173, kurie turi \u012fvairi\u0173 privalum\u0173. Kanapi\u0173 pluo\u0161tas yra labai stiprus ir patvarus, tod\u0117l kanapi\u0173 antklod\u017ei\u0173 u\u017evalkalai tarnauja ilgiau nei dauguma kit\u0173 audini\u0173 ir su kiekvienu skalbimu tampa mink\u0161tesni bei patogesni.<\/p>\n<p>Kanap\u0117s pasi\u017eymi nat\u016braliomis antibakterin\u0117mis savyb\u0117mis, d\u0117l kuri\u0173 patalyn\u0117 yra higieni\u0161ka ir padeda suma\u017einti bakterij\u0173 ir alergen\u0173 kiek\u012f j\u016bs\u0173 patalyn\u0117je. \u0160i patalyn\u0117 puikiai tinka sergant alergijomis ar odos ligomis ir u\u017etikrina higieni\u0161kesn\u012f mieg\u0105. Kadangi kanap\u0117s laikomos hipoalergi\u0161ka med\u017eiaga, kanapi\u0173 patalyn\u0117 paprastai nesukelia alergini\u0173 reakcij\u0173.<\/p>\n<p>-Kanapi\u0173 patalyn\u0117s komplekt\u0105 lengva pri\u017ei\u016br\u0117ti, kanap\u0117s plaunamos ma\u0161inoje ir greitai d\u017ei\u016bsta.<br \/>\n-Kanapin\u0119 patalyn\u0119 geriausia skalbti \u0161iltame vandenyje, kad patalyn\u0117 ilgiau i\u0161likt\u0173 \u0161vie\u017eia ir gra\u017ei. Vandens temperat\u016bra turi b\u016bti 30-40 laipsni\u0173.<br \/>\n-Rekomenduojama d\u017eiovinti ma\u017eu grei\u010diu, kad audinys nesuply\u0161t\u0173.<br \/>\n-Nat\u016brali kanapi\u0173 i\u0161vaizda \u0161iek tiek susirauk\u0161l\u0117jusi. Ta\u010diau jei norite, kad paklod\u0117s b\u016bt\u0173 lygios, galite lyginti ant silpnos ugnies.<\/p>\n<p>Kanapi\u0173 patalyn\u0117s komplektai supakuoti \u012f mai\u0161el\u012f i\u0161 to paties audinio.<\/p>\n","protected":false},"excerpt":{"rendered":"<p>100% kanapi\u0173 patalyn\u0117s komplektas yra hipoalergi\u0161kas ir antibakterinis.<\/p>\n<p>Spalva: Tamsiai m\u0117lyna<br \/>\nMed\u017eiaga: 100% Kanap\u0117s, 180 g\/m2<br \/>\nAntklod\u0117s u\u017evalkalas: 200\u00d7220 cm<br \/>\nPagalv\u0117s u\u017evalkalas: 50\u00d770 cm (2 vnt.)<\/p>\n<p><img loading=\"lazy\" decoding=\"async\" class=\"alignnone size-full wp-image-20226\" src=\"https:\/\/aztex.ee\/wp-content\/uploads\/2024\/09\/oekotex100.png\" alt=\"\" width=\"204\" height=\"72\" srcset=\"https:\/\/aztex.ee\/wp-content\/uploads\/2024\/09\/oekotex100.png 204w, https:\/\/aztex.ee\/wp-content\/uploads\/2024\/09\/oekotex100-150x53.png 150w\" sizes=\"auto, (max-width: 204px) 100vw, 204px\" \/><img loading=\"lazy\" decoding=\"async\" class=\"alignnone wp-image-20896\" src=\"https:\/\/aztex.ee\/wp-content\/uploads\/2024\/09\/NATURALHEMP.png\" alt=\"\" width=\"79\" height=\"79\" srcset=\"https:\/\/aztex.ee\/wp-content\/uploads\/2024\/09\/NATURALHEMP.png 300w, https:\/\/aztex.ee\/wp-content\/uploads\/2024\/09\/NATURALHEMP-150x150.png 150w\" sizes=\"auto, (max-width: 79px) 100vw, 79px\" \/><\/p>\n","protected":false},"featured_media":21283,"comment_status":"open","ping_status":"closed","template":"","meta":[],"product_brand":[],"product_cat":[213,428,204,502],"product_tag":[],"class_list":{"0":"post-21266","1":"product","2":"type-product","3":"status-publish","4":"has-post-thumbnail","6":"product_cat-kanapiu-patalyne","7":"product_cat-kanapiu-patalynes-komplektai","8":"product_cat-patalyne","9":"product_cat-patalynes-komplektai","11":"first","12":"instock","13":"sale","14":"shipping-taxable","15":"purchasable","16":"product-type-simple"},"yoast_head":"<!-- This site is optimized with the Yoast SEO plugin v27.3 - https:\/\/yoast.com\/product\/yoast-seo-wordpress\/ -->\n<title>Kanapi\u0173 patalyn\u0117s komplektas | Tamsiai m\u0117lyna | AZTEX<\/title>\n<meta name=\"description\" content=\"Kanapi\u0173 patalyn\u0117 yra ekologi\u0161kas ir patvarus pasirinkimas. Jis pagamintas i\u0161 nat\u016brali\u0173 kanapi\u0173 augal\u0173 pluo\u0161t\u0173, kurie turi \u012fvairi\u0173 privalum\u0173....\" \/>\n<meta name=\"robots\" content=\"index, follow, max-snippet:-1, max-image-preview:large, max-video-preview:-1\" \/>\n<link rel=\"canonical\" href=\"https:\/\/aztex.ee\/lt\/pood\/patalyne\/kanapiu-patalynes-komplektas-tamsiai-melyna\/\" \/>\n<meta property=\"og:locale\" content=\"lt_LT\" \/>\n<meta property=\"og:type\" content=\"article\" \/>\n<meta property=\"og:title\" content=\"Kanapi\u0173 patalyn\u0117s komplektas | Tamsiai m\u0117lyna | AZTEX\" \/>\n<meta property=\"og:description\" content=\"Kanapi\u0173 patalyn\u0117 yra ekologi\u0161kas ir patvarus pasirinkimas. Jis pagamintas i\u0161 nat\u016brali\u0173 kanapi\u0173 augal\u0173 pluo\u0161t\u0173, kurie turi \u012fvairi\u0173 privalum\u0173....\" \/>\n<meta property=\"og:url\" content=\"https:\/\/aztex.ee\/lt\/pood\/patalyne\/kanapiu-patalynes-komplektas-tamsiai-melyna\/\" \/>\n<meta property=\"og:site_name\" content=\"AZTEX\" \/>\n<meta property=\"article:publisher\" content=\"https:\/\/www.facebook.com\/AztexEE\" \/>\n<meta property=\"article:modified_time\" content=\"2026-01-10T18:46:04+00:00\" \/>\n<meta property=\"og:image\" content=\"https:\/\/aztex.ee\/wp-content\/uploads\/2024\/09\/Kanepist-voodipesu-10.jpg\" \/>\n\t<meta property=\"og:image:width\" content=\"800\" \/>\n\t<meta property=\"og:image:height\" content=\"800\" \/>\n\t<meta property=\"og:image:type\" content=\"image\/jpeg\" \/>\n<meta name=\"twitter:card\" content=\"summary_large_image\" \/>\n<meta name=\"twitter:label1\" content=\"Est. reading time\" \/>\n\t<meta name=\"twitter:data1\" content=\"2 minut\u0117s\" \/>\n<script type=\"application\/ld+json\" class=\"yoast-schema-graph\">{\"@context\":\"https:\\\/\\\/schema.org\",\"@graph\":[{\"@type\":[\"WebPage\",\"ItemPage\"],\"@id\":\"https:\\\/\\\/aztex.ee\\\/lt\\\/pood\\\/patalyne\\\/kanapiu-patalynes-komplektas-tamsiai-melyna\\\/\",\"url\":\"https:\\\/\\\/aztex.ee\\\/lt\\\/pood\\\/patalyne\\\/kanapiu-patalynes-komplektas-tamsiai-melyna\\\/\",\"name\":\"Kanapi\u0173 patalyn\u0117s komplektas | Tamsiai m\u0117lyna | AZTEX\",\"isPartOf\":{\"@id\":\"https:\\\/\\\/aztex.ee\\\/lt\\\/#website\"},\"primaryImageOfPage\":{\"@id\":\"https:\\\/\\\/aztex.ee\\\/lt\\\/pood\\\/patalyne\\\/kanapiu-patalynes-komplektas-tamsiai-melyna\\\/#primaryimage\"},\"image\":{\"@id\":\"https:\\\/\\\/aztex.ee\\\/lt\\\/pood\\\/patalyne\\\/kanapiu-patalynes-komplektas-tamsiai-melyna\\\/#primaryimage\"},\"thumbnailUrl\":\"https:\\\/\\\/aztex.ee\\\/wp-content\\\/uploads\\\/2024\\\/09\\\/Kanepist-voodipesu-10.jpg\",\"datePublished\":\"2024-09-15T09:16:08+00:00\",\"dateModified\":\"2026-01-10T18:46:04+00:00\",\"description\":\"Kanapi\u0173 patalyn\u0117 yra ekologi\u0161kas ir patvarus pasirinkimas. Jis pagamintas i\u0161 nat\u016brali\u0173 kanapi\u0173 augal\u0173 pluo\u0161t\u0173, kurie turi \u012fvairi\u0173 privalum\u0173....\",\"breadcrumb\":{\"@id\":\"https:\\\/\\\/aztex.ee\\\/lt\\\/pood\\\/patalyne\\\/kanapiu-patalynes-komplektas-tamsiai-melyna\\\/#breadcrumb\"},\"inLanguage\":\"lt-LT\",\"potentialAction\":[{\"@type\":\"ReadAction\",\"target\":[\"https:\\\/\\\/aztex.ee\\\/lt\\\/pood\\\/patalyne\\\/kanapiu-patalynes-komplektas-tamsiai-melyna\\\/\"]}]},{\"@type\":\"ImageObject\",\"inLanguage\":\"lt-LT\",\"@id\":\"https:\\\/\\\/aztex.ee\\\/lt\\\/pood\\\/patalyne\\\/kanapiu-patalynes-komplektas-tamsiai-melyna\\\/#primaryimage\",\"url\":\"https:\\\/\\\/aztex.ee\\\/wp-content\\\/uploads\\\/2024\\\/09\\\/Kanepist-voodipesu-10.jpg\",\"contentUrl\":\"https:\\\/\\\/aztex.ee\\\/wp-content\\\/uploads\\\/2024\\\/09\\\/Kanepist-voodipesu-10.jpg\",\"width\":800,\"height\":800,\"caption\":\"Kanepist voodilina\"},{\"@type\":\"BreadcrumbList\",\"@id\":\"https:\\\/\\\/aztex.ee\\\/lt\\\/pood\\\/patalyne\\\/kanapiu-patalynes-komplektas-tamsiai-melyna\\\/#breadcrumb\",\"itemListElement\":[{\"@type\":\"ListItem\",\"position\":1,\"name\":\"Prad\u017eia\",\"item\":\"https:\\\/\\\/aztex.ee\\\/lt\\\/\"},{\"@type\":\"ListItem\",\"position\":2,\"name\":\"Parduotuv\u0117\",\"item\":\"https:\\\/\\\/aztex.ee\\\/lt\\\/parduotuve\\\/\"},{\"@type\":\"ListItem\",\"position\":3,\"name\":\"Kanapi\u0173 patalyn\u0117s komplektas | Tamsiai m\u0117lyna\"}]},{\"@type\":\"WebSite\",\"@id\":\"https:\\\/\\\/aztex.ee\\\/lt\\\/#website\",\"url\":\"https:\\\/\\\/aztex.ee\\\/lt\\\/\",\"name\":\"AZTEX\",\"description\":\"\",\"publisher\":{\"@id\":\"https:\\\/\\\/aztex.ee\\\/lt\\\/#organization\"},\"potentialAction\":[{\"@type\":\"SearchAction\",\"target\":{\"@type\":\"EntryPoint\",\"urlTemplate\":\"https:\\\/\\\/aztex.ee\\\/lt\\\/?s={search_term_string}\"},\"query-input\":{\"@type\":\"PropertyValueSpecification\",\"valueRequired\":true,\"valueName\":\"search_term_string\"}}],\"inLanguage\":\"lt-LT\"},{\"@type\":\"Organization\",\"@id\":\"https:\\\/\\\/aztex.ee\\\/lt\\\/#organization\",\"name\":\"AZTEX\",\"url\":\"https:\\\/\\\/aztex.ee\\\/lt\\\/\",\"logo\":{\"@type\":\"ImageObject\",\"inLanguage\":\"lt-LT\",\"@id\":\"https:\\\/\\\/aztex.ee\\\/lt\\\/#\\\/schema\\\/logo\\\/image\\\/\",\"url\":\"https:\\\/\\\/aztex.ee\\\/wp-content\\\/uploads\\\/2026\\\/01\\\/AZTEX.png\",\"contentUrl\":\"https:\\\/\\\/aztex.ee\\\/wp-content\\\/uploads\\\/2026\\\/01\\\/AZTEX.png\",\"width\":500,\"height\":500,\"caption\":\"AZTEX\"},\"image\":{\"@id\":\"https:\\\/\\\/aztex.ee\\\/lt\\\/#\\\/schema\\\/logo\\\/image\\\/\"},\"sameAs\":[\"https:\\\/\\\/www.facebook.com\\\/AztexEE\",\"https:\\\/\\\/www.instagram.com\\\/aztexeesti\\\/\",\"https:\\\/\\\/www.youtube.com\\\/@AZTEXEE\",\"https:\\\/\\\/www.pinterest.com\\\/aztex_eesti\\\/\",\"https:\\\/\\\/www.tiktok.com\\\/@aztexeesti\",\"https:\\\/\\\/www.trustpilot.com\\\/review\\\/aztex.ee\",\"https:\\\/\\\/www.linkedin.com\\\/company\\\/aztex-ee\\\/\",\"https:\\\/\\\/www.wikidata.org\\\/wiki\\\/Q137560182\"]}]}<\/script>\n<!-- \/ Yoast SEO plugin. -->","yoast_head_json":{"title":"Kanapi\u0173 patalyn\u0117s komplektas | Tamsiai m\u0117lyna | AZTEX","description":"Kanapi\u0173 patalyn\u0117 yra ekologi\u0161kas ir patvarus pasirinkimas. Jis pagamintas i\u0161 nat\u016brali\u0173 kanapi\u0173 augal\u0173 pluo\u0161t\u0173, kurie turi \u012fvairi\u0173 privalum\u0173....","robots":{"index":"index","follow":"follow","max-snippet":"max-snippet:-1","max-image-preview":"max-image-preview:large","max-video-preview":"max-video-preview:-1"},"canonical":"https:\/\/aztex.ee\/lt\/pood\/patalyne\/kanapiu-patalynes-komplektas-tamsiai-melyna\/","og_locale":"lt_LT","og_type":"article","og_title":"Kanapi\u0173 patalyn\u0117s komplektas | Tamsiai m\u0117lyna | AZTEX","og_description":"Kanapi\u0173 patalyn\u0117 yra ekologi\u0161kas ir patvarus pasirinkimas. Jis pagamintas i\u0161 nat\u016brali\u0173 kanapi\u0173 augal\u0173 pluo\u0161t\u0173, kurie turi \u012fvairi\u0173 privalum\u0173....","og_url":"https:\/\/aztex.ee\/lt\/pood\/patalyne\/kanapiu-patalynes-komplektas-tamsiai-melyna\/","og_site_name":"AZTEX","article_publisher":"https:\/\/www.facebook.com\/AztexEE","article_modified_time":"2026-01-10T18:46:04+00:00","og_image":[{"width":800,"height":800,"url":"https:\/\/aztex.ee\/wp-content\/uploads\/2024\/09\/Kanepist-voodipesu-10.jpg","type":"image\/jpeg"}],"twitter_card":"summary_large_image","twitter_misc":{"Est. reading time":"2 minut\u0117s"},"schema":{"@context":"https:\/\/schema.org","@graph":[{"@type":["WebPage","ItemPage"],"@id":"https:\/\/aztex.ee\/lt\/pood\/patalyne\/kanapiu-patalynes-komplektas-tamsiai-melyna\/","url":"https:\/\/aztex.ee\/lt\/pood\/patalyne\/kanapiu-patalynes-komplektas-tamsiai-melyna\/","name":"Kanapi\u0173 patalyn\u0117s komplektas | Tamsiai m\u0117lyna | AZTEX","isPartOf":{"@id":"https:\/\/aztex.ee\/lt\/#website"},"primaryImageOfPage":{"@id":"https:\/\/aztex.ee\/lt\/pood\/patalyne\/kanapiu-patalynes-komplektas-tamsiai-melyna\/#primaryimage"},"image":{"@id":"https:\/\/aztex.ee\/lt\/pood\/patalyne\/kanapiu-patalynes-komplektas-tamsiai-melyna\/#primaryimage"},"thumbnailUrl":"https:\/\/aztex.ee\/wp-content\/uploads\/2024\/09\/Kanepist-voodipesu-10.jpg","datePublished":"2024-09-15T09:16:08+00:00","dateModified":"2026-01-10T18:46:04+00:00","description":"Kanapi\u0173 patalyn\u0117 yra ekologi\u0161kas ir patvarus pasirinkimas. Jis pagamintas i\u0161 nat\u016brali\u0173 kanapi\u0173 augal\u0173 pluo\u0161t\u0173, kurie turi \u012fvairi\u0173 privalum\u0173....","breadcrumb":{"@id":"https:\/\/aztex.ee\/lt\/pood\/patalyne\/kanapiu-patalynes-komplektas-tamsiai-melyna\/#breadcrumb"},"inLanguage":"lt-LT","potentialAction":[{"@type":"ReadAction","target":["https:\/\/aztex.ee\/lt\/pood\/patalyne\/kanapiu-patalynes-komplektas-tamsiai-melyna\/"]}]},{"@type":"ImageObject","inLanguage":"lt-LT","@id":"https:\/\/aztex.ee\/lt\/pood\/patalyne\/kanapiu-patalynes-komplektas-tamsiai-melyna\/#primaryimage","url":"https:\/\/aztex.ee\/wp-content\/uploads\/2024\/09\/Kanepist-voodipesu-10.jpg","contentUrl":"https:\/\/aztex.ee\/wp-content\/uploads\/2024\/09\/Kanepist-voodipesu-10.jpg","width":800,"height":800,"caption":"Kanepist voodilina"},{"@type":"BreadcrumbList","@id":"https:\/\/aztex.ee\/lt\/pood\/patalyne\/kanapiu-patalynes-komplektas-tamsiai-melyna\/#breadcrumb","itemListElement":[{"@type":"ListItem","position":1,"name":"Prad\u017eia","item":"https:\/\/aztex.ee\/lt\/"},{"@type":"ListItem","position":2,"name":"Parduotuv\u0117","item":"https:\/\/aztex.ee\/lt\/parduotuve\/"},{"@type":"ListItem","position":3,"name":"Kanapi\u0173 patalyn\u0117s komplektas | Tamsiai m\u0117lyna"}]},{"@type":"WebSite","@id":"https:\/\/aztex.ee\/lt\/#website","url":"https:\/\/aztex.ee\/lt\/","name":"AZTEX","description":"","publisher":{"@id":"https:\/\/aztex.ee\/lt\/#organization"},"potentialAction":[{"@type":"SearchAction","target":{"@type":"EntryPoint","urlTemplate":"https:\/\/aztex.ee\/lt\/?s={search_term_string}"},"query-input":{"@type":"PropertyValueSpecification","valueRequired":true,"valueName":"search_term_string"}}],"inLanguage":"lt-LT"},{"@type":"Organization","@id":"https:\/\/aztex.ee\/lt\/#organization","name":"AZTEX","url":"https:\/\/aztex.ee\/lt\/","logo":{"@type":"ImageObject","inLanguage":"lt-LT","@id":"https:\/\/aztex.ee\/lt\/#\/schema\/logo\/image\/","url":"https:\/\/aztex.ee\/wp-content\/uploads\/2026\/01\/AZTEX.png","contentUrl":"https:\/\/aztex.ee\/wp-content\/uploads\/2026\/01\/AZTEX.png","width":500,"height":500,"caption":"AZTEX"},"image":{"@id":"https:\/\/aztex.ee\/lt\/#\/schema\/logo\/image\/"},"sameAs":["https:\/\/www.facebook.com\/AztexEE","https:\/\/www.instagram.com\/aztexeesti\/","https:\/\/www.youtube.com\/@AZTEXEE","https:\/\/www.pinterest.com\/aztex_eesti\/","https:\/\/www.tiktok.com\/@aztexeesti","https:\/\/www.trustpilot.com\/review\/aztex.ee","https:\/\/www.linkedin.com\/company\/aztex-ee\/","https:\/\/www.wikidata.org\/wiki\/Q137560182"]}]}},"_links":{"self":[{"href":"https:\/\/aztex.ee\/lt\/wp-json\/wp\/v2\/product\/21266","targetHints":{"allow":["GET"]}}],"collection":[{"href":"https:\/\/aztex.ee\/lt\/wp-json\/wp\/v2\/product"}],"about":[{"href":"https:\/\/aztex.ee\/lt\/wp-json\/wp\/v2\/types\/product"}],"replies":[{"embeddable":true,"href":"https:\/\/aztex.ee\/lt\/wp-json\/wp\/v2\/comments?post=21266"}],"version-history":[{"count":0,"href":"https:\/\/aztex.ee\/lt\/wp-json\/wp\/v2\/product\/21266\/revisions"}],"wp:featuredmedia":[{"embeddable":true,"href":"https:\/\/aztex.ee\/lt\/wp-json\/wp\/v2\/media\/21283"}],"wp:attachment":[{"href":"https:\/\/aztex.ee\/lt\/wp-json\/wp\/v2\/media?parent=21266"}],"wp:term":[{"taxonomy":"product_brand","embeddable":true,"href":"https:\/\/aztex.ee\/lt\/wp-json\/wp\/v2\/product_brand?post=21266"},{"taxonomy":"product_cat","embeddable":true,"href":"https:\/\/aztex.ee\/lt\/wp-json\/wp\/v2\/product_cat?post=21266"},{"taxonomy":"product_tag","embeddable":true,"href":"https:\/\/aztex.ee\/lt\/wp-json\/wp\/v2\/product_tag?post=21266"}],"curies":[{"name":"wp","href":"https:\/\/api.w.org\/{rel}","templated":true}]}}