{"id":108347,"date":"2026-03-26T14:45:41","date_gmt":"2026-03-26T14:45:41","guid":{"rendered":"https:\/\/aztex.ee\/?post_type=product&#038;p=108347"},"modified":"2026-03-26T15:37:03","modified_gmt":"2026-03-26T15:37:03","slug":"bambuko-paklode-pilkai-ruda","status":"publish","type":"product","link":"https:\/\/aztex.ee\/lt\/pood\/bambuko-paklodes\/bambuko-paklode-pilkai-ruda\/","title":{"rendered":"Bambuko paklod\u0117 \u2013 Pilkai ruda"},"content":{"rendered":"<p>Bambukas yra nat\u016braliai mink\u0161tas, pralaidus orui ir patvarus, tod\u0117l idealiai tinka nam\u0173 tekstil\u0117s gaminiams. Bambuko pluo\u0161tai yra \u0161ilko glotnumo ir \u0161velniai guli ant odos, suteikdami prabang\u0173 komfort\u0105 kasdieniniam naudojimui. Be to, \u0161i med\u017eiaga puikiai sugeria dr\u0117gm\u0119, padeda i\u0161laikyti od\u0105 saus\u0105 ir u\u017etikrina gaivumo poj\u016bt\u012f vis\u0105 nakt\u012f.<\/p>\n<p>Viena i\u0161 ypating\u0173 bambuko savybi\u0173 yra nat\u016bralios antibakterin\u0117s ir hipoalergin\u0117s savyb\u0117s. Tai padeda suma\u017einti nemaloni\u0173 kvap\u0173 ir bakterij\u0173 plitim\u0105, tod\u0117l gaminiai i\u0161 bambuko ypa\u010d tinka jautri\u0105 od\u0105 turintiems \u017emon\u0117ms. Be to, bambuko pluo\u0161tai gali reguliuoti temperat\u016br\u0105, suteikdami v\u0117s\u0105 vasar\u0105 ir \u0161ilum\u0105 \u017eiem\u0105.<\/p>\n<p>Bambukas taip pat yra tvari med\u017eiaga, kuri greitai auga ir kuriai augti reikia \u017eymiai ma\u017eiau vandens nei daugeliui kit\u0173 pluo\u0161t\u0173. D\u0117l to bambuko tekstil\u0117 yra ekologi\u0161kas pasirinkimas, kuriame artimas gamtai gyvenimo b\u016bdas derinamas su auk\u0161\u010diausios kokyb\u0117s komfortu.<\/p>\n","protected":false},"excerpt":{"rendered":"<p>Bambuko paklod\u0117s u\u017etikrina gaiv\u0173 mieg\u0105, yra antibakterin\u0117s ir \u0161velnios.<\/p>\n<ul>\n<li>Spalva: Pilkai ruda<\/li>\n<li>Med\u017eiaga: 100% bambukas<\/li>\n<li>Si\u016blas: 300 TC<\/li>\n<li>Dydis: 220&#215;240 cm \u00b13<\/li>\n<\/ul>\n<p><img loading=\"lazy\" decoding=\"async\" class=\"alignnone wp-image-20226\" src=\"https:\/\/aztex.ee\/wp-content\/uploads\/2024\/09\/oekotex100.png\" alt=\"\" width=\"196\" height=\"69\" srcset=\"https:\/\/aztex.ee\/wp-content\/uploads\/2024\/09\/oekotex100.png 204w, https:\/\/aztex.ee\/wp-content\/uploads\/2024\/09\/oekotex100-150x53.png 150w\" sizes=\"auto, (max-width: 196px) 100vw, 196px\" \/><img loading=\"lazy\" decoding=\"async\" class=\"alignnone wp-image-20260\" src=\"https:\/\/aztex.ee\/wp-content\/uploads\/2024\/09\/bambuuss.png\" alt=\"\" width=\"75\" height=\"75\" srcset=\"https:\/\/aztex.ee\/wp-content\/uploads\/2024\/09\/bambuuss.png 204w, https:\/\/aztex.ee\/wp-content\/uploads\/2024\/09\/bambuuss-150x150.png 150w\" sizes=\"auto, (max-width: 75px) 100vw, 75px\" \/><\/p>\n","protected":false},"featured_media":108368,"comment_status":"open","ping_status":"closed","template":"","meta":[],"product_brand":[],"product_cat":[542,1802],"product_tag":[],"class_list":{"0":"post-108347","1":"product","2":"type-product","3":"status-publish","4":"has-post-thumbnail","6":"product_cat-bambuko-paklodes","7":"product_cat-paklodes","9":"first","10":"instock","11":"shipping-taxable","12":"purchasable","13":"product-type-simple"},"yoast_head":"<!-- This site is optimized with the Yoast SEO plugin v27.6 - https:\/\/yoast.com\/product\/yoast-seo-wordpress\/ -->\n<title>Organin\u0117s bambuko paklod\u0117s \u2013 Pilkai ruda | AZTEX<\/title>\n<meta name=\"description\" content=\"Organin\u0117 bambuko paklod\u0117 yra prabangiai mink\u0161ta, nat\u016brali ir kv\u0117puojanti. Ji padeda palaikyti k\u016bno temperat\u016bros balans\u0105 miego metu ir suteikia lovai eleganti\u0161k\u0105 bei stiling\u0105 i\u0161vaizd\u0105.\" \/>\n<meta name=\"robots\" content=\"index, follow, max-snippet:-1, max-image-preview:large, max-video-preview:-1\" \/>\n<link rel=\"canonical\" href=\"https:\/\/aztex.ee\/lt\/pood\/bambuko-paklodes\/bambuko-paklode-pilkai-ruda\/\" \/>\n<meta property=\"og:locale\" content=\"lt_LT\" \/>\n<meta property=\"og:type\" content=\"article\" \/>\n<meta property=\"og:title\" content=\"Organin\u0117s bambuko paklod\u0117s \u2013 Pilkai ruda | AZTEX\" \/>\n<meta property=\"og:description\" content=\"Organin\u0117 bambuko paklod\u0117 yra prabangiai mink\u0161ta, nat\u016brali ir kv\u0117puojanti. Ji padeda palaikyti k\u016bno temperat\u016bros balans\u0105 miego metu ir suteikia lovai eleganti\u0161k\u0105 bei stiling\u0105 i\u0161vaizd\u0105.\" \/>\n<meta property=\"og:url\" content=\"https:\/\/aztex.ee\/lt\/pood\/bambuko-paklodes\/bambuko-paklode-pilkai-ruda\/\" \/>\n<meta property=\"og:site_name\" content=\"AZTEX\" \/>\n<meta property=\"article:publisher\" content=\"https:\/\/www.facebook.com\/AztexEE\" \/>\n<meta property=\"article:modified_time\" content=\"2026-03-26T15:37:03+00:00\" \/>\n<meta property=\"og:image\" content=\"https:\/\/aztex.ee\/wp-content\/uploads\/2026\/03\/Orgaaniline-bambusest-voodilina.jpg\" \/>\n\t<meta property=\"og:image:width\" content=\"800\" \/>\n\t<meta property=\"og:image:height\" content=\"800\" \/>\n\t<meta property=\"og:image:type\" content=\"image\/jpeg\" \/>\n<meta name=\"twitter:card\" content=\"summary_large_image\" \/>\n<meta name=\"twitter:label1\" content=\"Est. reading time\" \/>\n\t<meta name=\"twitter:data1\" content=\"1 minut\u0117\" \/>\n<script type=\"application\/ld+json\" class=\"yoast-schema-graph\">{\"@context\":\"https:\\\/\\\/schema.org\",\"@graph\":[{\"@type\":[\"WebPage\",\"ItemPage\"],\"@id\":\"https:\\\/\\\/aztex.ee\\\/lt\\\/pood\\\/bambuko-paklodes\\\/bambuko-paklode-pilkai-ruda\\\/\",\"url\":\"https:\\\/\\\/aztex.ee\\\/lt\\\/pood\\\/bambuko-paklodes\\\/bambuko-paklode-pilkai-ruda\\\/\",\"name\":\"Organin\u0117s bambuko paklod\u0117s \u2013 Pilkai ruda | AZTEX\",\"isPartOf\":{\"@id\":\"https:\\\/\\\/aztex.ee\\\/lt\\\/#website\"},\"primaryImageOfPage\":{\"@id\":\"https:\\\/\\\/aztex.ee\\\/lt\\\/pood\\\/bambuko-paklodes\\\/bambuko-paklode-pilkai-ruda\\\/#primaryimage\"},\"image\":{\"@id\":\"https:\\\/\\\/aztex.ee\\\/lt\\\/pood\\\/bambuko-paklodes\\\/bambuko-paklode-pilkai-ruda\\\/#primaryimage\"},\"thumbnailUrl\":\"https:\\\/\\\/aztex.ee\\\/wp-content\\\/uploads\\\/2026\\\/03\\\/Orgaaniline-bambusest-voodilina.jpg\",\"datePublished\":\"2026-03-26T14:45:41+00:00\",\"dateModified\":\"2026-03-26T15:37:03+00:00\",\"description\":\"Organin\u0117 bambuko paklod\u0117 yra prabangiai mink\u0161ta, nat\u016brali ir kv\u0117puojanti. Ji padeda palaikyti k\u016bno temperat\u016bros balans\u0105 miego metu ir suteikia lovai eleganti\u0161k\u0105 bei stiling\u0105 i\u0161vaizd\u0105.\",\"breadcrumb\":{\"@id\":\"https:\\\/\\\/aztex.ee\\\/lt\\\/pood\\\/bambuko-paklodes\\\/bambuko-paklode-pilkai-ruda\\\/#breadcrumb\"},\"inLanguage\":\"lt-LT\",\"potentialAction\":[{\"@type\":\"ReadAction\",\"target\":[\"https:\\\/\\\/aztex.ee\\\/lt\\\/pood\\\/bambuko-paklodes\\\/bambuko-paklode-pilkai-ruda\\\/\"]}]},{\"@type\":\"ImageObject\",\"inLanguage\":\"lt-LT\",\"@id\":\"https:\\\/\\\/aztex.ee\\\/lt\\\/pood\\\/bambuko-paklodes\\\/bambuko-paklode-pilkai-ruda\\\/#primaryimage\",\"url\":\"https:\\\/\\\/aztex.ee\\\/wp-content\\\/uploads\\\/2026\\\/03\\\/Orgaaniline-bambusest-voodilina.jpg\",\"contentUrl\":\"https:\\\/\\\/aztex.ee\\\/wp-content\\\/uploads\\\/2026\\\/03\\\/Orgaaniline-bambusest-voodilina.jpg\",\"width\":800,\"height\":800,\"caption\":\"Orgaaniline bambusest voodilina\"},{\"@type\":\"BreadcrumbList\",\"@id\":\"https:\\\/\\\/aztex.ee\\\/lt\\\/pood\\\/bambuko-paklodes\\\/bambuko-paklode-pilkai-ruda\\\/#breadcrumb\",\"itemListElement\":[{\"@type\":\"ListItem\",\"position\":1,\"name\":\"Prad\u017eia\",\"item\":\"https:\\\/\\\/aztex.ee\\\/lt\\\/\"},{\"@type\":\"ListItem\",\"position\":2,\"name\":\"Parduotuv\u0117\",\"item\":\"https:\\\/\\\/aztex.ee\\\/lt\\\/parduotuve\\\/\"},{\"@type\":\"ListItem\",\"position\":3,\"name\":\"Bambuko paklod\u0117 \u2013 Pilkai ruda\"}]},{\"@type\":\"WebSite\",\"@id\":\"https:\\\/\\\/aztex.ee\\\/lt\\\/#website\",\"url\":\"https:\\\/\\\/aztex.ee\\\/lt\\\/\",\"name\":\"AZTEX\",\"description\":\"\",\"publisher\":{\"@id\":\"https:\\\/\\\/aztex.ee\\\/lt\\\/#organization\"},\"potentialAction\":[{\"@type\":\"SearchAction\",\"target\":{\"@type\":\"EntryPoint\",\"urlTemplate\":\"https:\\\/\\\/aztex.ee\\\/lt\\\/?s={search_term_string}\"},\"query-input\":{\"@type\":\"PropertyValueSpecification\",\"valueRequired\":true,\"valueName\":\"search_term_string\"}}],\"inLanguage\":\"lt-LT\"},{\"@type\":\"Organization\",\"@id\":\"https:\\\/\\\/aztex.ee\\\/lt\\\/#organization\",\"name\":\"AZTEX\",\"url\":\"https:\\\/\\\/aztex.ee\\\/lt\\\/\",\"logo\":{\"@type\":\"ImageObject\",\"inLanguage\":\"lt-LT\",\"@id\":\"https:\\\/\\\/aztex.ee\\\/lt\\\/#\\\/schema\\\/logo\\\/image\\\/\",\"url\":\"https:\\\/\\\/aztex.ee\\\/wp-content\\\/uploads\\\/2026\\\/01\\\/AZTEX.png\",\"contentUrl\":\"https:\\\/\\\/aztex.ee\\\/wp-content\\\/uploads\\\/2026\\\/01\\\/AZTEX.png\",\"width\":500,\"height\":500,\"caption\":\"AZTEX\"},\"image\":{\"@id\":\"https:\\\/\\\/aztex.ee\\\/lt\\\/#\\\/schema\\\/logo\\\/image\\\/\"},\"sameAs\":[\"https:\\\/\\\/www.facebook.com\\\/AztexEE\",\"https:\\\/\\\/www.instagram.com\\\/aztexeesti\\\/\",\"https:\\\/\\\/www.youtube.com\\\/@AZTEXEE\",\"https:\\\/\\\/www.pinterest.com\\\/aztex_eesti\\\/\",\"https:\\\/\\\/www.tiktok.com\\\/@aztexeesti\",\"https:\\\/\\\/www.trustpilot.com\\\/review\\\/aztex.ee\",\"https:\\\/\\\/www.linkedin.com\\\/company\\\/aztex-ee\\\/\",\"https:\\\/\\\/www.wikidata.org\\\/wiki\\\/Q137560182\"]}]}<\/script>\n<!-- \/ Yoast SEO plugin. -->","yoast_head_json":{"title":"Organin\u0117s bambuko paklod\u0117s \u2013 Pilkai ruda | AZTEX","description":"Organin\u0117 bambuko paklod\u0117 yra prabangiai mink\u0161ta, nat\u016brali ir kv\u0117puojanti. Ji padeda palaikyti k\u016bno temperat\u016bros balans\u0105 miego metu ir suteikia lovai eleganti\u0161k\u0105 bei stiling\u0105 i\u0161vaizd\u0105.","robots":{"index":"index","follow":"follow","max-snippet":"max-snippet:-1","max-image-preview":"max-image-preview:large","max-video-preview":"max-video-preview:-1"},"canonical":"https:\/\/aztex.ee\/lt\/pood\/bambuko-paklodes\/bambuko-paklode-pilkai-ruda\/","og_locale":"lt_LT","og_type":"article","og_title":"Organin\u0117s bambuko paklod\u0117s \u2013 Pilkai ruda | AZTEX","og_description":"Organin\u0117 bambuko paklod\u0117 yra prabangiai mink\u0161ta, nat\u016brali ir kv\u0117puojanti. Ji padeda palaikyti k\u016bno temperat\u016bros balans\u0105 miego metu ir suteikia lovai eleganti\u0161k\u0105 bei stiling\u0105 i\u0161vaizd\u0105.","og_url":"https:\/\/aztex.ee\/lt\/pood\/bambuko-paklodes\/bambuko-paklode-pilkai-ruda\/","og_site_name":"AZTEX","article_publisher":"https:\/\/www.facebook.com\/AztexEE","article_modified_time":"2026-03-26T15:37:03+00:00","og_image":[{"width":800,"height":800,"url":"https:\/\/aztex.ee\/wp-content\/uploads\/2026\/03\/Orgaaniline-bambusest-voodilina.jpg","type":"image\/jpeg"}],"twitter_card":"summary_large_image","twitter_misc":{"Est. reading time":"1 minut\u0117"},"schema":{"@context":"https:\/\/schema.org","@graph":[{"@type":["WebPage","ItemPage"],"@id":"https:\/\/aztex.ee\/lt\/pood\/bambuko-paklodes\/bambuko-paklode-pilkai-ruda\/","url":"https:\/\/aztex.ee\/lt\/pood\/bambuko-paklodes\/bambuko-paklode-pilkai-ruda\/","name":"Organin\u0117s bambuko paklod\u0117s \u2013 Pilkai ruda | AZTEX","isPartOf":{"@id":"https:\/\/aztex.ee\/lt\/#website"},"primaryImageOfPage":{"@id":"https:\/\/aztex.ee\/lt\/pood\/bambuko-paklodes\/bambuko-paklode-pilkai-ruda\/#primaryimage"},"image":{"@id":"https:\/\/aztex.ee\/lt\/pood\/bambuko-paklodes\/bambuko-paklode-pilkai-ruda\/#primaryimage"},"thumbnailUrl":"https:\/\/aztex.ee\/wp-content\/uploads\/2026\/03\/Orgaaniline-bambusest-voodilina.jpg","datePublished":"2026-03-26T14:45:41+00:00","dateModified":"2026-03-26T15:37:03+00:00","description":"Organin\u0117 bambuko paklod\u0117 yra prabangiai mink\u0161ta, nat\u016brali ir kv\u0117puojanti. Ji padeda palaikyti k\u016bno temperat\u016bros balans\u0105 miego metu ir suteikia lovai eleganti\u0161k\u0105 bei stiling\u0105 i\u0161vaizd\u0105.","breadcrumb":{"@id":"https:\/\/aztex.ee\/lt\/pood\/bambuko-paklodes\/bambuko-paklode-pilkai-ruda\/#breadcrumb"},"inLanguage":"lt-LT","potentialAction":[{"@type":"ReadAction","target":["https:\/\/aztex.ee\/lt\/pood\/bambuko-paklodes\/bambuko-paklode-pilkai-ruda\/"]}]},{"@type":"ImageObject","inLanguage":"lt-LT","@id":"https:\/\/aztex.ee\/lt\/pood\/bambuko-paklodes\/bambuko-paklode-pilkai-ruda\/#primaryimage","url":"https:\/\/aztex.ee\/wp-content\/uploads\/2026\/03\/Orgaaniline-bambusest-voodilina.jpg","contentUrl":"https:\/\/aztex.ee\/wp-content\/uploads\/2026\/03\/Orgaaniline-bambusest-voodilina.jpg","width":800,"height":800,"caption":"Orgaaniline bambusest voodilina"},{"@type":"BreadcrumbList","@id":"https:\/\/aztex.ee\/lt\/pood\/bambuko-paklodes\/bambuko-paklode-pilkai-ruda\/#breadcrumb","itemListElement":[{"@type":"ListItem","position":1,"name":"Prad\u017eia","item":"https:\/\/aztex.ee\/lt\/"},{"@type":"ListItem","position":2,"name":"Parduotuv\u0117","item":"https:\/\/aztex.ee\/lt\/parduotuve\/"},{"@type":"ListItem","position":3,"name":"Bambuko paklod\u0117 \u2013 Pilkai ruda"}]},{"@type":"WebSite","@id":"https:\/\/aztex.ee\/lt\/#website","url":"https:\/\/aztex.ee\/lt\/","name":"AZTEX","description":"","publisher":{"@id":"https:\/\/aztex.ee\/lt\/#organization"},"potentialAction":[{"@type":"SearchAction","target":{"@type":"EntryPoint","urlTemplate":"https:\/\/aztex.ee\/lt\/?s={search_term_string}"},"query-input":{"@type":"PropertyValueSpecification","valueRequired":true,"valueName":"search_term_string"}}],"inLanguage":"lt-LT"},{"@type":"Organization","@id":"https:\/\/aztex.ee\/lt\/#organization","name":"AZTEX","url":"https:\/\/aztex.ee\/lt\/","logo":{"@type":"ImageObject","inLanguage":"lt-LT","@id":"https:\/\/aztex.ee\/lt\/#\/schema\/logo\/image\/","url":"https:\/\/aztex.ee\/wp-content\/uploads\/2026\/01\/AZTEX.png","contentUrl":"https:\/\/aztex.ee\/wp-content\/uploads\/2026\/01\/AZTEX.png","width":500,"height":500,"caption":"AZTEX"},"image":{"@id":"https:\/\/aztex.ee\/lt\/#\/schema\/logo\/image\/"},"sameAs":["https:\/\/www.facebook.com\/AztexEE","https:\/\/www.instagram.com\/aztexeesti\/","https:\/\/www.youtube.com\/@AZTEXEE","https:\/\/www.pinterest.com\/aztex_eesti\/","https:\/\/www.tiktok.com\/@aztexeesti","https:\/\/www.trustpilot.com\/review\/aztex.ee","https:\/\/www.linkedin.com\/company\/aztex-ee\/","https:\/\/www.wikidata.org\/wiki\/Q137560182"]}]}},"_links":{"self":[{"href":"https:\/\/aztex.ee\/lt\/wp-json\/wp\/v2\/product\/108347","targetHints":{"allow":["GET"]}}],"collection":[{"href":"https:\/\/aztex.ee\/lt\/wp-json\/wp\/v2\/product"}],"about":[{"href":"https:\/\/aztex.ee\/lt\/wp-json\/wp\/v2\/types\/product"}],"replies":[{"embeddable":true,"href":"https:\/\/aztex.ee\/lt\/wp-json\/wp\/v2\/comments?post=108347"}],"version-history":[{"count":2,"href":"https:\/\/aztex.ee\/lt\/wp-json\/wp\/v2\/product\/108347\/revisions"}],"predecessor-version":[{"id":108445,"href":"https:\/\/aztex.ee\/lt\/wp-json\/wp\/v2\/product\/108347\/revisions\/108445"}],"wp:featuredmedia":[{"embeddable":true,"href":"https:\/\/aztex.ee\/lt\/wp-json\/wp\/v2\/media\/108368"}],"wp:attachment":[{"href":"https:\/\/aztex.ee\/lt\/wp-json\/wp\/v2\/media?parent=108347"}],"wp:term":[{"taxonomy":"product_brand","embeddable":true,"href":"https:\/\/aztex.ee\/lt\/wp-json\/wp\/v2\/product_brand?post=108347"},{"taxonomy":"product_cat","embeddable":true,"href":"https:\/\/aztex.ee\/lt\/wp-json\/wp\/v2\/product_cat?post=108347"},{"taxonomy":"product_tag","embeddable":true,"href":"https:\/\/aztex.ee\/lt\/wp-json\/wp\/v2\/product_tag?post=108347"}],"curies":[{"name":"wp","href":"https:\/\/api.w.org\/{rel}","templated":true}]}}