{"id":94005,"date":"2025-09-06T05:46:58","date_gmt":"2025-09-06T05:46:58","guid":{"rendered":"https:\/\/aztex.ee\/klientu-atsiliepimai\/"},"modified":"2025-09-06T07:17:00","modified_gmt":"2025-09-06T07:17:00","slug":"klientu-atsiliepimai","status":"publish","type":"page","link":"https:\/\/aztex.ee\/lt\/klientu-atsiliepimai\/","title":{"rendered":"Klient\u0173 atsiliepimai"},"content":{"rendered":"\n<div data-block-name=\"woocommerce\/all-reviews\" class=\"wp-block-woocommerce-all-reviews wc-block-all-reviews has-image has-name has-date has-rating has-content has-product-name\" data-image-type=\"product\" data-orderby=\"most-recent\" data-reviews-on-page-load=\"15\" data-reviews-on-load-more=\"10\" data-show-load-more=\"true\" data-show-orderby=\"true\"><\/div>\n","protected":false},"excerpt":{"rendered":"","protected":false},"author":1,"featured_media":0,"parent":0,"menu_order":0,"comment_status":"closed","ping_status":"closed","template":"","meta":{"footnotes":""},"class_list":["post-94005","page","type-page","status-publish","hentry"],"yoast_head":"<!-- This site is optimized with the Yoast SEO plugin v27.4 - https:\/\/yoast.com\/product\/yoast-seo-wordpress\/ -->\n<title>Kaip klientai vertina AZTEX<\/title>\n<meta name=\"description\" content=\"AZTEX klient\u0173 \u012fvertinimai ir atsiliepimai \u2013 su\u017einokite, k\u0105 kiti mano apie m\u016bs\u0173 produktus, ir raskite patikim\u0173 atsiliepim\u0173.\" \/>\n<meta name=\"robots\" content=\"index, follow, max-snippet:-1, max-image-preview:large, max-video-preview:-1\" \/>\n<link rel=\"canonical\" href=\"https:\/\/aztex.ee\/lt\/klientu-atsiliepimai\/\" \/>\n<meta property=\"og:locale\" content=\"lt_LT\" \/>\n<meta property=\"og:type\" content=\"article\" \/>\n<meta property=\"og:title\" content=\"Kaip klientai vertina AZTEX\" \/>\n<meta property=\"og:description\" content=\"AZTEX klient\u0173 \u012fvertinimai ir atsiliepimai \u2013 su\u017einokite, k\u0105 kiti mano apie m\u016bs\u0173 produktus, ir raskite patikim\u0173 atsiliepim\u0173.\" \/>\n<meta property=\"og:url\" content=\"https:\/\/aztex.ee\/lt\/klientu-atsiliepimai\/\" \/>\n<meta property=\"og:site_name\" content=\"AZTEX\" \/>\n<meta property=\"article:publisher\" content=\"https:\/\/www.facebook.com\/AztexEE\" \/>\n<meta property=\"article:modified_time\" content=\"2025-09-06T07:17:00+00:00\" \/>\n<meta name=\"twitter:card\" content=\"summary_large_image\" \/>\n<script type=\"application\/ld+json\" class=\"yoast-schema-graph\">{\"@context\":\"https:\\\/\\\/schema.org\",\"@graph\":[{\"@type\":\"WebPage\",\"@id\":\"https:\\\/\\\/aztex.ee\\\/lt\\\/klientu-atsiliepimai\\\/\",\"url\":\"https:\\\/\\\/aztex.ee\\\/lt\\\/klientu-atsiliepimai\\\/\",\"name\":\"Kaip klientai vertina AZTEX\",\"isPartOf\":{\"@id\":\"https:\\\/\\\/aztex.ee\\\/lt\\\/#website\"},\"datePublished\":\"2025-09-06T05:46:58+00:00\",\"dateModified\":\"2025-09-06T07:17:00+00:00\",\"description\":\"AZTEX klient\u0173 \u012fvertinimai ir atsiliepimai \u2013 su\u017einokite, k\u0105 kiti mano apie m\u016bs\u0173 produktus, ir raskite patikim\u0173 atsiliepim\u0173.\",\"breadcrumb\":{\"@id\":\"https:\\\/\\\/aztex.ee\\\/lt\\\/klientu-atsiliepimai\\\/#breadcrumb\"},\"inLanguage\":\"lt-LT\",\"potentialAction\":[{\"@type\":\"ReadAction\",\"target\":[\"https:\\\/\\\/aztex.ee\\\/lt\\\/klientu-atsiliepimai\\\/\"]}]},{\"@type\":\"BreadcrumbList\",\"@id\":\"https:\\\/\\\/aztex.ee\\\/lt\\\/klientu-atsiliepimai\\\/#breadcrumb\",\"itemListElement\":[{\"@type\":\"ListItem\",\"position\":1,\"name\":\"Prad\u017eia\",\"item\":\"https:\\\/\\\/aztex.ee\\\/lt\\\/\"},{\"@type\":\"ListItem\",\"position\":2,\"name\":\"Klient\u0173 atsiliepimai\"}]},{\"@type\":\"WebSite\",\"@id\":\"https:\\\/\\\/aztex.ee\\\/lt\\\/#website\",\"url\":\"https:\\\/\\\/aztex.ee\\\/lt\\\/\",\"name\":\"AZTEX\",\"description\":\"\",\"publisher\":{\"@id\":\"https:\\\/\\\/aztex.ee\\\/lt\\\/#organization\"},\"potentialAction\":[{\"@type\":\"SearchAction\",\"target\":{\"@type\":\"EntryPoint\",\"urlTemplate\":\"https:\\\/\\\/aztex.ee\\\/lt\\\/?s={search_term_string}\"},\"query-input\":{\"@type\":\"PropertyValueSpecification\",\"valueRequired\":true,\"valueName\":\"search_term_string\"}}],\"inLanguage\":\"lt-LT\"},{\"@type\":\"Organization\",\"@id\":\"https:\\\/\\\/aztex.ee\\\/lt\\\/#organization\",\"name\":\"AZTEX\",\"url\":\"https:\\\/\\\/aztex.ee\\\/lt\\\/\",\"logo\":{\"@type\":\"ImageObject\",\"inLanguage\":\"lt-LT\",\"@id\":\"https:\\\/\\\/aztex.ee\\\/lt\\\/#\\\/schema\\\/logo\\\/image\\\/\",\"url\":\"https:\\\/\\\/aztex.ee\\\/wp-content\\\/uploads\\\/2026\\\/01\\\/AZTEX.png\",\"contentUrl\":\"https:\\\/\\\/aztex.ee\\\/wp-content\\\/uploads\\\/2026\\\/01\\\/AZTEX.png\",\"width\":500,\"height\":500,\"caption\":\"AZTEX\"},\"image\":{\"@id\":\"https:\\\/\\\/aztex.ee\\\/lt\\\/#\\\/schema\\\/logo\\\/image\\\/\"},\"sameAs\":[\"https:\\\/\\\/www.facebook.com\\\/AztexEE\",\"https:\\\/\\\/www.instagram.com\\\/aztexeesti\\\/\",\"https:\\\/\\\/www.youtube.com\\\/@AZTEXEE\",\"https:\\\/\\\/www.pinterest.com\\\/aztex_eesti\\\/\",\"https:\\\/\\\/www.tiktok.com\\\/@aztexeesti\",\"https:\\\/\\\/www.trustpilot.com\\\/review\\\/aztex.ee\",\"https:\\\/\\\/www.linkedin.com\\\/company\\\/aztex-ee\\\/\",\"https:\\\/\\\/www.wikidata.org\\\/wiki\\\/Q137560182\"]}]}<\/script>\n<!-- \/ Yoast SEO plugin. -->","yoast_head_json":{"title":"Kaip klientai vertina AZTEX","description":"AZTEX klient\u0173 \u012fvertinimai ir atsiliepimai \u2013 su\u017einokite, k\u0105 kiti mano apie m\u016bs\u0173 produktus, ir raskite patikim\u0173 atsiliepim\u0173.","robots":{"index":"index","follow":"follow","max-snippet":"max-snippet:-1","max-image-preview":"max-image-preview:large","max-video-preview":"max-video-preview:-1"},"canonical":"https:\/\/aztex.ee\/lt\/klientu-atsiliepimai\/","og_locale":"lt_LT","og_type":"article","og_title":"Kaip klientai vertina AZTEX","og_description":"AZTEX klient\u0173 \u012fvertinimai ir atsiliepimai \u2013 su\u017einokite, k\u0105 kiti mano apie m\u016bs\u0173 produktus, ir raskite patikim\u0173 atsiliepim\u0173.","og_url":"https:\/\/aztex.ee\/lt\/klientu-atsiliepimai\/","og_site_name":"AZTEX","article_publisher":"https:\/\/www.facebook.com\/AztexEE","article_modified_time":"2025-09-06T07:17:00+00:00","twitter_card":"summary_large_image","schema":{"@context":"https:\/\/schema.org","@graph":[{"@type":"WebPage","@id":"https:\/\/aztex.ee\/lt\/klientu-atsiliepimai\/","url":"https:\/\/aztex.ee\/lt\/klientu-atsiliepimai\/","name":"Kaip klientai vertina AZTEX","isPartOf":{"@id":"https:\/\/aztex.ee\/lt\/#website"},"datePublished":"2025-09-06T05:46:58+00:00","dateModified":"2025-09-06T07:17:00+00:00","description":"AZTEX klient\u0173 \u012fvertinimai ir atsiliepimai \u2013 su\u017einokite, k\u0105 kiti mano apie m\u016bs\u0173 produktus, ir raskite patikim\u0173 atsiliepim\u0173.","breadcrumb":{"@id":"https:\/\/aztex.ee\/lt\/klientu-atsiliepimai\/#breadcrumb"},"inLanguage":"lt-LT","potentialAction":[{"@type":"ReadAction","target":["https:\/\/aztex.ee\/lt\/klientu-atsiliepimai\/"]}]},{"@type":"BreadcrumbList","@id":"https:\/\/aztex.ee\/lt\/klientu-atsiliepimai\/#breadcrumb","itemListElement":[{"@type":"ListItem","position":1,"name":"Prad\u017eia","item":"https:\/\/aztex.ee\/lt\/"},{"@type":"ListItem","position":2,"name":"Klient\u0173 atsiliepimai"}]},{"@type":"WebSite","@id":"https:\/\/aztex.ee\/lt\/#website","url":"https:\/\/aztex.ee\/lt\/","name":"AZTEX","description":"","publisher":{"@id":"https:\/\/aztex.ee\/lt\/#organization"},"potentialAction":[{"@type":"SearchAction","target":{"@type":"EntryPoint","urlTemplate":"https:\/\/aztex.ee\/lt\/?s={search_term_string}"},"query-input":{"@type":"PropertyValueSpecification","valueRequired":true,"valueName":"search_term_string"}}],"inLanguage":"lt-LT"},{"@type":"Organization","@id":"https:\/\/aztex.ee\/lt\/#organization","name":"AZTEX","url":"https:\/\/aztex.ee\/lt\/","logo":{"@type":"ImageObject","inLanguage":"lt-LT","@id":"https:\/\/aztex.ee\/lt\/#\/schema\/logo\/image\/","url":"https:\/\/aztex.ee\/wp-content\/uploads\/2026\/01\/AZTEX.png","contentUrl":"https:\/\/aztex.ee\/wp-content\/uploads\/2026\/01\/AZTEX.png","width":500,"height":500,"caption":"AZTEX"},"image":{"@id":"https:\/\/aztex.ee\/lt\/#\/schema\/logo\/image\/"},"sameAs":["https:\/\/www.facebook.com\/AztexEE","https:\/\/www.instagram.com\/aztexeesti\/","https:\/\/www.youtube.com\/@AZTEXEE","https:\/\/www.pinterest.com\/aztex_eesti\/","https:\/\/www.tiktok.com\/@aztexeesti","https:\/\/www.trustpilot.com\/review\/aztex.ee","https:\/\/www.linkedin.com\/company\/aztex-ee\/","https:\/\/www.wikidata.org\/wiki\/Q137560182"]}]}},"_links":{"self":[{"href":"https:\/\/aztex.ee\/lt\/wp-json\/wp\/v2\/pages\/94005","targetHints":{"allow":["GET"]}}],"collection":[{"href":"https:\/\/aztex.ee\/lt\/wp-json\/wp\/v2\/pages"}],"about":[{"href":"https:\/\/aztex.ee\/lt\/wp-json\/wp\/v2\/types\/page"}],"author":[{"embeddable":true,"href":"https:\/\/aztex.ee\/lt\/wp-json\/wp\/v2\/users\/1"}],"replies":[{"embeddable":true,"href":"https:\/\/aztex.ee\/lt\/wp-json\/wp\/v2\/comments?post=94005"}],"version-history":[{"count":0,"href":"https:\/\/aztex.ee\/lt\/wp-json\/wp\/v2\/pages\/94005\/revisions"}],"wp:attachment":[{"href":"https:\/\/aztex.ee\/lt\/wp-json\/wp\/v2\/media?parent=94005"}],"curies":[{"name":"wp","href":"https:\/\/api.w.org\/{rel}","templated":true}]}}