{"id":19733,"date":"2024-08-15T14:36:01","date_gmt":"2024-08-15T14:36:01","guid":{"rendered":"https:\/\/aztex.ee\/salygos-ir-nuostatos\/"},"modified":"2024-10-01T20:24:03","modified_gmt":"2024-10-01T20:24:03","slug":"salygos-ir-nuostatos","status":"publish","type":"page","link":"https:\/\/aztex.ee\/lt\/salygos-ir-nuostatos\/","title":{"rendered":"S\u0105lygos ir nuostatos"},"content":{"rendered":"\n<p>Internetin\u0117s parduotuv\u0117s <strong>aztex.ee<\/strong> (toliau \u2013 Internetin\u0117 parduotuv\u0117) savininkas yra <strong>Minu Baltic O\u00dc<\/strong> (registracijos kodas <strong>16809904<\/strong>), esantis Ida-Viru apskrityje, L\u00fcganuse mieste, Papli 4-6, pa\u0161to kodas 43301<\/p>\n\n\n\n<ol class=\"wp-block-list\">\n<li>Pardavimo sutarties galiojimas, informacija apie prek\u0119 ir kain\u0105<\/li>\n<\/ol>\n\n\n\n<p>Pardavimo s\u0105lygos taikomos perkant prekes i\u0161 <strong>Minu Baltic O\u00dc<\/strong> internetin\u0117s parduotuv\u0117s. Internetin\u0117je parduotuv\u0117je parduodam\u0173 preki\u0173 kainos nurodytos prie preki\u0173. \u012e kain\u0105 \u012fskai\u010diuotas mokestis u\u017e preki\u0173 pristatym\u0105, jei nenurodyta kitaip. Internetin\u0117je parduotuv\u0117je parduodam\u0173 produkt\u0173 kainos nurodytos eurais, taip pat atsiskaitoma eurais. Informacija apie prek\u0119 pateikiama internetin\u0117je parduotuv\u0117je tiesiai prie prek\u0117s.<\/p>\n\n\n\n<p>2. U\u017esakymo\/apmok\u0117jimo variant\u0173 formavimas<\/p>\n\n\n\n<p>Nor\u0117dami u\u017esisakyti prekes, turite \u012fd\u0117ti norimas prekes \u012f pirkini\u0173 krep\u0161el\u012f. Nor\u0117dami u\u017epildyti u\u017esakym\u0105, turite u\u017epildyti reikiamus duomen\u0173 laukus ir pasirinkti tinkam\u0105 prek\u0117s pristatymo b\u016bd\u0105. Tada ekrane rodoma mokes\u010dio suma, kuri\u0105 galima saugiai sumok\u0117ti \u0161iais mok\u0117jimo b\u016bdais:<\/p>\n\n\n\n<p>\u2013 Bankinis pavedimas;<\/p>\n\n\n\n<p>\u2013 Estijos, Latvijos, Lietuvos ir Suomijos bank\u0173 nuorodos;<\/p>\n\n\n\n<ul class=\"wp-block-list\">\n<li>Atsiskaitymas kreditine kortele.<\/li>\n<\/ul>\n\n\n\n<p>Nor\u0117dami atsiskaityti banko nuoroda, spustel\u0117kite savo nam\u0173 banko logotip\u0105 ir b\u016bsite nukreipti \u012f interneto banko puslap\u012f, kuriame j\u016bs\u0173 laukia i\u0161 anksto u\u017epildytas mok\u0117jimo nurodymas. \u012esitikinkite, kad suma yra teisinga, ir patvirtinkite operacij\u0105. Tada nepamir\u0161kite paspausti mygtuko \u201eAtgal \u012f prekybinink\u0105\u201c \u2013 tik taip i\u0161 karto gausite prane\u0161im\u0105 i\u0161 m\u016bs\u0173 sistemos, kad s\u0117kmingai atlikote mok\u0117jim\u0105.<\/p>\n\n\n\n<p>Savo banko duomenis \u012fvedate tiesiai \u012f Banko korteli\u0173 centro sistem\u0105. Informacija, susijusi su J\u016bs\u0173 banko s\u0105skaita ir mok\u0117jimu, nesaugoma, duomen\u0173 perdavimui naudojamas saugus SSL ry\u0161ys.<\/p>\n\n\n\n<p>Minu Baltic O\u00dc yra asmens duomen\u0173 valdytojas, Minu Baltic O\u00dc perduoda mok\u0117jimams atlikti reikalingus asmens duomenis \u012fgaliotam tvarkytojui <strong>Maksekeskus AS<\/strong>.<\/p>\n\n\n\n<p>Sutartis \u012fsigalioja nuo mok\u0117tinos sumos gavimo \u012f internetin\u0117s parduotuv\u0117s atsiskaitom\u0105j\u0105 s\u0105skait\u0105.<\/p>\n\n\n\n<p>3. Pristatymas<\/p>\n\n\n\n<p>Prek\u0117s siun\u010diamos \u012f \u0161ias \u0161alis: Estij\u0105 ir kitas Europos \u0161alis pagal preki\u0173 krep\u0161elyje nurodyt\u0105 kain\u0105 ir transportavimo b\u016bd\u0105. Siuntimas \u012f kitas \u0161alis ir regionus pagal atskir\u0105 susitarim\u0105.<\/p>\n\n\n\n<p>Perkamos prek\u0117s apmokestinamos pa\u0161tomatu (jei nenurodyta kitaip), kur\u012f apmoka pirk\u0117jas. U\u017esakymus pristatome pagal J\u016bs\u0173 pasirinkt\u0105 transportavimo b\u016bd\u0105. J\u016bs\u0173 u\u017esakym\u0105 i\u0161si\u0173sime per 1-3 darbo dienas, po to, kai \u012f Minu Baltic O\u00dc atsiskaitom\u0105j\u0105 s\u0105skait\u0105 bus gauta J\u016bs\u0173 u\u017e u\u017esakym\u0105 sumok\u0117ta suma. I\u0161imtiniais atvejais pristatymo laikas gali b\u016bti ilgesnis, tokiu atveju informuosime atskirai.<\/p>\n\n\n\n<p>Jeigu u\u017esakytos prek\u0117s negali b\u016bti pristatytos d\u0117l prek\u0117s pasibaigimo ar d\u0117l kit\u0173 prie\u017eas\u010di\u0173, pirk\u0117jas apie tai bus kuo grei\u010diau informuotas ir nedelsiant gr\u0105\u017einami sumok\u0117ti pinigai (\u012fskaitant preki\u0173 pristatymo i\u0161laidas), bet ne v\u0117liau kaip per 14 dien\u0173 nuo prane\u0161imo i\u0161siuntimo.<\/p>\n\n\n\n<p>4. Produktai ir produkt\u0173 prieinamumas<\/p>\n\n\n\n<p>Nuolat atnaujiname preki\u0173 asortiment\u0105. Ta\u010diau gali atsitikti taip, kad prek\u0117s prieinamumas baigiasi anks\u010diau nei atnaujinamas preki\u0173 katalogas. Tokiu atveju susisieksime su Jumis ir susitar\u0119 pakeisime prek\u0119 arba at\u0161auksime u\u017esakym\u0105. Jei u\u017esakymas at\u0161aukiamas d\u0117l to, kad n\u0117ra sand\u0117lyje, pinigus gr\u0105\u017einsime per 7 darbo dienas.<\/p>\n\n\n\n<p>5. Kitos s\u0105lygos<\/p>\n\n\n\n<p>Pasiliekame teis\u0119 keisti ir papildyti si\u016blom\u0173 preki\u0173 kainas. Pakeitimai \u0161iuo klausimu \u012fsigalios nuo tada, kai jie pasirodys m\u016bs\u0173 internetin\u0117je parduotuv\u0117je.<\/p>\n\n\n\n<p>Pardav\u0117jas neatsako u\u017e prek\u0117s tr\u016bkumus, atsiradusius d\u0117l pirk\u0117jo kalt\u0117s arba jei tr\u016bkumas atsirado d\u0117l netinkamo prek\u0117s naudojimo.<\/p>\n\n\n\n<p>Pardav\u0117jas turi teis\u0119 atsisakyti u\u017esakymo, jei u\u017esakyt\u0173 preki\u0173 atsargos baig\u0117si.<\/p>\n\n\n\n<p>Jeigu d\u0117l technin\u0117s klaidos e-parduotuv\u0117je si\u016blomos prek\u0117s kaina buvo pakeista\/neprotingai atpiginta lyginant su normalia prek\u0117s rinkos kaina, pardav\u0117jas turi teis\u0119 atsisakyti prek\u0117s pardavimo sandorio. su neteisinga kaina d\u0117l technin\u0117s klaidos, su s\u0105lyga, kad pardav\u0117jas dar nei\u0161siunt\u0117 prek\u0117s pirk\u0117jui.<\/p>\n\n\n\n<p>6. Pretenzij\u0173 pateikimas ir preki\u0173 gr\u0105\u017einimas<\/p>\n\n\n\n<p>Visiems gaminiams taikomas pretenzijos pateikimo terminas pagal Civilinio kodekso 218 straipsn\u012f. Pirkimo s\u0105skaita fakt\u016bra galioja kaip gr\u0105\u017einimo \u012frodymas. Jei naudojate gaminius, laikykit\u0117s su gaminiu pateikt\u0173 naudojimo ir prie\u017ei\u016bros instrukcij\u0173 bei atitinkam\u0173 nurodym\u0173. Pretenzijos pateikimo teis\u0117 netaikoma, jei prek\u0117s tr\u016bksta d\u0117l netinkamo prek\u0117s naudojimo ar prek\u0117s sugadinimo. Nor\u0117dami pateikti pretenzij\u0105, atsi\u0173skite tiksl\u0173 defekto apra\u0161ym\u0105, u\u017esakym\u0105 pateikusio asmens vard\u0105, pavard\u0119, kontaktin\u012f telefono numer\u012f ir u\u017esakymo numer\u012f adresu info@aztex.ee<\/p>\n\n\n\n<p>Preki\u0173 gr\u0105\u017einimo teis\u0117 yra 14 dien\u0173. Prek\u0117s turi b\u016bti originalioje pakuot\u0117je su originalia s\u0105skaita fakt\u016bra ir visais \u017eenklais. Prek\u0117s neturi b\u016bti naudojamos. Gav\u0119s atsisakymo parei\u0161kim\u0105, verslininkas nedelsdamas, bet ne v\u0117liau kaip per 14 dien\u0173, gr\u0105\u017eina vartotojui visus pagal sutart\u012f i\u0161 vartotojo gautus mokes\u010dius, \u012fskaitant vartotojo bylos pristatymo i\u0161laidas. Jei vartotojas ai\u0161kiai pasirinko pristatymo b\u016bd\u0105, kuris skiriasi nuo verslininko si\u016blomo pigiausio \u012fprasto pristatymo b\u016bdo, verslininkas neprivalo gr\u0105\u017einti vartotojui i\u0161laid\u0173, vir\u0161ijan\u010di\u0173 i\u0161laidas, susijusias su \u012fprastu pristatymo b\u016bdu (V\u00d5S \u00a7 492). ). Jei gr\u0105\u017eintina prek\u0117 buvo atidaryta ar kitaip sugadinta, prek\u0117 gr\u0105\u017einama n\u0117ra ir yra laikoma naudota. Gr\u0105\u017einimo adresas ir pristatymo b\u016bdas kiekvienu atveju derinami.<\/p>\n\n\n\n<p>Nor\u0117dami gr\u0105\u017einti prek\u0119, turite pateikti pra\u0161ym\u0105 d\u0117l prek\u0117s atsisakymo, kurio form\u0105 rasite \u010dia: pra\u0161ymas atsisakyti preki\u0173 ir i\u0161si\u0173sti el. pa\u0161to adresu info@aztex.ee<br>ne v\u0117liau kaip per 14 dien\u0173 nuo preki\u0173 gavimo.<\/p>\n\n\n\n<p>Preki\u0173 gr\u0105\u017einimo i\u0161laidas apmoka pirk\u0117jas, nebent gr\u0105\u017einimo prie\u017eastis yra ta, kad gr\u0105\u017einama prek\u0117 neatitinka u\u017esakytos (pvz., netinkama ar nekokybi\u0161ka prek\u0117).<\/p>\n\n\n\n<p>Klientui neat\u0117mus u\u017esakymo pa\u0161to skyriuje\/siunt\u0173 automate per saugojimo laik\u0105, u\u017esakymas gr\u0105\u017einamas Minu Baltic O\u00dc. Klientas, nor\u0117damas gauti u\u017esakym\u0105, turi sumok\u0117ti Minu Baltic O\u00dc siuntos gr\u0105\u017einimo ir pakartotinio i\u0161davimo i\u0161laidas pagal galiojant\u012f Omniva\/Itella Smartpost\/DPD kainora\u0161t\u012f. Pradin\u0117 transporto kaina pagal min\u0117t\u0105 punkt\u0105 negr\u0105\u017einama.<\/p>\n\n\n\n<p>Paslaug\u0173 teik\u0117jas atsako u\u017e parduot\u0173 preki\u0173 neatitikimus ar tr\u016bkumus sutarties s\u0105lygoms, atsiradusius per dvejus metus nuo prek\u0117s perdavimo vartotojui. Per pirmuosius \u0161e\u0161is m\u0117nesius nuo prek\u0117s pristatymo pirk\u0117jui laikoma, kad tr\u016bkumas jau buvo prek\u0117s pristatymo metu.<\/p>\n\n\n\n<p>Atsiradus prek\u0117s tr\u016bkumui, vartotojas ne v\u0117liau kaip per du m\u0117nesius privalo apie tai informuoti pardav\u0117j\u0105 arba pateikti pretenzij\u0105 (V\u00d5S \u00a7 220 (1)).<\/p>\n\n\n\n<p>Jei aptinkamas defektas, gaminio naudojimas turi b\u016bti nedelsiant nutrauktas.<\/p>\n\n\n\n<p>Pretenzija turi b\u016bti pateikta tokia forma, kuri\u0105 b\u016bt\u0173 galima atgaminti ra\u0161tu, ir joje turi b\u016bti nurodyta:<\/p>\n\n\n\n<p>\u2013 vartotojo vardas, pavard\u0117 ir kontaktiniai duomenys;<\/p>\n\n\n\n<p>\u2013 skundo padavimo data;<\/p>\n\n\n\n<p>\u2013 preki\u0173 ar paslaug\u0173 tr\u016bkumas;<\/p>\n\n\n\n<p>\u2013 pretenzija verslininkui;<\/p>\n\n\n\n<p>\u2013 prie skundo turi b\u016bti nurodytas sandorio ar garantijos \u012fvykdym\u0105 patvirtinantis dokumentas arba pridedama jo kopija.<\/p>\n\n\n\n<p>7. Nesutarimai<\/p>\n\n\n\n<p>Visi nesutarimai bus sprend\u017eiami pagr\u012fst\u0173 abipusi\u0173 deryb\u0173 b\u016bdu. \u0160alims nesusitarus, nesutarimai bus sprend\u017eiami vadovaujantis Estijos Respublikos teis\u0117s aktais.<\/p>\n","protected":false},"excerpt":{"rendered":"<p>Internetin\u0117s parduotuv\u0117s aztex.ee (toliau \u2013 Internetin\u0117 parduotuv\u0117) savininkas yra Minu Baltic O\u00dc (registracijos kodas 16809904), esantis Ida-Viru apskrityje, L\u00fcganuse mieste,<\/p>\n","protected":false},"author":1,"featured_media":0,"parent":0,"menu_order":0,"comment_status":"closed","ping_status":"closed","template":"","meta":{"footnotes":""},"class_list":["post-19733","page","type-page","status-publish","hentry"],"yoast_head":"<!-- This site is optimized with the Yoast SEO plugin v27.3 - https:\/\/yoast.com\/product\/yoast-seo-wordpress\/ -->\n<title>S\u0105lygos ir nuostatos | AZTEX<\/title>\n<meta name=\"description\" content=\"Internetin\u0117s parduotuv\u0117s aztex.ee (toliau \u2013 Internetin\u0117 parduotuv\u0117) savininkas yra Minu Baltic O\u00dc (registracijos kodas 16809904)\" \/>\n<meta name=\"robots\" content=\"index, follow, max-snippet:-1, max-image-preview:large, max-video-preview:-1\" \/>\n<link rel=\"canonical\" href=\"https:\/\/aztex.ee\/lt\/salygos-ir-nuostatos\/\" \/>\n<meta property=\"og:locale\" content=\"lt_LT\" \/>\n<meta property=\"og:type\" content=\"article\" \/>\n<meta property=\"og:title\" content=\"S\u0105lygos ir nuostatos | AZTEX\" \/>\n<meta property=\"og:description\" content=\"Internetin\u0117s parduotuv\u0117s aztex.ee (toliau \u2013 Internetin\u0117 parduotuv\u0117) savininkas yra Minu Baltic O\u00dc (registracijos kodas 16809904)\" \/>\n<meta property=\"og:url\" content=\"https:\/\/aztex.ee\/lt\/salygos-ir-nuostatos\/\" \/>\n<meta property=\"og:site_name\" content=\"AZTEX\" \/>\n<meta property=\"article:publisher\" content=\"https:\/\/www.facebook.com\/AztexEE\" \/>\n<meta property=\"article:modified_time\" content=\"2024-10-01T20:24:03+00:00\" \/>\n<meta name=\"twitter:card\" content=\"summary_large_image\" \/>\n<meta name=\"twitter:label1\" content=\"Est. reading time\" \/>\n\t<meta name=\"twitter:data1\" content=\"5 minut\u0117s\" \/>\n<script type=\"application\/ld+json\" class=\"yoast-schema-graph\">{\"@context\":\"https:\\\/\\\/schema.org\",\"@graph\":[{\"@type\":\"WebPage\",\"@id\":\"https:\\\/\\\/aztex.ee\\\/lt\\\/salygos-ir-nuostatos\\\/\",\"url\":\"https:\\\/\\\/aztex.ee\\\/lt\\\/salygos-ir-nuostatos\\\/\",\"name\":\"S\u0105lygos ir nuostatos | AZTEX\",\"isPartOf\":{\"@id\":\"https:\\\/\\\/aztex.ee\\\/lt\\\/#website\"},\"datePublished\":\"2024-08-15T14:36:01+00:00\",\"dateModified\":\"2024-10-01T20:24:03+00:00\",\"description\":\"Internetin\u0117s parduotuv\u0117s aztex.ee (toliau \u2013 Internetin\u0117 parduotuv\u0117) savininkas yra Minu Baltic O\u00dc (registracijos kodas 16809904)\",\"breadcrumb\":{\"@id\":\"https:\\\/\\\/aztex.ee\\\/lt\\\/salygos-ir-nuostatos\\\/#breadcrumb\"},\"inLanguage\":\"lt-LT\",\"potentialAction\":[{\"@type\":\"ReadAction\",\"target\":[\"https:\\\/\\\/aztex.ee\\\/lt\\\/salygos-ir-nuostatos\\\/\"]}]},{\"@type\":\"BreadcrumbList\",\"@id\":\"https:\\\/\\\/aztex.ee\\\/lt\\\/salygos-ir-nuostatos\\\/#breadcrumb\",\"itemListElement\":[{\"@type\":\"ListItem\",\"position\":1,\"name\":\"Prad\u017eia\",\"item\":\"https:\\\/\\\/aztex.ee\\\/lt\\\/\"},{\"@type\":\"ListItem\",\"position\":2,\"name\":\"S\u0105lygos ir nuostatos\"}]},{\"@type\":\"WebSite\",\"@id\":\"https:\\\/\\\/aztex.ee\\\/lt\\\/#website\",\"url\":\"https:\\\/\\\/aztex.ee\\\/lt\\\/\",\"name\":\"AZTEX\",\"description\":\"\",\"publisher\":{\"@id\":\"https:\\\/\\\/aztex.ee\\\/lt\\\/#organization\"},\"potentialAction\":[{\"@type\":\"SearchAction\",\"target\":{\"@type\":\"EntryPoint\",\"urlTemplate\":\"https:\\\/\\\/aztex.ee\\\/lt\\\/?s={search_term_string}\"},\"query-input\":{\"@type\":\"PropertyValueSpecification\",\"valueRequired\":true,\"valueName\":\"search_term_string\"}}],\"inLanguage\":\"lt-LT\"},{\"@type\":\"Organization\",\"@id\":\"https:\\\/\\\/aztex.ee\\\/lt\\\/#organization\",\"name\":\"AZTEX\",\"url\":\"https:\\\/\\\/aztex.ee\\\/lt\\\/\",\"logo\":{\"@type\":\"ImageObject\",\"inLanguage\":\"lt-LT\",\"@id\":\"https:\\\/\\\/aztex.ee\\\/lt\\\/#\\\/schema\\\/logo\\\/image\\\/\",\"url\":\"https:\\\/\\\/aztex.ee\\\/wp-content\\\/uploads\\\/2026\\\/01\\\/AZTEX.png\",\"contentUrl\":\"https:\\\/\\\/aztex.ee\\\/wp-content\\\/uploads\\\/2026\\\/01\\\/AZTEX.png\",\"width\":500,\"height\":500,\"caption\":\"AZTEX\"},\"image\":{\"@id\":\"https:\\\/\\\/aztex.ee\\\/lt\\\/#\\\/schema\\\/logo\\\/image\\\/\"},\"sameAs\":[\"https:\\\/\\\/www.facebook.com\\\/AztexEE\",\"https:\\\/\\\/www.instagram.com\\\/aztexeesti\\\/\",\"https:\\\/\\\/www.youtube.com\\\/@AZTEXEE\",\"https:\\\/\\\/www.pinterest.com\\\/aztex_eesti\\\/\",\"https:\\\/\\\/www.tiktok.com\\\/@aztexeesti\",\"https:\\\/\\\/www.trustpilot.com\\\/review\\\/aztex.ee\",\"https:\\\/\\\/www.linkedin.com\\\/company\\\/aztex-ee\\\/\",\"https:\\\/\\\/www.wikidata.org\\\/wiki\\\/Q137560182\"]}]}<\/script>\n<!-- \/ Yoast SEO plugin. -->","yoast_head_json":{"title":"S\u0105lygos ir nuostatos | AZTEX","description":"Internetin\u0117s parduotuv\u0117s aztex.ee (toliau \u2013 Internetin\u0117 parduotuv\u0117) savininkas yra Minu Baltic O\u00dc (registracijos kodas 16809904)","robots":{"index":"index","follow":"follow","max-snippet":"max-snippet:-1","max-image-preview":"max-image-preview:large","max-video-preview":"max-video-preview:-1"},"canonical":"https:\/\/aztex.ee\/lt\/salygos-ir-nuostatos\/","og_locale":"lt_LT","og_type":"article","og_title":"S\u0105lygos ir nuostatos | AZTEX","og_description":"Internetin\u0117s parduotuv\u0117s aztex.ee (toliau \u2013 Internetin\u0117 parduotuv\u0117) savininkas yra Minu Baltic O\u00dc (registracijos kodas 16809904)","og_url":"https:\/\/aztex.ee\/lt\/salygos-ir-nuostatos\/","og_site_name":"AZTEX","article_publisher":"https:\/\/www.facebook.com\/AztexEE","article_modified_time":"2024-10-01T20:24:03+00:00","twitter_card":"summary_large_image","twitter_misc":{"Est. reading time":"5 minut\u0117s"},"schema":{"@context":"https:\/\/schema.org","@graph":[{"@type":"WebPage","@id":"https:\/\/aztex.ee\/lt\/salygos-ir-nuostatos\/","url":"https:\/\/aztex.ee\/lt\/salygos-ir-nuostatos\/","name":"S\u0105lygos ir nuostatos | AZTEX","isPartOf":{"@id":"https:\/\/aztex.ee\/lt\/#website"},"datePublished":"2024-08-15T14:36:01+00:00","dateModified":"2024-10-01T20:24:03+00:00","description":"Internetin\u0117s parduotuv\u0117s aztex.ee (toliau \u2013 Internetin\u0117 parduotuv\u0117) savininkas yra Minu Baltic O\u00dc (registracijos kodas 16809904)","breadcrumb":{"@id":"https:\/\/aztex.ee\/lt\/salygos-ir-nuostatos\/#breadcrumb"},"inLanguage":"lt-LT","potentialAction":[{"@type":"ReadAction","target":["https:\/\/aztex.ee\/lt\/salygos-ir-nuostatos\/"]}]},{"@type":"BreadcrumbList","@id":"https:\/\/aztex.ee\/lt\/salygos-ir-nuostatos\/#breadcrumb","itemListElement":[{"@type":"ListItem","position":1,"name":"Prad\u017eia","item":"https:\/\/aztex.ee\/lt\/"},{"@type":"ListItem","position":2,"name":"S\u0105lygos ir nuostatos"}]},{"@type":"WebSite","@id":"https:\/\/aztex.ee\/lt\/#website","url":"https:\/\/aztex.ee\/lt\/","name":"AZTEX","description":"","publisher":{"@id":"https:\/\/aztex.ee\/lt\/#organization"},"potentialAction":[{"@type":"SearchAction","target":{"@type":"EntryPoint","urlTemplate":"https:\/\/aztex.ee\/lt\/?s={search_term_string}"},"query-input":{"@type":"PropertyValueSpecification","valueRequired":true,"valueName":"search_term_string"}}],"inLanguage":"lt-LT"},{"@type":"Organization","@id":"https:\/\/aztex.ee\/lt\/#organization","name":"AZTEX","url":"https:\/\/aztex.ee\/lt\/","logo":{"@type":"ImageObject","inLanguage":"lt-LT","@id":"https:\/\/aztex.ee\/lt\/#\/schema\/logo\/image\/","url":"https:\/\/aztex.ee\/wp-content\/uploads\/2026\/01\/AZTEX.png","contentUrl":"https:\/\/aztex.ee\/wp-content\/uploads\/2026\/01\/AZTEX.png","width":500,"height":500,"caption":"AZTEX"},"image":{"@id":"https:\/\/aztex.ee\/lt\/#\/schema\/logo\/image\/"},"sameAs":["https:\/\/www.facebook.com\/AztexEE","https:\/\/www.instagram.com\/aztexeesti\/","https:\/\/www.youtube.com\/@AZTEXEE","https:\/\/www.pinterest.com\/aztex_eesti\/","https:\/\/www.tiktok.com\/@aztexeesti","https:\/\/www.trustpilot.com\/review\/aztex.ee","https:\/\/www.linkedin.com\/company\/aztex-ee\/","https:\/\/www.wikidata.org\/wiki\/Q137560182"]}]}},"_links":{"self":[{"href":"https:\/\/aztex.ee\/lt\/wp-json\/wp\/v2\/pages\/19733","targetHints":{"allow":["GET"]}}],"collection":[{"href":"https:\/\/aztex.ee\/lt\/wp-json\/wp\/v2\/pages"}],"about":[{"href":"https:\/\/aztex.ee\/lt\/wp-json\/wp\/v2\/types\/page"}],"author":[{"embeddable":true,"href":"https:\/\/aztex.ee\/lt\/wp-json\/wp\/v2\/users\/1"}],"replies":[{"embeddable":true,"href":"https:\/\/aztex.ee\/lt\/wp-json\/wp\/v2\/comments?post=19733"}],"version-history":[{"count":0,"href":"https:\/\/aztex.ee\/lt\/wp-json\/wp\/v2\/pages\/19733\/revisions"}],"wp:attachment":[{"href":"https:\/\/aztex.ee\/lt\/wp-json\/wp\/v2\/media?parent=19733"}],"curies":[{"name":"wp","href":"https:\/\/api.w.org\/{rel}","templated":true}]}}