{"id":19672,"date":"2024-08-15T14:44:36","date_gmt":"2024-08-15T14:44:36","guid":{"rendered":"https:\/\/aztex.ee\/informacija\/"},"modified":"2024-09-02T08:31:17","modified_gmt":"2024-09-02T08:31:17","slug":"informacija","status":"publish","type":"page","link":"https:\/\/aztex.ee\/lt\/informacija\/","title":{"rendered":"Informacija"},"content":{"rendered":"\n<p><strong>AZTEX<\/strong> \u2013 kokyb\u0117, komfortas ir elegancija J\u016bs\u0173 kasdienyb\u0117je<\/p>\n\n\n\n<p>Sveiki atvyk\u0119 \u012f nuostab\u0173 <strong>AZTEX<\/strong> pasaul\u012f, kuriame kuriame namus, apie kuriuos visada svajojote! Did\u017eiuojam\u0117s gal\u0117dami jums pristatyti m\u016bs\u0173 \u012fmon\u0119, kuri u\u017esiima kokybi\u0161k\u0173 tekstil\u0117s gamini\u0173 pardavimu.<\/p>\n\n\n\n<p>M\u016bs\u0173 antklod\u017ei\u0173, vaiki\u0161k\u0173 antklod\u017ei\u0173, rank\u0161luos\u010di\u0173 ir patalyn\u0117s komplekt\u0173 pasirinkimas yra gausus ir \u012fvairus, o visus m\u016bs\u0173 gaminius sieja viena bendra savyb\u0117 \u2013 kokyb\u0117. Antklod\u0117s su\u0161ildo \u0161altomis naktimis, o miegamajam suteikia spalv\u0173 ir nuojautos. Antklod\u0117s vaikams yra malonios ir mink\u0161tos, suteikian\u010dios komfort\u0105, kurio reikia, kad jie jaust\u0173si geriausiai. Rank\u0161luos\u010diai yra mink\u0161ti ir puikiai sugeriantys, tod\u0117l kiekvien\u0105 ryto ir vakaro rutin\u0105 paver\u010dia laiminga akimirka. Patalyn\u0117s komplektai sukuria unikali\u0105 atmosfer\u0105 j\u016bs\u0173 miegamajame, kartu yra mink\u0161ti ir patvar\u016bs.<\/p>\n\n\n\n<p><strong>AZTEX<\/strong> misija \u2013 pasi\u016blyti jums ne tik tekstil\u0117s gaminius. Norime \u012fne\u0161ti \u012f j\u016bs\u0173 gyvenim\u0105 jaukumo, \u0161ilumos ir stiliaus. Norime pad\u0117ti jums sukurti namus, kurie atspind\u0117t\u0173 j\u016bs\u0173 asmenyb\u0119 ir skon\u012f ir kuriuose visada jausit\u0117s laukiami ir jaukiai.<\/p>\n\n\n\n<p>Be savo gamini\u0173, turime ir paslaug\u0173 komand\u0105, kuri visada pasiruo\u0161usi Jums pad\u0117ti ir patarti. Esame tam, kad pasidalintume su jumis savo \u017einiomis ir patirtimi, kad pad\u0117tume rasti tobulus tekstil\u0117s gaminius, atitinkan\u010dius j\u016bs\u0173 poreikius ir norus.<\/p>\n\n\n\n<p>Esame d\u0117kingi, kad pasirinkote mus savo nam\u0173 dekoravimo partneriu ir pa\u017eadame ir toliau vir\u0161yti J\u016bs\u0173 l\u016bkes\u010dius visose srityse. D\u0117kojame, kad esate m\u016bs\u0173 \u0161eimos dalis ir leid\u017eiate mums b\u016bti j\u016bs\u0173 nam\u0173 dalimi.<\/p>\n","protected":false},"excerpt":{"rendered":"<p>AZTEX \u2013 kokyb\u0117, komfortas ir elegancija J\u016bs\u0173 kasdienyb\u0117je Sveiki atvyk\u0119 \u012f nuostab\u0173 AZTEX pasaul\u012f, kuriame kuriame namus, apie kuriuos visada<\/p>\n","protected":false},"author":1,"featured_media":0,"parent":0,"menu_order":0,"comment_status":"closed","ping_status":"closed","template":"","meta":{"footnotes":""},"class_list":["post-19672","page","type-page","status-publish","hentry"],"yoast_head":"<!-- This site is optimized with the Yoast SEO plugin v27.6 - https:\/\/yoast.com\/product\/yoast-seo-wordpress\/ -->\n<title>Informacija | AZTEX<\/title>\n<meta name=\"description\" content=\"M\u016bs\u0173 antklod\u017ei\u0173, vaiki\u0161k\u0173 antklod\u017ei\u0173, rank\u0161luos\u010di\u0173 ir patalyn\u0117s komplekt\u0173 pasirinkimas yra gausus ir \u012fvairus, o visus m\u016bs\u0173 gami...\" \/>\n<meta name=\"robots\" content=\"index, follow, max-snippet:-1, max-image-preview:large, max-video-preview:-1\" \/>\n<link rel=\"canonical\" href=\"https:\/\/aztex.ee\/lt\/informacija\/\" \/>\n<meta property=\"og:locale\" content=\"lt_LT\" \/>\n<meta property=\"og:type\" content=\"article\" \/>\n<meta property=\"og:title\" content=\"Informacija | AZTEX\" \/>\n<meta property=\"og:description\" content=\"M\u016bs\u0173 antklod\u017ei\u0173, vaiki\u0161k\u0173 antklod\u017ei\u0173, rank\u0161luos\u010di\u0173 ir patalyn\u0117s komplekt\u0173 pasirinkimas yra gausus ir \u012fvairus, o visus m\u016bs\u0173 gami...\" \/>\n<meta property=\"og:url\" content=\"https:\/\/aztex.ee\/lt\/informacija\/\" \/>\n<meta property=\"og:site_name\" content=\"AZTEX\" \/>\n<meta property=\"article:publisher\" content=\"https:\/\/www.facebook.com\/AztexEE\" \/>\n<meta property=\"article:modified_time\" content=\"2024-09-02T08:31:17+00:00\" \/>\n<meta name=\"twitter:card\" content=\"summary_large_image\" \/>\n<meta name=\"twitter:label1\" content=\"Est. reading time\" \/>\n\t<meta name=\"twitter:data1\" content=\"2 minut\u0117s\" \/>\n<script type=\"application\/ld+json\" class=\"yoast-schema-graph\">{\"@context\":\"https:\\\/\\\/schema.org\",\"@graph\":[{\"@type\":\"WebPage\",\"@id\":\"https:\\\/\\\/aztex.ee\\\/lt\\\/informacija\\\/\",\"url\":\"https:\\\/\\\/aztex.ee\\\/lt\\\/informacija\\\/\",\"name\":\"Informacija | AZTEX\",\"isPartOf\":{\"@id\":\"https:\\\/\\\/aztex.ee\\\/lt\\\/#website\"},\"datePublished\":\"2024-08-15T14:44:36+00:00\",\"dateModified\":\"2024-09-02T08:31:17+00:00\",\"description\":\"M\u016bs\u0173 antklod\u017ei\u0173, vaiki\u0161k\u0173 antklod\u017ei\u0173, rank\u0161luos\u010di\u0173 ir patalyn\u0117s komplekt\u0173 pasirinkimas yra gausus ir \u012fvairus, o visus m\u016bs\u0173 gami...\",\"breadcrumb\":{\"@id\":\"https:\\\/\\\/aztex.ee\\\/lt\\\/informacija\\\/#breadcrumb\"},\"inLanguage\":\"lt-LT\",\"potentialAction\":[{\"@type\":\"ReadAction\",\"target\":[\"https:\\\/\\\/aztex.ee\\\/lt\\\/informacija\\\/\"]}]},{\"@type\":\"BreadcrumbList\",\"@id\":\"https:\\\/\\\/aztex.ee\\\/lt\\\/informacija\\\/#breadcrumb\",\"itemListElement\":[{\"@type\":\"ListItem\",\"position\":1,\"name\":\"Prad\u017eia\",\"item\":\"https:\\\/\\\/aztex.ee\\\/lt\\\/\"},{\"@type\":\"ListItem\",\"position\":2,\"name\":\"Informacija\"}]},{\"@type\":\"WebSite\",\"@id\":\"https:\\\/\\\/aztex.ee\\\/lt\\\/#website\",\"url\":\"https:\\\/\\\/aztex.ee\\\/lt\\\/\",\"name\":\"AZTEX\",\"description\":\"\",\"publisher\":{\"@id\":\"https:\\\/\\\/aztex.ee\\\/lt\\\/#organization\"},\"potentialAction\":[{\"@type\":\"SearchAction\",\"target\":{\"@type\":\"EntryPoint\",\"urlTemplate\":\"https:\\\/\\\/aztex.ee\\\/lt\\\/?s={search_term_string}\"},\"query-input\":{\"@type\":\"PropertyValueSpecification\",\"valueRequired\":true,\"valueName\":\"search_term_string\"}}],\"inLanguage\":\"lt-LT\"},{\"@type\":\"Organization\",\"@id\":\"https:\\\/\\\/aztex.ee\\\/lt\\\/#organization\",\"name\":\"AZTEX\",\"url\":\"https:\\\/\\\/aztex.ee\\\/lt\\\/\",\"logo\":{\"@type\":\"ImageObject\",\"inLanguage\":\"lt-LT\",\"@id\":\"https:\\\/\\\/aztex.ee\\\/lt\\\/#\\\/schema\\\/logo\\\/image\\\/\",\"url\":\"https:\\\/\\\/aztex.ee\\\/wp-content\\\/uploads\\\/2026\\\/01\\\/AZTEX.png\",\"contentUrl\":\"https:\\\/\\\/aztex.ee\\\/wp-content\\\/uploads\\\/2026\\\/01\\\/AZTEX.png\",\"width\":500,\"height\":500,\"caption\":\"AZTEX\"},\"image\":{\"@id\":\"https:\\\/\\\/aztex.ee\\\/lt\\\/#\\\/schema\\\/logo\\\/image\\\/\"},\"sameAs\":[\"https:\\\/\\\/www.facebook.com\\\/AztexEE\",\"https:\\\/\\\/www.instagram.com\\\/aztexeesti\\\/\",\"https:\\\/\\\/www.youtube.com\\\/@AZTEXEE\",\"https:\\\/\\\/www.pinterest.com\\\/aztex_eesti\\\/\",\"https:\\\/\\\/www.tiktok.com\\\/@aztexeesti\",\"https:\\\/\\\/www.trustpilot.com\\\/review\\\/aztex.ee\",\"https:\\\/\\\/www.linkedin.com\\\/company\\\/aztex-ee\\\/\",\"https:\\\/\\\/www.wikidata.org\\\/wiki\\\/Q137560182\"]}]}<\/script>\n<!-- \/ Yoast SEO plugin. -->","yoast_head_json":{"title":"Informacija | AZTEX","description":"M\u016bs\u0173 antklod\u017ei\u0173, vaiki\u0161k\u0173 antklod\u017ei\u0173, rank\u0161luos\u010di\u0173 ir patalyn\u0117s komplekt\u0173 pasirinkimas yra gausus ir \u012fvairus, o visus m\u016bs\u0173 gami...","robots":{"index":"index","follow":"follow","max-snippet":"max-snippet:-1","max-image-preview":"max-image-preview:large","max-video-preview":"max-video-preview:-1"},"canonical":"https:\/\/aztex.ee\/lt\/informacija\/","og_locale":"lt_LT","og_type":"article","og_title":"Informacija | AZTEX","og_description":"M\u016bs\u0173 antklod\u017ei\u0173, vaiki\u0161k\u0173 antklod\u017ei\u0173, rank\u0161luos\u010di\u0173 ir patalyn\u0117s komplekt\u0173 pasirinkimas yra gausus ir \u012fvairus, o visus m\u016bs\u0173 gami...","og_url":"https:\/\/aztex.ee\/lt\/informacija\/","og_site_name":"AZTEX","article_publisher":"https:\/\/www.facebook.com\/AztexEE","article_modified_time":"2024-09-02T08:31:17+00:00","twitter_card":"summary_large_image","twitter_misc":{"Est. reading time":"2 minut\u0117s"},"schema":{"@context":"https:\/\/schema.org","@graph":[{"@type":"WebPage","@id":"https:\/\/aztex.ee\/lt\/informacija\/","url":"https:\/\/aztex.ee\/lt\/informacija\/","name":"Informacija | AZTEX","isPartOf":{"@id":"https:\/\/aztex.ee\/lt\/#website"},"datePublished":"2024-08-15T14:44:36+00:00","dateModified":"2024-09-02T08:31:17+00:00","description":"M\u016bs\u0173 antklod\u017ei\u0173, vaiki\u0161k\u0173 antklod\u017ei\u0173, rank\u0161luos\u010di\u0173 ir patalyn\u0117s komplekt\u0173 pasirinkimas yra gausus ir \u012fvairus, o visus m\u016bs\u0173 gami...","breadcrumb":{"@id":"https:\/\/aztex.ee\/lt\/informacija\/#breadcrumb"},"inLanguage":"lt-LT","potentialAction":[{"@type":"ReadAction","target":["https:\/\/aztex.ee\/lt\/informacija\/"]}]},{"@type":"BreadcrumbList","@id":"https:\/\/aztex.ee\/lt\/informacija\/#breadcrumb","itemListElement":[{"@type":"ListItem","position":1,"name":"Prad\u017eia","item":"https:\/\/aztex.ee\/lt\/"},{"@type":"ListItem","position":2,"name":"Informacija"}]},{"@type":"WebSite","@id":"https:\/\/aztex.ee\/lt\/#website","url":"https:\/\/aztex.ee\/lt\/","name":"AZTEX","description":"","publisher":{"@id":"https:\/\/aztex.ee\/lt\/#organization"},"potentialAction":[{"@type":"SearchAction","target":{"@type":"EntryPoint","urlTemplate":"https:\/\/aztex.ee\/lt\/?s={search_term_string}"},"query-input":{"@type":"PropertyValueSpecification","valueRequired":true,"valueName":"search_term_string"}}],"inLanguage":"lt-LT"},{"@type":"Organization","@id":"https:\/\/aztex.ee\/lt\/#organization","name":"AZTEX","url":"https:\/\/aztex.ee\/lt\/","logo":{"@type":"ImageObject","inLanguage":"lt-LT","@id":"https:\/\/aztex.ee\/lt\/#\/schema\/logo\/image\/","url":"https:\/\/aztex.ee\/wp-content\/uploads\/2026\/01\/AZTEX.png","contentUrl":"https:\/\/aztex.ee\/wp-content\/uploads\/2026\/01\/AZTEX.png","width":500,"height":500,"caption":"AZTEX"},"image":{"@id":"https:\/\/aztex.ee\/lt\/#\/schema\/logo\/image\/"},"sameAs":["https:\/\/www.facebook.com\/AztexEE","https:\/\/www.instagram.com\/aztexeesti\/","https:\/\/www.youtube.com\/@AZTEXEE","https:\/\/www.pinterest.com\/aztex_eesti\/","https:\/\/www.tiktok.com\/@aztexeesti","https:\/\/www.trustpilot.com\/review\/aztex.ee","https:\/\/www.linkedin.com\/company\/aztex-ee\/","https:\/\/www.wikidata.org\/wiki\/Q137560182"]}]}},"_links":{"self":[{"href":"https:\/\/aztex.ee\/lt\/wp-json\/wp\/v2\/pages\/19672","targetHints":{"allow":["GET"]}}],"collection":[{"href":"https:\/\/aztex.ee\/lt\/wp-json\/wp\/v2\/pages"}],"about":[{"href":"https:\/\/aztex.ee\/lt\/wp-json\/wp\/v2\/types\/page"}],"author":[{"embeddable":true,"href":"https:\/\/aztex.ee\/lt\/wp-json\/wp\/v2\/users\/1"}],"replies":[{"embeddable":true,"href":"https:\/\/aztex.ee\/lt\/wp-json\/wp\/v2\/comments?post=19672"}],"version-history":[{"count":0,"href":"https:\/\/aztex.ee\/lt\/wp-json\/wp\/v2\/pages\/19672\/revisions"}],"wp:attachment":[{"href":"https:\/\/aztex.ee\/lt\/wp-json\/wp\/v2\/media?parent=19672"}],"curies":[{"name":"wp","href":"https:\/\/api.w.org\/{rel}","templated":true}]}}