{"id":107161,"date":"2026-03-16T07:17:40","date_gmt":"2026-03-16T07:17:40","guid":{"rendered":"https:\/\/aztex.ee\/meist\/"},"modified":"2026-03-16T10:33:38","modified_gmt":"2026-03-16T10:33:38","slug":"apie-aztex","status":"publish","type":"page","link":"https:\/\/aztex.ee\/lt\/apie-aztex\/","title":{"rendered":"Apie AZTEX"},"content":{"rendered":"\n<p class=\"wp-block-wd-paragraph wd-5105739f\"><strong>AZTEX<\/strong> yra tarptautinis <strong>nam\u0173 tekstil\u0117s prek\u0117s \u017eenklas<\/strong>, si\u016blantis auk\u0161tos kokyb\u0117s patalyn\u0119 ir tekstil\u0117s gaminius klientams visame pasaulyje. Prek\u0117s \u017eenklas priklauso \u012fmonei <strong>AZTEX Eesti O\u00dc<\/strong>, kuri yra <strong>Minu Baltic O\u00dc<\/strong> dukterin\u0117 \u012fmon\u0117. AZTEX \u012fk\u016br\u0117 verslininkas <strong>Faridas Ismajilovas (Farid Ismayilov)<\/strong>.<\/p>\n\n\n\n<p class=\"wp-block-wd-paragraph wd-7abdada8\">M\u016bs\u0173 tikslas \u2013 pateikti kokybi\u0161kus ir patikimus nam\u0173 tekstil\u0117s gaminius, kurie padeda sukurti <strong>patogi\u0105 ir sveik\u0105 nam\u0173 aplink\u0105<\/strong>. Tikime, kad geras miegas ir jauk\u016bs namai prasideda nuo auk\u0161\u010diausios kokyb\u0117s med\u017eiag\u0173 ir kruop\u0161\u010diai parinkt\u0173 produkt\u0173.<\/p>\n\n\n\n<p class=\"wp-block-wd-paragraph wd-4b815cc8\">\u0160iandien AZTEX savo produkcija prekiauja <strong>daugiau nei 35 \u0161alyse<\/strong> visame pasaulyje, \u012fskaitant: <strong>Lietuv\u0105, Estij\u0105, \u0160vedij\u0105, Danij\u0105, Norvegij\u0105, Suomij\u0105, Lenkij\u0105, \u010cekij\u0105, Vengrij\u0105, Nyderlandus, Slovakij\u0105, Vokietij\u0105, Austrij\u0105, \u0160veicarij\u0105, Islandij\u0105, Farer\u0173 salas, Latvij\u0105, Kosov\u0105, Bulgarij\u0105, Rumunij\u0105, Pranc\u016bzij\u0105, Jungtin\u0119 Karalyst\u0119, Slov\u0117nij\u0105, \u0160iaur\u0117s Makedonij\u0105, Kroatij\u0105, Italij\u0105, Ispanij\u0105, Bosnij\u0105 ir Hercegovin\u0105, Serbij\u0105, Juodkalnij\u0105, Graikij\u0105, Albanij\u0105, Malt\u0105, Portugalij\u0105, Airij\u0105, Jungtines Amerikos Valstijas, Kanad\u0105 ir Meksik\u0105.<\/strong><\/p>\n\n\n\n<p class=\"wp-block-wd-paragraph wd-f2e8fb6a\">AZTEX did\u017eiausi\u0105 d\u0117mes\u012f skiria kokybei, komfortui ir nat\u016bralioms med\u017eiagoms. M\u016bs\u0173 asortiment\u0105 sudaro kruop\u0161\u010diai atrinkti audiniai, tokie kaip <strong>medviln\u0117, linas, bambukas, \u201eTencel\u201c (Lyocell), kanapi\u0173 pluo\u0161tas ir \u0161ilkas.<\/strong> \u0160ios med\u017eiagos praleid\u017eia or\u0105, yra draugi\u0161kos odai ir patvarios, tod\u0117l u\u017etikrina patog\u0173 ir kokybi\u0161k\u0105 mieg\u0105.<\/p>\n\n\n\n<p class=\"wp-block-wd-paragraph wd-84279ddb\">Mums svarbu, kad nam\u0173 tekstil\u0117 b\u016bt\u0173 ne tik prakti\u0161ka, bet ir esteti\u0161ka bei ilgaam\u017e\u0117. Tod\u0117l didel\u012f d\u0117mes\u012f skiriame tiek med\u017eiag\u0173 kokybei, tiek savo gamini\u0173 dizainui.<\/p>\n\n\n\n<h3 class=\"wp-block-wd-title title wd-11e5b659\"><strong>Kod\u0117l klientai mumis pasitiki?<\/strong><\/h3>\n\n\n\n<p class=\"wp-block-wd-paragraph wd-6eab627a\"><strong>Auk\u0161tos kokyb\u0117s med\u017eiagos<\/strong> Savo gaminius renkam\u0117s itin kruop\u0161\u010diai, kad u\u017etikrintume j\u0173 patvarum\u0105 ir komfort\u0105.<\/p>\n\n\n\n<p class=\"wp-block-wd-paragraph wd-76e52c18\"><strong>Tarptautin\u0117 patirtis<\/strong> Aptarnaujame klientus visame pasaulyje ir teikiame pagalb\u0105 <strong>19 skirting\u0173 kalb\u0173<\/strong>.<\/p>\n\n\n\n<p class=\"wp-block-wd-paragraph wd-a176bc6d\"><strong>Klient\u0173 pasitenkinimas<\/strong> M\u016bs\u0173 <strong><a href=\"https:\/\/www.trustpilot.com\/review\/aztex.ee\" type=\"link\" id=\"https:\/\/www.trustpilot.com\/review\/aztex.ee\" target=\"_blank\" rel=\"noreferrer noopener\">4.8 \/ 5 \u012fvertinimas \u201eTrustpilot\u201c<\/a><\/strong> platformoje \u012frodo, kad klientai vertina m\u016bs\u0173 gamini\u0173 kokyb\u0119 ir aptarnavim\u0105.<\/p>\n\n\n\n<p class=\"wp-block-wd-paragraph wd-5d14e650\">D\u0117kojame, kad savo namams pasirinkote <strong>AZTEX<\/strong>. M\u016bs\u0173 misija \u2013 pasi\u016blyti patikim\u0105 ir kokybi\u0161k\u0105 pasirinkim\u0105 nam\u0173 tekstil\u0117s pasaulyje.<\/p>\n","protected":false},"excerpt":{"rendered":"","protected":false},"author":1,"featured_media":0,"parent":0,"menu_order":0,"comment_status":"closed","ping_status":"closed","template":"","meta":{"footnotes":""},"class_list":["post-107161","page","type-page","status-publish","hentry"],"yoast_head":"<!-- This site is optimized with the Yoast SEO plugin v27.6 - https:\/\/yoast.com\/product\/yoast-seo-wordpress\/ -->\n<title>Apie AZTEX | Kokybi\u0161ka nam\u0173 tekstil\u0117 ir patalyn\u0117<\/title>\n<meta name=\"description\" content=\"AZTEX yra tarptautinis nam\u0173 tekstil\u0117s prek\u0117s \u017eenklas, si\u016blantis auk\u0161tos kokyb\u0117s patalyn\u0119 ir tekstil\u0117s gaminius klientams visame pasaulyje. Prek\u0117s \u017eenklas priklauso \u012fmonei AZTEX Eesti O\u00dc, kuri yra Minu Baltic O\u00dc dukterin\u0117 \u012fmon\u0117. AZTEX \u012fk\u016br\u0117 verslininkas Faridas Ismajilovas (Farid Ismayilov).\" \/>\n<meta name=\"robots\" content=\"index, follow, max-snippet:-1, max-image-preview:large, max-video-preview:-1\" \/>\n<link rel=\"canonical\" href=\"https:\/\/aztex.ee\/lt\/apie-aztex\/\" \/>\n<meta property=\"og:locale\" content=\"lt_LT\" \/>\n<meta property=\"og:type\" content=\"article\" \/>\n<meta property=\"og:title\" content=\"Apie AZTEX | Kokybi\u0161ka nam\u0173 tekstil\u0117 ir patalyn\u0117\" \/>\n<meta property=\"og:description\" content=\"AZTEX yra tarptautinis nam\u0173 tekstil\u0117s prek\u0117s \u017eenklas, si\u016blantis auk\u0161tos kokyb\u0117s patalyn\u0119 ir tekstil\u0117s gaminius klientams visame pasaulyje. Prek\u0117s \u017eenklas priklauso \u012fmonei AZTEX Eesti O\u00dc, kuri yra Minu Baltic O\u00dc dukterin\u0117 \u012fmon\u0117. AZTEX \u012fk\u016br\u0117 verslininkas Faridas Ismajilovas (Farid Ismayilov).\" \/>\n<meta property=\"og:url\" content=\"https:\/\/aztex.ee\/lt\/apie-aztex\/\" \/>\n<meta property=\"og:site_name\" content=\"AZTEX\" \/>\n<meta property=\"article:publisher\" content=\"https:\/\/www.facebook.com\/AztexEE\" \/>\n<meta property=\"article:modified_time\" content=\"2026-03-16T10:33:38+00:00\" \/>\n<meta name=\"twitter:card\" content=\"summary_large_image\" \/>\n<meta name=\"twitter:label1\" content=\"Est. reading time\" \/>\n\t<meta name=\"twitter:data1\" content=\"2 minut\u0117s\" \/>\n<script type=\"application\/ld+json\" class=\"yoast-schema-graph\">{\"@context\":\"https:\\\/\\\/schema.org\",\"@graph\":[{\"@type\":\"WebPage\",\"@id\":\"https:\\\/\\\/aztex.ee\\\/lt\\\/apie-aztex\\\/\",\"url\":\"https:\\\/\\\/aztex.ee\\\/lt\\\/apie-aztex\\\/\",\"name\":\"Apie AZTEX | Kokybi\u0161ka nam\u0173 tekstil\u0117 ir patalyn\u0117\",\"isPartOf\":{\"@id\":\"https:\\\/\\\/aztex.ee\\\/lt\\\/#website\"},\"datePublished\":\"2026-03-16T07:17:40+00:00\",\"dateModified\":\"2026-03-16T10:33:38+00:00\",\"description\":\"AZTEX yra tarptautinis nam\u0173 tekstil\u0117s prek\u0117s \u017eenklas, si\u016blantis auk\u0161tos kokyb\u0117s patalyn\u0119 ir tekstil\u0117s gaminius klientams visame pasaulyje. Prek\u0117s \u017eenklas priklauso \u012fmonei AZTEX Eesti O\u00dc, kuri yra Minu Baltic O\u00dc dukterin\u0117 \u012fmon\u0117. AZTEX \u012fk\u016br\u0117 verslininkas Faridas Ismajilovas (Farid Ismayilov).\",\"breadcrumb\":{\"@id\":\"https:\\\/\\\/aztex.ee\\\/lt\\\/apie-aztex\\\/#breadcrumb\"},\"inLanguage\":\"lt-LT\",\"potentialAction\":[{\"@type\":\"ReadAction\",\"target\":[\"https:\\\/\\\/aztex.ee\\\/lt\\\/apie-aztex\\\/\"]}]},{\"@type\":\"BreadcrumbList\",\"@id\":\"https:\\\/\\\/aztex.ee\\\/lt\\\/apie-aztex\\\/#breadcrumb\",\"itemListElement\":[{\"@type\":\"ListItem\",\"position\":1,\"name\":\"Prad\u017eia\",\"item\":\"https:\\\/\\\/aztex.ee\\\/lt\\\/\"},{\"@type\":\"ListItem\",\"position\":2,\"name\":\"Apie AZTEX\"}]},{\"@type\":\"WebSite\",\"@id\":\"https:\\\/\\\/aztex.ee\\\/lt\\\/#website\",\"url\":\"https:\\\/\\\/aztex.ee\\\/lt\\\/\",\"name\":\"AZTEX\",\"description\":\"\",\"publisher\":{\"@id\":\"https:\\\/\\\/aztex.ee\\\/lt\\\/#organization\"},\"potentialAction\":[{\"@type\":\"SearchAction\",\"target\":{\"@type\":\"EntryPoint\",\"urlTemplate\":\"https:\\\/\\\/aztex.ee\\\/lt\\\/?s={search_term_string}\"},\"query-input\":{\"@type\":\"PropertyValueSpecification\",\"valueRequired\":true,\"valueName\":\"search_term_string\"}}],\"inLanguage\":\"lt-LT\"},{\"@type\":\"Organization\",\"@id\":\"https:\\\/\\\/aztex.ee\\\/lt\\\/#organization\",\"name\":\"AZTEX\",\"url\":\"https:\\\/\\\/aztex.ee\\\/lt\\\/\",\"logo\":{\"@type\":\"ImageObject\",\"inLanguage\":\"lt-LT\",\"@id\":\"https:\\\/\\\/aztex.ee\\\/lt\\\/#\\\/schema\\\/logo\\\/image\\\/\",\"url\":\"https:\\\/\\\/aztex.ee\\\/wp-content\\\/uploads\\\/2026\\\/01\\\/AZTEX.png\",\"contentUrl\":\"https:\\\/\\\/aztex.ee\\\/wp-content\\\/uploads\\\/2026\\\/01\\\/AZTEX.png\",\"width\":500,\"height\":500,\"caption\":\"AZTEX\"},\"image\":{\"@id\":\"https:\\\/\\\/aztex.ee\\\/lt\\\/#\\\/schema\\\/logo\\\/image\\\/\"},\"sameAs\":[\"https:\\\/\\\/www.facebook.com\\\/AztexEE\",\"https:\\\/\\\/www.instagram.com\\\/aztexeesti\\\/\",\"https:\\\/\\\/www.youtube.com\\\/@AZTEXEE\",\"https:\\\/\\\/www.pinterest.com\\\/aztex_eesti\\\/\",\"https:\\\/\\\/www.tiktok.com\\\/@aztexeesti\",\"https:\\\/\\\/www.trustpilot.com\\\/review\\\/aztex.ee\",\"https:\\\/\\\/www.linkedin.com\\\/company\\\/aztex-ee\\\/\",\"https:\\\/\\\/www.wikidata.org\\\/wiki\\\/Q137560182\"]}]}<\/script>\n<!-- \/ Yoast SEO plugin. -->","yoast_head_json":{"title":"Apie AZTEX | Kokybi\u0161ka nam\u0173 tekstil\u0117 ir patalyn\u0117","description":"AZTEX yra tarptautinis nam\u0173 tekstil\u0117s prek\u0117s \u017eenklas, si\u016blantis auk\u0161tos kokyb\u0117s patalyn\u0119 ir tekstil\u0117s gaminius klientams visame pasaulyje. Prek\u0117s \u017eenklas priklauso \u012fmonei AZTEX Eesti O\u00dc, kuri yra Minu Baltic O\u00dc dukterin\u0117 \u012fmon\u0117. AZTEX \u012fk\u016br\u0117 verslininkas Faridas Ismajilovas (Farid Ismayilov).","robots":{"index":"index","follow":"follow","max-snippet":"max-snippet:-1","max-image-preview":"max-image-preview:large","max-video-preview":"max-video-preview:-1"},"canonical":"https:\/\/aztex.ee\/lt\/apie-aztex\/","og_locale":"lt_LT","og_type":"article","og_title":"Apie AZTEX | Kokybi\u0161ka nam\u0173 tekstil\u0117 ir patalyn\u0117","og_description":"AZTEX yra tarptautinis nam\u0173 tekstil\u0117s prek\u0117s \u017eenklas, si\u016blantis auk\u0161tos kokyb\u0117s patalyn\u0119 ir tekstil\u0117s gaminius klientams visame pasaulyje. Prek\u0117s \u017eenklas priklauso \u012fmonei AZTEX Eesti O\u00dc, kuri yra Minu Baltic O\u00dc dukterin\u0117 \u012fmon\u0117. AZTEX \u012fk\u016br\u0117 verslininkas Faridas Ismajilovas (Farid Ismayilov).","og_url":"https:\/\/aztex.ee\/lt\/apie-aztex\/","og_site_name":"AZTEX","article_publisher":"https:\/\/www.facebook.com\/AztexEE","article_modified_time":"2026-03-16T10:33:38+00:00","twitter_card":"summary_large_image","twitter_misc":{"Est. reading time":"2 minut\u0117s"},"schema":{"@context":"https:\/\/schema.org","@graph":[{"@type":"WebPage","@id":"https:\/\/aztex.ee\/lt\/apie-aztex\/","url":"https:\/\/aztex.ee\/lt\/apie-aztex\/","name":"Apie AZTEX | Kokybi\u0161ka nam\u0173 tekstil\u0117 ir patalyn\u0117","isPartOf":{"@id":"https:\/\/aztex.ee\/lt\/#website"},"datePublished":"2026-03-16T07:17:40+00:00","dateModified":"2026-03-16T10:33:38+00:00","description":"AZTEX yra tarptautinis nam\u0173 tekstil\u0117s prek\u0117s \u017eenklas, si\u016blantis auk\u0161tos kokyb\u0117s patalyn\u0119 ir tekstil\u0117s gaminius klientams visame pasaulyje. Prek\u0117s \u017eenklas priklauso \u012fmonei AZTEX Eesti O\u00dc, kuri yra Minu Baltic O\u00dc dukterin\u0117 \u012fmon\u0117. AZTEX \u012fk\u016br\u0117 verslininkas Faridas Ismajilovas (Farid Ismayilov).","breadcrumb":{"@id":"https:\/\/aztex.ee\/lt\/apie-aztex\/#breadcrumb"},"inLanguage":"lt-LT","potentialAction":[{"@type":"ReadAction","target":["https:\/\/aztex.ee\/lt\/apie-aztex\/"]}]},{"@type":"BreadcrumbList","@id":"https:\/\/aztex.ee\/lt\/apie-aztex\/#breadcrumb","itemListElement":[{"@type":"ListItem","position":1,"name":"Prad\u017eia","item":"https:\/\/aztex.ee\/lt\/"},{"@type":"ListItem","position":2,"name":"Apie AZTEX"}]},{"@type":"WebSite","@id":"https:\/\/aztex.ee\/lt\/#website","url":"https:\/\/aztex.ee\/lt\/","name":"AZTEX","description":"","publisher":{"@id":"https:\/\/aztex.ee\/lt\/#organization"},"potentialAction":[{"@type":"SearchAction","target":{"@type":"EntryPoint","urlTemplate":"https:\/\/aztex.ee\/lt\/?s={search_term_string}"},"query-input":{"@type":"PropertyValueSpecification","valueRequired":true,"valueName":"search_term_string"}}],"inLanguage":"lt-LT"},{"@type":"Organization","@id":"https:\/\/aztex.ee\/lt\/#organization","name":"AZTEX","url":"https:\/\/aztex.ee\/lt\/","logo":{"@type":"ImageObject","inLanguage":"lt-LT","@id":"https:\/\/aztex.ee\/lt\/#\/schema\/logo\/image\/","url":"https:\/\/aztex.ee\/wp-content\/uploads\/2026\/01\/AZTEX.png","contentUrl":"https:\/\/aztex.ee\/wp-content\/uploads\/2026\/01\/AZTEX.png","width":500,"height":500,"caption":"AZTEX"},"image":{"@id":"https:\/\/aztex.ee\/lt\/#\/schema\/logo\/image\/"},"sameAs":["https:\/\/www.facebook.com\/AztexEE","https:\/\/www.instagram.com\/aztexeesti\/","https:\/\/www.youtube.com\/@AZTEXEE","https:\/\/www.pinterest.com\/aztex_eesti\/","https:\/\/www.tiktok.com\/@aztexeesti","https:\/\/www.trustpilot.com\/review\/aztex.ee","https:\/\/www.linkedin.com\/company\/aztex-ee\/","https:\/\/www.wikidata.org\/wiki\/Q137560182"]}]}},"_links":{"self":[{"href":"https:\/\/aztex.ee\/lt\/wp-json\/wp\/v2\/pages\/107161","targetHints":{"allow":["GET"]}}],"collection":[{"href":"https:\/\/aztex.ee\/lt\/wp-json\/wp\/v2\/pages"}],"about":[{"href":"https:\/\/aztex.ee\/lt\/wp-json\/wp\/v2\/types\/page"}],"author":[{"embeddable":true,"href":"https:\/\/aztex.ee\/lt\/wp-json\/wp\/v2\/users\/1"}],"replies":[{"embeddable":true,"href":"https:\/\/aztex.ee\/lt\/wp-json\/wp\/v2\/comments?post=107161"}],"version-history":[{"count":4,"href":"https:\/\/aztex.ee\/lt\/wp-json\/wp\/v2\/pages\/107161\/revisions"}],"predecessor-version":[{"id":107222,"href":"https:\/\/aztex.ee\/lt\/wp-json\/wp\/v2\/pages\/107161\/revisions\/107222"}],"wp:attachment":[{"href":"https:\/\/aztex.ee\/lt\/wp-json\/wp\/v2\/media?parent=107161"}],"curies":[{"name":"wp","href":"https:\/\/api.w.org\/{rel}","templated":true}]}}