{"id":86680,"date":"2025-05-15T22:08:29","date_gmt":"2025-05-15T22:08:29","guid":{"rendered":"https:\/\/aztex.ee\/?post_type=product&#038;p=86680"},"modified":"2026-02-01T16:43:47","modified_gmt":"2026-02-01T16:43:47","slug":"set-di-biancheria-premium-bambu-oceano","status":"publish","type":"product","link":"https:\/\/aztex.ee\/it\/pood\/biancheria-da-letto\/set-di-biancheria-premium-bambu-oceano\/","title":{"rendered":"Set di biancheria premium 100% bamb\u00f9 | Oceano"},"content":{"rendered":"<p>I set di biancheria da letto in bamb\u00f9 sono prodotti tessili di alta qualit\u00e0, morbidi e traspiranti realizzati in fibra di bamb\u00f9 naturale. Questi set sono appositamente progettati per garantire un sonno confortevole. La fibra di bamb\u00f9 \u00e8 naturalmente traspirante e ha la capacit\u00e0 di allontanare l\u2019umidit\u00e0, prevenendo la sudorazione e mantenendoti pulito e fresco pi\u00f9 a lungo.<\/p>\n<p>I set di biancheria da letto in bamb\u00f9 utilizzano in genere materiali ecologici e sostenibili. La pianta del bamb\u00f9 \u00e8 nota per la sua rapida crescita e il basso consumo di acqua, che riducono l\u2019impatto ambientale del processo produttivo. Inoltre, la fibra di bamb\u00f9 crea una sensazione lussuosa con la sua consistenza morbida ed \u00e8 delicata sulla pelle senza danneggiarla.<\/p>\n<p>I set di biancheria da letto in bamb\u00f9 hanno propriet\u00e0 antibatteriche e antiallergiche naturali che mantengono l\u2019igiene e offrono comfort durante il sonno. Sono noti per il loro effetto rinfrescante e rinfrescante nella stagione calda.<\/p>\n<p>Di conseguenza, i set di biancheria da letto in bamb\u00f9 sono prodotti ecologici e confortevoli che offrono un sonno di qualit\u00e0 ai loro utenti.<\/p>\n","protected":false},"excerpt":{"rendered":"<p>La biancheria da letto realizzata al 100% in bamb\u00f9 coltivato in modo sostenibile \u00e8 ipoallergenica e antibatterica.<\/p>\n<ul>\n<li>Colore: Oceano<\/li>\n<li>Materiale: 100% bamb\u00f9<\/li>\n<li>Conteggio fili: 300 TC<\/li>\n<li>Copripiumino: 200\u00d7220 cm<\/li>\n<li>Federa: 50\u00d770 cm (2 pezzi)<\/li>\n<li>Lenzuolo: 220\u00d7240 cm<\/li>\n<\/ul>\n<p><img loading=\"lazy\" decoding=\"async\" class=\"alignnone wp-image-20226\" src=\"https:\/\/aztex.ee\/wp-content\/uploads\/2024\/09\/oekotex100.png\" alt=\"\" width=\"196\" height=\"69\" srcset=\"https:\/\/aztex.ee\/wp-content\/uploads\/2024\/09\/oekotex100.png 204w, https:\/\/aztex.ee\/wp-content\/uploads\/2024\/09\/oekotex100-150x53.png 150w\" sizes=\"auto, (max-width: 196px) 100vw, 196px\" \/><img loading=\"lazy\" decoding=\"async\" class=\"alignnone wp-image-20260\" src=\"https:\/\/aztex.ee\/wp-content\/uploads\/2024\/09\/bambuuss.png\" alt=\"\" width=\"75\" height=\"75\" srcset=\"https:\/\/aztex.ee\/wp-content\/uploads\/2024\/09\/bambuuss.png 204w, https:\/\/aztex.ee\/wp-content\/uploads\/2024\/09\/bambuuss-150x150.png 150w\" sizes=\"auto, (max-width: 75px) 100vw, 75px\" \/><\/p>\n<p>Ipoallergenico e traspirante.<br \/>\nUna scelta ideale per la pelle sensibile o per chi ha l\u2019eczema, soprattutto per le persone che tendono a sudare durante la notte. I set di biancheria da letto in bamb\u00f9 sono confezionati in una borsa realizzata con lo stesso tessuto.<\/p>\n","protected":false},"featured_media":86726,"comment_status":"open","ping_status":"closed","template":"","meta":[],"product_brand":[],"product_cat":[109,142,500,404],"product_tag":[],"class_list":{"0":"post-86680","1":"product","2":"type-product","3":"status-publish","4":"has-post-thumbnail","6":"product_cat-biancheria-da-letto","7":"product_cat-biancheria-da-letto-in-bambu","8":"product_cat-set-di-biancheria-da-letto","9":"product_cat-set-di-biancheria-da-letto-in-bambu","11":"first","12":"instock","13":"sale","14":"shipping-taxable","15":"purchasable","16":"product-type-simple"},"yoast_head":"<!-- This site is optimized with the Yoast SEO plugin v27.3 - https:\/\/yoast.com\/product\/yoast-seo-wordpress\/ -->\n<title>Set di biancheria premium 100% bamb\u00f9 - Oceano | AZTEX<\/title>\n<meta name=\"description\" content=\"Il set di biancheria da letto in bamb\u00f9 \u00e8 la scelta perfetta per chi cerca un materiale naturale, traspirante e di alta qualit\u00e0 che offra un comfort costante per tutta la notte.\" \/>\n<meta name=\"robots\" content=\"index, follow, max-snippet:-1, max-image-preview:large, max-video-preview:-1\" \/>\n<link rel=\"canonical\" href=\"https:\/\/aztex.ee\/it\/pood\/biancheria-da-letto\/set-di-biancheria-premium-bambu-oceano\/\" \/>\n<meta property=\"og:locale\" content=\"it_IT\" \/>\n<meta property=\"og:type\" content=\"article\" \/>\n<meta property=\"og:title\" content=\"Set di biancheria premium 100% bamb\u00f9 - Oceano | AZTEX\" \/>\n<meta property=\"og:description\" content=\"Il set di biancheria da letto in bamb\u00f9 \u00e8 la scelta perfetta per chi cerca un materiale naturale, traspirante e di alta qualit\u00e0 che offra un comfort costante per tutta la notte.\" \/>\n<meta property=\"og:url\" content=\"https:\/\/aztex.ee\/it\/pood\/biancheria-da-letto\/set-di-biancheria-premium-bambu-oceano\/\" \/>\n<meta property=\"og:site_name\" content=\"AZTEX\" \/>\n<meta property=\"article:publisher\" content=\"https:\/\/www.facebook.com\/AztexEE\" \/>\n<meta property=\"article:modified_time\" content=\"2026-02-01T16:43:47+00:00\" \/>\n<meta property=\"og:image\" content=\"https:\/\/aztex.ee\/wp-content\/uploads\/2025\/05\/Premium-voodipesukomplekt-bambus-Ookean.jpg\" \/>\n\t<meta property=\"og:image:width\" content=\"800\" \/>\n\t<meta property=\"og:image:height\" content=\"800\" \/>\n\t<meta property=\"og:image:type\" content=\"image\/jpeg\" \/>\n<meta name=\"twitter:card\" content=\"summary_large_image\" \/>\n<meta name=\"twitter:label1\" content=\"Tempo di lettura stimato\" \/>\n\t<meta name=\"twitter:data1\" content=\"2 minuti\" \/>\n<script type=\"application\/ld+json\" class=\"yoast-schema-graph\">{\"@context\":\"https:\\\/\\\/schema.org\",\"@graph\":[{\"@type\":[\"WebPage\",\"ItemPage\"],\"@id\":\"https:\\\/\\\/aztex.ee\\\/it\\\/pood\\\/biancheria-da-letto\\\/set-di-biancheria-premium-bambu-oceano\\\/\",\"url\":\"https:\\\/\\\/aztex.ee\\\/it\\\/pood\\\/biancheria-da-letto\\\/set-di-biancheria-premium-bambu-oceano\\\/\",\"name\":\"Set di biancheria premium 100% bamb\u00f9 - Oceano | AZTEX\",\"isPartOf\":{\"@id\":\"https:\\\/\\\/aztex.ee\\\/it\\\/#website\"},\"primaryImageOfPage\":{\"@id\":\"https:\\\/\\\/aztex.ee\\\/it\\\/pood\\\/biancheria-da-letto\\\/set-di-biancheria-premium-bambu-oceano\\\/#primaryimage\"},\"image\":{\"@id\":\"https:\\\/\\\/aztex.ee\\\/it\\\/pood\\\/biancheria-da-letto\\\/set-di-biancheria-premium-bambu-oceano\\\/#primaryimage\"},\"thumbnailUrl\":\"https:\\\/\\\/aztex.ee\\\/wp-content\\\/uploads\\\/2025\\\/05\\\/Premium-voodipesukomplekt-bambus-Ookean.jpg\",\"datePublished\":\"2025-05-15T22:08:29+00:00\",\"dateModified\":\"2026-02-01T16:43:47+00:00\",\"description\":\"Il set di biancheria da letto in bamb\u00f9 \u00e8 la scelta perfetta per chi cerca un materiale naturale, traspirante e di alta qualit\u00e0 che offra un comfort costante per tutta la notte.\",\"breadcrumb\":{\"@id\":\"https:\\\/\\\/aztex.ee\\\/it\\\/pood\\\/biancheria-da-letto\\\/set-di-biancheria-premium-bambu-oceano\\\/#breadcrumb\"},\"inLanguage\":\"it-IT\",\"potentialAction\":[{\"@type\":\"ReadAction\",\"target\":[\"https:\\\/\\\/aztex.ee\\\/it\\\/pood\\\/biancheria-da-letto\\\/set-di-biancheria-premium-bambu-oceano\\\/\"]}]},{\"@type\":\"ImageObject\",\"inLanguage\":\"it-IT\",\"@id\":\"https:\\\/\\\/aztex.ee\\\/it\\\/pood\\\/biancheria-da-letto\\\/set-di-biancheria-premium-bambu-oceano\\\/#primaryimage\",\"url\":\"https:\\\/\\\/aztex.ee\\\/wp-content\\\/uploads\\\/2025\\\/05\\\/Premium-voodipesukomplekt-bambus-Ookean.jpg\",\"contentUrl\":\"https:\\\/\\\/aztex.ee\\\/wp-content\\\/uploads\\\/2025\\\/05\\\/Premium-voodipesukomplekt-bambus-Ookean.jpg\",\"width\":800,\"height\":800,\"caption\":\"Premium voodipesukomplekt bambus Ookean\"},{\"@type\":\"BreadcrumbList\",\"@id\":\"https:\\\/\\\/aztex.ee\\\/it\\\/pood\\\/biancheria-da-letto\\\/set-di-biancheria-premium-bambu-oceano\\\/#breadcrumb\",\"itemListElement\":[{\"@type\":\"ListItem\",\"position\":1,\"name\":\"Pagina Iniziale\",\"item\":\"https:\\\/\\\/aztex.ee\\\/it\\\/\"},{\"@type\":\"ListItem\",\"position\":2,\"name\":\"Negozio\",\"item\":\"https:\\\/\\\/aztex.ee\\\/it\\\/negozio\\\/\"},{\"@type\":\"ListItem\",\"position\":3,\"name\":\"Set di biancheria premium 100% bamb\u00f9 | Oceano\"}]},{\"@type\":\"WebSite\",\"@id\":\"https:\\\/\\\/aztex.ee\\\/it\\\/#website\",\"url\":\"https:\\\/\\\/aztex.ee\\\/it\\\/\",\"name\":\"AZTEX\",\"description\":\"\",\"publisher\":{\"@id\":\"https:\\\/\\\/aztex.ee\\\/it\\\/#organization\"},\"potentialAction\":[{\"@type\":\"SearchAction\",\"target\":{\"@type\":\"EntryPoint\",\"urlTemplate\":\"https:\\\/\\\/aztex.ee\\\/it\\\/?s={search_term_string}\"},\"query-input\":{\"@type\":\"PropertyValueSpecification\",\"valueRequired\":true,\"valueName\":\"search_term_string\"}}],\"inLanguage\":\"it-IT\"},{\"@type\":\"Organization\",\"@id\":\"https:\\\/\\\/aztex.ee\\\/it\\\/#organization\",\"name\":\"AZTEX\",\"url\":\"https:\\\/\\\/aztex.ee\\\/it\\\/\",\"logo\":{\"@type\":\"ImageObject\",\"inLanguage\":\"it-IT\",\"@id\":\"https:\\\/\\\/aztex.ee\\\/it\\\/#\\\/schema\\\/logo\\\/image\\\/\",\"url\":\"https:\\\/\\\/aztex.ee\\\/wp-content\\\/uploads\\\/2026\\\/01\\\/AZTEX.png\",\"contentUrl\":\"https:\\\/\\\/aztex.ee\\\/wp-content\\\/uploads\\\/2026\\\/01\\\/AZTEX.png\",\"width\":500,\"height\":500,\"caption\":\"AZTEX\"},\"image\":{\"@id\":\"https:\\\/\\\/aztex.ee\\\/it\\\/#\\\/schema\\\/logo\\\/image\\\/\"},\"sameAs\":[\"https:\\\/\\\/www.facebook.com\\\/AztexEE\",\"https:\\\/\\\/www.instagram.com\\\/aztexeesti\\\/\",\"https:\\\/\\\/www.youtube.com\\\/@AZTEXEE\",\"https:\\\/\\\/www.pinterest.com\\\/aztex_eesti\\\/\",\"https:\\\/\\\/www.tiktok.com\\\/@aztexeesti\",\"https:\\\/\\\/www.trustpilot.com\\\/review\\\/aztex.ee\",\"https:\\\/\\\/www.linkedin.com\\\/company\\\/aztex-ee\\\/\",\"https:\\\/\\\/www.wikidata.org\\\/wiki\\\/Q137560182\"]}]}<\/script>\n<!-- \/ Yoast SEO plugin. -->","yoast_head_json":{"title":"Set di biancheria premium 100% bamb\u00f9 - Oceano | AZTEX","description":"Il set di biancheria da letto in bamb\u00f9 \u00e8 la scelta perfetta per chi cerca un materiale naturale, traspirante e di alta qualit\u00e0 che offra un comfort costante per tutta la notte.","robots":{"index":"index","follow":"follow","max-snippet":"max-snippet:-1","max-image-preview":"max-image-preview:large","max-video-preview":"max-video-preview:-1"},"canonical":"https:\/\/aztex.ee\/it\/pood\/biancheria-da-letto\/set-di-biancheria-premium-bambu-oceano\/","og_locale":"it_IT","og_type":"article","og_title":"Set di biancheria premium 100% bamb\u00f9 - Oceano | AZTEX","og_description":"Il set di biancheria da letto in bamb\u00f9 \u00e8 la scelta perfetta per chi cerca un materiale naturale, traspirante e di alta qualit\u00e0 che offra un comfort costante per tutta la notte.","og_url":"https:\/\/aztex.ee\/it\/pood\/biancheria-da-letto\/set-di-biancheria-premium-bambu-oceano\/","og_site_name":"AZTEX","article_publisher":"https:\/\/www.facebook.com\/AztexEE","article_modified_time":"2026-02-01T16:43:47+00:00","og_image":[{"width":800,"height":800,"url":"https:\/\/aztex.ee\/wp-content\/uploads\/2025\/05\/Premium-voodipesukomplekt-bambus-Ookean.jpg","type":"image\/jpeg"}],"twitter_card":"summary_large_image","twitter_misc":{"Tempo di lettura stimato":"2 minuti"},"schema":{"@context":"https:\/\/schema.org","@graph":[{"@type":["WebPage","ItemPage"],"@id":"https:\/\/aztex.ee\/it\/pood\/biancheria-da-letto\/set-di-biancheria-premium-bambu-oceano\/","url":"https:\/\/aztex.ee\/it\/pood\/biancheria-da-letto\/set-di-biancheria-premium-bambu-oceano\/","name":"Set di biancheria premium 100% bamb\u00f9 - Oceano | AZTEX","isPartOf":{"@id":"https:\/\/aztex.ee\/it\/#website"},"primaryImageOfPage":{"@id":"https:\/\/aztex.ee\/it\/pood\/biancheria-da-letto\/set-di-biancheria-premium-bambu-oceano\/#primaryimage"},"image":{"@id":"https:\/\/aztex.ee\/it\/pood\/biancheria-da-letto\/set-di-biancheria-premium-bambu-oceano\/#primaryimage"},"thumbnailUrl":"https:\/\/aztex.ee\/wp-content\/uploads\/2025\/05\/Premium-voodipesukomplekt-bambus-Ookean.jpg","datePublished":"2025-05-15T22:08:29+00:00","dateModified":"2026-02-01T16:43:47+00:00","description":"Il set di biancheria da letto in bamb\u00f9 \u00e8 la scelta perfetta per chi cerca un materiale naturale, traspirante e di alta qualit\u00e0 che offra un comfort costante per tutta la notte.","breadcrumb":{"@id":"https:\/\/aztex.ee\/it\/pood\/biancheria-da-letto\/set-di-biancheria-premium-bambu-oceano\/#breadcrumb"},"inLanguage":"it-IT","potentialAction":[{"@type":"ReadAction","target":["https:\/\/aztex.ee\/it\/pood\/biancheria-da-letto\/set-di-biancheria-premium-bambu-oceano\/"]}]},{"@type":"ImageObject","inLanguage":"it-IT","@id":"https:\/\/aztex.ee\/it\/pood\/biancheria-da-letto\/set-di-biancheria-premium-bambu-oceano\/#primaryimage","url":"https:\/\/aztex.ee\/wp-content\/uploads\/2025\/05\/Premium-voodipesukomplekt-bambus-Ookean.jpg","contentUrl":"https:\/\/aztex.ee\/wp-content\/uploads\/2025\/05\/Premium-voodipesukomplekt-bambus-Ookean.jpg","width":800,"height":800,"caption":"Premium voodipesukomplekt bambus Ookean"},{"@type":"BreadcrumbList","@id":"https:\/\/aztex.ee\/it\/pood\/biancheria-da-letto\/set-di-biancheria-premium-bambu-oceano\/#breadcrumb","itemListElement":[{"@type":"ListItem","position":1,"name":"Pagina Iniziale","item":"https:\/\/aztex.ee\/it\/"},{"@type":"ListItem","position":2,"name":"Negozio","item":"https:\/\/aztex.ee\/it\/negozio\/"},{"@type":"ListItem","position":3,"name":"Set di biancheria premium 100% bamb\u00f9 | Oceano"}]},{"@type":"WebSite","@id":"https:\/\/aztex.ee\/it\/#website","url":"https:\/\/aztex.ee\/it\/","name":"AZTEX","description":"","publisher":{"@id":"https:\/\/aztex.ee\/it\/#organization"},"potentialAction":[{"@type":"SearchAction","target":{"@type":"EntryPoint","urlTemplate":"https:\/\/aztex.ee\/it\/?s={search_term_string}"},"query-input":{"@type":"PropertyValueSpecification","valueRequired":true,"valueName":"search_term_string"}}],"inLanguage":"it-IT"},{"@type":"Organization","@id":"https:\/\/aztex.ee\/it\/#organization","name":"AZTEX","url":"https:\/\/aztex.ee\/it\/","logo":{"@type":"ImageObject","inLanguage":"it-IT","@id":"https:\/\/aztex.ee\/it\/#\/schema\/logo\/image\/","url":"https:\/\/aztex.ee\/wp-content\/uploads\/2026\/01\/AZTEX.png","contentUrl":"https:\/\/aztex.ee\/wp-content\/uploads\/2026\/01\/AZTEX.png","width":500,"height":500,"caption":"AZTEX"},"image":{"@id":"https:\/\/aztex.ee\/it\/#\/schema\/logo\/image\/"},"sameAs":["https:\/\/www.facebook.com\/AztexEE","https:\/\/www.instagram.com\/aztexeesti\/","https:\/\/www.youtube.com\/@AZTEXEE","https:\/\/www.pinterest.com\/aztex_eesti\/","https:\/\/www.tiktok.com\/@aztexeesti","https:\/\/www.trustpilot.com\/review\/aztex.ee","https:\/\/www.linkedin.com\/company\/aztex-ee\/","https:\/\/www.wikidata.org\/wiki\/Q137560182"]}]}},"_links":{"self":[{"href":"https:\/\/aztex.ee\/it\/wp-json\/wp\/v2\/product\/86680","targetHints":{"allow":["GET"]}}],"collection":[{"href":"https:\/\/aztex.ee\/it\/wp-json\/wp\/v2\/product"}],"about":[{"href":"https:\/\/aztex.ee\/it\/wp-json\/wp\/v2\/types\/product"}],"replies":[{"embeddable":true,"href":"https:\/\/aztex.ee\/it\/wp-json\/wp\/v2\/comments?post=86680"}],"version-history":[{"count":0,"href":"https:\/\/aztex.ee\/it\/wp-json\/wp\/v2\/product\/86680\/revisions"}],"wp:featuredmedia":[{"embeddable":true,"href":"https:\/\/aztex.ee\/it\/wp-json\/wp\/v2\/media\/86726"}],"wp:attachment":[{"href":"https:\/\/aztex.ee\/it\/wp-json\/wp\/v2\/media?parent=86680"}],"wp:term":[{"taxonomy":"product_brand","embeddable":true,"href":"https:\/\/aztex.ee\/it\/wp-json\/wp\/v2\/product_brand?post=86680"},{"taxonomy":"product_cat","embeddable":true,"href":"https:\/\/aztex.ee\/it\/wp-json\/wp\/v2\/product_cat?post=86680"},{"taxonomy":"product_tag","embeddable":true,"href":"https:\/\/aztex.ee\/it\/wp-json\/wp\/v2\/product_tag?post=86680"}],"curies":[{"name":"wp","href":"https:\/\/api.w.org\/{rel}","templated":true}]}}