{"id":74579,"date":"2025-03-29T16:14:25","date_gmt":"2025-03-29T16:14:25","guid":{"rendered":"https:\/\/aztex.ee\/?post_type=product&#038;p=74579"},"modified":"2026-04-13T10:06:28","modified_gmt":"2026-04-13T10:06:28","slug":"asciugamano-da-bagno-in-cotone","status":"publish","type":"product","link":"https:\/\/aztex.ee\/it\/pood\/asciugamani-e-teli-da-bagno\/asciugamano-da-bagno-in-cotone\/","title":{"rendered":"Telo da bagno 70&#215;140 cm"},"content":{"rendered":"<p><strong>Asciugamano da bagno in cotone: morbidezza e praticit\u00e0 insieme<\/strong><\/p>\n<p>Un asciugamano da bagno in cotone \u00e8 fatto di fibre naturali, che sono delicate sulla pelle e hanno un&#8217;eccellente traspirabilit\u00e0. La consistenza morbida e delicata lo rende adatto anche alle pelli sensibili, offrendo una piacevole sensazione a ogni utilizzo. Grazie alla naturale permeabilit\u00e0 all&#8217;aria del cotone, l&#8217;asciugamano si asciuga rapidamente e rimane fresco pi\u00f9 a lungo.<\/p>\n<p><strong>Buon assorbimento dell&#8217;umidit\u00e0<\/strong><\/p>\n<p>Un asciugamano da bagno di alta qualit\u00e0 e a trama fitta assorbe efficacemente l&#8217;umidit\u00e0, aiutando il corpo ad asciugarsi rapidamente dopo una doccia, un bagno o una sauna. Le morbide fibre di cotone assicurano un assorbimento eccellente e un&#8217;asciugatura rapida, rendendolo perfetto per l&#8217;uso quotidiano e per essere portato con s\u00e9 in viaggio o alla spa.<\/p>\n<p><strong>Durevole e facile da curare<\/strong><\/p>\n<p>Il cotone \u00e8 un materiale durevole e duraturo che pu\u00f2 sopportare lavaggi frequenti e mantiene la sua morbidezza e qualit\u00e0 anche dopo anni. L&#8217;asciugamano da bagno \u00e8 lavabile in lavatrice e facile da curare: se lavato e asciugato correttamente, rimarr\u00e0 fresco e soffice a lungo. Il tessuto di alta qualit\u00e0 mantiene la sua forma e il suo colore, offrendo un piacere duraturo.<\/p>\n<p><strong>Una scelta classica per ogni bagno<\/strong><\/p>\n<p>Un asciugamano da bagno in cotone unisce praticit\u00e0 e stile senza tempo. Le sue tonalit\u00e0 di colore naturali e il design classico si abbinano facilmente a diversi design d&#8217;interni del bagno, aggiungendo intimit\u00e0 ed eleganza alla stanza. Ci sono diverse tonalit\u00e0 tra cui scegliere, cos\u00ec tutti possono trovare quella che si adatta alle proprie preferenze.<\/p>\n<p>Un asciugamano da bagno in cotone \u00e8 la scelta ideale per coloro che apprezzano comfort, qualit\u00e0 e durata. La sua composizione naturale assicura una cura delicata per la pelle, mentre l&#8217;eccellente assorbenza e la facile manutenzione lo rendono un pratico compagno quotidiano. Che sia come regalo o per rinnovare il tuo bagno, un asciugamano da bagno in cotone di alta qualit\u00e0 offre sempre una sensazione di lusso e il massimo comfort.<\/p>\n","protected":false},"excerpt":{"rendered":"<ul>\n<li>Materiale: 100% cotone<\/li>\n<li>Dimensioni: 70&#215;140 cm \u00b13<\/li>\n<li>Peso: 400g\/m2<\/li>\n<\/ul>\n","protected":false},"featured_media":74649,"comment_status":"open","ping_status":"closed","template":"","meta":[],"product_brand":[],"product_cat":[1594,1711,483],"product_tag":[],"class_list":{"0":"post-74579","1":"product","2":"type-product","3":"status-publish","4":"has-post-thumbnail","6":"product_cat-asciugamani-da-bagno","7":"product_cat-asciugamani-da-bagno-70x140-cm","8":"product_cat-asciugamani-e-teli-da-bagno","10":"first","11":"instock","12":"shipping-taxable","13":"purchasable","14":"product-type-variable"},"yoast_head":"<!-- This site is optimized with the Yoast SEO plugin v27.3 - https:\/\/yoast.com\/product\/yoast-seo-wordpress\/ -->\n<title>Asciugamano da bagno 100% cotone - Di alta qualit\u00e0 | AZTEX<\/title>\n<meta name=\"description\" content=\"L&#039;asciugamano da bagno in cotone \u00e8 morbido, assorbente, resistente e perfetto dopo una doccia calda o un bagno rilassante. Il materiale naturale si prende\" \/>\n<meta name=\"robots\" content=\"index, follow, max-snippet:-1, max-image-preview:large, max-video-preview:-1\" \/>\n<link rel=\"canonical\" href=\"https:\/\/aztex.ee\/it\/pood\/asciugamani-e-teli-da-bagno\/asciugamano-da-bagno-in-cotone\/\" \/>\n<meta property=\"og:locale\" content=\"it_IT\" \/>\n<meta property=\"og:type\" content=\"article\" \/>\n<meta property=\"og:title\" content=\"Asciugamano da bagno 100% cotone - Di alta qualit\u00e0 | AZTEX\" \/>\n<meta property=\"og:description\" content=\"L&#039;asciugamano da bagno in cotone \u00e8 morbido, assorbente, resistente e perfetto dopo una doccia calda o un bagno rilassante. Il materiale naturale si prende\" \/>\n<meta property=\"og:url\" content=\"https:\/\/aztex.ee\/it\/pood\/asciugamani-e-teli-da-bagno\/asciugamano-da-bagno-in-cotone\/\" \/>\n<meta property=\"og:site_name\" content=\"AZTEX\" \/>\n<meta property=\"article:publisher\" content=\"https:\/\/www.facebook.com\/AztexEE\" \/>\n<meta property=\"article:modified_time\" content=\"2026-04-13T10:06:28+00:00\" \/>\n<meta property=\"og:image\" content=\"https:\/\/aztex.ee\/wp-content\/uploads\/2025\/03\/Vanniratik-70x140-cm-2.jpg\" \/>\n\t<meta property=\"og:image:width\" content=\"800\" \/>\n\t<meta property=\"og:image:height\" content=\"800\" \/>\n\t<meta property=\"og:image:type\" content=\"image\/jpeg\" \/>\n<meta name=\"twitter:card\" content=\"summary_large_image\" \/>\n<meta name=\"twitter:label1\" content=\"Tempo di lettura stimato\" \/>\n\t<meta name=\"twitter:data1\" content=\"2 minuti\" \/>\n<script type=\"application\/ld+json\" class=\"yoast-schema-graph\">{\"@context\":\"https:\\\/\\\/schema.org\",\"@graph\":[{\"@type\":[\"WebPage\",\"ItemPage\"],\"@id\":\"https:\\\/\\\/aztex.ee\\\/it\\\/pood\\\/asciugamani-e-teli-da-bagno\\\/asciugamano-da-bagno-in-cotone\\\/\",\"url\":\"https:\\\/\\\/aztex.ee\\\/it\\\/pood\\\/asciugamani-e-teli-da-bagno\\\/asciugamano-da-bagno-in-cotone\\\/\",\"name\":\"Asciugamano da bagno 100% cotone - Di alta qualit\u00e0 | AZTEX\",\"isPartOf\":{\"@id\":\"https:\\\/\\\/aztex.ee\\\/it\\\/#website\"},\"primaryImageOfPage\":{\"@id\":\"https:\\\/\\\/aztex.ee\\\/it\\\/pood\\\/asciugamani-e-teli-da-bagno\\\/asciugamano-da-bagno-in-cotone\\\/#primaryimage\"},\"image\":{\"@id\":\"https:\\\/\\\/aztex.ee\\\/it\\\/pood\\\/asciugamani-e-teli-da-bagno\\\/asciugamano-da-bagno-in-cotone\\\/#primaryimage\"},\"thumbnailUrl\":\"https:\\\/\\\/aztex.ee\\\/wp-content\\\/uploads\\\/2025\\\/03\\\/Vanniratik-70x140-cm-2.jpg\",\"datePublished\":\"2025-03-29T16:14:25+00:00\",\"dateModified\":\"2026-04-13T10:06:28+00:00\",\"description\":\"L'asciugamano da bagno in cotone \u00e8 morbido, assorbente, resistente e perfetto dopo una doccia calda o un bagno rilassante. Il materiale naturale si prende\",\"breadcrumb\":{\"@id\":\"https:\\\/\\\/aztex.ee\\\/it\\\/pood\\\/asciugamani-e-teli-da-bagno\\\/asciugamano-da-bagno-in-cotone\\\/#breadcrumb\"},\"inLanguage\":\"it-IT\",\"potentialAction\":[{\"@type\":\"ReadAction\",\"target\":[\"https:\\\/\\\/aztex.ee\\\/it\\\/pood\\\/asciugamani-e-teli-da-bagno\\\/asciugamano-da-bagno-in-cotone\\\/\"]}]},{\"@type\":\"ImageObject\",\"inLanguage\":\"it-IT\",\"@id\":\"https:\\\/\\\/aztex.ee\\\/it\\\/pood\\\/asciugamani-e-teli-da-bagno\\\/asciugamano-da-bagno-in-cotone\\\/#primaryimage\",\"url\":\"https:\\\/\\\/aztex.ee\\\/wp-content\\\/uploads\\\/2025\\\/03\\\/Vanniratik-70x140-cm-2.jpg\",\"contentUrl\":\"https:\\\/\\\/aztex.ee\\\/wp-content\\\/uploads\\\/2025\\\/03\\\/Vanniratik-70x140-cm-2.jpg\",\"width\":800,\"height\":800,\"caption\":\"Vannir\u00e4tik 70x140 cm\"},{\"@type\":\"BreadcrumbList\",\"@id\":\"https:\\\/\\\/aztex.ee\\\/it\\\/pood\\\/asciugamani-e-teli-da-bagno\\\/asciugamano-da-bagno-in-cotone\\\/#breadcrumb\",\"itemListElement\":[{\"@type\":\"ListItem\",\"position\":1,\"name\":\"Pagina Iniziale\",\"item\":\"https:\\\/\\\/aztex.ee\\\/it\\\/\"},{\"@type\":\"ListItem\",\"position\":2,\"name\":\"Negozio\",\"item\":\"https:\\\/\\\/aztex.ee\\\/it\\\/negozio\\\/\"},{\"@type\":\"ListItem\",\"position\":3,\"name\":\"Telo da bagno 70&#215;140 cm\"}]},{\"@type\":\"WebSite\",\"@id\":\"https:\\\/\\\/aztex.ee\\\/it\\\/#website\",\"url\":\"https:\\\/\\\/aztex.ee\\\/it\\\/\",\"name\":\"AZTEX\",\"description\":\"\",\"publisher\":{\"@id\":\"https:\\\/\\\/aztex.ee\\\/it\\\/#organization\"},\"potentialAction\":[{\"@type\":\"SearchAction\",\"target\":{\"@type\":\"EntryPoint\",\"urlTemplate\":\"https:\\\/\\\/aztex.ee\\\/it\\\/?s={search_term_string}\"},\"query-input\":{\"@type\":\"PropertyValueSpecification\",\"valueRequired\":true,\"valueName\":\"search_term_string\"}}],\"inLanguage\":\"it-IT\"},{\"@type\":\"Organization\",\"@id\":\"https:\\\/\\\/aztex.ee\\\/it\\\/#organization\",\"name\":\"AZTEX\",\"url\":\"https:\\\/\\\/aztex.ee\\\/it\\\/\",\"logo\":{\"@type\":\"ImageObject\",\"inLanguage\":\"it-IT\",\"@id\":\"https:\\\/\\\/aztex.ee\\\/it\\\/#\\\/schema\\\/logo\\\/image\\\/\",\"url\":\"https:\\\/\\\/aztex.ee\\\/wp-content\\\/uploads\\\/2026\\\/01\\\/AZTEX.png\",\"contentUrl\":\"https:\\\/\\\/aztex.ee\\\/wp-content\\\/uploads\\\/2026\\\/01\\\/AZTEX.png\",\"width\":500,\"height\":500,\"caption\":\"AZTEX\"},\"image\":{\"@id\":\"https:\\\/\\\/aztex.ee\\\/it\\\/#\\\/schema\\\/logo\\\/image\\\/\"},\"sameAs\":[\"https:\\\/\\\/www.facebook.com\\\/AztexEE\",\"https:\\\/\\\/www.instagram.com\\\/aztexeesti\\\/\",\"https:\\\/\\\/www.youtube.com\\\/@AZTEXEE\",\"https:\\\/\\\/www.pinterest.com\\\/aztex_eesti\\\/\",\"https:\\\/\\\/www.tiktok.com\\\/@aztexeesti\",\"https:\\\/\\\/www.trustpilot.com\\\/review\\\/aztex.ee\",\"https:\\\/\\\/www.linkedin.com\\\/company\\\/aztex-ee\\\/\",\"https:\\\/\\\/www.wikidata.org\\\/wiki\\\/Q137560182\"]}]}<\/script>\n<!-- \/ Yoast SEO plugin. -->","yoast_head_json":{"title":"Asciugamano da bagno 100% cotone - Di alta qualit\u00e0 | AZTEX","description":"L'asciugamano da bagno in cotone \u00e8 morbido, assorbente, resistente e perfetto dopo una doccia calda o un bagno rilassante. Il materiale naturale si prende","robots":{"index":"index","follow":"follow","max-snippet":"max-snippet:-1","max-image-preview":"max-image-preview:large","max-video-preview":"max-video-preview:-1"},"canonical":"https:\/\/aztex.ee\/it\/pood\/asciugamani-e-teli-da-bagno\/asciugamano-da-bagno-in-cotone\/","og_locale":"it_IT","og_type":"article","og_title":"Asciugamano da bagno 100% cotone - Di alta qualit\u00e0 | AZTEX","og_description":"L'asciugamano da bagno in cotone \u00e8 morbido, assorbente, resistente e perfetto dopo una doccia calda o un bagno rilassante. Il materiale naturale si prende","og_url":"https:\/\/aztex.ee\/it\/pood\/asciugamani-e-teli-da-bagno\/asciugamano-da-bagno-in-cotone\/","og_site_name":"AZTEX","article_publisher":"https:\/\/www.facebook.com\/AztexEE","article_modified_time":"2026-04-13T10:06:28+00:00","og_image":[{"width":800,"height":800,"url":"https:\/\/aztex.ee\/wp-content\/uploads\/2025\/03\/Vanniratik-70x140-cm-2.jpg","type":"image\/jpeg"}],"twitter_card":"summary_large_image","twitter_misc":{"Tempo di lettura stimato":"2 minuti"},"schema":{"@context":"https:\/\/schema.org","@graph":[{"@type":["WebPage","ItemPage"],"@id":"https:\/\/aztex.ee\/it\/pood\/asciugamani-e-teli-da-bagno\/asciugamano-da-bagno-in-cotone\/","url":"https:\/\/aztex.ee\/it\/pood\/asciugamani-e-teli-da-bagno\/asciugamano-da-bagno-in-cotone\/","name":"Asciugamano da bagno 100% cotone - Di alta qualit\u00e0 | AZTEX","isPartOf":{"@id":"https:\/\/aztex.ee\/it\/#website"},"primaryImageOfPage":{"@id":"https:\/\/aztex.ee\/it\/pood\/asciugamani-e-teli-da-bagno\/asciugamano-da-bagno-in-cotone\/#primaryimage"},"image":{"@id":"https:\/\/aztex.ee\/it\/pood\/asciugamani-e-teli-da-bagno\/asciugamano-da-bagno-in-cotone\/#primaryimage"},"thumbnailUrl":"https:\/\/aztex.ee\/wp-content\/uploads\/2025\/03\/Vanniratik-70x140-cm-2.jpg","datePublished":"2025-03-29T16:14:25+00:00","dateModified":"2026-04-13T10:06:28+00:00","description":"L'asciugamano da bagno in cotone \u00e8 morbido, assorbente, resistente e perfetto dopo una doccia calda o un bagno rilassante. Il materiale naturale si prende","breadcrumb":{"@id":"https:\/\/aztex.ee\/it\/pood\/asciugamani-e-teli-da-bagno\/asciugamano-da-bagno-in-cotone\/#breadcrumb"},"inLanguage":"it-IT","potentialAction":[{"@type":"ReadAction","target":["https:\/\/aztex.ee\/it\/pood\/asciugamani-e-teli-da-bagno\/asciugamano-da-bagno-in-cotone\/"]}]},{"@type":"ImageObject","inLanguage":"it-IT","@id":"https:\/\/aztex.ee\/it\/pood\/asciugamani-e-teli-da-bagno\/asciugamano-da-bagno-in-cotone\/#primaryimage","url":"https:\/\/aztex.ee\/wp-content\/uploads\/2025\/03\/Vanniratik-70x140-cm-2.jpg","contentUrl":"https:\/\/aztex.ee\/wp-content\/uploads\/2025\/03\/Vanniratik-70x140-cm-2.jpg","width":800,"height":800,"caption":"Vannir\u00e4tik 70x140 cm"},{"@type":"BreadcrumbList","@id":"https:\/\/aztex.ee\/it\/pood\/asciugamani-e-teli-da-bagno\/asciugamano-da-bagno-in-cotone\/#breadcrumb","itemListElement":[{"@type":"ListItem","position":1,"name":"Pagina Iniziale","item":"https:\/\/aztex.ee\/it\/"},{"@type":"ListItem","position":2,"name":"Negozio","item":"https:\/\/aztex.ee\/it\/negozio\/"},{"@type":"ListItem","position":3,"name":"Telo da bagno 70&#215;140 cm"}]},{"@type":"WebSite","@id":"https:\/\/aztex.ee\/it\/#website","url":"https:\/\/aztex.ee\/it\/","name":"AZTEX","description":"","publisher":{"@id":"https:\/\/aztex.ee\/it\/#organization"},"potentialAction":[{"@type":"SearchAction","target":{"@type":"EntryPoint","urlTemplate":"https:\/\/aztex.ee\/it\/?s={search_term_string}"},"query-input":{"@type":"PropertyValueSpecification","valueRequired":true,"valueName":"search_term_string"}}],"inLanguage":"it-IT"},{"@type":"Organization","@id":"https:\/\/aztex.ee\/it\/#organization","name":"AZTEX","url":"https:\/\/aztex.ee\/it\/","logo":{"@type":"ImageObject","inLanguage":"it-IT","@id":"https:\/\/aztex.ee\/it\/#\/schema\/logo\/image\/","url":"https:\/\/aztex.ee\/wp-content\/uploads\/2026\/01\/AZTEX.png","contentUrl":"https:\/\/aztex.ee\/wp-content\/uploads\/2026\/01\/AZTEX.png","width":500,"height":500,"caption":"AZTEX"},"image":{"@id":"https:\/\/aztex.ee\/it\/#\/schema\/logo\/image\/"},"sameAs":["https:\/\/www.facebook.com\/AztexEE","https:\/\/www.instagram.com\/aztexeesti\/","https:\/\/www.youtube.com\/@AZTEXEE","https:\/\/www.pinterest.com\/aztex_eesti\/","https:\/\/www.tiktok.com\/@aztexeesti","https:\/\/www.trustpilot.com\/review\/aztex.ee","https:\/\/www.linkedin.com\/company\/aztex-ee\/","https:\/\/www.wikidata.org\/wiki\/Q137560182"]}]}},"_links":{"self":[{"href":"https:\/\/aztex.ee\/it\/wp-json\/wp\/v2\/product\/74579","targetHints":{"allow":["GET"]}}],"collection":[{"href":"https:\/\/aztex.ee\/it\/wp-json\/wp\/v2\/product"}],"about":[{"href":"https:\/\/aztex.ee\/it\/wp-json\/wp\/v2\/types\/product"}],"replies":[{"embeddable":true,"href":"https:\/\/aztex.ee\/it\/wp-json\/wp\/v2\/comments?post=74579"}],"version-history":[{"count":0,"href":"https:\/\/aztex.ee\/it\/wp-json\/wp\/v2\/product\/74579\/revisions"}],"wp:featuredmedia":[{"embeddable":true,"href":"https:\/\/aztex.ee\/it\/wp-json\/wp\/v2\/media\/74649"}],"wp:attachment":[{"href":"https:\/\/aztex.ee\/it\/wp-json\/wp\/v2\/media?parent=74579"}],"wp:term":[{"taxonomy":"product_brand","embeddable":true,"href":"https:\/\/aztex.ee\/it\/wp-json\/wp\/v2\/product_brand?post=74579"},{"taxonomy":"product_cat","embeddable":true,"href":"https:\/\/aztex.ee\/it\/wp-json\/wp\/v2\/product_cat?post=74579"},{"taxonomy":"product_tag","embeddable":true,"href":"https:\/\/aztex.ee\/it\/wp-json\/wp\/v2\/product_tag?post=74579"}],"curies":[{"name":"wp","href":"https:\/\/api.w.org\/{rel}","templated":true}]}}