{"id":73705,"date":"2025-03-28T22:57:25","date_gmt":"2025-03-28T22:57:25","guid":{"rendered":"https:\/\/aztex.ee\/?post_type=product&#038;p=73705"},"modified":"2026-04-12T18:52:30","modified_gmt":"2026-04-12T18:52:30","slug":"telo-da-bagno","status":"publish","type":"product","link":"https:\/\/aztex.ee\/it\/pood\/asciugamani-e-teli-da-bagno\/telo-da-bagno\/","title":{"rendered":"Telo da bagno 70&#215;140 cm"},"content":{"rendered":"<p><strong>Asciugamano da bagno in cotone &#8211; materiale morbido e delicato sulla pelle<\/strong><\/p>\n<p>L&#8217;asciugamano da bagno in cotone \u00e8 realizzato al 100% in cotone di alta qualit\u00e0, che offre morbidezza e comfort eccezionali. Ogni utilizzo regala un tocco delicato sulla pelle, rendendo ogni lavaggio un&#8217;esperienza piacevole. Il cotone \u00e8 delicato sulla pelle ed \u00e8 adatto anche alle pelli sensibili, offrendo un&#8217;efficace protezione contro le irritazioni.<\/p>\n<p><strong>Eccellente assorbenza e asciugatura rapida<\/strong><\/p>\n<p>La trama fitta dell&#8217;asciugamano da bagno garantisce un&#8217;eccellente assorbenza, che aiuta ad assorbire rapidamente l&#8217;umidit\u00e0 e ad asciugare il corpo. Ci\u00f2 \u00e8 particolarmente importante per sentirsi freschi e asciutti rapidamente. Inoltre, l&#8217;asciugamano da bagno si asciuga rapidamente, essendo pronto per il prossimo utilizzo in breve tempo, senza perdere la sua morbidezza.<\/p>\n<p><strong>Di lunga durata e resistente<\/strong><\/p>\n<p>Grazie al cotone di alta qualit\u00e0, questo asciugamano da bagno \u00e8 estremamente resistente, mantenendo il suo aspetto e le sue propriet\u00e0 anche dopo numerosi lavaggi. L&#8217;asciugamano da bagno non perde la sua morbidezza o assorbenza anche con un uso e un lavaggio frequenti. \u00c8 un ottimo investimento che offre comfort e durata duraturi.<\/p>\n<p><strong>Utilizzo versatile<\/strong><\/p>\n<p>Un asciugamano da bagno in cotone \u00e8 perfetto per qualsiasi bagno di casa, ma \u00e8 anche un&#8217;ottima scelta per una spa, una sauna o una spiaggia. Che si tratti di una doccia mattutina, di un bagno serale o di godersi un giorno libero, questo asciugamano da bagno porter\u00e0 una morbidezza e un calore extra in ogni momento.<\/p>\n<p><strong>Facile da pulire<\/strong><\/p>\n<p>L&#8217;asciugamano da bagno \u00e8 facile da pulire: \u00e8 lavabile in lavatrice e si asciuga rapidamente, mantenendo la sua qualit\u00e0 e freschezza a ogni utilizzo. La propriet\u00e0 naturale del cotone lo rende resistente al lavaggio, quindi l&#8217;asciugamano da bagno \u00e8 sempre pronto per il prossimo utilizzo. Non c&#8217;\u00e8 bisogno di preoccuparsi che i colori sbiadiscano, poich\u00e9 \u00e8 progettato per durare e offrire un piacere a lungo termine.<\/p>\n<p>Un asciugamano da bagno in cotone \u00e8 l&#8217;aggiunta perfetta a qualsiasi bagno. Il suo design elegante e il materiale di alta qualit\u00e0 renderanno speciali le routine quotidiane, offrendo calore e morbidezza a ogni utilizzo. La durevolezza e la facilit\u00e0 di pulizia dell&#8217;asciugamano da bagno assicurano un piacere duraturo, sempre pronto a portare comfort ogni giorno.<\/p>\n","protected":false},"excerpt":{"rendered":"<ul>\n<li>Materiale: 100% cotone<\/li>\n<li>Dimensioni: 70&#215;140 cm \u00b13<\/li>\n<li>Peso: 450g\/m2<\/li>\n<\/ul>\n","protected":false},"featured_media":73775,"comment_status":"open","ping_status":"closed","template":"","meta":[],"product_brand":[],"product_cat":[1594,1711,483],"product_tag":[],"class_list":{"0":"post-73705","1":"product","2":"type-product","3":"status-publish","4":"has-post-thumbnail","6":"product_cat-asciugamani-da-bagno","7":"product_cat-asciugamani-da-bagno-70x140-cm","8":"product_cat-asciugamani-e-teli-da-bagno","10":"first","11":"instock","12":"shipping-taxable","13":"purchasable","14":"product-type-variable"},"yoast_head":"<!-- This site is optimized with the Yoast SEO plugin v27.3 - https:\/\/yoast.com\/product\/yoast-seo-wordpress\/ -->\n<title>Asciugamano da bagno in cotone - Naturale e Morbido | AZTEX<\/title>\n<meta name=\"description\" content=\"Lussuoso, morbido e altamente assorbente asciugamano da bagno in cotone che si asciuga rapidamente. Di lunga durata e delicato al tatto, perfetto per l&#039;uso\" \/>\n<meta name=\"robots\" content=\"index, follow, max-snippet:-1, max-image-preview:large, max-video-preview:-1\" \/>\n<link rel=\"canonical\" href=\"https:\/\/aztex.ee\/it\/pood\/asciugamani-e-teli-da-bagno\/telo-da-bagno\/\" \/>\n<meta property=\"og:locale\" content=\"it_IT\" \/>\n<meta property=\"og:type\" content=\"article\" \/>\n<meta property=\"og:title\" content=\"Asciugamano da bagno in cotone - Naturale e Morbido | AZTEX\" \/>\n<meta property=\"og:description\" content=\"Lussuoso, morbido e altamente assorbente asciugamano da bagno in cotone che si asciuga rapidamente. Di lunga durata e delicato al tatto, perfetto per l&#039;uso\" \/>\n<meta property=\"og:url\" content=\"https:\/\/aztex.ee\/it\/pood\/asciugamani-e-teli-da-bagno\/telo-da-bagno\/\" \/>\n<meta property=\"og:site_name\" content=\"AZTEX\" \/>\n<meta property=\"article:publisher\" content=\"https:\/\/www.facebook.com\/AztexEE\" \/>\n<meta property=\"article:modified_time\" content=\"2026-04-12T18:52:30+00:00\" \/>\n<meta property=\"og:image\" content=\"https:\/\/aztex.ee\/wp-content\/uploads\/2025\/03\/Vanniratik-70x140-2.jpg\" \/>\n\t<meta property=\"og:image:width\" content=\"800\" \/>\n\t<meta property=\"og:image:height\" content=\"800\" \/>\n\t<meta property=\"og:image:type\" content=\"image\/jpeg\" \/>\n<meta name=\"twitter:card\" content=\"summary_large_image\" \/>\n<meta name=\"twitter:label1\" content=\"Tempo di lettura stimato\" \/>\n\t<meta name=\"twitter:data1\" content=\"3 minuti\" \/>\n<script type=\"application\/ld+json\" class=\"yoast-schema-graph\">{\"@context\":\"https:\\\/\\\/schema.org\",\"@graph\":[{\"@type\":[\"WebPage\",\"ItemPage\"],\"@id\":\"https:\\\/\\\/aztex.ee\\\/it\\\/pood\\\/asciugamani-e-teli-da-bagno\\\/telo-da-bagno\\\/\",\"url\":\"https:\\\/\\\/aztex.ee\\\/it\\\/pood\\\/asciugamani-e-teli-da-bagno\\\/telo-da-bagno\\\/\",\"name\":\"Asciugamano da bagno in cotone - Naturale e Morbido | AZTEX\",\"isPartOf\":{\"@id\":\"https:\\\/\\\/aztex.ee\\\/it\\\/#website\"},\"primaryImageOfPage\":{\"@id\":\"https:\\\/\\\/aztex.ee\\\/it\\\/pood\\\/asciugamani-e-teli-da-bagno\\\/telo-da-bagno\\\/#primaryimage\"},\"image\":{\"@id\":\"https:\\\/\\\/aztex.ee\\\/it\\\/pood\\\/asciugamani-e-teli-da-bagno\\\/telo-da-bagno\\\/#primaryimage\"},\"thumbnailUrl\":\"https:\\\/\\\/aztex.ee\\\/wp-content\\\/uploads\\\/2025\\\/03\\\/Vanniratik-70x140-2.jpg\",\"datePublished\":\"2025-03-28T22:57:25+00:00\",\"dateModified\":\"2026-04-12T18:52:30+00:00\",\"description\":\"Lussuoso, morbido e altamente assorbente asciugamano da bagno in cotone che si asciuga rapidamente. Di lunga durata e delicato al tatto, perfetto per l'uso\",\"breadcrumb\":{\"@id\":\"https:\\\/\\\/aztex.ee\\\/it\\\/pood\\\/asciugamani-e-teli-da-bagno\\\/telo-da-bagno\\\/#breadcrumb\"},\"inLanguage\":\"it-IT\",\"potentialAction\":[{\"@type\":\"ReadAction\",\"target\":[\"https:\\\/\\\/aztex.ee\\\/it\\\/pood\\\/asciugamani-e-teli-da-bagno\\\/telo-da-bagno\\\/\"]}]},{\"@type\":\"ImageObject\",\"inLanguage\":\"it-IT\",\"@id\":\"https:\\\/\\\/aztex.ee\\\/it\\\/pood\\\/asciugamani-e-teli-da-bagno\\\/telo-da-bagno\\\/#primaryimage\",\"url\":\"https:\\\/\\\/aztex.ee\\\/wp-content\\\/uploads\\\/2025\\\/03\\\/Vanniratik-70x140-2.jpg\",\"contentUrl\":\"https:\\\/\\\/aztex.ee\\\/wp-content\\\/uploads\\\/2025\\\/03\\\/Vanniratik-70x140-2.jpg\",\"width\":800,\"height\":800,\"caption\":\"Vannir\u00e4tik 70x140\"},{\"@type\":\"BreadcrumbList\",\"@id\":\"https:\\\/\\\/aztex.ee\\\/it\\\/pood\\\/asciugamani-e-teli-da-bagno\\\/telo-da-bagno\\\/#breadcrumb\",\"itemListElement\":[{\"@type\":\"ListItem\",\"position\":1,\"name\":\"Pagina Iniziale\",\"item\":\"https:\\\/\\\/aztex.ee\\\/it\\\/\"},{\"@type\":\"ListItem\",\"position\":2,\"name\":\"Negozio\",\"item\":\"https:\\\/\\\/aztex.ee\\\/it\\\/negozio\\\/\"},{\"@type\":\"ListItem\",\"position\":3,\"name\":\"Telo da bagno 70&#215;140 cm\"}]},{\"@type\":\"WebSite\",\"@id\":\"https:\\\/\\\/aztex.ee\\\/it\\\/#website\",\"url\":\"https:\\\/\\\/aztex.ee\\\/it\\\/\",\"name\":\"AZTEX\",\"description\":\"\",\"publisher\":{\"@id\":\"https:\\\/\\\/aztex.ee\\\/it\\\/#organization\"},\"potentialAction\":[{\"@type\":\"SearchAction\",\"target\":{\"@type\":\"EntryPoint\",\"urlTemplate\":\"https:\\\/\\\/aztex.ee\\\/it\\\/?s={search_term_string}\"},\"query-input\":{\"@type\":\"PropertyValueSpecification\",\"valueRequired\":true,\"valueName\":\"search_term_string\"}}],\"inLanguage\":\"it-IT\"},{\"@type\":\"Organization\",\"@id\":\"https:\\\/\\\/aztex.ee\\\/it\\\/#organization\",\"name\":\"AZTEX\",\"url\":\"https:\\\/\\\/aztex.ee\\\/it\\\/\",\"logo\":{\"@type\":\"ImageObject\",\"inLanguage\":\"it-IT\",\"@id\":\"https:\\\/\\\/aztex.ee\\\/it\\\/#\\\/schema\\\/logo\\\/image\\\/\",\"url\":\"https:\\\/\\\/aztex.ee\\\/wp-content\\\/uploads\\\/2026\\\/01\\\/AZTEX.png\",\"contentUrl\":\"https:\\\/\\\/aztex.ee\\\/wp-content\\\/uploads\\\/2026\\\/01\\\/AZTEX.png\",\"width\":500,\"height\":500,\"caption\":\"AZTEX\"},\"image\":{\"@id\":\"https:\\\/\\\/aztex.ee\\\/it\\\/#\\\/schema\\\/logo\\\/image\\\/\"},\"sameAs\":[\"https:\\\/\\\/www.facebook.com\\\/AztexEE\",\"https:\\\/\\\/www.instagram.com\\\/aztexeesti\\\/\",\"https:\\\/\\\/www.youtube.com\\\/@AZTEXEE\",\"https:\\\/\\\/www.pinterest.com\\\/aztex_eesti\\\/\",\"https:\\\/\\\/www.tiktok.com\\\/@aztexeesti\",\"https:\\\/\\\/www.trustpilot.com\\\/review\\\/aztex.ee\",\"https:\\\/\\\/www.linkedin.com\\\/company\\\/aztex-ee\\\/\",\"https:\\\/\\\/www.wikidata.org\\\/wiki\\\/Q137560182\"]}]}<\/script>\n<!-- \/ Yoast SEO plugin. -->","yoast_head_json":{"title":"Asciugamano da bagno in cotone - Naturale e Morbido | AZTEX","description":"Lussuoso, morbido e altamente assorbente asciugamano da bagno in cotone che si asciuga rapidamente. Di lunga durata e delicato al tatto, perfetto per l'uso","robots":{"index":"index","follow":"follow","max-snippet":"max-snippet:-1","max-image-preview":"max-image-preview:large","max-video-preview":"max-video-preview:-1"},"canonical":"https:\/\/aztex.ee\/it\/pood\/asciugamani-e-teli-da-bagno\/telo-da-bagno\/","og_locale":"it_IT","og_type":"article","og_title":"Asciugamano da bagno in cotone - Naturale e Morbido | AZTEX","og_description":"Lussuoso, morbido e altamente assorbente asciugamano da bagno in cotone che si asciuga rapidamente. Di lunga durata e delicato al tatto, perfetto per l'uso","og_url":"https:\/\/aztex.ee\/it\/pood\/asciugamani-e-teli-da-bagno\/telo-da-bagno\/","og_site_name":"AZTEX","article_publisher":"https:\/\/www.facebook.com\/AztexEE","article_modified_time":"2026-04-12T18:52:30+00:00","og_image":[{"width":800,"height":800,"url":"https:\/\/aztex.ee\/wp-content\/uploads\/2025\/03\/Vanniratik-70x140-2.jpg","type":"image\/jpeg"}],"twitter_card":"summary_large_image","twitter_misc":{"Tempo di lettura stimato":"3 minuti"},"schema":{"@context":"https:\/\/schema.org","@graph":[{"@type":["WebPage","ItemPage"],"@id":"https:\/\/aztex.ee\/it\/pood\/asciugamani-e-teli-da-bagno\/telo-da-bagno\/","url":"https:\/\/aztex.ee\/it\/pood\/asciugamani-e-teli-da-bagno\/telo-da-bagno\/","name":"Asciugamano da bagno in cotone - Naturale e Morbido | AZTEX","isPartOf":{"@id":"https:\/\/aztex.ee\/it\/#website"},"primaryImageOfPage":{"@id":"https:\/\/aztex.ee\/it\/pood\/asciugamani-e-teli-da-bagno\/telo-da-bagno\/#primaryimage"},"image":{"@id":"https:\/\/aztex.ee\/it\/pood\/asciugamani-e-teli-da-bagno\/telo-da-bagno\/#primaryimage"},"thumbnailUrl":"https:\/\/aztex.ee\/wp-content\/uploads\/2025\/03\/Vanniratik-70x140-2.jpg","datePublished":"2025-03-28T22:57:25+00:00","dateModified":"2026-04-12T18:52:30+00:00","description":"Lussuoso, morbido e altamente assorbente asciugamano da bagno in cotone che si asciuga rapidamente. Di lunga durata e delicato al tatto, perfetto per l'uso","breadcrumb":{"@id":"https:\/\/aztex.ee\/it\/pood\/asciugamani-e-teli-da-bagno\/telo-da-bagno\/#breadcrumb"},"inLanguage":"it-IT","potentialAction":[{"@type":"ReadAction","target":["https:\/\/aztex.ee\/it\/pood\/asciugamani-e-teli-da-bagno\/telo-da-bagno\/"]}]},{"@type":"ImageObject","inLanguage":"it-IT","@id":"https:\/\/aztex.ee\/it\/pood\/asciugamani-e-teli-da-bagno\/telo-da-bagno\/#primaryimage","url":"https:\/\/aztex.ee\/wp-content\/uploads\/2025\/03\/Vanniratik-70x140-2.jpg","contentUrl":"https:\/\/aztex.ee\/wp-content\/uploads\/2025\/03\/Vanniratik-70x140-2.jpg","width":800,"height":800,"caption":"Vannir\u00e4tik 70x140"},{"@type":"BreadcrumbList","@id":"https:\/\/aztex.ee\/it\/pood\/asciugamani-e-teli-da-bagno\/telo-da-bagno\/#breadcrumb","itemListElement":[{"@type":"ListItem","position":1,"name":"Pagina Iniziale","item":"https:\/\/aztex.ee\/it\/"},{"@type":"ListItem","position":2,"name":"Negozio","item":"https:\/\/aztex.ee\/it\/negozio\/"},{"@type":"ListItem","position":3,"name":"Telo da bagno 70&#215;140 cm"}]},{"@type":"WebSite","@id":"https:\/\/aztex.ee\/it\/#website","url":"https:\/\/aztex.ee\/it\/","name":"AZTEX","description":"","publisher":{"@id":"https:\/\/aztex.ee\/it\/#organization"},"potentialAction":[{"@type":"SearchAction","target":{"@type":"EntryPoint","urlTemplate":"https:\/\/aztex.ee\/it\/?s={search_term_string}"},"query-input":{"@type":"PropertyValueSpecification","valueRequired":true,"valueName":"search_term_string"}}],"inLanguage":"it-IT"},{"@type":"Organization","@id":"https:\/\/aztex.ee\/it\/#organization","name":"AZTEX","url":"https:\/\/aztex.ee\/it\/","logo":{"@type":"ImageObject","inLanguage":"it-IT","@id":"https:\/\/aztex.ee\/it\/#\/schema\/logo\/image\/","url":"https:\/\/aztex.ee\/wp-content\/uploads\/2026\/01\/AZTEX.png","contentUrl":"https:\/\/aztex.ee\/wp-content\/uploads\/2026\/01\/AZTEX.png","width":500,"height":500,"caption":"AZTEX"},"image":{"@id":"https:\/\/aztex.ee\/it\/#\/schema\/logo\/image\/"},"sameAs":["https:\/\/www.facebook.com\/AztexEE","https:\/\/www.instagram.com\/aztexeesti\/","https:\/\/www.youtube.com\/@AZTEXEE","https:\/\/www.pinterest.com\/aztex_eesti\/","https:\/\/www.tiktok.com\/@aztexeesti","https:\/\/www.trustpilot.com\/review\/aztex.ee","https:\/\/www.linkedin.com\/company\/aztex-ee\/","https:\/\/www.wikidata.org\/wiki\/Q137560182"]}]}},"_links":{"self":[{"href":"https:\/\/aztex.ee\/it\/wp-json\/wp\/v2\/product\/73705","targetHints":{"allow":["GET"]}}],"collection":[{"href":"https:\/\/aztex.ee\/it\/wp-json\/wp\/v2\/product"}],"about":[{"href":"https:\/\/aztex.ee\/it\/wp-json\/wp\/v2\/types\/product"}],"replies":[{"embeddable":true,"href":"https:\/\/aztex.ee\/it\/wp-json\/wp\/v2\/comments?post=73705"}],"version-history":[{"count":0,"href":"https:\/\/aztex.ee\/it\/wp-json\/wp\/v2\/product\/73705\/revisions"}],"wp:featuredmedia":[{"embeddable":true,"href":"https:\/\/aztex.ee\/it\/wp-json\/wp\/v2\/media\/73775"}],"wp:attachment":[{"href":"https:\/\/aztex.ee\/it\/wp-json\/wp\/v2\/media?parent=73705"}],"wp:term":[{"taxonomy":"product_brand","embeddable":true,"href":"https:\/\/aztex.ee\/it\/wp-json\/wp\/v2\/product_brand?post=73705"},{"taxonomy":"product_cat","embeddable":true,"href":"https:\/\/aztex.ee\/it\/wp-json\/wp\/v2\/product_cat?post=73705"},{"taxonomy":"product_tag","embeddable":true,"href":"https:\/\/aztex.ee\/it\/wp-json\/wp\/v2\/product_tag?post=73705"}],"curies":[{"name":"wp","href":"https:\/\/api.w.org\/{rel}","templated":true}]}}